{"id":3,"date":"2022-07-15T10:49:45","date_gmt":"2022-07-15T10:49:45","guid":{"rendered":"http:\/\/hangermachinery.com\/?page_id=3"},"modified":"2025-09-12T16:16:52","modified_gmt":"2025-09-12T08:16:52","slug":"about-us","status":"publish","type":"page","link":"https:\/\/hangermachinery.com\/de\/about-us\/","title":{"rendered":"\u00dcber uns"},"content":{"rendered":"<h2 class=\"wp-block-heading\" id=\"h-shuliy-company-introduction\">Shuliy Firmenvorstellung<\/h2>    <div class=\"wp-block-columns has-black-color has-white-background-color has-text-color has-background is-layout-flex wp-container-core-columns-is-layout-9d6595d7 wp-block-columns-is-layout-flex\"> <div class=\"wp-block-column is-layout-flow wp-block-column-is-layout-flow\"> <p>Willkommen bei Shuliy Machinery, einem weltweit f\u00fchrenden Hersteller und Lieferanten von B\u00fcgelherstellungsmaschinen. Wir haben uns der Bereitstellung intelligenter, stabiler und hocheffizienter B\u00fcgelproduktionsl\u00f6sungen f\u00fcr Kunden weltweit verschrieben, von halbautomatischen bis zu vollautomatischen Linien.<\/p>    <p>Als hochspezialisierte Sparte der Zhengzhou Shuliy Machinery Equipment Co., Ltd. (gegr. 2011) verbinden wir \u00fcber ein Jahrzehnt Exzellenz in der Maschinenherstellung mit tiefem Branchenwissen, das sich ausschlie\u00dflich auf den Bereich der B\u00fcgelproduktion konzentriert. Unsere Mission ist es, Unternehmer und Hersteller weltweit zu bef\u00e4higen, ihre B\u00fcgelproduktionsbetriebe mit \u00fcberlegener Automatisierungstechnologie nahtlos zu starten oder zu modernisieren.<\/p>    <p>Ob Sie Drahtb\u00fcgel, Kunststoffb\u00fcgel herstellen m\u00f6chten oder fortgeschrittene Veredelungsprozesse wie PVC-Beschichtung oder Kunststoffbespr\u00fchen ben\u00f6tigen \u2013 wir bieten schl\u00fcsselfertige L\u00f6sungen \u2013 von einzelnen Kernmaschinen bis hin zur vollst\u00e4ndigen Produktionslinienplanung. Unsere Anlagen werden von Unternehmen in \u00fcber 50 L\u00e4ndern und Regionen vertraut eingesetzt und helfen zahlreichen Kunden, durch herausragende Leistung und Zuverl\u00e4ssigkeit hohe Produktionsmengen und kommerziellen Erfolg zu erzielen.<\/p>    <p class=\"translation-block\">Die Hauptprodukte sind eine <a href=\"https:\/\/hangermachinery.com\/de\/product\/galvanized-wire-hanger-machine\/\">B\u00fcgelbiegemaschine<\/a>, eine <a href=\"https:\/\/hangermachinery.com\/de\/products\/plastic-coated-hanger-production-line\/\">B\u00fcgel-Spritzmaschine<\/a>, eine <a href=\"https:\/\/hangermachinery.com\/de\/products\/plastic-coated-hanger-production-line\/\">Kunststoff-Beschichtungsmaschine<\/a> und eine B\u00fcgeltrocknungsmaschine.<\/p>   <div class=\"wp-block-image\"> <figure class=\"aligncenter size-full\"><img loading=\"lazy\" decoding=\"async\" width=\"720\" height=\"377\" src=\"https:\/\/hangermachinery.com\/wp-content\/uploads\/2022\/07\/lQDPDhs_TXrzscrNAsTNBUiwGKeGkYV7oCUCOGNlzsBJAA_1352_708.jpg_720x720q90g.jpg\" alt=\"shuliy firma\" class=\"wp-image-165\" title=\"\" srcset=\"https:\/\/hangermachinery.com\/wp-content\/uploads\/2022\/07\/lQDPDhs_TXrzscrNAsTNBUiwGKeGkYV7oCUCOGNlzsBJAA_1352_708.jpg_720x720q90g.jpg 720w, https:\/\/hangermachinery.com\/wp-content\/uploads\/2022\/07\/lQDPDhs_TXrzscrNAsTNBUiwGKeGkYV7oCUCOGNlzsBJAA_1352_708.jpg_720x720q90g-300x157.jpg 300w\" sizes=\"auto, (max-width: 720px) 100vw, 720px\" \/><figcaption class=\"wp-element-caption\">Shuliy-Unternehmen<\/figcaption><\/figure> <\/div>   <h2 class=\"wp-block-heading\">Welche Optionen haben Sie f\u00fcr einen Kleiderb\u00fcgel?<\/h2>    <p>Die beliebten Formen von B\u00fcgeln k\u00f6nnen je nach Region variieren. Daher richten sich Shuleys B\u00fcgelmaschinen nach den Kundenbed\u00fcrfnissen und sind in drei verschiedenen Formen erh\u00e4ltlich: verzinkte B\u00fcgel, schmetterlingsf\u00f6rmige B\u00fcgel und geschwei\u00dfte B\u00fcgel. Das untenstehende Bild zeigt die B\u00fcgelformen, die Kunden zur Auswahl zur Verf\u00fcgung stehen. Sie k\u00f6nnen uns direkt mitteilen, welcher Ihnen am besten gef\u00e4llt.<\/p>   <div class=\"wp-block-image\"> <figure class=\"aligncenter size-full\"><img loading=\"lazy\" decoding=\"async\" width=\"720\" height=\"540\" src=\"https:\/\/hangermachinery.com\/wp-content\/uploads\/2022\/07\/red-hanger.webp\" alt=\"Kunststoffb\u00fcgel hergestellt von Shuliy Kleiderb\u00fcgel-Herstellungsmaschine\" class=\"wp-image-471\" title=\"\" srcset=\"https:\/\/hangermachinery.com\/wp-content\/uploads\/2022\/07\/red-hanger.webp 720w, https:\/\/hangermachinery.com\/wp-content\/uploads\/2022\/07\/red-hanger-300x225.webp 300w\" sizes=\"auto, (max-width: 720px) 100vw, 720px\" \/><figcaption class=\"wp-element-caption\">Kunststoffb\u00fcgel hergestellt von Shuliy B\u00fcgel-Herstellungsmaschine<\/figcaption><\/figure> <\/div><\/div> <\/div>    <h2 class=\"wp-block-heading\">In welchen L\u00e4ndern sind die B\u00fcgelmaschinen beliebt?<\/h2>    <p>Kleiderb\u00fcgel sind Haushaltsgegenst\u00e4nde, die in jeder Region und in jeder Familie in jedem Land verwendet werden, daher sind Kleiderb\u00fcgel in vielen L\u00e4ndern beliebt, wie Australien, Saudi-Arabien, Oman, Vereinigte Arabische Emirate, Marokko, Mexiko, Schweden, Spanien, Jemen, Kambodscha, Kasachstan, Pakistan und anderen L\u00e4ndern.<\/p>    <figure class=\"wp-block-gallery has-nested-images columns-default is-cropped wp-block-gallery-2 is-layout-flex wp-block-gallery-is-layout-flex\"> <figure class=\"wp-block-image size-large\"><img loading=\"lazy\" decoding=\"async\" width=\"561\" height=\"213\" data-id=\"164\" src=\"http:\/\/hangermachinery.com\/wp-content\/uploads\/2022\/07\/ABOUTUS_2.jpg\" alt=\"Shuliy-Unternehmenszertifikat\" class=\"wp-image-164\" title=\"\" srcset=\"https:\/\/hangermachinery.com\/wp-content\/uploads\/2022\/07\/ABOUTUS_2.jpg 561w, https:\/\/hangermachinery.com\/wp-content\/uploads\/2022\/07\/ABOUTUS_2-300x114.jpg 300w\" sizes=\"auto, (max-width: 561px) 100vw, 561px\" \/><figcaption class=\"wp-element-caption\">Shuliy Firmenzertifikat<\/figcaption><\/figure>    <figure class=\"wp-block-image size-large\"><img loading=\"lazy\" decoding=\"async\" width=\"559\" height=\"219\" data-id=\"163\" src=\"http:\/\/hangermachinery.com\/wp-content\/uploads\/2022\/07\/ABOUTUS_1.jpg\" alt=\"Shuliy-Unternehmenszertifikat\" class=\"wp-image-163\" title=\"\" srcset=\"https:\/\/hangermachinery.com\/wp-content\/uploads\/2022\/07\/ABOUTUS_1.jpg 559w, https:\/\/hangermachinery.com\/wp-content\/uploads\/2022\/07\/ABOUTUS_1-300x118.jpg 300w\" sizes=\"auto, (max-width: 559px) 100vw, 559px\" \/><figcaption class=\"wp-element-caption\">Shuliy Firmenzertifikat<\/figcaption><\/figure> <\/figure>    <h2 class=\"wp-block-heading\">Warum uns w\u00e4hlen?<\/h2>    <p class=\"translation-block\"><strong>Un\u00fcbertroffene Fokussierung:<\/strong> Wir machen nur eine Sache, aber wir machen sie am besten: B\u00fcgelmaschinen. Unser Team verf\u00fcgt \u00fcber ein tiefes Verst\u00e4ndnis jedes Aspekts der B\u00fcgelproduktion, sodass wir die fundiertesten und effektivsten Ratschl\u00e4ge bieten k\u00f6nnen.<\/p>    <p class=\"translation-block\"><strong>Vollst\u00e4ndige Produktlinie:<\/strong> wir bieten ein umfassendes Portfolio an Anlagen f\u00fcr verschiedene Materialien und Prozesse und schaffen so ein echtes One-Stop-Shop-Erlebnis, das einen nahtlosen Produktionsablauf gew\u00e4hrleistet.<\/p>    <p class=\"translation-block\"><strong>Leistungsorientierte Technik:<\/strong> Unsere Maschinen sind auf maximale Effizienz und langfristige Haltbarkeit ausgelegt. Durch den Einsatz hochwertiger Komponenten und pr\u00e4ziser Technik stellen wir sicher, dass Sie die h\u00f6chste Rendite auf Ihre Investition erhalten.<\/p>    <p class=\"translation-block\"><strong>Globaler Service und Support:<\/strong> gest\u00fctzt auf das robuste weltweite Support-System der Shuliy-Gruppe bieten wir End-to-End-Service, von der Erstberatung und Werkslayout-Planung bis hin zu Installation, Schulung und langfristiger Ersatzteilversorgung.<\/p>    <figure class=\"wp-block-gallery has-nested-images columns-default is-cropped wp-block-gallery-3 is-layout-flex wp-block-gallery-is-layout-flex\"> <figure class=\"wp-block-image size-large\"><img loading=\"lazy\" decoding=\"async\" width=\"720\" height=\"540\" data-id=\"757\" src=\"https:\/\/hangermachinery.com\/wp-content\/uploads\/2025\/09\/Kenyan-customers-visit.webp\" alt=\"Keniische Kunden besuchen\" class=\"wp-image-757\" title=\"\" srcset=\"https:\/\/hangermachinery.com\/wp-content\/uploads\/2025\/09\/Kenyan-customers-visit.webp 720w, https:\/\/hangermachinery.com\/wp-content\/uploads\/2025\/09\/Kenyan-customers-visit-300x225.webp 300w, https:\/\/hangermachinery.com\/wp-content\/uploads\/2025\/09\/Kenyan-customers-visit-16x12.webp 16w\" sizes=\"auto, (max-width: 720px) 100vw, 720px\" \/><figcaption class=\"wp-element-caption\">Besuch kenianischer Kunden<\/figcaption><\/figure>    <figure class=\"wp-block-image size-large\"><img loading=\"lazy\" decoding=\"async\" width=\"720\" height=\"540\" data-id=\"761\" src=\"https:\/\/hangermachinery.com\/wp-content\/uploads\/2025\/09\/Spanish-customers-visit.webp\" alt=\"Besuch spanischer Kunden\" class=\"wp-image-761\" title=\"\" srcset=\"https:\/\/hangermachinery.com\/wp-content\/uploads\/2025\/09\/Spanish-customers-visit.webp 720w, https:\/\/hangermachinery.com\/wp-content\/uploads\/2025\/09\/Spanish-customers-visit-300x225.webp 300w, https:\/\/hangermachinery.com\/wp-content\/uploads\/2025\/09\/Spanish-customers-visit-16x12.webp 16w\" sizes=\"auto, (max-width: 720px) 100vw, 720px\" \/><figcaption class=\"wp-element-caption\">Besuch spanischer Kunden<\/figcaption><\/figure>    <figure class=\"wp-block-image size-large\"><img loading=\"lazy\" decoding=\"async\" width=\"720\" height=\"540\" data-id=\"762\" src=\"https:\/\/hangermachinery.com\/wp-content\/uploads\/2025\/09\/Turkish-customers-visit.webp\" alt=\"Besuch t\u00fcrkischer Kunden\" class=\"wp-image-762\" title=\"\" srcset=\"https:\/\/hangermachinery.com\/wp-content\/uploads\/2025\/09\/Turkish-customers-visit.webp 720w, https:\/\/hangermachinery.com\/wp-content\/uploads\/2025\/09\/Turkish-customers-visit-300x225.webp 300w, https:\/\/hangermachinery.com\/wp-content\/uploads\/2025\/09\/Turkish-customers-visit-16x12.webp 16w\" sizes=\"auto, (max-width: 720px) 100vw, 720px\" \/><figcaption class=\"wp-element-caption\">Besuch t\u00fcrkischer Kunden<\/figcaption><\/figure> <\/figure>    <p>Ihre Produktionsziele sind unser Handlungsplan.<\/p>    <p>Wir freuen uns darauf, die Details Ihres Projekts zu besprechen und Ihre gesch\u00e4ftliche Vision in eine leistungsstarke Realit\u00e4t zu verwandeln. Kontaktieren Sie noch heute unser Expertenteam, um eine kostenlose Beratung und ein Angebot zu erhalten.<\/p>    <figure class=\"wp-block-gallery has-nested-images columns-default is-cropped wp-block-gallery-4 is-layout-flex wp-block-gallery-is-layout-flex\"> <figure class=\"wp-block-image size-large\"><img loading=\"lazy\" decoding=\"async\" width=\"720\" height=\"540\" data-id=\"763\" src=\"https:\/\/hangermachinery.com\/wp-content\/uploads\/2025\/09\/Yemeni-customers-visit.webp\" alt=\"Jemenitische Kunden besuchen\" class=\"wp-image-763\" title=\"\" srcset=\"https:\/\/hangermachinery.com\/wp-content\/uploads\/2025\/09\/Yemeni-customers-visit.webp 720w, https:\/\/hangermachinery.com\/wp-content\/uploads\/2025\/09\/Yemeni-customers-visit-300x225.webp 300w, https:\/\/hangermachinery.com\/wp-content\/uploads\/2025\/09\/Yemeni-customers-visit-16x12.webp 16w\" sizes=\"auto, (max-width: 720px) 100vw, 720px\" \/><figcaption class=\"wp-element-caption\">Besuch jemenitischer Kunden<\/figcaption><\/figure>    <figure class=\"wp-block-image size-large\"><img loading=\"lazy\" decoding=\"async\" width=\"720\" height=\"540\" data-id=\"758\" src=\"https:\/\/hangermachinery.com\/wp-content\/uploads\/2025\/09\/Nigerian-customers-visit.webp\" alt=\"Nigerianische Kunden besuchen\" class=\"wp-image-758\" title=\"\" srcset=\"https:\/\/hangermachinery.com\/wp-content\/uploads\/2025\/09\/Nigerian-customers-visit.webp 720w, https:\/\/hangermachinery.com\/wp-content\/uploads\/2025\/09\/Nigerian-customers-visit-300x225.webp 300w, https:\/\/hangermachinery.com\/wp-content\/uploads\/2025\/09\/Nigerian-customers-visit-16x12.webp 16w\" sizes=\"auto, (max-width: 720px) 100vw, 720px\" \/><figcaption class=\"wp-element-caption\">Besuch nigerianischer Kunden<\/figcaption><\/figure> <\/figure>","protected":false},"excerpt":{"rendered":"<p>Shuliy company introduction Welcome to Shuliy Machinery, a leading global manufacturer and supplier of hanger-making machinery. We are dedicated to providing clients worldwide with intelligent, stable, and high-efficiency hanger production solutions, from semi-automatic to fully automated lines. As a highly specialized division of Zhengzhou Shuliy Machinery Equipment Co., Ltd. (est. 2011), we combine over a [&hellip;]<\/p>\n","protected":false},"author":1,"featured_media":0,"parent":0,"menu_order":0,"comment_status":"closed","ping_status":"open","template":"","meta":{"footnotes":""},"class_list":["post-3","page","type-page","status-publish","hentry"],"_links":{"self":[{"href":"https:\/\/hangermachinery.com\/de\/wp-json\/wp\/v2\/pages\/3","targetHints":{"allow":["GET"]}}],"collection":[{"href":"https:\/\/hangermachinery.com\/de\/wp-json\/wp\/v2\/pages"}],"about":[{"href":"https:\/\/hangermachinery.com\/de\/wp-json\/wp\/v2\/types\/page"}],"author":[{"embeddable":true,"href":"https:\/\/hangermachinery.com\/de\/wp-json\/wp\/v2\/users\/1"}],"replies":[{"embeddable":true,"href":"https:\/\/hangermachinery.com\/de\/wp-json\/wp\/v2\/comments?post=3"}],"version-history":[{"count":0,"href":"https:\/\/hangermachinery.com\/de\/wp-json\/wp\/v2\/pages\/3\/revisions"}],"wp:attachment":[{"href":"https:\/\/hangermachinery.com\/de\/wp-json\/wp\/v2\/media?parent=3"}],"curies":[{"name":"wp","href":"https:\/\/api.w.org\/{rel}","templated":true}]}}