{"id":109,"date":"2022-07-17T16:28:30","date_gmt":"2022-07-17T16:28:30","guid":{"rendered":"https:\/\/hangermachinery.com\/?post_type=product&#038;p=109"},"modified":"2023-08-16T14:08:28","modified_gmt":"2023-08-16T06:08:28","slug":"coat-hanger-making-machine","status":"publish","type":"product","link":"https:\/\/hangermachinery.com\/de\/product\/coat-hanger-making-machine\/","title":{"rendered":"Maschine zur Herstellung von Mantelb\u00fcgeln | Produktionsmaschine f\u00fcr B\u00fcgel"},"content":{"rendered":"<p class=\"translation-block\">Coat\u00a0H\u00e4nger-Making\u00a0Machine ist eine Maschine, die Kunststoffdraht verwendet, um eine H\u00e4nger-Maschine herzustellen. Die Maschine zeichnet sich durch hohe Arbeitseffizienz und einen hohen Grad an Intelligenz aus und erfordert keine \u00fcberm\u00e4\u00dfige menschliche Beteiligung. Die <a href=\"https:\/\/hangermachinery.com\/de\/products\/plastic-coated-hanger-production-line\/\">beschichtete Draht-H\u00e4nger-Maschine<\/a><a href=\"https:\/\/hangermachinery.com\/de\/product\/plastic-coated-hanger-production-line-clothes-hanger-machine\/\">e<\/a> hat vielen Herstellern enorme Gewinne gebracht.<\/p>    <figure class=\"wp-block-image size-full\"><img loading=\"lazy\" decoding=\"async\" width=\"720\" height=\"540\" src=\"https:\/\/hangermachinery.com\/wp-content\/uploads\/2022\/07\/Coat-hanger.webp\" alt=\"Mantelb\u00fcgel\" class=\"wp-image-330\" title=\"\" srcset=\"https:\/\/hangermachinery.com\/wp-content\/uploads\/2022\/07\/Coat-hanger.webp 720w, https:\/\/hangermachinery.com\/wp-content\/uploads\/2022\/07\/Coat-hanger-300x225.webp 300w\" sizes=\"auto, (max-width: 720px) 100vw, 720px\" \/><figcaption class=\"wp-element-caption\">Mantel&amp;Nbsp;B\u00fcgel<\/figcaption><\/figure>    <h2 class=\"wp-block-heading\" id=\"h-what-is-plastic-coat-wire\">Was ist Kunststoff <span style=\"font-size: revert; color: revert; font-weight: revert;\">Mantel<\/span> Draht?<\/h2>    <figure class=\"wp-block-image size-full\"><img loading=\"lazy\" decoding=\"async\" width=\"720\" height=\"540\" src=\"https:\/\/hangermachinery.com\/wp-content\/uploads\/2022\/07\/plastic-coat-wire.webp\" alt=\"Kunststoff-Mantel-Draht\" class=\"wp-image-331\" title=\"\" srcset=\"https:\/\/hangermachinery.com\/wp-content\/uploads\/2022\/07\/plastic-coat-wire.webp 720w, https:\/\/hangermachinery.com\/wp-content\/uploads\/2022\/07\/plastic-coat-wire-300x225.webp 300w\" sizes=\"auto, (max-width: 720px) 100vw, 720px\" \/><figcaption class=\"wp-element-caption\">Kunststoffmantel-Draht<\/figcaption><\/figure>    <p class=\"translation-block\"><a href=\"https:\/\/www.amazon.com\/coated-wire\/s?k=coated+wire\" data-type=\"URL\" data-id=\"https:\/\/www.amazon.com\/coated-wire\/s?k=coated+wire\" target=\"_blank\" rel=\"noopener\">Beschichteter Draht<\/a> wird galvanisiert und Eisen draht. Nachdem er durch die Beschichtungsmaschine gef\u00fchrt wurde, wird der Draht von einer Schicht Kunststoffmantel umh\u00fcllt. Ein solcher Draht wird als beschichteter Draht bezeichnet, und der bearbeitete Draht wird zu einem H\u00e4nger verarbeitet. Er ist exquisit, und Sie k\u00f6nnen eine Vielzahl von Farben f\u00fcr die H\u00e4nger-Maschine ausw\u00e4hlen, um Kunden zum Kauf zu verleiten. Au\u00dferdem ist die Coat-H\u00e4nger-Machine nach dem Eintauchen rutschfester. Wenn Sie Eisen Draht verwenden, um H\u00e4nger herzustellen, kann dies auch eine sch\u00fctzende Rolle beim Trocknen der W\u00e4sche spielen.<\/p>    <h2 class=\"wp-block-heading\" id=\"h-the-main-advantages-of-the-coat-hanger-making-machine\">Die Hauptvorteile der Mantelb\u00fcgel-Herstellungsmaschine<\/h2>    <ol class=\"wp-block-list\"> <li>Die L\u00e4nge der F\u00f6rderlinie ist Standard.<\/li>    <li>Die Geschwindigkeit kann je nach Drahtdurchmesser angepasst werden, beliebige Geschwindigkeit.<\/li>    <li>Mit hoher Aussto\u00dfrate und schnellem Tempo k\u00f6nnen bis zu 45 St\u00fcck pro Minute hergestellt werden.<\/li>    <li>Am praktischsten ist es, die Form zu wechseln (der Stil des H\u00e4ngers), was einfach und bequem ist. Geben Sie die ben\u00f6tigte Drahtl\u00e4nge auf dem Bildschirm ein und verschieben Sie die Position des Schneiders.<\/li>    <li>Die Maschine kann angepasst werden, um zu produzieren: 201 Edelstahl, 410 Edelstahl Eisen, galvanisch beschichtete Draht, gew\u00f6hnlicher Eisen Draht, gummi\u00fcberzogener Draht und Aluminiumdraht.<\/li>    <li>Diese Mantelb\u00fcgelherstellungsmaschine verwendet automatische numerische Steuerung, pr\u00e4ziges Drahtzuf\u00fchren, stabile Bedienung und niedrigen Ger\u00e4uschpegel. <a href=\"https:\/\/hangermachinery.com\/de\/Info\/what-is-hanger-manufacturing-process\/\">Eine Maschine kann eine Vielzahl von Kleiderb\u00fcgeln herstellen<\/a>. Ein Arbeiter kann 4-8 Maschinen bedienen, was die Arbeitskraft vollst\u00e4ndig einsparen kann. Der anwendbare Drahtdurchmesser liegt bei 1,7-3,5.<br><\/li> <\/ol>    <h2 class=\"wp-block-heading\" id=\"h-what-are-the-benefits-of-hanger-coating-plastic\">Welche Vorteile hat die Beschichtung des H\u00e4ngers mit Kunststoff?<\/h2>    <figure class=\"wp-block-image size-full\"><img loading=\"lazy\" decoding=\"async\" width=\"720\" height=\"540\" src=\"https:\/\/hangermachinery.com\/wp-content\/uploads\/2022\/07\/\u4ea7\u54c1.webp\" alt=\"Kunststoff-B\u00fcgelbeschichtung\" class=\"wp-image-332\" title=\"\" srcset=\"https:\/\/hangermachinery.com\/wp-content\/uploads\/2022\/07\/\u4ea7\u54c1.webp 720w, https:\/\/hangermachinery.com\/wp-content\/uploads\/2022\/07\/\u4ea7\u54c1-300x225.webp 300w\" sizes=\"auto, (max-width: 720px) 100vw, 720px\" \/><figcaption class=\"wp-element-caption\">H\u00e4nger-Beschichtung Plastik<\/figcaption><\/figure>    <p>Der Tauchprozess hat Eigenschaften wie Ungiftigkeit, Verschlei\u00dfbest\u00e4ndigkeit, Lichtbest\u00e4ndigkeit, leuchtende Farbe und gutes Handgef\u00fchl. Jetzt sind Kunststoffgetauchte und Kunststoff-beschichtete Produkte im t\u00e4glichen Leben weit verbreitet, wie z. B. Kunststoff-getauchte Hanteln, insbesondere die Hanteln, deren Oberfl\u00e4chen mit Hanfnadeln impr\u00e4gniert wurden. Es gibt auch Gel\u00e4nder. Die fr\u00fcheren Gel\u00e4nder lie\u00dfen sich leicht von der Lackierung l\u00f6sen, aber die Gel\u00e4nder nach dem Tauchen k\u00f6nnen mehrere Jahre verwendet werden, ohne zu verblassen, und die Farben sind noch so hell wie neu. Nach Jahren der Erfahrung ist der gummi\u00fcberzogene H\u00e4nger zu einem sehr ausgereiften Prozess geworden und ist sicher und zuverl\u00e4ssig. Die Firma Shuliy verf\u00fcgt \u00fcber eine vollst\u00e4ndige Produktionslinie von Gummi, vollst\u00e4ndig automatisierte Produktion.<\/p>    <h2 class=\"wp-block-heading\" id=\"h-parameters-of-hanger-product-machine\">Parameter der Mantelb\u00fcgel-Herstellungsmaschine<\/h2>    <figure class=\"wp-block-image size-full\"><img loading=\"lazy\" decoding=\"async\" width=\"720\" height=\"540\" src=\"https:\/\/hangermachinery.com\/wp-content\/uploads\/2022\/07\/wire-cloth-hanger-machine.webp\" alt=\"coat\u00a0hanger-making\u00a0machine\" class=\"wp-image-333\" title=\"\" srcset=\"https:\/\/hangermachinery.com\/wp-content\/uploads\/2022\/07\/wire-cloth-hanger-machine.webp 720w, https:\/\/hangermachinery.com\/wp-content\/uploads\/2022\/07\/wire-cloth-hanger-machine-300x225.webp 300w\" sizes=\"auto, (max-width: 720px) 100vw, 720px\" \/><figcaption class=\"wp-element-caption\">Draht-Tuch-H\u00e4nger-Maschine<\/figcaption><\/figure>    <figure class=\"wp-block-table\"><table><tbody><tr><td>Modell &nbsp;<\/td><td>SL-40 &nbsp;<\/td><\/tr><tr><td>Kapazit\u00e4t &nbsp;<\/td><td>30-40 St\u00fcck\/Minute &nbsp;<\/td><\/tr><tr><td>Drahtdurchmesser &nbsp;<\/td><td>Anpassen &nbsp;<\/td><\/tr><tr><td>Spannung &nbsp;<\/td><td>220V\/380V &nbsp;<\/td><\/tr><tr><td>B\u00fcgelgr\u00f6\u00dfe &nbsp;<\/td><td>Anpassen &nbsp;<\/td><\/tr><tr><td>Nettogewicht &nbsp;<\/td><td>700KG &nbsp;<\/td><\/tr><tr><td>Maschinengr\u00f6\u00dfe &nbsp;<\/td><td>1800*800*1650mm &nbsp;<\/td><\/tr><\/tbody><\/table><figcaption class=\"wp-element-caption\">Coat-H\u00e4nger-Machine<\/figcaption><\/figure>    <h2 class=\"wp-block-heading\" id=\"h-hanger-product-machine-producing-the-size-of-the-hanger\">H\u00e4nger Produktmaschine produziert die Gr\u00f6\u00dfe des H\u00e4ngers<\/h2>    <figure class=\"wp-block-image size-full\"><img loading=\"lazy\" decoding=\"async\" width=\"720\" height=\"540\" src=\"https:\/\/hangermachinery.com\/wp-content\/uploads\/2022\/07\/size-of-the-hanger.webp\" alt=\"Gr\u00f6\u00dfe des B\u00fcgels\" class=\"wp-image-334\" title=\"\" srcset=\"https:\/\/hangermachinery.com\/wp-content\/uploads\/2022\/07\/size-of-the-hanger.webp 720w, https:\/\/hangermachinery.com\/wp-content\/uploads\/2022\/07\/size-of-the-hanger-300x225.webp 300w\" sizes=\"auto, (max-width: 720px) 100vw, 720px\" \/><figcaption class=\"wp-element-caption\">Gr\u00f6\u00dfe des H\u00e4ngers<\/figcaption><\/figure>    <p>Die Gr\u00f6\u00dfe des H\u00e4ngers kann auf 16\u201319 Zoll gefertigt werden. Der Drahtdurchmesser der verwendeten Rohmaterialien liegt in der Regel bei 1,6\u20133,8 mm. In der Regel gilt: Je gr\u00f6\u00dfer der verwendete Drahtdurchmesser, desto besser die Unterst\u00fctzung des H\u00e4ngers und desto langlebiger der H\u00e4nger. Au\u00dferdem kann die Form der Coat H\u00e4nger-Machine individuell angepasst werden, schicken Sie uns einfach das Bild und die Abmessungen des H\u00e4ngers, und wir werden den Designer und das Fabrikpersonal beauftragen, die konkrete Form herzustellen.<\/p>    <h2 class=\"wp-block-heading\" id=\"h-use-of-coat-hanger-making-machine\">Verwendung des Mantelb\u00fcgel-Herstellers<\/h2>    <figure class=\"wp-block-embed is-type-video is-provider-youtube wp-block-embed-youtube wp-embed-aspect-16-9 wp-has-aspect-ratio\"><div class=\"wp-block-embed__wrapper\"> <iframe loading=\"lazy\" title=\"Coat hanger making machine verkauft sich gut in Saudi-Arabien | wie macht man Stahl-H\u00e4nger? | H\u00e4nger\" width=\"500\" height=\"281\" src=\"https:\/\/www.youtube.com\/embed\/WjJTmsKK8mA?feature=oembed\" frameborder=\"0\" allow=\"accelerometer; autoplay; clipboard-write; encrypted-media; gyroscope; picture-in-picture; web-share\" referrerpolicy=\"strict-origin-when-cross-origin\" allowfullscreen><\/iframe> <\/div><figcaption class=\"wp-element-caption\">Video der Coat\u00a0H\u00e4nger-Herstellung<\/figcaption><\/figure>    <p>Wenn die Gummi-beschichtete H\u00e4nger-formende Maschine in Betrieb ist, wird beim Einschalten des automatischen Drahtwechsel der Hauptmaschine auf den manuellen Schalter umgestellt, und dann wird der Schalter bet\u00e4tigt, um den Draht in das Ma\u00dfschneidewerk einzuf\u00fchren, wenn er in die Form gelangt. Beobachten, ob der Draht gerade wird, im Metall-H\u00e4nger-Former muss der Draht gerade bleiben. Die Drahtl\u00e4nge beobachten, das Zieh-Bedienrad dr\u00fccken, der H\u00e4nger-Former, die Festigkeit ist die Drahtl\u00e4nge, der Preis der Coat\u00a0Hanger-Making\u00a0Machine, und die Lose ist der kurze Draht.<\/p>    <h2 class=\"wp-block-heading\" id=\"h-maintenance-of-coating-hanger-machine\">Wartung der Mantelb\u00fcgel-Herstellungsmaschine<\/h2>    <figure class=\"wp-block-image size-full\"><img loading=\"lazy\" decoding=\"async\" width=\"720\" height=\"540\" src=\"https:\/\/hangermachinery.com\/wp-content\/uploads\/2022\/07\/hanger-product-machine.webp\" alt=\"coat\u00a0hanger-making\u00a0machine\" class=\"wp-image-335\" title=\"\" srcset=\"https:\/\/hangermachinery.com\/wp-content\/uploads\/2022\/07\/hanger-product-machine.webp 720w, https:\/\/hangermachinery.com\/wp-content\/uploads\/2022\/07\/hanger-product-machine-300x225.webp 300w\" sizes=\"auto, (max-width: 720px) 100vw, 720px\" \/><figcaption class=\"wp-element-caption\">Mantel&amp;Nbsp;B\u00fcgel-Herstellungs&amp;Nbsp;Maschine<\/figcaption><\/figure>    <p class=\"translation-block\">Die Wartung der <a href=\"https:\/\/hangermachinery.com\/de\/product\/pvc-coated-wire-hanger-production-line\/\">Beschichtungs-B\u00fcgel-Formmaschine<\/a> ist sehr wichtig. Wenn die Mantelb\u00fcgel-Herstellungsmaschine nicht mehr funktioniert, muss die Stromzufuhr unterbrochen werden, und die Mantelb\u00fcgel-Herstellungsmaschine darf nicht unter der Bedingung langfristig mit Strom betrieben werden. Wenn der Schalter eingeschaltet ist, wird die Hauptmaschine auf manuell geschaltet, und dann wird der Schalter geschaukelt, um den Draht in das Schneidermesser einzuf\u00fchren, wenn er in die Form eintritt. Beobachten Sie, ob der Draht gerade gezogen wird, der Draht muss begradigt werden.<\/p>    <h2 class=\"wp-block-heading\">Roter Mantel-H\u00e4nger-Produktionsmaschine<\/h2>    <figure class=\"wp-block-embed is-type-video is-provider-youtube wp-block-embed-youtube wp-embed-aspect-16-9 wp-has-aspect-ratio\"><div class=\"wp-block-embed__wrapper\"> <iframe loading=\"lazy\" title=\"Roter Mantel-H\u00e4nger Produktionsmaschine | automatische H\u00e4nger-Herstellungsmachine\" width=\"500\" height=\"281\" src=\"https:\/\/www.youtube.com\/embed\/N-iDUziwNoQ?feature=oembed\" frameborder=\"0\" allow=\"accelerometer; autoplay; clipboard-write; encrypted-media; gyroscope; picture-in-picture; web-share\" referrerpolicy=\"strict-origin-when-cross-origin\" allowfullscreen><\/iframe> <\/div><figcaption class=\"wp-element-caption\">Kleiderh\u00e4nger-Produktionsmaschine<\/figcaption><\/figure>","protected":false},"excerpt":{"rendered":"<p>Die Kleiderb\u00fcgelherstellungsmaschine ist eine Maschine, die Kunststoffdraht verwendet, um eine B\u00fcgelmaschine herzustellen. <\/p>","protected":false},"author":1,"featured_media":328,"parent":0,"template":"","tags":[24,29],"product-type":[11,16],"class_list":["post-109","product","type-product","status-publish","has-post-thumbnail","hentry","tag-coat-hanger-making-machine","tag-hanger","product-type-product","product-type-coat-hanger-making-machine"],"_links":{"self":[{"href":"https:\/\/hangermachinery.com\/de\/wp-json\/wp\/v2\/product\/109","targetHints":{"allow":["GET"]}}],"collection":[{"href":"https:\/\/hangermachinery.com\/de\/wp-json\/wp\/v2\/product"}],"about":[{"href":"https:\/\/hangermachinery.com\/de\/wp-json\/wp\/v2\/types\/product"}],"author":[{"embeddable":true,"href":"https:\/\/hangermachinery.com\/de\/wp-json\/wp\/v2\/users\/1"}],"wp:featuredmedia":[{"embeddable":true,"href":"https:\/\/hangermachinery.com\/de\/wp-json\/wp\/v2\/media\/328"}],"wp:attachment":[{"href":"https:\/\/hangermachinery.com\/de\/wp-json\/wp\/v2\/media?parent=109"}],"wp:term":[{"taxonomy":"post_tag","embeddable":true,"href":"https:\/\/hangermachinery.com\/de\/wp-json\/wp\/v2\/tags?post=109"},{"taxonomy":"product-type","embeddable":true,"href":"https:\/\/hangermachinery.com\/de\/wp-json\/wp\/v2\/product-type?post=109"}],"curies":[{"name":"wp","href":"https:\/\/api.w.org\/{rel}","templated":true}]}}