{"id":120,"date":"2022-07-17T16:53:58","date_gmt":"2022-07-17T16:53:58","guid":{"rendered":"https:\/\/hangermachinery.com\/?post_type=product&#038;p=120"},"modified":"2022-09-28T17:58:25","modified_gmt":"2022-09-28T09:58:25","slug":"welding-wire-hanger-making-machine","status":"publish","type":"product","link":"https:\/\/hangermachinery.com\/de\/product\/welding-wire-hanger-making-machine\/","title":{"rendered":"Schwei\u00dfdraht-B\u00fcgel-Herstellungsmaschine | Metallb\u00fcgel-Maschine"},"content":{"rendered":"<p class=\"translation-block\">Die Schwei\u00dfdraht-Kleiderb\u00fcgel-Herstellungsmaschine ist die Ausr\u00fcstung zur Herstellung von Kleiderb\u00fcgeln. Eine Schwei\u00dfb\u00fcgelmaschine ist eine intelligente <a href=\"https:\/\/hangermachinery.com\/de\/products\/plastic-coated-hanger-production-line\/\">automatische B\u00fcgelmaschine<\/a>, die <a href=\"https:\/\/hangermachinery.com\/de\/product\/galvanized-wire-hanger-machine\/\">B\u00fcgelformung<\/a> und Schwei\u00dfen integriert. Es kann eine 13-20 Zoll B\u00fcgelmaschine hergestellt werden, und Form und Gr\u00f6\u00dfe der Schwei\u00dfdraht-B\u00fcgelherstellungsmaschine k\u00f6nnen angepasst werden. Die Schwei\u00dfdraht-B\u00fcgelherstellungsmaschine wurde nach Saudi-Arabien, Pakistan, Mexiko, Australien und an andere Orte verkauft und ist sehr beliebt.<\/p>    <figure class=\"wp-block-image size-full\"><img loading=\"lazy\" decoding=\"async\" width=\"680\" height=\"680\" src=\"https:\/\/hangermachinery.com\/wp-content\/uploads\/2022\/07\/Welding-wire-hanger-making.webp\" alt=\"Schwei\u00dfdraht-Kleiderb\u00fcgelherstellung\" class=\"wp-image-338\" title=\"\" srcset=\"https:\/\/hangermachinery.com\/wp-content\/uploads\/2022\/07\/Welding-wire-hanger-making.webp 680w, https:\/\/hangermachinery.com\/wp-content\/uploads\/2022\/07\/Welding-wire-hanger-making-300x300.webp 300w, https:\/\/hangermachinery.com\/wp-content\/uploads\/2022\/07\/Welding-wire-hanger-making-150x150.webp 150w\" sizes=\"auto, (max-width: 680px) 100vw, 680px\" \/><figcaption>Schwei\u00df\u00a0&amp;Nbsp;Draht\u00a0&amp;Nbsp;Kleiderb\u00fcgel-Herstellung<\/figcaption><\/figure>    <h2 class=\"wp-block-heading\" id=\"h-what-are-the-functions-of-hangers\">Welche Funktionen haben Kleiderb\u00fcgel?<\/h2>    <div class=\"wp-block-columns is-layout-flex wp-container-core-columns-is-layout-9d6595d7 wp-block-columns-is-layout-flex\"> <div class=\"wp-block-column is-layout-flow wp-block-column-is-layout-flow\" style=\"flex-basis:100%\"><div class=\"wp-block-image\"> <figure class=\"aligncenter size-full\"><img loading=\"lazy\" decoding=\"async\" width=\"720\" height=\"540\" src=\"https:\/\/hangermachinery.com\/wp-content\/uploads\/2022\/07\/galvanized-hangers-1.webp\" alt=\"verzinkte B\u00fcgel\" class=\"wp-image-487\" title=\"\" srcset=\"https:\/\/hangermachinery.com\/wp-content\/uploads\/2022\/07\/galvanized-hangers-1.webp 720w, https:\/\/hangermachinery.com\/wp-content\/uploads\/2022\/07\/galvanized-hangers-1-300x225.webp 300w\" sizes=\"auto, (max-width: 720px) 100vw, 720px\" \/><figcaption>verzinkte B\u00fcgel<\/figcaption><\/figure> <\/div><\/div> <\/div>    <p>Der Kleiderb\u00fcgel kann verwendet werden, um Kleidung auf dem Balkon zu trocknen, um Faltenbildung w\u00e4hrend des Trocknens zu verhindern; er kann auch im Kleiderschrank verwendet werden, um Platz zu sparen und die Suche nach Kleidung zu erleichtern. Daher ist der Kleiderb\u00fcgel in jedem Haushalt sehr wichtig. In Reinigungen werden die Kleidungsst\u00fccke der Kunden meist direkt an Kleiderb\u00fcgeln aufgeh\u00e4ngt, um diese beim Trocknen zu sch\u00fctzen. In der Bekleidungsindustrie werden Kleiderb\u00fcgel zur Pr\u00e4sentation von Kleidung verwendet, weshalb sie sowohl im privaten als auch im gewerblichen Bereich eingesetzt werden.<\/p>   <div class=\"wp-block-image\"> <figure class=\"aligncenter size-full\"><img loading=\"lazy\" decoding=\"async\" width=\"720\" height=\"540\" src=\"https:\/\/hangermachinery.com\/wp-content\/uploads\/2022\/07\/Raw-material-for-welding-hanger-machine.webp\" alt=\"Rohmaterial f\u00fcr Schwei\u00dfb\u00fcgelmaschine\" class=\"wp-image-341\" title=\"\" srcset=\"https:\/\/hangermachinery.com\/wp-content\/uploads\/2022\/07\/Raw-material-for-welding-hanger-machine.webp 720w, https:\/\/hangermachinery.com\/wp-content\/uploads\/2022\/07\/Raw-material-for-welding-hanger-machine-300x225.webp 300w\" sizes=\"auto, (max-width: 720px) 100vw, 720px\" \/><figcaption>Rohmaterial f\u00fcr Schwei\u00dfb\u00fcgelmaschine<\/figcaption><\/figure> <\/div>   <h2 class=\"wp-block-heading\" id=\"h-raw-material-for-welding-wire-hanger-making-machine\">Rohmaterial f\u00fcr Schwei\u00dfdraht-Kleiderb\u00fcgelherstellungsmaschine<\/h2>   <div class=\"wp-block-image\"> <figure class=\"aligncenter size-full\"><img loading=\"lazy\" decoding=\"async\" width=\"720\" height=\"540\" src=\"https:\/\/hangermachinery.com\/wp-content\/uploads\/2022\/07\/Raw-material-for-welding-wire-hanger.webp\" alt=\"Rohmaterial f\u00fcr Schwei\u00dfdraht-Kleiderb\u00fcgel\" class=\"wp-image-488\" title=\"\" srcset=\"https:\/\/hangermachinery.com\/wp-content\/uploads\/2022\/07\/Raw-material-for-welding-wire-hanger.webp 720w, https:\/\/hangermachinery.com\/wp-content\/uploads\/2022\/07\/Raw-material-for-welding-wire-hanger-300x225.webp 300w\" sizes=\"auto, (max-width: 720px) 100vw, 720px\" \/><figcaption>Rohmaterial f\u00fcr die Schwei\u00dfdraht-B\u00fcgel<\/figcaption><\/figure> <\/div>   <p class=\"translation-block\">Die von der Schwei\u00dfb\u00fcgelmaschine verwendbaren Rohstoffe umfassen <a href=\"https:\/\/www.amazon.com\/galvanized-steel-wire\/s?k=galvanized+steel+wire\" data-type=\"URL\" data-id=\"https:\/\/www.amazon.com\/galvanized-steel-wire\/s?k=galvanized+steel+wire\" target=\"_blank\" rel=\"noopener\">verzinkten Draht<\/a>, Eisendraht, Aluminium- und kohlenstoffschwarzen Draht usw., und auch Edelstahldraht kann verwendet werden. Die Schnittstellen der Schwei\u00dfmaschine sind sehr glatt und es gibt keinen \u00fcbersch\u00fcssigen Draht, was Rohstoffe spart. Nach dem Spr\u00fchen kann die Schnittstelle der Schwei\u00dfmaschine vollst\u00e4ndig abgedeckt werden. Diese Art von B\u00fcgel ist sch\u00f6ner, daher ist sie die erste Wahl vieler Verbraucher. Daher sind die Verkaufszahlen dieser Maschine in unserer Fabrik sehr hoch.<\/p>    <h2 class=\"wp-block-heading\">Wie benutzt man eine Schwei\u00dfdraht-Kleiderb\u00fcgelherstellungsmaschine?<\/h2>    <figure class=\"wp-block-embed is-type-video is-provider-youtube wp-block-embed-youtube wp-embed-aspect-16-9 wp-has-aspect-ratio\"><div class=\"wp-block-embed__wrapper\"> <iframe loading=\"lazy\" title=\"Wissen Sie, wie man Kleiderb\u00fcgel herstellt | Schwei\u00dfdraht-B\u00fcgelherstellungsmaschine | Metallb\u00fcgelmaschine\" width=\"500\" height=\"281\" src=\"https:\/\/www.youtube.com\/embed\/A5D1dnZ3Gu4?feature=oembed\" frameborder=\"0\" allow=\"accelerometer; autoplay; clipboard-write; encrypted-media; gyroscope; picture-in-picture; web-share\" referrerpolicy=\"strict-origin-when-cross-origin\" allowfullscreen><\/iframe> <\/div><\/figure>    <p>Schwei\u00dfdraht-Kleiderb\u00fcgel-Herstellungsmaschine<\/p>    <h2 class=\"wp-block-heading\" id=\"h-the-principle-of-welding-wire-hanger-making-machine\">Das Prinzip der Schwei\u00dfdraht-Kleiderb\u00fcgelherstellungsmaschine<\/h2>   <div class=\"wp-block-image\"> <figure class=\"aligncenter size-full\"><img loading=\"lazy\" decoding=\"async\" width=\"720\" height=\"540\" src=\"https:\/\/hangermachinery.com\/wp-content\/uploads\/2022\/07\/hanger-machine.webp\" alt=\"B\u00fcgelmaschine\" class=\"wp-image-342\" title=\"\" srcset=\"https:\/\/hangermachinery.com\/wp-content\/uploads\/2022\/07\/hanger-machine.webp 720w, https:\/\/hangermachinery.com\/wp-content\/uploads\/2022\/07\/hanger-machine-300x225.webp 300w\" sizes=\"auto, (max-width: 720px) 100vw, 720px\" \/><figcaption>B\u00fcgelmaschine<\/figcaption><\/figure> <\/div>   <p><br>Die Schwei\u00dfdraht-Hakenherstellungsmaschine verwendet die Elektroschwei\u00dftechnologie, um die Schnittstellen der Schwei\u00dfdraht-Hakenherstellungsmaschine zu verbinden. Die durch Punktschwei\u00dfen verbundenen Haken sind st\u00e4rker als andere Haken und k\u00f6nnen sp\u00e4ter auf der Au\u00dfenseite der Maschine lackiert werden.<\/p>    <h2 class=\"wp-block-heading\" id=\"h-metal-hanger-product-machine-features\">Eigenschaften der Metallb\u00fcgelproduktmaschine<\/h2>    <p>Schwei\u00dfeigenschaften der Kunststoffb\u00fcgel-Schwei\u00dfmaschine: Die Kunststoffb\u00fcgel-Schwei\u00dfmaschine verf\u00fcgt \u00fcber eine quadratische S\u00e4ule, ein Linearf\u00fchrungs-Lager, eine pr\u00e4zise Feineinstellung und starke mechanische Leistung; Die Schwei\u00dfdraht-B\u00fcgelherstellungsmaschine verwendet den originalen piezoelektrischen Keramik-Wandler aus Deutschland, und die Leistung ist stark und stabil; Elektrisch verstellbarer Hebek\u00f6rper, einfach zu bedienen und hohe Festigkeit. <\/p>    <p>Die Kunststoffb\u00fcgel-Schwei\u00dfmaschine nimmt die horizontal verstellbare Struktur des Schwei\u00dfkopfes an, die eine einfache Formanpassung erm\u00f6glicht, stabil im Gebrauch ist und eine hohe Schwei\u00dfeffizienz aufweist; Die Kunststoffb\u00fcgel-Schwei\u00dfmaschine verwendet exklusiv die zentrale Begrenzungsstruktur des Schwei\u00dfkopfes, um sicherzustellen, dass die Begrenzung des Schwei\u00dfkopfes nicht verschoben wird; Die Kunststoffb\u00fcgel-Schwei\u00dfmaschine wird im Schwerkraftgussverfahren hergestellt und verf\u00fcgt \u00fcber eine gro\u00dfe Basis und eine quadratische S\u00e4ule mit hoher Schwei\u00dfpr\u00e4zision und sch\u00f6ner Optik.<\/p>   <div class=\"wp-block-image\"> <figure class=\"aligncenter size-full\"><img loading=\"lazy\" decoding=\"async\" width=\"720\" height=\"540\" src=\"https:\/\/hangermachinery.com\/wp-content\/uploads\/2022\/07\/welding-hanger-machine-1.webp\" alt=\" Schwei\u00dfb\u00fcgelmaschine\" class=\"wp-image-343\" title=\"\" srcset=\"https:\/\/hangermachinery.com\/wp-content\/uploads\/2022\/07\/welding-hanger-machine-1.webp 720w, https:\/\/hangermachinery.com\/wp-content\/uploads\/2022\/07\/welding-hanger-machine-1-300x225.webp 300w\" sizes=\"auto, (max-width: 720px) 100vw, 720px\" \/><figcaption> Schwei\u00dfb\u00fcgelmaschine  <\/figcaption><\/figure> <\/div>   <h2 class=\"wp-block-heading\" id=\"h-welding-wire-hanger-making-machine-parameters\">Parameter der Schwei\u00dfdraht-Kleiderb\u00fcgelherstellungsmaschine<\/h2>    <figure class=\"wp-block-gallery has-nested-images columns-default is-cropped wp-block-gallery-2 is-layout-flex wp-block-gallery-is-layout-flex\"> <figure class=\"wp-block-image size-large\"><img loading=\"lazy\" decoding=\"async\" width=\"600\" height=\"400\" data-id=\"344\" src=\"https:\/\/hangermachinery.com\/wp-content\/uploads\/2022\/07\/welding-hanger-making.webp\" alt=\"Kleiderb\u00fcgel mit Schwei\u00dfverfahren herstellen\" class=\"wp-image-344\" title=\"\" srcset=\"https:\/\/hangermachinery.com\/wp-content\/uploads\/2022\/07\/welding-hanger-making.webp 600w, https:\/\/hangermachinery.com\/wp-content\/uploads\/2022\/07\/welding-hanger-making-300x200.webp 300w\" sizes=\"auto, (max-width: 600px) 100vw, 600px\" \/><figcaption>Schwei\u00dfb\u00fcgelherstellung<\/figcaption><\/figure>    <figure class=\"wp-block-image size-large\"><img loading=\"lazy\" decoding=\"async\" width=\"403\" height=\"314\" data-id=\"345\" src=\"https:\/\/hangermachinery.com\/wp-content\/uploads\/2022\/07\/welding-hanger-making-2.webp\" alt=\"Kleiderb\u00fcgel mit Schwei\u00dfverfahren herstellen \" class=\"wp-image-345\" title=\"\" srcset=\"https:\/\/hangermachinery.com\/wp-content\/uploads\/2022\/07\/welding-hanger-making-2.webp 403w, https:\/\/hangermachinery.com\/wp-content\/uploads\/2022\/07\/welding-hanger-making-2-300x234.webp 300w\" sizes=\"auto, (max-width: 403px) 100vw, 403px\" \/><figcaption>Schwei\u00dfb\u00fcgelherstellung <\/figcaption><\/figure> <\/figure>    <figure class=\"wp-block-table\"><table><tbody><tr><td>Kapazit\u00e4t<\/td><td>50 St\u00fcck\/Min<\/td><\/tr><tr><td>Verzinkter Draht<\/td><td>1,6mm ~ 4,6mm<\/td><\/tr><tr><td>Motorleistung<\/td><td>2,2kw<\/td><\/tr><tr><td>B\u00fcgelgr\u00f6\u00dfe<\/td><td>14\u2033 -19\u2033&nbsp;<\/td><\/tr><tr><td>Nettogewicht<\/td><td>850KG<\/td><\/tr><tr><td>&nbsp;Abmessung<\/td><td>B\u00fcgelmaschine: 1,4*1*1,6m ;   Zufuhrrahmen: 1,2*1,2*1m &nbsp;<\/td><\/tr><\/tbody><\/table><figcaption>Metallb\u00fcgelproduktmaschine<\/figcaption><\/figure>    <h2 class=\"wp-block-heading\" id=\"h-metal-hanger-product-machine-case\">Fallbeispiel Metallb\u00fcgelproduktmaschine<\/h2>    <figure class=\"wp-block-gallery has-nested-images columns-default is-cropped wp-block-gallery-3 is-layout-flex wp-block-gallery-is-layout-flex\"> <figure class=\"wp-block-image size-large\"><img loading=\"lazy\" decoding=\"async\" width=\"720\" height=\"540\" data-id=\"346\" src=\"https:\/\/hangermachinery.com\/wp-content\/uploads\/2022\/07\/hanger-machine-details.webp\" alt=\"Details zur B\u00fcgelmaschine\" class=\"wp-image-346\" title=\"\" srcset=\"https:\/\/hangermachinery.com\/wp-content\/uploads\/2022\/07\/hanger-machine-details.webp 720w, https:\/\/hangermachinery.com\/wp-content\/uploads\/2022\/07\/hanger-machine-details-300x225.webp 300w\" sizes=\"auto, (max-width: 720px) 100vw, 720px\" \/><figcaption>H\u00e4nger-Maschine Details<\/figcaption><\/figure>    <figure class=\"wp-block-image size-large\"><img loading=\"lazy\" decoding=\"async\" width=\"720\" height=\"540\" data-id=\"347\" src=\"https:\/\/hangermachinery.com\/wp-content\/uploads\/2022\/07\/hanger-1.webp\" alt=\"B\u00fcgel\" class=\"wp-image-347\" title=\"\" srcset=\"https:\/\/hangermachinery.com\/wp-content\/uploads\/2022\/07\/hanger-1.webp 720w, https:\/\/hangermachinery.com\/wp-content\/uploads\/2022\/07\/hanger-1-300x225.webp 300w\" sizes=\"auto, (max-width: 720px) 100vw, 720px\" \/><figcaption>B\u00fcgel<\/figcaption><\/figure> <\/figure>    <p class=\"translation-block\"><br>Wir haben k\u00fcrzlich nach Mexiko exportiert, der Kunde wollte unsere <a href=\"https:\/\/hangermachinery.com\/de\/product\/coat-hanger-making-machine\/\">B\u00fcgelmaschine<\/a> kaufen, bef\u00fcrchtete jedoch, dass seine Rohstoffe nicht geeignet w\u00e4ren. Wir nahmen Kontakt auf und baten den Kunden der Schwei\u00dfdraht-B\u00fcgelherstellungsmaschine in Mexiko, uns eine Probe seiner Rohstoffe zu schicken. Anschlie\u00dfend testeten wir die Maschine in der Fabrik und filmten ein Video f\u00fcr den Kunden. Da das Ergebnis gut war, unterschrieben sie einen Kaufvertrag, und der mexikanische Kunde kaufte zwei B\u00fcgelmaschinen. Wir passen die Maschine an die gew\u00fcnschte B\u00fcgelform des Kunden an, damit dieser beim Verkauf der B\u00fcgel gute Ums\u00e4tze erzielen kann.<\/p>","protected":false},"excerpt":{"rendered":"<p>Die Schwei\u00dfdraht-B\u00fcgelherstellungsmaschine ist die Ausr\u00fcstung zur Herstellung von B\u00fcgeln. <\/p>","protected":false},"author":1,"featured_media":337,"parent":0,"template":"","tags":[29,25],"product-type":[11,17],"class_list":["post-120","product","type-product","status-publish","has-post-thumbnail","hentry","tag-hanger","tag-welding-wire-hanger-making-machine","product-type-product","product-type-welding-wire-hanger-making-machine"],"_links":{"self":[{"href":"https:\/\/hangermachinery.com\/de\/wp-json\/wp\/v2\/product\/120","targetHints":{"allow":["GET"]}}],"collection":[{"href":"https:\/\/hangermachinery.com\/de\/wp-json\/wp\/v2\/product"}],"about":[{"href":"https:\/\/hangermachinery.com\/de\/wp-json\/wp\/v2\/types\/product"}],"author":[{"embeddable":true,"href":"https:\/\/hangermachinery.com\/de\/wp-json\/wp\/v2\/users\/1"}],"wp:featuredmedia":[{"embeddable":true,"href":"https:\/\/hangermachinery.com\/de\/wp-json\/wp\/v2\/media\/337"}],"wp:attachment":[{"href":"https:\/\/hangermachinery.com\/de\/wp-json\/wp\/v2\/media?parent=120"}],"wp:term":[{"taxonomy":"post_tag","embeddable":true,"href":"https:\/\/hangermachinery.com\/de\/wp-json\/wp\/v2\/tags?post=120"},{"taxonomy":"product-type","embeddable":true,"href":"https:\/\/hangermachinery.com\/de\/wp-json\/wp\/v2\/product-type?post=120"}],"curies":[{"name":"wp","href":"https:\/\/api.w.org\/{rel}","templated":true}]}}