{"id":132,"date":"2022-07-17T17:07:55","date_gmt":"2022-07-17T17:07:55","guid":{"rendered":"https:\/\/hangermachinery.com\/?post_type=product&#038;p=132"},"modified":"2022-12-02T16:31:35","modified_gmt":"2022-12-02T08:31:35","slug":"butterfly-type-hanger-product-machine","status":"publish","type":"product","link":"https:\/\/hangermachinery.com\/de\/product\/butterfly-type-hanger-product-machine\/","title":{"rendered":"Schmetterlingsf\u00f6rmige B\u00fcgel-Produktmaschine | B\u00fcgelmaschine"},"content":{"rendered":"<p class=\"translation-block\">Die Schmetterlingstyp-B\u00fcgelproduktmaschine ist eine Maschine zur Herstellung von B\u00fcgeln. Die <a href=\"https:\/\/hangermachinery.com\/de\/products\/plastic-coated-hanger-production-line\/\">Drahtb\u00fcgel-Produktionsmaschine<\/a> verwendet Rohstoffe wie Eisendraht und <a href=\"https:\/\/en.wikipedia.org\/wiki\/Galvanization\" data-type=\"URL\" data-id=\"https:\/\/en.wikipedia.org\/wiki\/Galvanization\" target=\"_blank\" rel=\"noopener\">verzinkten<\/a> Draht, um zu B\u00fcgeln verarbeitet zu werden, und die Form des B\u00fcgels kann angepasst werden. Dies ist die Schmetterlingsform-B\u00fcgelmaschine. Der Schmetterlingsb\u00fcgel ist attraktiv im Aussehen und hat eine rutschfeste Wirkung.<\/p>    <figure class=\"wp-block-image size-full\"><img loading=\"lazy\" decoding=\"async\" width=\"720\" height=\"540\" src=\"https:\/\/hangermachinery.com\/wp-content\/uploads\/2022\/07\/Butterfly-type-hanger-.webp\" alt=\"Schmetterling Typ  Kleiderb\u00fcgel\" class=\"wp-image-350\" title=\"\" srcset=\"https:\/\/hangermachinery.com\/wp-content\/uploads\/2022\/07\/Butterfly-type-hanger-.webp 720w, https:\/\/hangermachinery.com\/wp-content\/uploads\/2022\/07\/Butterfly-type-hanger--300x225.webp 300w\" sizes=\"auto, (max-width: 720px) 100vw, 720px\" \/><figcaption class=\"wp-element-caption\">Schmetterling&amp;Nbsp;Typ&amp;Nbsp;&amp;Nbsp;Kleiderb\u00fcgel<\/figcaption><\/figure>    <h2 class=\"wp-block-heading\" id=\"h-why-is-it-called-a-butterfly-hanger-machine\">Warum wird die Schmetterlingstyp-B\u00fcgelproduktmaschine genannt?<\/h2>    <figure class=\"wp-block-embed is-type-video is-provider-youtube wp-block-embed-youtube wp-embed-aspect-16-9 wp-has-aspect-ratio\"><div class=\"wp-block-embed__wrapper\"> <iframe loading=\"lazy\" title=\"Eine Drahtb\u00fcgel-Fabrik l\u00e4uft in Saudi-Arabien | Kleiderb\u00fcgelhaken-Herstellungsmaschine\" width=\"500\" height=\"281\" src=\"https:\/\/www.youtube.com\/embed\/MfuP8dbRTU4?feature=oembed\" frameborder=\"0\" allow=\"accelerometer; autoplay; clipboard-write; encrypted-media; gyroscope; picture-in-picture; web-share\" referrerpolicy=\"strict-origin-when-cross-origin\" allowfullscreen><\/iframe> <\/div><\/figure>    <p><br>Warum hei\u00dft es eine Schmetterlings-Halterungsmaschine? Weil die Form des Kleiderb\u00fcgels einzigartig ist, die Form des Kleiderb\u00fcgels \u00e4hnelt somewhat den Fl\u00fcgeln eines Schmetterlings, deshalb wird sie eine Schmetterlings-Halterungsmaschine genannt. Die Form der Schmetterlings-Kleiderb\u00fcgelmaschine ist sehr sch\u00f6n, und aufgrund ihrer einzigartigen Form hat die Kleiderb\u00fcgelmaschine auch eine rutschfeste Wirkung. Daher ist die Schmetterlings-Halterungsmaschine eine Form, die viele Menschen m\u00f6gen.<\/p>    <h2 class=\"wp-block-heading\">Parameter der Schmetterlingstyp B\u00fcgelproduktmaschine<\/h2>    <figure class=\"wp-block-table\"><table><tbody><tr><td>Modell<\/td><td>SL-600<\/td><\/tr><tr><td>Kapazit\u00e4t<\/td><td>50 Stk\/h<\/td><\/tr><tr><td>Verzinkter Draht<\/td><td>1,8 mm~2,2 mm<\/td><\/tr><tr><td>P.V.C beschichteter Draht<\/td><td>2,8 mm~3,6 mm<\/td><\/tr><tr><td>Motor<\/td><td>2 PS<\/td><\/tr><tr><td>Drahteinzugsst\u00e4nder<\/td><td>2 PS<\/td><\/tr><tr><td>B\u00fcgelgr\u00f6\u00dfe<\/td><td>13-14 cm f\u00fcr Kinder<br>15-19 cm f\u00fcr Erwachsene<\/td><\/tr><tr><td>Nettogewicht<\/td><td>750 kg<\/td><\/tr><tr><td>Maschinengr\u00f6\u00dfe<\/td><td>1800*800*1650 mm (L*B*H)<\/td><\/tr><\/tbody><\/table><\/figure>    <h2 class=\"wp-block-heading\" id=\"h-why-can-the-butterfly-type-hanger-product-machine-make-a-variety-of-shapes\">Warum kann die Schmetterlingstyp-B\u00fcgelproduktmaschine verschiedene Formen herstellen?<\/h2>    <figure class=\"wp-block-image size-full\"><img loading=\"lazy\" decoding=\"async\" width=\"720\" height=\"540\" src=\"https:\/\/hangermachinery.com\/wp-content\/uploads\/2022\/07\/Butterfly-type-hanger-product-machine-4.webp\" alt=\"Schmetterlingsf\u00f6rmige B\u00fcgel-Produktmaschine\" class=\"wp-image-437\" title=\"\" srcset=\"https:\/\/hangermachinery.com\/wp-content\/uploads\/2022\/07\/Butterfly-type-hanger-product-machine-4.webp 720w, https:\/\/hangermachinery.com\/wp-content\/uploads\/2022\/07\/Butterfly-type-hanger-product-machine-4-300x225.webp 300w\" sizes=\"auto, (max-width: 720px) 100vw, 720px\" \/><figcaption class=\"wp-element-caption\">Schmetterlingstyp B\u00fcgelproduktmaschine<\/figcaption><\/figure>    <p>Die Schmetterlingsb\u00fcgelmaschine kann viele verschiedene Formen herstellen, weil die B\u00fcgelmaschine die Form wechseln kann, und die Form des durch verschiedene Formen produzierten B\u00fcgels wird unterschiedlich sein. Au\u00dferdem kann die Gr\u00f6\u00dfe des B\u00fcgels ebenfalls angepasst werden. Wenn Sie verschiedene Formen von Kleiderb\u00fcgeln produzieren m\u00f6chten, k\u00f6nnen Sie mehrere Formen erwerben, damit verschiedene Kleiderb\u00fcgel produziert werden k\u00f6nnen und den Kunden mehr Auswahl geboten wird.<\/p>    <h2 class=\"wp-block-heading\" id=\"h-size-of-the-butterfly-type-hanger-making-machine-to-produce-hangers\">Gr\u00f6\u00dfe der Schmetterlingstyp-B\u00fcgelproduktmaschine zur Herstellung von B\u00fcgeln<\/h2>    <p>Wir stellten fest, dass einige B\u00fcgel unterschiedliche Gr\u00f6\u00dfen haben, insbesondere f\u00fcr Kinder und Erwachsene. Im Allgemeinen werden B\u00fcgel der Gr\u00f6\u00dfe 13-15 f\u00fcr Kinder und 16-20 f\u00fcr Erwachsene verwendet, was w\u00e4hrend der Produktion an der Maschine direkt eingestellt werden kann, um die Gr\u00f6\u00dfe der hergestellten B\u00fcgel zu steuern.<\/p>    <div class=\"wp-block-media-text alignwide is-stacked-on-mobile\"><figure class=\"wp-block-media-text__media\"><img loading=\"lazy\" decoding=\"async\" width=\"720\" height=\"540\" src=\"https:\/\/hangermachinery.com\/wp-content\/uploads\/2022\/07\/Butterfly-type-hanger-product-machine-2.webp\" alt=\"Schmetterlingstyp  B\u00fcgelproduktmaschine\" class=\"wp-image-352 size-full\" title=\"\" srcset=\"https:\/\/hangermachinery.com\/wp-content\/uploads\/2022\/07\/Butterfly-type-hanger-product-machine-2.webp 720w, https:\/\/hangermachinery.com\/wp-content\/uploads\/2022\/07\/Butterfly-type-hanger-product-machine-2-300x225.webp 300w\" sizes=\"auto, (max-width: 720px) 100vw, 720px\" \/><\/figure><div class=\"wp-block-media-text__content\"> <p class=\"has-medium-font-size\">Einfach zu bedienen<\/p> <\/div><\/div>    <div class=\"wp-block-media-text alignwide has-media-on-the-right is-stacked-on-mobile\"><div class=\"wp-block-media-text__content\"> <p class=\"has-medium-font-size\">Hohe Pr\u00e4zision, gleichbleibende Gr\u00f6\u00dfe der hergestellten B\u00fcgel<\/p> <\/div><figure class=\"wp-block-media-text__media\"><img loading=\"lazy\" decoding=\"async\" width=\"720\" height=\"540\" src=\"https:\/\/hangermachinery.com\/wp-content\/uploads\/2022\/07\/Butterfly-type-hanger-product-machine-3.webp\" alt=\"Schmetterlingstyp  B\u00fcgelproduktmaschine\" class=\"wp-image-353 size-full\" title=\"\" srcset=\"https:\/\/hangermachinery.com\/wp-content\/uploads\/2022\/07\/Butterfly-type-hanger-product-machine-3.webp 720w, https:\/\/hangermachinery.com\/wp-content\/uploads\/2022\/07\/Butterfly-type-hanger-product-machine-3-300x225.webp 300w\" sizes=\"auto, (max-width: 720px) 100vw, 720px\" \/><\/figure><\/div>    <div class=\"wp-block-media-text alignwide is-stacked-on-mobile\"><figure class=\"wp-block-media-text__media\"><img loading=\"lazy\" decoding=\"async\" width=\"720\" height=\"540\" src=\"https:\/\/hangermachinery.com\/wp-content\/uploads\/2022\/07\/hanger-product-machine-1.webp\" alt=\"Schmetterlingstyp  B\u00fcgelproduktmaschine\" class=\"wp-image-354 size-full\" title=\"\" srcset=\"https:\/\/hangermachinery.com\/wp-content\/uploads\/2022\/07\/hanger-product-machine-1.webp 720w, https:\/\/hangermachinery.com\/wp-content\/uploads\/2022\/07\/hanger-product-machine-1-300x225.webp 300w\" sizes=\"auto, (max-width: 720px) 100vw, 720px\" \/><\/figure><div class=\"wp-block-media-text__content\"> <p class=\"has-medium-font-size\">Robustes und langlebiges Produkt mit hohem Wert<\/p> <\/div><\/div>    <h2 class=\"wp-block-heading\" id=\"h-what-are-the-advantages-of-metal-hangers-compared-with-other-hangers\">Welche Vorteile haben Metallb\u00fcgel im Vergleich zu anderen B\u00fcgeln<\/h2>    <figure class=\"wp-block-image size-full\"><img loading=\"lazy\" decoding=\"async\" width=\"720\" height=\"540\" src=\"https:\/\/hangermachinery.com\/wp-content\/uploads\/2022\/07\/0.56-1.webp\" alt=\" Metallkleiderb\u00fcgel \" class=\"wp-image-355\" title=\"\" srcset=\"https:\/\/hangermachinery.com\/wp-content\/uploads\/2022\/07\/0.56-1.webp 720w, https:\/\/hangermachinery.com\/wp-content\/uploads\/2022\/07\/0.56-1-300x225.webp 300w\" sizes=\"auto, (max-width: 720px) 100vw, 720px\" \/><figcaption class=\"wp-element-caption\"> Metallb\u00fcgel <\/figcaption><\/figure>    <ul class=\"wp-block-list\"> <li>G\u00fcnstig und langlebig<\/li>    <li>Relativ einfach herzustellen, geeignet f\u00fcr Massenproduktion;<\/li>    <li>Haupts\u00e4chlich aus Draht gefertigt, leicht und praktisch, sehr geeignet f\u00fcr den Hausgebrauch;<\/li>    <li>Ausgezeichnetes Aussehen, verschiedene Farben<\/li>    <li>Edelstahlprodukte haben lange Lebensdauer;<\/li>    <li>Metallrohstoffe k\u00f6nnen bis zu einem gewissen Grad recycelt werden<\/li> <\/ul>                <div class=\"wp-block-shuliy-wp-blocks-latest-posts has-2-columns\">                             <div class=\"shuliy-wp-blocks-latest-posts-item\">                     <a href=\"https:\/\/hangermachinery.com\/de\/product\/cloth-hanger-machine\/\" target=\"_blank\">                         <img class=\"shuliy-wp-blocks-latest-posts-item__featured-image\" src=\"https:\/\/hangermachinery.com\/wp-content\/uploads\/2023\/06\/cloths-hanger-machine-for-sale.webp\" alt=\"\" \/>                     <\/a>                      <h2 class=\"shuliy-wp-blocks-latest-posts-item__title\">                         <a href=\"https:\/\/hangermachinery.com\/de\/product\/cloth-hanger-machine\/\" target=\"_blank\">                             Kleiderb\u00fcgelmaschine                        <\/a>                     <\/h2>                 <\/div>                             <div class=\"shuliy-wp-blocks-latest-posts-item\">                     <a href=\"https:\/\/hangermachinery.com\/de\/product\/raw-galvanized-wire\/\" target=\"_blank\">                         <img class=\"shuliy-wp-blocks-latest-posts-item__featured-image\" src=\"https:\/\/hangermachinery.com\/wp-content\/uploads\/2023\/01\/galvanized-wire-for-making-clothes-hangers.jpg\" alt=\"\" \/>                     <\/a>                      <h2 class=\"shuliy-wp-blocks-latest-posts-item__title\">                         <a href=\"https:\/\/hangermachinery.com\/de\/product\/raw-galvanized-wire\/\" target=\"_blank\">                             Roh verzinkter Draht zur Herstellung von Kleiderb\u00fcgeln                        <\/a>                     <\/h2>                 <\/div>                             <div class=\"shuliy-wp-blocks-latest-posts-item\">                     <a href=\"https:\/\/hangermachinery.com\/de\/product\/butterfly-type-hanger-product-machine\/\" target=\"_blank\">                         <img class=\"shuliy-wp-blocks-latest-posts-item__featured-image\" src=\"https:\/\/hangermachinery.com\/wp-content\/uploads\/2022\/07\/Butterfly-type-hanger-product-machine.webp\" alt=\"\" \/>                     <\/a>                      <h2 class=\"shuliy-wp-blocks-latest-posts-item__title\">                         <a href=\"https:\/\/hangermachinery.com\/de\/product\/butterfly-type-hanger-product-machine\/\" target=\"_blank\">                             Schmetterlingsf\u00f6rmige B\u00fcgel-Produktmaschine | B\u00fcgelmaschine                        <\/a>                     <\/h2>                 <\/div>                             <div class=\"shuliy-wp-blocks-latest-posts-item\">                     <a href=\"https:\/\/hangermachinery.com\/de\/product\/welding-wire-hanger-making-machine\/\" target=\"_blank\">                         <img class=\"shuliy-wp-blocks-latest-posts-item__featured-image\" src=\"https:\/\/hangermachinery.com\/wp-content\/uploads\/2022\/07\/Welding-wire-hanger-making-machine.webp\" alt=\"\" \/>                     <\/a>                      <h2 class=\"shuliy-wp-blocks-latest-posts-item__title\">                         <a href=\"https:\/\/hangermachinery.com\/de\/product\/welding-wire-hanger-making-machine\/\" target=\"_blank\">                             Schwei\u00dfdraht-B\u00fcgel-Herstellungsmaschine | Metallb\u00fcgel-Maschine                        <\/a>                     <\/h2>                 <\/div>                             <div class=\"shuliy-wp-blocks-latest-posts-item\">                     <a href=\"https:\/\/hangermachinery.com\/de\/product\/coat-hanger-making-machine\/\" target=\"_blank\">                         <img class=\"shuliy-wp-blocks-latest-posts-item__featured-image\" src=\"https:\/\/hangermachinery.com\/wp-content\/uploads\/2022\/07\/Coat-Hanger-Making-Machine.webp\" alt=\"\" \/>                     <\/a>                      <h2 class=\"shuliy-wp-blocks-latest-posts-item__title\">                         <a href=\"https:\/\/hangermachinery.com\/de\/product\/coat-hanger-making-machine\/\" target=\"_blank\">                             Maschine zur Herstellung von Mantelb\u00fcgeln | Produktionsmaschine f\u00fcr B\u00fcgel                        <\/a>                     <\/h2>                 <\/div>                     <\/div>","protected":false},"excerpt":{"rendered":"<p>Eine Schmetterlings-B\u00fcgelproduktmaschine ist eine Maschine zur Herstellung von B\u00fcgeln. <\/p>","protected":false},"author":1,"featured_media":348,"parent":0,"template":"","tags":[29,30],"product-type":[11,18],"class_list":["post-132","product","type-product","status-publish","has-post-thumbnail","hentry","tag-hanger","tag-hanger-product-machine","product-type-product","product-type-butterfly-type-hanger-product-machine"],"_links":{"self":[{"href":"https:\/\/hangermachinery.com\/de\/wp-json\/wp\/v2\/product\/132","targetHints":{"allow":["GET"]}}],"collection":[{"href":"https:\/\/hangermachinery.com\/de\/wp-json\/wp\/v2\/product"}],"about":[{"href":"https:\/\/hangermachinery.com\/de\/wp-json\/wp\/v2\/types\/product"}],"author":[{"embeddable":true,"href":"https:\/\/hangermachinery.com\/de\/wp-json\/wp\/v2\/users\/1"}],"wp:featuredmedia":[{"embeddable":true,"href":"https:\/\/hangermachinery.com\/de\/wp-json\/wp\/v2\/media\/348"}],"wp:attachment":[{"href":"https:\/\/hangermachinery.com\/de\/wp-json\/wp\/v2\/media?parent=132"}],"wp:term":[{"taxonomy":"post_tag","embeddable":true,"href":"https:\/\/hangermachinery.com\/de\/wp-json\/wp\/v2\/tags?post=132"},{"taxonomy":"product-type","embeddable":true,"href":"https:\/\/hangermachinery.com\/de\/wp-json\/wp\/v2\/product-type?post=132"}],"curies":[{"name":"wp","href":"https:\/\/api.w.org\/{rel}","templated":true}]}}