{"id":559,"date":"2023-01-04T14:06:04","date_gmt":"2023-01-04T06:06:04","guid":{"rendered":"https:\/\/hangermachinery.com\/?post_type=product&#038;p=559"},"modified":"2023-01-04T14:06:05","modified_gmt":"2023-01-04T06:06:05","slug":"raw-galvanized-wire","status":"publish","type":"product","link":"https:\/\/hangermachinery.com\/de\/product\/raw-galvanized-wire\/","title":{"rendered":"Roh verzinkter Draht zur Herstellung von Kleiderb\u00fcgeln"},"content":{"rendered":"<p class=\"translation-block\">Verzinkter Draht ist eines der Rohmaterialien zur Herstellung von <a href=\"https:\/\/hangermachinery.com\/de\/product\/pvc-coated-wire-hanger-production-line\/\" data-type=\"URL\" data-id=\"https:\/\/hangermachinery.com\/product\/pvc-coated-wire-hanger-production-line\/\">Kleiderb\u00fcgeln<\/a>. Verzinkter Stahldraht ist korrosionsbest\u00e4ndig, von guter Qualit\u00e4t und hat eine gl\u00e4nzende Oberfl\u00e4che, wodurch er sich sehr gut zur Verarbeitung von Kleiderb\u00fcgeln eignet. Neben dem Verkauf von Kleiderb\u00fcgeln exportiert Shuliy auch verzinkten Stahldraht, der das Rohmaterial zur Herstellung von Kleiderb\u00fcgeln ist.<\/p>   <div class=\"wp-block-image\"> <figure class=\"aligncenter size-full\"><img loading=\"lazy\" decoding=\"async\" width=\"720\" height=\"540\" src=\"https:\/\/hangermachinery.com\/wp-content\/uploads\/2023\/01\/galvanized-wire-1.jpg\" alt=\"verzinkter Draht\" class=\"wp-image-573\" title=\"\" srcset=\"https:\/\/hangermachinery.com\/wp-content\/uploads\/2023\/01\/galvanized-wire-1.jpg 720w, https:\/\/hangermachinery.com\/wp-content\/uploads\/2023\/01\/galvanized-wire-1-300x225.jpg 300w\" sizes=\"auto, (max-width: 720px) 100vw, 720px\" \/><figcaption class=\"wp-element-caption\">verzinkter Draht<\/figcaption><\/figure> <\/div>   <h2 class=\"wp-block-heading\">Einf\u00fchrung von verzinktem Stahldraht zur Herstellung von Kleiderb\u00fcgeln<\/h2>    <p class=\"translation-block\">Um B\u00fcgel herzustellen, ist verzinkter Stahldraht unverzichtbar. Der \u00fcbliche Drahtdurchmesser dieses hellverzinkten Drahtes liegt im Allgemeinen bei 1,8\u20132,5 mm. Die Verkaufseinheit von verzinktem Draht ist die Tonne, \u00fcblicherweise f\u00fcnf Tonnen. Verzinkter Draht wird allgemein f\u00fcr Baustellenbindung, Verpackung, Filtergewebe, Handwerk, <a href=\"https:\/\/www.urbandictionary.com\/define.php?term=hookup\" data-type=\"URL\" data-id=\"https:\/\/www.urbandictionary.com\/define.php?term=hookup\" target=\"_blank\" rel=\"noopener\">Aufh\u00e4nger<\/a> usw. verwendet.<\/p>    <figure class=\"wp-block-gallery has-nested-images columns-default is-cropped wp-block-gallery-2 is-layout-flex wp-block-gallery-is-layout-flex\"> <figure class=\"wp-block-image size-large\"><img loading=\"lazy\" decoding=\"async\" width=\"720\" height=\"540\" data-id=\"568\" src=\"https:\/\/hangermachinery.com\/wp-content\/uploads\/2023\/01\/animal-cage.jpg\" alt=\"Tiergehege\" class=\"wp-image-568\" title=\"\" srcset=\"https:\/\/hangermachinery.com\/wp-content\/uploads\/2023\/01\/animal-cage.jpg 720w, https:\/\/hangermachinery.com\/wp-content\/uploads\/2023\/01\/animal-cage-300x225.jpg 300w\" sizes=\"auto, (max-width: 720px) 100vw, 720px\" \/><figcaption class=\"wp-element-caption\">K\u00e4fig f\u00fcr Tiere<\/figcaption><\/figure>    <figure class=\"wp-block-image size-large\"><img loading=\"lazy\" decoding=\"async\" width=\"720\" height=\"540\" data-id=\"567\" src=\"https:\/\/hangermachinery.com\/wp-content\/uploads\/2023\/01\/for-construction.jpg\" alt=\"f\u00fcr den Bau\" class=\"wp-image-567\" title=\"\" srcset=\"https:\/\/hangermachinery.com\/wp-content\/uploads\/2023\/01\/for-construction.jpg 720w, https:\/\/hangermachinery.com\/wp-content\/uploads\/2023\/01\/for-construction-300x225.jpg 300w\" sizes=\"auto, (max-width: 720px) 100vw, 720px\" \/><figcaption class=\"wp-element-caption\">F\u00fcr den Bau<\/figcaption><\/figure>    <figure class=\"wp-block-image size-large\"><img loading=\"lazy\" decoding=\"async\" width=\"720\" height=\"540\" data-id=\"566\" src=\"https:\/\/hangermachinery.com\/wp-content\/uploads\/2023\/01\/hook-up-1.jpg\" alt=\"haken\" class=\"wp-image-566\" title=\"\" srcset=\"https:\/\/hangermachinery.com\/wp-content\/uploads\/2023\/01\/hook-up-1.jpg 720w, https:\/\/hangermachinery.com\/wp-content\/uploads\/2023\/01\/hook-up-1-300x225.jpg 300w\" sizes=\"auto, (max-width: 720px) 100vw, 720px\" \/><figcaption class=\"wp-element-caption\">Aufhaken<\/figcaption><\/figure>    <figure class=\"wp-block-image size-large\"><img loading=\"lazy\" decoding=\"async\" width=\"720\" height=\"540\" data-id=\"565\" src=\"https:\/\/hangermachinery.com\/wp-content\/uploads\/2023\/01\/hook-up.jpg\" alt=\"haken\" class=\"wp-image-565\" title=\"\" srcset=\"https:\/\/hangermachinery.com\/wp-content\/uploads\/2023\/01\/hook-up.jpg 720w, https:\/\/hangermachinery.com\/wp-content\/uploads\/2023\/01\/hook-up-300x225.jpg 300w\" sizes=\"auto, (max-width: 720px) 100vw, 720px\" \/><figcaption class=\"wp-element-caption\">Aufhaken<\/figcaption><\/figure>    <figure class=\"wp-block-image size-large\"><img loading=\"lazy\" decoding=\"async\" width=\"720\" height=\"540\" data-id=\"564\" src=\"https:\/\/hangermachinery.com\/wp-content\/uploads\/2023\/01\/fence.jpg\" alt=\"Zaun\" class=\"wp-image-564\" title=\"\" srcset=\"https:\/\/hangermachinery.com\/wp-content\/uploads\/2023\/01\/fence.jpg 720w, https:\/\/hangermachinery.com\/wp-content\/uploads\/2023\/01\/fence-300x225.jpg 300w\" sizes=\"auto, (max-width: 720px) 100vw, 720px\" \/><figcaption class=\"wp-element-caption\">Zaun<\/figcaption><\/figure>    <figure class=\"wp-block-image size-large\"><img loading=\"lazy\" decoding=\"async\" width=\"720\" height=\"540\" data-id=\"563\" src=\"https:\/\/hangermachinery.com\/wp-content\/uploads\/2023\/01\/hangre.jpg\" alt=\"B\u00fcgel\" class=\"wp-image-563\" title=\"\" srcset=\"https:\/\/hangermachinery.com\/wp-content\/uploads\/2023\/01\/hangre.jpg 720w, https:\/\/hangermachinery.com\/wp-content\/uploads\/2023\/01\/hangre-300x225.jpg 300w\" sizes=\"auto, (max-width: 720px) 100vw, 720px\" \/><figcaption class=\"wp-element-caption\">Hangr<\/figcaption><\/figure> <\/figure>    <h2 class=\"wp-block-heading\">Wie w\u00e4hlt man den Durchmesser des verzinkten Drahtes?<\/h2>    <h3 class=\"wp-block-heading\">Ber\u00fccksichtigen Sie die Tragkraft des B\u00fcgels<\/h3>    <p>Einerseits ist die Tragkraft des B\u00fcgels zu beachten. Obwohl das Gewicht der auf dem B\u00fcgel getrockneten Kleidung relativ gering ist, hat es bei dicker Kleidung dennoch ein gewisses Gewicht, daher ist eine bestimmte Tragf\u00e4higkeit erforderlich.<\/p>   <div class=\"wp-block-image\"> <figure class=\"aligncenter size-full\"><img loading=\"lazy\" decoding=\"async\" width=\"720\" height=\"540\" src=\"https:\/\/hangermachinery.com\/wp-content\/uploads\/2023\/01\/galvanized-steel-wire-hangers.jpg\" alt=\"verzinkte Stahl-Drahtb\u00fcgel\" class=\"wp-image-572\" title=\"\" srcset=\"https:\/\/hangermachinery.com\/wp-content\/uploads\/2023\/01\/galvanized-steel-wire-hangers.jpg 720w, https:\/\/hangermachinery.com\/wp-content\/uploads\/2023\/01\/galvanized-steel-wire-hangers-300x225.jpg 300w\" sizes=\"auto, (max-width: 720px) 100vw, 720px\" \/><figcaption class=\"wp-element-caption\">verzinkte Stahl-Drahtb\u00fcgel<\/figcaption><\/figure> <\/div>   <h3 class=\"wp-block-heading\">Kosten bedenken<\/h3>    <p>Zweitens m\u00fcssen wir die Kosten f\u00fcr verzinkten Stahldraht ber\u00fccksichtigen. Diese Art von Einweg-Haken wird haupts\u00e4chlich in Reinigungen, Hotels verwendet und nach dem Waschen der Kleidung direkt an die Kunden gespendet. Daher m\u00fcssen die Kosten f\u00fcr den Haken ber\u00fccksichtigt werden, und zu dicker verzinkter Draht sollte nicht verwendet werden.<br>Es ist bekannt. Verzinkter Stahldraht wird pro Tonne verkauft, daher gilt: Je dicker der Drahtdurchmesser und je k\u00fcrzer die L\u00e4nge, desto weniger Haken werden hergestellt. Daher ist 1,8-2,5 mm der \u00fcbliche Durchmesser f\u00fcr verzinkten Stahldraht.<\/p>    <h2 class=\"wp-block-heading\">Wie Kleiderb\u00fcgel hergestellt werden<\/h2>    <p class=\"translation-block\">Der <a href=\"https:\/\/hangermachinery.com\/de\/product\/plastic-coated-hanger-production-line\/\">Herstellungsprozess von B\u00fcgeln<\/a> ist relativ einfach. Das Hauptrohmaterial f\u00fcr die B\u00fcgelproduktion ist verzinkter Draht, der maschinell geformt werden kann. Zu diesem Zeitpunkt erf\u00fcllen die Kleiderb\u00fcgel die Bed\u00fcrfnisse vieler Kunden und Verbraucher, und diese Art von Kleiderb\u00fcgeln ist sehr beliebt, weil sie wirtschaftlich ist.<\/p>    <figure class=\"wp-block-gallery has-nested-images columns-default is-cropped wp-block-gallery-3 is-layout-flex wp-block-gallery-is-layout-flex\"> <figure class=\"wp-block-image size-large\"><img loading=\"lazy\" decoding=\"async\" width=\"720\" height=\"540\" data-id=\"569\" src=\"https:\/\/hangermachinery.com\/wp-content\/uploads\/2023\/01\/galvanized-wire.jpg\" alt=\"verzinkter Draht\" class=\"wp-image-569\" title=\"\" srcset=\"https:\/\/hangermachinery.com\/wp-content\/uploads\/2023\/01\/galvanized-wire.jpg 720w, https:\/\/hangermachinery.com\/wp-content\/uploads\/2023\/01\/galvanized-wire-300x225.jpg 300w\" sizes=\"auto, (max-width: 720px) 100vw, 720px\" \/><figcaption><\/figcaption><\/figure>    <figure class=\"wp-block-image size-large\"><img loading=\"lazy\" decoding=\"async\" width=\"720\" height=\"540\" data-id=\"570\" src=\"https:\/\/hangermachinery.com\/wp-content\/uploads\/2023\/01\/hangers.jpg\" alt=\"B\u00fcgel\" class=\"wp-image-570\" title=\"\" srcset=\"https:\/\/hangermachinery.com\/wp-content\/uploads\/2023\/01\/hangers.jpg 720w, https:\/\/hangermachinery.com\/wp-content\/uploads\/2023\/01\/hangers-300x225.jpg 300w\" sizes=\"auto, (max-width: 720px) 100vw, 720px\" \/><figcaption class=\"wp-element-caption\">B\u00fcgel<\/figcaption><\/figure> <\/figure>    <p>Neben dem Direktverkauf ist es auch m\u00f6glich, die B\u00fcgel zu beschichten und dann zu trocknen. In diesem Fall k\u00f6nnen die B\u00fcgel in verschiedenen Farben bespr\u00fcht werden, sodass sie sch\u00f6ner sind und durch den Schutz der Beschichtung auch langlebiger werden.<\/p>    <h2 class=\"wp-block-heading\">Vorteile von verzinktem Stahldraht <\/h2>    <p>Langfristig ist es nicht leicht, sich zu verziehen<br>Helles Oberfl\u00e4chenbild, glatte und sch\u00f6ne Optik<br>Einheitliche Zinkschicht und stabile Struktur<br>Der Durchmesser des verzinkten Stahldrahts ist geringf\u00fcgig, einheitliche Produktion, strenge Kontrolle<\/p>    <h2 class=\"wp-block-heading\">\u00dcber Erfolgsgeschichten von Kunden mit verzinktem Draht<\/h2>   <div class=\"wp-block-image\"> <figure class=\"aligncenter size-full\"><img loading=\"lazy\" decoding=\"async\" width=\"720\" height=\"540\" src=\"https:\/\/hangermachinery.com\/wp-content\/uploads\/2023\/01\/galvanized-steel-wire-factory-1.jpg\" alt=\"Fabrik f\u00fcr verzinkten Stahldraht\" class=\"wp-image-571\" title=\"\" srcset=\"https:\/\/hangermachinery.com\/wp-content\/uploads\/2023\/01\/galvanized-steel-wire-factory-1.jpg 720w, https:\/\/hangermachinery.com\/wp-content\/uploads\/2023\/01\/galvanized-steel-wire-factory-1-300x225.jpg 300w\" sizes=\"auto, (max-width: 720px) 100vw, 720px\" \/><figcaption class=\"wp-element-caption\">verzinkter Stahldraht <\/figcaption><\/figure> <\/div>   <p class=\"translation-block\">Wir exportierten <a href=\"https:\/\/hangermachinery.com\/de\/product\/galvanized-wire-hanger-machine\/\" data-type=\"URL\" data-id=\"https:\/\/hangermachinery.com\/product\/galvanized-wire-hanger-machine\/\">Kleiderb\u00fcgel<\/a> und 8 Tonnen rohverzinktes Stahl-Drahtmaterial in die Vereinigten Arabischen Emirate. Unter Ber\u00fccksichtigung von Faktoren wie lokalen Preisen f\u00fcr verzinkten Stahldraht und Importpreisen bestellte der Kunde das verzinkte Stahldrahtmaterial direkt beim Kauf der Kleiderb\u00fcgel. Auf diese Weise k\u00f6nnen Kunden die B\u00fcgelmaschine und den verzinkten Draht zusammen versenden, was Fracht spart und Kosten reduziert.<\/p>","protected":false},"excerpt":{"rendered":"<p>Galvanized wire is one of the raw materials for making clothes hangers. Galvanized steel wire is anti-corrosion, of good quality and bright on the surface, and very suitable for processing clothes hangers. In addition to selling clothes hangers, shuliy also exports galvanized steel wire, which is the raw material for making clothes hangers. Introduction of [&hellip;]<\/p>\n","protected":false},"author":1,"featured_media":560,"parent":0,"template":"","tags":[],"product-type":[11],"class_list":["post-559","product","type-product","status-publish","has-post-thumbnail","hentry","product-type-product"],"_links":{"self":[{"href":"https:\/\/hangermachinery.com\/de\/wp-json\/wp\/v2\/product\/559","targetHints":{"allow":["GET"]}}],"collection":[{"href":"https:\/\/hangermachinery.com\/de\/wp-json\/wp\/v2\/product"}],"about":[{"href":"https:\/\/hangermachinery.com\/de\/wp-json\/wp\/v2\/types\/product"}],"author":[{"embeddable":true,"href":"https:\/\/hangermachinery.com\/de\/wp-json\/wp\/v2\/users\/1"}],"wp:featuredmedia":[{"embeddable":true,"href":"https:\/\/hangermachinery.com\/de\/wp-json\/wp\/v2\/media\/560"}],"wp:attachment":[{"href":"https:\/\/hangermachinery.com\/de\/wp-json\/wp\/v2\/media?parent=559"}],"wp:term":[{"taxonomy":"post_tag","embeddable":true,"href":"https:\/\/hangermachinery.com\/de\/wp-json\/wp\/v2\/tags?post=559"},{"taxonomy":"product-type","embeddable":true,"href":"https:\/\/hangermachinery.com\/de\/wp-json\/wp\/v2\/product-type?post=559"}],"curies":[{"name":"wp","href":"https:\/\/api.w.org\/{rel}","templated":true}]}}