{"id":82,"date":"2022-07-17T15:17:04","date_gmt":"2022-07-17T15:17:04","guid":{"rendered":"https:\/\/hangermachinery.com\/?post_type=product&#038;p=82"},"modified":"2023-03-16T09:25:15","modified_gmt":"2023-03-16T01:25:15","slug":"plastic-coated-hanger-production-line","status":"publish","type":"product","link":"https:\/\/hangermachinery.com\/de\/product\/plastic-coated-hanger-production-line\/","title":{"rendered":"Produktionslinie f\u00fcr PVC-beschichtete B\u00fcgel | Kleiderb\u00fcgelmaschine"},"content":{"rendered":"<p class=\"translation-block\">Die Produktionslinie f\u00fcr kunststoffbeschichtete B\u00fcgel ist die Ausr\u00fcstung zur Herstellung von Kleiderb\u00fcgeln. Die Rohstoffe sind haupts\u00e4chlich verzinkte Dr\u00e4hte. Die Spritz-B\u00fcgelproduktionslinie stellt B\u00fcgel durch die <a href=\"https:\/\/hangermachinery.com\/de\/product\/galvanized-wire-hanger-machine\/\">B\u00fcgelformmaschine<\/a>, Spritzmaschine, Sufen-Recyclingsmaschine und Trockner her. Das Rohmaterial zur Herstellung der B\u00fcgel ist haupts\u00e4chlich verzinkter Draht. Unsere Produktionslinie f\u00fcr kunststoffbeschichtete B\u00fcgel wurde nach Saudi-Arabien, Australien, Mexiko, Schweden, Jemen und in andere L\u00e4nder verkauft.<\/p>    <figure class=\"wp-block-gallery has-nested-images columns-default is-cropped wp-block-gallery-2 is-layout-flex wp-block-gallery-is-layout-flex\"> <figure class=\"wp-block-image size-large\"><img loading=\"lazy\" decoding=\"async\" width=\"720\" height=\"540\" data-id=\"471\" src=\"https:\/\/hangermachinery.com\/wp-content\/uploads\/2022\/07\/red-hanger.webp\" alt=\"Roter B\u00fcgel\" class=\"wp-image-471\" title=\"\" srcset=\"https:\/\/hangermachinery.com\/wp-content\/uploads\/2022\/07\/red-hanger.webp 720w, https:\/\/hangermachinery.com\/wp-content\/uploads\/2022\/07\/red-hanger-300x225.webp 300w\" sizes=\"auto, (max-width: 720px) 100vw, 720px\" \/><figcaption class=\"wp-element-caption\">Roter B\u00fcgel<\/figcaption><\/figure>    <figure class=\"wp-block-image size-large\"><img loading=\"lazy\" decoding=\"async\" width=\"720\" height=\"540\" data-id=\"473\" src=\"https:\/\/hangermachinery.com\/wp-content\/uploads\/2022\/07\/cyan-hanger.webp\" alt=\"t\u00fcrkiser B\u00fcgel\" class=\"wp-image-473\" title=\"\" srcset=\"https:\/\/hangermachinery.com\/wp-content\/uploads\/2022\/07\/cyan-hanger.webp 720w, https:\/\/hangermachinery.com\/wp-content\/uploads\/2022\/07\/cyan-hanger-300x225.webp 300w\" sizes=\"auto, (max-width: 720px) 100vw, 720px\" \/><figcaption class=\"wp-element-caption\">Cyanfarbener B\u00fcgel<\/figcaption><\/figure>    <figure class=\"wp-block-image size-large\"><img loading=\"lazy\" decoding=\"async\" width=\"720\" height=\"540\" data-id=\"472\" src=\"https:\/\/hangermachinery.com\/wp-content\/uploads\/2022\/07\/pink-hanger.webp\" alt=\"rosa Kleiderb\u00fcgel\" class=\"wp-image-472\" title=\"\" srcset=\"https:\/\/hangermachinery.com\/wp-content\/uploads\/2022\/07\/pink-hanger.webp 720w, https:\/\/hangermachinery.com\/wp-content\/uploads\/2022\/07\/pink-hanger-300x225.webp 300w\" sizes=\"auto, (max-width: 720px) 100vw, 720px\" \/><figcaption class=\"wp-element-caption\">Rosa B\u00fcgel<\/figcaption><\/figure>    <figure class=\"wp-block-image size-large\"><img loading=\"lazy\" decoding=\"async\" width=\"720\" height=\"540\" data-id=\"474\" src=\"https:\/\/hangermachinery.com\/wp-content\/uploads\/2022\/07\/blue-white-hanger.webp\" alt=\"blau-wei\u00dfer B\u00fcgel\" class=\"wp-image-474\" title=\"\" srcset=\"https:\/\/hangermachinery.com\/wp-content\/uploads\/2022\/07\/blue-white-hanger.webp 720w, https:\/\/hangermachinery.com\/wp-content\/uploads\/2022\/07\/blue-white-hanger-300x225.webp 300w\" sizes=\"auto, (max-width: 720px) 100vw, 720px\" \/><figcaption class=\"wp-element-caption\">Blau-wei\u00dfer B\u00fcgel<\/figcaption><\/figure>    <figure class=\"wp-block-image size-large\"><img loading=\"lazy\" decoding=\"async\" width=\"720\" height=\"540\" data-id=\"476\" src=\"https:\/\/hangermachinery.com\/wp-content\/uploads\/2022\/07\/yellow-hanger.webp\" alt=\"gelber B\u00fcgel\" class=\"wp-image-476\" title=\"\" srcset=\"https:\/\/hangermachinery.com\/wp-content\/uploads\/2022\/07\/yellow-hanger.webp 720w, https:\/\/hangermachinery.com\/wp-content\/uploads\/2022\/07\/yellow-hanger-300x225.webp 300w\" sizes=\"auto, (max-width: 720px) 100vw, 720px\" \/><figcaption class=\"wp-element-caption\">Gelber B\u00fcgel<\/figcaption><\/figure>    <figure class=\"wp-block-image size-large\"><img loading=\"lazy\" decoding=\"async\" width=\"720\" height=\"540\" data-id=\"475\" src=\"https:\/\/hangermachinery.com\/wp-content\/uploads\/2022\/07\/blue-hanger.webp\" alt=\"blauer B\u00fcgel\" class=\"wp-image-475\" title=\"\" srcset=\"https:\/\/hangermachinery.com\/wp-content\/uploads\/2022\/07\/blue-hanger.webp 720w, https:\/\/hangermachinery.com\/wp-content\/uploads\/2022\/07\/blue-hanger-300x225.webp 300w\" sizes=\"auto, (max-width: 720px) 100vw, 720px\" \/><figcaption class=\"wp-element-caption\">Blauer B\u00fcgel<\/figcaption><\/figure> <\/figure>    <h2 class=\"wp-block-heading\">Video der Produktionslinie f\u00fcr kunststoffbeschichtete B\u00fcgel<\/h2>    <p>Dies ist ein Video einer kompletten Produktionslinie f\u00fcr kunststoffbeschichtete B\u00fcgel, einschlie\u00dflich B\u00fcgelformung, B\u00fcgelspritzung, B\u00fcgeltrocknung und B\u00fcgelverpackung. Vom Rohmaterial verzinktem Draht bis zur Verpackung der B\u00fcgelmaschine,<\/p>    <figure class=\"wp-block-embed is-type-video is-provider-youtube wp-block-embed-youtube wp-embed-aspect-16-9 wp-has-aspect-ratio\"><div class=\"wp-block-embed__wrapper\"> <iframe loading=\"lazy\" title=\"Aus welchem Kunststoff bestehen Kleiderb\u00fcgel? | Produktionslinie f\u00fcr kunststoffbeschichtete B\u00fcgel #wirerecycling\" width=\"500\" height=\"281\" src=\"https:\/\/www.youtube.com\/embed\/khzFz25QZKA?start=2&#038;feature=oembed\" frameborder=\"0\" allow=\"accelerometer; autoplay; clipboard-write; encrypted-media; gyroscope; picture-in-picture; web-share\" referrerpolicy=\"strict-origin-when-cross-origin\" allowfullscreen><\/iframe> <\/div><figcaption class=\"wp-element-caption\">Produktionslinie f\u00fcr kunststoffbeschichtete B\u00fcgel<\/figcaption><\/figure>    <h2 class=\"wp-block-heading\" id=\"h-the-raw-materials-of-the-plastic-coated-hanger-production-line\">Die Rohmaterialien der kunststoffbeschichteten B\u00fcgel-Produktionslinie<\/h2>    <figure class=\"wp-block-image size-full\"><img loading=\"lazy\" decoding=\"async\" width=\"720\" height=\"540\" src=\"https:\/\/hangermachinery.com\/wp-content\/uploads\/2022\/07\/Galvanized-wire-for-making-hangers.webp\" alt=\"Verzinkter Draht zur Herstellung von B\u00fcgeln\" class=\"wp-image-303\" title=\"\" srcset=\"https:\/\/hangermachinery.com\/wp-content\/uploads\/2022\/07\/Galvanized-wire-for-making-hangers.webp 720w, https:\/\/hangermachinery.com\/wp-content\/uploads\/2022\/07\/Galvanized-wire-for-making-hangers-300x225.webp 300w\" sizes=\"auto, (max-width: 720px) 100vw, 720px\" \/><figcaption class=\"wp-element-caption\">Verzinkter Draht zur Herstellung von B\u00fcgeln<\/figcaption><\/figure>    <p>Das Rohmaterial f\u00fcr die Herstellung der B\u00fcgel kann verzinkter Draht, Eisendraht, Stahldraht, Edelstahldraht usw. sein. Das Rohmaterial ist in der Regel 1,8 mm bis 2,0 mm verzinkter Eisendraht, und der maximale verarbeitbare Durchmesser betr\u00e4gt 2,5 mm. Durch \u00c4ndern der Maschinenform kann die Gr\u00f6\u00dfe der B\u00fcgel angepasst werden, sodass sowohl Erwachsenen- als auch Kinderb\u00fcgel produziert werden k\u00f6nnen.<\/p>    <h2 class=\"wp-block-heading\" id=\"h-the-production-process-of-plastic-coated-hanger-production-line\">Der Produktionsprozess der Produktionslinie f\u00fcr kunststoffbeschichtete B\u00fcgel<\/h2>    <figure class=\"wp-block-gallery has-nested-images columns-4 is-cropped wp-block-gallery-3 is-layout-flex wp-block-gallery-is-layout-flex\"> <figure class=\"wp-block-image size-full\"><img loading=\"lazy\" decoding=\"async\" width=\"720\" height=\"540\" data-id=\"304\" src=\"https:\/\/hangermachinery.com\/wp-content\/uploads\/2022\/07\/Plastic-coated-hanger-production-line.webp\" alt=\"\" class=\"wp-image-304\" title=\"\" srcset=\"https:\/\/hangermachinery.com\/wp-content\/uploads\/2022\/07\/Plastic-coated-hanger-production-line.webp 720w, https:\/\/hangermachinery.com\/wp-content\/uploads\/2022\/07\/Plastic-coated-hanger-production-line-300x225.webp 300w\" sizes=\"auto, (max-width: 720px) 100vw, 720px\" \/><figcaption class=\"wp-element-caption\">Mit Kunststoff beschichtete B\u00fcgel-Produktionslinie<\/figcaption><\/figure>    <figure class=\"wp-block-image size-full\"><img loading=\"lazy\" decoding=\"async\" width=\"720\" height=\"540\" data-id=\"305\" src=\"https:\/\/hangermachinery.com\/wp-content\/uploads\/2022\/07\/Plastic-coated-hanger-production-line-2.jpg\" alt=\"Produktionslinie f\u00fcr kunststoffbeschichtete B\u00fcgel\" class=\"wp-image-305\" title=\"\" srcset=\"https:\/\/hangermachinery.com\/wp-content\/uploads\/2022\/07\/Plastic-coated-hanger-production-line-2.jpg 720w, https:\/\/hangermachinery.com\/wp-content\/uploads\/2022\/07\/Plastic-coated-hanger-production-line-2-300x225.jpg 300w\" sizes=\"auto, (max-width: 720px) 100vw, 720px\" \/><figcaption class=\"wp-element-caption\">Kunststoff&amp;Nbsp;beschichtete&amp;Nbsp;&amp;Nbsp;B\u00fcgel&amp;Nbsp;Produktions&amp;Nbsp;linie<\/figcaption><\/figure>    <figure class=\"wp-block-image size-full\"><img loading=\"lazy\" decoding=\"async\" width=\"720\" height=\"540\" data-id=\"306\" src=\"https:\/\/hangermachinery.com\/wp-content\/uploads\/2022\/07\/Plastic-coated-hanger-production-line.jpg\" alt=\"\" class=\"wp-image-306\" title=\"\" srcset=\"https:\/\/hangermachinery.com\/wp-content\/uploads\/2022\/07\/Plastic-coated-hanger-production-line.jpg 720w, https:\/\/hangermachinery.com\/wp-content\/uploads\/2022\/07\/Plastic-coated-hanger-production-line-300x225.jpg 300w\" sizes=\"auto, (max-width: 720px) 100vw, 720px\" \/><figcaption class=\"wp-element-caption\">Kunststoff&amp;Nbsp;beschichtete&amp;Nbsp;&amp;Nbsp;B\u00fcgel&amp;Nbsp;Produktions&amp;Nbsp;linie<\/figcaption><\/figure>    <figure class=\"wp-block-image size-full\"><img loading=\"lazy\" decoding=\"async\" width=\"720\" height=\"540\" data-id=\"307\" src=\"https:\/\/hangermachinery.com\/wp-content\/uploads\/2022\/07\/Plastic-coated-hanger-production-line-4.jpg\" alt=\"Produktionslinie f\u00fcr kunststoffbeschichtete B\u00fcgel\" class=\"wp-image-307\" title=\"\" srcset=\"https:\/\/hangermachinery.com\/wp-content\/uploads\/2022\/07\/Plastic-coated-hanger-production-line-4.jpg 720w, https:\/\/hangermachinery.com\/wp-content\/uploads\/2022\/07\/Plastic-coated-hanger-production-line-4-300x225.jpg 300w\" sizes=\"auto, (max-width: 720px) 100vw, 720px\" \/><figcaption class=\"wp-element-caption\">Kunststoff&amp;Nbsp;beschichtete&amp;Nbsp;&amp;Nbsp;B\u00fcgel&amp;Nbsp;Produktions&amp;Nbsp;linie<\/figcaption><\/figure> <\/figure>    <p>Die Kunststoff-Spritz-B\u00fcgelmaschine formt zun\u00e4chst, dann wird Kunststoffpulver auf die Au\u00dfenseite des B\u00fcgels gespr\u00fcht und anschlie\u00dfend zur Trocknung in die Trockenkammer geschickt. Bei der B\u00fcgelmaschinen-Beschichtung mit Kunststoff ist dies eine professionelle Produktionsausr\u00fcstung, und unter Ber\u00fccksichtigung der Umweltverschmutzung ist sie speziell mit einer Anlage zur Wiederverwertung von Kunststoffpulver ausgestattet. Die Arbeitsleistung des Trockners ist sehr hoch, und es wird Wagen geben, auf die die trockenen B\u00fcgel aufgeladen werden m\u00fcssen. Wenn die trockenen B\u00fcgel eingeschoben werden, lohnt sich der Kauf einiger zus\u00e4tzlicher Wagen zum Wechseln, damit ununterbrochen gearbeitet und die Produktionseffizienz gesteigert werden kann.<\/p>    <figure class=\"wp-block-image size-full\"><img loading=\"lazy\" decoding=\"async\" width=\"720\" height=\"540\" src=\"https:\/\/hangermachinery.com\/wp-content\/uploads\/2022\/07\/Plastic-coated-hanger-production-machine.webp\" alt=\"Kunststoffbeschichtete B\u00fcgel-Produktionsmaschine \" class=\"wp-image-308\" title=\"\" srcset=\"https:\/\/hangermachinery.com\/wp-content\/uploads\/2022\/07\/Plastic-coated-hanger-production-machine.webp 720w, https:\/\/hangermachinery.com\/wp-content\/uploads\/2022\/07\/Plastic-coated-hanger-production-machine-300x225.webp 300w\" sizes=\"auto, (max-width: 720px) 100vw, 720px\" \/><figcaption class=\"wp-element-caption\">Mit Kunststoff beschichtete B\u00fcgel-Produktionslinie<\/figcaption><\/figure>    <h2 class=\"wp-block-heading\" id=\"h-injection-molding-machine\">Spritzgussmaschine<\/h2>    <figure class=\"wp-block-image size-full\"><img loading=\"lazy\" decoding=\"async\" width=\"720\" height=\"540\" src=\"https:\/\/hangermachinery.com\/wp-content\/uploads\/2022\/07\/hanger-plastic-coated-sprayer.jpg\" alt=\"Kunststoffbeschichteter Spr\u00fchb\u00fcgel\" class=\"wp-image-313\" title=\"\" srcset=\"https:\/\/hangermachinery.com\/wp-content\/uploads\/2022\/07\/hanger-plastic-coated-sprayer.jpg 720w, https:\/\/hangermachinery.com\/wp-content\/uploads\/2022\/07\/hanger-plastic-coated-sprayer-300x225.jpg 300w\" sizes=\"auto, (max-width: 720px) 100vw, 720px\" \/><figcaption class=\"wp-element-caption\">Kunststoff-beschichtete B\u00fcgel-Spr\u00fchvorrichtung<\/figcaption><\/figure>    <p class=\"translation-block\">Der Verlust ist gering, die Ausnutzung der Farbe wird verbessert, die Farbpartikel sind klein und die Haftungsrate ist gut. Nach dem <a href=\"https:\/\/en.wikipedia.org\/wiki\/Thermal_spraying\" data-type=\"URL\" data-id=\"https:\/\/en.wikipedia.org\/wiki\/Thermal_spraying\" target=\"_blank\" rel=\"noopener\">Spritzauftrag<\/a> kann es schnell am B\u00fcgel ausgebildet werden und die Farbe f\u00e4llt nicht ab. Die Spritzpistole spr\u00fcht gleichm\u00e4\u00dfig, und der B\u00fcgel kann in verschiedenen Farben beschichtet werden. Nach dem Beschichten ist der B\u00fcgel nicht nur sch\u00f6n, sondern hat auch eine Schutzwirkung.<\/p>    <h2 class=\"wp-block-heading\" id=\"h-plastic-powder-recycling-equipment\">Anlage zur Wiederverwertung von Kunststoffpulver<\/h2>    <figure class=\"wp-block-image size-full\"><img loading=\"lazy\" decoding=\"async\" width=\"720\" height=\"540\" src=\"https:\/\/hangermachinery.com\/wp-content\/uploads\/2022\/07\/Plastic-coated-hanger-production-line.jpg\" alt=\"Anlage zur Wiederverwertung von Kunststoffpulver\" class=\"wp-image-306\" title=\"\" srcset=\"https:\/\/hangermachinery.com\/wp-content\/uploads\/2022\/07\/Plastic-coated-hanger-production-line.jpg 720w, https:\/\/hangermachinery.com\/wp-content\/uploads\/2022\/07\/Plastic-coated-hanger-production-line-300x225.jpg 300w\" sizes=\"auto, (max-width: 720px) 100vw, 720px\" \/><figcaption class=\"wp-element-caption\">Anlage zur Wiederverwertung von Kunststoffpulver<\/figcaption><\/figure>    <p>Die Anlage zur Wiederverwertung von Kunststoffpulver arbeitet nach dem Prinzip der Aerodynamik. Der verstreute Staub wird durch externe Absaugung in das Filterelement gesaugt. Das Produkt ist einfach und praktisch, verbessert die Gesundheit der Arbeiter und kann auch die Arbeitseffizienz steigern. Es wird ein hochwertiges, importiertes Filterelement mit hoher Festigkeit zur Filtration verwendet, wobei Pulver und Gas getrennt werden. Mit der einzigartigen R\u00fccksp\u00fclvorrichtung und der automatischen, zeitgesteuerten Pulverreinigung ist die R\u00fcckgewinnung sehr wirkungsvoll.<\/p>    <h2 class=\"wp-block-heading\" id=\"h-hanger-dryer-machine\">B\u00fcgeltrocknungsmaschine <\/h2>    <figure class=\"wp-block-image size-full\"><img loading=\"lazy\" decoding=\"async\" width=\"720\" height=\"540\" src=\"https:\/\/hangermachinery.com\/wp-content\/uploads\/2022\/07\/Plastic-coated-hanger-production-line-4.jpg\" alt=\"B\u00fcgeltrocknermaschine \" class=\"wp-image-307\" title=\"\" srcset=\"https:\/\/hangermachinery.com\/wp-content\/uploads\/2022\/07\/Plastic-coated-hanger-production-line-4.jpg 720w, https:\/\/hangermachinery.com\/wp-content\/uploads\/2022\/07\/Plastic-coated-hanger-production-line-4-300x225.jpg 300w\" sizes=\"auto, (max-width: 720px) 100vw, 720px\" \/><figcaption class=\"wp-element-caption\">B\u00fcgeltrocknungsmaschine <\/figcaption><\/figure>    <p>Die bespr\u00fchten B\u00fcgel m\u00fcssen bei hohen Temperaturen getrocknet und geformt werden; nach dem Trocknen k\u00f6nnen die B\u00fcgel verkauft werden.<\/p>    <h2 class=\"wp-block-heading\" id=\"h-how-to-do-a-good-job-in-the-production-of-hangers\">Wie man bei der Produktion von B\u00fcgeln gute Arbeit leistet<\/h2>    <figure class=\"wp-block-image size-full\"><img loading=\"lazy\" decoding=\"async\" width=\"720\" height=\"540\" src=\"https:\/\/hangermachinery.com\/wp-content\/uploads\/2022\/07\/production-of-hangers.webp\" alt=\"B\u00fcgelproduktion\" class=\"wp-image-310\" title=\"\" srcset=\"https:\/\/hangermachinery.com\/wp-content\/uploads\/2022\/07\/production-of-hangers.webp 720w, https:\/\/hangermachinery.com\/wp-content\/uploads\/2022\/07\/production-of-hangers-300x225.webp 300w\" sizes=\"auto, (max-width: 720px) 100vw, 720px\" \/><figcaption class=\"wp-element-caption\">Herstellung von B\u00fcgeln<\/figcaption><\/figure>    <p>Der Markt f\u00fcr W\u00e4schest\u00e4nder ist derzeit in eine Phase intensiven Wettbewerbs eingetreten, und viele Hersteller bringen st\u00e4ndig neue Produkte heraus, um den Bed\u00fcrfnissen der Verbraucher gerecht zu werden. Wie kann sich ein neuer Hersteller im B\u00fcgelmarkt hervorheben?<\/p>    <p> Zun\u00e4chst ist auf den Markeneffekt zu achten und die Markenbekanntheit vor Ort zu steigern, damit Verbraucher das Produkt erkennen k\u00f6nnen. Au\u00dferdem ist auf die Qualit\u00e4t der B\u00fcgel zu achten und die Produktionsqualit\u00e4t bei der Herstellung strikt einzuhalten. Dar\u00fcber hinaus muss eine gewisse Produktionsgr\u00f6\u00dfe erreicht werden, um eine ausreichende Anzahl von B\u00fcgeln herzustellen. So kann ein gr\u00f6\u00dferer Marktanteil eingenommen werden, um die B\u00fcgelproduktion erfolgreich zu gestalten.<\/p>    <h2 class=\"wp-block-heading\" id=\"h-shuliy-s-plastic-coated-hanger-production-line\">Shuliys kunststoffbeschichtete B\u00fcgel-Produktionslinie<\/h2>    <figure class=\"wp-block-image size-full\"><img loading=\"lazy\" decoding=\"async\" width=\"750\" height=\"750\" src=\"https:\/\/hangermachinery.com\/wp-content\/uploads\/2022\/07\/shuliy-hanger-machine-company-1.webp\" alt=\"Shuliy B\u00fcgelmaschinenfirma\" class=\"wp-image-312\" title=\"\" srcset=\"https:\/\/hangermachinery.com\/wp-content\/uploads\/2022\/07\/shuliy-hanger-machine-company-1.webp 750w, https:\/\/hangermachinery.com\/wp-content\/uploads\/2022\/07\/shuliy-hanger-machine-company-1-300x300.webp 300w, https:\/\/hangermachinery.com\/wp-content\/uploads\/2022\/07\/shuliy-hanger-machine-company-1-150x150.webp 150w\" sizes=\"auto, (max-width: 750px) 100vw, 750px\" \/><figcaption class=\"wp-element-caption\">Shuliy B\u00fcgelmaschinenunternehmen<\/figcaption><\/figure>    <p class=\"translation-block\">Die Shuli Co., Ltd. ist ein Hersteller von B\u00fcgelmaschinen mit 20 Jahren Erfahrung in der B\u00fcgelproduktion. Das Unternehmen verf\u00fcgt \u00fcber Spritzplastik-B\u00fcgelmaschinen und <a href=\"https:\/\/hangermachinery.com\/de\/product\/pvc-coated-wire-hanger-production-line\/\">PVC-beschichtete B\u00fcgel-Produktionslinien<\/a>. Dar\u00fcber hinaus bieten wir je nach Rohmaterial und Form auch <a href=\"https:\/\/hangermachinery.com\/de\/products\/galvanized-wire-hanger-machine\/\">verzinkte Draht-B\u00fcgelmaschinen<\/a>, <a href=\"https:\/\/hangermachinery.com\/de\/product\/welding-wire-hanger-making-machine\/\">Schwei\u00dfdraht-B\u00fcgelmaschinen<\/a>, <a href=\"https:\/\/hangermachinery.com\/de\/product\/butterfly-type-hanger-product-machine\/\">Butterfly-B\u00fcgelmaschinen<\/a> und <a href=\"https:\/\/hangermachinery.com\/de\/product\/coat-hanger-making-machine\/\">Mantelb\u00fcgelmaschinen<\/a> an.<\/p>","protected":false},"excerpt":{"rendered":"<p>Die kunststoffbeschichtete B\u00fcgelproduktionslinie ist die Ausr\u00fcstung zur Herstellung von Kleiderb\u00fcgeln. Die Rohstoffe sind haupts\u00e4chlich verzinkte Dr\u00e4hte.<\/p>","protected":false},"author":1,"featured_media":299,"parent":0,"template":"","tags":[29,21],"product-type":[12,14],"class_list":["post-82","product","type-product","status-publish","has-post-thumbnail","hentry","tag-hanger","tag-plastic-coated-hanger-production-line","product-type-production-line","product-type-plastic-coated-hanger-production-line"],"_links":{"self":[{"href":"https:\/\/hangermachinery.com\/de\/wp-json\/wp\/v2\/product\/82","targetHints":{"allow":["GET"]}}],"collection":[{"href":"https:\/\/hangermachinery.com\/de\/wp-json\/wp\/v2\/product"}],"about":[{"href":"https:\/\/hangermachinery.com\/de\/wp-json\/wp\/v2\/types\/product"}],"author":[{"embeddable":true,"href":"https:\/\/hangermachinery.com\/de\/wp-json\/wp\/v2\/users\/1"}],"wp:featuredmedia":[{"embeddable":true,"href":"https:\/\/hangermachinery.com\/de\/wp-json\/wp\/v2\/media\/299"}],"wp:attachment":[{"href":"https:\/\/hangermachinery.com\/de\/wp-json\/wp\/v2\/media?parent=82"}],"wp:term":[{"taxonomy":"post_tag","embeddable":true,"href":"https:\/\/hangermachinery.com\/de\/wp-json\/wp\/v2\/tags?post=82"},{"taxonomy":"product-type","embeddable":true,"href":"https:\/\/hangermachinery.com\/de\/wp-json\/wp\/v2\/product-type?post=82"}],"curies":[{"name":"wp","href":"https:\/\/api.w.org\/{rel}","templated":true}]}}