{"id":97,"date":"2022-07-17T15:36:01","date_gmt":"2022-07-17T15:36:01","guid":{"rendered":"https:\/\/hangermachinery.com\/?post_type=product&#038;p=97"},"modified":"2022-09-29T16:27:39","modified_gmt":"2022-09-29T08:27:39","slug":"galvanized-wire-hanger-machine","status":"publish","type":"product","link":"https:\/\/hangermachinery.com\/de\/product\/galvanized-wire-hanger-machine\/","title":{"rendered":"Maschine f\u00fcr verzinkte Drahtb\u00fcgel | Maschine zur Formung von B\u00fcgelhaken"},"content":{"rendered":"<p class=\"translation-block\">Die verzinkte Drahtb\u00fcgelmaschine ist eine Maschine, die verzinkten Draht mit Hilfe einer <a href=\"https:\/\/hangermachinery.com\/de\/product\/butterfly-type-hanger-product-machine\/\" data-type=\"URL\" data-id=\"https:\/\/hangermachinery.com\/product\/butterfly-type-hanger-product-machine\/\">B\u00fcgelbiege-Maschine<\/a> zu einem B\u00fcgel formt. Die Ausr\u00fcstung verwendet die B\u00fcgelbiege-Maschine zur Verarbeitung der B\u00fcgel. Die mit der B\u00fcgelbiege-Maschine hergestellten B\u00fcgel k\u00f6nnen direkt verkauft werden und dienen zum Trocknen von Kleidung. Wenn Sie jedoch eine sch\u00f6nere Optik w\u00fcnschen, k\u00f6nnen Sie den B\u00fcgel au\u00dfen mit farbigen B\u00e4ndern bespr\u00fchen und verpacken. Diese vollautomatische B\u00fcgelbiege-Maschine ist bei Kleiderb\u00fcgelherstellern sehr beliebt.<\/p>    <figure class=\"wp-block-gallery has-nested-images columns-default is-cropped wp-block-gallery-2 is-layout-flex wp-block-gallery-is-layout-flex\"> <figure class=\"wp-block-image size-full\"><img loading=\"lazy\" decoding=\"async\" width=\"720\" height=\"540\" data-id=\"317\" src=\"https:\/\/hangermachinery.com\/wp-content\/uploads\/2022\/07\/galvanized-wire-hanger.webp\" alt=\" verzinkter Drahtkleiderb\u00fcgel\" class=\"wp-image-317\" title=\"\" srcset=\"https:\/\/hangermachinery.com\/wp-content\/uploads\/2022\/07\/galvanized-wire-hanger.webp 720w, https:\/\/hangermachinery.com\/wp-content\/uploads\/2022\/07\/galvanized-wire-hanger-300x225.webp 300w\" sizes=\"auto, (max-width: 720px) 100vw, 720px\" \/><figcaption> Details zu verzinkten Drahtb\u00fcgeln <\/figcaption><\/figure>    <figure class=\"wp-block-image size-full\"><img loading=\"lazy\" decoding=\"async\" width=\"720\" height=\"540\" data-id=\"316\" src=\"https:\/\/hangermachinery.com\/wp-content\/uploads\/2022\/07\/galvanized-wire-hanger-details.webp\" alt=\" verzinkter Drahtkleiderb\u00fcgel\" class=\"wp-image-316\" title=\"\" srcset=\"https:\/\/hangermachinery.com\/wp-content\/uploads\/2022\/07\/galvanized-wire-hanger-details.webp 720w, https:\/\/hangermachinery.com\/wp-content\/uploads\/2022\/07\/galvanized-wire-hanger-details-300x225.webp 300w\" sizes=\"auto, (max-width: 720px) 100vw, 720px\" \/><figcaption> Verzinkter Drahtb\u00fcgel<\/figcaption><\/figure> <\/figure>    <h2 class=\"wp-block-heading\" id=\"h-what-material-is-galvanized-wire\">Welches Material ist verzinkter Draht<\/h2>    <figure class=\"wp-block-image size-full\"><img loading=\"lazy\" decoding=\"async\" width=\"720\" height=\"540\" src=\"https:\/\/hangermachinery.com\/wp-content\/uploads\/2022\/07\/hanger-hook-forming-material.webp\" alt=\"Material zur Herstellung von B\u00fcgelhaken\" class=\"wp-image-318\" title=\"\" srcset=\"https:\/\/hangermachinery.com\/wp-content\/uploads\/2022\/07\/hanger-hook-forming-material.webp 720w, https:\/\/hangermachinery.com\/wp-content\/uploads\/2022\/07\/hanger-hook-forming-material-300x225.webp 300w\" sizes=\"auto, (max-width: 720px) 100vw, 720px\" \/><figcaption>Material f\u00fcr die Hakenherstellung<\/figcaption><\/figure>    <p class=\"translation-block\"><a href=\"https:\/\/en.wikipedia.org\/wiki\/Galvanization\" data-type=\"URL\" data-id=\"https:\/\/en.wikipedia.org\/wiki\/Galvanization\" target=\"_blank\" rel=\"noopener\">Verzinkter<\/a> Draht hat gute Z\u00e4higkeit und Elastizit\u00e4t sowie eine gute Korrosionsbest\u00e4ndigkeit, weshalb er sich sehr gut zur Herstellung von Kleiderb\u00fcgeln eignet. Verzinkter Draht wird auch h\u00e4ufig zur Herstellung von Kunsthandwerk, Schutznetzen und Bauprojekten verwendet. Die Farbe von verzinktem Eisendraht ist dunkler, und verzinkter Draht kann jahrzehntelang im Freien gelagert werden, ohne zu rosten. Daher sind mit verzinktem Draht hergestellte B\u00fcgel langlebiger. Neben verzinktem Draht kann die Maschine auch Draht aus Eisen zur Verarbeitung verwenden.<\/p>    <h2 class=\"wp-block-heading\">Wie funktioniert die B\u00fcgelmaschine?<\/h2>    <figure class=\"wp-block-embed is-type-video is-provider-youtube wp-block-embed-youtube wp-embed-aspect-16-9 wp-has-aspect-ratio\"><div class=\"wp-block-embed__wrapper\"> <iframe loading=\"lazy\" title=\"B\u00fcgelherstellungsmaschine zum Verkauf nach Oman | Preis f\u00fcr Drahtkleiderb\u00fcgelmaschine\" width=\"500\" height=\"281\" src=\"https:\/\/www.youtube.com\/embed\/aAtWkx2Eu4Y?start=1&#038;feature=oembed\" frameborder=\"0\" allow=\"accelerometer; autoplay; clipboard-write; encrypted-media; gyroscope; picture-in-picture; web-share\" referrerpolicy=\"strict-origin-when-cross-origin\" allowfullscreen><\/iframe> <\/div><figcaption>B\u00fcgelmaschinen-Arbeitsvideo<\/figcaption><\/figure>    <h2 class=\"wp-block-heading\" id=\"h-galvanized-wire-hanger-machine-products\">Produkte der verzinkten Drahtb\u00fcgelmaschine<\/h2>    <figure class=\"wp-block-gallery has-nested-images columns-2 is-cropped wp-block-gallery-3 is-layout-flex wp-block-gallery-is-layout-flex\"> <figure class=\"wp-block-image size-large\"><img loading=\"lazy\" decoding=\"async\" width=\"720\" height=\"540\" data-id=\"480\" src=\"https:\/\/hangermachinery.com\/wp-content\/uploads\/2022\/07\/hanger-machine-details-4.webp\" alt=\"Details zur B\u00fcgelmaschine\" class=\"wp-image-480\" title=\"\" srcset=\"https:\/\/hangermachinery.com\/wp-content\/uploads\/2022\/07\/hanger-machine-details-4.webp 720w, https:\/\/hangermachinery.com\/wp-content\/uploads\/2022\/07\/hanger-machine-details-4-300x225.webp 300w\" sizes=\"auto, (max-width: 720px) 100vw, 720px\" \/><figcaption>H\u00e4nger-Maschine Details<\/figcaption><\/figure>    <figure class=\"wp-block-image size-large\"><img loading=\"lazy\" decoding=\"async\" width=\"720\" height=\"540\" data-id=\"482\" src=\"https:\/\/hangermachinery.com\/wp-content\/uploads\/2022\/07\/hanger-machine-details-6.webp\" alt=\"Details zur B\u00fcgelmaschine\" class=\"wp-image-482\" title=\"\" srcset=\"https:\/\/hangermachinery.com\/wp-content\/uploads\/2022\/07\/hanger-machine-details-6.webp 720w, https:\/\/hangermachinery.com\/wp-content\/uploads\/2022\/07\/hanger-machine-details-6-300x225.webp 300w\" sizes=\"auto, (max-width: 720px) 100vw, 720px\" \/><figcaption>H\u00e4nger-Maschine Details<\/figcaption><\/figure>    <figure class=\"wp-block-image size-large\"><img loading=\"lazy\" decoding=\"async\" width=\"720\" height=\"540\" data-id=\"479\" src=\"https:\/\/hangermachinery.com\/wp-content\/uploads\/2022\/07\/hanger-machine-details-3.webp\" alt=\"Details zur B\u00fcgelmaschine\" class=\"wp-image-479\" title=\"\" srcset=\"https:\/\/hangermachinery.com\/wp-content\/uploads\/2022\/07\/hanger-machine-details-3.webp 720w, https:\/\/hangermachinery.com\/wp-content\/uploads\/2022\/07\/hanger-machine-details-3-300x225.webp 300w\" sizes=\"auto, (max-width: 720px) 100vw, 720px\" \/><figcaption>H\u00e4nger-Maschine Details<\/figcaption><\/figure>    <figure class=\"wp-block-image size-large\"><img loading=\"lazy\" decoding=\"async\" width=\"720\" height=\"540\" data-id=\"481\" src=\"https:\/\/hangermachinery.com\/wp-content\/uploads\/2022\/07\/hanger-machine-details-5.webp\" alt=\"Details zur B\u00fcgelmaschine\" class=\"wp-image-481\" title=\"\" srcset=\"https:\/\/hangermachinery.com\/wp-content\/uploads\/2022\/07\/hanger-machine-details-5.webp 720w, https:\/\/hangermachinery.com\/wp-content\/uploads\/2022\/07\/hanger-machine-details-5-300x225.webp 300w\" sizes=\"auto, (max-width: 720px) 100vw, 720px\" \/><figcaption>H\u00e4nger-Maschine Details<\/figcaption><\/figure> <\/figure>    <p>Der verzinkte Drahtb\u00fcgel wird zun\u00e4chst in die Form des B\u00fcgels gebracht und am Ende um den Haken des B\u00fcgels gewickelt. So entsteht eine verzinkte Drahtb\u00fcgelmaschine, ohne dass zus\u00e4tzliche Einstellungen erforderlich sind. Im Gegensatz zur geschwei\u00dften B\u00fcgelmaschine m\u00fcssen die Enden der Form miteinander verschwei\u00dft werden.<\/p>    <h2 class=\"wp-block-heading\" id=\"h-wire-hanger-machine-parameters\">Parameter der verzinkten Drahtb\u00fcgelmaschine<\/h2>    <figure class=\"wp-block-image size-full\"><img loading=\"lazy\" decoding=\"async\" width=\"720\" height=\"540\" src=\"https:\/\/hangermachinery.com\/wp-content\/uploads\/2022\/07\/Galvanized-wire-hanger-machine-1.webp\" alt=\"Verzinkte\u00a0Drahtb\u00fcgelmaschine\" class=\"wp-image-323\" title=\"\" srcset=\"https:\/\/hangermachinery.com\/wp-content\/uploads\/2022\/07\/Galvanized-wire-hanger-machine-1.webp 720w, https:\/\/hangermachinery.com\/wp-content\/uploads\/2022\/07\/Galvanized-wire-hanger-machine-1-300x225.webp 300w\" sizes=\"auto, (max-width: 720px) 100vw, 720px\" \/><figcaption>Verzinkte\u00a0&amp;Nbsp;Draht\u00a0&amp;Nbsp;Kleiderb\u00fcgelmaschine<\/figcaption><\/figure>    <p>Leistung: 1,5 kW<\/p>    <p>Aussto\u00df: 30Stk.\/min<\/p>    <p>Durchmesser: 1,8-3mm<\/p>    <p>Gr\u00f6\u00dfe: 850*1500*1800mm<\/p>    <p>Gewicht: 700KG<\/p>    <h2 class=\"wp-block-heading\" id=\"h-advantages-of-hanger-hook-forming-machine\">Vorteile des Hakenbiegeautomaten <\/h2>    <figure class=\"wp-block-image size-full\"><img loading=\"lazy\" decoding=\"async\" width=\"720\" height=\"540\" src=\"https:\/\/hangermachinery.com\/wp-content\/uploads\/2022\/07\/wire-hanger-machine.webp\" alt=\"\u00a0Draht-Kleiderb\u00fcgelmaschine\" class=\"wp-image-324\" title=\"\" srcset=\"https:\/\/hangermachinery.com\/wp-content\/uploads\/2022\/07\/wire-hanger-machine.webp 720w, https:\/\/hangermachinery.com\/wp-content\/uploads\/2022\/07\/wire-hanger-machine-300x225.webp 300w\" sizes=\"auto, (max-width: 720px) 100vw, 720px\" \/><figcaption>&amp;Nbsp;Draht&amp;Nbsp;Kleiderb\u00fcgel&amp;Nbsp;Maschine<\/figcaption><\/figure>    <p>Hohe Produktionseffizienz, kann 30-40 B\u00fcgel pro Minute herstellen.<\/p>    <p>Touchscreen-Steuerungssystem, einfache und schnelle Produktion und bequem<\/p>    <p>Automatische Maschinenproduktion, sobald die Maschine eingeschaltet wird, wird der verzinkte Draht automatisch in die Form eines B&uuml;gels gebogen<\/p>    <h2 class=\"wp-block-heading\" id=\"h-why-choose-shuliy-s-hanger-machine\">Warum Sie sich f\u00fcr Shuliys Kleiderb\u00fcgelmaschine entscheiden sollten<\/h2>    <figure class=\"wp-block-image size-full\"><img loading=\"lazy\" decoding=\"async\" width=\"720\" height=\"540\" src=\"https:\/\/hangermachinery.com\/wp-content\/uploads\/2022\/07\/hanger-1-1.webp\" alt=\"B\u00fcgel \" class=\"wp-image-477\" title=\"\" srcset=\"https:\/\/hangermachinery.com\/wp-content\/uploads\/2022\/07\/hanger-1-1.webp 720w, https:\/\/hangermachinery.com\/wp-content\/uploads\/2022\/07\/hanger-1-1-300x225.webp 300w\" sizes=\"auto, (max-width: 720px) 100vw, 720px\" \/><figcaption>B\u00fcgel <\/figcaption><\/figure>    <ul class=\"wp-block-list\"><li>Jahrelange Erfahrung in der Herstellung von B\u00fcgelmaschinen mit fortschrittlicher Produktionstechnologie<\/li><\/ul>    <ul class=\"wp-block-list\"><li>Kann f\u00fcr Kunden einen individuellen Produktionsplan entwerfen<\/li><\/ul>    <ul class=\"wp-block-list\"><li>Maschinenanpassung und Funktionsproduktion k\u00f6nnen realisiert werden<\/li><\/ul>    <ul class=\"wp-block-list\"><li>Umfassender After-Sales-Service, falls Sie es w\u00e4hrend der Nutzung nicht bedienen k\u00f6nnen, kann der Verk\u00e4ufer Sie per Video anleiten                    <\/li><\/ul>","protected":false},"excerpt":{"rendered":"<p>Die galvanisierte Drahtb\u00fcgelmaschine ist eine Maschine, die verzinkten Draht verwendet, der von einer B\u00fcgelformmaschine verarbeitet wird, um einen B\u00fcgel zu formen. <\/p>","protected":false},"author":1,"featured_media":314,"parent":0,"template":"","tags":[29,31],"product-type":[11,15],"class_list":["post-97","product","type-product","status-publish","has-post-thumbnail","hentry","tag-hanger","tag-wire-hanger-machine","product-type-product","product-type-galvanized-wire-hanger-machine"],"_links":{"self":[{"href":"https:\/\/hangermachinery.com\/de\/wp-json\/wp\/v2\/product\/97","targetHints":{"allow":["GET"]}}],"collection":[{"href":"https:\/\/hangermachinery.com\/de\/wp-json\/wp\/v2\/product"}],"about":[{"href":"https:\/\/hangermachinery.com\/de\/wp-json\/wp\/v2\/types\/product"}],"author":[{"embeddable":true,"href":"https:\/\/hangermachinery.com\/de\/wp-json\/wp\/v2\/users\/1"}],"wp:featuredmedia":[{"embeddable":true,"href":"https:\/\/hangermachinery.com\/de\/wp-json\/wp\/v2\/media\/314"}],"wp:attachment":[{"href":"https:\/\/hangermachinery.com\/de\/wp-json\/wp\/v2\/media?parent=97"}],"wp:term":[{"taxonomy":"post_tag","embeddable":true,"href":"https:\/\/hangermachinery.com\/de\/wp-json\/wp\/v2\/tags?post=97"},{"taxonomy":"product-type","embeddable":true,"href":"https:\/\/hangermachinery.com\/de\/wp-json\/wp\/v2\/product-type?post=97"}],"curies":[{"name":"wp","href":"https:\/\/api.w.org\/{rel}","templated":true}]}}