{"id":3,"date":"2022-07-15T10:49:45","date_gmt":"2022-07-15T10:49:45","guid":{"rendered":"http:\/\/hangermachinery.com\/?page_id=3"},"modified":"2025-09-12T16:16:52","modified_gmt":"2025-09-12T08:16:52","slug":"about-us","status":"publish","type":"page","link":"https:\/\/hangermachinery.com\/es\/about-us\/","title":{"rendered":"Sobre nosotros"},"content":{"rendered":"<h2 class=\"wp-block-heading\" id=\"h-shuliy-company-introduction\">Introducci\u00f3n de la empresa Shuliy<\/h2>    <div class=\"wp-block-columns has-black-color has-white-background-color has-text-color has-background is-layout-flex wp-container-core-columns-is-layout-9d6595d7 wp-block-columns-is-layout-flex\"> <div class=\"wp-block-column is-layout-flow wp-block-column-is-layout-flow\"> <p>Bienvenido a Shuliy Machinery, un fabricante y proveedor global l\u00edder de maquinaria para fabricar perchas. Estamos dedicados a proporcionar a clientes de todo el mundo soluciones de producci\u00f3n de perchas inteligentes, estables y de alta eficiencia, desde l\u00edneas semi-autom\u00e1ticas hasta totalmente automatizadas.<\/p>    <p>Como una divisi\u00f3n altamente especializada de Zhengzhou Shuliy Machinery Equipment Co., Ltd. (fundada en 2011), combinamos m\u00e1s de una d\u00e9cada de excelencia en fabricaci\u00f3n de maquinaria con un profundo conocimiento del sector centrado exclusivamente en la producci\u00f3n de perchas. Nuestra misi\u00f3n es capacitar a emprendedores y fabricantes de todo el mundo para lanzar o actualizar sus negocios de producci\u00f3n de perchas de forma fluida con tecnolog\u00eda de automatizaci\u00f3n superior.<\/p>    <p>Ya sea que planee producir perchas de alambre, perchas de pl\u00e1stico o requiera procesos de acabado avanzados como recubrimiento de PVC o pulverizaci\u00f3n de pl\u00e1stico, ofrecemos soluciones llave en mano \u2014desde m\u00e1quinas individuales clave hasta la planificaci\u00f3n completa de l\u00edneas de producci\u00f3n. Nuestras m\u00e1quinas son confiables para empresas en m\u00e1s de 50 pa\u00edses y regiones, ayudando a innumerables clientes a lograr una producci\u00f3n de alto rendimiento y \u00e9xito comercial gracias a su rendimiento y fiabilidad excepcionales.<\/p>    <p class=\"translation-block\">Los principales productos son una <a href=\"https:\/\/hangermachinery.com\/es\/product\/galvanized-wire-hanger-machine\/\">m\u00e1quina formadora de perchas<\/a>, una <a href=\"https:\/\/hangermachinery.com\/es\/products\/plastic-coated-hanger-production-line\/\">m\u00e1quina de pulverizaci\u00f3n para perchas<\/a>, una <a href=\"https:\/\/hangermachinery.com\/es\/products\/plastic-coated-hanger-production-line\/\">m\u00e1quina de recubrimiento pl\u00e1stico<\/a> y una m\u00e1quina secadora de perchas.<\/p>   <div class=\"wp-block-image\"> <figure class=\"aligncenter size-full\"><img loading=\"lazy\" decoding=\"async\" width=\"720\" height=\"377\" src=\"https:\/\/hangermachinery.com\/wp-content\/uploads\/2022\/07\/lQDPDhs_TXrzscrNAsTNBUiwGKeGkYV7oCUCOGNlzsBJAA_1352_708.jpg_720x720q90g.jpg\" alt=\"empresa escolar\" class=\"wp-image-165\" title=\"\" srcset=\"https:\/\/hangermachinery.com\/wp-content\/uploads\/2022\/07\/lQDPDhs_TXrzscrNAsTNBUiwGKeGkYV7oCUCOGNlzsBJAA_1352_708.jpg_720x720q90g.jpg 720w, https:\/\/hangermachinery.com\/wp-content\/uploads\/2022\/07\/lQDPDhs_TXrzscrNAsTNBUiwGKeGkYV7oCUCOGNlzsBJAA_1352_708.jpg_720x720q90g-300x157.jpg 300w\" sizes=\"auto, (max-width: 720px) 100vw, 720px\" \/><figcaption class=\"wp-element-caption\">Empresa Shuliy<\/figcaption><\/figure> <\/div>   <h2 class=\"wp-block-heading\">\u00bfQu\u00e9 opciones tiene para una percha?<\/h2>    <p>Las formas populares de las perchas pueden variar seg\u00fan el lugar, por lo que las m\u00e1quinas de perchas de Shuley siguen las necesidades del cliente y est\u00e1n disponibles en tres formas diferentes: perchas galvanizadas, perchas con forma de mariposa y perchas soldadas. La imagen de abajo muestra las formas de m\u00e1quina de perchas disponibles para que los clientes elijan. Puede decirnos directamente cu\u00e1l es su favorita.<\/p>   <div class=\"wp-block-image\"> <figure class=\"aligncenter size-full\"><img loading=\"lazy\" decoding=\"async\" width=\"720\" height=\"540\" src=\"https:\/\/hangermachinery.com\/wp-content\/uploads\/2022\/07\/red-hanger.webp\" alt=\"percha de pl\u00e1stico fabricada por la m\u00e1quina para hacer perchas de Shuliy\" class=\"wp-image-471\" title=\"\" srcset=\"https:\/\/hangermachinery.com\/wp-content\/uploads\/2022\/07\/red-hanger.webp 720w, https:\/\/hangermachinery.com\/wp-content\/uploads\/2022\/07\/red-hanger-300x225.webp 300w\" sizes=\"auto, (max-width: 720px) 100vw, 720px\" \/><figcaption class=\"wp-element-caption\">percha de pl\u00e1stico fabricada por la m\u00e1quina de hacer perchas Shuliy<\/figcaption><\/figure> <\/div><\/div> <\/div>    <h2 class=\"wp-block-heading\">Sobre nosotros 3<\/h2>    <p>Las perchas son art\u00edculos dom\u00e9sticos que se utilizan en todas las regiones y en todas las familias de cada pa\u00eds, por lo que son populares en muchos pa\u00edses, como Australia, Arabia Saud\u00ed, Om\u00e1n, Emiratos \u00c1rabes Unidos, Marruecos, M\u00e9xico, Suecia, Espa\u00f1a, Yemen, Camboya, Kazajist\u00e1n, Pakist\u00e1n y otros pa\u00edses.<\/p>    <figure class=\"wp-block-gallery has-nested-images columns-default is-cropped wp-block-gallery-2 is-layout-flex wp-block-gallery-is-layout-flex\"> <figure class=\"wp-block-image size-large\"><img loading=\"lazy\" decoding=\"async\" width=\"561\" height=\"213\" data-id=\"164\" src=\"http:\/\/hangermachinery.com\/wp-content\/uploads\/2022\/07\/ABOUTUS_2.jpg\" alt=\"certificado de empresa shuliy\" class=\"wp-image-164\" title=\"\" srcset=\"https:\/\/hangermachinery.com\/wp-content\/uploads\/2022\/07\/ABOUTUS_2.jpg 561w, https:\/\/hangermachinery.com\/wp-content\/uploads\/2022\/07\/ABOUTUS_2-300x114.jpg 300w\" sizes=\"auto, (max-width: 561px) 100vw, 561px\" \/><figcaption class=\"wp-element-caption\">Shuliy Company Certificate<\/figcaption><\/figure>    <figure class=\"wp-block-image size-large\"><img loading=\"lazy\" decoding=\"async\" width=\"559\" height=\"219\" data-id=\"163\" src=\"http:\/\/hangermachinery.com\/wp-content\/uploads\/2022\/07\/ABOUTUS_1.jpg\" alt=\"certificado de empresa shuliy\" class=\"wp-image-163\" title=\"\" srcset=\"https:\/\/hangermachinery.com\/wp-content\/uploads\/2022\/07\/ABOUTUS_1.jpg 559w, https:\/\/hangermachinery.com\/wp-content\/uploads\/2022\/07\/ABOUTUS_1-300x118.jpg 300w\" sizes=\"auto, (max-width: 559px) 100vw, 559px\" \/><figcaption class=\"wp-element-caption\">Shuliy Company Certificate<\/figcaption><\/figure> <\/figure>    <h2 class=\"wp-block-heading\">\u00bfPor qu\u00e9 elegirnos?<\/h2>    <p class=\"translation-block\"><strong>Enfoque inigualable:<\/strong> solo hacemos una cosa, pero la hacemos mejor: maquinaria para perchas. Nuestro equipo posee un conocimiento profundo de todos los aspectos de la producci\u00f3n de perchas, lo que nos permite ofrecer los consejos m\u00e1s perspicaces y eficaces.<\/p>    <p class=\"translation-block\"><strong>L\u00ednea de producto completa: <\/strong>ofrecemos un portafolio completo de equipos que cubre diversos materiales y procesos, creando una verdadera experiencia de tienda integral que garantiza un flujo de producci\u00f3n sin fisuras.<\/p>    <p class=\"translation-block\"><strong>Ingenier\u00eda orientada al rendimiento:<\/strong> nuestras m\u00e1quinas est\u00e1n dise\u00f1adas para una eficiencia m\u00e1xima y durabilidad a largo plazo. Al utilizar componentes de alta calidad y una ingenier\u00eda de precisi\u00f3n, garantizamos que obtenga el mayor retorno de su inversi\u00f3n.<\/p>    <p class=\"translation-block\"><strong>Servicio y soporte global:<\/strong> respaldados por el s\u00f3lido sistema de soporte global del Grupo Shuliy, ofrecemos servicio de extremo a extremo, desde la consulta inicial y el dise\u00f1o del layout de la f\u00e1brica hasta la instalaci\u00f3n, formaci\u00f3n y suministro de repuestos a largo plazo.<\/p>    <figure class=\"wp-block-gallery has-nested-images columns-default is-cropped wp-block-gallery-3 is-layout-flex wp-block-gallery-is-layout-flex\"> <figure class=\"wp-block-image size-large\"><img loading=\"lazy\" decoding=\"async\" width=\"720\" height=\"540\" data-id=\"757\" src=\"https:\/\/hangermachinery.com\/wp-content\/uploads\/2025\/09\/Kenyan-customers-visit.webp\" alt=\"Los clientes kenianos visitan\" class=\"wp-image-757\" title=\"\" srcset=\"https:\/\/hangermachinery.com\/wp-content\/uploads\/2025\/09\/Kenyan-customers-visit.webp 720w, https:\/\/hangermachinery.com\/wp-content\/uploads\/2025\/09\/Kenyan-customers-visit-300x225.webp 300w, https:\/\/hangermachinery.com\/wp-content\/uploads\/2025\/09\/Kenyan-customers-visit-16x12.webp 16w\" sizes=\"auto, (max-width: 720px) 100vw, 720px\" \/><figcaption class=\"wp-element-caption\">Visita de clientes kenianos<\/figcaption><\/figure>    <figure class=\"wp-block-image size-large\"><img loading=\"lazy\" decoding=\"async\" width=\"720\" height=\"540\" data-id=\"761\" src=\"https:\/\/hangermachinery.com\/wp-content\/uploads\/2025\/09\/Spanish-customers-visit.webp\" alt=\"Clientes espa\u00f1oles visitan\" class=\"wp-image-761\" title=\"\" srcset=\"https:\/\/hangermachinery.com\/wp-content\/uploads\/2025\/09\/Spanish-customers-visit.webp 720w, https:\/\/hangermachinery.com\/wp-content\/uploads\/2025\/09\/Spanish-customers-visit-300x225.webp 300w, https:\/\/hangermachinery.com\/wp-content\/uploads\/2025\/09\/Spanish-customers-visit-16x12.webp 16w\" sizes=\"auto, (max-width: 720px) 100vw, 720px\" \/><figcaption class=\"wp-element-caption\">Visita de clientes espa\u00f1oles<\/figcaption><\/figure>    <figure class=\"wp-block-image size-large\"><img loading=\"lazy\" decoding=\"async\" width=\"720\" height=\"540\" data-id=\"762\" src=\"https:\/\/hangermachinery.com\/wp-content\/uploads\/2025\/09\/Turkish-customers-visit.webp\" alt=\"Clientes turcos visitan\" class=\"wp-image-762\" title=\"\" srcset=\"https:\/\/hangermachinery.com\/wp-content\/uploads\/2025\/09\/Turkish-customers-visit.webp 720w, https:\/\/hangermachinery.com\/wp-content\/uploads\/2025\/09\/Turkish-customers-visit-300x225.webp 300w, https:\/\/hangermachinery.com\/wp-content\/uploads\/2025\/09\/Turkish-customers-visit-16x12.webp 16w\" sizes=\"auto, (max-width: 720px) 100vw, 720px\" \/><figcaption class=\"wp-element-caption\">Visita de clientes turcos<\/figcaption><\/figure> <\/figure>    <p>Sus objetivos de producci\u00f3n son nuestro plano de acci\u00f3n.<\/p>    <p>Estamos encantados de hablar sobre los detalles de su proyecto y ayudar a convertir la visi\u00f3n de su negocio en una realidad de alto rendimiento. Contacte con nuestro equipo de expertos hoy mismo para recibir una consulta y un presupuesto gratuitos.<\/p>    <figure class=\"wp-block-gallery has-nested-images columns-default is-cropped wp-block-gallery-4 is-layout-flex wp-block-gallery-is-layout-flex\"> <figure class=\"wp-block-image size-large\"><img loading=\"lazy\" decoding=\"async\" width=\"720\" height=\"540\" data-id=\"763\" src=\"https:\/\/hangermachinery.com\/wp-content\/uploads\/2025\/09\/Yemeni-customers-visit.webp\" alt=\"Los clientes yemen\u00edes visitan\" class=\"wp-image-763\" title=\"\" srcset=\"https:\/\/hangermachinery.com\/wp-content\/uploads\/2025\/09\/Yemeni-customers-visit.webp 720w, https:\/\/hangermachinery.com\/wp-content\/uploads\/2025\/09\/Yemeni-customers-visit-300x225.webp 300w, https:\/\/hangermachinery.com\/wp-content\/uploads\/2025\/09\/Yemeni-customers-visit-16x12.webp 16w\" sizes=\"auto, (max-width: 720px) 100vw, 720px\" \/><figcaption class=\"wp-element-caption\">Visita de clientes yemen\u00edes<\/figcaption><\/figure>    <figure class=\"wp-block-image size-large\"><img loading=\"lazy\" decoding=\"async\" width=\"720\" height=\"540\" data-id=\"758\" src=\"https:\/\/hangermachinery.com\/wp-content\/uploads\/2025\/09\/Nigerian-customers-visit.webp\" alt=\"Los clientes nigerianos visitan\" class=\"wp-image-758\" title=\"\" srcset=\"https:\/\/hangermachinery.com\/wp-content\/uploads\/2025\/09\/Nigerian-customers-visit.webp 720w, https:\/\/hangermachinery.com\/wp-content\/uploads\/2025\/09\/Nigerian-customers-visit-300x225.webp 300w, https:\/\/hangermachinery.com\/wp-content\/uploads\/2025\/09\/Nigerian-customers-visit-16x12.webp 16w\" sizes=\"auto, (max-width: 720px) 100vw, 720px\" \/><figcaption class=\"wp-element-caption\">Visita de clientes nigerianos<\/figcaption><\/figure> <\/figure>","protected":false},"excerpt":{"rendered":"<p>Shuliy company introduction Welcome to Shuliy Machinery, a leading global manufacturer and supplier of hanger-making machinery. We are dedicated to providing clients worldwide with intelligent, stable, and high-efficiency hanger production solutions, from semi-automatic to fully automated lines. As a highly specialized division of Zhengzhou Shuliy Machinery Equipment Co., Ltd. (est. 2011), we combine over a [&hellip;]<\/p>\n","protected":false},"author":1,"featured_media":0,"parent":0,"menu_order":0,"comment_status":"closed","ping_status":"open","template":"","meta":{"footnotes":""},"class_list":["post-3","page","type-page","status-publish","hentry"],"_links":{"self":[{"href":"https:\/\/hangermachinery.com\/es\/wp-json\/wp\/v2\/pages\/3","targetHints":{"allow":["GET"]}}],"collection":[{"href":"https:\/\/hangermachinery.com\/es\/wp-json\/wp\/v2\/pages"}],"about":[{"href":"https:\/\/hangermachinery.com\/es\/wp-json\/wp\/v2\/types\/page"}],"author":[{"embeddable":true,"href":"https:\/\/hangermachinery.com\/es\/wp-json\/wp\/v2\/users\/1"}],"replies":[{"embeddable":true,"href":"https:\/\/hangermachinery.com\/es\/wp-json\/wp\/v2\/comments?post=3"}],"version-history":[{"count":0,"href":"https:\/\/hangermachinery.com\/es\/wp-json\/wp\/v2\/pages\/3\/revisions"}],"wp:attachment":[{"href":"https:\/\/hangermachinery.com\/es\/wp-json\/wp\/v2\/media?parent=3"}],"curies":[{"name":"wp","href":"https:\/\/api.w.org\/{rel}","templated":true}]}}