{"id":109,"date":"2022-07-17T16:28:30","date_gmt":"2022-07-17T16:28:30","guid":{"rendered":"https:\/\/hangermachinery.com\/?post_type=product&#038;p=109"},"modified":"2023-08-16T14:08:28","modified_gmt":"2023-08-16T06:08:28","slug":"coat-hanger-making-machine","status":"publish","type":"product","link":"https:\/\/hangermachinery.com\/es\/product\/coat-hanger-making-machine\/","title":{"rendered":"\u00bfC\u00f3mo se fabrican las perchas de tela de metal?"},"content":{"rendered":"<p class=\"translation-block\">La m\u00e1quina para hacer perchas es una m\u00e1quina que utiliza alambre de pl\u00e1stico para fabricar perchas. La m\u00e1quina se caracteriza por su alta eficiencia de trabajo, un alto grado de inteligencia y no requiere una excesiva participaci\u00f3n humana. La <a href=\"https:\/\/hangermachinery.com\/es\/products\/plastic-coated-hanger-production-line\/\">m\u00e1quina de perchas con alambre recubierto<\/a><a href=\"https:\/\/hangermachinery.com\/es\/product\/plastic-coated-hanger-production-line-clothes-hanger-machine\/\">e<\/a> ha generado enormes beneficios para muchos fabricantes.<\/p>    <figure class=\"wp-block-image size-full\"><img loading=\"lazy\" decoding=\"async\" width=\"720\" height=\"540\" src=\"https:\/\/hangermachinery.com\/wp-content\/uploads\/2022\/07\/Coat-hanger.webp\" alt=\"Perchero\" class=\"wp-image-330\" title=\"\" srcset=\"https:\/\/hangermachinery.com\/wp-content\/uploads\/2022\/07\/Coat-hanger.webp 720w, https:\/\/hangermachinery.com\/wp-content\/uploads\/2022\/07\/Coat-hanger-300x225.webp 300w\" sizes=\"auto, (max-width: 720px) 100vw, 720px\" \/><figcaption class=\"wp-element-caption\">Percha<\/figcaption><\/figure>    <h2 class=\"wp-block-heading\" id=\"h-what-is-plastic-coat-wire\">Percha <span style=\"font-size: revert; color: revert; font-weight: revert;\">de alambre<\/span> Alambre de pl\u00e1stico para perchas<\/h2>    <figure class=\"wp-block-image size-full\"><img loading=\"lazy\" decoding=\"async\" width=\"720\" height=\"540\" src=\"https:\/\/hangermachinery.com\/wp-content\/uploads\/2022\/07\/plastic-coat-wire.webp\" alt=\"alambre de revestimiento de pl\u00e1stico\" class=\"wp-image-331\" title=\"\" srcset=\"https:\/\/hangermachinery.com\/wp-content\/uploads\/2022\/07\/plastic-coat-wire.webp 720w, https:\/\/hangermachinery.com\/wp-content\/uploads\/2022\/07\/plastic-coat-wire-300x225.webp 300w\" sizes=\"auto, (max-width: 720px) 100vw, 720px\" \/><figcaption class=\"wp-element-caption\">Alambre recubierto<\/figcaption><\/figure>    <p class=\"translation-block\"><a href=\"https:\/\/www.amazon.com\/coated-wire\/s?k=coated+wire\" data-type=\"URL\" data-id=\"https:\/\/www.amazon.com\/coated-wire\/s?k=coated+wire\" target=\"_blank\" rel=\"noopener\">El alambre recubierto<\/a> es alambre galvanizado procesado y alambre de hierro. Despu\u00e9s de pasar por la m\u00e1quina de recubrimiento, el alambre ser\u00e1 envuelto por una capa de recubrimiento pl\u00e1stico. Tal alambre se llama alambre recubierto, y el alambre procesado se convierte en una percha. Es exquisito, y puedes elegir una variedad de colores para la m\u00e1quina de perchas para atraer a los clientes a comprar. Adem\u00e1s, la m\u00e1quina para hacer perchas despu\u00e9s de ser sumergida es m\u00e1s antideslizante. Si utilizas alambre de hierro para producir perchas, tambi\u00e9n puede desempe\u00f1ar un papel protector en el secado de la ropa.<\/p>    <h2 class=\"wp-block-heading\" id=\"h-the-main-advantages-of-the-coat-hanger-making-machine\">La longitud de la l\u00ednea de alimentaci\u00f3n es est\u00e1ndar.<\/h2>    <ol class=\"wp-block-list\"> <li>La velocidad se puede ajustar seg\u00fan el di\u00e1metro del alambre, cualquier velocidad.<\/li>    <li>Con alta producci\u00f3n y velocidad r\u00e1pida, se pueden producir hasta 45 piezas por minuto.<\/li>    <li>Lo m\u00e1s conveniente es reemplazar el molde (el estilo de la percha), que es conveniente y simple. Ingrese la longitud de alambre requerida en la pantalla y mueva la posici\u00f3n del cortador.<\/li>    <li>La m\u00e1quina se puede adaptar para producir: acero inoxidable 201, hierro inoxidable 410, alambre galvanizado, alambre de hierro ordinario, alambre recubierto de goma y alambre de aluminio.<\/li>    <li>Esta m\u00e1quina de fabricaci\u00f3n de perchas adopta un control num\u00e9rico autom\u00e1tico, alimentaci\u00f3n precisa de alambre, funcionamiento estable y bajo ruido,<\/li>    <li>Una m\u00e1quina puede producir una variedad de perchas <a href=\"https:\/\/hangermachinery.com\/es\/Info\/what-is-hanger-manufacturing-process\/\">. Un trabajador puede manejar de 4 a 8 m\u00e1quinas, lo que puede ahorrarle mano de obra. y el di\u00e1metro de alambre aplicable es de 1.7-3.5.<\/a>Recubrimiento de pl\u00e1stico para perchas<br><\/li> <\/ol>    <h2 class=\"wp-block-heading\" id=\"h-what-are-the-benefits-of-hanger-coating-plastic\">Par\u00e1metros de la m\u00e1quina de fabricaci\u00f3n de perchas<\/h2>    <figure class=\"wp-block-image size-full\"><img loading=\"lazy\" decoding=\"async\" width=\"720\" height=\"540\" src=\"https:\/\/hangermachinery.com\/wp-content\/uploads\/2022\/07\/\u4ea7\u54c1.webp\" alt=\"revestimiento de percha de pl\u00e1stico\" class=\"wp-image-332\" title=\"\" srcset=\"https:\/\/hangermachinery.com\/wp-content\/uploads\/2022\/07\/\u4ea7\u54c1.webp 720w, https:\/\/hangermachinery.com\/wp-content\/uploads\/2022\/07\/\u4ea7\u54c1-300x225.webp 300w\" sizes=\"auto, (max-width: 720px) 100vw, 720px\" \/><figcaption class=\"wp-element-caption\">El proceso de inmersi\u00f3n tiene las caracter\u00edsticas de no toxicidad, resistencia al desgaste, resistencia a la luz, color brillante y buena sensaci\u00f3n al tacto. Ahora, tambi\u00e9n se pueden ver muchos productos recubiertos de pl\u00e1stico en la vida diaria, como mancuernas recubiertas de pl\u00e1stico, especialmente las mancuernas que han sido impregnadas con superficies de c\u00e1\u00f1amo. Tambi\u00e9n hay barandillas. Las barandillas anteriores eran propensas a desprenderse de la pintura, pero las barandillas despu\u00e9s del recubrimiento se pueden usar durante varios a\u00f1os sin decolorarse, y los colores siguen siendo tan brillantes como nuevos. Despu\u00e9s de a\u00f1os de experiencia, la percha recubierta de goma se ha convertido en un proceso muy maduro y es muy seguro y confiable. La empresa Shuliy tiene una l\u00ednea de producci\u00f3n completa de caucho, totalmente automatizada.<\/figcaption><\/figure>    <p>Par\u00e1metros de la m\u00e1quina de fabricaci\u00f3n de perchas<\/p>    <h2 class=\"wp-block-heading\" id=\"h-parameters-of-hanger-product-machine\">M\u00e1quina de alambre de tela de perchas<\/h2>    <figure class=\"wp-block-image size-full\"><img loading=\"lazy\" decoding=\"async\" width=\"720\" height=\"540\" src=\"https:\/\/hangermachinery.com\/wp-content\/uploads\/2022\/07\/wire-cloth-hanger-machine.webp\" alt=\"maquina para hacer perchas\" class=\"wp-image-333\" title=\"\" srcset=\"https:\/\/hangermachinery.com\/wp-content\/uploads\/2022\/07\/wire-cloth-hanger-machine.webp 720w, https:\/\/hangermachinery.com\/wp-content\/uploads\/2022\/07\/wire-cloth-hanger-machine-300x225.webp 300w\" sizes=\"auto, (max-width: 720px) 100vw, 720px\" \/><figcaption class=\"wp-element-caption\">Di\u00e1metro del alambre<\/figcaption><\/figure>    <figure class=\"wp-block-table\"><table><tbody><tr><td>Modelo &nbsp;<\/td><td>SL-40 &nbsp;<\/td><\/tr><tr><td>Capacidad &nbsp;<\/td><td>30-40pcs\/minuto &nbsp;<\/td><\/tr><tr><td>M\u00e1quina de fabricaci\u00f3n de perchas &nbsp;<\/td><td>Personalizar &nbsp;<\/td><\/tr><tr><td>Voltaje &nbsp;<\/td><td>220V\/380V &nbsp;<\/td><\/tr><tr><td>Tama\u00f1o del colgador &nbsp;<\/td><td>Personalizar &nbsp;<\/td><\/tr><tr><td>Peso neto &nbsp;<\/td><td>700KG &nbsp;<\/td><\/tr><tr><td>Tama\u00f1o de la m\u00e1quina &nbsp;<\/td><td>1800*800*1650mm &nbsp;<\/td><\/tr><\/tbody><\/table><figcaption class=\"wp-element-caption\">Tama\u00f1o de la percha<\/figcaption><\/figure>    <h2 class=\"wp-block-heading\" id=\"h-hanger-product-machine-producing-the-size-of-the-hanger\">Uso del fabricante de perchas<\/h2>    <figure class=\"wp-block-image size-full\"><img loading=\"lazy\" decoding=\"async\" width=\"720\" height=\"540\" src=\"https:\/\/hangermachinery.com\/wp-content\/uploads\/2022\/07\/size-of-the-hanger.webp\" alt=\"tama\u00f1o de la percha\" class=\"wp-image-334\" title=\"\" srcset=\"https:\/\/hangermachinery.com\/wp-content\/uploads\/2022\/07\/size-of-the-hanger.webp 720w, https:\/\/hangermachinery.com\/wp-content\/uploads\/2022\/07\/size-of-the-hanger-300x225.webp 300w\" sizes=\"auto, (max-width: 720px) 100vw, 720px\" \/><figcaption class=\"wp-element-caption\">El tama\u00f1o de la percha se puede hacer de 16 a 19 pulgadas. El di\u00e1metro del alambre de las materias primas utilizadas generalmente es de 1.6 a 3.8 mm. Por lo general, cuanto mayor sea el di\u00e1metro del alambre utilizado, mejor ser\u00e1 el soporte de la percha y m\u00e1s duradera ser\u00e1 la percha. Adem\u00e1s, el molde de la m\u00e1quina de fabricaci\u00f3n de perchas se puede personalizar, solo env\u00edenos la imagen y el tama\u00f1o de la percha, y nosotros nos encargaremos de que el dise\u00f1ador y el personal de la f\u00e1brica fabriquen el molde espec\u00edfico.<\/figcaption><\/figure>    <p>El tama\u00f1o de la percha se puede hacer entre 16 y 19 pulgadas. El di\u00e1metro del alambre de las materias primas utilizadas es generalmente de 1,6 a 3,8 mm. Generalmente, cuanto mayor sea el di\u00e1metro del alambre utilizado, mejor ser\u00e1 el soporte del colgador y m\u00e1s duradera ser\u00e1 la percha. Adem\u00e1s, el molde de la m\u00e1quina para fabricar perchas se puede personalizar, simplemente env\u00edenos la imagen y el tama\u00f1o de la percha y nos encargaremos de que el dise\u00f1ador y el personal de la f\u00e1brica fabriquen el molde espec\u00edfico.<\/p>    <h2 class=\"wp-block-heading\" id=\"h-use-of-coat-hanger-making-machine\">Uso del fabricante de perchas<\/h2>    <figure class=\"wp-block-embed is-type-video is-provider-youtube wp-block-embed-youtube wp-embed-aspect-16-9 wp-has-aspect-ratio\"><div class=\"wp-block-embed__wrapper\"> <iframe loading=\"lazy\" title=\"La m\u00e1quina fabricante de perchas tiene buena venta en Arabia Saudita | \u00bfc\u00f3mo se fabrican perchas de acero? | perchas\" width=\"500\" height=\"281\" src=\"https:\/\/www.youtube.com\/embed\/WjJTmsKK8mA?feature=oembed\" frameborder=\"0\" allow=\"accelerometer; autoplay; clipboard-write; encrypted-media; gyroscope; picture-in-picture; web-share\" referrerpolicy=\"strict-origin-when-cross-origin\" allowfullscreen><\/iframe> <\/div><figcaption class=\"wp-element-caption\">Video de funcionamiento de la m\u00e1quina fabricante de perchas<\/figcaption><\/figure>    <p>Cuando la m\u00e1quina formadora de perchas con revestimiento de goma est\u00e1 en uso y se enciende el interruptor autom\u00e1tico del hilo, la m\u00e1quina formadora de perchas cambiar\u00e1 la m\u00e1quina principal al interruptor manual, y luego tocar\u00e1 el interruptor para introducir el hilo en el cuchillo del sastre, cuando entra en el molde. Observar si el alambre se endereza, en la m\u00e1quina formadora de perchas de metal, el alambre debe enderezarse. Observar la longitud del alambre, girar la rueda de presi\u00f3n del mango de tracci\u00f3n, la m\u00e1quina formadora de perchas, el apriete es la longitud del alambre, el precio de la m\u00e1quina fabricante de perchas y la holgura es el alambre corto.<\/p>    <h2 class=\"wp-block-heading\" id=\"h-maintenance-of-coating-hanger-machine\">Mantenimiento de la m\u00e1quina fabricante de perchas<\/h2>    <figure class=\"wp-block-image size-full\"><img loading=\"lazy\" decoding=\"async\" width=\"720\" height=\"540\" src=\"https:\/\/hangermachinery.com\/wp-content\/uploads\/2022\/07\/hanger-product-machine.webp\" alt=\"maquina para hacer perchas\" class=\"wp-image-335\" title=\"\" srcset=\"https:\/\/hangermachinery.com\/wp-content\/uploads\/2022\/07\/hanger-product-machine.webp 720w, https:\/\/hangermachinery.com\/wp-content\/uploads\/2022\/07\/hanger-product-machine-300x225.webp 300w\" sizes=\"auto, (max-width: 720px) 100vw, 720px\" \/><figcaption class=\"wp-element-caption\">M\u00e1quina para hacer perchas<\/figcaption><\/figure>    <p class=\"translation-block\">El mantenimiento de la <a href=\"https:\/\/hangermachinery.com\/es\/product\/pvc-coated-wire-hanger-production-line\/\">m\u00e1quina formadora de perchas con recubrimiento<\/a> es muy importante. Cuando la m\u00e1quina para hacer perchas con recubrimiento ya no funciona, se debe cortar la alimentaci\u00f3n y no se debe utilizar la m\u00e1quina para hacer perchas con recubrimiento en condiciones de prohibici\u00f3n de alimentaci\u00f3n a largo plazo. Cuando el interruptor est\u00e1 encendido, el host se cambia a manual y luego se acciona el interruptor para introducir el hilo en el cuchillo del sastre cuando entra en el molde. Observe si el alambre est\u00e1 enderezado, el alambre debe estar enderezado.<\/p>    <h2 class=\"wp-block-heading\">\u00bfQu\u00e9 es el alambre de pl\u00e1stico para perchas?<\/h2>    <figure class=\"wp-block-embed is-type-video is-provider-youtube wp-block-embed-youtube wp-embed-aspect-16-9 wp-has-aspect-ratio\"><div class=\"wp-block-embed__wrapper\"> <iframe loading=\"lazy\" title=\"M\u00e1quina de producci\u00f3n de perchas para ropa roja | m\u00e1quina fabricante de perchas autom\u00e1tica\" width=\"500\" height=\"281\" src=\"https:\/\/www.youtube.com\/embed\/N-iDUziwNoQ?feature=oembed\" frameborder=\"0\" allow=\"accelerometer; autoplay; clipboard-write; encrypted-media; gyroscope; picture-in-picture; web-share\" referrerpolicy=\"strict-origin-when-cross-origin\" allowfullscreen><\/iframe> <\/div><figcaption class=\"wp-element-caption\">m\u00e1quina de producci\u00f3n de perchas<\/figcaption><\/figure>","protected":false},"excerpt":{"rendered":"<p>La m\u00e1quina para fabricar perchas de alambre de pl\u00e1stico es una m\u00e1quina que utiliza alambre de pl\u00e1stico para fabricar una m\u00e1quina para perchas. <\/p>","protected":false},"author":1,"featured_media":328,"parent":0,"template":"","tags":[24,29],"product-type":[11,16],"class_list":["post-109","product","type-product","status-publish","has-post-thumbnail","hentry","tag-coat-hanger-making-machine","tag-hanger","product-type-product","product-type-coat-hanger-making-machine"],"_links":{"self":[{"href":"https:\/\/hangermachinery.com\/es\/wp-json\/wp\/v2\/product\/109","targetHints":{"allow":["GET"]}}],"collection":[{"href":"https:\/\/hangermachinery.com\/es\/wp-json\/wp\/v2\/product"}],"about":[{"href":"https:\/\/hangermachinery.com\/es\/wp-json\/wp\/v2\/types\/product"}],"author":[{"embeddable":true,"href":"https:\/\/hangermachinery.com\/es\/wp-json\/wp\/v2\/users\/1"}],"wp:featuredmedia":[{"embeddable":true,"href":"https:\/\/hangermachinery.com\/es\/wp-json\/wp\/v2\/media\/328"}],"wp:attachment":[{"href":"https:\/\/hangermachinery.com\/es\/wp-json\/wp\/v2\/media?parent=109"}],"wp:term":[{"taxonomy":"post_tag","embeddable":true,"href":"https:\/\/hangermachinery.com\/es\/wp-json\/wp\/v2\/tags?post=109"},{"taxonomy":"product-type","embeddable":true,"href":"https:\/\/hangermachinery.com\/es\/wp-json\/wp\/v2\/product-type?post=109"}],"curies":[{"name":"wp","href":"https:\/\/api.w.org\/{rel}","templated":true}]}}