{"id":120,"date":"2022-07-17T16:53:58","date_gmt":"2022-07-17T16:53:58","guid":{"rendered":"https:\/\/hangermachinery.com\/?post_type=product&#038;p=120"},"modified":"2022-09-28T17:58:25","modified_gmt":"2022-09-28T09:58:25","slug":"welding-wire-hanger-making-machine","status":"publish","type":"product","link":"https:\/\/hangermachinery.com\/es\/product\/welding-wire-hanger-making-machine\/","title":{"rendered":"\u00bfC\u00f3mo encontrar una m\u00e1quina para hacer perchas de alambre en India?"},"content":{"rendered":"<p class=\"translation-block\">La m\u00e1quina para fabricar perchas de alambre de soldadura es el equipo para fabricar perchas. Una m\u00e1quina de soldadura de perchas es una <a href=\"https:\/\/hangermachinery.com\/es\/products\/plastic-coated-hanger-production-line\/\">m\u00e1quina autom\u00e1tica de perchas<\/a> inteligente que integra la <a href=\"https:\/\/hangermachinery.com\/es\/product\/galvanized-wire-hanger-machine\/\">formaci\u00f3n de perchas<\/a> y la soldadura. Se puede fabricar una m\u00e1quina para perchas de 13-20 pulgadas, y la forma y el tama\u00f1o de la m\u00e1quina para fabricar perchas de alambre de soldadura se pueden personalizar. La m\u00e1quina para fabricar perchas de alambre de soldadura se ha vendido a Arabia Saudita, Pakist\u00e1n, M\u00e9xico, Australia y otros lugares y es muy popular.<\/p>    <figure class=\"wp-block-image size-full\"><img loading=\"lazy\" decoding=\"async\" width=\"680\" height=\"680\" src=\"https:\/\/hangermachinery.com\/wp-content\/uploads\/2022\/07\/Welding-wire-hanger-making.webp\" alt=\"Fabricaci\u00f3n de perchas de alambre para soldar\" class=\"wp-image-338\" title=\"\" srcset=\"https:\/\/hangermachinery.com\/wp-content\/uploads\/2022\/07\/Welding-wire-hanger-making.webp 680w, https:\/\/hangermachinery.com\/wp-content\/uploads\/2022\/07\/Welding-wire-hanger-making-300x300.webp 300w, https:\/\/hangermachinery.com\/wp-content\/uploads\/2022\/07\/Welding-wire-hanger-making-150x150.webp 150w\" sizes=\"auto, (max-width: 680px) 100vw, 680px\" \/><figcaption>Fabricaci\u00f3n de perchas de alambre para soldar<\/figcaption><\/figure>    <h2 class=\"wp-block-heading\" id=\"h-what-are-the-functions-of-hangers\">\u00bfCu\u00e1les son las funciones de las perchas?<\/h2>    <div class=\"wp-block-columns is-layout-flex wp-container-core-columns-is-layout-9d6595d7 wp-block-columns-is-layout-flex\"> <div class=\"wp-block-column is-layout-flow wp-block-column-is-layout-flow\" style=\"flex-basis:100%\"><div class=\"wp-block-image\"> <figure class=\"aligncenter size-full\"><img loading=\"lazy\" decoding=\"async\" width=\"720\" height=\"540\" src=\"https:\/\/hangermachinery.com\/wp-content\/uploads\/2022\/07\/galvanized-hangers-1.webp\" alt=\"perchas galvanizadas\" class=\"wp-image-487\" title=\"\" srcset=\"https:\/\/hangermachinery.com\/wp-content\/uploads\/2022\/07\/galvanized-hangers-1.webp 720w, https:\/\/hangermachinery.com\/wp-content\/uploads\/2022\/07\/galvanized-hangers-1-300x225.webp 300w\" sizes=\"auto, (max-width: 720px) 100vw, 720px\" \/><figcaption>perchas galvanizadas<\/figcaption><\/figure> <\/div><\/div> <\/div>    <p>La percha se puede utilizar para secar la ropa en el balc\u00f3n para protegerla de las arrugas durante el proceso de secado; la percha tambi\u00e9n se puede utilizar en el armario para ahorrar espacio en el armario y facilitar la b\u00fasqueda de ropa, por lo que la percha estar\u00e1 en todas las familias, y es muy importante. En las tintorer\u00edas, la ropa de los clientes generalmente se cuelga directamente en perchas para que se seque, lo que puede proteger la ropa del roce entre s\u00ed. En la industria de la confecci\u00f3n, las perchas se utilizan para exhibir la ropa, por lo que se pueden usar en hogares y negocios.<\/p>   <div class=\"wp-block-image\"> <figure class=\"aligncenter size-full\"><img loading=\"lazy\" decoding=\"async\" width=\"720\" height=\"540\" src=\"https:\/\/hangermachinery.com\/wp-content\/uploads\/2022\/07\/Raw-material-for-welding-hanger-machine.webp\" alt=\"Materia prima para la m\u00e1quina de perchas de soldadura\" class=\"wp-image-341\" title=\"\" srcset=\"https:\/\/hangermachinery.com\/wp-content\/uploads\/2022\/07\/Raw-material-for-welding-hanger-machine.webp 720w, https:\/\/hangermachinery.com\/wp-content\/uploads\/2022\/07\/Raw-material-for-welding-hanger-machine-300x225.webp 300w\" sizes=\"auto, (max-width: 720px) 100vw, 720px\" \/><figcaption>Materia prima para la m\u00e1quina de perchas de soldadura<\/figcaption><\/figure> <\/div>   <h2 class=\"wp-block-heading\" id=\"h-raw-material-for-welding-wire-hanger-making-machine\">Materia prima para la m\u00e1quina de fabricaci\u00f3n de perchas de alambre de soldadura<\/h2>   <div class=\"wp-block-image\"> <figure class=\"aligncenter size-full\"><img loading=\"lazy\" decoding=\"async\" width=\"720\" height=\"540\" src=\"https:\/\/hangermachinery.com\/wp-content\/uploads\/2022\/07\/Raw-material-for-welding-wire-hanger.webp\" alt=\"Materia prima para soldar alambre colgador.\" class=\"wp-image-488\" title=\"\" srcset=\"https:\/\/hangermachinery.com\/wp-content\/uploads\/2022\/07\/Raw-material-for-welding-wire-hanger.webp 720w, https:\/\/hangermachinery.com\/wp-content\/uploads\/2022\/07\/Raw-material-for-welding-wire-hanger-300x225.webp 300w\" sizes=\"auto, (max-width: 720px) 100vw, 720px\" \/><figcaption>Materia prima para la percha de alambre de soldadura<\/figcaption><\/figure> <\/div>   <p class=\"translation-block\">Las materias primas que puede utilizar la m\u00e1quina de soldadura de perchas incluyen <a href=\"https:\/\/www.amazon.com\/galvanized-steel-wire\/s?k=galvanized+steel+wire\" data-type=\"URL\" data-id=\"https:\/\/www.amazon.com\/galvanized-steel-wire\/s?k=galvanized+steel+wire\" target=\"_blank\" rel=\"noopener\">alambre galvanizado<\/a>, alambre de hierro, aluminio y alambre de negro de carb\u00f3n, etc., y tambi\u00e9n se puede utilizar alambre de acero inoxidable. La interfaz de la m\u00e1quina de soldadura es muy lisa y no hay alambre extra, lo que ahorrar\u00e1 materias primas. Despu\u00e9s de pintar, la interfaz de la m\u00e1quina de soldadura se puede cubrir completamente. Este tipo de percha es m\u00e1s bonita, por lo que es la primera opci\u00f3n de muchos consumidores. Por lo tanto, las ventas de esta m\u00e1quina en nuestra f\u00e1brica son muy altas.<\/p>    <h2 class=\"wp-block-heading\">\u00bfC\u00f3mo utilizar una m\u00e1quina de fabricaci\u00f3n de perchas de alambre de soldadura?<\/h2>    <figure class=\"wp-block-embed is-type-video is-provider-youtube wp-block-embed-youtube wp-embed-aspect-16-9 wp-has-aspect-ratio\"><div class=\"wp-block-embed__wrapper\"> <iframe loading=\"lazy\" title=\"\u00bfSabes c\u00f3mo hacer perchas de ropa? | M\u00e1quina para hacer perchas de alambre de soldadura | M\u00e1quina para perchas de metal\" width=\"500\" height=\"281\" src=\"https:\/\/www.youtube.com\/embed\/A5D1dnZ3Gu4?feature=oembed\" frameborder=\"0\" allow=\"accelerometer; autoplay; clipboard-write; encrypted-media; gyroscope; picture-in-picture; web-share\" referrerpolicy=\"strict-origin-when-cross-origin\" allowfullscreen><\/iframe> <\/div><\/figure>    <p>m\u00e1quina de fabricaci\u00f3n de perchas de alambre de soldadura<\/p>    <h2 class=\"wp-block-heading\" id=\"h-the-principle-of-welding-wire-hanger-making-machine\">El principio de la m\u00e1quina de fabricaci\u00f3n de perchas de alambre de soldadura<\/h2>   <div class=\"wp-block-image\"> <figure class=\"aligncenter size-full\"><img loading=\"lazy\" decoding=\"async\" width=\"720\" height=\"540\" src=\"https:\/\/hangermachinery.com\/wp-content\/uploads\/2022\/07\/hanger-machine.webp\" alt=\"m\u00e1quina de perchas\" class=\"wp-image-342\" title=\"\" srcset=\"https:\/\/hangermachinery.com\/wp-content\/uploads\/2022\/07\/hanger-machine.webp 720w, https:\/\/hangermachinery.com\/wp-content\/uploads\/2022\/07\/hanger-machine-300x225.webp 300w\" sizes=\"auto, (max-width: 720px) 100vw, 720px\" \/><figcaption>m\u00e1quina de perchas<\/figcaption><\/figure> <\/div>   <p><br>La m\u00e1quina de fabricaci\u00f3n de perchas de alambre de soldadura utiliza la tecnolog\u00eda de soldadura el\u00e9ctrica para conectar la interfaz de la m\u00e1quina de fabricaci\u00f3n de perchas de alambre de soldadura. Las perchas conectadas por soldadura por puntos son m\u00e1s fuertes que otras perchas y se pueden pulverizar en el exterior de la m\u00e1quina en una etapa posterior.<\/p>    <h2 class=\"wp-block-heading\" id=\"h-metal-hanger-product-machine-features\">Caracter\u00edsticas de la m\u00e1quina de productos de perchas de metal<\/h2>    <p>Caracter\u00edsticas de soldadura de la m\u00e1quina de soldadura de perchas de pl\u00e1stico: la m\u00e1quina de soldadura de perchas de pl\u00e1stico es una columna cuadrada, cojinete de gu\u00eda lineal, dispositivo de ajuste fino preciso y fuerte rendimiento mec\u00e1nico; La m\u00e1quina de fabricaci\u00f3n de perchas de alambre de soldadura adopta el transductor cer\u00e1mico piezoel\u00e9ctrico original alem\u00e1n, y la salida es fuerte y estable; Cuerpo de elevaci\u00f3n el\u00e9ctrica, f\u00e1cil de operar y de alta resistencia. <\/p>    <p>La m\u00e1quina de soldadura de perchas de pl\u00e1stico adopta la estructura ajustable horizontal de la cabeza de soldadura, que es conveniente para el ajuste del molde, estable en uso y tiene alta eficiencia de soldadura; La m\u00e1quina de soldadura de perchas de pl\u00e1stico adopta exclusivamente la estructura de l\u00edmite central de la cabeza de soldadura para garantizar que el l\u00edmite de la cabeza de soldadura no se desplace; la m\u00e1quina de soldadura de perchas de pl\u00e1stico es de fundici\u00f3n por gravedad y se forma, y adopta una base grande y una columna cuadrada con alta precisi\u00f3n de soldadura y apariencia hermosa.<\/p>   <div class=\"wp-block-image\"> <figure class=\"aligncenter size-full\"><img loading=\"lazy\" decoding=\"async\" width=\"720\" height=\"540\" src=\"https:\/\/hangermachinery.com\/wp-content\/uploads\/2022\/07\/welding-hanger-machine-1.webp\" alt=\" m\u00e1quina de suspensi\u00f3n de soldadura\" class=\"wp-image-343\" title=\"\" srcset=\"https:\/\/hangermachinery.com\/wp-content\/uploads\/2022\/07\/welding-hanger-machine-1.webp 720w, https:\/\/hangermachinery.com\/wp-content\/uploads\/2022\/07\/welding-hanger-machine-1-300x225.webp 300w\" sizes=\"auto, (max-width: 720px) 100vw, 720px\" \/><figcaption> m\u00e1quina de suspensi\u00f3n de soldadura  <\/figcaption><\/figure> <\/div>   <h2 class=\"wp-block-heading\" id=\"h-welding-wire-hanger-making-machine-parameters\">Par\u00e1metros de la m\u00e1quina de fabricaci\u00f3n de perchas de alambre de soldadura<\/h2>    <figure class=\"wp-block-gallery has-nested-images columns-default is-cropped wp-block-gallery-2 is-layout-flex wp-block-gallery-is-layout-flex\"> <figure class=\"wp-block-image size-large\"><img loading=\"lazy\" decoding=\"async\" width=\"600\" height=\"400\" data-id=\"344\" src=\"https:\/\/hangermachinery.com\/wp-content\/uploads\/2022\/07\/welding-hanger-making.webp\" alt=\"fabricaci\u00f3n de perchas de soldadura\" class=\"wp-image-344\" title=\"\" srcset=\"https:\/\/hangermachinery.com\/wp-content\/uploads\/2022\/07\/welding-hanger-making.webp 600w, https:\/\/hangermachinery.com\/wp-content\/uploads\/2022\/07\/welding-hanger-making-300x200.webp 300w\" sizes=\"auto, (max-width: 600px) 100vw, 600px\" \/><figcaption>Fabricaci\u00f3n de perchas de soldadura<\/figcaption><\/figure>    <figure class=\"wp-block-image size-large\"><img loading=\"lazy\" decoding=\"async\" width=\"403\" height=\"314\" data-id=\"345\" src=\"https:\/\/hangermachinery.com\/wp-content\/uploads\/2022\/07\/welding-hanger-making-2.webp\" alt=\"fabricaci\u00f3n de perchas de soldadura \" class=\"wp-image-345\" title=\"\" srcset=\"https:\/\/hangermachinery.com\/wp-content\/uploads\/2022\/07\/welding-hanger-making-2.webp 403w, https:\/\/hangermachinery.com\/wp-content\/uploads\/2022\/07\/welding-hanger-making-2-300x234.webp 300w\" sizes=\"auto, (max-width: 403px) 100vw, 403px\" \/><figcaption>Fabricaci\u00f3n de perchas de soldadura <\/figcaption><\/figure> <\/figure>    <figure class=\"wp-block-table\"><table><tbody><tr><td>Capacidad<\/td><td>50pcs\/min<\/td><\/tr><tr><td>Alambre galvanizado<\/td><td>1.6mm ~ 4.6mm<\/td><\/tr><tr><td>Potencia del motor<\/td><td>2.2kw<\/td><\/tr><tr><td>Tama\u00f1o de la percha<\/td><td>14\u2033\u00a0-19\u2033&nbsp;<\/td><\/tr><tr><td>Peso neto<\/td><td>850KG<\/td><\/tr><tr><td>&nbsp;Dimensi\u00f3n<\/td><td>M\u00e1quina de perchas: 1.4 * 1 * 1.6m; Marco de alambre de suministro: 1.2 * 1.2 * 1m &nbsp;<\/td><\/tr><\/tbody><\/table><figcaption>m\u00e1quina de productos de perchas de metal<\/figcaption><\/figure>    <h2 class=\"wp-block-heading\" id=\"h-metal-hanger-product-machine-case\">Caso de la m\u00e1quina de productos de perchas de metal<\/h2>    <figure class=\"wp-block-gallery has-nested-images columns-default is-cropped wp-block-gallery-3 is-layout-flex wp-block-gallery-is-layout-flex\"> <figure class=\"wp-block-image size-large\"><img loading=\"lazy\" decoding=\"async\" width=\"720\" height=\"540\" data-id=\"346\" src=\"https:\/\/hangermachinery.com\/wp-content\/uploads\/2022\/07\/hanger-machine-details.webp\" alt=\"Detalles de la m\u00e1quina de perchas\" class=\"wp-image-346\" title=\"\" srcset=\"https:\/\/hangermachinery.com\/wp-content\/uploads\/2022\/07\/hanger-machine-details.webp 720w, https:\/\/hangermachinery.com\/wp-content\/uploads\/2022\/07\/hanger-machine-details-300x225.webp 300w\" sizes=\"auto, (max-width: 720px) 100vw, 720px\" \/><figcaption>Detalles de la m\u00e1quina de perchas<\/figcaption><\/figure>    <figure class=\"wp-block-image size-large\"><img loading=\"lazy\" decoding=\"async\" width=\"720\" height=\"540\" data-id=\"347\" src=\"https:\/\/hangermachinery.com\/wp-content\/uploads\/2022\/07\/hanger-1.webp\" alt=\"percha\" class=\"wp-image-347\" title=\"\" srcset=\"https:\/\/hangermachinery.com\/wp-content\/uploads\/2022\/07\/hanger-1.webp 720w, https:\/\/hangermachinery.com\/wp-content\/uploads\/2022\/07\/hanger-1-300x225.webp 300w\" sizes=\"auto, (max-width: 720px) 100vw, 720px\" \/><figcaption>Percha<\/figcaption><\/figure> <\/figure>    <p class=\"translation-block\"><br>Recientemente exportamos a M\u00e9xico, el cliente quer\u00eda comprar nuestra <a href=\"https:\/\/hangermachinery.com\/es\/product\/coat-hanger-making-machine\/\">m\u00e1quina para perchas<\/a>, pero le preocupaba que sus materias primas no fueran adecuadas, hicimos una conexi\u00f3n y pedimos a un cliente de la m\u00e1quina para fabricar perchas de alambre de soldadura en M\u00e9xico que enviara una muestra de sus materias primas, y luego probamos la m\u00e1quina en la f\u00e1brica, y filmamos un video para el cliente, y encontramos que el efecto era bueno, por lo que firmaron un contrato de compra, y el cliente mexicano compr\u00f3 dos m\u00e1quinas para perchas. Personalizamos la m\u00e1quina para el cliente seg\u00fan la forma de la percha que el cliente desea, para que el cliente pueda tener buenas ventas al vender la percha.<\/p>","protected":false},"excerpt":{"rendered":"<p>La m\u00e1quina para fabricar perchas de alambre de soldadura es el equipo para fabricar perchas. <\/p>","protected":false},"author":1,"featured_media":337,"parent":0,"template":"","tags":[29,25],"product-type":[11,17],"class_list":["post-120","product","type-product","status-publish","has-post-thumbnail","hentry","tag-hanger","tag-welding-wire-hanger-making-machine","product-type-product","product-type-welding-wire-hanger-making-machine"],"_links":{"self":[{"href":"https:\/\/hangermachinery.com\/es\/wp-json\/wp\/v2\/product\/120","targetHints":{"allow":["GET"]}}],"collection":[{"href":"https:\/\/hangermachinery.com\/es\/wp-json\/wp\/v2\/product"}],"about":[{"href":"https:\/\/hangermachinery.com\/es\/wp-json\/wp\/v2\/types\/product"}],"author":[{"embeddable":true,"href":"https:\/\/hangermachinery.com\/es\/wp-json\/wp\/v2\/users\/1"}],"wp:featuredmedia":[{"embeddable":true,"href":"https:\/\/hangermachinery.com\/es\/wp-json\/wp\/v2\/media\/337"}],"wp:attachment":[{"href":"https:\/\/hangermachinery.com\/es\/wp-json\/wp\/v2\/media?parent=120"}],"wp:term":[{"taxonomy":"post_tag","embeddable":true,"href":"https:\/\/hangermachinery.com\/es\/wp-json\/wp\/v2\/tags?post=120"},{"taxonomy":"product-type","embeddable":true,"href":"https:\/\/hangermachinery.com\/es\/wp-json\/wp\/v2\/product-type?post=120"}],"curies":[{"name":"wp","href":"https:\/\/api.w.org\/{rel}","templated":true}]}}