{"id":132,"date":"2022-07-17T17:07:55","date_gmt":"2022-07-17T17:07:55","guid":{"rendered":"https:\/\/hangermachinery.com\/?post_type=product&#038;p=132"},"modified":"2022-12-02T16:31:35","modified_gmt":"2022-12-02T08:31:35","slug":"butterfly-type-hanger-product-machine","status":"publish","type":"product","link":"https:\/\/hangermachinery.com\/es\/product\/butterfly-type-hanger-product-machine\/","title":{"rendered":"Revolutionize la producci\u00f3n de perchas con las m\u00e1quinas para perchas de PVC"},"content":{"rendered":"<p class=\"translation-block\">Butterfly-type hanger product machine is a machine used to produce hangers. The <a href=\"https:\/\/hangermachinery.com\/es\/products\/plastic-coated-hanger-production-line\/\">wire hanger product machine <\/a>uses raw materials such as iron wire and <a href=\"https:\/\/en.wikipedia.org\/wiki\/Galvanization\" data-type=\"URL\" data-id=\"https:\/\/en.wikipedia.org\/wiki\/Galvanization\" target=\"_blank\" rel=\"noopener\">galvanized<\/a> wire to be machined into hangers, and the shape of the hanger can be customized. This is the butterfly shape hanger machine. The butterfly hanger is beautiful in appearance and has a non-slip effect on the hanger.<\/p>    <figure class=\"wp-block-image size-full\"><img loading=\"lazy\" decoding=\"async\" width=\"720\" height=\"540\" src=\"https:\/\/hangermachinery.com\/wp-content\/uploads\/2022\/07\/Butterfly-type-hanger-.webp\" alt=\"Percha tipo mariposa\" class=\"wp-image-350\" title=\"\" srcset=\"https:\/\/hangermachinery.com\/wp-content\/uploads\/2022\/07\/Butterfly-type-hanger-.webp 720w, https:\/\/hangermachinery.com\/wp-content\/uploads\/2022\/07\/Butterfly-type-hanger--300x225.webp 300w\" sizes=\"auto, (max-width: 720px) 100vw, 720px\" \/><figcaption class=\"wp-element-caption\">Percha tipo mariposa<\/figcaption><\/figure>    <h2 class=\"wp-block-heading\" id=\"h-why-is-it-called-a-butterfly-hanger-machine\">\u00bfPor qu\u00e9 se llama m\u00e1quina de productos para perchas tipo mariposa?<\/h2>    <figure class=\"wp-block-embed is-type-video is-provider-youtube wp-block-embed-youtube wp-embed-aspect-16-9 wp-has-aspect-ratio\"><div class=\"wp-block-embed__wrapper\"> <iframe loading=\"lazy\" title=\"Una f\u00e1brica de fabricaci\u00f3n de perchas de alambre est\u00e1 en funcionamiento en Arabia Saudita | m\u00e1quina de fabricaci\u00f3n de ganchos para perchas\" width=\"500\" height=\"281\" src=\"https:\/\/www.youtube.com\/embed\/MfuP8dbRTU4?feature=oembed\" frameborder=\"0\" allow=\"accelerometer; autoplay; clipboard-write; encrypted-media; gyroscope; picture-in-picture; web-share\" referrerpolicy=\"strict-origin-when-cross-origin\" allowfullscreen><\/iframe> <\/div><\/figure>    <p><br>\u00bfPor qu\u00e9 se llama m\u00e1quina de perchas tipo mariposa? Debido a que la forma de la percha es \u00fanica, la forma de la percha es algo similar a las alas de una mariposa, por lo que se llama m\u00e1quina de perchas tipo mariposa. La forma de la m\u00e1quina de productos para perchas tipo mariposa es muy hermosa, y debido a su forma \u00fanica, la m\u00e1quina de perchas tambi\u00e9n tiene un efecto antideslizante. Por lo tanto, la m\u00e1quina de perchas tipo mariposa es una forma que a muchas personas les gusta.<\/p>    <h2 class=\"wp-block-heading\">Par\u00e1metro de la m\u00e1quina de productos para perchas tipo mariposa<\/h2>    <figure class=\"wp-block-table\"><table><tbody><tr><td>Modelo<\/td><td>SL-600<\/td><\/tr><tr><td>Capacidad<\/td><td>50 piezas\/hora<\/td><\/tr><tr><td>Alambre galvanizado<\/td><td>1.8 mm ~ 2.2 mm<\/td><\/tr><tr><td>alambre recubierto de P.V.C<\/td><td>2.8 mm ~ 3.6 mm<\/td><\/tr><tr><td>motor<\/td><td>2 HP<\/td><\/tr><tr><td>soporte de alimentaci\u00f3n de alambre<\/td><td>2 HP<\/td><\/tr><tr><td>Tama\u00f1o del colgador<\/td><td>13-14 cm para ni\u00f1os<br>15-19 cm para adultos<\/td><\/tr><tr><td>Peso neto<\/td><td>750 kg<\/td><\/tr><tr><td>Tama\u00f1o de la m\u00e1quina<\/td><td>1800*800*1650 mm (L*W*H)<\/td><\/tr><\/tbody><\/table><\/figure>    <h2 class=\"wp-block-heading\" id=\"h-why-can-the-butterfly-type-hanger-product-machine-make-a-variety-of-shapes\">\u00bfPor qu\u00e9 la m\u00e1quina de productos para perchas tipo mariposa puede hacer una variedad de formas?<\/h2>    <figure class=\"wp-block-image size-full\"><img loading=\"lazy\" decoding=\"async\" width=\"720\" height=\"540\" src=\"https:\/\/hangermachinery.com\/wp-content\/uploads\/2022\/07\/Butterfly-type-hanger-product-machine-4.webp\" alt=\"M\u00e1quina para productos de perchas tipo mariposa\" class=\"wp-image-437\" title=\"\" srcset=\"https:\/\/hangermachinery.com\/wp-content\/uploads\/2022\/07\/Butterfly-type-hanger-product-machine-4.webp 720w, https:\/\/hangermachinery.com\/wp-content\/uploads\/2022\/07\/Butterfly-type-hanger-product-machine-4-300x225.webp 300w\" sizes=\"auto, (max-width: 720px) 100vw, 720px\" \/><figcaption class=\"wp-element-caption\">M\u00e1quina de productos para perchas tipo mariposa<\/figcaption><\/figure>    <p>La m\u00e1quina de perchas tipo mariposa puede hacer muchas formas diferentes porque la m\u00e1quina de perchas puede cambiar el molde, y la forma de la percha producida por diferentes moldes ser\u00e1 diferente. Adem\u00e1s, el tama\u00f1o de la percha tambi\u00e9n se puede personalizar. Si desea producir perchas de ropa de varias formas, puede comprar m\u00faltiples moldes para usar, de modo que se puedan producir diferentes perchas de ropa, lo que permite a los clientes tener m\u00e1s opciones.<\/p>    <h2 class=\"wp-block-heading\" id=\"h-size-of-the-butterfly-type-hanger-making-machine-to-produce-hangers\">Tama\u00f1o de la m\u00e1quina de productos para perchas tipo mariposa para producir perchas<\/h2>    <p>Observamos que algunas perchas tienen tama\u00f1os diferentes, especialmente para ni\u00f1os y adultos, generalmente se utilizan perchas de tama\u00f1o 13-15 para ni\u00f1os y perchas de tama\u00f1o 16-20 para adultos, lo que se puede llevar a cabo en la m\u00e1quina durante la producci\u00f3n. Ajuste directo para controlar el tama\u00f1o de las perchas de producci\u00f3n.<\/p>    <div class=\"wp-block-media-text alignwide is-stacked-on-mobile\"><figure class=\"wp-block-media-text__media\"><img loading=\"lazy\" decoding=\"async\" width=\"720\" height=\"540\" src=\"https:\/\/hangermachinery.com\/wp-content\/uploads\/2022\/07\/Butterfly-type-hanger-product-machine-2.webp\" alt=\"M\u00e1quina para colgar productos tipo mariposa\" class=\"wp-image-352 size-full\" title=\"\" srcset=\"https:\/\/hangermachinery.com\/wp-content\/uploads\/2022\/07\/Butterfly-type-hanger-product-machine-2.webp 720w, https:\/\/hangermachinery.com\/wp-content\/uploads\/2022\/07\/Butterfly-type-hanger-product-machine-2-300x225.webp 300w\" sizes=\"auto, (max-width: 720px) 100vw, 720px\" \/><\/figure><div class=\"wp-block-media-text__content\"> <p class=\"has-medium-font-size\">F\u00e1cil de operar<\/p> <\/div><\/div>    <div class=\"wp-block-media-text alignwide has-media-on-the-right is-stacked-on-mobile\"><div class=\"wp-block-media-text__content\"> <p class=\"has-medium-font-size\">Alta precisi\u00f3n, tama\u00f1o consistente de las perchas producidas<\/p> <\/div><figure class=\"wp-block-media-text__media\"><img loading=\"lazy\" decoding=\"async\" width=\"720\" height=\"540\" src=\"https:\/\/hangermachinery.com\/wp-content\/uploads\/2022\/07\/Butterfly-type-hanger-product-machine-3.webp\" alt=\"M\u00e1quina para colgar productos tipo mariposa\" class=\"wp-image-353 size-full\" title=\"\" srcset=\"https:\/\/hangermachinery.com\/wp-content\/uploads\/2022\/07\/Butterfly-type-hanger-product-machine-3.webp 720w, https:\/\/hangermachinery.com\/wp-content\/uploads\/2022\/07\/Butterfly-type-hanger-product-machine-3-300x225.webp 300w\" sizes=\"auto, (max-width: 720px) 100vw, 720px\" \/><\/figure><\/div>    <div class=\"wp-block-media-text alignwide is-stacked-on-mobile\"><figure class=\"wp-block-media-text__media\"><img loading=\"lazy\" decoding=\"async\" width=\"720\" height=\"540\" src=\"https:\/\/hangermachinery.com\/wp-content\/uploads\/2022\/07\/hanger-product-machine-1.webp\" alt=\"M\u00e1quina para colgar productos tipo mariposa\" class=\"wp-image-354 size-full\" title=\"\" srcset=\"https:\/\/hangermachinery.com\/wp-content\/uploads\/2022\/07\/hanger-product-machine-1.webp 720w, https:\/\/hangermachinery.com\/wp-content\/uploads\/2022\/07\/hanger-product-machine-1-300x225.webp 300w\" sizes=\"auto, (max-width: 720px) 100vw, 720px\" \/><\/figure><div class=\"wp-block-media-text__content\"> <p class=\"has-medium-font-size\">Producto resistente y duradero con alto valor<\/p> <\/div><\/div>    <h2 class=\"wp-block-heading\" id=\"h-what-are-the-advantages-of-metal-hangers-compared-with-other-hangers\">\u00bfCu\u00e1les son las ventajas de las perchas de metal en comparaci\u00f3n con otras perchas?<\/h2>    <figure class=\"wp-block-image size-full\"><img loading=\"lazy\" decoding=\"async\" width=\"720\" height=\"540\" src=\"https:\/\/hangermachinery.com\/wp-content\/uploads\/2022\/07\/0.56-1.webp\" alt=\" perchas de metal \" class=\"wp-image-355\" title=\"\" srcset=\"https:\/\/hangermachinery.com\/wp-content\/uploads\/2022\/07\/0.56-1.webp 720w, https:\/\/hangermachinery.com\/wp-content\/uploads\/2022\/07\/0.56-1-300x225.webp 300w\" sizes=\"auto, (max-width: 720px) 100vw, 720px\" \/><figcaption class=\"wp-element-caption\"> Perchas de metal <\/figcaption><\/figure>    <ul class=\"wp-block-list\"> <li>Inexpensivas y duraderas<\/li>    <li>Relativamente f\u00e1ciles de producir, adecuadas para la producci\u00f3n en masa;<\/li>    <li>Mayormente hechas de alambre, ligeras y pr\u00e1cticas, muy adecuadas para uso dom\u00e9stico;<\/li>    <li>Apariencia exquisita, varios colores<\/li>    <li>Los productos de acero inoxidable tienen una larga vida \u00fatil;<\/li>    <li>Los materiales primos de metal se pueden reciclar hasta cierto punto<\/li> <\/ul>                <div class=\"wp-block-shuliy-wp-blocks-latest-posts has-2-columns\">                             <div class=\"shuliy-wp-blocks-latest-posts-item\">                     <a href=\"https:\/\/hangermachinery.com\/es\/product\/cloth-hanger-machine\/\" target=\"_blank\">                         <img class=\"shuliy-wp-blocks-latest-posts-item__featured-image\" src=\"https:\/\/hangermachinery.com\/wp-content\/uploads\/2023\/06\/cloths-hanger-machine-for-sale.webp\" alt=\"\" \/>                     <\/a>                      <h2 class=\"shuliy-wp-blocks-latest-posts-item__title\">                         <a href=\"https:\/\/hangermachinery.com\/es\/product\/cloth-hanger-machine\/\" target=\"_blank\">                             M\u00e1quina de perchas de ropa                        <\/a>                     <\/h2>                 <\/div>                             <div class=\"shuliy-wp-blocks-latest-posts-item\">                     <a href=\"https:\/\/hangermachinery.com\/es\/product\/raw-galvanized-wire\/\" target=\"_blank\">                         <img class=\"shuliy-wp-blocks-latest-posts-item__featured-image\" src=\"https:\/\/hangermachinery.com\/wp-content\/uploads\/2023\/01\/galvanized-wire-for-making-clothes-hangers.jpg\" alt=\"\" \/>                     <\/a>                      <h2 class=\"shuliy-wp-blocks-latest-posts-item__title\">                         <a href=\"https:\/\/hangermachinery.com\/es\/product\/raw-galvanized-wire\/\" target=\"_blank\">                             Alambre galvanizado crudo para hacer perchas de ropa                        <\/a>                     <\/h2>                 <\/div>                             <div class=\"shuliy-wp-blocks-latest-posts-item\">                     <a href=\"https:\/\/hangermachinery.com\/es\/product\/butterfly-type-hanger-product-machine\/\" target=\"_blank\">                         <img class=\"shuliy-wp-blocks-latest-posts-item__featured-image\" src=\"https:\/\/hangermachinery.com\/wp-content\/uploads\/2022\/07\/Butterfly-type-hanger-product-machine.webp\" alt=\"\" \/>                     <\/a>                      <h2 class=\"shuliy-wp-blocks-latest-posts-item__title\">                         <a href=\"https:\/\/hangermachinery.com\/es\/product\/butterfly-type-hanger-product-machine\/\" target=\"_blank\">                             Revolutionize la producci\u00f3n de perchas con las m\u00e1quinas para perchas de PVC                        <\/a>                     <\/h2>                 <\/div>                             <div class=\"shuliy-wp-blocks-latest-posts-item\">                     <a href=\"https:\/\/hangermachinery.com\/es\/product\/welding-wire-hanger-making-machine\/\" target=\"_blank\">                         <img class=\"shuliy-wp-blocks-latest-posts-item__featured-image\" src=\"https:\/\/hangermachinery.com\/wp-content\/uploads\/2022\/07\/Welding-wire-hanger-making-machine.webp\" alt=\"\" \/>                     <\/a>                      <h2 class=\"shuliy-wp-blocks-latest-posts-item__title\">                         <a href=\"https:\/\/hangermachinery.com\/es\/product\/welding-wire-hanger-making-machine\/\" target=\"_blank\">                             \u00bfC\u00f3mo encontrar una m\u00e1quina para hacer perchas de alambre en India?                        <\/a>                     <\/h2>                 <\/div>                             <div class=\"shuliy-wp-blocks-latest-posts-item\">                     <a href=\"https:\/\/hangermachinery.com\/es\/product\/coat-hanger-making-machine\/\" target=\"_blank\">                         <img class=\"shuliy-wp-blocks-latest-posts-item__featured-image\" src=\"https:\/\/hangermachinery.com\/wp-content\/uploads\/2022\/07\/Coat-Hanger-Making-Machine.webp\" alt=\"\" \/>                     <\/a>                      <h2 class=\"shuliy-wp-blocks-latest-posts-item__title\">                         <a href=\"https:\/\/hangermachinery.com\/es\/product\/coat-hanger-making-machine\/\" target=\"_blank\">                             \u00bfC\u00f3mo se fabrican las perchas de tela de metal?                        <\/a>                     <\/h2>                 <\/div>                     <\/div>","protected":false},"excerpt":{"rendered":"<p>Una m\u00e1quina para producir perchas tipo mariposa es una m\u00e1quina utilizada para producir perchas. <\/p>","protected":false},"author":1,"featured_media":348,"parent":0,"template":"","tags":[29,30],"product-type":[11,18],"class_list":["post-132","product","type-product","status-publish","has-post-thumbnail","hentry","tag-hanger","tag-hanger-product-machine","product-type-product","product-type-butterfly-type-hanger-product-machine"],"_links":{"self":[{"href":"https:\/\/hangermachinery.com\/es\/wp-json\/wp\/v2\/product\/132","targetHints":{"allow":["GET"]}}],"collection":[{"href":"https:\/\/hangermachinery.com\/es\/wp-json\/wp\/v2\/product"}],"about":[{"href":"https:\/\/hangermachinery.com\/es\/wp-json\/wp\/v2\/types\/product"}],"author":[{"embeddable":true,"href":"https:\/\/hangermachinery.com\/es\/wp-json\/wp\/v2\/users\/1"}],"wp:featuredmedia":[{"embeddable":true,"href":"https:\/\/hangermachinery.com\/es\/wp-json\/wp\/v2\/media\/348"}],"wp:attachment":[{"href":"https:\/\/hangermachinery.com\/es\/wp-json\/wp\/v2\/media?parent=132"}],"wp:term":[{"taxonomy":"post_tag","embeddable":true,"href":"https:\/\/hangermachinery.com\/es\/wp-json\/wp\/v2\/tags?post=132"},{"taxonomy":"product-type","embeddable":true,"href":"https:\/\/hangermachinery.com\/es\/wp-json\/wp\/v2\/product-type?post=132"}],"curies":[{"name":"wp","href":"https:\/\/api.w.org\/{rel}","templated":true}]}}