{"id":559,"date":"2023-01-04T14:06:04","date_gmt":"2023-01-04T06:06:04","guid":{"rendered":"https:\/\/hangermachinery.com\/?post_type=product&#038;p=559"},"modified":"2023-01-04T14:06:05","modified_gmt":"2023-01-04T06:06:05","slug":"raw-galvanized-wire","status":"publish","type":"product","link":"https:\/\/hangermachinery.com\/es\/product\/raw-galvanized-wire\/","title":{"rendered":"Alambre galvanizado crudo para hacer perchas de ropa"},"content":{"rendered":"<p class=\"translation-block\">El alambre galvanizado es una de las materias primas para fabricar <a href=\"https:\/\/hangermachinery.com\/es\/product\/pvc-coated-wire-hanger-production-line\/\" data-type=\"URL\" data-id=\"https:\/\/hangermachinery.com\/product\/pvc-coated-wire-hanger-production-line\/\">perchas para ropa<\/a>. El alambre de acero galvanizado es anticorrosivo, de buena calidad y brillante en la superficie, y es muy adecuado para el procesamiento de perchas para ropa. Adem\u00e1s de vender perchas para ropa, shuliy tambi\u00e9n exporta alambre de acero galvanizado, que es la materia prima para fabricar perchas para ropa.<\/p>   <div class=\"wp-block-image\"> <figure class=\"aligncenter size-full\"><img loading=\"lazy\" decoding=\"async\" width=\"720\" height=\"540\" src=\"https:\/\/hangermachinery.com\/wp-content\/uploads\/2023\/01\/galvanized-wire-1.jpg\" alt=\"alambre galvanizado\" class=\"wp-image-573\" title=\"\" srcset=\"https:\/\/hangermachinery.com\/wp-content\/uploads\/2023\/01\/galvanized-wire-1.jpg 720w, https:\/\/hangermachinery.com\/wp-content\/uploads\/2023\/01\/galvanized-wire-1-300x225.jpg 300w\" sizes=\"auto, (max-width: 720px) 100vw, 720px\" \/><figcaption class=\"wp-element-caption\">alambre galvanizado<\/figcaption><\/figure> <\/div>   <h2 class=\"wp-block-heading\">Introducci\u00f3n del alambre de acero galvanizado para hacer perchas<\/h2>    <p class=\"translation-block\">Para hacer perchas, el alambre de acero galvanizado es indispensable. El di\u00e1metro de alambre com\u00fan de este alambre galvanizado brillante es generalmente de 1.8-2.5mm. La unidad de venta del alambre galvanizado son toneladas, generalmente cinco toneladas. El alambre galvanizado se utiliza generalmente en la uni\u00f3n de construcciones, embalajes, pantallas de filtro, artesan\u00edas, <a href=\"https:\/\/www.urbandictionary.com\/define.php?term=hookup\" data-type=\"URL\" data-id=\"https:\/\/www.urbandictionary.com\/define.php?term=hookup\" target=\"_blank\" rel=\"noopener\">ganchos<\/a>, etc.<\/p>    <figure class=\"wp-block-gallery has-nested-images columns-default is-cropped wp-block-gallery-2 is-layout-flex wp-block-gallery-is-layout-flex\"> <figure class=\"wp-block-image size-large\"><img loading=\"lazy\" decoding=\"async\" width=\"720\" height=\"540\" data-id=\"568\" src=\"https:\/\/hangermachinery.com\/wp-content\/uploads\/2023\/01\/animal-cage.jpg\" alt=\"jaula de animales\" class=\"wp-image-568\" title=\"\" srcset=\"https:\/\/hangermachinery.com\/wp-content\/uploads\/2023\/01\/animal-cage.jpg 720w, https:\/\/hangermachinery.com\/wp-content\/uploads\/2023\/01\/animal-cage-300x225.jpg 300w\" sizes=\"auto, (max-width: 720px) 100vw, 720px\" \/><figcaption class=\"wp-element-caption\">Jaula para animales<\/figcaption><\/figure>    <figure class=\"wp-block-image size-large\"><img loading=\"lazy\" decoding=\"async\" width=\"720\" height=\"540\" data-id=\"567\" src=\"https:\/\/hangermachinery.com\/wp-content\/uploads\/2023\/01\/for-construction.jpg\" alt=\"para construcci\u00f3n\" class=\"wp-image-567\" title=\"\" srcset=\"https:\/\/hangermachinery.com\/wp-content\/uploads\/2023\/01\/for-construction.jpg 720w, https:\/\/hangermachinery.com\/wp-content\/uploads\/2023\/01\/for-construction-300x225.jpg 300w\" sizes=\"auto, (max-width: 720px) 100vw, 720px\" \/><figcaption class=\"wp-element-caption\">Para construcci\u00f3n<\/figcaption><\/figure>    <figure class=\"wp-block-image size-large\"><img loading=\"lazy\" decoding=\"async\" width=\"720\" height=\"540\" data-id=\"566\" src=\"https:\/\/hangermachinery.com\/wp-content\/uploads\/2023\/01\/hook-up-1.jpg\" alt=\"conectar\" class=\"wp-image-566\" title=\"\" srcset=\"https:\/\/hangermachinery.com\/wp-content\/uploads\/2023\/01\/hook-up-1.jpg 720w, https:\/\/hangermachinery.com\/wp-content\/uploads\/2023\/01\/hook-up-1-300x225.jpg 300w\" sizes=\"auto, (max-width: 720px) 100vw, 720px\" \/><figcaption class=\"wp-element-caption\">Enganchar<\/figcaption><\/figure>    <figure class=\"wp-block-image size-large\"><img loading=\"lazy\" decoding=\"async\" width=\"720\" height=\"540\" data-id=\"565\" src=\"https:\/\/hangermachinery.com\/wp-content\/uploads\/2023\/01\/hook-up.jpg\" alt=\"conectar\" class=\"wp-image-565\" title=\"\" srcset=\"https:\/\/hangermachinery.com\/wp-content\/uploads\/2023\/01\/hook-up.jpg 720w, https:\/\/hangermachinery.com\/wp-content\/uploads\/2023\/01\/hook-up-300x225.jpg 300w\" sizes=\"auto, (max-width: 720px) 100vw, 720px\" \/><figcaption class=\"wp-element-caption\">Enganchar<\/figcaption><\/figure>    <figure class=\"wp-block-image size-large\"><img loading=\"lazy\" decoding=\"async\" width=\"720\" height=\"540\" data-id=\"564\" src=\"https:\/\/hangermachinery.com\/wp-content\/uploads\/2023\/01\/fence.jpg\" alt=\"cerca\" class=\"wp-image-564\" title=\"\" srcset=\"https:\/\/hangermachinery.com\/wp-content\/uploads\/2023\/01\/fence.jpg 720w, https:\/\/hangermachinery.com\/wp-content\/uploads\/2023\/01\/fence-300x225.jpg 300w\" sizes=\"auto, (max-width: 720px) 100vw, 720px\" \/><figcaption class=\"wp-element-caption\">Cerca<\/figcaption><\/figure>    <figure class=\"wp-block-image size-large\"><img loading=\"lazy\" decoding=\"async\" width=\"720\" height=\"540\" data-id=\"563\" src=\"https:\/\/hangermachinery.com\/wp-content\/uploads\/2023\/01\/hangre.jpg\" alt=\"colgar\" class=\"wp-image-563\" title=\"\" srcset=\"https:\/\/hangermachinery.com\/wp-content\/uploads\/2023\/01\/hangre.jpg 720w, https:\/\/hangermachinery.com\/wp-content\/uploads\/2023\/01\/hangre-300x225.jpg 300w\" sizes=\"auto, (max-width: 720px) 100vw, 720px\" \/><figcaption class=\"wp-element-caption\">Percha<\/figcaption><\/figure> <\/figure>    <h2 class=\"wp-block-heading\">C\u00f3mo elegir el di\u00e1metro del alambre galvanizado?<\/h2>    <h3 class=\"wp-block-heading\">Considerar el soporte de la percha<\/h3>    <p>Uno es considerar la fuerza de soporte de la percha. Aunque el peso de la ropa secada en la percha es relativamente ligero, todav\u00eda tiene cierto peso para la ropa gruesa, por lo que todav\u00eda es necesario contar con una cierta fuerza de soporte.<\/p>   <div class=\"wp-block-image\"> <figure class=\"aligncenter size-full\"><img loading=\"lazy\" decoding=\"async\" width=\"720\" height=\"540\" src=\"https:\/\/hangermachinery.com\/wp-content\/uploads\/2023\/01\/galvanized-steel-wire-hangers.jpg\" alt=\"perchas de alambre de acero galvanizado\" class=\"wp-image-572\" title=\"\" srcset=\"https:\/\/hangermachinery.com\/wp-content\/uploads\/2023\/01\/galvanized-steel-wire-hangers.jpg 720w, https:\/\/hangermachinery.com\/wp-content\/uploads\/2023\/01\/galvanized-steel-wire-hangers-300x225.jpg 300w\" sizes=\"auto, (max-width: 720px) 100vw, 720px\" \/><figcaption class=\"wp-element-caption\">perchas de alambre de acero galvanizado<\/figcaption><\/figure> <\/div>   <h3 class=\"wp-block-heading\">Considerar el costo<\/h3>    <p>En segundo lugar, debemos considerar el costo del alambre de acero galvanizado. Este tipo de percha desechable se utiliza principalmente en tintorer\u00edas y hoteles, y se dona directamente a los clientes despu\u00e9s de lavar la ropa. Por lo tanto, se debe considerar el costo de la percha y no se debe utilizar alambre galvanizado demasiado grueso.<br>se sabe. El alambre de acero galvanizado se vende por tonelada, por lo que cuanto m\u00e1s grueso sea el di\u00e1metro del alambre y m\u00e1s corta sea la longitud, menos perchas se producir\u00e1n, por lo que 1.8-2.5 mm es el di\u00e1metro de alambre de acero galvanizado com\u00fanmente utilizado.<\/p>    <h2 class=\"wp-block-heading\">C\u00f3mo se fabrican las perchas<\/h2>    <p class=\"translation-block\">El <a href=\"https:\/\/hangermachinery.com\/es\/product\/plastic-coated-hanger-production-line\/\">proceso de producci\u00f3n de perchas<\/a> es relativamente simple. La materia prima principal para la producci\u00f3n de perchas es el alambre galvanizado, que puede formarse mediante procesamiento mec\u00e1nico. En este momento, las perchas para ropa han satisfecho las necesidades de muchos clientes y consumidores, y este tipo de perchas para ropa son muy populares porque son econ\u00f3micas.<\/p>    <figure class=\"wp-block-gallery has-nested-images columns-default is-cropped wp-block-gallery-3 is-layout-flex wp-block-gallery-is-layout-flex\"> <figure class=\"wp-block-image size-large\"><img loading=\"lazy\" decoding=\"async\" width=\"720\" height=\"540\" data-id=\"569\" src=\"https:\/\/hangermachinery.com\/wp-content\/uploads\/2023\/01\/galvanized-wire.jpg\" alt=\"alambre galvanizado\" class=\"wp-image-569\" title=\"\" srcset=\"https:\/\/hangermachinery.com\/wp-content\/uploads\/2023\/01\/galvanized-wire.jpg 720w, https:\/\/hangermachinery.com\/wp-content\/uploads\/2023\/01\/galvanized-wire-300x225.jpg 300w\" sizes=\"auto, (max-width: 720px) 100vw, 720px\" \/><figcaption><\/figcaption><\/figure>    <figure class=\"wp-block-image size-large\"><img loading=\"lazy\" decoding=\"async\" width=\"720\" height=\"540\" data-id=\"570\" src=\"https:\/\/hangermachinery.com\/wp-content\/uploads\/2023\/01\/hangers.jpg\" alt=\"\u00bfC\u00f3mo se fabrican las perchas? | Proceso de fabricaci\u00f3n de perchas\" class=\"wp-image-570\" title=\"\" srcset=\"https:\/\/hangermachinery.com\/wp-content\/uploads\/2023\/01\/hangers.jpg 720w, https:\/\/hangermachinery.com\/wp-content\/uploads\/2023\/01\/hangers-300x225.jpg 300w\" sizes=\"auto, (max-width: 720px) 100vw, 720px\" \/><figcaption class=\"wp-element-caption\">Perchas<\/figcaption><\/figure> <\/figure>    <p>Adem\u00e1s de las ventas directas, tambi\u00e9n es posible recubrir las perchas y luego secarlas. En este momento, las perchas se pueden rociar con varios colores, por lo que son m\u00e1s hermosas y, con la protecci\u00f3n del recubrimiento, tambi\u00e9n son m\u00e1s resistentes.<\/p>    <h2 class=\"wp-block-heading\">Ventajas del alambre de acero galvanizado <\/h2>    <p>No es f\u00e1cil de bordar a largo plazo<br>Superficie brillante, apariencia suave y hermosa<br>Capa de zinc uniforme y estructura estable<br>El error de di\u00e1metro del alambre de acero galvanizado es peque\u00f1o, producci\u00f3n unificada, control estricto<\/p>    <h2 class=\"wp-block-heading\">Historias de \u00e9xito de clientes sobre el alambre galvanizado<\/h2>   <div class=\"wp-block-image\"> <figure class=\"aligncenter size-full\"><img loading=\"lazy\" decoding=\"async\" width=\"720\" height=\"540\" src=\"https:\/\/hangermachinery.com\/wp-content\/uploads\/2023\/01\/galvanized-steel-wire-factory-1.jpg\" alt=\"f\u00e1brica de alambre de acero galvanizado\" class=\"wp-image-571\" title=\"\" srcset=\"https:\/\/hangermachinery.com\/wp-content\/uploads\/2023\/01\/galvanized-steel-wire-factory-1.jpg 720w, https:\/\/hangermachinery.com\/wp-content\/uploads\/2023\/01\/galvanized-steel-wire-factory-1-300x225.jpg 300w\" sizes=\"auto, (max-width: 720px) 100vw, 720px\" \/><figcaption class=\"wp-element-caption\">alambre de acero galvanizado <\/figcaption><\/figure> <\/div>   <p class=\"translation-block\">Exportamos <a href=\"https:\/\/hangermachinery.com\/es\/product\/galvanized-wire-hanger-machine\/\" data-type=\"URL\" data-id=\"https:\/\/hangermachinery.com\/product\/galvanized-wire-hanger-machine\/\">perchas para ropa<\/a> y 8 toneladas de materias primas de alambre de acero galvanizado a los Emiratos \u00c1rabes Unidos. Teniendo en cuenta factores como los precios locales del alambre de acero galvanizado y los precios del alambre galvanizado importado, el cliente orden\u00f3 materias primas de alambre de acero galvanizado directamente al comprar perchas para ropa. De esta manera, los clientes pueden enviar la m\u00e1quina de perchas y el alambre galvanizado juntos, lo que ahorra flete y reduce costos.<\/p>","protected":false},"excerpt":{"rendered":"<p>Galvanized wire is one of the raw materials for making clothes hangers. Galvanized steel wire is anti-corrosion, of good quality and bright on the surface, and very suitable for processing clothes hangers. In addition to selling clothes hangers, shuliy also exports galvanized steel wire, which is the raw material for making clothes hangers. Introduction of [&hellip;]<\/p>\n","protected":false},"author":1,"featured_media":560,"parent":0,"template":"","tags":[],"product-type":[11],"class_list":["post-559","product","type-product","status-publish","has-post-thumbnail","hentry","product-type-product"],"_links":{"self":[{"href":"https:\/\/hangermachinery.com\/es\/wp-json\/wp\/v2\/product\/559","targetHints":{"allow":["GET"]}}],"collection":[{"href":"https:\/\/hangermachinery.com\/es\/wp-json\/wp\/v2\/product"}],"about":[{"href":"https:\/\/hangermachinery.com\/es\/wp-json\/wp\/v2\/types\/product"}],"author":[{"embeddable":true,"href":"https:\/\/hangermachinery.com\/es\/wp-json\/wp\/v2\/users\/1"}],"wp:featuredmedia":[{"embeddable":true,"href":"https:\/\/hangermachinery.com\/es\/wp-json\/wp\/v2\/media\/560"}],"wp:attachment":[{"href":"https:\/\/hangermachinery.com\/es\/wp-json\/wp\/v2\/media?parent=559"}],"wp:term":[{"taxonomy":"post_tag","embeddable":true,"href":"https:\/\/hangermachinery.com\/es\/wp-json\/wp\/v2\/tags?post=559"},{"taxonomy":"product-type","embeddable":true,"href":"https:\/\/hangermachinery.com\/es\/wp-json\/wp\/v2\/product-type?post=559"}],"curies":[{"name":"wp","href":"https:\/\/api.w.org\/{rel}","templated":true}]}}