{"id":640,"date":"2023-06-29T15:28:45","date_gmt":"2023-06-29T07:28:45","guid":{"rendered":"https:\/\/hangermachinery.com\/?post_type=product&#038;p=640"},"modified":"2026-01-13T14:27:01","modified_gmt":"2026-01-13T06:27:01","slug":"cloth-hanger-machine","status":"publish","type":"product","link":"https:\/\/hangermachinery.com\/es\/product\/cloth-hanger-machine\/","title":{"rendered":"M\u00e1quina de perchas de ropa"},"content":{"rendered":"<p>Una m\u00e1quina para perchas de tela es un equipo especializado dise\u00f1ado para automatizar el proceso de producci\u00f3n de perchas de tela. Se utiliza en instalaciones de fabricaci\u00f3n e industrias involucradas en la producci\u00f3n de grandes cantidades de perchas.<\/p>    <p class=\"translation-block\">Las m\u00e1quinas para perchas de ropa suelen tener m\u00faltiples funciones y capacidades. Pueden realizar diversas tareas como cortar, dar forma, doblar y ensamblar diferentes materiales para crear perchas de ropa terminadas. Estas m\u00e1quinas est\u00e1n dise\u00f1adas para manejar diversos tipos de materiales, incluyendo pl\u00e1stico y <a href=\"https:\/\/en.wikipedia.org\/wiki\/Metal\" target=\"_blank\" rel=\"noopener\">metal<\/a>, dependiendo de los requisitos y preferencias espec\u00edficas del fabricante.<\/p>    <p class=\"translation-block\">Las m\u00e1quinas est\u00e1n equipadas con mecanismos de precisi\u00f3n y sistemas de control para garantizar una producci\u00f3n precisa y consistente. Pueden producir perchas de diferentes tama\u00f1os, formas y dise\u00f1os para satisfacer las demandas de los clientes. La automatizaci\u00f3n proporcionada por las <a href=\"https:\/\/hangermachinery.com\/es\/products\/galvanized-wire-hanger-machine\/\">m\u00e1quinas para hacer perchas de ropa<\/a> aumenta significativamente la eficiencia de producci\u00f3n, reduce los costos de mano de obra y mejora la productividad general.<\/p>   <div class=\"wp-block-image\"> <figure class=\"aligncenter size-full\"><img loading=\"lazy\" decoding=\"async\" width=\"1560\" height=\"877\" src=\"https:\/\/hangermachinery.com\/wp-content\/uploads\/2023\/03\/hanger-forming-machine.webp\" alt=\"Velocidad y eficiencia: Estas m\u00e1quinas operan a alta velocidad, garantizando una producci\u00f3n r\u00e1pida sin comprometer la calidad. Pueden producir una cantidad sustancial de perchas en un corto per\u00edodo de tiempo, cumpliendo incluso los horarios de producci\u00f3n m\u00e1s exigentes.\" class=\"wp-image-614\" title=\"\" srcset=\"https:\/\/hangermachinery.com\/wp-content\/uploads\/2023\/03\/hanger-forming-machine.webp 1560w, https:\/\/hangermachinery.com\/wp-content\/uploads\/2023\/03\/hanger-forming-machine-300x169.webp 300w, https:\/\/hangermachinery.com\/wp-content\/uploads\/2023\/03\/hanger-forming-machine-1024x576.webp 1024w, https:\/\/hangermachinery.com\/wp-content\/uploads\/2023\/03\/hanger-forming-machine-768x432.webp 768w, https:\/\/hangermachinery.com\/wp-content\/uploads\/2023\/03\/hanger-forming-machine-1536x864.webp 1536w\" sizes=\"auto, (max-width: 1560px) 100vw, 1560px\" \/><figcaption class=\"wp-element-caption\">Velocidad y eficiencia: Estas m\u00e1quinas operan a alta velocidad, garantizando una producci\u00f3n r\u00e1pida sin comprometer la calidad. Pueden producir una cantidad sustancial de perchas en un corto per\u00edodo de tiempo, cumpliendo incluso los horarios de producci\u00f3n m\u00e1s exigentes.<\/figcaption><\/figure> <\/div>   <h2 class=\"wp-block-heading\">Cuando se trata de m\u00e1quinas para perchas de tela, Shuliy Hanger Machinery se destaca como una empresa l\u00edder en la industria. Con a\u00f1os de experiencia y conocimientos, ofrecen m\u00e1quinas para perchas de primera l\u00ednea que satisfacen las diversas necesidades de los fabricantes de todo el mundo.<\/h2>    <p>En el acelerado mundo actual, la demanda de perchas sigue aumentando a medida que florece la industria de la confecci\u00f3n. Para satisfacer esta creciente demanda de manera eficiente, los fabricantes han recurrido a tecnolog\u00edas avanzadas, como las m\u00e1quinas para colgar ropa. Estos sistemas automatizados han revolucionado el proceso de producci\u00f3n, permitiendo una fabricaci\u00f3n m\u00e1s r\u00e1pida y rentable. En este art\u00edculo, exploraremos los beneficios y caracter\u00edsticas de las m\u00e1quinas para colgar telas y los destacaremos.<\/p>    <h2 class=\"wp-block-heading\">Nuestras m\u00e1quinas incorporan la \u00faltima tecnolog\u00eda e innovadoras caracter\u00edsticas, garantizando alta precisi\u00f3n, durabilidad y confiabilidad. Shuliy Hanger Machinery tambi\u00e9n brinda excelente soporte al cliente, ofreciendo servicios de instalaci\u00f3n, capacitaci\u00f3n y mantenimiento para garantizar un rendimiento \u00f3ptimo y la satisfacci\u00f3n del cliente.<\/h2>    <p>El precio del equipo para fabricar perchas en Pakist\u00e1n<\/p>   <div class=\"wp-block-image\"> <figure class=\"aligncenter size-full\"><img loading=\"lazy\" decoding=\"async\" width=\"720\" height=\"540\" src=\"https:\/\/hangermachinery.com\/wp-content\/uploads\/2023\/01\/hangers.jpg\" alt=\"\u00bfC\u00f3mo se fabrican las perchas? | Proceso de fabricaci\u00f3n de perchas\" class=\"wp-image-570\" title=\"\" srcset=\"https:\/\/hangermachinery.com\/wp-content\/uploads\/2023\/01\/hangers.jpg 720w, https:\/\/hangermachinery.com\/wp-content\/uploads\/2023\/01\/hangers-300x225.jpg 300w\" sizes=\"auto, (max-width: 720px) 100vw, 720px\" \/><figcaption class=\"wp-element-caption\">\u00bfC\u00f3mo se fabrican las perchas? | Proceso de fabricaci\u00f3n de perchas<\/figcaption><\/figure> <\/div>   <h2 class=\"wp-block-heading\">Si necesita m\u00e1quinas para perchas de tela, no dude en contactar a Shuliy Hanger Machinery. Su equipo dedicado lo ayudar\u00e1 a seleccionar la m\u00e1quina m\u00e1s adecuada para sus requisitos espec\u00edficos, asegurando una integraci\u00f3n perfecta en su l\u00ednea de producci\u00f3n.<\/h2>    <p>\u00bfCu\u00e1l es el proceso de fabricaci\u00f3n de perchas?<\/p>    <h2 class=\"wp-block-heading\">A medida que la demanda de perchas de ropa contin\u00faa creciendo, el futuro de las m\u00e1quinas autom\u00e1ticas para perchas de tela parece prometedor. Los avances en automatizaci\u00f3n, inteligencia artificial y rob\u00f3tica mejorar\u00e1n a\u00fan m\u00e1s la eficiencia y capacidades de estas m\u00e1quinas, permitiendo a los fabricantes satisfacer de manera efectiva las demandas del mercado en constante crecimiento.<\/h2>    <ul class=\"wp-block-list\"> <li>El alambre galvanizado es uno de los materiales comunes para...<\/li>    <li>En el mundo actual, donde todo va muy r\u00e1pido, la demanda de perchas de ropa sigue aumentando a medida que florece la industria de la confecci\u00f3n. Para satisfacer esta creciente demanda de manera eficiente, los fabricantes han recurrido a tecnolog\u00edas avanzadas como las m\u00e1quinas para perchas de tela. Estos sistemas automatizados han revolucionado el proceso de producci\u00f3n, permitiendo una fabricaci\u00f3n m\u00e1s r\u00e1pida y rentable. En este art\u00edculo, exploraremos los beneficios y caracter\u00edsticas de las m\u00e1quinas para perchas de tela y los destacaremos.<\/li>    <li>Las perchas de tela son un componente esencial de nuestra vida diaria. Nos ayudan a organizar y mantener en buen estado nuestra ropa, evitando arrugas y asegurando un f\u00e1cil acceso. Con el aumento global de las industrias de moda y venta al por menor, la necesidad de una producci\u00f3n eficiente de perchas de tela se ha vuelto crucial.<\/li> <\/ul>   <div class=\"wp-block-image\"> <figure class=\"aligncenter size-full\"><img loading=\"lazy\" decoding=\"async\" width=\"720\" height=\"540\" src=\"https:\/\/hangermachinery.com\/wp-content\/uploads\/2022\/07\/hanger-machine-details-5.webp\" alt=\"Detalles de la m\u00e1quina de perchas\" class=\"wp-image-481\" title=\"\" srcset=\"https:\/\/hangermachinery.com\/wp-content\/uploads\/2022\/07\/hanger-machine-details-5.webp 720w, https:\/\/hangermachinery.com\/wp-content\/uploads\/2022\/07\/hanger-machine-details-5-300x225.webp 300w\" sizes=\"auto, (max-width: 720px) 100vw, 720px\" \/><figcaption class=\"wp-element-caption\">Detalles de la m\u00e1quina de perchas<\/figcaption><\/figure> <\/div>   <h2 class=\"wp-block-heading\">Las m\u00e1quinas para perchas de tela han revolucionado el proceso de producci\u00f3n, ofreciendo a los fabricantes una soluci\u00f3n m\u00e1s r\u00e1pida, eficiente y rentable. Shuliy Hanger Machinery, una empresa confiable y profesional, lidera la industria con su experiencia en la producci\u00f3n de m\u00e1quinas para perchas de alta calidad. Si est\u00e1 en el mercado de m\u00e1quinas para perchas de tela, Shuliy Hanger Machinery es su socio confiable.<\/h2>    <p class=\"translation-block\">Cuando se trata de m\u00e1quinas para perchas de ropa, <a href=\"https:\/\/hangermachinery.com\/es\/\">Shuliy Hanger Machinery<\/a> destaca como una empresa l\u00edder en la industria. Con a\u00f1os de experiencia y conocimiento, ofrecen m\u00e1quinas para perchas de primera l\u00ednea que satisfacen las diversas necesidades de los fabricantes de todo el mundo.<\/p>    <p>Cuando se trata de m\u00e1quinas para perchas de tela, Shuliy Hanger Machinery se destaca como una empresa l\u00edder en la industria. Con a\u00f1os de experiencia y conocimientos, ofrecen m\u00e1quinas para perchas de primera l\u00ednea que satisfacen las diversas necesidades de los fabricantes de todo el mundo.<\/p>    <p>Nuestras m\u00e1quinas incorporan la \u00faltima tecnolog\u00eda e innovadoras caracter\u00edsticas, garantizando alta precisi\u00f3n, durabilidad y confiabilidad. Shuliy Hanger Machinery tambi\u00e9n brinda excelente soporte al cliente, ofreciendo servicios de instalaci\u00f3n, capacitaci\u00f3n y mantenimiento para garantizar un rendimiento \u00f3ptimo y la satisfacci\u00f3n del cliente.<\/p>    <figure class=\"wp-block-embed aligncenter is-type-video is-provider-youtube wp-block-embed-youtube wp-embed-aspect-16-9 wp-has-aspect-ratio\"><div class=\"wp-block-embed__wrapper\"> <iframe loading=\"lazy\" title=\"\u00bfC\u00f3mo se fabrican las perchas? | Proceso de fabricaci\u00f3n de perchas\" width=\"500\" height=\"281\" src=\"https:\/\/www.youtube.com\/embed\/VOnJuAtLvZY?feature=oembed\" frameborder=\"0\" allow=\"accelerometer; autoplay; clipboard-write; encrypted-media; gyroscope; picture-in-picture; web-share\" referrerpolicy=\"strict-origin-when-cross-origin\" allowfullscreen><\/iframe> <\/div><\/figure>    <h2 class=\"wp-block-heading\">\u00bfQu\u00e9 necesitas saber sobre la producci\u00f3n de perchas?<\/h2>    <p>Si necesita m\u00e1quinas para perchas de tela, no dude en contactar a Shuliy Hanger Machinery. Su equipo dedicado lo ayudar\u00e1 a seleccionar la m\u00e1quina m\u00e1s adecuada para sus requisitos espec\u00edficos, asegurando una integraci\u00f3n perfecta en su l\u00ednea de producci\u00f3n.<\/p>    <p>A medida que la demanda de perchas de ropa contin\u00faa creciendo, el futuro de las m\u00e1quinas autom\u00e1ticas para perchas de tela parece prometedor. Los avances en automatizaci\u00f3n, inteligencia artificial y rob\u00f3tica mejorar\u00e1n a\u00fan m\u00e1s la eficiencia y capacidades de estas m\u00e1quinas, permitiendo a los fabricantes satisfacer de manera efectiva las demandas del mercado en constante crecimiento.<\/p>","protected":false},"excerpt":{"rendered":"<p>A cloth hanger machine is a specialized piece of equipment designed to automate the production process of cloth hangers. It is used in manufacturing facilities and industries involved in producing large quantities of hangers. Cloth hanger machines typically have multiple functions and capabilities. They can perform various tasks such as cutting, shaping, bending, and assembling [&hellip;]<\/p>\n","protected":false},"author":1,"featured_media":642,"parent":0,"template":"","tags":[45],"product-type":[16],"class_list":["post-640","product","type-product","status-publish","has-post-thumbnail","hentry","tag-hanger-making-machine","product-type-coat-hanger-making-machine"],"_links":{"self":[{"href":"https:\/\/hangermachinery.com\/es\/wp-json\/wp\/v2\/product\/640","targetHints":{"allow":["GET"]}}],"collection":[{"href":"https:\/\/hangermachinery.com\/es\/wp-json\/wp\/v2\/product"}],"about":[{"href":"https:\/\/hangermachinery.com\/es\/wp-json\/wp\/v2\/types\/product"}],"author":[{"embeddable":true,"href":"https:\/\/hangermachinery.com\/es\/wp-json\/wp\/v2\/users\/1"}],"wp:featuredmedia":[{"embeddable":true,"href":"https:\/\/hangermachinery.com\/es\/wp-json\/wp\/v2\/media\/642"}],"wp:attachment":[{"href":"https:\/\/hangermachinery.com\/es\/wp-json\/wp\/v2\/media?parent=640"}],"wp:term":[{"taxonomy":"post_tag","embeddable":true,"href":"https:\/\/hangermachinery.com\/es\/wp-json\/wp\/v2\/tags?post=640"},{"taxonomy":"product-type","embeddable":true,"href":"https:\/\/hangermachinery.com\/es\/wp-json\/wp\/v2\/product-type?post=640"}],"curies":[{"name":"wp","href":"https:\/\/api.w.org\/{rel}","templated":true}]}}