{"id":82,"date":"2022-07-17T15:17:04","date_gmt":"2022-07-17T15:17:04","guid":{"rendered":"https:\/\/hangermachinery.com\/?post_type=product&#038;p=82"},"modified":"2023-03-16T09:25:15","modified_gmt":"2023-03-16T01:25:15","slug":"plastic-coated-hanger-production-line","status":"publish","type":"product","link":"https:\/\/hangermachinery.com\/es\/product\/plastic-coated-hanger-production-line\/","title":{"rendered":"L\u00ednea de producci\u00f3n de perchas recubiertas de pl\u00e1stico | m\u00e1quina de perchas de tela"},"content":{"rendered":"<p class=\"translation-block\">La l\u00ednea de producci\u00f3n de perchas con recubrimiento de pl\u00e1stico es el equipo para producir perchas de ropa. Las materias primas son principalmente alambres galvanizados. La l\u00ednea de producci\u00f3n de perchas en aerosol produce perchas a trav\u00e9s de la <a href=\"https:\/\/hangermachinery.com\/es\/product\/galvanized-wire-hanger-machine\/\">m\u00e1quina formadora de perchas<\/a>, m\u00e1quina de pulverizaci\u00f3n, m\u00e1quina de reciclaje Sufen y secadora. La materia prima para la producci\u00f3n de perchas es principalmente alambre galvanizado. Nuestra l\u00ednea de producci\u00f3n de perchas con recubrimiento de pl\u00e1stico se ha vendido a Arabia Saudita, Australia, M\u00e9xico, Suecia, Yemen y otros pa\u00edses.<\/p>    <figure class=\"wp-block-gallery has-nested-images columns-default is-cropped wp-block-gallery-2 is-layout-flex wp-block-gallery-is-layout-flex\"> <figure class=\"wp-block-image size-large\"><img loading=\"lazy\" decoding=\"async\" width=\"720\" height=\"540\" data-id=\"471\" src=\"https:\/\/hangermachinery.com\/wp-content\/uploads\/2022\/07\/red-hanger.webp\" alt=\"percha roja\" class=\"wp-image-471\" title=\"\" srcset=\"https:\/\/hangermachinery.com\/wp-content\/uploads\/2022\/07\/red-hanger.webp 720w, https:\/\/hangermachinery.com\/wp-content\/uploads\/2022\/07\/red-hanger-300x225.webp 300w\" sizes=\"auto, (max-width: 720px) 100vw, 720px\" \/><figcaption class=\"wp-element-caption\">Percha roja<\/figcaption><\/figure>    <figure class=\"wp-block-image size-large\"><img loading=\"lazy\" decoding=\"async\" width=\"720\" height=\"540\" data-id=\"473\" src=\"https:\/\/hangermachinery.com\/wp-content\/uploads\/2022\/07\/cyan-hanger.webp\" alt=\"percha cian\" class=\"wp-image-473\" title=\"\" srcset=\"https:\/\/hangermachinery.com\/wp-content\/uploads\/2022\/07\/cyan-hanger.webp 720w, https:\/\/hangermachinery.com\/wp-content\/uploads\/2022\/07\/cyan-hanger-300x225.webp 300w\" sizes=\"auto, (max-width: 720px) 100vw, 720px\" \/><figcaption class=\"wp-element-caption\">Percha cian<\/figcaption><\/figure>    <figure class=\"wp-block-image size-large\"><img loading=\"lazy\" decoding=\"async\" width=\"720\" height=\"540\" data-id=\"472\" src=\"https:\/\/hangermachinery.com\/wp-content\/uploads\/2022\/07\/pink-hanger.webp\" alt=\"Desde la entrega de la m\u00e1quina, ha funcionado excepcionalmente bien, superando las expectativas del cliente. El cliente expres\u00f3 su satisfacci\u00f3n con la eficiencia de funcionamiento de la m\u00e1quina y su rendimiento general. Esta exitosa colaboraci\u00f3n ha establecido una base s\u00f3lida para una relaci\u00f3n comercial a largo plazo.\" class=\"wp-image-472\" title=\"\" srcset=\"https:\/\/hangermachinery.com\/wp-content\/uploads\/2022\/07\/pink-hanger.webp 720w, https:\/\/hangermachinery.com\/wp-content\/uploads\/2022\/07\/pink-hanger-300x225.webp 300w\" sizes=\"auto, (max-width: 720px) 100vw, 720px\" \/><figcaption class=\"wp-element-caption\">Percha rosa<\/figcaption><\/figure>    <figure class=\"wp-block-image size-large\"><img loading=\"lazy\" decoding=\"async\" width=\"720\" height=\"540\" data-id=\"474\" src=\"https:\/\/hangermachinery.com\/wp-content\/uploads\/2022\/07\/blue-white-hanger.webp\" alt=\"percha blanca azul\" class=\"wp-image-474\" title=\"\" srcset=\"https:\/\/hangermachinery.com\/wp-content\/uploads\/2022\/07\/blue-white-hanger.webp 720w, https:\/\/hangermachinery.com\/wp-content\/uploads\/2022\/07\/blue-white-hanger-300x225.webp 300w\" sizes=\"auto, (max-width: 720px) 100vw, 720px\" \/><figcaption class=\"wp-element-caption\">Percha azul blanca<\/figcaption><\/figure>    <figure class=\"wp-block-image size-large\"><img loading=\"lazy\" decoding=\"async\" width=\"720\" height=\"540\" data-id=\"476\" src=\"https:\/\/hangermachinery.com\/wp-content\/uploads\/2022\/07\/yellow-hanger.webp\" alt=\"percha amarilla\" class=\"wp-image-476\" title=\"\" srcset=\"https:\/\/hangermachinery.com\/wp-content\/uploads\/2022\/07\/yellow-hanger.webp 720w, https:\/\/hangermachinery.com\/wp-content\/uploads\/2022\/07\/yellow-hanger-300x225.webp 300w\" sizes=\"auto, (max-width: 720px) 100vw, 720px\" \/><figcaption class=\"wp-element-caption\">Percha amarilla<\/figcaption><\/figure>    <figure class=\"wp-block-image size-large\"><img loading=\"lazy\" decoding=\"async\" width=\"720\" height=\"540\" data-id=\"475\" src=\"https:\/\/hangermachinery.com\/wp-content\/uploads\/2022\/07\/blue-hanger.webp\" alt=\"percha azul\" class=\"wp-image-475\" title=\"\" srcset=\"https:\/\/hangermachinery.com\/wp-content\/uploads\/2022\/07\/blue-hanger.webp 720w, https:\/\/hangermachinery.com\/wp-content\/uploads\/2022\/07\/blue-hanger-300x225.webp 300w\" sizes=\"auto, (max-width: 720px) 100vw, 720px\" \/><figcaption class=\"wp-element-caption\">Percha azul<\/figcaption><\/figure> <\/figure>    <h2 class=\"wp-block-heading\">Video de la l\u00ednea de producci\u00f3n de perchas recubiertas de pl\u00e1stico<\/h2>    <p>Este es un video de una l\u00ednea de producci\u00f3n completa de perchas recubiertas de pl\u00e1stico, que incluye la formaci\u00f3n de perchas, la pulverizaci\u00f3n de perchas, el secado de perchas y el empaquetado de perchas. desde el alambre galvanizado de materia prima hasta el empaquetado de la m\u00e1quina de perchas<\/p>    <figure class=\"wp-block-embed is-type-video is-provider-youtube wp-block-embed-youtube wp-embed-aspect-16-9 wp-has-aspect-ratio\"><div class=\"wp-block-embed__wrapper\"> <iframe loading=\"lazy\" title=\"\u00bfDe qu\u00e9 pl\u00e1stico est\u00e1n hechas las perchas? | L\u00ednea de producci\u00f3n de perchas recubiertas de pl\u00e1stico #wirerecycling\" width=\"500\" height=\"281\" src=\"https:\/\/www.youtube.com\/embed\/khzFz25QZKA?start=2&#038;feature=oembed\" frameborder=\"0\" allow=\"accelerometer; autoplay; clipboard-write; encrypted-media; gyroscope; picture-in-picture; web-share\" referrerpolicy=\"strict-origin-when-cross-origin\" allowfullscreen><\/iframe> <\/div><figcaption class=\"wp-element-caption\">L\u00ednea de producci\u00f3n de perchas recubiertas de pl\u00e1stico<\/figcaption><\/figure>    <h2 class=\"wp-block-heading\" id=\"h-the-raw-materials-of-the-plastic-coated-hanger-production-line\">Los materiales primos de la l\u00ednea de producci\u00f3n de perchas recubiertas de pl\u00e1stico<\/h2>    <figure class=\"wp-block-image size-full\"><img loading=\"lazy\" decoding=\"async\" width=\"720\" height=\"540\" src=\"https:\/\/hangermachinery.com\/wp-content\/uploads\/2022\/07\/Galvanized-wire-for-making-hangers.webp\" alt=\"Alambre galvanizado para hacer perchas.\" class=\"wp-image-303\" title=\"\" srcset=\"https:\/\/hangermachinery.com\/wp-content\/uploads\/2022\/07\/Galvanized-wire-for-making-hangers.webp 720w, https:\/\/hangermachinery.com\/wp-content\/uploads\/2022\/07\/Galvanized-wire-for-making-hangers-300x225.webp 300w\" sizes=\"auto, (max-width: 720px) 100vw, 720px\" \/><figcaption class=\"wp-element-caption\">Alambre galvanizado para hacer perchas<\/figcaption><\/figure>    <p>La materia prima para fabricar el colgador puede ser alambre galvanizado, alambre de hierro, alambre de acero, alambre de acero inoxidable, etc. La materia prima para fabricar el colgador suele ser alambre de hierro galvanizado de 1,8 mm a 2,0 mm, y el di\u00e1metro m\u00e1ximo del alambre de hierro. que se puede procesar es de 2,5 mm. Al cambiar el molde de la m\u00e1quina, se puede cambiar el tama\u00f1o de la percha y se pueden producir perchas para adultos y perchas para ni\u00f1os.<\/p>    <h2 class=\"wp-block-heading\" id=\"h-the-production-process-of-plastic-coated-hanger-production-line\">El proceso de producci\u00f3n de la l\u00ednea de producci\u00f3n de perchas recubiertas de pl\u00e1stico<\/h2>    <figure class=\"wp-block-gallery has-nested-images columns-4 is-cropped wp-block-gallery-3 is-layout-flex wp-block-gallery-is-layout-flex\"> <figure class=\"wp-block-image size-full\"><img loading=\"lazy\" decoding=\"async\" width=\"720\" height=\"540\" data-id=\"304\" src=\"https:\/\/hangermachinery.com\/wp-content\/uploads\/2022\/07\/Plastic-coated-hanger-production-line.webp\" alt=\"\" class=\"wp-image-304\" title=\"\" srcset=\"https:\/\/hangermachinery.com\/wp-content\/uploads\/2022\/07\/Plastic-coated-hanger-production-line.webp 720w, https:\/\/hangermachinery.com\/wp-content\/uploads\/2022\/07\/Plastic-coated-hanger-production-line-300x225.webp 300w\" sizes=\"auto, (max-width: 720px) 100vw, 720px\" \/><figcaption class=\"wp-element-caption\">L\u00ednea de producci\u00f3n de perchas recubiertas de pl\u00e1stico<\/figcaption><\/figure>    <figure class=\"wp-block-image size-full\"><img loading=\"lazy\" decoding=\"async\" width=\"720\" height=\"540\" data-id=\"305\" src=\"https:\/\/hangermachinery.com\/wp-content\/uploads\/2022\/07\/Plastic-coated-hanger-production-line-2.jpg\" alt=\"L\u00ednea de producci\u00f3n de perchas recubiertas de pl\u00e1stico\" class=\"wp-image-305\" title=\"\" srcset=\"https:\/\/hangermachinery.com\/wp-content\/uploads\/2022\/07\/Plastic-coated-hanger-production-line-2.jpg 720w, https:\/\/hangermachinery.com\/wp-content\/uploads\/2022\/07\/Plastic-coated-hanger-production-line-2-300x225.jpg 300w\" sizes=\"auto, (max-width: 720px) 100vw, 720px\" \/><figcaption class=\"wp-element-caption\">L\u00ednea de producci\u00f3n de perchas recubiertas de pl\u00e1stico<\/figcaption><\/figure>    <figure class=\"wp-block-image size-full\"><img loading=\"lazy\" decoding=\"async\" width=\"720\" height=\"540\" data-id=\"306\" src=\"https:\/\/hangermachinery.com\/wp-content\/uploads\/2022\/07\/Plastic-coated-hanger-production-line.jpg\" alt=\"\" class=\"wp-image-306\" title=\"\" srcset=\"https:\/\/hangermachinery.com\/wp-content\/uploads\/2022\/07\/Plastic-coated-hanger-production-line.jpg 720w, https:\/\/hangermachinery.com\/wp-content\/uploads\/2022\/07\/Plastic-coated-hanger-production-line-300x225.jpg 300w\" sizes=\"auto, (max-width: 720px) 100vw, 720px\" \/><figcaption class=\"wp-element-caption\">L\u00ednea de producci\u00f3n de perchas recubiertas de pl\u00e1stico<\/figcaption><\/figure>    <figure class=\"wp-block-image size-full\"><img loading=\"lazy\" decoding=\"async\" width=\"720\" height=\"540\" data-id=\"307\" src=\"https:\/\/hangermachinery.com\/wp-content\/uploads\/2022\/07\/Plastic-coated-hanger-production-line-4.jpg\" alt=\"L\u00ednea de producci\u00f3n de perchas recubiertas de pl\u00e1stico\" class=\"wp-image-307\" title=\"\" srcset=\"https:\/\/hangermachinery.com\/wp-content\/uploads\/2022\/07\/Plastic-coated-hanger-production-line-4.jpg 720w, https:\/\/hangermachinery.com\/wp-content\/uploads\/2022\/07\/Plastic-coated-hanger-production-line-4-300x225.jpg 300w\" sizes=\"auto, (max-width: 720px) 100vw, 720px\" \/><figcaption class=\"wp-element-caption\">L\u00ednea de producci\u00f3n de perchas recubiertas de pl\u00e1stico<\/figcaption><\/figure> <\/figure>    <p>La m\u00e1quina de rociar pl\u00e1stico para perchas se forma primero, luego se roc\u00eda con polvo de pl\u00e1stico en el exterior de la percha, y luego se env\u00eda a la caja de secado para secar. En la m\u00e1quina de perchas, el recubrimiento de pl\u00e1stico es un equipo profesional de producci\u00f3n de perchas, y considerando el problema de la contaminaci\u00f3n ambiental, est\u00e1 equipado especialmente con equipo de reciclaje de polvo de pl\u00e1stico, la eficiencia de trabajo de la m\u00e1quina de secado es muy alta, y habr\u00e1 carros que necesitar\u00e1n ser secados. Cuando se empujan las perchas secas, vale la pena comprar algunos carros m\u00e1s para rotaci\u00f3n para poder trabajar sin interrupciones y mejorar la eficiencia de producci\u00f3n.<\/p>    <figure class=\"wp-block-image size-full\"><img loading=\"lazy\" decoding=\"async\" width=\"720\" height=\"540\" src=\"https:\/\/hangermachinery.com\/wp-content\/uploads\/2022\/07\/Plastic-coated-hanger-production-machine.webp\" alt=\"M\u00e1quina de producci\u00f3n de perchas recubiertas de pl\u00e1stico \" class=\"wp-image-308\" title=\"\" srcset=\"https:\/\/hangermachinery.com\/wp-content\/uploads\/2022\/07\/Plastic-coated-hanger-production-machine.webp 720w, https:\/\/hangermachinery.com\/wp-content\/uploads\/2022\/07\/Plastic-coated-hanger-production-machine-300x225.webp 300w\" sizes=\"auto, (max-width: 720px) 100vw, 720px\" \/><figcaption class=\"wp-element-caption\">L\u00ednea de producci\u00f3n de perchas recubiertas de pl\u00e1stico<\/figcaption><\/figure>    <h2 class=\"wp-block-heading\" id=\"h-injection-molding-machine\">M\u00e1quina de moldeo por inyecci\u00f3n<\/h2>    <figure class=\"wp-block-image size-full\"><img loading=\"lazy\" decoding=\"async\" width=\"720\" height=\"540\" src=\"https:\/\/hangermachinery.com\/wp-content\/uploads\/2022\/07\/hanger-plastic-coated-sprayer.jpg\" alt=\"pulverizador recubierto de pl\u00e1stico para colgar\" class=\"wp-image-313\" title=\"\" srcset=\"https:\/\/hangermachinery.com\/wp-content\/uploads\/2022\/07\/hanger-plastic-coated-sprayer.jpg 720w, https:\/\/hangermachinery.com\/wp-content\/uploads\/2022\/07\/hanger-plastic-coated-sprayer-300x225.jpg 300w\" sizes=\"auto, (max-width: 720px) 100vw, 720px\" \/><figcaption class=\"wp-element-caption\">Rociador de pl\u00e1stico para perchas<\/figcaption><\/figure>    <p class=\"translation-block\">La p\u00e9rdida es baja, la tasa de utilizaci\u00f3n de la pintura mejora, las part\u00edculas de pintura son peque\u00f1as y la tasa de adhesi\u00f3n es buena. Despu\u00e9s de la <a href=\"https:\/\/en.wikipedia.org\/wiki\/Thermal_spraying\" data-type=\"URL\" data-id=\"https:\/\/en.wikipedia.org\/wiki\/Thermal_spraying\" target=\"_blank\" rel=\"noopener\">pulverizaci\u00f3n<\/a>, se puede formar r\u00e1pidamente sobre la percha y la pintura no se caer\u00e1. El pulverizador roc\u00eda uniformemente y la percha se puede rociar en varios colores. Despu\u00e9s de rociar, la percha no solo es hermosa sino que tambi\u00e9n tiene un efecto protector.<\/p>    <h2 class=\"wp-block-heading\" id=\"h-plastic-powder-recycling-equipment\">Equipo de reciclaje de polvo pl\u00e1stico<\/h2>    <figure class=\"wp-block-image size-full\"><img loading=\"lazy\" decoding=\"async\" width=\"720\" height=\"540\" src=\"https:\/\/hangermachinery.com\/wp-content\/uploads\/2022\/07\/Plastic-coated-hanger-production-line.jpg\" alt=\"Equipo de reciclaje de polvo pl\u00e1stico\" class=\"wp-image-306\" title=\"\" srcset=\"https:\/\/hangermachinery.com\/wp-content\/uploads\/2022\/07\/Plastic-coated-hanger-production-line.jpg 720w, https:\/\/hangermachinery.com\/wp-content\/uploads\/2022\/07\/Plastic-coated-hanger-production-line-300x225.jpg 300w\" sizes=\"auto, (max-width: 720px) 100vw, 720px\" \/><figcaption class=\"wp-element-caption\">M\u00e1quina secadora de perchas<\/figcaption><\/figure>    <p>Las perchas que han sido rociadas necesitan secarse a altas temperaturas para dar forma, y las perchas se pueden vender despu\u00e9s de secarse.<\/p>    <h2 class=\"wp-block-heading\" id=\"h-hanger-dryer-machine\">M\u00e1quina secadora de perchas <\/h2>    <figure class=\"wp-block-image size-full\"><img loading=\"lazy\" decoding=\"async\" width=\"720\" height=\"540\" src=\"https:\/\/hangermachinery.com\/wp-content\/uploads\/2022\/07\/Plastic-coated-hanger-production-line-4.jpg\" alt=\"maquina secadora de perchas \" class=\"wp-image-307\" title=\"\" srcset=\"https:\/\/hangermachinery.com\/wp-content\/uploads\/2022\/07\/Plastic-coated-hanger-production-line-4.jpg 720w, https:\/\/hangermachinery.com\/wp-content\/uploads\/2022\/07\/Plastic-coated-hanger-production-line-4-300x225.jpg 300w\" sizes=\"auto, (max-width: 720px) 100vw, 720px\" \/><figcaption class=\"wp-element-caption\">Producci\u00f3n de perchas <\/figcaption><\/figure>    <p>En la actualidad, el mercado de los tendederos ha entrado en una etapa de competencia feroz, y muchos fabricantes est\u00e1n lanzando constantemente nuevos productos para satisfacer las necesidades de los consumidores. Como nuevo fabricante, \u00bfc\u00f3mo destacar en el mercado de perchas?<\/p>    <h2 class=\"wp-block-heading\" id=\"h-how-to-do-a-good-job-in-the-production-of-hangers\">C\u00f3mo hacer un buen trabajo en la producci\u00f3n de perchas<\/h2>    <figure class=\"wp-block-image size-full\"><img loading=\"lazy\" decoding=\"async\" width=\"720\" height=\"540\" src=\"https:\/\/hangermachinery.com\/wp-content\/uploads\/2022\/07\/production-of-hangers.webp\" alt=\"producci\u00f3n de perchas\" class=\"wp-image-310\" title=\"\" srcset=\"https:\/\/hangermachinery.com\/wp-content\/uploads\/2022\/07\/production-of-hangers.webp 720w, https:\/\/hangermachinery.com\/wp-content\/uploads\/2022\/07\/production-of-hangers-300x225.webp 300w\" sizes=\"auto, (max-width: 720px) 100vw, 720px\" \/><figcaption class=\"wp-element-caption\">En primer lugar, es necesario prestar atenci\u00f3n al efecto de la marca y es necesario mejorar el reconocimiento de la marca en el \u00e1rea local para que los consumidores puedan reconocer el producto. Luego, es necesario prestar atenci\u00f3n a la calidad de las perchas y exigir estrictamente la calidad de producci\u00f3n de las perchas al producir las perchas. Adem\u00e1s, se necesita formar una cierta escala para producir un n\u00famero suficiente de perchas. Ocupar una mayor parte en el mercado, para hacer un buen trabajo en la producci\u00f3n de perchas.<\/figcaption><\/figure>    <p>Empresa de m\u00e1quinas para perchas Shuliy<\/p>    <p> Shuli Co., Ltd. es un fabricante de m\u00e1quinas para perchas con 20 a\u00f1os de experiencia en perchas. La empresa tiene m\u00e1quinas para perchas de rociado de pl\u00e1stico y l\u00edneas de producci\u00f3n de perchas recubiertas de PVC. Adem\u00e1s, seg\u00fan los diferentes materiales primos y formas de las m\u00e1quinas, tambi\u00e9n tenemos m\u00e1quinas para perchas de alambre galvanizado, m\u00e1quinas para perchas de soldadura, m\u00e1quinas para perchas de mariposa y m\u00e1quinas para perchas de abrigos.<\/p>    <h2 class=\"wp-block-heading\" id=\"h-shuliy-s-plastic-coated-hanger-production-line\">L\u00ednea de producci\u00f3n de perchas recubiertas de pl\u00e1stico de Shuliy<\/h2>    <figure class=\"wp-block-image size-full\"><img loading=\"lazy\" decoding=\"async\" width=\"750\" height=\"750\" src=\"https:\/\/hangermachinery.com\/wp-content\/uploads\/2022\/07\/shuliy-hanger-machine-company-1.webp\" alt=\"empresa de m\u00e1quinas de suspensi\u00f3n shuliy\" class=\"wp-image-312\" title=\"\" srcset=\"https:\/\/hangermachinery.com\/wp-content\/uploads\/2022\/07\/shuliy-hanger-machine-company-1.webp 750w, https:\/\/hangermachinery.com\/wp-content\/uploads\/2022\/07\/shuliy-hanger-machine-company-1-300x300.webp 300w, https:\/\/hangermachinery.com\/wp-content\/uploads\/2022\/07\/shuliy-hanger-machine-company-1-150x150.webp 150w\" sizes=\"auto, (max-width: 750px) 100vw, 750px\" \/><figcaption class=\"wp-element-caption\">hangermachinery<\/figcaption><\/figure>    <p class=\"translation-block\">Shuli Co., Ltd. es un fabricante de m\u00e1quinas para perchas con 20 a\u00f1os de experiencia en perchas. La empresa cuenta con m\u00e1quinas de pulverizaci\u00f3n de perchas de pl\u00e1stico y <a href=\"https:\/\/hangermachinery.com\/es\/product\/pvc-coated-wire-hanger-production-line\/\">l\u00edneas de producci\u00f3n de perchas con recubrimiento de PVC<\/a>. Adem\u00e1s, seg\u00fan las diferentes materias primas y formas de las m\u00e1quinas, tambi\u00e9n disponemos de <a href=\"https:\/\/hangermachinery.com\/es\/products\/galvanized-wire-hanger-machine\/\">m\u00e1quinas para perchas de alambre galvanizado<\/a>, <a href=\"https:\/\/hangermachinery.com\/es\/product\/welding-wire-hanger-making-machine\/\">m\u00e1quinas para hacer perchas de alambre soldado<\/a>, <a href=\"https:\/\/hangermachinery.com\/es\/product\/butterfly-type-hanger-product-machine\/\">m\u00e1quinas para perchas tipo mariposa<\/a> y <a href=\"https:\/\/hangermachinery.com\/es\/product\/coat-hanger-making-machine\/\">m\u00e1quinas para hacer perchas de ropa<\/a>.<\/p>","protected":false},"excerpt":{"rendered":"<p>La l\u00ednea de producci\u00f3n de perchas recubiertas de pl\u00e1stico es el equipo para producir perchas para ropa. Los materiales principales son alambres galvanizados.<\/p>","protected":false},"author":1,"featured_media":299,"parent":0,"template":"","tags":[29,21],"product-type":[12,14],"class_list":["post-82","product","type-product","status-publish","has-post-thumbnail","hentry","tag-hanger","tag-plastic-coated-hanger-production-line","product-type-production-line","product-type-plastic-coated-hanger-production-line"],"_links":{"self":[{"href":"https:\/\/hangermachinery.com\/es\/wp-json\/wp\/v2\/product\/82","targetHints":{"allow":["GET"]}}],"collection":[{"href":"https:\/\/hangermachinery.com\/es\/wp-json\/wp\/v2\/product"}],"about":[{"href":"https:\/\/hangermachinery.com\/es\/wp-json\/wp\/v2\/types\/product"}],"author":[{"embeddable":true,"href":"https:\/\/hangermachinery.com\/es\/wp-json\/wp\/v2\/users\/1"}],"wp:featuredmedia":[{"embeddable":true,"href":"https:\/\/hangermachinery.com\/es\/wp-json\/wp\/v2\/media\/299"}],"wp:attachment":[{"href":"https:\/\/hangermachinery.com\/es\/wp-json\/wp\/v2\/media?parent=82"}],"wp:term":[{"taxonomy":"post_tag","embeddable":true,"href":"https:\/\/hangermachinery.com\/es\/wp-json\/wp\/v2\/tags?post=82"},{"taxonomy":"product-type","embeddable":true,"href":"https:\/\/hangermachinery.com\/es\/wp-json\/wp\/v2\/product-type?post=82"}],"curies":[{"name":"wp","href":"https:\/\/api.w.org\/{rel}","templated":true}]}}