{"id":97,"date":"2022-07-17T15:36:01","date_gmt":"2022-07-17T15:36:01","guid":{"rendered":"https:\/\/hangermachinery.com\/?post_type=product&#038;p=97"},"modified":"2022-09-29T16:27:39","modified_gmt":"2022-09-29T08:27:39","slug":"galvanized-wire-hanger-machine","status":"publish","type":"product","link":"https:\/\/hangermachinery.com\/es\/product\/galvanized-wire-hanger-machine\/","title":{"rendered":"Noticias de la m\u00e1quina para perchas"},"content":{"rendered":"<p class=\"translation-block\">La m\u00e1quina de perchas de alambre galvanizado es una m\u00e1quina que utiliza alambre galvanizado para ser procesado por una <a href=\"https:\/\/hangermachinery.com\/es\/product\/butterfly-type-hanger-product-machine\/\" data-type=\"URL\" data-id=\"https:\/\/hangermachinery.com\/product\/butterfly-type-hanger-product-machine\/\">m\u00e1quina formadora de perchas<\/a> para formar una percha. El equipo utiliza la m\u00e1quina formadora de perchas para procesar las perchas. Las perchas procesadas por la m\u00e1quina formadora de perchas se pueden vender directamente y tienen la funci\u00f3n de secar ropa. Sin embargo, si desea que sean m\u00e1s bonitas, puede rociar el exterior de la percha, que es una variedad de cintas coloridas. Perchas empaquetadas. Esta m\u00e1quina formadora de perchas totalmente autom\u00e1tica es popular entre los fabricantes de perchas.<\/p>    <figure class=\"wp-block-gallery has-nested-images columns-default is-cropped wp-block-gallery-2 is-layout-flex wp-block-gallery-is-layout-flex\"> <figure class=\"wp-block-image size-full\"><img loading=\"lazy\" decoding=\"async\" width=\"720\" height=\"540\" data-id=\"317\" src=\"https:\/\/hangermachinery.com\/wp-content\/uploads\/2022\/07\/galvanized-wire-hanger.webp\" alt=\" percha de alambre galvanizado\" class=\"wp-image-317\" title=\"\" srcset=\"https:\/\/hangermachinery.com\/wp-content\/uploads\/2022\/07\/galvanized-wire-hanger.webp 720w, https:\/\/hangermachinery.com\/wp-content\/uploads\/2022\/07\/galvanized-wire-hanger-300x225.webp 300w\" sizes=\"auto, (max-width: 720px) 100vw, 720px\" \/><figcaption> Detalles de la percha de alambre galvanizado <\/figcaption><\/figure>    <figure class=\"wp-block-image size-full\"><img loading=\"lazy\" decoding=\"async\" width=\"720\" height=\"540\" data-id=\"316\" src=\"https:\/\/hangermachinery.com\/wp-content\/uploads\/2022\/07\/galvanized-wire-hanger-details.webp\" alt=\" percha de alambre galvanizado\" class=\"wp-image-316\" title=\"\" srcset=\"https:\/\/hangermachinery.com\/wp-content\/uploads\/2022\/07\/galvanized-wire-hanger-details.webp 720w, https:\/\/hangermachinery.com\/wp-content\/uploads\/2022\/07\/galvanized-wire-hanger-details-300x225.webp 300w\" sizes=\"auto, (max-width: 720px) 100vw, 720px\" \/><figcaption> Percha de alambre galvanizado<\/figcaption><\/figure> <\/figure>    <h2 class=\"wp-block-heading\" id=\"h-what-material-is-galvanized-wire\">\u00bfDe qu\u00e9 material es el alambre galvanizado?<\/h2>    <figure class=\"wp-block-image size-full\"><img loading=\"lazy\" decoding=\"async\" width=\"720\" height=\"540\" src=\"https:\/\/hangermachinery.com\/wp-content\/uploads\/2022\/07\/hanger-hook-forming-material.webp\" alt=\"material para formar ganchos de suspensi\u00f3n\" class=\"wp-image-318\" title=\"\" srcset=\"https:\/\/hangermachinery.com\/wp-content\/uploads\/2022\/07\/hanger-hook-forming-material.webp 720w, https:\/\/hangermachinery.com\/wp-content\/uploads\/2022\/07\/hanger-hook-forming-material-300x225.webp 300w\" sizes=\"auto, (max-width: 720px) 100vw, 720px\" \/><figcaption>Material de formaci\u00f3n de ganchos para perchas<\/figcaption><\/figure>    <p class=\"translation-block\">El alambre <a href=\"https:\/\/en.wikipedia.org\/wiki\/Galvanization\" data-type=\"URL\" data-id=\"https:\/\/en.wikipedia.org\/wiki\/Galvanization\" target=\"_blank\" rel=\"noopener\">galvanizado<\/a> tiene buena tenacidad y elasticidad, y buena resistencia a la corrosi\u00f3n, por lo que es muy adecuado para hacer perchas. El alambre galvanizado tambi\u00e9n se utiliza a menudo para hacer artesan\u00edas, redes de protecci\u00f3n y proyectos de construcci\u00f3n. El color del alambre de hierro galvanizado es m\u00e1s oscuro, y el alambre galvanizado se puede mantener al aire libre durante d\u00e9cadas sin ser corro\u00eddo, por lo que las perchas procesadas con alambre galvanizado son m\u00e1s duraderas. Adem\u00e1s de utilizar alambre galvanizado, la m\u00e1quina tambi\u00e9n puede utilizar alambre de hierro para el procesamiento.<\/p>    <h2 class=\"wp-block-heading\">\u00bfC\u00f3mo funciona la m\u00e1quina de perchas?<\/h2>    <figure class=\"wp-block-embed is-type-video is-provider-youtube wp-block-embed-youtube wp-embed-aspect-16-9 wp-has-aspect-ratio\"><div class=\"wp-block-embed__wrapper\"> <iframe loading=\"lazy\" title=\"M\u00e1quina de fabricaci\u00f3n de perchas en venta en Om\u00e1n | Precio de la m\u00e1quina de fabricaci\u00f3n de perchas de alambre de tela\" width=\"500\" height=\"281\" src=\"https:\/\/www.youtube.com\/embed\/aAtWkx2Eu4Y?start=1&#038;feature=oembed\" frameborder=\"0\" allow=\"accelerometer; autoplay; clipboard-write; encrypted-media; gyroscope; picture-in-picture; web-share\" referrerpolicy=\"strict-origin-when-cross-origin\" allowfullscreen><\/iframe> <\/div><figcaption>Video de trabajo de la m\u00e1quina de perchas<\/figcaption><\/figure>    <h2 class=\"wp-block-heading\" id=\"h-galvanized-wire-hanger-machine-products\">Productos de la m\u00e1quina de perchas de alambre galvanizado<\/h2>    <figure class=\"wp-block-gallery has-nested-images columns-2 is-cropped wp-block-gallery-3 is-layout-flex wp-block-gallery-is-layout-flex\"> <figure class=\"wp-block-image size-large\"><img loading=\"lazy\" decoding=\"async\" width=\"720\" height=\"540\" data-id=\"480\" src=\"https:\/\/hangermachinery.com\/wp-content\/uploads\/2022\/07\/hanger-machine-details-4.webp\" alt=\"Detalles de la m\u00e1quina de perchas\" class=\"wp-image-480\" title=\"\" srcset=\"https:\/\/hangermachinery.com\/wp-content\/uploads\/2022\/07\/hanger-machine-details-4.webp 720w, https:\/\/hangermachinery.com\/wp-content\/uploads\/2022\/07\/hanger-machine-details-4-300x225.webp 300w\" sizes=\"auto, (max-width: 720px) 100vw, 720px\" \/><figcaption>Detalles de la m\u00e1quina de perchas<\/figcaption><\/figure>    <figure class=\"wp-block-image size-large\"><img loading=\"lazy\" decoding=\"async\" width=\"720\" height=\"540\" data-id=\"482\" src=\"https:\/\/hangermachinery.com\/wp-content\/uploads\/2022\/07\/hanger-machine-details-6.webp\" alt=\"Detalles de la m\u00e1quina de perchas\" class=\"wp-image-482\" title=\"\" srcset=\"https:\/\/hangermachinery.com\/wp-content\/uploads\/2022\/07\/hanger-machine-details-6.webp 720w, https:\/\/hangermachinery.com\/wp-content\/uploads\/2022\/07\/hanger-machine-details-6-300x225.webp 300w\" sizes=\"auto, (max-width: 720px) 100vw, 720px\" \/><figcaption>Detalles de la m\u00e1quina de perchas<\/figcaption><\/figure>    <figure class=\"wp-block-image size-large\"><img loading=\"lazy\" decoding=\"async\" width=\"720\" height=\"540\" data-id=\"479\" src=\"https:\/\/hangermachinery.com\/wp-content\/uploads\/2022\/07\/hanger-machine-details-3.webp\" alt=\"Detalles de la m\u00e1quina de perchas\" class=\"wp-image-479\" title=\"\" srcset=\"https:\/\/hangermachinery.com\/wp-content\/uploads\/2022\/07\/hanger-machine-details-3.webp 720w, https:\/\/hangermachinery.com\/wp-content\/uploads\/2022\/07\/hanger-machine-details-3-300x225.webp 300w\" sizes=\"auto, (max-width: 720px) 100vw, 720px\" \/><figcaption>Detalles de la m\u00e1quina de perchas<\/figcaption><\/figure>    <figure class=\"wp-block-image size-large\"><img loading=\"lazy\" decoding=\"async\" width=\"720\" height=\"540\" data-id=\"481\" src=\"https:\/\/hangermachinery.com\/wp-content\/uploads\/2022\/07\/hanger-machine-details-5.webp\" alt=\"Detalles de la m\u00e1quina de perchas\" class=\"wp-image-481\" title=\"\" srcset=\"https:\/\/hangermachinery.com\/wp-content\/uploads\/2022\/07\/hanger-machine-details-5.webp 720w, https:\/\/hangermachinery.com\/wp-content\/uploads\/2022\/07\/hanger-machine-details-5-300x225.webp 300w\" sizes=\"auto, (max-width: 720px) 100vw, 720px\" \/><figcaption>Detalles de la m\u00e1quina de perchas<\/figcaption><\/figure> <\/figure>    <p>La percha de alambre galvanizado se procesa primero en la forma de la percha, y al final, se envuelve alrededor del gancho de la percha. As\u00ed se forma una m\u00e1quina de percha de alambre galvanizado, y no se deben agregar configuraciones adicionales. A diferencia de la m\u00e1quina de perchas soldada, los extremos de formaci\u00f3n deben soldarse juntos.<\/p>    <h2 class=\"wp-block-heading\" id=\"h-wire-hanger-machine-parameters\">Par\u00e1metros de la m\u00e1quina de perchas de alambre galvanizado<\/h2>    <figure class=\"wp-block-image size-full\"><img loading=\"lazy\" decoding=\"async\" width=\"720\" height=\"540\" src=\"https:\/\/hangermachinery.com\/wp-content\/uploads\/2022\/07\/Galvanized-wire-hanger-machine-1.webp\" alt=\"M\u00e1quina colgadora de alambre galvanizado\" class=\"wp-image-323\" title=\"\" srcset=\"https:\/\/hangermachinery.com\/wp-content\/uploads\/2022\/07\/Galvanized-wire-hanger-machine-1.webp 720w, https:\/\/hangermachinery.com\/wp-content\/uploads\/2022\/07\/Galvanized-wire-hanger-machine-1-300x225.webp 300w\" sizes=\"auto, (max-width: 720px) 100vw, 720px\" \/><figcaption>M\u00e1quina de suspensi\u00f3n de alambre galvanizado<\/figcaption><\/figure>    <p>Potencia: 1.5kw<\/p>    <p>Producci\u00f3n: 30PCS\/min<\/p>    <p>Di\u00e1metro: 1.8-3mm<\/p>    <p>Tama\u00f1o: 850*1500*1800mm<\/p>    <p>Peso: 700KG<\/p>    <h2 class=\"wp-block-heading\" id=\"h-advantages-of-hanger-hook-forming-machine\">Ventajas de la m\u00e1quina formadora de ganchos para perchas <\/h2>    <figure class=\"wp-block-image size-full\"><img loading=\"lazy\" decoding=\"async\" width=\"720\" height=\"540\" src=\"https:\/\/hangermachinery.com\/wp-content\/uploads\/2022\/07\/wire-hanger-machine.webp\" alt=\"\u00a0maquina para colgar alambre\" class=\"wp-image-324\" title=\"\" srcset=\"https:\/\/hangermachinery.com\/wp-content\/uploads\/2022\/07\/wire-hanger-machine.webp 720w, https:\/\/hangermachinery.com\/wp-content\/uploads\/2022\/07\/wire-hanger-machine-300x225.webp 300w\" sizes=\"auto, (max-width: 720px) 100vw, 720px\" \/><figcaption>M\u00e1quina para colgar cables<\/figcaption><\/figure>    <p>Alta eficiencia de producci\u00f3n, puede producir de 30 a 40 perchas por minuto.<\/p>    <p>Sistema de control de pantalla t\u00e1ctil, producci\u00f3n r\u00e1pida y sencilla, y conveniente<\/p>    <p>Producci\u00f3n autom\u00e1tica de la m\u00e1quina, siempre que se encienda la m\u00e1quina, el alambre galvanizado se dobla autom\u00e1ticamente en la forma de una percha<\/p>    <h2 class=\"wp-block-heading\" id=\"h-why-choose-shuliy-s-hanger-machine\">\u00bfPor qu\u00e9 elegir la m\u00e1quina colgadora de Shuliy?<\/h2>    <figure class=\"wp-block-image size-full\"><img loading=\"lazy\" decoding=\"async\" width=\"720\" height=\"540\" src=\"https:\/\/hangermachinery.com\/wp-content\/uploads\/2022\/07\/hanger-1-1.webp\" alt=\"percha \" class=\"wp-image-477\" title=\"\" srcset=\"https:\/\/hangermachinery.com\/wp-content\/uploads\/2022\/07\/hanger-1-1.webp 720w, https:\/\/hangermachinery.com\/wp-content\/uploads\/2022\/07\/hanger-1-1-300x225.webp 300w\" sizes=\"auto, (max-width: 720px) 100vw, 720px\" \/><figcaption>Percha <\/figcaption><\/figure>    <ul class=\"wp-block-list\"><li>A\u00f1os de experiencia en la producci\u00f3n de m\u00e1quinas de perchas, con tecnolog\u00eda de producci\u00f3n avanzada<\/li><\/ul>    <ul class=\"wp-block-list\"><li>Puede dise\u00f1ar un plan de producci\u00f3n personalizado para los clientes<\/li><\/ul>    <ul class=\"wp-block-list\"><li>Se puede realizar la personalizaci\u00f3n de la m\u00e1quina y la producci\u00f3n de funciones<\/li><\/ul>    <ul class=\"wp-block-list\"><li>Servicio postventa \u00edntimo, si no puede operarlo durante el uso, el vendedor puede guiarlo a trav\u00e9s de un video                    <\/li><\/ul>","protected":false},"excerpt":{"rendered":"<p>La m\u00e1quina para perchas de alambre galvanizado es una m\u00e1quina que utiliza alambre galvanizado para ser procesado por una m\u00e1quina para formar perchas y formar una percha. <\/p>","protected":false},"author":1,"featured_media":314,"parent":0,"template":"","tags":[29,31],"product-type":[11,15],"class_list":["post-97","product","type-product","status-publish","has-post-thumbnail","hentry","tag-hanger","tag-wire-hanger-machine","product-type-product","product-type-galvanized-wire-hanger-machine"],"_links":{"self":[{"href":"https:\/\/hangermachinery.com\/es\/wp-json\/wp\/v2\/product\/97","targetHints":{"allow":["GET"]}}],"collection":[{"href":"https:\/\/hangermachinery.com\/es\/wp-json\/wp\/v2\/product"}],"about":[{"href":"https:\/\/hangermachinery.com\/es\/wp-json\/wp\/v2\/types\/product"}],"author":[{"embeddable":true,"href":"https:\/\/hangermachinery.com\/es\/wp-json\/wp\/v2\/users\/1"}],"wp:featuredmedia":[{"embeddable":true,"href":"https:\/\/hangermachinery.com\/es\/wp-json\/wp\/v2\/media\/314"}],"wp:attachment":[{"href":"https:\/\/hangermachinery.com\/es\/wp-json\/wp\/v2\/media?parent=97"}],"wp:term":[{"taxonomy":"post_tag","embeddable":true,"href":"https:\/\/hangermachinery.com\/es\/wp-json\/wp\/v2\/tags?post=97"},{"taxonomy":"product-type","embeddable":true,"href":"https:\/\/hangermachinery.com\/es\/wp-json\/wp\/v2\/product-type?post=97"}],"curies":[{"name":"wp","href":"https:\/\/api.w.org\/{rel}","templated":true}]}}