{"id":3,"date":"2022-07-15T10:49:45","date_gmt":"2022-07-15T10:49:45","guid":{"rendered":"http:\/\/hangermachinery.com\/?page_id=3"},"modified":"2025-09-12T16:16:52","modified_gmt":"2025-09-12T08:16:52","slug":"about-us","status":"publish","type":"page","link":"https:\/\/hangermachinery.com\/fr\/about-us\/","title":{"rendered":"\u00c0 propos de nous"},"content":{"rendered":"<h2 class=\"wp-block-heading\" id=\"h-shuliy-company-introduction\">Pr\u00e9sentation de la soci\u00e9t\u00e9 Shuliy<\/h2>    <div class=\"wp-block-columns has-black-color has-white-background-color has-text-color has-background is-layout-flex wp-container-core-columns-is-layout-9d6595d7 wp-block-columns-is-layout-flex\"> <div class=\"wp-block-column is-layout-flow wp-block-column-is-layout-flow\"> <p>Bienvenue chez Shuliy Machinery, un fabricant et fournisseur mondial de premier plan de machines de fabrication de cintres. Nous nous engageons \u00e0 fournir aux clients du monde entier des solutions de production de cintres intelligentes, stables et hautement efficaces, des lignes semi-automatiques aux lignes enti\u00e8rement automatis\u00e9es.<\/p>    <p>En tant que division hautement sp\u00e9cialis\u00e9e de Zhengzhou Shuliy Machinery Equipment Co., Ltd. (\u00e9tablie en 2011), nous associons plus d\u2019une d\u00e9cennie d\u2019excellence dans la fabrication de machines \u00e0 une connaissance approfondie du secteur, exclusivement ax\u00e9e sur la production de cintres. Notre mission est de permettre aux entrepreneurs et aux fabricants du monde entier de lancer ou d\u2019am\u00e9liorer sans effort leurs activit\u00e9s de production de cintres gr\u00e2ce \u00e0 une technologie d\u2019automatisation sup\u00e9rieure.<\/p>    <p>Que vous envisagiez de produire des cintres en fil m\u00e9tallique, des cintres en plastique, ou n\u00e9cessitiez des proc\u00e9d\u00e9s de finition avanc\u00e9s tels que le rev\u00eatement PVC ou la pulv\u00e9risation plastique, nous fournissons des solutions cl\u00e9s en main \u2014 depuis les machines individuelles jusqu\u2019\u00e0 la planification compl\u00e8te de lignes de production. Nos \u00e9quipements sont fiables pour des entreprises dans plus de 50 pays et r\u00e9gions, aidant d\u2019innombrables clients \u00e0 atteindre une production \u00e0 haut rendement et un succ\u00e8s commercial gr\u00e2ce \u00e0 des performances et une fiabilit\u00e9 exceptionnelles.<\/p>    <p class=\"translation-block\">Les principaux produits sont une <a href=\"https:\/\/hangermachinery.com\/fr\/product\/galvanized-wire-hanger-machine\/\">machine de formage de cintres<\/a>, une <a href=\"https:\/\/hangermachinery.com\/fr\/products\/plastic-coated-hanger-production-line\/\">machine de pulv\u00e9risation pour cintres<\/a>, une <a href=\"https:\/\/hangermachinery.com\/fr\/products\/plastic-coated-hanger-production-line\/\">machine de rev\u00eatement plastique<\/a>, et une machine de s\u00e9chage pour cintres.<\/p>   <div class=\"wp-block-image\"> <figure class=\"aligncenter size-full\"><img loading=\"lazy\" decoding=\"async\" width=\"720\" height=\"377\" src=\"https:\/\/hangermachinery.com\/wp-content\/uploads\/2022\/07\/lQDPDhs_TXrzscrNAsTNBUiwGKeGkYV7oCUCOGNlzsBJAA_1352_708.jpg_720x720q90g.jpg\" alt=\"entreprise scolaire\" class=\"wp-image-165\" title=\"\" srcset=\"https:\/\/hangermachinery.com\/wp-content\/uploads\/2022\/07\/lQDPDhs_TXrzscrNAsTNBUiwGKeGkYV7oCUCOGNlzsBJAA_1352_708.jpg_720x720q90g.jpg 720w, https:\/\/hangermachinery.com\/wp-content\/uploads\/2022\/07\/lQDPDhs_TXrzscrNAsTNBUiwGKeGkYV7oCUCOGNlzsBJAA_1352_708.jpg_720x720q90g-300x157.jpg 300w\" sizes=\"auto, (max-width: 720px) 100vw, 720px\" \/><figcaption class=\"wp-element-caption\">Soci\u00e9t\u00e9 Shuliy<\/figcaption><\/figure> <\/div>   <h2 class=\"wp-block-heading\">Quelles sont vos options pour un cintre ?<\/h2>    <p>Les formes populaires de cintres peuvent varier d\u2019un endroit \u00e0 l\u2019autre, donc les machines \u00e0 cintres de Shuley suivent les besoins des clients et se d\u00e9clinent en trois formes diff\u00e9rentes : cintres galvanis\u00e9s, cintres en forme de papillon et cintres soud\u00e9s. L\u2019image ci-dessous montre les formes de machines \u00e0 cintres disponibles pour que les clients puissent choisir. Vous pouvez nous dire directement laquelle est votre pr\u00e9f\u00e9r\u00e9e.<\/p>   <div class=\"wp-block-image\"> <figure class=\"aligncenter size-full\"><img loading=\"lazy\" decoding=\"async\" width=\"720\" height=\"540\" src=\"https:\/\/hangermachinery.com\/wp-content\/uploads\/2022\/07\/red-hanger.webp\" alt=\"cintre en plastique fabriqu\u00e9 par la machine \u00e0 fabriquer des cintres Shuliy\" class=\"wp-image-471\" title=\"\" srcset=\"https:\/\/hangermachinery.com\/wp-content\/uploads\/2022\/07\/red-hanger.webp 720w, https:\/\/hangermachinery.com\/wp-content\/uploads\/2022\/07\/red-hanger-300x225.webp 300w\" sizes=\"auto, (max-width: 720px) 100vw, 720px\" \/><figcaption class=\"wp-element-caption\">cintre en plastique fabriqu\u00e9 par la machine \u00e0 cintres Shuliy<\/figcaption><\/figure> <\/div><\/div> <\/div>    <h2 class=\"wp-block-heading\">Dans quels pays les machines \u00e0 cintres sont-elles populaires ?<\/h2>    <p>Les cintres sont des objets m\u00e9nagers utilis\u00e9s dans chaque r\u00e9gion et dans chaque foyer de chaque pays, de sorte qu\u2019ils sont populaires dans de nombreux pays, tels que l\u2019Australie, l\u2019Arabie saoudite, Oman, les \u00c9mirats arabes unis, le Maroc, le Mexique, la Su\u00e8de, l\u2019Espagne, le Y\u00e9men, le Cambodge, le Kazakhstan, le Pakistan et d\u2019autres pays.<\/p>    <figure class=\"wp-block-gallery has-nested-images columns-default is-cropped wp-block-gallery-2 is-layout-flex wp-block-gallery-is-layout-flex\"> <figure class=\"wp-block-image size-large\"><img loading=\"lazy\" decoding=\"async\" width=\"561\" height=\"213\" data-id=\"164\" src=\"http:\/\/hangermachinery.com\/wp-content\/uploads\/2022\/07\/ABOUTUS_2.jpg\" alt=\"certificat d&#039;entreprise Shuliy\" class=\"wp-image-164\" title=\"\" srcset=\"https:\/\/hangermachinery.com\/wp-content\/uploads\/2022\/07\/ABOUTUS_2.jpg 561w, https:\/\/hangermachinery.com\/wp-content\/uploads\/2022\/07\/ABOUTUS_2-300x114.jpg 300w\" sizes=\"auto, (max-width: 561px) 100vw, 561px\" \/><figcaption class=\"wp-element-caption\">Certificat de la soci\u00e9t\u00e9 Shuliy<\/figcaption><\/figure>    <figure class=\"wp-block-image size-large\"><img loading=\"lazy\" decoding=\"async\" width=\"559\" height=\"219\" data-id=\"163\" src=\"http:\/\/hangermachinery.com\/wp-content\/uploads\/2022\/07\/ABOUTUS_1.jpg\" alt=\"certificat d&#039;entreprise Shuliy\" class=\"wp-image-163\" title=\"\" srcset=\"https:\/\/hangermachinery.com\/wp-content\/uploads\/2022\/07\/ABOUTUS_1.jpg 559w, https:\/\/hangermachinery.com\/wp-content\/uploads\/2022\/07\/ABOUTUS_1-300x118.jpg 300w\" sizes=\"auto, (max-width: 559px) 100vw, 559px\" \/><figcaption class=\"wp-element-caption\">Certificat de la soci\u00e9t\u00e9 Shuliy<\/figcaption><\/figure> <\/figure>    <h2 class=\"wp-block-heading\">Pourquoi nous choisir ?<\/h2>    <p class=\"translation-block\"><strong>Concentration in\u00e9gal\u00e9e :<\/strong> nous ne faisons qu\u2019une chose, mais nous la faisons au mieux : la machinerie pour cintres. Notre \u00e9quipe poss\u00e8de une compr\u00e9hension approfondie de chaque aspect de la production de cintres, ce qui nous permet d\u2019offrir les conseils les plus pertinents et efficaces.<\/p>    <p class=\"translation-block\"><strong>Gamme compl\u00e8te de produits :<\/strong> nous proposons un portefeuille complet d\u2019\u00e9quipements couvrant divers mat\u00e9riaux et proc\u00e9d\u00e9s, cr\u00e9ant une v\u00e9ritable exp\u00e9rience de guichet unique qui garantit un flux de production fluide.<\/p>    <p class=\"translation-block\"><strong>Ing\u00e9nierie ax\u00e9e sur la performance :<\/strong> nos machines sont con\u00e7ues pour une efficacit\u00e9 maximale et une durabilit\u00e9 \u00e0 long terme. En utilisant des composants de haute qualit\u00e9 et une ing\u00e9nierie de pr\u00e9cision, nous garantissons que vous obtenez le meilleur retour sur votre investissement.<\/p>    <p class=\"translation-block\"><strong>Service et support mondiaux :<\/strong> soutenus par le robuste syst\u00e8me d\u2019assistance mondial du groupe Shuliy, nous fournissons un service de bout en bout, depuis la consultation initiale et la conception de l\u2019agencement de l\u2019usine jusqu\u2019\u00e0 l\u2019installation, la formation et la fourniture \u00e0 long terme de pi\u00e8ces de rechange.<\/p>    <figure class=\"wp-block-gallery has-nested-images columns-default is-cropped wp-block-gallery-3 is-layout-flex wp-block-gallery-is-layout-flex\"> <figure class=\"wp-block-image size-large\"><img loading=\"lazy\" decoding=\"async\" width=\"720\" height=\"540\" data-id=\"757\" src=\"https:\/\/hangermachinery.com\/wp-content\/uploads\/2025\/09\/Kenyan-customers-visit.webp\" alt=\"Kenyan customers visit\" class=\"wp-image-757\" title=\"\" srcset=\"https:\/\/hangermachinery.com\/wp-content\/uploads\/2025\/09\/Kenyan-customers-visit.webp 720w, https:\/\/hangermachinery.com\/wp-content\/uploads\/2025\/09\/Kenyan-customers-visit-300x225.webp 300w, https:\/\/hangermachinery.com\/wp-content\/uploads\/2025\/09\/Kenyan-customers-visit-16x12.webp 16w\" sizes=\"auto, (max-width: 720px) 100vw, 720px\" \/><figcaption class=\"wp-element-caption\">Visite des clients kenyans<\/figcaption><\/figure>    <figure class=\"wp-block-image size-large\"><img loading=\"lazy\" decoding=\"async\" width=\"720\" height=\"540\" data-id=\"761\" src=\"https:\/\/hangermachinery.com\/wp-content\/uploads\/2025\/09\/Spanish-customers-visit.webp\" alt=\"Spanish customers visit\" class=\"wp-image-761\" title=\"\" srcset=\"https:\/\/hangermachinery.com\/wp-content\/uploads\/2025\/09\/Spanish-customers-visit.webp 720w, https:\/\/hangermachinery.com\/wp-content\/uploads\/2025\/09\/Spanish-customers-visit-300x225.webp 300w, https:\/\/hangermachinery.com\/wp-content\/uploads\/2025\/09\/Spanish-customers-visit-16x12.webp 16w\" sizes=\"auto, (max-width: 720px) 100vw, 720px\" \/><figcaption class=\"wp-element-caption\">Visite des clients espagnols<\/figcaption><\/figure>    <figure class=\"wp-block-image size-large\"><img loading=\"lazy\" decoding=\"async\" width=\"720\" height=\"540\" data-id=\"762\" src=\"https:\/\/hangermachinery.com\/wp-content\/uploads\/2025\/09\/Turkish-customers-visit.webp\" alt=\"Turkish customers visit\" class=\"wp-image-762\" title=\"\" srcset=\"https:\/\/hangermachinery.com\/wp-content\/uploads\/2025\/09\/Turkish-customers-visit.webp 720w, https:\/\/hangermachinery.com\/wp-content\/uploads\/2025\/09\/Turkish-customers-visit-300x225.webp 300w, https:\/\/hangermachinery.com\/wp-content\/uploads\/2025\/09\/Turkish-customers-visit-16x12.webp 16w\" sizes=\"auto, (max-width: 720px) 100vw, 720px\" \/><figcaption class=\"wp-element-caption\">Visite des clients turcs<\/figcaption><\/figure> <\/figure>    <p>Vos objectifs de production sont notre feuille de route d\u2019action.<\/p>    <p>Nous sommes impatients de discuter des d\u00e9tails de votre projet et d\u2019aider \u00e0 transformer votre vision commerciale en une r\u00e9alit\u00e9 performante. Contactez notre \u00e9quipe d\u2019experts d\u00e8s aujourd\u2019hui pour recevoir une consultation et un devis gratuits.<\/p>    <figure class=\"wp-block-gallery has-nested-images columns-default is-cropped wp-block-gallery-4 is-layout-flex wp-block-gallery-is-layout-flex\"> <figure class=\"wp-block-image size-large\"><img loading=\"lazy\" decoding=\"async\" width=\"720\" height=\"540\" data-id=\"763\" src=\"https:\/\/hangermachinery.com\/wp-content\/uploads\/2025\/09\/Yemeni-customers-visit.webp\" alt=\"Yemeni customers visit\" class=\"wp-image-763\" title=\"\" srcset=\"https:\/\/hangermachinery.com\/wp-content\/uploads\/2025\/09\/Yemeni-customers-visit.webp 720w, https:\/\/hangermachinery.com\/wp-content\/uploads\/2025\/09\/Yemeni-customers-visit-300x225.webp 300w, https:\/\/hangermachinery.com\/wp-content\/uploads\/2025\/09\/Yemeni-customers-visit-16x12.webp 16w\" sizes=\"auto, (max-width: 720px) 100vw, 720px\" \/><figcaption class=\"wp-element-caption\">Visite des clients y\u00e9m\u00e9nites<\/figcaption><\/figure>    <figure class=\"wp-block-image size-large\"><img loading=\"lazy\" decoding=\"async\" width=\"720\" height=\"540\" data-id=\"758\" src=\"https:\/\/hangermachinery.com\/wp-content\/uploads\/2025\/09\/Nigerian-customers-visit.webp\" alt=\"Nigerian customers visit\" class=\"wp-image-758\" title=\"\" srcset=\"https:\/\/hangermachinery.com\/wp-content\/uploads\/2025\/09\/Nigerian-customers-visit.webp 720w, https:\/\/hangermachinery.com\/wp-content\/uploads\/2025\/09\/Nigerian-customers-visit-300x225.webp 300w, https:\/\/hangermachinery.com\/wp-content\/uploads\/2025\/09\/Nigerian-customers-visit-16x12.webp 16w\" sizes=\"auto, (max-width: 720px) 100vw, 720px\" \/><figcaption class=\"wp-element-caption\">Visite des clients nig\u00e9rians<\/figcaption><\/figure> <\/figure>","protected":false},"excerpt":{"rendered":"<p>Shuliy company introduction Welcome to Shuliy Machinery, a leading global manufacturer and supplier of hanger-making machinery. We are dedicated to providing clients worldwide with intelligent, stable, and high-efficiency hanger production solutions, from semi-automatic to fully automated lines. As a highly specialized division of Zhengzhou Shuliy Machinery Equipment Co., Ltd. (est. 2011), we combine over a [&hellip;]<\/p>\n","protected":false},"author":1,"featured_media":0,"parent":0,"menu_order":0,"comment_status":"closed","ping_status":"open","template":"","meta":{"footnotes":""},"class_list":["post-3","page","type-page","status-publish","hentry"],"_links":{"self":[{"href":"https:\/\/hangermachinery.com\/fr\/wp-json\/wp\/v2\/pages\/3","targetHints":{"allow":["GET"]}}],"collection":[{"href":"https:\/\/hangermachinery.com\/fr\/wp-json\/wp\/v2\/pages"}],"about":[{"href":"https:\/\/hangermachinery.com\/fr\/wp-json\/wp\/v2\/types\/page"}],"author":[{"embeddable":true,"href":"https:\/\/hangermachinery.com\/fr\/wp-json\/wp\/v2\/users\/1"}],"replies":[{"embeddable":true,"href":"https:\/\/hangermachinery.com\/fr\/wp-json\/wp\/v2\/comments?post=3"}],"version-history":[{"count":0,"href":"https:\/\/hangermachinery.com\/fr\/wp-json\/wp\/v2\/pages\/3\/revisions"}],"wp:attachment":[{"href":"https:\/\/hangermachinery.com\/fr\/wp-json\/wp\/v2\/media?parent=3"}],"curies":[{"name":"wp","href":"https:\/\/api.w.org\/{rel}","templated":true}]}}