{"id":109,"date":"2022-07-17T16:28:30","date_gmt":"2022-07-17T16:28:30","guid":{"rendered":"https:\/\/hangermachinery.com\/?post_type=product&#038;p=109"},"modified":"2023-08-16T14:08:28","modified_gmt":"2023-08-16T06:08:28","slug":"coat-hanger-making-machine","status":"publish","type":"product","link":"https:\/\/hangermachinery.com\/fr\/product\/coat-hanger-making-machine\/","title":{"rendered":"Machine \u00e0 fabriquer des cintres | Machine de production de cintres"},"content":{"rendered":"<p class=\"translation-block\">Coat\u00a0hanger making\u00a0machine est une machine qui utilise un fil plastique pour fabriquer un cintre. La machine se caract\u00e9rise par une grande efficacit\u00e9 de travail, et un haut degr\u00e9 d\u2019intelligence, et ne n\u00e9cessite pas une participation humaine excessive. Le <a href=\"https:\/\/hangermachinery.com\/fr\/products\/plastic-coated-hanger-production-line\/\">cintre en fil enrob\u00e9<\/a><a href=\"https:\/\/hangermachinery.com\/fr\/product\/plastic-coated-hanger-production-line-clothes-hanger-machine\/\">e<\/a> a g\u00e9n\u00e9r\u00e9 d\u2019\u00e9normes profits pour de nombreux fabricants.<\/p>    <figure class=\"wp-block-image size-full\"><img loading=\"lazy\" decoding=\"async\" width=\"720\" height=\"540\" src=\"https:\/\/hangermachinery.com\/wp-content\/uploads\/2022\/07\/Coat-hanger.webp\" alt=\"Cintre\" class=\"wp-image-330\" title=\"\" srcset=\"https:\/\/hangermachinery.com\/wp-content\/uploads\/2022\/07\/Coat-hanger.webp 720w, https:\/\/hangermachinery.com\/wp-content\/uploads\/2022\/07\/Coat-hanger-300x225.webp 300w\" sizes=\"auto, (max-width: 720px) 100vw, 720px\" \/><figcaption class=\"wp-element-caption\">Cintre<\/figcaption><\/figure>    <h2 class=\"wp-block-heading\" id=\"h-what-is-plastic-coat-wire\">pour rev\u00eatir les <span style=\"font-size: revert; color: revert; font-weight: revert;\">cintres ?<\/span> Fil plastique pour cintre<\/h2>    <figure class=\"wp-block-image size-full\"><img loading=\"lazy\" decoding=\"async\" width=\"720\" height=\"540\" src=\"https:\/\/hangermachinery.com\/wp-content\/uploads\/2022\/07\/plastic-coat-wire.webp\" alt=\"fil de rev\u00eatement en plastique\" class=\"wp-image-331\" title=\"\" srcset=\"https:\/\/hangermachinery.com\/wp-content\/uploads\/2022\/07\/plastic-coat-wire.webp 720w, https:\/\/hangermachinery.com\/wp-content\/uploads\/2022\/07\/plastic-coat-wire-300x225.webp 300w\" sizes=\"auto, (max-width: 720px) 100vw, 720px\" \/><figcaption class=\"wp-element-caption\">Fil rev\u00eatu<\/figcaption><\/figure>    <p class=\"translation-block\"><a href=\"https:\/\/www.amazon.com\/coated-wire\/s?k=coated+wire\" data-type=\"URL\" data-id=\"https:\/\/www.amazon.com\/coated-wire\/s?k=coated+wire\" target=\"_blank\" rel=\"noopener\">Fil enrob\u00e9<\/a> est du fil galvanis\u00e9 et du fil de fer trait\u00e9. Apr\u00e8s passage dans la machine de rev\u00eatement, le fil sera envelopp\u00e9 par une couche de rev\u00eatement plastique. Un tel fil est appel\u00e9 fil enrob\u00e9, et le fil trait\u00e9 est fa\u00e7onn\u00e9 en cintre. Il est exquis, et vous pouvez choisir une vari\u00e9t\u00e9 de couleurs pour attirer les clients \u00e0 acheter la machine \u00e0 cintres. De plus, le cintre enrob\u00e9 apr\u00e8s l\u2019immersion est plus antid\u00e9rapant. Si vous utilisez du fil de fer pour produire des cintres, il peut \u00e9galement jouer un r\u00f4le de protection lors du s\u00e9chage des v\u00eatements.<\/p>    <h2 class=\"wp-block-heading\" id=\"h-the-main-advantages-of-the-coat-hanger-making-machine\">La longueur de la ligne d'alimentation est standard.<\/h2>    <ol class=\"wp-block-list\"> <li>La vitesse peut \u00eatre ajust\u00e9e en fonction du diam\u00e8tre du fil, \u00e0 n'importe quelle vitesse.<\/li>    <li>Avec une production \u00e9lev\u00e9e et une vitesse rapide, la machine peut produire jusqu'\u00e0 45 pi\u00e8ces par minute.<\/li>    <li>Le plus pratique est de remplacer le moule (le style du cintre), ce qui est pratique et simple. Entrez la longueur de fil requise \u00e0 l'\u00e9cran et d\u00e9placez la position de la lame.<\/li>    <li>La machine peut \u00eatre adapt\u00e9e pour produire : acier inoxydable 201, fer inoxydable 410, fil \u00e9lectroplaqu\u00e9, fil de fer ordinaire, fil rev\u00eatu de caoutchouc et fil d'aluminium.<\/li>    <li>Cette machine \u00e0 fabriquer des cintres adopte un contr\u00f4le num\u00e9rique automatique, une alimentation pr\u00e9cise du fil, un fonctionnement stable et peu de bruit,<\/li>    <li>Une machine peut produire une vari\u00e9t\u00e9 de cintres <a href=\"https:\/\/hangermachinery.com\/fr\/Info\/what-is-hanger-manufacturing-process\/\">. Un ouvrier peut g\u00e9rer 4 \u00e0 8 machines, ce qui peut vous faire \u00e9conomiser pleinement de la main-d'\u0153uvre. et le diam\u00e8tre du fil applicable est de 1,7 \u00e0 3,5.<\/a>Rev\u00eatement plastique pour cintre<br><\/li> <\/ol>    <h2 class=\"wp-block-heading\" id=\"h-what-are-the-benefits-of-hanger-coating-plastic\">Param\u00e8tres de la machine \u00e0 fabriquer des cintres<\/h2>    <figure class=\"wp-block-image size-full\"><img loading=\"lazy\" decoding=\"async\" width=\"720\" height=\"540\" src=\"https:\/\/hangermachinery.com\/wp-content\/uploads\/2022\/07\/\u4ea7\u54c1.webp\" alt=\"rev\u00eatement de cintre en plastique\" class=\"wp-image-332\" title=\"\" srcset=\"https:\/\/hangermachinery.com\/wp-content\/uploads\/2022\/07\/\u4ea7\u54c1.webp 720w, https:\/\/hangermachinery.com\/wp-content\/uploads\/2022\/07\/\u4ea7\u54c1-300x225.webp 300w\" sizes=\"auto, (max-width: 720px) 100vw, 720px\" \/><figcaption class=\"wp-element-caption\">Le processus de trempage pr\u00e9sente les caract\u00e9ristiques de non-toxicit\u00e9, r\u00e9sistance \u00e0 l'usure, r\u00e9sistance \u00e0 la lumi\u00e8re, couleur vive et bonne sensation au toucher. Maintenant, on peut aussi voir beaucoup de produits tremp\u00e9s et rev\u00eatus de plastique dans la vie quotidienne, comme les halt\u00e8res tremp\u00e9s dans le plastique, en particulier les halt\u00e8res qui ont \u00e9t\u00e9 impr\u00e9gn\u00e9s de surfaces en chanvre. Il y a aussi des garde-corps. Les garde-corps pr\u00e9c\u00e9dents \u00e9taient faciles \u00e0 \u00e9cailler la peinture, mais les garde-corps apr\u00e8s trempage peuvent \u00eatre utilis\u00e9s pendant plusieurs ann\u00e9es sans d\u00e9coloration, et les couleurs sont toujours aussi vives que neuves. Apr\u00e8s des ann\u00e9es d'exp\u00e9rience, le cintre rev\u00eatu de caoutchouc est devenu un processus tr\u00e8s mature et tr\u00e8s s\u00fbr et fiable. La soci\u00e9t\u00e9 Shuliy dispose d'une ligne de production compl\u00e8te de caoutchouc, enti\u00e8rement automatis\u00e9e.<\/figcaption><\/figure>    <p>Param\u00e8tres de la machine \u00e0 fabriquer des cintres<\/p>    <h2 class=\"wp-block-heading\" id=\"h-parameters-of-hanger-product-machine\">Machine \u00e0 fil-cloth-cintre<\/h2>    <figure class=\"wp-block-image size-full\"><img loading=\"lazy\" decoding=\"async\" width=\"720\" height=\"540\" src=\"https:\/\/hangermachinery.com\/wp-content\/uploads\/2022\/07\/wire-cloth-hanger-machine.webp\" alt=\"machine \u00e0 fabriquer des cintres\" class=\"wp-image-333\" title=\"\" srcset=\"https:\/\/hangermachinery.com\/wp-content\/uploads\/2022\/07\/wire-cloth-hanger-machine.webp 720w, https:\/\/hangermachinery.com\/wp-content\/uploads\/2022\/07\/wire-cloth-hanger-machine-300x225.webp 300w\" sizes=\"auto, (max-width: 720px) 100vw, 720px\" \/><figcaption class=\"wp-element-caption\">Diam\u00e8tre du fil<\/figcaption><\/figure>    <figure class=\"wp-block-table\"><table><tbody><tr><td>Mod\u00e8le &nbsp;<\/td><td>SL-40 &nbsp;<\/td><\/tr><tr><td>Capacit\u00e9 &nbsp;<\/td><td>30-40pcs\/minute &nbsp;<\/td><\/tr><tr><td>Machine \u00e0 fabriquer des cintres &nbsp;<\/td><td>Personnaliser &nbsp;<\/td><\/tr><tr><td>Tension &nbsp;<\/td><td>220V\/380V &nbsp;<\/td><\/tr><tr><td>Taille du cintre &nbsp;<\/td><td>Personnaliser &nbsp;<\/td><\/tr><tr><td>Poids net &nbsp;<\/td><td>700KG &nbsp;<\/td><\/tr><tr><td>Dimensions de la machine &nbsp;<\/td><td>1800*800*1650mm &nbsp;<\/td><\/tr><\/tbody><\/table><figcaption class=\"wp-element-caption\">Taille du cintre<\/figcaption><\/figure>    <h2 class=\"wp-block-heading\" id=\"h-hanger-product-machine-producing-the-size-of-the-hanger\">Utilisation de la machine \u00e0 fabriquer des cintres<\/h2>    <figure class=\"wp-block-image size-full\"><img loading=\"lazy\" decoding=\"async\" width=\"720\" height=\"540\" src=\"https:\/\/hangermachinery.com\/wp-content\/uploads\/2022\/07\/size-of-the-hanger.webp\" alt=\"taille du cintre\" class=\"wp-image-334\" title=\"\" srcset=\"https:\/\/hangermachinery.com\/wp-content\/uploads\/2022\/07\/size-of-the-hanger.webp 720w, https:\/\/hangermachinery.com\/wp-content\/uploads\/2022\/07\/size-of-the-hanger-300x225.webp 300w\" sizes=\"auto, (max-width: 720px) 100vw, 720px\" \/><figcaption class=\"wp-element-caption\">La taille du cintre peut \u00eatre de 16 \u00e0 19 pouces. Le diam\u00e8tre du fil des mati\u00e8res premi\u00e8res utilis\u00e9es est g\u00e9n\u00e9ralement de 1,6 \u00e0 3,8 mm. En g\u00e9n\u00e9ral, plus le diam\u00e8tre du fil utilis\u00e9 est grand, meilleur est le support du cintre et plus durable est le cintre. De plus, le moule de la machine \u00e0 fabriquer des cintres peut \u00eatre personnalis\u00e9, il vous suffit de nous envoyer la photo et la taille du cintre, et nous organiserons le designer et le personnel de l'usine pour fabriquer le moule sp\u00e9cifique.<\/figcaption><\/figure>    <p>La taille du cintre peut \u00eatre comprise entre 16 et 19 pouces. Le diam\u00e8tre du fil des mati\u00e8res premi\u00e8res utilis\u00e9es est g\u00e9n\u00e9ralement de 1,6 \u00e0 3,8 mm. G\u00e9n\u00e9ralement, plus le diam\u00e8tre du fil utilis\u00e9 est grand, meilleur est le maintien du cintre et plus le cintre est durable. De plus, le moule de la machine de fabrication de cintres peut \u00eatre personnalis\u00e9, envoyez-nous simplement la photo et la taille du cintre, et nous ferons en sorte que le concepteur et le personnel de l'usine fabriquent le moule sp\u00e9cifique.<\/p>    <h2 class=\"wp-block-heading\" id=\"h-use-of-coat-hanger-making-machine\">Utilisation du fabricant de cintres<\/h2>    <figure class=\"wp-block-embed is-type-video is-provider-youtube wp-block-embed-youtube wp-embed-aspect-16-9 wp-has-aspect-ratio\"><div class=\"wp-block-embed__wrapper\"> <iframe loading=\"lazy\" title=\"La machine \u00e0 fabriquer des cintres se vend bien en Arabie saoudite | comment fabriquer des cintres en acier ? | cintres\" width=\"500\" height=\"281\" src=\"https:\/\/www.youtube.com\/embed\/WjJTmsKK8mA?feature=oembed\" frameborder=\"0\" allow=\"accelerometer; autoplay; clipboard-write; encrypted-media; gyroscope; picture-in-picture; web-share\" referrerpolicy=\"strict-origin-when-cross-origin\" allowfullscreen><\/iframe> <\/div><figcaption class=\"wp-element-caption\">Vid\u00e9o de fonctionnement de la machine \u00e0 fabriquer des cintres<\/figcaption><\/figure>    <p>Lorsque la machine \u00e0 former les cintres rev\u00eatus de caoutchouc est en cours d'utilisation et que le commutateur automatique du fil est activ\u00e9, la machine \u00e0 former les cintres automatique basculera la machine principale sur le commutateur manuel, puis appuyez sur le commutateur pour introduire le fil dans le couteau du tailleur, lorsqu'il entre dans le moule. Observer si le fil est redress\u00e9. Dans la machine \u00e0 former les cintres en m\u00e9tal, le fil doit \u00eatre redress\u00e9. Observer la longueur du fil, tourner la poign\u00e9e de traction de la roue de pression, la machine \u00e0 former les cintres, le serrage est la longueur du fil, le prix de la machine \u00e0 fabriquer des cintres et le desserrage est le fil court.<\/p>    <h2 class=\"wp-block-heading\" id=\"h-maintenance-of-coating-hanger-machine\">Entretien de la machine \u00e0 fabriquer des cintres<\/h2>    <figure class=\"wp-block-image size-full\"><img loading=\"lazy\" decoding=\"async\" width=\"720\" height=\"540\" src=\"https:\/\/hangermachinery.com\/wp-content\/uploads\/2022\/07\/hanger-product-machine.webp\" alt=\"machine \u00e0 fabriquer des cintres\" class=\"wp-image-335\" title=\"\" srcset=\"https:\/\/hangermachinery.com\/wp-content\/uploads\/2022\/07\/hanger-product-machine.webp 720w, https:\/\/hangermachinery.com\/wp-content\/uploads\/2022\/07\/hanger-product-machine-300x225.webp 300w\" sizes=\"auto, (max-width: 720px) 100vw, 720px\" \/><figcaption class=\"wp-element-caption\">Machine \u00e0 fabriquer des cintres<\/figcaption><\/figure>    <p class=\"translation-block\">L'entretien de la <a href=\"https:\/\/hangermachinery.com\/fr\/product\/pvc-coated-wire-hanger-production-line\/\">machine de formation de cintres rev\u00eatus<\/a> est tr\u00e8s important. Lorsque la machine \u00e0 fabriquer des cintres n'est plus en fonctionnement, il faut couper l'alimentation, et la machine \u00e0 fabriquer des cintres ne doit pas \u00eatre utilis\u00e9e dans des conditions interdisant une alimentation prolong\u00e9e. Lorsque l'interrupteur est activ\u00e9, l'h\u00f4te est r\u00e9gl\u00e9 sur manuel, puis l'interrupteur est jogg\u00e9 pour introduire le fil dans le couteau du tailleur lorsqu'il entre dans le moule. Observer si le fil est redress\u00e9, le fil doit \u00eatre redress\u00e9.<\/p>    <h2 class=\"wp-block-heading\">Qu'est-ce que le plastique<\/h2>    <figure class=\"wp-block-embed is-type-video is-provider-youtube wp-block-embed-youtube wp-embed-aspect-16-9 wp-has-aspect-ratio\"><div class=\"wp-block-embed__wrapper\"> <iframe loading=\"lazy\" title=\"Machine de production de cintres pour v\u00eatements rouges | machine \u00e0 fabriquer des cintres automatique\" width=\"500\" height=\"281\" src=\"https:\/\/www.youtube.com\/embed\/N-iDUziwNoQ?feature=oembed\" frameborder=\"0\" allow=\"accelerometer; autoplay; clipboard-write; encrypted-media; gyroscope; picture-in-picture; web-share\" referrerpolicy=\"strict-origin-when-cross-origin\" allowfullscreen><\/iframe> <\/div><figcaption class=\"wp-element-caption\">machine de production de cintres<\/figcaption><\/figure>","protected":false},"excerpt":{"rendered":"<p>La machine \u00e0 fabriquer des cintres est une machine qui utilise du fil de plastique pour fabriquer une machine \u00e0 cintres. <\/p>","protected":false},"author":1,"featured_media":328,"parent":0,"template":"","tags":[24,29],"product-type":[11,16],"class_list":["post-109","product","type-product","status-publish","has-post-thumbnail","hentry","tag-coat-hanger-making-machine","tag-hanger","product-type-product","product-type-coat-hanger-making-machine"],"_links":{"self":[{"href":"https:\/\/hangermachinery.com\/fr\/wp-json\/wp\/v2\/product\/109","targetHints":{"allow":["GET"]}}],"collection":[{"href":"https:\/\/hangermachinery.com\/fr\/wp-json\/wp\/v2\/product"}],"about":[{"href":"https:\/\/hangermachinery.com\/fr\/wp-json\/wp\/v2\/types\/product"}],"author":[{"embeddable":true,"href":"https:\/\/hangermachinery.com\/fr\/wp-json\/wp\/v2\/users\/1"}],"wp:featuredmedia":[{"embeddable":true,"href":"https:\/\/hangermachinery.com\/fr\/wp-json\/wp\/v2\/media\/328"}],"wp:attachment":[{"href":"https:\/\/hangermachinery.com\/fr\/wp-json\/wp\/v2\/media?parent=109"}],"wp:term":[{"taxonomy":"post_tag","embeddable":true,"href":"https:\/\/hangermachinery.com\/fr\/wp-json\/wp\/v2\/tags?post=109"},{"taxonomy":"product-type","embeddable":true,"href":"https:\/\/hangermachinery.com\/fr\/wp-json\/wp\/v2\/product-type?post=109"}],"curies":[{"name":"wp","href":"https:\/\/api.w.org\/{rel}","templated":true}]}}