{"id":120,"date":"2022-07-17T16:53:58","date_gmt":"2022-07-17T16:53:58","guid":{"rendered":"https:\/\/hangermachinery.com\/?post_type=product&#038;p=120"},"modified":"2022-09-28T17:58:25","modified_gmt":"2022-09-28T09:58:25","slug":"welding-wire-hanger-making-machine","status":"publish","type":"product","link":"https:\/\/hangermachinery.com\/fr\/product\/welding-wire-hanger-making-machine\/","title":{"rendered":"Machine \u00e0 fabriquer des cintres en fil soud\u00e9 | machine \u00e0 cintres en m\u00e9tal"},"content":{"rendered":"<p class=\"translation-block\">La machine \u00e0 fabriquer des cintres en fil de soudure est l'\u00e9quipement permettant de fabriquer des cintres. Une machine \u00e0 cintres \u00e0 souder est une <a href=\"https:\/\/hangermachinery.com\/fr\/products\/plastic-coated-hanger-production-line\/\">machine \u00e0 cintres automatique<\/a> intelligente int\u00e9grant la <a href=\"https:\/\/hangermachinery.com\/fr\/product\/galvanized-wire-hanger-machine\/\">formation de cintres<\/a> et le soudage. Une machine \u00e0 cintres de 13 \u00e0 20 pouces peut \u00eatre fabriqu\u00e9e, et la forme et la taille de la machine \u00e0 fabriquer des cintres en fil de soudure peuvent \u00eatre personnalis\u00e9es. La machine \u00e0 fabriquer des cintres en fil de soudure a \u00e9t\u00e9 vendue en Arabie Saoudite, au Pakistan, au Mexique, en Australie et dans d'autres endroits et est tr\u00e8s populaire.<\/p>    <figure class=\"wp-block-image size-full\"><img loading=\"lazy\" decoding=\"async\" width=\"680\" height=\"680\" src=\"https:\/\/hangermachinery.com\/wp-content\/uploads\/2022\/07\/Welding-wire-hanger-making.webp\" alt=\"Fabrication de cintres en fil de soudure\" class=\"wp-image-338\" title=\"\" srcset=\"https:\/\/hangermachinery.com\/wp-content\/uploads\/2022\/07\/Welding-wire-hanger-making.webp 680w, https:\/\/hangermachinery.com\/wp-content\/uploads\/2022\/07\/Welding-wire-hanger-making-300x300.webp 300w, https:\/\/hangermachinery.com\/wp-content\/uploads\/2022\/07\/Welding-wire-hanger-making-150x150.webp 150w\" sizes=\"auto, (max-width: 680px) 100vw, 680px\" \/><figcaption>Soudage de fils et fabrication de cintres<\/figcaption><\/figure>    <h2 class=\"wp-block-heading\" id=\"h-what-are-the-functions-of-hangers\">Quelles sont les fonctions des cintres ?<\/h2>    <div class=\"wp-block-columns is-layout-flex wp-container-core-columns-is-layout-9d6595d7 wp-block-columns-is-layout-flex\"> <div class=\"wp-block-column is-layout-flow wp-block-column-is-layout-flow\" style=\"flex-basis:100%\"><div class=\"wp-block-image\"> <figure class=\"aligncenter size-full\"><img loading=\"lazy\" decoding=\"async\" width=\"720\" height=\"540\" src=\"https:\/\/hangermachinery.com\/wp-content\/uploads\/2022\/07\/galvanized-hangers-1.webp\" alt=\"cintres galvanis\u00e9s\" class=\"wp-image-487\" title=\"\" srcset=\"https:\/\/hangermachinery.com\/wp-content\/uploads\/2022\/07\/galvanized-hangers-1.webp 720w, https:\/\/hangermachinery.com\/wp-content\/uploads\/2022\/07\/galvanized-hangers-1-300x225.webp 300w\" sizes=\"auto, (max-width: 720px) 100vw, 720px\" \/><figcaption>cintres galvanis\u00e9s<\/figcaption><\/figure> <\/div><\/div> <\/div>    <p>Le cintre peut \u00eatre utilis\u00e9 pour s\u00e9cher les v\u00eatements sur le balcon afin de prot\u00e9ger les v\u00eatements du froissement pendant le processus de s\u00e9chage ; le cintre peut \u00e9galement \u00eatre utilis\u00e9 dans l'armoire pour \u00e9conomiser de l'espace dans l'armoire et faciliter la recherche de v\u00eatements, de sorte que le cintre sera dans chaque famille, et tr\u00e8s important. Dans les pressings, les v\u00eatements des clients sont g\u00e9n\u00e9ralement suspendus directement sur des cintres pour \u00eatre s\u00e9ch\u00e9s, ce qui peut emp\u00eacher les v\u00eatements de frotter les uns contre les autres. Dans l'industrie du v\u00eatement, les cintres sont utilis\u00e9s pour exposer les v\u00eatements. Ils peuvent donc \u00eatre utilis\u00e9s dans les maisons et les entreprises.<\/p>   <div class=\"wp-block-image\"> <figure class=\"aligncenter size-full\"><img loading=\"lazy\" decoding=\"async\" width=\"720\" height=\"540\" src=\"https:\/\/hangermachinery.com\/wp-content\/uploads\/2022\/07\/Raw-material-for-welding-hanger-machine.webp\" alt=\"Mat\u00e9riau brut pour la machine \u00e0 cintres de soudage\" class=\"wp-image-341\" title=\"\" srcset=\"https:\/\/hangermachinery.com\/wp-content\/uploads\/2022\/07\/Raw-material-for-welding-hanger-machine.webp 720w, https:\/\/hangermachinery.com\/wp-content\/uploads\/2022\/07\/Raw-material-for-welding-hanger-machine-300x225.webp 300w\" sizes=\"auto, (max-width: 720px) 100vw, 720px\" \/><figcaption>Mat\u00e9riau brut pour la machine \u00e0 cintres de soudage<\/figcaption><\/figure> <\/div>   <h2 class=\"wp-block-heading\" id=\"h-raw-material-for-welding-wire-hanger-making-machine\">Mat\u00e9riau brut pour la machine \u00e0 fabriquer des cintres en fil de soudage<\/h2>   <div class=\"wp-block-image\"> <figure class=\"aligncenter size-full\"><img loading=\"lazy\" decoding=\"async\" width=\"720\" height=\"540\" src=\"https:\/\/hangermachinery.com\/wp-content\/uploads\/2022\/07\/Raw-material-for-welding-wire-hanger.webp\" alt=\"Mati\u00e8re premi\u00e8re pour le cintre en fil de soudure\" class=\"wp-image-488\" title=\"\" srcset=\"https:\/\/hangermachinery.com\/wp-content\/uploads\/2022\/07\/Raw-material-for-welding-wire-hanger.webp 720w, https:\/\/hangermachinery.com\/wp-content\/uploads\/2022\/07\/Raw-material-for-welding-wire-hanger-300x225.webp 300w\" sizes=\"auto, (max-width: 720px) 100vw, 720px\" \/><figcaption>Mat\u00e9riau brut pour le cintre en fil de soudage<\/figcaption><\/figure> <\/div>   <p class=\"translation-block\">Les mati\u00e8res premi\u00e8res qui peuvent \u00eatre utilis\u00e9es par la machine \u00e0 cintres \u00e0 souder comprennent le <a href=\"https:\/\/www.amazon.com\/galvanized-steel-wire\/s?k=galvanized+steel+wire\" data-type=\"URL\" data-id=\"https:\/\/www.amazon.com\/galvanized-steel-wire\/s?k=galvanized+steel+wire\" target=\"_blank\" rel=\"noopener\">fil galvanis\u00e9<\/a>, le fil de fer, l'aluminium et le fil de carbone noir, etc., et le fil d'acier inoxydable peut \u00e9galement \u00eatre utilis\u00e9. L'interface de la machine \u00e0 souder est tr\u00e8s lisse, et il n'y a pas de fil suppl\u00e9mentaire, ce qui permet d'\u00e9conomiser les mati\u00e8res premi\u00e8res. Apr\u00e8s la pulv\u00e9risation, l'interface de la machine \u00e0 souder peut \u00eatre compl\u00e8tement recouverte. Ce type de cintre est plus beau, c'est donc le premier choix de nombreux consommateurs. Les ventes de cette machine dans notre usine sont donc tr\u00e8s \u00e9lev\u00e9es.<\/p>    <h2 class=\"wp-block-heading\">Comment utiliser une machine \u00e0 fabriquer des cintres en fil de soudage ?<\/h2>    <figure class=\"wp-block-embed is-type-video is-provider-youtube wp-block-embed-youtube wp-embed-aspect-16-9 wp-has-aspect-ratio\"><div class=\"wp-block-embed__wrapper\"> <iframe loading=\"lazy\" title=\"Savez-vous comment fabriquer des cintres en tissu | Machine \u00e0 fabriquer des cintres en fil de soudage | Machine \u00e0 cintres en m\u00e9tal\" width=\"500\" height=\"281\" src=\"https:\/\/www.youtube.com\/embed\/A5D1dnZ3Gu4?feature=oembed\" frameborder=\"0\" allow=\"accelerometer; autoplay; clipboard-write; encrypted-media; gyroscope; picture-in-picture; web-share\" referrerpolicy=\"strict-origin-when-cross-origin\" allowfullscreen><\/iframe> <\/div><\/figure>    <p>machine \u00e0 fabriquer des cintres en fil de soudage<\/p>    <h2 class=\"wp-block-heading\" id=\"h-the-principle-of-welding-wire-hanger-making-machine\">Le principe de la machine \u00e0 fabriquer des cintres en fil de soudage<\/h2>   <div class=\"wp-block-image\"> <figure class=\"aligncenter size-full\"><img loading=\"lazy\" decoding=\"async\" width=\"720\" height=\"540\" src=\"https:\/\/hangermachinery.com\/wp-content\/uploads\/2022\/07\/hanger-machine.webp\" alt=\"machine \u00e0 cintres\" class=\"wp-image-342\" title=\"\" srcset=\"https:\/\/hangermachinery.com\/wp-content\/uploads\/2022\/07\/hanger-machine.webp 720w, https:\/\/hangermachinery.com\/wp-content\/uploads\/2022\/07\/hanger-machine-300x225.webp 300w\" sizes=\"auto, (max-width: 720px) 100vw, 720px\" \/><figcaption>machine \u00e0 cintres<\/figcaption><\/figure> <\/div>   <p><br>La machine \u00e0 fabriquer des cintres en fil de soudage utilise la technologie de soudage \u00e9lectrique pour connecter l'interface de la machine \u00e0 fabriquer des cintres en fil de soudage. Les cintres reli\u00e9s par soudage par points sont plus solides que les autres cintres et peuvent \u00eatre pulv\u00e9ris\u00e9s \u00e0 l'ext\u00e9rieur de la machine \u00e0 un stade ult\u00e9rieur.<\/p>    <h2 class=\"wp-block-heading\" id=\"h-metal-hanger-product-machine-features\">Caract\u00e9ristiques de la machine \u00e0 fabriquer des produits en m\u00e9tal<\/h2>    <p>Caract\u00e9ristiques de soudage de la machine \u00e0 souder les cintres en plastique : La machine \u00e0 souder les cintres en plastique est une colonne carr\u00e9e, un palier de guidage lin\u00e9aire, un dispositif de r\u00e9glage fin pr\u00e9cis et des performances m\u00e9caniques solides ; La machine \u00e0 fabriquer des cintres en fil de soudage utilise le transducteur c\u00e9ramique pi\u00e9zo\u00e9lectrique d'origine allemande, et la sortie est forte et stable ; Corps de levage \u00e9lectrique, facile \u00e0 utiliser et de haute r\u00e9sistance. <\/p>    <p>La machine \u00e0 souder les cintres en plastique adopte la structure r\u00e9glable horizontale de la t\u00eate de soudage, ce qui permet un r\u00e9glage facile du moule, une utilisation stable et une haute efficacit\u00e9 de soudage ; La machine \u00e0 souder les cintres en plastique adopte exclusivement la structure de limite centrale de la t\u00eate de soudage pour garantir que la limite de la t\u00eate de soudage n'est pas d\u00e9cal\u00e9e ; la machine \u00e0 souder les cintres en plastique est coul\u00e9e par gravit\u00e9 et form\u00e9e, et elle adopte une grande base et une colonne carr\u00e9e avec une grande pr\u00e9cision de soudage et une belle apparence.<\/p>   <div class=\"wp-block-image\"> <figure class=\"aligncenter size-full\"><img loading=\"lazy\" decoding=\"async\" width=\"720\" height=\"540\" src=\"https:\/\/hangermachinery.com\/wp-content\/uploads\/2022\/07\/welding-hanger-machine-1.webp\" alt=\" machine \u00e0 cintrer \u00e0 souder\" class=\"wp-image-343\" title=\"\" srcset=\"https:\/\/hangermachinery.com\/wp-content\/uploads\/2022\/07\/welding-hanger-machine-1.webp 720w, https:\/\/hangermachinery.com\/wp-content\/uploads\/2022\/07\/welding-hanger-machine-1-300x225.webp 300w\" sizes=\"auto, (max-width: 720px) 100vw, 720px\" \/><figcaption> machine \u00e0 cintrer \u00e0 souder  <\/figcaption><\/figure> <\/div>   <h2 class=\"wp-block-heading\" id=\"h-welding-wire-hanger-making-machine-parameters\">Param\u00e8tres de la machine \u00e0 fabriquer des cintres en fil de soudage<\/h2>    <figure class=\"wp-block-gallery has-nested-images columns-default is-cropped wp-block-gallery-2 is-layout-flex wp-block-gallery-is-layout-flex\"> <figure class=\"wp-block-image size-large\"><img loading=\"lazy\" decoding=\"async\" width=\"600\" height=\"400\" data-id=\"344\" src=\"https:\/\/hangermachinery.com\/wp-content\/uploads\/2022\/07\/welding-hanger-making.webp\" alt=\"fabrication de cintres \u00e0 souder\" class=\"wp-image-344\" title=\"\" srcset=\"https:\/\/hangermachinery.com\/wp-content\/uploads\/2022\/07\/welding-hanger-making.webp 600w, https:\/\/hangermachinery.com\/wp-content\/uploads\/2022\/07\/welding-hanger-making-300x200.webp 300w\" sizes=\"auto, (max-width: 600px) 100vw, 600px\" \/><figcaption>Fabrication de cintres de soudage<\/figcaption><\/figure>    <figure class=\"wp-block-image size-large\"><img loading=\"lazy\" decoding=\"async\" width=\"403\" height=\"314\" data-id=\"345\" src=\"https:\/\/hangermachinery.com\/wp-content\/uploads\/2022\/07\/welding-hanger-making-2.webp\" alt=\"fabrication de cintres \u00e0 souder \" class=\"wp-image-345\" title=\"\" srcset=\"https:\/\/hangermachinery.com\/wp-content\/uploads\/2022\/07\/welding-hanger-making-2.webp 403w, https:\/\/hangermachinery.com\/wp-content\/uploads\/2022\/07\/welding-hanger-making-2-300x234.webp 300w\" sizes=\"auto, (max-width: 403px) 100vw, 403px\" \/><figcaption>Fabrication de cintres de soudage <\/figcaption><\/figure> <\/figure>    <figure class=\"wp-block-table\"><table><tbody><tr><td>Capacit\u00e9<\/td><td>50pcs\/min<\/td><\/tr><tr><td>Fil galvanis\u00e9<\/td><td>1.6mm ~ 4.6mm<\/td><\/tr><tr><td>Puissance du moteur<\/td><td>2.2kw<\/td><\/tr><tr><td>Taille du cintre<\/td><td>14\u2033\u00a0-19\u2033&nbsp;<\/td><\/tr><tr><td>Poids net<\/td><td>850KG<\/td><\/tr><tr><td>&nbsp;Dimension<\/td><td>Machine \u00e0 cintres : 1.4*1*1.6m ; Cadre de fil d'alimentation : 1.2*1.2*1m &nbsp;<\/td><\/tr><\/tbody><\/table><figcaption>machine \u00e0 fabriquer des produits en m\u00e9tal<\/figcaption><\/figure>    <h2 class=\"wp-block-heading\" id=\"h-metal-hanger-product-machine-case\">Exemple de machine \u00e0 fabriquer des produits en m\u00e9tal<\/h2>    <figure class=\"wp-block-gallery has-nested-images columns-default is-cropped wp-block-gallery-3 is-layout-flex wp-block-gallery-is-layout-flex\"> <figure class=\"wp-block-image size-large\"><img loading=\"lazy\" decoding=\"async\" width=\"720\" height=\"540\" data-id=\"346\" src=\"https:\/\/hangermachinery.com\/wp-content\/uploads\/2022\/07\/hanger-machine-details.webp\" alt=\"D\u00e9tails de la machine \u00e0 cintres\" class=\"wp-image-346\" title=\"\" srcset=\"https:\/\/hangermachinery.com\/wp-content\/uploads\/2022\/07\/hanger-machine-details.webp 720w, https:\/\/hangermachinery.com\/wp-content\/uploads\/2022\/07\/hanger-machine-details-300x225.webp 300w\" sizes=\"auto, (max-width: 720px) 100vw, 720px\" \/><figcaption>D\u00e9tails de la machine \u00e0 cintres<\/figcaption><\/figure>    <figure class=\"wp-block-image size-large\"><img loading=\"lazy\" decoding=\"async\" width=\"720\" height=\"540\" data-id=\"347\" src=\"https:\/\/hangermachinery.com\/wp-content\/uploads\/2022\/07\/hanger-1.webp\" alt=\"cintre\" class=\"wp-image-347\" title=\"\" srcset=\"https:\/\/hangermachinery.com\/wp-content\/uploads\/2022\/07\/hanger-1.webp 720w, https:\/\/hangermachinery.com\/wp-content\/uploads\/2022\/07\/hanger-1-300x225.webp 300w\" sizes=\"auto, (max-width: 720px) 100vw, 720px\" \/><figcaption>Cintre<\/figcaption><\/figure> <\/figure>    <p class=\"translation-block\"><br>Nous avons r\u00e9cemment export\u00e9 au Mexique, le client voulait acheter notre <a href=\"https:\/\/hangermachinery.com\/fr\/product\/coat-hanger-making-machine\/\">machine \u00e0 cintres<\/a>, mais craignait que ses mati\u00e8res premi\u00e8res ne soient pas adapt\u00e9es, nous avons \u00e9tabli un contact et demand\u00e9 au client de la machine \u00e0 fabriquer des cintres en fil de soudure au Mexique de nous envoyer un \u00e9chantillon de ses mati\u00e8res premi\u00e8res, puis nous avons test\u00e9 la machine en usine, et film\u00e9 une vid\u00e9o pour le client, et avons constat\u00e9 que l'effet \u00e9tait bon, alors ils ont sign\u00e9 un contrat d'achat, et le client mexicain a achet\u00e9 deux machines \u00e0 cintres. Nous personnalisons la machine pour le client en fonction de la forme du cintre souhait\u00e9e par le client, afin que le client puisse avoir de bonnes ventes lors de la vente du cintre.<\/p>","protected":false},"excerpt":{"rendered":"<p>La machine \u00e0 fabriquer des cintres en fil soud\u00e9 est l'\u00e9quipement pour fabriquer des cintres. <\/p>","protected":false},"author":1,"featured_media":337,"parent":0,"template":"","tags":[29,25],"product-type":[11,17],"class_list":["post-120","product","type-product","status-publish","has-post-thumbnail","hentry","tag-hanger","tag-welding-wire-hanger-making-machine","product-type-product","product-type-welding-wire-hanger-making-machine"],"_links":{"self":[{"href":"https:\/\/hangermachinery.com\/fr\/wp-json\/wp\/v2\/product\/120","targetHints":{"allow":["GET"]}}],"collection":[{"href":"https:\/\/hangermachinery.com\/fr\/wp-json\/wp\/v2\/product"}],"about":[{"href":"https:\/\/hangermachinery.com\/fr\/wp-json\/wp\/v2\/types\/product"}],"author":[{"embeddable":true,"href":"https:\/\/hangermachinery.com\/fr\/wp-json\/wp\/v2\/users\/1"}],"wp:featuredmedia":[{"embeddable":true,"href":"https:\/\/hangermachinery.com\/fr\/wp-json\/wp\/v2\/media\/337"}],"wp:attachment":[{"href":"https:\/\/hangermachinery.com\/fr\/wp-json\/wp\/v2\/media?parent=120"}],"wp:term":[{"taxonomy":"post_tag","embeddable":true,"href":"https:\/\/hangermachinery.com\/fr\/wp-json\/wp\/v2\/tags?post=120"},{"taxonomy":"product-type","embeddable":true,"href":"https:\/\/hangermachinery.com\/fr\/wp-json\/wp\/v2\/product-type?post=120"}],"curies":[{"name":"wp","href":"https:\/\/api.w.org\/{rel}","templated":true}]}}