{"id":132,"date":"2022-07-17T17:07:55","date_gmt":"2022-07-17T17:07:55","guid":{"rendered":"https:\/\/hangermachinery.com\/?post_type=product&#038;p=132"},"modified":"2022-12-02T16:31:35","modified_gmt":"2022-12-02T08:31:35","slug":"butterfly-type-hanger-product-machine","status":"publish","type":"product","link":"https:\/\/hangermachinery.com\/fr\/product\/butterfly-type-hanger-product-machine\/","title":{"rendered":"Machine \u00e0 fabriquer des cintres de type papillon | machine \u00e0 cintres"},"content":{"rendered":"<p class=\"translation-block\">La machine \u00e0 produit cintre de type papillon est une machine utilis\u00e9e pour produire des cintres. La <a href=\"https:\/\/hangermachinery.com\/fr\/products\/plastic-coated-hanger-production-line\/\">machine \u00e0 produit cintre en fil <\/a>utilise des mati\u00e8res premi\u00e8res telles que le fil de fer et le fil <a href=\"https:\/\/en.wikipedia.org\/wiki\/Galvanization\" data-type=\"URL\" data-id=\"https:\/\/en.wikipedia.org\/wiki\/Galvanization\" target=\"_blank\" rel=\"noopener\">galvanis\u00e9<\/a> pour \u00eatre transform\u00e9es en cintres, et la forme du cintre peut \u00eatre personnalis\u00e9e. C'est la machine \u00e0 cintres de forme papillon. Le cintre papillon est beau en apparence et a un effet antid\u00e9rapant sur le cintre.<\/p>    <figure class=\"wp-block-image size-full\"><img loading=\"lazy\" decoding=\"async\" width=\"720\" height=\"540\" src=\"https:\/\/hangermachinery.com\/wp-content\/uploads\/2022\/07\/Butterfly-type-hanger-.webp\" alt=\"Cintre de type papillon\" class=\"wp-image-350\" title=\"\" srcset=\"https:\/\/hangermachinery.com\/wp-content\/uploads\/2022\/07\/Butterfly-type-hanger-.webp 720w, https:\/\/hangermachinery.com\/wp-content\/uploads\/2022\/07\/Butterfly-type-hanger--300x225.webp 300w\" sizes=\"auto, (max-width: 720px) 100vw, 720px\" \/><figcaption class=\"wp-element-caption\">Cintre de type papillon<\/figcaption><\/figure>    <h2 class=\"wp-block-heading\" id=\"h-why-is-it-called-a-butterfly-hanger-machine\">Pourquoi l'appelle-t-on machine \u00e0 cintres de type papillon?<\/h2>    <figure class=\"wp-block-embed is-type-video is-provider-youtube wp-block-embed-youtube wp-embed-aspect-16-9 wp-has-aspect-ratio\"><div class=\"wp-block-embed__wrapper\"> <iframe loading=\"lazy\" title=\"Une usine de fabrication de cintres en fil fonctionne en Arabie saoudite | Machine \u00e0 fabriquer des crochets de cintres\" width=\"500\" height=\"281\" src=\"https:\/\/www.youtube.com\/embed\/MfuP8dbRTU4?feature=oembed\" frameborder=\"0\" allow=\"accelerometer; autoplay; clipboard-write; encrypted-media; gyroscope; picture-in-picture; web-share\" referrerpolicy=\"strict-origin-when-cross-origin\" allowfullscreen><\/iframe> <\/div><\/figure>    <p><br>Pourquoi l'appelle-t-on machine \u00e0 cintres papillon? Parce que la forme du cintre est unique, la forme du cintre est quelque peu similaire aux ailes d'un papillon, c'est pourquoi on l'appelle machine \u00e0 cintres papillon. La forme de la machine \u00e0 cintres de type papillon est tr\u00e8s belle, et en raison de sa forme unique, la machine \u00e0 cintres a \u00e9galement un effet antid\u00e9rapant. Ainsi, la machine \u00e0 cintres papillon est une forme que beaucoup de gens aiment.<\/p>    <h2 class=\"wp-block-heading\">Param\u00e8tre de la machine \u00e0 cintres de type papillon<\/h2>    <figure class=\"wp-block-table\"><table><tbody><tr><td>Mod\u00e8le<\/td><td>SL-600<\/td><\/tr><tr><td>Capacit\u00e9<\/td><td>50 pi\u00e8ces\/h<\/td><\/tr><tr><td>Fil de fer galvanis\u00e9<\/td><td>1,8mm~2,2mm<\/td><\/tr><tr><td>Fil enduit de P.V.C<\/td><td>2,8mm~3,6mm<\/td><\/tr><tr><td>Moteur<\/td><td>2HP<\/td><\/tr><tr><td>Support d'alimentation en fil<\/td><td>2HP<\/td><\/tr><tr><td>Taille du cintre<\/td><td>13-14cm pour les enfants<br>15-19cm pour les adultes<\/td><\/tr><tr><td>Poids net<\/td><td>750kg<\/td><\/tr><tr><td>Dimensions de la machine<\/td><td>1800*800*1650mm(L*l*H)<\/td><\/tr><\/tbody><\/table><\/figure>    <h2 class=\"wp-block-heading\" id=\"h-why-can-the-butterfly-type-hanger-product-machine-make-a-variety-of-shapes\">Pourquoi la machine \u00e0 cintres de type papillon peut-elle fabriquer diff\u00e9rentes formes?<\/h2>    <figure class=\"wp-block-image size-full\"><img loading=\"lazy\" decoding=\"async\" width=\"720\" height=\"540\" src=\"https:\/\/hangermachinery.com\/wp-content\/uploads\/2022\/07\/Butterfly-type-hanger-product-machine-4.webp\" alt=\"Machine \u00e0 fabriquer des cintres de type papillon\" class=\"wp-image-437\" title=\"\" srcset=\"https:\/\/hangermachinery.com\/wp-content\/uploads\/2022\/07\/Butterfly-type-hanger-product-machine-4.webp 720w, https:\/\/hangermachinery.com\/wp-content\/uploads\/2022\/07\/Butterfly-type-hanger-product-machine-4-300x225.webp 300w\" sizes=\"auto, (max-width: 720px) 100vw, 720px\" \/><figcaption class=\"wp-element-caption\">Machine \u00e0 cintres de type papillon<\/figcaption><\/figure>    <p>La machine \u00e0 cintres papillon peut fabriquer de nombreuses formes diff\u00e9rentes car la machine \u00e0 cintres peut changer de moule, et la forme du cintre produite par diff\u00e9rents moules sera diff\u00e9rente. De plus, la taille du cintre peut \u00e9galement \u00eatre personnalis\u00e9e. Si vous souhaitez produire des cintres de diff\u00e9rentes formes, vous pouvez acheter plusieurs moules pour les utiliser, de sorte que diff\u00e9rents cintres peuvent \u00eatre produits, permettant aux clients d'avoir plus de choix.<\/p>    <h2 class=\"wp-block-heading\" id=\"h-size-of-the-butterfly-type-hanger-making-machine-to-produce-hangers\">Taille de la machine \u00e0 cintres de type papillon pour fabriquer des cintres<\/h2>    <p>Nous avons observ\u00e9 que certains cintres ont des tailles diff\u00e9rentes, en particulier pour les enfants et les adultes, g\u00e9n\u00e9ralement des cintres de taille 13-15 sont utilis\u00e9s pour les enfants, et des cintres de taille 16-20 sont utilis\u00e9s pour les adultes, ce qui peut \u00eatre r\u00e9alis\u00e9 sur la machine pendant la production. Ajustement direct pour contr\u00f4ler la taille des cintres produits.<\/p>    <div class=\"wp-block-media-text alignwide is-stacked-on-mobile\"><figure class=\"wp-block-media-text__media\"><img loading=\"lazy\" decoding=\"async\" width=\"720\" height=\"540\" src=\"https:\/\/hangermachinery.com\/wp-content\/uploads\/2022\/07\/Butterfly-type-hanger-product-machine-2.webp\" alt=\"Machine\u00a0\u00e0\u00a0produit\u00a0\u00e0\u00a0cintre\u00a0de type\u00a0papillon\" class=\"wp-image-352 size-full\" title=\"\" srcset=\"https:\/\/hangermachinery.com\/wp-content\/uploads\/2022\/07\/Butterfly-type-hanger-product-machine-2.webp 720w, https:\/\/hangermachinery.com\/wp-content\/uploads\/2022\/07\/Butterfly-type-hanger-product-machine-2-300x225.webp 300w\" sizes=\"auto, (max-width: 720px) 100vw, 720px\" \/><\/figure><div class=\"wp-block-media-text__content\"> <p class=\"has-medium-font-size\">Facile \u00e0 utiliser<\/p> <\/div><\/div>    <div class=\"wp-block-media-text alignwide has-media-on-the-right is-stacked-on-mobile\"><div class=\"wp-block-media-text__content\"> <p class=\"has-medium-font-size\">Haute pr\u00e9cision, taille constante des cintres produits<\/p> <\/div><figure class=\"wp-block-media-text__media\"><img loading=\"lazy\" decoding=\"async\" width=\"720\" height=\"540\" src=\"https:\/\/hangermachinery.com\/wp-content\/uploads\/2022\/07\/Butterfly-type-hanger-product-machine-3.webp\" alt=\"Machine\u00a0\u00e0\u00a0produit\u00a0\u00e0\u00a0cintre\u00a0de type\u00a0papillon\" class=\"wp-image-353 size-full\" title=\"\" srcset=\"https:\/\/hangermachinery.com\/wp-content\/uploads\/2022\/07\/Butterfly-type-hanger-product-machine-3.webp 720w, https:\/\/hangermachinery.com\/wp-content\/uploads\/2022\/07\/Butterfly-type-hanger-product-machine-3-300x225.webp 300w\" sizes=\"auto, (max-width: 720px) 100vw, 720px\" \/><\/figure><\/div>    <div class=\"wp-block-media-text alignwide is-stacked-on-mobile\"><figure class=\"wp-block-media-text__media\"><img loading=\"lazy\" decoding=\"async\" width=\"720\" height=\"540\" src=\"https:\/\/hangermachinery.com\/wp-content\/uploads\/2022\/07\/hanger-product-machine-1.webp\" alt=\"Machine\u00a0\u00e0\u00a0produit\u00a0\u00e0\u00a0cintre\u00a0de type\u00a0papillon\" class=\"wp-image-354 size-full\" title=\"\" srcset=\"https:\/\/hangermachinery.com\/wp-content\/uploads\/2022\/07\/hanger-product-machine-1.webp 720w, https:\/\/hangermachinery.com\/wp-content\/uploads\/2022\/07\/hanger-product-machine-1-300x225.webp 300w\" sizes=\"auto, (max-width: 720px) 100vw, 720px\" \/><\/figure><div class=\"wp-block-media-text__content\"> <p class=\"has-medium-font-size\">Produit solide et durable avec une grande valeur<\/p> <\/div><\/div>    <h2 class=\"wp-block-heading\" id=\"h-what-are-the-advantages-of-metal-hangers-compared-with-other-hangers\">Quels sont les avantages des cintres en m\u00e9tal par rapport aux autres cintres<\/h2>    <figure class=\"wp-block-image size-full\"><img loading=\"lazy\" decoding=\"async\" width=\"720\" height=\"540\" src=\"https:\/\/hangermachinery.com\/wp-content\/uploads\/2022\/07\/0.56-1.webp\" alt=\" cintres en m\u00e9tal \" class=\"wp-image-355\" title=\"\" srcset=\"https:\/\/hangermachinery.com\/wp-content\/uploads\/2022\/07\/0.56-1.webp 720w, https:\/\/hangermachinery.com\/wp-content\/uploads\/2022\/07\/0.56-1-300x225.webp 300w\" sizes=\"auto, (max-width: 720px) 100vw, 720px\" \/><figcaption class=\"wp-element-caption\"> Cintres en m\u00e9tal <\/figcaption><\/figure>    <ul class=\"wp-block-list\"> <li>Peu co\u00fbteux et durable<\/li>    <li>Relativement facile \u00e0 produire, adapt\u00e9 \u00e0 la production de masse;<\/li>    <li>Principalement fabriqu\u00e9 en fil, l\u00e9ger et pratique, tr\u00e8s adapt\u00e9 \u00e0 un usage domestique;<\/li>    <li>Aspect exquis, diff\u00e9rentes couleurs<\/li>    <li>Les produits en acier inoxydable ont une longue dur\u00e9e de vie;<\/li>    <li>Les mati\u00e8res premi\u00e8res en m\u00e9tal peuvent \u00eatre recycl\u00e9es dans une certaine mesure<\/li> <\/ul>                <div class=\"wp-block-shuliy-wp-blocks-latest-posts has-2-columns\">                             <div class=\"shuliy-wp-blocks-latest-posts-item\">                     <a href=\"https:\/\/hangermachinery.com\/fr\/product\/cloth-hanger-machine\/\" target=\"_blank\">                         <img class=\"shuliy-wp-blocks-latest-posts-item__featured-image\" src=\"https:\/\/hangermachinery.com\/wp-content\/uploads\/2023\/06\/cloths-hanger-machine-for-sale.webp\" alt=\"\" \/>                     <\/a>                      <h2 class=\"shuliy-wp-blocks-latest-posts-item__title\">                         <a href=\"https:\/\/hangermachinery.com\/fr\/product\/cloth-hanger-machine\/\" target=\"_blank\">                             Machine \u00e0 cintres                        <\/a>                     <\/h2>                 <\/div>                             <div class=\"shuliy-wp-blocks-latest-posts-item\">                     <a href=\"https:\/\/hangermachinery.com\/fr\/product\/raw-galvanized-wire\/\" target=\"_blank\">                         <img class=\"shuliy-wp-blocks-latest-posts-item__featured-image\" src=\"https:\/\/hangermachinery.com\/wp-content\/uploads\/2023\/01\/galvanized-wire-for-making-clothes-hangers.jpg\" alt=\"\" \/>                     <\/a>                      <h2 class=\"shuliy-wp-blocks-latest-posts-item__title\">                         <a href=\"https:\/\/hangermachinery.com\/fr\/product\/raw-galvanized-wire\/\" target=\"_blank\">                             Fil galvanis\u00e9 brut pour la fabrication de cintres                        <\/a>                     <\/h2>                 <\/div>                             <div class=\"shuliy-wp-blocks-latest-posts-item\">                     <a href=\"https:\/\/hangermachinery.com\/fr\/product\/butterfly-type-hanger-product-machine\/\" target=\"_blank\">                         <img class=\"shuliy-wp-blocks-latest-posts-item__featured-image\" src=\"https:\/\/hangermachinery.com\/wp-content\/uploads\/2022\/07\/Butterfly-type-hanger-product-machine.webp\" alt=\"\" \/>                     <\/a>                      <h2 class=\"shuliy-wp-blocks-latest-posts-item__title\">                         <a href=\"https:\/\/hangermachinery.com\/fr\/product\/butterfly-type-hanger-product-machine\/\" target=\"_blank\">                             Machine \u00e0 fabriquer des cintres de type papillon | machine \u00e0 cintres                        <\/a>                     <\/h2>                 <\/div>                             <div class=\"shuliy-wp-blocks-latest-posts-item\">                     <a href=\"https:\/\/hangermachinery.com\/fr\/product\/welding-wire-hanger-making-machine\/\" target=\"_blank\">                         <img class=\"shuliy-wp-blocks-latest-posts-item__featured-image\" src=\"https:\/\/hangermachinery.com\/wp-content\/uploads\/2022\/07\/Welding-wire-hanger-making-machine.webp\" alt=\"\" \/>                     <\/a>                      <h2 class=\"shuliy-wp-blocks-latest-posts-item__title\">                         <a href=\"https:\/\/hangermachinery.com\/fr\/product\/welding-wire-hanger-making-machine\/\" target=\"_blank\">                             Machine \u00e0 fabriquer des cintres en fil soud\u00e9 | machine \u00e0 cintres en m\u00e9tal                        <\/a>                     <\/h2>                 <\/div>                             <div class=\"shuliy-wp-blocks-latest-posts-item\">                     <a href=\"https:\/\/hangermachinery.com\/fr\/product\/coat-hanger-making-machine\/\" target=\"_blank\">                         <img class=\"shuliy-wp-blocks-latest-posts-item__featured-image\" src=\"https:\/\/hangermachinery.com\/wp-content\/uploads\/2022\/07\/Coat-Hanger-Making-Machine.webp\" alt=\"\" \/>                     <\/a>                      <h2 class=\"shuliy-wp-blocks-latest-posts-item__title\">                         <a href=\"https:\/\/hangermachinery.com\/fr\/product\/coat-hanger-making-machine\/\" target=\"_blank\">                             Machine \u00e0 fabriquer des cintres | Machine de production de cintres                        <\/a>                     <\/h2>                 <\/div>                     <\/div>","protected":false},"excerpt":{"rendered":"<p>Une machine \u00e0 fabriquer des cintres de type papillon est une machine utilis\u00e9e pour produire des cintres. <\/p>","protected":false},"author":1,"featured_media":348,"parent":0,"template":"","tags":[29,30],"product-type":[11,18],"class_list":["post-132","product","type-product","status-publish","has-post-thumbnail","hentry","tag-hanger","tag-hanger-product-machine","product-type-product","product-type-butterfly-type-hanger-product-machine"],"_links":{"self":[{"href":"https:\/\/hangermachinery.com\/fr\/wp-json\/wp\/v2\/product\/132","targetHints":{"allow":["GET"]}}],"collection":[{"href":"https:\/\/hangermachinery.com\/fr\/wp-json\/wp\/v2\/product"}],"about":[{"href":"https:\/\/hangermachinery.com\/fr\/wp-json\/wp\/v2\/types\/product"}],"author":[{"embeddable":true,"href":"https:\/\/hangermachinery.com\/fr\/wp-json\/wp\/v2\/users\/1"}],"wp:featuredmedia":[{"embeddable":true,"href":"https:\/\/hangermachinery.com\/fr\/wp-json\/wp\/v2\/media\/348"}],"wp:attachment":[{"href":"https:\/\/hangermachinery.com\/fr\/wp-json\/wp\/v2\/media?parent=132"}],"wp:term":[{"taxonomy":"post_tag","embeddable":true,"href":"https:\/\/hangermachinery.com\/fr\/wp-json\/wp\/v2\/tags?post=132"},{"taxonomy":"product-type","embeddable":true,"href":"https:\/\/hangermachinery.com\/fr\/wp-json\/wp\/v2\/product-type?post=132"}],"curies":[{"name":"wp","href":"https:\/\/api.w.org\/{rel}","templated":true}]}}