{"id":559,"date":"2023-01-04T14:06:04","date_gmt":"2023-01-04T06:06:04","guid":{"rendered":"https:\/\/hangermachinery.com\/?post_type=product&#038;p=559"},"modified":"2023-01-04T14:06:05","modified_gmt":"2023-01-04T06:06:05","slug":"raw-galvanized-wire","status":"publish","type":"product","link":"https:\/\/hangermachinery.com\/fr\/product\/raw-galvanized-wire\/","title":{"rendered":"Fil galvanis\u00e9 brut pour la fabrication de cintres"},"content":{"rendered":"<p class=\"translation-block\">Le fil galvanis\u00e9 est l'un des mat\u00e9riaux bruts pour fabriquer des <a href=\"https:\/\/hangermachinery.com\/fr\/product\/pvc-coated-wire-hanger-production-line\/\" data-type=\"URL\" data-id=\"https:\/\/hangermachinery.com\/product\/pvc-coated-wire-hanger-production-line\/\">cintres<\/a>. Le fil en acier galvanis\u00e9 est anticorrosion, de bonne qualit\u00e9 et brillant \u00e0 la surface, et tr\u00e8s adapt\u00e9 pour le traitement des cintres. En plus de vendre des cintres, shuliy exporte \u00e9galement du fil en acier galvanis\u00e9, qui est la mati\u00e8re premi\u00e8re pour fabriquer des cintres.<\/p>   <div class=\"wp-block-image\"> <figure class=\"aligncenter size-full\"><img loading=\"lazy\" decoding=\"async\" width=\"720\" height=\"540\" src=\"https:\/\/hangermachinery.com\/wp-content\/uploads\/2023\/01\/galvanized-wire-1.jpg\" alt=\"Fil de fer galvanis\u00e9\" class=\"wp-image-573\" title=\"\" srcset=\"https:\/\/hangermachinery.com\/wp-content\/uploads\/2023\/01\/galvanized-wire-1.jpg 720w, https:\/\/hangermachinery.com\/wp-content\/uploads\/2023\/01\/galvanized-wire-1-300x225.jpg 300w\" sizes=\"auto, (max-width: 720px) 100vw, 720px\" \/><figcaption class=\"wp-element-caption\">Fil de fer galvanis\u00e9<\/figcaption><\/figure> <\/div>   <h2 class=\"wp-block-heading\">Introduction du fil d'acier galvanis\u00e9 pour la fabrication de cintres<\/h2>    <p class=\"translation-block\">Pour fabriquer des cintres, le fil en acier galvanis\u00e9 est indispensable. Le diam\u00e8tre courant de ce fil galvanis\u00e9 brillant est g\u00e9n\u00e9ralement de 1,8 \u00e0 2,5 mm. L'unit\u00e9 de vente du fil galvanis\u00e9 est la tonne, g\u00e9n\u00e9ralement cinq tonnes. Le fil galvanis\u00e9 est g\u00e9n\u00e9ralement utilis\u00e9 dans le liage de construction, l'emballage, les \u00e9crans filtrants, l'artisanat, <a href=\"https:\/\/www.urbandictionary.com\/define.php?term=hookup\" data-type=\"URL\" data-id=\"https:\/\/www.urbandictionary.com\/define.php?term=hookup\" target=\"_blank\" rel=\"noopener\">crochets<\/a>, etc.<\/p>    <figure class=\"wp-block-gallery has-nested-images columns-default is-cropped wp-block-gallery-2 is-layout-flex wp-block-gallery-is-layout-flex\"> <figure class=\"wp-block-image size-large\"><img loading=\"lazy\" decoding=\"async\" width=\"720\" height=\"540\" data-id=\"568\" src=\"https:\/\/hangermachinery.com\/wp-content\/uploads\/2023\/01\/animal-cage.jpg\" alt=\"cage \u00e0 animaux\" class=\"wp-image-568\" title=\"\" srcset=\"https:\/\/hangermachinery.com\/wp-content\/uploads\/2023\/01\/animal-cage.jpg 720w, https:\/\/hangermachinery.com\/wp-content\/uploads\/2023\/01\/animal-cage-300x225.jpg 300w\" sizes=\"auto, (max-width: 720px) 100vw, 720px\" \/><figcaption class=\"wp-element-caption\">Cage pour animaux<\/figcaption><\/figure>    <figure class=\"wp-block-image size-large\"><img loading=\"lazy\" decoding=\"async\" width=\"720\" height=\"540\" data-id=\"567\" src=\"https:\/\/hangermachinery.com\/wp-content\/uploads\/2023\/01\/for-construction.jpg\" alt=\"pour construction\" class=\"wp-image-567\" title=\"\" srcset=\"https:\/\/hangermachinery.com\/wp-content\/uploads\/2023\/01\/for-construction.jpg 720w, https:\/\/hangermachinery.com\/wp-content\/uploads\/2023\/01\/for-construction-300x225.jpg 300w\" sizes=\"auto, (max-width: 720px) 100vw, 720px\" \/><figcaption class=\"wp-element-caption\">Pour la construction<\/figcaption><\/figure>    <figure class=\"wp-block-image size-large\"><img loading=\"lazy\" decoding=\"async\" width=\"720\" height=\"540\" data-id=\"566\" src=\"https:\/\/hangermachinery.com\/wp-content\/uploads\/2023\/01\/hook-up-1.jpg\" alt=\"brancher\" class=\"wp-image-566\" title=\"\" srcset=\"https:\/\/hangermachinery.com\/wp-content\/uploads\/2023\/01\/hook-up-1.jpg 720w, https:\/\/hangermachinery.com\/wp-content\/uploads\/2023\/01\/hook-up-1-300x225.jpg 300w\" sizes=\"auto, (max-width: 720px) 100vw, 720px\" \/><figcaption class=\"wp-element-caption\">Crocheter<\/figcaption><\/figure>    <figure class=\"wp-block-image size-large\"><img loading=\"lazy\" decoding=\"async\" width=\"720\" height=\"540\" data-id=\"565\" src=\"https:\/\/hangermachinery.com\/wp-content\/uploads\/2023\/01\/hook-up.jpg\" alt=\"brancher\" class=\"wp-image-565\" title=\"\" srcset=\"https:\/\/hangermachinery.com\/wp-content\/uploads\/2023\/01\/hook-up.jpg 720w, https:\/\/hangermachinery.com\/wp-content\/uploads\/2023\/01\/hook-up-300x225.jpg 300w\" sizes=\"auto, (max-width: 720px) 100vw, 720px\" \/><figcaption class=\"wp-element-caption\">Crocheter<\/figcaption><\/figure>    <figure class=\"wp-block-image size-large\"><img loading=\"lazy\" decoding=\"async\" width=\"720\" height=\"540\" data-id=\"564\" src=\"https:\/\/hangermachinery.com\/wp-content\/uploads\/2023\/01\/fence.jpg\" alt=\"cl\u00f4ture\" class=\"wp-image-564\" title=\"\" srcset=\"https:\/\/hangermachinery.com\/wp-content\/uploads\/2023\/01\/fence.jpg 720w, https:\/\/hangermachinery.com\/wp-content\/uploads\/2023\/01\/fence-300x225.jpg 300w\" sizes=\"auto, (max-width: 720px) 100vw, 720px\" \/><figcaption class=\"wp-element-caption\">Cl\u00f4ture<\/figcaption><\/figure>    <figure class=\"wp-block-image size-large\"><img loading=\"lazy\" decoding=\"async\" width=\"720\" height=\"540\" data-id=\"563\" src=\"https:\/\/hangermachinery.com\/wp-content\/uploads\/2023\/01\/hangre.jpg\" alt=\"hangr\" class=\"wp-image-563\" title=\"\" srcset=\"https:\/\/hangermachinery.com\/wp-content\/uploads\/2023\/01\/hangre.jpg 720w, https:\/\/hangermachinery.com\/wp-content\/uploads\/2023\/01\/hangre-300x225.jpg 300w\" sizes=\"auto, (max-width: 720px) 100vw, 720px\" \/><figcaption class=\"wp-element-caption\">Cintre<\/figcaption><\/figure> <\/figure>    <h2 class=\"wp-block-heading\">Comment choisir le diam\u00e8tre du fil de fer galvanis\u00e9 ?<\/h2>    <h3 class=\"wp-block-heading\">Tenir compte du support du cintre<\/h3>    <p>Il faut d'abord tenir compte de la force de support du cintre. Bien que le poids des v\u00eatements s\u00e9ch\u00e9s sur le cintre soit relativement l\u00e9ger, il a tout de m\u00eame un certain poids pour les v\u00eatements \u00e9pais, il est donc n\u00e9cessaire d'avoir une certaine force de support.<\/p>   <div class=\"wp-block-image\"> <figure class=\"aligncenter size-full\"><img loading=\"lazy\" decoding=\"async\" width=\"720\" height=\"540\" src=\"https:\/\/hangermachinery.com\/wp-content\/uploads\/2023\/01\/galvanized-steel-wire-hangers.jpg\" alt=\"Cintres en fil d&#039;acier galvanis\u00e9\" class=\"wp-image-572\" title=\"\" srcset=\"https:\/\/hangermachinery.com\/wp-content\/uploads\/2023\/01\/galvanized-steel-wire-hangers.jpg 720w, https:\/\/hangermachinery.com\/wp-content\/uploads\/2023\/01\/galvanized-steel-wire-hangers-300x225.jpg 300w\" sizes=\"auto, (max-width: 720px) 100vw, 720px\" \/><figcaption class=\"wp-element-caption\">Cintres en fil d'acier galvanis\u00e9<\/figcaption><\/figure> <\/div>   <h3 class=\"wp-block-heading\">Tenir compte du co\u00fbt<\/h3>    <p>Ensuite, il faut tenir compte du co\u00fbt du fil d'acier galvanis\u00e9. Ce type de cintre jetable est principalement utilis\u00e9 dans les pressings, les h\u00f4tels, et donn\u00e9 directement aux clients apr\u00e8s le lavage des v\u00eatements. Par cons\u00e9quent, le co\u00fbt du cintre doit \u00eatre pris en compte, et il ne faut pas utiliser de fil d'acier galvanis\u00e9 trop \u00e9pais.<br>Il est connu que le fil d'acier galvanis\u00e9 est vendu \u00e0 la tonne, donc plus le diam\u00e8tre du fil est \u00e9pais et plus la longueur est courte, moins il y aura de cintres produits, donc 1,8-2,5 mm est le diam\u00e8tre couramment utilis\u00e9 pour le fil d'acier galvanis\u00e9.<\/p>    <h2 class=\"wp-block-heading\">Comment sont fabriqu\u00e9s les cintres<\/h2>    <p class=\"translation-block\">Le <a href=\"https:\/\/hangermachinery.com\/fr\/product\/plastic-coated-hanger-production-line\/\">processus de production de cintres<\/a> est relativement simple. La principale mati\u00e8re premi\u00e8re pour la production de cintres est le fil galvanis\u00e9, qui peut \u00eatre form\u00e9 par traitement m\u00e9canique. \u00c0 ce moment-l\u00e0, les cintres ont satisfait les besoins de nombreux clients et consommateurs, et ces types de cintres sont tr\u00e8s populaires car ils sont \u00e9conomiques.<\/p>    <figure class=\"wp-block-gallery has-nested-images columns-default is-cropped wp-block-gallery-3 is-layout-flex wp-block-gallery-is-layout-flex\"> <figure class=\"wp-block-image size-large\"><img loading=\"lazy\" decoding=\"async\" width=\"720\" height=\"540\" data-id=\"569\" src=\"https:\/\/hangermachinery.com\/wp-content\/uploads\/2023\/01\/galvanized-wire.jpg\" alt=\"Fil de fer galvanis\u00e9\" class=\"wp-image-569\" title=\"\" srcset=\"https:\/\/hangermachinery.com\/wp-content\/uploads\/2023\/01\/galvanized-wire.jpg 720w, https:\/\/hangermachinery.com\/wp-content\/uploads\/2023\/01\/galvanized-wire-300x225.jpg 300w\" sizes=\"auto, (max-width: 720px) 100vw, 720px\" \/><figcaption><\/figcaption><\/figure>    <figure class=\"wp-block-image size-large\"><img loading=\"lazy\" decoding=\"async\" width=\"720\" height=\"540\" data-id=\"570\" src=\"https:\/\/hangermachinery.com\/wp-content\/uploads\/2023\/01\/hangers.jpg\" alt=\"cintres\" class=\"wp-image-570\" title=\"\" srcset=\"https:\/\/hangermachinery.com\/wp-content\/uploads\/2023\/01\/hangers.jpg 720w, https:\/\/hangermachinery.com\/wp-content\/uploads\/2023\/01\/hangers-300x225.jpg 300w\" sizes=\"auto, (max-width: 720px) 100vw, 720px\" \/><figcaption class=\"wp-element-caption\">Difficile \u00e0 d\u00e9former lors d'une utilisation \u00e0 long terme<\/figcaption><\/figure> <\/figure>    <p>Surface brillante, aspect lisse et beau<\/p>    <h2 class=\"wp-block-heading\">Avantages du fil d'acier galvanis\u00e9 <\/h2>    <p>Couche de zinc uniforme et structure stable<br>Faible erreur de diam\u00e8tre du fil d'acier galvanis\u00e9, production unifi\u00e9e, contr\u00f4le strict<br>Fil d'acier galvanis\u00e9<br>Nous avons export\u00e9 6 et 8 tonnes de mati\u00e8res premi\u00e8res de fil d'acier galvanis\u00e9 aux \u00c9mirats arabes unis. En tenant compte de facteurs tels que les prix locaux du fil d'acier galvanis\u00e9 et les prix du fil galvanis\u00e9 import\u00e9, le client a command\u00e9 directement les mati\u00e8res premi\u00e8res de fil d'acier galvanis\u00e9 lors de l'achat de cintres. De cette fa\u00e7on, les clients peuvent exp\u00e9dier la machine \u00e0 cintres et le fil galvanis\u00e9 ensemble, ce qui permet d'\u00e9conomiser les frais de transport et de r\u00e9duire les co\u00fbts.<\/p>    <h2 class=\"wp-block-heading\">Histoires de r\u00e9ussite des clients concernant le fil de fer galvanis\u00e9<\/h2>   <div class=\"wp-block-image\"> <figure class=\"aligncenter size-full\"><img loading=\"lazy\" decoding=\"async\" width=\"720\" height=\"540\" src=\"https:\/\/hangermachinery.com\/wp-content\/uploads\/2023\/01\/galvanized-steel-wire-factory-1.jpg\" alt=\"usine de fil d&#039;acier galvanis\u00e9\" class=\"wp-image-571\" title=\"\" srcset=\"https:\/\/hangermachinery.com\/wp-content\/uploads\/2023\/01\/galvanized-steel-wire-factory-1.jpg 720w, https:\/\/hangermachinery.com\/wp-content\/uploads\/2023\/01\/galvanized-steel-wire-factory-1-300x225.jpg 300w\" sizes=\"auto, (max-width: 720px) 100vw, 720px\" \/><figcaption class=\"wp-element-caption\">Fil de fer galvanis\u00e9 brut pour la fabrication de cintres 1 <\/figcaption><\/figure> <\/div>   <p class=\"translation-block\">Nous avons export\u00e9 <a href=\"https:\/\/hangermachinery.com\/fr\/product\/galvanized-wire-hanger-machine\/\" data-type=\"URL\" data-id=\"https:\/\/hangermachinery.com\/product\/galvanized-wire-hanger-machine\/\">cintres<\/a> et 8 tonnes de mati\u00e8res premi\u00e8res en fil en acier galvanis\u00e9 vers les \u00c9mirats Arabes Unis. En tenant compte de facteurs tels que les prix locaux du fil en acier galvanis\u00e9 et les prix du fil galvanis\u00e9 import\u00e9, le client a command\u00e9 directement des mati\u00e8res premi\u00e8res en fil en acier galvanis\u00e9 lors de l'achat de cintres. De cette mani\u00e8re, les clients peuvent exp\u00e9dier la machine \u00e0 cintres et le fil galvanis\u00e9 ensemble, ce qui permet d'\u00e9conomiser sur le fret et de r\u00e9duire les co\u00fbts.<\/p>","protected":false},"excerpt":{"rendered":"<p>Galvanized wire is one of the raw materials for making clothes hangers. Galvanized steel wire is anti-corrosion, of good quality and bright on the surface, and very suitable for processing clothes hangers. In addition to selling clothes hangers, shuliy also exports galvanized steel wire, which is the raw material for making clothes hangers. Introduction of [&hellip;]<\/p>\n","protected":false},"author":1,"featured_media":560,"parent":0,"template":"","tags":[],"product-type":[11],"class_list":["post-559","product","type-product","status-publish","has-post-thumbnail","hentry","product-type-product"],"_links":{"self":[{"href":"https:\/\/hangermachinery.com\/fr\/wp-json\/wp\/v2\/product\/559","targetHints":{"allow":["GET"]}}],"collection":[{"href":"https:\/\/hangermachinery.com\/fr\/wp-json\/wp\/v2\/product"}],"about":[{"href":"https:\/\/hangermachinery.com\/fr\/wp-json\/wp\/v2\/types\/product"}],"author":[{"embeddable":true,"href":"https:\/\/hangermachinery.com\/fr\/wp-json\/wp\/v2\/users\/1"}],"wp:featuredmedia":[{"embeddable":true,"href":"https:\/\/hangermachinery.com\/fr\/wp-json\/wp\/v2\/media\/560"}],"wp:attachment":[{"href":"https:\/\/hangermachinery.com\/fr\/wp-json\/wp\/v2\/media?parent=559"}],"wp:term":[{"taxonomy":"post_tag","embeddable":true,"href":"https:\/\/hangermachinery.com\/fr\/wp-json\/wp\/v2\/tags?post=559"},{"taxonomy":"product-type","embeddable":true,"href":"https:\/\/hangermachinery.com\/fr\/wp-json\/wp\/v2\/product-type?post=559"}],"curies":[{"name":"wp","href":"https:\/\/api.w.org\/{rel}","templated":true}]}}