{"id":82,"date":"2022-07-17T15:17:04","date_gmt":"2022-07-17T15:17:04","guid":{"rendered":"https:\/\/hangermachinery.com\/?post_type=product&#038;p=82"},"modified":"2023-03-16T09:25:15","modified_gmt":"2023-03-16T01:25:15","slug":"plastic-coated-hanger-production-line","status":"publish","type":"product","link":"https:\/\/hangermachinery.com\/fr\/product\/plastic-coated-hanger-production-line\/","title":{"rendered":"Ligne de production de cintres en plastique rev\u00eatu | machine \u00e0 cintres en tissu"},"content":{"rendered":"<p class=\"translation-block\">La ligne de production de cintres plaqu\u00e9s est l\u2019\u00e9quipement pour la fabrication des cintres. Les mati\u00e8res premi\u00e8res sont principalement des fils galvanis\u00e9s. La ligne de production de cintres en spray produit des cintres via la <a href=\"https:\/\/hangermachinery.com\/fr\/product\/galvanized-wire-hanger-machine\/\">machine de formage de cintre<\/a>, la machine de pulv\u00e9risation, la machine de recyclage Sufen et le s\u00e9choir. La mati\u00e8re premi\u00e8re pour la production de cintres est principalement le fil galvanis\u00e9. Notre ligne de production de cintres plaqu\u00e9s a \u00e9t\u00e9 vendue en Arabie Saoudite, en Australie, au Mexique, en Su\u00e8de, au Y\u00e9men et dans d\u2019autres pays.<\/p>    <figure class=\"wp-block-gallery has-nested-images columns-default is-cropped wp-block-gallery-2 is-layout-flex wp-block-gallery-is-layout-flex\"> <figure class=\"wp-block-image size-large\"><img loading=\"lazy\" decoding=\"async\" width=\"720\" height=\"540\" data-id=\"471\" src=\"https:\/\/hangermachinery.com\/wp-content\/uploads\/2022\/07\/red-hanger.webp\" alt=\"cintre rouge\" class=\"wp-image-471\" title=\"\" srcset=\"https:\/\/hangermachinery.com\/wp-content\/uploads\/2022\/07\/red-hanger.webp 720w, https:\/\/hangermachinery.com\/wp-content\/uploads\/2022\/07\/red-hanger-300x225.webp 300w\" sizes=\"auto, (max-width: 720px) 100vw, 720px\" \/><figcaption class=\"wp-element-caption\">Cintre rouge<\/figcaption><\/figure>    <figure class=\"wp-block-image size-large\"><img loading=\"lazy\" decoding=\"async\" width=\"720\" height=\"540\" data-id=\"473\" src=\"https:\/\/hangermachinery.com\/wp-content\/uploads\/2022\/07\/cyan-hanger.webp\" alt=\"cintre cyan\" class=\"wp-image-473\" title=\"\" srcset=\"https:\/\/hangermachinery.com\/wp-content\/uploads\/2022\/07\/cyan-hanger.webp 720w, https:\/\/hangermachinery.com\/wp-content\/uploads\/2022\/07\/cyan-hanger-300x225.webp 300w\" sizes=\"auto, (max-width: 720px) 100vw, 720px\" \/><figcaption class=\"wp-element-caption\">Cintre cyan<\/figcaption><\/figure>    <figure class=\"wp-block-image size-large\"><img loading=\"lazy\" decoding=\"async\" width=\"720\" height=\"540\" data-id=\"472\" src=\"https:\/\/hangermachinery.com\/wp-content\/uploads\/2022\/07\/pink-hanger.webp\" alt=\"Depuis la livraison de la machine, elle fonctionne exceptionnellement bien, d\u00e9passant les attentes du client. Le client a exprim\u00e9 sa satisfaction quant \u00e0 l&#039;efficacit\u00e9 de fonctionnement de la machine et \u00e0 ses performances globales. Cette collaboration r\u00e9ussie a \u00e9tabli une base solide pour une relation commerciale \u00e0 long terme.\" class=\"wp-image-472\" title=\"\" srcset=\"https:\/\/hangermachinery.com\/wp-content\/uploads\/2022\/07\/pink-hanger.webp 720w, https:\/\/hangermachinery.com\/wp-content\/uploads\/2022\/07\/pink-hanger-300x225.webp 300w\" sizes=\"auto, (max-width: 720px) 100vw, 720px\" \/><figcaption class=\"wp-element-caption\">Cintre rose<\/figcaption><\/figure>    <figure class=\"wp-block-image size-large\"><img loading=\"lazy\" decoding=\"async\" width=\"720\" height=\"540\" data-id=\"474\" src=\"https:\/\/hangermachinery.com\/wp-content\/uploads\/2022\/07\/blue-white-hanger.webp\" alt=\"cintre bleu blanc\" class=\"wp-image-474\" title=\"\" srcset=\"https:\/\/hangermachinery.com\/wp-content\/uploads\/2022\/07\/blue-white-hanger.webp 720w, https:\/\/hangermachinery.com\/wp-content\/uploads\/2022\/07\/blue-white-hanger-300x225.webp 300w\" sizes=\"auto, (max-width: 720px) 100vw, 720px\" \/><figcaption class=\"wp-element-caption\">Cintre bleu blanc<\/figcaption><\/figure>    <figure class=\"wp-block-image size-large\"><img loading=\"lazy\" decoding=\"async\" width=\"720\" height=\"540\" data-id=\"476\" src=\"https:\/\/hangermachinery.com\/wp-content\/uploads\/2022\/07\/yellow-hanger.webp\" alt=\"cintre jaune\" class=\"wp-image-476\" title=\"\" srcset=\"https:\/\/hangermachinery.com\/wp-content\/uploads\/2022\/07\/yellow-hanger.webp 720w, https:\/\/hangermachinery.com\/wp-content\/uploads\/2022\/07\/yellow-hanger-300x225.webp 300w\" sizes=\"auto, (max-width: 720px) 100vw, 720px\" \/><figcaption class=\"wp-element-caption\">Cintre jaune<\/figcaption><\/figure>    <figure class=\"wp-block-image size-large\"><img loading=\"lazy\" decoding=\"async\" width=\"720\" height=\"540\" data-id=\"475\" src=\"https:\/\/hangermachinery.com\/wp-content\/uploads\/2022\/07\/blue-hanger.webp\" alt=\"cintre bleu\" class=\"wp-image-475\" title=\"\" srcset=\"https:\/\/hangermachinery.com\/wp-content\/uploads\/2022\/07\/blue-hanger.webp 720w, https:\/\/hangermachinery.com\/wp-content\/uploads\/2022\/07\/blue-hanger-300x225.webp 300w\" sizes=\"auto, (max-width: 720px) 100vw, 720px\" \/><figcaption class=\"wp-element-caption\">Cintre bleu<\/figcaption><\/figure> <\/figure>    <h2 class=\"wp-block-heading\">Vid\u00e9o de la ligne de production de cintres rev\u00eatus de plastique<\/h2>    <p>Il s'agit d'une vid\u00e9o d'une ligne de production compl\u00e8te de cintres rev\u00eatus de plastique, comprenant la formation des cintres, la pulv\u00e9risation des cintres, le s\u00e9chage des cintres et l'emballage des cintres. du fil galvanis\u00e9 des mati\u00e8res premi\u00e8res \u00e0 l'emballage de la machine \u00e0 cintres,<\/p>    <figure class=\"wp-block-embed is-type-video is-provider-youtube wp-block-embed-youtube wp-embed-aspect-16-9 wp-has-aspect-ratio\"><div class=\"wp-block-embed__wrapper\"> <iframe loading=\"lazy\" title=\"De quel plastique sont fabriqu\u00e9s les cintres pour manteaux ? | Ligne de production de cintres plastifi\u00e9s #wirerecycling\" width=\"500\" height=\"281\" src=\"https:\/\/www.youtube.com\/embed\/khzFz25QZKA?start=2&#038;feature=oembed\" frameborder=\"0\" allow=\"accelerometer; autoplay; clipboard-write; encrypted-media; gyroscope; picture-in-picture; web-share\" referrerpolicy=\"strict-origin-when-cross-origin\" allowfullscreen><\/iframe> <\/div><figcaption class=\"wp-element-caption\">ligne de production de cintres rev\u00eatus de plastique<\/figcaption><\/figure>    <h2 class=\"wp-block-heading\" id=\"h-the-raw-materials-of-the-plastic-coated-hanger-production-line\">Les mati\u00e8res premi\u00e8res de la ligne de production de cintres rev\u00eatus de plastique<\/h2>    <figure class=\"wp-block-image size-full\"><img loading=\"lazy\" decoding=\"async\" width=\"720\" height=\"540\" src=\"https:\/\/hangermachinery.com\/wp-content\/uploads\/2022\/07\/Galvanized-wire-for-making-hangers.webp\" alt=\"Fil galvanis\u00e9 pour fabriquer des cintres\" class=\"wp-image-303\" title=\"\" srcset=\"https:\/\/hangermachinery.com\/wp-content\/uploads\/2022\/07\/Galvanized-wire-for-making-hangers.webp 720w, https:\/\/hangermachinery.com\/wp-content\/uploads\/2022\/07\/Galvanized-wire-for-making-hangers-300x225.webp 300w\" sizes=\"auto, (max-width: 720px) 100vw, 720px\" \/><figcaption class=\"wp-element-caption\">Fil galvanis\u00e9 pour la fabrication de cintres<\/figcaption><\/figure>    <p>La mati\u00e8re premi\u00e8re pour fabriquer le cintre peut \u00eatre du fil galvanis\u00e9, du fil de fer, du fil d'acier, du fil d'acier inoxydable, etc. La mati\u00e8re premi\u00e8re pour fabriquer le cintre est g\u00e9n\u00e9ralement un fil de fer galvanis\u00e9 de 1,8 mm \u00e0 2,0 mm et le diam\u00e8tre maximum du fil de fer qui peut \u00eatre trait\u00e9 est de 2,5 mm. En changeant le moule de la machine, la taille du cintre peut \u00eatre modifi\u00e9e et elle peut produire des cintres pour adultes et des cintres pour enfants.<\/p>    <h2 class=\"wp-block-heading\" id=\"h-the-production-process-of-plastic-coated-hanger-production-line\">Le processus de production de la ligne de production de cintres rev\u00eatus de plastique<\/h2>    <figure class=\"wp-block-gallery has-nested-images columns-4 is-cropped wp-block-gallery-3 is-layout-flex wp-block-gallery-is-layout-flex\"> <figure class=\"wp-block-image size-full\"><img loading=\"lazy\" decoding=\"async\" width=\"720\" height=\"540\" data-id=\"304\" src=\"https:\/\/hangermachinery.com\/wp-content\/uploads\/2022\/07\/Plastic-coated-hanger-production-line.webp\" alt=\"\" class=\"wp-image-304\" title=\"\" srcset=\"https:\/\/hangermachinery.com\/wp-content\/uploads\/2022\/07\/Plastic-coated-hanger-production-line.webp 720w, https:\/\/hangermachinery.com\/wp-content\/uploads\/2022\/07\/Plastic-coated-hanger-production-line-300x225.webp 300w\" sizes=\"auto, (max-width: 720px) 100vw, 720px\" \/><figcaption class=\"wp-element-caption\">Ligne de production de cintres rev\u00eatus de plastique<\/figcaption><\/figure>    <figure class=\"wp-block-image size-full\"><img loading=\"lazy\" decoding=\"async\" width=\"720\" height=\"540\" data-id=\"305\" src=\"https:\/\/hangermachinery.com\/wp-content\/uploads\/2022\/07\/Plastic-coated-hanger-production-line-2.jpg\" alt=\"Ligne de production de cintres en plastique\" class=\"wp-image-305\" title=\"\" srcset=\"https:\/\/hangermachinery.com\/wp-content\/uploads\/2022\/07\/Plastic-coated-hanger-production-line-2.jpg 720w, https:\/\/hangermachinery.com\/wp-content\/uploads\/2022\/07\/Plastic-coated-hanger-production-line-2-300x225.jpg 300w\" sizes=\"auto, (max-width: 720px) 100vw, 720px\" \/><figcaption class=\"wp-element-caption\">Ligne de production de cintres \u00e0 rev\u00eatement plastique<\/figcaption><\/figure>    <figure class=\"wp-block-image size-full\"><img loading=\"lazy\" decoding=\"async\" width=\"720\" height=\"540\" data-id=\"306\" src=\"https:\/\/hangermachinery.com\/wp-content\/uploads\/2022\/07\/Plastic-coated-hanger-production-line.jpg\" alt=\"\" class=\"wp-image-306\" title=\"\" srcset=\"https:\/\/hangermachinery.com\/wp-content\/uploads\/2022\/07\/Plastic-coated-hanger-production-line.jpg 720w, https:\/\/hangermachinery.com\/wp-content\/uploads\/2022\/07\/Plastic-coated-hanger-production-line-300x225.jpg 300w\" sizes=\"auto, (max-width: 720px) 100vw, 720px\" \/><figcaption class=\"wp-element-caption\">Ligne de production de cintres \u00e0 rev\u00eatement plastique<\/figcaption><\/figure>    <figure class=\"wp-block-image size-full\"><img loading=\"lazy\" decoding=\"async\" width=\"720\" height=\"540\" data-id=\"307\" src=\"https:\/\/hangermachinery.com\/wp-content\/uploads\/2022\/07\/Plastic-coated-hanger-production-line-4.jpg\" alt=\"Ligne de production de cintres en plastique\" class=\"wp-image-307\" title=\"\" srcset=\"https:\/\/hangermachinery.com\/wp-content\/uploads\/2022\/07\/Plastic-coated-hanger-production-line-4.jpg 720w, https:\/\/hangermachinery.com\/wp-content\/uploads\/2022\/07\/Plastic-coated-hanger-production-line-4-300x225.jpg 300w\" sizes=\"auto, (max-width: 720px) 100vw, 720px\" \/><figcaption class=\"wp-element-caption\">Ligne de production de cintres \u00e0 rev\u00eatement plastique<\/figcaption><\/figure> <\/figure>    <p>La machine de pulv\u00e9risation de cintres en plastique est d'abord form\u00e9e, puis pulv\u00e9ris\u00e9e avec de la poudre plastique \u00e0 l'ext\u00e9rieur du cintre, puis envoy\u00e9e dans la bo\u00eete de s\u00e9chage pour \u00eatre s\u00e9ch\u00e9e. Dans la machine \u00e0 cintres, la pulv\u00e9risation de rev\u00eatement plastique est un \u00e9quipement de production de cintres professionnel, et compte tenu du probl\u00e8me de pollution de l'environnement, il est sp\u00e9cialement \u00e9quip\u00e9 d'un \u00e9quipement de recyclage de poudre plastique, l'efficacit\u00e9 de travail de la machine de s\u00e9chage est tr\u00e8s \u00e9lev\u00e9e, et il y aura des chariots qui devront \u00eatre s\u00e9ch\u00e9s lorsque les cintres secs sont pouss\u00e9s \u00e0 l'int\u00e9rieur, il est tr\u00e8s int\u00e9ressant d'acheter quelques chariots de plus pour la rotation afin de travailler sans interruption et d'am\u00e9liorer l'efficacit\u00e9 de production.<\/p>    <figure class=\"wp-block-image size-full\"><img loading=\"lazy\" decoding=\"async\" width=\"720\" height=\"540\" src=\"https:\/\/hangermachinery.com\/wp-content\/uploads\/2022\/07\/Plastic-coated-hanger-production-machine.webp\" alt=\"Machine\u00a0de production\u00a0de\u00a0cintres\u00a0rev\u00eatus de plastique \" class=\"wp-image-308\" title=\"\" srcset=\"https:\/\/hangermachinery.com\/wp-content\/uploads\/2022\/07\/Plastic-coated-hanger-production-machine.webp 720w, https:\/\/hangermachinery.com\/wp-content\/uploads\/2022\/07\/Plastic-coated-hanger-production-machine-300x225.webp 300w\" sizes=\"auto, (max-width: 720px) 100vw, 720px\" \/><figcaption class=\"wp-element-caption\">Ligne de production de cintres rev\u00eatus de plastique<\/figcaption><\/figure>    <h2 class=\"wp-block-heading\" id=\"h-injection-molding-machine\">Machine de moulage par injection<\/h2>    <figure class=\"wp-block-image size-full\"><img loading=\"lazy\" decoding=\"async\" width=\"720\" height=\"540\" src=\"https:\/\/hangermachinery.com\/wp-content\/uploads\/2022\/07\/hanger-plastic-coated-sprayer.jpg\" alt=\"pulv\u00e9risateur plastifi\u00e9 \u00e0 cintre\" class=\"wp-image-313\" title=\"\" srcset=\"https:\/\/hangermachinery.com\/wp-content\/uploads\/2022\/07\/hanger-plastic-coated-sprayer.jpg 720w, https:\/\/hangermachinery.com\/wp-content\/uploads\/2022\/07\/hanger-plastic-coated-sprayer-300x225.jpg 300w\" sizes=\"auto, (max-width: 720px) 100vw, 720px\" \/><figcaption class=\"wp-element-caption\">Pulv\u00e9risateur de cintres rev\u00eatus de plastique<\/figcaption><\/figure>    <p class=\"translation-block\">La perte est faible, le taux d\u2019utilisation de la peinture est am\u00e9lior\u00e9, les particules de peinture sont petites et le taux d\u2019adh\u00e9rence est bon. Apr\u00e8s la <a href=\"https:\/\/en.wikipedia.org\/wiki\/Thermal_spraying\" data-type=\"URL\" data-id=\"https:\/\/en.wikipedia.org\/wiki\/Thermal_spraying\" target=\"_blank\" rel=\"noopener\">pulv\u00e9risation<\/a>, elle peut \u00eatre rapidement form\u00e9e sur le cintre, et la peinture ne se d\u00e9tachera pas. La pistolet pulv\u00e9risateur pulv\u00e9rise de mani\u00e8re homog\u00e8ne, et le cintre peut \u00eatre pulv\u00e9ris\u00e9 dans diverses couleurs. Apr\u00e8s pulv\u00e9risation, le cintre est non seulement beau mais aussi dot\u00e9e d\u2019un effet protecteur.<\/p>    <h2 class=\"wp-block-heading\" id=\"h-plastic-powder-recycling-equipment\">\u00c9quipement de recyclage de poudre plastique<\/h2>    <figure class=\"wp-block-image size-full\"><img loading=\"lazy\" decoding=\"async\" width=\"720\" height=\"540\" src=\"https:\/\/hangermachinery.com\/wp-content\/uploads\/2022\/07\/Plastic-coated-hanger-production-line.jpg\" alt=\"\u00c9quipement de recyclage de poudre plastique\" class=\"wp-image-306\" title=\"\" srcset=\"https:\/\/hangermachinery.com\/wp-content\/uploads\/2022\/07\/Plastic-coated-hanger-production-line.jpg 720w, https:\/\/hangermachinery.com\/wp-content\/uploads\/2022\/07\/Plastic-coated-hanger-production-line-300x225.jpg 300w\" sizes=\"auto, (max-width: 720px) 100vw, 720px\" \/><figcaption class=\"wp-element-caption\">\u00c9quipement de recyclage de poudre plastique<\/figcaption><\/figure>    <p>La machine de recyclage de poudre plastique est bas\u00e9e sur le principe de l'a\u00e9rodynamique. La poussi\u00e8re dispers\u00e9e est aspir\u00e9e dans l'\u00e9l\u00e9ment filtrant par le type d'\u00e9chappement externe. Le produit est simple et pratique, am\u00e9liore la sant\u00e9 des travailleurs et peut \u00e9galement am\u00e9liorer l'efficacit\u00e9 du travail. L'\u00e9l\u00e9ment filtrant import\u00e9 de haute qualit\u00e9 et \u00e0 haute r\u00e9sistance est utilis\u00e9 pour la filtration, et la poudre et le gaz sont s\u00e9par\u00e9s. Avec le dispositif de contre-lavage unique et le nettoyage automatique p\u00e9riodique de la poudre, l'effet de r\u00e9cup\u00e9ration est remarquable.<\/p>    <h2 class=\"wp-block-heading\" id=\"h-hanger-dryer-machine\">S\u00e9choir pour cintres <\/h2>    <figure class=\"wp-block-image size-full\"><img loading=\"lazy\" decoding=\"async\" width=\"720\" height=\"540\" src=\"https:\/\/hangermachinery.com\/wp-content\/uploads\/2022\/07\/Plastic-coated-hanger-production-line-4.jpg\" alt=\"machine \u00e0 s\u00e9cher les cintres \" class=\"wp-image-307\" title=\"\" srcset=\"https:\/\/hangermachinery.com\/wp-content\/uploads\/2022\/07\/Plastic-coated-hanger-production-line-4.jpg 720w, https:\/\/hangermachinery.com\/wp-content\/uploads\/2022\/07\/Plastic-coated-hanger-production-line-4-300x225.jpg 300w\" sizes=\"auto, (max-width: 720px) 100vw, 720px\" \/><figcaption class=\"wp-element-caption\">S\u00e9choir pour cintres <\/figcaption><\/figure>    <p>Les cintres qui ont \u00e9t\u00e9 pulv\u00e9ris\u00e9s doivent \u00eatre s\u00e9ch\u00e9s \u00e0 haute temp\u00e9rature pour prendre forme, et les cintres peuvent \u00eatre vendus apr\u00e8s le s\u00e9chage.<\/p>    <h2 class=\"wp-block-heading\" id=\"h-how-to-do-a-good-job-in-the-production-of-hangers\">Comment bien faire son travail dans la production de cintres<\/h2>    <figure class=\"wp-block-image size-full\"><img loading=\"lazy\" decoding=\"async\" width=\"720\" height=\"540\" src=\"https:\/\/hangermachinery.com\/wp-content\/uploads\/2022\/07\/production-of-hangers.webp\" alt=\"fabrication de cintres\" class=\"wp-image-310\" title=\"\" srcset=\"https:\/\/hangermachinery.com\/wp-content\/uploads\/2022\/07\/production-of-hangers.webp 720w, https:\/\/hangermachinery.com\/wp-content\/uploads\/2022\/07\/production-of-hangers-300x225.webp 300w\" sizes=\"auto, (max-width: 720px) 100vw, 720px\" \/><figcaption class=\"wp-element-caption\">Production de cintres<\/figcaption><\/figure>    <p>\u00c0 l'heure actuelle, le march\u00e9 des cintres est entr\u00e9 dans une phase de concurrence f\u00e9roce, et de nombreux fabricants lancent constamment de nouveaux produits pour r\u00e9pondre aux besoins des consommateurs. En tant que nouveau fabricant, comment se d\u00e9marquer sur le march\u00e9 des cintres?<\/p>    <p> Tout d'abord, il est n\u00e9cessaire de pr\u00eater attention \u00e0 l'effet de la marque, et il est n\u00e9cessaire d'am\u00e9liorer la notori\u00e9t\u00e9 de la marque dans la r\u00e9gion afin que les consommateurs puissent reconna\u00eetre le produit. Ensuite, il est n\u00e9cessaire de pr\u00eater attention \u00e0 la qualit\u00e9 des cintres, et d'exiger strictement la qualit\u00e9 de production des cintres lors de la production des cintres. De plus, il faut former une certaine \u00e9chelle pour produire un nombre suffisant de cintres. Occuper une plus grande part de march\u00e9, afin de bien faire le travail dans la production de cintres.<\/p>    <h2 class=\"wp-block-heading\" id=\"h-shuliy-s-plastic-coated-hanger-production-line\">Ligne de production de cintres plastifi\u00e9s de Shuliy<\/h2>    <figure class=\"wp-block-image size-full\"><img loading=\"lazy\" decoding=\"async\" width=\"750\" height=\"750\" src=\"https:\/\/hangermachinery.com\/wp-content\/uploads\/2022\/07\/shuliy-hanger-machine-company-1.webp\" alt=\"soci\u00e9t\u00e9 de machines \u00e0 cintres Shuliy\" class=\"wp-image-312\" title=\"\" srcset=\"https:\/\/hangermachinery.com\/wp-content\/uploads\/2022\/07\/shuliy-hanger-machine-company-1.webp 750w, https:\/\/hangermachinery.com\/wp-content\/uploads\/2022\/07\/shuliy-hanger-machine-company-1-300x300.webp 300w, https:\/\/hangermachinery.com\/wp-content\/uploads\/2022\/07\/shuliy-hanger-machine-company-1-150x150.webp 150w\" sizes=\"auto, (max-width: 750px) 100vw, 750px\" \/><figcaption class=\"wp-element-caption\">Soci\u00e9t\u00e9 de machines \u00e0 cintres Shuliy<\/figcaption><\/figure>    <p class=\"translation-block\">Shuli Co., Ltd. est un fabricant de machines \u00e0 cintres avec 20 ans d\u2019exp\u00e9rience. L\u2019entreprise poss\u00e8de des machines \u00e0 cintres en plastique pulv\u00e9ris\u00e9 et des <a href=\"https:\/\/hangermachinery.com\/fr\/product\/pvc-coated-wire-hanger-production-line\/\">lignes de production de cintres plaqu\u00e9s PVC<\/a>. De plus, selon les mati\u00e8res premi\u00e8res et les formes des machines, nous proposons \u00e9galement des <a href=\"https:\/\/hangermachinery.com\/fr\/products\/galvanized-wire-hanger-machine\/\">machines \u00e0 cintres en fil galvanis\u00e9<\/a>, <a href=\"https:\/\/hangermachinery.com\/fr\/product\/welding-wire-hanger-making-machine\/\">machines \u00e0 cintres \u00e0 souder<\/a>, <a href=\"https:\/\/hangermachinery.com\/fr\/product\/butterfly-type-hanger-product-machine\/\">machines \u00e0 cintres en papillon<\/a>, et<a href=\"https:\/\/hangermachinery.com\/fr\/product\/coat-hanger-making-machine\/\"> machines \u00e0 cintres pour manteaux<\/a>.<\/p>","protected":false},"excerpt":{"rendered":"<p>La ligne de production de cintres en plastique rev\u00eatu est l'\u00e9quipement pour la production de cintres. Les mati\u00e8res premi\u00e8res sont principalement des fils galvanis\u00e9s.<\/p>","protected":false},"author":1,"featured_media":299,"parent":0,"template":"","tags":[29,21],"product-type":[12,14],"class_list":["post-82","product","type-product","status-publish","has-post-thumbnail","hentry","tag-hanger","tag-plastic-coated-hanger-production-line","product-type-production-line","product-type-plastic-coated-hanger-production-line"],"_links":{"self":[{"href":"https:\/\/hangermachinery.com\/fr\/wp-json\/wp\/v2\/product\/82","targetHints":{"allow":["GET"]}}],"collection":[{"href":"https:\/\/hangermachinery.com\/fr\/wp-json\/wp\/v2\/product"}],"about":[{"href":"https:\/\/hangermachinery.com\/fr\/wp-json\/wp\/v2\/types\/product"}],"author":[{"embeddable":true,"href":"https:\/\/hangermachinery.com\/fr\/wp-json\/wp\/v2\/users\/1"}],"wp:featuredmedia":[{"embeddable":true,"href":"https:\/\/hangermachinery.com\/fr\/wp-json\/wp\/v2\/media\/299"}],"wp:attachment":[{"href":"https:\/\/hangermachinery.com\/fr\/wp-json\/wp\/v2\/media?parent=82"}],"wp:term":[{"taxonomy":"post_tag","embeddable":true,"href":"https:\/\/hangermachinery.com\/fr\/wp-json\/wp\/v2\/tags?post=82"},{"taxonomy":"product-type","embeddable":true,"href":"https:\/\/hangermachinery.com\/fr\/wp-json\/wp\/v2\/product-type?post=82"}],"curies":[{"name":"wp","href":"https:\/\/api.w.org\/{rel}","templated":true}]}}