{"id":97,"date":"2022-07-17T15:36:01","date_gmt":"2022-07-17T15:36:01","guid":{"rendered":"https:\/\/hangermachinery.com\/?post_type=product&#038;p=97"},"modified":"2022-09-29T16:27:39","modified_gmt":"2022-09-29T08:27:39","slug":"galvanized-wire-hanger-machine","status":"publish","type":"product","link":"https:\/\/hangermachinery.com\/fr\/product\/galvanized-wire-hanger-machine\/","title":{"rendered":"Machine \u00e0 cintres en fil galvanis\u00e9 | machine de formation de crochet de cintres"},"content":{"rendered":"<p class=\"translation-block\">La machine pour cintre en fil galvanis\u00e9 est une machine qui utilise un fil galvanis\u00e9 \u00e0 \u00eatre trait\u00e9 par une <a href=\"https:\/\/hangermachinery.com\/fr\/product\/butterfly-type-hanger-product-machine\/\" data-type=\"URL\" data-id=\"https:\/\/hangermachinery.com\/product\/butterfly-type-hanger-product-machine\/\">machine de formage de cintre<\/a> pour former un cintre. L'\u00e9quipement utilise la machine de formage de cintres pour traiter les cintres. Les cintres trait\u00e9s par la machine de formage de cintres peuvent \u00eatre vendus directement et ont la fonction de s\u00e9chage des v\u00eatements. Cependant, si vous voulez \u00eatre plus esth\u00e9tique, vous pouvez pulv\u00e9riser l'ext\u00e9rieur du cintre, ce qui est une vari\u00e9t\u00e9 de ceintures color\u00e9es. Cintres emball\u00e9s. Cette machine de formage de cintres enti\u00e8rement automatique est populaire aupr\u00e8s des fabricants de cintres.<\/p>    <figure class=\"wp-block-gallery has-nested-images columns-default is-cropped wp-block-gallery-2 is-layout-flex wp-block-gallery-is-layout-flex\"> <figure class=\"wp-block-image size-full\"><img loading=\"lazy\" decoding=\"async\" width=\"720\" height=\"540\" data-id=\"317\" src=\"https:\/\/hangermachinery.com\/wp-content\/uploads\/2022\/07\/galvanized-wire-hanger.webp\" alt=\" cintre en fil galvanis\u00e9\" class=\"wp-image-317\" title=\"\" srcset=\"https:\/\/hangermachinery.com\/wp-content\/uploads\/2022\/07\/galvanized-wire-hanger.webp 720w, https:\/\/hangermachinery.com\/wp-content\/uploads\/2022\/07\/galvanized-wire-hanger-300x225.webp 300w\" sizes=\"auto, (max-width: 720px) 100vw, 720px\" \/><figcaption> D\u00e9tails du cintre en fil galvanis\u00e9 <\/figcaption><\/figure>    <figure class=\"wp-block-image size-full\"><img loading=\"lazy\" decoding=\"async\" width=\"720\" height=\"540\" data-id=\"316\" src=\"https:\/\/hangermachinery.com\/wp-content\/uploads\/2022\/07\/galvanized-wire-hanger-details.webp\" alt=\" cintre en fil galvanis\u00e9\" class=\"wp-image-316\" title=\"\" srcset=\"https:\/\/hangermachinery.com\/wp-content\/uploads\/2022\/07\/galvanized-wire-hanger-details.webp 720w, https:\/\/hangermachinery.com\/wp-content\/uploads\/2022\/07\/galvanized-wire-hanger-details-300x225.webp 300w\" sizes=\"auto, (max-width: 720px) 100vw, 720px\" \/><figcaption> Cintre en fil galvanis\u00e9<\/figcaption><\/figure> <\/figure>    <h2 class=\"wp-block-heading\" id=\"h-what-material-is-galvanized-wire\">De quel mat\u00e9riau est fait le fil galvanis\u00e9<\/h2>    <figure class=\"wp-block-image size-full\"><img loading=\"lazy\" decoding=\"async\" width=\"720\" height=\"540\" src=\"https:\/\/hangermachinery.com\/wp-content\/uploads\/2022\/07\/hanger-hook-forming-material.webp\" alt=\"mat\u00e9riau de formation de crochet de suspension\" class=\"wp-image-318\" title=\"\" srcset=\"https:\/\/hangermachinery.com\/wp-content\/uploads\/2022\/07\/hanger-hook-forming-material.webp 720w, https:\/\/hangermachinery.com\/wp-content\/uploads\/2022\/07\/hanger-hook-forming-material-300x225.webp 300w\" sizes=\"auto, (max-width: 720px) 100vw, 720px\" \/><figcaption>Mat\u00e9riau de formage de crochets de cintres<\/figcaption><\/figure>    <p class=\"translation-block\"><a href=\"https:\/\/en.wikipedia.org\/wiki\/Galvanization\" data-type=\"URL\" data-id=\"https:\/\/en.wikipedia.org\/wiki\/Galvanization\" target=\"_blank\" rel=\"noopener\">Galvanis\u00e9<\/a> le fil a une bonne t\u00e9nacit\u00e9 et \u00e9longation, et une bonne r\u00e9sistance \u00e0 la corrosion, il est donc tout \u00e0 fait adapt\u00e9 pour fabriquer des cintres. Le fil galvanis\u00e9 est \u00e9galement souvent utilis\u00e9 pour fabriquer des objets d'artisanat, des filets de protection et des projets de construction. La couleur du fil de fer galvanis\u00e9 est plus sombre, et le fil galvanis\u00e9 peut \u00eatre conserv\u00e9 \u00e0 l'ext\u00e9rieur pendant des d\u00e9cennies sans \u00eatre corrod\u00e9, donc les cintres trait\u00e9s avec du fil galvanis\u00e9 sont plus durables. En plus d'utiliser du fil galvanis\u00e9, la machine peut aussi utiliser du fil de fer pour le traitement.<\/p>    <h2 class=\"wp-block-heading\">Comment fonctionne la machine \u00e0 cintres ?<\/h2>    <figure class=\"wp-block-embed is-type-video is-provider-youtube wp-block-embed-youtube wp-embed-aspect-16-9 wp-has-aspect-ratio\"><div class=\"wp-block-embed__wrapper\"> <iframe loading=\"lazy\" title=\"Machine de fabrication de cintres \u00e0 vendre \u00e0 Oman | Prix de la machine de fabrication de cintres en fil de fer\" width=\"500\" height=\"281\" src=\"https:\/\/www.youtube.com\/embed\/aAtWkx2Eu4Y?start=1&#038;feature=oembed\" frameborder=\"0\" allow=\"accelerometer; autoplay; clipboard-write; encrypted-media; gyroscope; picture-in-picture; web-share\" referrerpolicy=\"strict-origin-when-cross-origin\" allowfullscreen><\/iframe> <\/div><figcaption>Vid\u00e9o de travail de la machine \u00e0 cintres<\/figcaption><\/figure>    <h2 class=\"wp-block-heading\" id=\"h-galvanized-wire-hanger-machine-products\">Produits de la machine \u00e0 cintres en fil galvanis\u00e9<\/h2>    <figure class=\"wp-block-gallery has-nested-images columns-2 is-cropped wp-block-gallery-3 is-layout-flex wp-block-gallery-is-layout-flex\"> <figure class=\"wp-block-image size-large\"><img loading=\"lazy\" decoding=\"async\" width=\"720\" height=\"540\" data-id=\"480\" src=\"https:\/\/hangermachinery.com\/wp-content\/uploads\/2022\/07\/hanger-machine-details-4.webp\" alt=\"D\u00e9tails de la machine \u00e0 cintres\" class=\"wp-image-480\" title=\"\" srcset=\"https:\/\/hangermachinery.com\/wp-content\/uploads\/2022\/07\/hanger-machine-details-4.webp 720w, https:\/\/hangermachinery.com\/wp-content\/uploads\/2022\/07\/hanger-machine-details-4-300x225.webp 300w\" sizes=\"auto, (max-width: 720px) 100vw, 720px\" \/><figcaption>D\u00e9tails de la machine \u00e0 cintres<\/figcaption><\/figure>    <figure class=\"wp-block-image size-large\"><img loading=\"lazy\" decoding=\"async\" width=\"720\" height=\"540\" data-id=\"482\" src=\"https:\/\/hangermachinery.com\/wp-content\/uploads\/2022\/07\/hanger-machine-details-6.webp\" alt=\"D\u00e9tails de la machine \u00e0 cintres\" class=\"wp-image-482\" title=\"\" srcset=\"https:\/\/hangermachinery.com\/wp-content\/uploads\/2022\/07\/hanger-machine-details-6.webp 720w, https:\/\/hangermachinery.com\/wp-content\/uploads\/2022\/07\/hanger-machine-details-6-300x225.webp 300w\" sizes=\"auto, (max-width: 720px) 100vw, 720px\" \/><figcaption>D\u00e9tails de la machine \u00e0 cintres<\/figcaption><\/figure>    <figure class=\"wp-block-image size-large\"><img loading=\"lazy\" decoding=\"async\" width=\"720\" height=\"540\" data-id=\"479\" src=\"https:\/\/hangermachinery.com\/wp-content\/uploads\/2022\/07\/hanger-machine-details-3.webp\" alt=\"D\u00e9tails de la machine \u00e0 cintres\" class=\"wp-image-479\" title=\"\" srcset=\"https:\/\/hangermachinery.com\/wp-content\/uploads\/2022\/07\/hanger-machine-details-3.webp 720w, https:\/\/hangermachinery.com\/wp-content\/uploads\/2022\/07\/hanger-machine-details-3-300x225.webp 300w\" sizes=\"auto, (max-width: 720px) 100vw, 720px\" \/><figcaption>D\u00e9tails de la machine \u00e0 cintres<\/figcaption><\/figure>    <figure class=\"wp-block-image size-large\"><img loading=\"lazy\" decoding=\"async\" width=\"720\" height=\"540\" data-id=\"481\" src=\"https:\/\/hangermachinery.com\/wp-content\/uploads\/2022\/07\/hanger-machine-details-5.webp\" alt=\"D\u00e9tails de la machine \u00e0 cintres\" class=\"wp-image-481\" title=\"\" srcset=\"https:\/\/hangermachinery.com\/wp-content\/uploads\/2022\/07\/hanger-machine-details-5.webp 720w, https:\/\/hangermachinery.com\/wp-content\/uploads\/2022\/07\/hanger-machine-details-5-300x225.webp 300w\" sizes=\"auto, (max-width: 720px) 100vw, 720px\" \/><figcaption>D\u00e9tails de la machine \u00e0 cintres<\/figcaption><\/figure> <\/figure>    <p>Le cintre en fil galvanis\u00e9 est d'abord transform\u00e9 en forme de cintre, et \u00e0 la fin, il est enroul\u00e9 autour du crochet du cintre. Une telle machine \u00e0 cintres en fil galvanis\u00e9 est form\u00e9e, et aucun r\u00e9glage suppl\u00e9mentaire ne doit \u00eatre ajout\u00e9. Contrairement \u00e0 la machine \u00e0 cintres soud\u00e9e, les extr\u00e9mit\u00e9s de formage doivent \u00eatre soud\u00e9es ensemble.<\/p>    <h2 class=\"wp-block-heading\" id=\"h-wire-hanger-machine-parameters\">Param\u00e8tres de la machine \u00e0 cintres en fil galvanis\u00e9<\/h2>    <figure class=\"wp-block-image size-full\"><img loading=\"lazy\" decoding=\"async\" width=\"720\" height=\"540\" src=\"https:\/\/hangermachinery.com\/wp-content\/uploads\/2022\/07\/Galvanized-wire-hanger-machine-1.webp\" alt=\"Machine \u00e0 cintrer en fil galvanis\u00e9\" class=\"wp-image-323\" title=\"\" srcset=\"https:\/\/hangermachinery.com\/wp-content\/uploads\/2022\/07\/Galvanized-wire-hanger-machine-1.webp 720w, https:\/\/hangermachinery.com\/wp-content\/uploads\/2022\/07\/Galvanized-wire-hanger-machine-1-300x225.webp 300w\" sizes=\"auto, (max-width: 720px) 100vw, 720px\" \/><figcaption>Machine \u00e0 cintrer en fil galvanis\u00e9<\/figcaption><\/figure>    <p>Puissance : 1,5 kW<\/p>    <p>Production : 30PCS\/min<\/p>    <p>Diam\u00e8tre : 1,8-3mm<\/p>    <p>Taille : 850*1500*1800mm<\/p>    <p>Poids : 700 kg<\/p>    <h2 class=\"wp-block-heading\" id=\"h-advantages-of-hanger-hook-forming-machine\">Avantages de la machine de formage de crochets de cintres <\/h2>    <figure class=\"wp-block-image size-full\"><img loading=\"lazy\" decoding=\"async\" width=\"720\" height=\"540\" src=\"https:\/\/hangermachinery.com\/wp-content\/uploads\/2022\/07\/wire-hanger-machine.webp\" alt=\"\u00a0machine \u00e0 cintrer les fils\" class=\"wp-image-324\" title=\"\" srcset=\"https:\/\/hangermachinery.com\/wp-content\/uploads\/2022\/07\/wire-hanger-machine.webp 720w, https:\/\/hangermachinery.com\/wp-content\/uploads\/2022\/07\/wire-hanger-machine-300x225.webp 300w\" sizes=\"auto, (max-width: 720px) 100vw, 720px\" \/><figcaption>&amp;Nbsp;Fil&amp;Nbsp;Cintre&amp;Nbsp;Machine<\/figcaption><\/figure>    <p>Haute efficacit\u00e9 de production, peut produire 30 \u00e0 40 cintres par minute.<\/p>    <p>Syst\u00e8me de contr\u00f4le \u00e0 \u00e9cran tactile, production simple et rapide, et pratique<\/p>    <p>Production automatique de la machine, d\u00e8s que la machine est allum\u00e9e, le fil galvanis\u00e9 est automatiquement pli\u00e9 en forme de cintre<\/p>    <h2 class=\"wp-block-heading\" id=\"h-why-choose-shuliy-s-hanger-machine\">Pourquoi choisir la machine \u00e0 cintres Shuliy<\/h2>    <figure class=\"wp-block-image size-full\"><img loading=\"lazy\" decoding=\"async\" width=\"720\" height=\"540\" src=\"https:\/\/hangermachinery.com\/wp-content\/uploads\/2022\/07\/hanger-1-1.webp\" alt=\"cintre \" class=\"wp-image-477\" title=\"\" srcset=\"https:\/\/hangermachinery.com\/wp-content\/uploads\/2022\/07\/hanger-1-1.webp 720w, https:\/\/hangermachinery.com\/wp-content\/uploads\/2022\/07\/hanger-1-1-300x225.webp 300w\" sizes=\"auto, (max-width: 720px) 100vw, 720px\" \/><figcaption>Cintre <\/figcaption><\/figure>    <ul class=\"wp-block-list\"><li>Des ann\u00e9es d'exp\u00e9rience dans la production de machines \u00e0 cintres, avec une technologie de production avanc\u00e9e<\/li><\/ul>    <ul class=\"wp-block-list\"><li>Peut concevoir un plan de production personnalis\u00e9 pour les clients<\/li><\/ul>    <ul class=\"wp-block-list\"><li>La personnalisation de la machine et la production de fonctions peuvent \u00eatre r\u00e9alis\u00e9es<\/li><\/ul>    <ul class=\"wp-block-list\"><li>Service apr\u00e8s-vente intimiste, si vous n'arrivez pas \u00e0 le faire fonctionner pendant l'utilisation, le vendeur peut vous guider \u00e0 travers une vid\u00e9o                    <\/li><\/ul>","protected":false},"excerpt":{"rendered":"<p>La machine \u00e0 cintres en fil galvanis\u00e9 est une machine qui utilise du fil galvanis\u00e9 trait\u00e9 par une machine de formation de cintres pour former un cintre. <\/p>","protected":false},"author":1,"featured_media":314,"parent":0,"template":"","tags":[29,31],"product-type":[11,15],"class_list":["post-97","product","type-product","status-publish","has-post-thumbnail","hentry","tag-hanger","tag-wire-hanger-machine","product-type-product","product-type-galvanized-wire-hanger-machine"],"_links":{"self":[{"href":"https:\/\/hangermachinery.com\/fr\/wp-json\/wp\/v2\/product\/97","targetHints":{"allow":["GET"]}}],"collection":[{"href":"https:\/\/hangermachinery.com\/fr\/wp-json\/wp\/v2\/product"}],"about":[{"href":"https:\/\/hangermachinery.com\/fr\/wp-json\/wp\/v2\/types\/product"}],"author":[{"embeddable":true,"href":"https:\/\/hangermachinery.com\/fr\/wp-json\/wp\/v2\/users\/1"}],"wp:featuredmedia":[{"embeddable":true,"href":"https:\/\/hangermachinery.com\/fr\/wp-json\/wp\/v2\/media\/314"}],"wp:attachment":[{"href":"https:\/\/hangermachinery.com\/fr\/wp-json\/wp\/v2\/media?parent=97"}],"wp:term":[{"taxonomy":"post_tag","embeddable":true,"href":"https:\/\/hangermachinery.com\/fr\/wp-json\/wp\/v2\/tags?post=97"},{"taxonomy":"product-type","embeddable":true,"href":"https:\/\/hangermachinery.com\/fr\/wp-json\/wp\/v2\/product-type?post=97"}],"curies":[{"name":"wp","href":"https:\/\/api.w.org\/{rel}","templated":true}]}}