{"id":3,"date":"2022-07-15T10:49:45","date_gmt":"2022-07-15T10:49:45","guid":{"rendered":"http:\/\/hangermachinery.com\/?page_id=3"},"modified":"2025-09-12T16:16:52","modified_gmt":"2025-09-12T08:16:52","slug":"about-us","status":"publish","type":"page","link":"https:\/\/hangermachinery.com\/pt\/about-us\/","title":{"rendered":"Sobre n\u00f3s"},"content":{"rendered":"<h2 class=\"wp-block-heading\" id=\"h-shuliy-company-introduction\">Introdu\u00e7\u00e3o da empresa Shuliy<\/h2>    <div class=\"wp-block-columns has-black-color has-white-background-color has-text-color has-background is-layout-flex wp-container-core-columns-is-layout-9d6595d7 wp-block-columns-is-layout-flex\"> <div class=\"wp-block-column is-layout-flow wp-block-column-is-layout-flow\"> <p>Bem-vindo \u00e0 Shuliy Machinery, um fabricante e fornecedor global l\u00edder de maquinaria para fabrico de cabides. Estamos dedicados a fornecer aos clientes em todo o mundo solu\u00e7\u00f5es de produ\u00e7\u00e3o de cabides inteligentes, est\u00e1veis e de alta efici\u00eancia, desde linhas semiautom\u00e1ticas at\u00e9 totalmente autom\u00e1ticas.<\/p>    <p>Como uma divis\u00e3o altamente especializada da Zhengzhou Shuliy Machinery Equipment Co., Ltd. (fundada em 2011), combinamos mais de uma d\u00e9cada de excel\u00eancia na fabrica\u00e7\u00e3o de m\u00e1quinas com um profundo conhecimento da ind\u00fastria focado exclusivamente no setor de produ\u00e7\u00e3o de cabides. A nossa miss\u00e3o \u00e9 capacitar empreendedores e fabricantes em todo o mundo para iniciar ou atualizar de forma eficiente os seus neg\u00f3cios de produ\u00e7\u00e3o de cabides com tecnologia de automa\u00e7\u00e3o superior.<\/p>    <p>Quer planeie produzir cabides de arame, cabides de pl\u00e1stico, ou necessite de processos de acabamento avan\u00e7ados como revestimento em PVC ou pintura em pl\u00e1stico, fornecemos solu\u00e7\u00f5es chave na m\u00e3o \u2014 desde m\u00e1quinas individuais essenciais at\u00e9 ao planeamento completo da linha de produ\u00e7\u00e3o. O nosso equipamento \u00e9 confiado por empresas em mais de 50 pa\u00edses e regi\u00f5es, ajudando in\u00fameros clientes a alcan\u00e7ar produ\u00e7\u00e3o de alto rendimento e sucesso comercial atrav\u00e9s de desempenho e fiabilidade excecionais.<\/p>    <p class=\"translation-block\">Os principais produtos s\u00e3o uma <a href=\"https:\/\/hangermachinery.com\/pt\/product\/galvanized-wire-hanger-machine\/\">m\u00e1quina de moldagem de cabides<\/a>, uma <a href=\"https:\/\/hangermachinery.com\/pt\/products\/plastic-coated-hanger-production-line\/\">m\u00e1quina de pulveriza\u00e7\u00e3o de cabides<\/a>, uma <a href=\"https:\/\/hangermachinery.com\/pt\/products\/plastic-coated-hanger-production-line\/\">m\u00e1quina de revestimento pl\u00e1stico<\/a> e uma m\u00e1quina de secagem de cabides.<\/p>   <div class=\"wp-block-image\"> <figure class=\"aligncenter size-full\"><img loading=\"lazy\" decoding=\"async\" width=\"720\" height=\"377\" src=\"https:\/\/hangermachinery.com\/wp-content\/uploads\/2022\/07\/lQDPDhs_TXrzscrNAsTNBUiwGKeGkYV7oCUCOGNlzsBJAA_1352_708.jpg_720x720q90g.jpg\" alt=\"empresa shuliy\" class=\"wp-image-165\" title=\"\" srcset=\"https:\/\/hangermachinery.com\/wp-content\/uploads\/2022\/07\/lQDPDhs_TXrzscrNAsTNBUiwGKeGkYV7oCUCOGNlzsBJAA_1352_708.jpg_720x720q90g.jpg 720w, https:\/\/hangermachinery.com\/wp-content\/uploads\/2022\/07\/lQDPDhs_TXrzscrNAsTNBUiwGKeGkYV7oCUCOGNlzsBJAA_1352_708.jpg_720x720q90g-300x157.jpg 300w\" sizes=\"auto, (max-width: 720px) 100vw, 720px\" \/><figcaption class=\"wp-element-caption\">Empresa Shuliy<\/figcaption><\/figure> <\/div>   <h2 class=\"wp-block-heading\">Quais s\u00e3o as suas op\u00e7\u00f5es para um cabide de roupa?<\/h2>    <p>Os formatos populares para cabides podem variar de lugar para lugar, por isso as m\u00e1quinas de cabides Shuley seguem as necessidades dos clientes e v\u00eam em tr\u00eas formatos diferentes: cabides galvanizados, cabides em forma de borboleta e cabides soldados. A imagem abaixo mostra o formato da m\u00e1quina de cabides dispon\u00edvel para os clientes escolherem. Pode dizer-nos diretamente qual \u00e9 o seu preferido.<\/p>   <div class=\"wp-block-image\"> <figure class=\"aligncenter size-full\"><img loading=\"lazy\" decoding=\"async\" width=\"720\" height=\"540\" src=\"https:\/\/hangermachinery.com\/wp-content\/uploads\/2022\/07\/red-hanger.webp\" alt=\"cabide de pl\u00e1stico feito pela m\u00e1quina de fazer cabides shuliy\" class=\"wp-image-471\" title=\"\" srcset=\"https:\/\/hangermachinery.com\/wp-content\/uploads\/2022\/07\/red-hanger.webp 720w, https:\/\/hangermachinery.com\/wp-content\/uploads\/2022\/07\/red-hanger-300x225.webp 300w\" sizes=\"auto, (max-width: 720px) 100vw, 720px\" \/><figcaption class=\"wp-element-caption\">Cabide de pl\u00e1stico fabricado por m\u00e1quina de fazer cabides Shuliy<\/figcaption><\/figure> <\/div><\/div> <\/div>    <h2 class=\"wp-block-heading\">Em quais pa\u00edses as m\u00e1quinas de cabide s\u00e3o populares?<\/h2>    <p>Os cabides s\u00e3o itens dom\u00e9sticos utilizados em todas as regi\u00f5es e por todas as fam\u00edlias de todos os pa\u00edses, sendo populares em muitos pa\u00edses, como Austr\u00e1lia, Ar\u00e1bia Saudita, Om\u00e3, Emirados \u00c1rabes Unidos, Marrocos, M\u00e9xico, Su\u00e9cia, Espanha, I\u00e9men, Camboja, Cazaquist\u00e3o, Paquist\u00e3o, entre outros.<\/p>    <figure class=\"wp-block-gallery has-nested-images columns-default is-cropped wp-block-gallery-2 is-layout-flex wp-block-gallery-is-layout-flex\"> <figure class=\"wp-block-image size-large\"><img loading=\"lazy\" decoding=\"async\" width=\"561\" height=\"213\" data-id=\"164\" src=\"http:\/\/hangermachinery.com\/wp-content\/uploads\/2022\/07\/ABOUTUS_2.jpg\" alt=\"certificado de empresa shuliy\" class=\"wp-image-164\" title=\"\" srcset=\"https:\/\/hangermachinery.com\/wp-content\/uploads\/2022\/07\/ABOUTUS_2.jpg 561w, https:\/\/hangermachinery.com\/wp-content\/uploads\/2022\/07\/ABOUTUS_2-300x114.jpg 300w\" sizes=\"auto, (max-width: 561px) 100vw, 561px\" \/><figcaption class=\"wp-element-caption\">Certificado de Empresa Shuliy<\/figcaption><\/figure>    <figure class=\"wp-block-image size-large\"><img loading=\"lazy\" decoding=\"async\" width=\"559\" height=\"219\" data-id=\"163\" src=\"http:\/\/hangermachinery.com\/wp-content\/uploads\/2022\/07\/ABOUTUS_1.jpg\" alt=\"certificado de empresa shuliy\" class=\"wp-image-163\" title=\"\" srcset=\"https:\/\/hangermachinery.com\/wp-content\/uploads\/2022\/07\/ABOUTUS_1.jpg 559w, https:\/\/hangermachinery.com\/wp-content\/uploads\/2022\/07\/ABOUTUS_1-300x118.jpg 300w\" sizes=\"auto, (max-width: 559px) 100vw, 559px\" \/><figcaption class=\"wp-element-caption\">Certificado de Empresa Shuliy<\/figcaption><\/figure> <\/figure>    <h2 class=\"wp-block-heading\">Porque escolher-nos?<\/h2>    <p class=\"translation-block\"><strong>Foco incompar\u00e1vel:<\/strong> fazemos apenas uma coisa, mas fazemos da melhor forma: maquinaria para cabides. A nossa equipa possui um conhecimento profundo de todos os aspetos da produ\u00e7\u00e3o de cabides, permitindo-nos oferecer o aconselhamento mais perspicaz e eficaz.<\/p>    <p class=\"translation-block\"><strong>Linha completa de produtos:<\/strong> oferecemos um portef\u00f3lio abrangente de equipamentos que abrange v\u00e1rios materiais e processos, criando uma verdadeira experi\u00eancia de loja \u00fanica que garante um fluxo de produ\u00e7\u00e3o cont\u00ednuo.<\/p>    <p class=\"translation-block\"><strong>Engenharia orientada para o desempenho:<\/strong> as nossas m\u00e1quinas s\u00e3o concebidas para m\u00e1xima efici\u00eancia e durabilidade a longo prazo. Ao utilizar componentes de alta qualidade e engenharia de precis\u00e3o, garantimos que obtenha o maior retorno sobre o seu investimento.<\/p>    <p class=\"translation-block\"><strong>Servi\u00e7o e apoio globais:<\/strong> apoiados pelo robusto sistema de suporte global do Grupo Shuliy, fornecemos um servi\u00e7o completo, desde a consulta inicial e o design da disposi\u00e7\u00e3o da f\u00e1brica at\u00e9 \u00e0 instala\u00e7\u00e3o, forma\u00e7\u00e3o e fornecimento de pe\u00e7as sobressalentes a longo prazo.<\/p>    <figure class=\"wp-block-gallery has-nested-images columns-default is-cropped wp-block-gallery-3 is-layout-flex wp-block-gallery-is-layout-flex\"> <figure class=\"wp-block-image size-large\"><img loading=\"lazy\" decoding=\"async\" width=\"720\" height=\"540\" data-id=\"757\" src=\"https:\/\/hangermachinery.com\/wp-content\/uploads\/2025\/09\/Kenyan-customers-visit.webp\" alt=\"Kenyan customers visit\" class=\"wp-image-757\" title=\"\" srcset=\"https:\/\/hangermachinery.com\/wp-content\/uploads\/2025\/09\/Kenyan-customers-visit.webp 720w, https:\/\/hangermachinery.com\/wp-content\/uploads\/2025\/09\/Kenyan-customers-visit-300x225.webp 300w, https:\/\/hangermachinery.com\/wp-content\/uploads\/2025\/09\/Kenyan-customers-visit-16x12.webp 16w\" sizes=\"auto, (max-width: 720px) 100vw, 720px\" \/><figcaption class=\"wp-element-caption\">Visita de clientes quenianos<\/figcaption><\/figure>    <figure class=\"wp-block-image size-large\"><img loading=\"lazy\" decoding=\"async\" width=\"720\" height=\"540\" data-id=\"761\" src=\"https:\/\/hangermachinery.com\/wp-content\/uploads\/2025\/09\/Spanish-customers-visit.webp\" alt=\"Clientes espanh\u00f3is visitam\" class=\"wp-image-761\" title=\"\" srcset=\"https:\/\/hangermachinery.com\/wp-content\/uploads\/2025\/09\/Spanish-customers-visit.webp 720w, https:\/\/hangermachinery.com\/wp-content\/uploads\/2025\/09\/Spanish-customers-visit-300x225.webp 300w, https:\/\/hangermachinery.com\/wp-content\/uploads\/2025\/09\/Spanish-customers-visit-16x12.webp 16w\" sizes=\"auto, (max-width: 720px) 100vw, 720px\" \/><figcaption class=\"wp-element-caption\">Visita de clientes espanh\u00f3is<\/figcaption><\/figure>    <figure class=\"wp-block-image size-large\"><img loading=\"lazy\" decoding=\"async\" width=\"720\" height=\"540\" data-id=\"762\" src=\"https:\/\/hangermachinery.com\/wp-content\/uploads\/2025\/09\/Turkish-customers-visit.webp\" alt=\"Clientes turcos visitam\" class=\"wp-image-762\" title=\"\" srcset=\"https:\/\/hangermachinery.com\/wp-content\/uploads\/2025\/09\/Turkish-customers-visit.webp 720w, https:\/\/hangermachinery.com\/wp-content\/uploads\/2025\/09\/Turkish-customers-visit-300x225.webp 300w, https:\/\/hangermachinery.com\/wp-content\/uploads\/2025\/09\/Turkish-customers-visit-16x12.webp 16w\" sizes=\"auto, (max-width: 720px) 100vw, 720px\" \/><figcaption class=\"wp-element-caption\">Visita de clientes turcos<\/figcaption><\/figure> <\/figure>    <p>Os seus objetivos de produ\u00e7\u00e3o s\u00e3o o nosso plano de a\u00e7\u00e3o.<\/p>    <p>Estamos entusiasmados para discutir os detalhes do seu projeto e ajudar a transformar a vis\u00e3o do seu neg\u00f3cio numa realidade de alto desempenho. Contacte hoje a nossa equipa de especialistas para receber uma consulta e or\u00e7amento gratuitos.<\/p>    <figure class=\"wp-block-gallery has-nested-images columns-default is-cropped wp-block-gallery-4 is-layout-flex wp-block-gallery-is-layout-flex\"> <figure class=\"wp-block-image size-large\"><img loading=\"lazy\" decoding=\"async\" width=\"720\" height=\"540\" data-id=\"763\" src=\"https:\/\/hangermachinery.com\/wp-content\/uploads\/2025\/09\/Yemeni-customers-visit.webp\" alt=\"Yemeni customers visit\" class=\"wp-image-763\" title=\"\" srcset=\"https:\/\/hangermachinery.com\/wp-content\/uploads\/2025\/09\/Yemeni-customers-visit.webp 720w, https:\/\/hangermachinery.com\/wp-content\/uploads\/2025\/09\/Yemeni-customers-visit-300x225.webp 300w, https:\/\/hangermachinery.com\/wp-content\/uploads\/2025\/09\/Yemeni-customers-visit-16x12.webp 16w\" sizes=\"auto, (max-width: 720px) 100vw, 720px\" \/><figcaption class=\"wp-element-caption\">Visita de clientes iemenitas<\/figcaption><\/figure>    <figure class=\"wp-block-image size-large\"><img loading=\"lazy\" decoding=\"async\" width=\"720\" height=\"540\" data-id=\"758\" src=\"https:\/\/hangermachinery.com\/wp-content\/uploads\/2025\/09\/Nigerian-customers-visit.webp\" alt=\"Nigerian customers visit\" class=\"wp-image-758\" title=\"\" srcset=\"https:\/\/hangermachinery.com\/wp-content\/uploads\/2025\/09\/Nigerian-customers-visit.webp 720w, https:\/\/hangermachinery.com\/wp-content\/uploads\/2025\/09\/Nigerian-customers-visit-300x225.webp 300w, https:\/\/hangermachinery.com\/wp-content\/uploads\/2025\/09\/Nigerian-customers-visit-16x12.webp 16w\" sizes=\"auto, (max-width: 720px) 100vw, 720px\" \/><figcaption class=\"wp-element-caption\">Visita de clientes nigerianos<\/figcaption><\/figure> <\/figure>","protected":false},"excerpt":{"rendered":"<p>Shuliy company introduction Welcome to Shuliy Machinery, a leading global manufacturer and supplier of hanger-making machinery. We are dedicated to providing clients worldwide with intelligent, stable, and high-efficiency hanger production solutions, from semi-automatic to fully automated lines. As a highly specialized division of Zhengzhou Shuliy Machinery Equipment Co., Ltd. (est. 2011), we combine over a [&hellip;]<\/p>\n","protected":false},"author":1,"featured_media":0,"parent":0,"menu_order":0,"comment_status":"closed","ping_status":"open","template":"","meta":{"footnotes":""},"class_list":["post-3","page","type-page","status-publish","hentry"],"_links":{"self":[{"href":"https:\/\/hangermachinery.com\/pt\/wp-json\/wp\/v2\/pages\/3","targetHints":{"allow":["GET"]}}],"collection":[{"href":"https:\/\/hangermachinery.com\/pt\/wp-json\/wp\/v2\/pages"}],"about":[{"href":"https:\/\/hangermachinery.com\/pt\/wp-json\/wp\/v2\/types\/page"}],"author":[{"embeddable":true,"href":"https:\/\/hangermachinery.com\/pt\/wp-json\/wp\/v2\/users\/1"}],"replies":[{"embeddable":true,"href":"https:\/\/hangermachinery.com\/pt\/wp-json\/wp\/v2\/comments?post=3"}],"version-history":[{"count":0,"href":"https:\/\/hangermachinery.com\/pt\/wp-json\/wp\/v2\/pages\/3\/revisions"}],"wp:attachment":[{"href":"https:\/\/hangermachinery.com\/pt\/wp-json\/wp\/v2\/media?parent=3"}],"curies":[{"name":"wp","href":"https:\/\/api.w.org\/{rel}","templated":true}]}}