{"id":109,"date":"2022-07-17T16:28:30","date_gmt":"2022-07-17T16:28:30","guid":{"rendered":"https:\/\/hangermachinery.com\/?post_type=product&#038;p=109"},"modified":"2023-08-16T14:08:28","modified_gmt":"2023-08-16T06:08:28","slug":"coat-hanger-making-machine","status":"publish","type":"product","link":"https:\/\/hangermachinery.com\/pt\/product\/coat-hanger-making-machine\/","title":{"rendered":"M\u00e1quina de fazer cabides | M\u00e1quina de produ\u00e7\u00e3o de cabides"},"content":{"rendered":"<p class=\"translation-block\">Coat\u00a0hanger making\u00a0machine \u00e9 uma m\u00e1quina que usa fio pl\u00e1stico para fazer uma m\u00e1quina de cabides. A m\u00e1quina se caracteriza pela alta efici\u00eancia de trabalho e um alto grau de intelig\u00eancia, e n\u00e3o requer participa\u00e7\u00e3o humana excessiva. O <a href=\"https:\/\/hangermachinery.com\/pt\/products\/plastic-coated-hanger-production-line\/\">cabide de fio revestido<\/a><a href=\"https:\/\/hangermachinery.com\/pt\/product\/plastic-coated-hanger-production-line-clothes-hanger-machine\/\">e<\/a> tem gerado grandes lucros para muitos fabricantes.<\/p>    <figure class=\"wp-block-image size-full\"><img loading=\"lazy\" decoding=\"async\" width=\"720\" height=\"540\" src=\"https:\/\/hangermachinery.com\/wp-content\/uploads\/2022\/07\/Coat-hanger.webp\" alt=\"Cabide\" class=\"wp-image-330\" title=\"\" srcset=\"https:\/\/hangermachinery.com\/wp-content\/uploads\/2022\/07\/Coat-hanger.webp 720w, https:\/\/hangermachinery.com\/wp-content\/uploads\/2022\/07\/Coat-hanger-300x225.webp 300w\" sizes=\"auto, (max-width: 720px) 100vw, 720px\" \/><figcaption class=\"wp-element-caption\">Cabide<\/figcaption><\/figure>    <h2 class=\"wp-block-heading\" id=\"h-what-is-plastic-coat-wire\">O que \u00e9 pl\u00e1stico <span style=\"font-size: revert; color: revert; font-weight: revert;\">casaco<\/span> arame?<\/h2>    <figure class=\"wp-block-image size-full\"><img loading=\"lazy\" decoding=\"async\" width=\"720\" height=\"540\" src=\"https:\/\/hangermachinery.com\/wp-content\/uploads\/2022\/07\/plastic-coat-wire.webp\" alt=\"fio de revestimento de pl\u00e1stico\" class=\"wp-image-331\" title=\"\" srcset=\"https:\/\/hangermachinery.com\/wp-content\/uploads\/2022\/07\/plastic-coat-wire.webp 720w, https:\/\/hangermachinery.com\/wp-content\/uploads\/2022\/07\/plastic-coat-wire-300x225.webp 300w\" sizes=\"auto, (max-width: 720px) 100vw, 720px\" \/><figcaption class=\"wp-element-caption\">Fio de revestimento pl\u00e1stico<\/figcaption><\/figure>    <p class=\"translation-block\"><a href=\"https:\/\/www.amazon.com\/coated-wire\/s?k=coated+wire\" data-type=\"URL\" data-id=\"https:\/\/www.amazon.com\/coated-wire\/s?k=coated+wire\" target=\"_blank\" rel=\"noopener\">Fio revestido<\/a> \u00e9 fio galvanizado processado e fio de ferro. Ap\u00f3s passar pela m\u00e1quina de revestimento, o fio ser\u00e1 envolto por uma camada de verniz\/pl\u00e1stico. Um fio desse tipo \u00e9 chamado fio revestido, e o fio processado \u00e9 transformado em cabide. \u00c9 requintado, e pode escolher uma variedade de cores para o cabide para atrair clientes a comprar. Al\u00e9m disso, o cabide de fio revestido ap\u00f3s o mergulho \u00e9 mais antiderrapante. Se usar fio de ferro para produzir cabides, ele tamb\u00e9m pode desempenhar um papel protetor na secagem de roupas.<\/p>    <h2 class=\"wp-block-heading\" id=\"h-the-main-advantages-of-the-coat-hanger-making-machine\">As principais vantagens da m\u00e1quina de fazer cabides<\/h2>    <ol class=\"wp-block-list\"> <li>O comprimento da linha de alimenta\u00e7\u00e3o \u00e9 padr\u00e3o.<\/li>    <li>A velocidade pode ser ajustada de acordo com o di\u00e2metro do fio, em qualquer velocidade.<\/li>    <li>Com alto rendimento e velocidade r\u00e1pida, o mais r\u00e1pido pode produzir 45 pe\u00e7as por minuto.<\/li>    <li>O mais conveniente \u00e9 substituir o molde (o estilo do cabide), que \u00e9 pr\u00e1tico e simples. Insira o comprimento de fio necess\u00e1rio na tela e mova a posi\u00e7\u00e3o do cortador.<\/li>    <li>A m\u00e1quina pode ser adaptada para produzir: a\u00e7o inoxid\u00e1vel 201, ferro inoxid\u00e1vel 410, fio de galvanoplastia, fio de ferro comum, fio revestido de borracha e fio de alum\u00ednio.<\/li>    <li>Esta m\u00e1quina para fabricar cabides adota controle num\u00e9rico autom\u00e1tico, alimenta\u00e7\u00e3o de fio precisa, opera\u00e7\u00e3o est\u00e1vel e baixo ru\u00eddo, <a href=\"https:\/\/hangermachinery.com\/pt\/Info\/what-is-hanger-manufacturing-process\/\">Uma m\u00e1quina pode produzir uma variedade de cabides<\/a>. Um trabalhador pode gerenciar de 4 a 8 m\u00e1quinas, o que pode economizar totalmente m\u00e3o de obra para voc\u00ea. e o di\u00e2metro do fio aplic\u00e1vel \u00e9 1,7-3,5.<br><\/li> <\/ol>    <h2 class=\"wp-block-heading\" id=\"h-what-are-the-benefits-of-hanger-coating-plastic\">Quais s\u00e3o os benef\u00edcios do pl\u00e1stico para revestimento de cabides?<\/h2>    <figure class=\"wp-block-image size-full\"><img loading=\"lazy\" decoding=\"async\" width=\"720\" height=\"540\" src=\"https:\/\/hangermachinery.com\/wp-content\/uploads\/2022\/07\/\u4ea7\u54c1.webp\" alt=\"cabide de revestimento de pl\u00e1stico\" class=\"wp-image-332\" title=\"\" srcset=\"https:\/\/hangermachinery.com\/wp-content\/uploads\/2022\/07\/\u4ea7\u54c1.webp 720w, https:\/\/hangermachinery.com\/wp-content\/uploads\/2022\/07\/\u4ea7\u54c1-300x225.webp 300w\" sizes=\"auto, (max-width: 720px) 100vw, 720px\" \/><figcaption class=\"wp-element-caption\">Pl\u00e1stico de revestimento de cabide<\/figcaption><\/figure>    <p>O processo de imers\u00e3o tem caracter\u00edsticas de n\u00e3o toxicidade, resist\u00eancia ao desgaste, resist\u00eancia \u00e0 luz, cor brilhante e boa sensa\u00e7\u00e3o ao toque. Agora, produtos mergulhados em pl\u00e1stico e revestidos de pl\u00e1stico tamb\u00e9m podem ser vistos muito no dia a dia, como halteres mergulhados em pl\u00e1stico, principalmente os halteres impregnados com superf\u00edcies de c\u00e2nhamo. Existem tamb\u00e9m guarda-corpos. Os guarda-corpos anteriores eram f\u00e1ceis de cair da pintura, mas os guarda-corpos ap\u00f3s a imers\u00e3o podem ser usados \u200b\u200bpor v\u00e1rios anos sem desbotar, e as cores ainda s\u00e3o t\u00e3o brilhantes quanto novas. Ap\u00f3s anos de experi\u00eancia, o cabide revestido de borracha tornou-se um processo muito maduro e muito seguro e confi\u00e1vel. A empresa Shuliy possui uma linha completa de produ\u00e7\u00e3o de borracha, produ\u00e7\u00e3o totalmente automatizada.<\/p>    <h2 class=\"wp-block-heading\" id=\"h-parameters-of-hanger-product-machine\">Par\u00e2metros da m\u00e1quina de fazer cabides<\/h2>    <figure class=\"wp-block-image size-full\"><img loading=\"lazy\" decoding=\"async\" width=\"720\" height=\"540\" src=\"https:\/\/hangermachinery.com\/wp-content\/uploads\/2022\/07\/wire-cloth-hanger-machine.webp\" alt=\"m\u00e1quina de fazer cabides\" class=\"wp-image-333\" title=\"\" srcset=\"https:\/\/hangermachinery.com\/wp-content\/uploads\/2022\/07\/wire-cloth-hanger-machine.webp 720w, https:\/\/hangermachinery.com\/wp-content\/uploads\/2022\/07\/wire-cloth-hanger-machine-300x225.webp 300w\" sizes=\"auto, (max-width: 720px) 100vw, 720px\" \/><figcaption class=\"wp-element-caption\">M\u00e1quina de cabide de arame<\/figcaption><\/figure>    <figure class=\"wp-block-table\"><table><tbody><tr><td>Modelo &nbsp;<\/td><td>SL-40 &nbsp;<\/td><\/tr><tr><td>Capacidade &nbsp;<\/td><td>30-40 unidades\/minuto &nbsp;<\/td><\/tr><tr><td>Di\u00e2metro do fio &nbsp;<\/td><td>Customizar &nbsp;<\/td><\/tr><tr><td>Tens\u00e3o &nbsp;<\/td><td>220V\/380V &nbsp;<\/td><\/tr><tr><td>Tamanho do cabide &nbsp;<\/td><td>Customizar &nbsp;<\/td><\/tr><tr><td>Peso l\u00edquido &nbsp;<\/td><td>700KG &nbsp;<\/td><\/tr><tr><td>Tamanho da m\u00e1quina &nbsp;<\/td><td>1800*800*1650mm &nbsp;<\/td><\/tr><\/tbody><\/table><figcaption class=\"wp-element-caption\">m\u00e1quina de fazer cabides<\/figcaption><\/figure>    <h2 class=\"wp-block-heading\" id=\"h-hanger-product-machine-producing-the-size-of-the-hanger\">M\u00e1quina de produto de cabide produzindo o tamanho do cabide<\/h2>    <figure class=\"wp-block-image size-full\"><img loading=\"lazy\" decoding=\"async\" width=\"720\" height=\"540\" src=\"https:\/\/hangermachinery.com\/wp-content\/uploads\/2022\/07\/size-of-the-hanger.webp\" alt=\"tamanho do cabide\" class=\"wp-image-334\" title=\"\" srcset=\"https:\/\/hangermachinery.com\/wp-content\/uploads\/2022\/07\/size-of-the-hanger.webp 720w, https:\/\/hangermachinery.com\/wp-content\/uploads\/2022\/07\/size-of-the-hanger-300x225.webp 300w\" sizes=\"auto, (max-width: 720px) 100vw, 720px\" \/><figcaption class=\"wp-element-caption\">Tamanho do cabide<\/figcaption><\/figure>    <p>O tamanho do cabide pode ser de 16 a 19 polegadas. O di\u00e2metro do fio das mat\u00e9rias-primas utilizadas \u00e9 geralmente de 1,6-3,8 mm. Geralmente, quanto maior o di\u00e2metro do fio utilizado, melhor ser\u00e1 o suporte do cabide e mais dur\u00e1vel ser\u00e1 o cabide. Al\u00e9m disso, o molde da m\u00e1quina de fazer cabides pode ser customizado, basta nos enviar a foto e o tamanho do cabide e providenciaremos para que o designer e a equipe da f\u00e1brica fa\u00e7am o molde espec\u00edfico.<\/p>    <h2 class=\"wp-block-heading\" id=\"h-use-of-coat-hanger-making-machine\">Uso de um fabricante de cabides<\/h2>    <figure class=\"wp-block-embed is-type-video is-provider-youtube wp-block-embed-youtube wp-embed-aspect-16-9 wp-has-aspect-ratio\"><div class=\"wp-block-embed__wrapper\"> <iframe loading=\"lazy\" title=\"M\u00e1quina para fabricar cabides est\u00e1 vendendo bem na Ar\u00e1bia Saudita | como voc\u00ea faz cabide de a\u00e7o? | cabides\" width=\"500\" height=\"281\" src=\"https:\/\/www.youtube.com\/embed\/WjJTmsKK8mA?feature=oembed\" frameborder=\"0\" allow=\"accelerometer; autoplay; clipboard-write; encrypted-media; gyroscope; picture-in-picture; web-share\" referrerpolicy=\"strict-origin-when-cross-origin\" allowfullscreen><\/iframe> <\/div><figcaption class=\"wp-element-caption\">V\u00eddeo\u00a0de\u00a0fabrica\u00e7\u00e3o de cabides\u00a0de\u00a0m\u00e1quina funcionando<\/figcaption><\/figure>    <p>Quando a m\u00e1quina formadora de cabide revestido de borracha estiver em uso quando o interruptor autom\u00e1tico da linha estiver ligado, a m\u00e1quina formadora de cabide autom\u00e1tica mudar\u00e1 a m\u00e1quina principal para o interruptor manual e, em seguida, tocar\u00e1 no interruptor para introduzir a linha na faca de alfaiate , quando entra no molde. Observe se o fio est\u00e1 endireitado. Na m\u00e1quina formadora de cabide de metal, o fio deve ser endireitado. Observe o comprimento do fio, gire a roda de press\u00e3o do cabo de tra\u00e7\u00e3o, a m\u00e1quina formadora de cabide, o aperto \u00e9 o comprimento do fio, o pre\u00e7o da m\u00e1quina de fazer cabide e o solto \u00e9 o fio curto.<\/p>    <h2 class=\"wp-block-heading\" id=\"h-maintenance-of-coating-hanger-machine\">Manuten\u00e7\u00e3o da m\u00e1quina de fazer cabides<\/h2>    <figure class=\"wp-block-image size-full\"><img loading=\"lazy\" decoding=\"async\" width=\"720\" height=\"540\" src=\"https:\/\/hangermachinery.com\/wp-content\/uploads\/2022\/07\/hanger-product-machine.webp\" alt=\"m\u00e1quina de fazer cabides\" class=\"wp-image-335\" title=\"\" srcset=\"https:\/\/hangermachinery.com\/wp-content\/uploads\/2022\/07\/hanger-product-machine.webp 720w, https:\/\/hangermachinery.com\/wp-content\/uploads\/2022\/07\/hanger-product-machine-300x225.webp 300w\" sizes=\"auto, (max-width: 720px) 100vw, 720px\" \/><figcaption class=\"wp-element-caption\">M\u00e1quina para fazer cabides<\/figcaption><\/figure>    <p class=\"translation-block\">A manuten\u00e7\u00e3o da <a href=\"https:\/\/hangermachinery.com\/pt\/product\/pvc-coated-wire-hanger-production-line\/\">m\u00e1quina de forma\u00e7\u00e3o de cabides revestidos<\/a> \u00e9 muito importante. Quando a m\u00e1quina de fazer cabides n\u00e3o estiver mais funcionando, a energia deve ser cortada, e a m\u00e1quina de fazer cabides n\u00e3o deve ser utilizada sob a condi\u00e7\u00e3o de proibi\u00e7\u00e3o de energia a longo prazo. Quando o interruptor estiver ligado, o host deve ser colocado em manual, e ent\u00e3o o interruptor deve ser acionado para introduzir o fio na faca do alfaiate quando entrar no molde. Observe se o fio est\u00e1 endireitado, o fio deve ser endireitado.<\/p>    <h2 class=\"wp-block-heading\">M\u00e1quina de produ\u00e7\u00e3o de cabide vermelho<\/h2>    <figure class=\"wp-block-embed is-type-video is-provider-youtube wp-block-embed-youtube wp-embed-aspect-16-9 wp-has-aspect-ratio\"><div class=\"wp-block-embed__wrapper\"> <iframe loading=\"lazy\" title=\"M\u00e1quina de produ\u00e7\u00e3o de cabide vermelho | m\u00e1quina autom\u00e1tica de fazer cabides\" width=\"500\" height=\"281\" src=\"https:\/\/www.youtube.com\/embed\/N-iDUziwNoQ?feature=oembed\" frameborder=\"0\" allow=\"accelerometer; autoplay; clipboard-write; encrypted-media; gyroscope; picture-in-picture; web-share\" referrerpolicy=\"strict-origin-when-cross-origin\" allowfullscreen><\/iframe> <\/div><figcaption class=\"wp-element-caption\">m\u00e1quina de produ\u00e7\u00e3o de cabide<\/figcaption><\/figure>","protected":false},"excerpt":{"rendered":"<p>A m\u00e1quina de fazer cabides \u00e9 uma m\u00e1quina que usa fio de pl\u00e1stico para fazer cabides. <\/p>","protected":false},"author":1,"featured_media":328,"parent":0,"template":"","tags":[24,29],"product-type":[11,16],"class_list":["post-109","product","type-product","status-publish","has-post-thumbnail","hentry","tag-coat-hanger-making-machine","tag-hanger","product-type-product","product-type-coat-hanger-making-machine"],"_links":{"self":[{"href":"https:\/\/hangermachinery.com\/pt\/wp-json\/wp\/v2\/product\/109","targetHints":{"allow":["GET"]}}],"collection":[{"href":"https:\/\/hangermachinery.com\/pt\/wp-json\/wp\/v2\/product"}],"about":[{"href":"https:\/\/hangermachinery.com\/pt\/wp-json\/wp\/v2\/types\/product"}],"author":[{"embeddable":true,"href":"https:\/\/hangermachinery.com\/pt\/wp-json\/wp\/v2\/users\/1"}],"wp:featuredmedia":[{"embeddable":true,"href":"https:\/\/hangermachinery.com\/pt\/wp-json\/wp\/v2\/media\/328"}],"wp:attachment":[{"href":"https:\/\/hangermachinery.com\/pt\/wp-json\/wp\/v2\/media?parent=109"}],"wp:term":[{"taxonomy":"post_tag","embeddable":true,"href":"https:\/\/hangermachinery.com\/pt\/wp-json\/wp\/v2\/tags?post=109"},{"taxonomy":"product-type","embeddable":true,"href":"https:\/\/hangermachinery.com\/pt\/wp-json\/wp\/v2\/product-type?post=109"}],"curies":[{"name":"wp","href":"https:\/\/api.w.org\/{rel}","templated":true}]}}