{"id":120,"date":"2022-07-17T16:53:58","date_gmt":"2022-07-17T16:53:58","guid":{"rendered":"https:\/\/hangermachinery.com\/?post_type=product&#038;p=120"},"modified":"2022-09-28T17:58:25","modified_gmt":"2022-09-28T09:58:25","slug":"welding-wire-hanger-making-machine","status":"publish","type":"product","link":"https:\/\/hangermachinery.com\/pt\/product\/welding-wire-hanger-making-machine\/","title":{"rendered":"M\u00e1quina para fabricar cabides de arame de soldagem | m\u00e1quina de cabide de metal"},"content":{"rendered":"<p class=\"translation-block\">A m\u00e1quina de fabrico de cabides de arame de soldadura \u00e9 o equipamento para fabricar cabides. Uma m\u00e1quina de cabides de soldadura \u00e9 uma <a href=\"https:\/\/hangermachinery.com\/pt\/products\/plastic-coated-hanger-production-line\/\">m\u00e1quina de cabides autom\u00e1tica<\/a> inteligente que integra <a href=\"https:\/\/hangermachinery.com\/pt\/product\/galvanized-wire-hanger-machine\/\">forma\u00e7\u00e3o de cabides<\/a> e soldadura. Uma m\u00e1quina de cabides de 13-20 polegadas pode ser fabricada, e a forma e o tamanho da m\u00e1quina de fabrico de cabides de arame de soldadura podem ser personalizados. A m\u00e1quina de fabrico de cabides de arame de soldadura foi vendida para a Ar\u00e1bia Saudita, Paquist\u00e3o, M\u00e9xico, Austr\u00e1lia e outros locais e \u00e9 muito popular.<\/p>    <figure class=\"wp-block-image size-full\"><img loading=\"lazy\" decoding=\"async\" width=\"680\" height=\"680\" src=\"https:\/\/hangermachinery.com\/wp-content\/uploads\/2022\/07\/Welding-wire-hanger-making.webp\" alt=\"Fabrica\u00e7\u00e3o de cabides de\u00a0arame de soldagem\" class=\"wp-image-338\" title=\"\" srcset=\"https:\/\/hangermachinery.com\/wp-content\/uploads\/2022\/07\/Welding-wire-hanger-making.webp 680w, https:\/\/hangermachinery.com\/wp-content\/uploads\/2022\/07\/Welding-wire-hanger-making-300x300.webp 300w, https:\/\/hangermachinery.com\/wp-content\/uploads\/2022\/07\/Welding-wire-hanger-making-150x150.webp 150w\" sizes=\"auto, (max-width: 680px) 100vw, 680px\" \/><figcaption>Fabrica\u00e7\u00e3o de arame para soldagem<\/figcaption><\/figure>    <h2 class=\"wp-block-heading\" id=\"h-what-are-the-functions-of-hangers\">Quais s\u00e3o as fun\u00e7\u00f5es dos cabides?<\/h2>    <div class=\"wp-block-columns is-layout-flex wp-container-core-columns-is-layout-9d6595d7 wp-block-columns-is-layout-flex\"> <div class=\"wp-block-column is-layout-flow wp-block-column-is-layout-flow\" style=\"flex-basis:100%\"><div class=\"wp-block-image\"> <figure class=\"aligncenter size-full\"><img loading=\"lazy\" decoding=\"async\" width=\"720\" height=\"540\" src=\"https:\/\/hangermachinery.com\/wp-content\/uploads\/2022\/07\/galvanized-hangers-1.webp\" alt=\"cabides galvanizados\" class=\"wp-image-487\" title=\"\" srcset=\"https:\/\/hangermachinery.com\/wp-content\/uploads\/2022\/07\/galvanized-hangers-1.webp 720w, https:\/\/hangermachinery.com\/wp-content\/uploads\/2022\/07\/galvanized-hangers-1-300x225.webp 300w\" sizes=\"auto, (max-width: 720px) 100vw, 720px\" \/><figcaption>cabides galvanizados<\/figcaption><\/figure> <\/div><\/div> <\/div>    <p>O cabide pode ser usado para secar roupas na varanda para evitar que as roupas amassem durante a secagem; o cabide tamb\u00e9m pode ser usado no guarda-roupa para economizar espa\u00e7o no guarda-roupa e facilitar a busca pelas roupas, por isso o cabide estar\u00e1 em todas as fam\u00edlias, e muito importante. Nas lavanderias, as roupas dos clientes geralmente s\u00e3o penduradas diretamente em cabides para secar, o que pode evitar que as roupas esfreguem umas nas outras. Na ind\u00fastria do vestu\u00e1rio, os cabides s\u00e3o usados \u200b\u200bpara expor roupas, portanto, os cabides podem ser usados \u200b\u200bem resid\u00eancias e empresas.<\/p>   <div class=\"wp-block-image\"> <figure class=\"aligncenter size-full\"><img loading=\"lazy\" decoding=\"async\" width=\"720\" height=\"540\" src=\"https:\/\/hangermachinery.com\/wp-content\/uploads\/2022\/07\/Raw-material-for-welding-hanger-machine.webp\" alt=\"Mat\u00e9ria-prima para m\u00e1quina de cabide de soldagem\" class=\"wp-image-341\" title=\"\" srcset=\"https:\/\/hangermachinery.com\/wp-content\/uploads\/2022\/07\/Raw-material-for-welding-hanger-machine.webp 720w, https:\/\/hangermachinery.com\/wp-content\/uploads\/2022\/07\/Raw-material-for-welding-hanger-machine-300x225.webp 300w\" sizes=\"auto, (max-width: 720px) 100vw, 720px\" \/><figcaption>Mat\u00e9ria-prima para m\u00e1quina de cabide de soldagem<\/figcaption><\/figure> <\/div>   <h2 class=\"wp-block-heading\" id=\"h-raw-material-for-welding-wire-hanger-making-machine\">Mat\u00e9ria-prima para m\u00e1quina de fazer cabides de arame de solda<\/h2>   <div class=\"wp-block-image\"> <figure class=\"aligncenter size-full\"><img loading=\"lazy\" decoding=\"async\" width=\"720\" height=\"540\" src=\"https:\/\/hangermachinery.com\/wp-content\/uploads\/2022\/07\/Raw-material-for-welding-wire-hanger.webp\" alt=\"Mat\u00e9ria-prima para cabide de arame de soldagem\" class=\"wp-image-488\" title=\"\" srcset=\"https:\/\/hangermachinery.com\/wp-content\/uploads\/2022\/07\/Raw-material-for-welding-wire-hanger.webp 720w, https:\/\/hangermachinery.com\/wp-content\/uploads\/2022\/07\/Raw-material-for-welding-wire-hanger-300x225.webp 300w\" sizes=\"auto, (max-width: 720px) 100vw, 720px\" \/><figcaption>Mat\u00e9ria-prima para o cabide de fio de soldagem<\/figcaption><\/figure> <\/div>   <p class=\"translation-block\">As mat\u00e9rias-primas que podem ser utilizadas pela m\u00e1quina de cabides de soldadura incluem <a href=\"https:\/\/www.amazon.com\/galvanized-steel-wire\/s?k=galvanized+steel+wire\" data-type=\"URL\" data-id=\"https:\/\/www.amazon.com\/galvanized-steel-wire\/s?k=galvanized+steel+wire\" target=\"_blank\" rel=\"noopener\">arame galvanizado<\/a>, arame de ferro, alum\u00ednio e arame de carbono preto, etc., e arame de a\u00e7o inoxid\u00e1vel tamb\u00e9m pode ser utilizado. A interface da m\u00e1quina de soldadura \u00e9 muito lisa, e n\u00e3o h\u00e1 fio extra, o que poupar\u00e1 mat\u00e9rias-primas. Ap\u00f3s a pulveriza\u00e7\u00e3o, a interface da m\u00e1quina de soldadura pode ser completamente coberta. Este tipo de cabide \u00e9 mais bonito, pelo que \u00e9 a primeira escolha de muitos consumidores. Por isso, as vendas desta m\u00e1quina na nossa f\u00e1brica s\u00e3o muito elevadas.<\/p>    <h2 class=\"wp-block-heading\">Como usar uma m\u00e1quina para fazer cabides de arame de solda?<\/h2>    <figure class=\"wp-block-embed is-type-video is-provider-youtube wp-block-embed-youtube wp-embed-aspect-16-9 wp-has-aspect-ratio\"><div class=\"wp-block-embed__wrapper\"> <iframe loading=\"lazy\" title=\"Voc\u00ea sabe fazer cabides | m\u00e1quina para fabricar cabides de arame de soldagem | m\u00e1quina de cabide de metal\" width=\"500\" height=\"281\" src=\"https:\/\/www.youtube.com\/embed\/A5D1dnZ3Gu4?feature=oembed\" frameborder=\"0\" allow=\"accelerometer; autoplay; clipboard-write; encrypted-media; gyroscope; picture-in-picture; web-share\" referrerpolicy=\"strict-origin-when-cross-origin\" allowfullscreen><\/iframe> <\/div><\/figure>    <p>m\u00e1quina para fabricar cabides de arame de soldagem<\/p>    <h2 class=\"wp-block-heading\" id=\"h-the-principle-of-welding-wire-hanger-making-machine\">O princ\u00edpio da m\u00e1quina para fabricar cabides de arame de soldagem<\/h2>   <div class=\"wp-block-image\"> <figure class=\"aligncenter size-full\"><img loading=\"lazy\" decoding=\"async\" width=\"720\" height=\"540\" src=\"https:\/\/hangermachinery.com\/wp-content\/uploads\/2022\/07\/hanger-machine.webp\" alt=\"m\u00e1quina de cabide\" class=\"wp-image-342\" title=\"\" srcset=\"https:\/\/hangermachinery.com\/wp-content\/uploads\/2022\/07\/hanger-machine.webp 720w, https:\/\/hangermachinery.com\/wp-content\/uploads\/2022\/07\/hanger-machine-300x225.webp 300w\" sizes=\"auto, (max-width: 720px) 100vw, 720px\" \/><figcaption>m\u00e1quina de cabide<\/figcaption><\/figure> <\/div>   <p><br>A m\u00e1quina para fabricar cabides de fio de soldagem usa a tecnologia de soldagem de soldagem el\u00e9trica para conectar a interface da m\u00e1quina para fabricar cabides de fio de soldagem. Os suportes conectados por soldagem a ponto s\u00e3o mais fortes do que outros suportes e podem ser pulverizados na parte externa da m\u00e1quina posteriormente.<\/p>    <h2 class=\"wp-block-heading\" id=\"h-metal-hanger-product-machine-features\">Caracter\u00edsticas da m\u00e1quina de produto com cabide de metal<\/h2>    <p>Caracter\u00edsticas de soldagem da m\u00e1quina de solda de gancho de pl\u00e1stico: A m\u00e1quina de solda de gancho de pl\u00e1stico \u00e9 uma coluna quadrada, rolamento de guia linear, dispositivo de ajuste fino preciso e forte desempenho mec\u00e2nico; A m\u00e1quina para fazer cabides de fio de soldagem adota o transdutor de cer\u00e2mica piezoel\u00e9trico original alem\u00e3o e a sa\u00edda \u00e9 forte e est\u00e1vel; Corpo de eleva\u00e7\u00e3o el\u00e9trico, f\u00e1cil de operar e de alta resist\u00eancia. <\/p>    <p>A m\u00e1quina de solda com gancho de pl\u00e1stico adota a estrutura horizontal ajust\u00e1vel da cabe\u00e7a de soldagem, que \u00e9 conveniente para ajuste do molde, est\u00e1vel em uso e tem alta efici\u00eancia de soldagem; A m\u00e1quina de solda com gancho de pl\u00e1stico adota exclusivamente a estrutura de limite central da cabe\u00e7a de soldagem para garantir que o limite da cabe\u00e7a de soldagem n\u00e3o seja deslocado; a m\u00e1quina de solda de cabide de pl\u00e1stico \u00e9 fundida e formada por gravidade, e adota uma base grande e uma coluna quadrada com alta precis\u00e3o de soldagem e bela apar\u00eancia.<\/p>   <div class=\"wp-block-image\"> <figure class=\"aligncenter size-full\"><img loading=\"lazy\" decoding=\"async\" width=\"720\" height=\"540\" src=\"https:\/\/hangermachinery.com\/wp-content\/uploads\/2022\/07\/welding-hanger-machine-1.webp\" alt=\" m\u00e1quina de cabide de soldagem\" class=\"wp-image-343\" title=\"\" srcset=\"https:\/\/hangermachinery.com\/wp-content\/uploads\/2022\/07\/welding-hanger-machine-1.webp 720w, https:\/\/hangermachinery.com\/wp-content\/uploads\/2022\/07\/welding-hanger-machine-1-300x225.webp 300w\" sizes=\"auto, (max-width: 720px) 100vw, 720px\" \/><figcaption> m\u00e1quina de cabide de soldagem  <\/figcaption><\/figure> <\/div>   <h2 class=\"wp-block-heading\" id=\"h-welding-wire-hanger-making-machine-parameters\">Par\u00e2metros da m\u00e1quina para fabrica\u00e7\u00e3o de cabides de arame de soldagem<\/h2>    <figure class=\"wp-block-gallery has-nested-images columns-default is-cropped wp-block-gallery-2 is-layout-flex wp-block-gallery-is-layout-flex\"> <figure class=\"wp-block-image size-large\"><img loading=\"lazy\" decoding=\"async\" width=\"600\" height=\"400\" data-id=\"344\" src=\"https:\/\/hangermachinery.com\/wp-content\/uploads\/2022\/07\/welding-hanger-making.webp\" alt=\"fabrica\u00e7\u00e3o de cabide de soldagem\" class=\"wp-image-344\" title=\"\" srcset=\"https:\/\/hangermachinery.com\/wp-content\/uploads\/2022\/07\/welding-hanger-making.webp 600w, https:\/\/hangermachinery.com\/wp-content\/uploads\/2022\/07\/welding-hanger-making-300x200.webp 300w\" sizes=\"auto, (max-width: 600px) 100vw, 600px\" \/><figcaption>Fabrica\u00e7\u00e3o de cabides de soldagem<\/figcaption><\/figure>    <figure class=\"wp-block-image size-large\"><img loading=\"lazy\" decoding=\"async\" width=\"403\" height=\"314\" data-id=\"345\" src=\"https:\/\/hangermachinery.com\/wp-content\/uploads\/2022\/07\/welding-hanger-making-2.webp\" alt=\"fabrica\u00e7\u00e3o de cabide de soldagem \" class=\"wp-image-345\" title=\"\" srcset=\"https:\/\/hangermachinery.com\/wp-content\/uploads\/2022\/07\/welding-hanger-making-2.webp 403w, https:\/\/hangermachinery.com\/wp-content\/uploads\/2022\/07\/welding-hanger-making-2-300x234.webp 300w\" sizes=\"auto, (max-width: 403px) 100vw, 403px\" \/><figcaption>Fabrica\u00e7\u00e3o de cabides de soldagem <\/figcaption><\/figure> <\/figure>    <figure class=\"wp-block-table\"><table><tbody><tr><td>Capacidade<\/td><td>50 unidades\/min<\/td><\/tr><tr><td>Arame galvanizado<\/td><td>1,6 mm\u00a0~\u00a04,6 mm<\/td><\/tr><tr><td>Pot\u00eancia do motor<\/td><td>2,2 kW<\/td><\/tr><tr><td>Tamanho do cabide<\/td><td>14\u2033-19\u2033&nbsp;<\/td><\/tr><tr><td>Peso l\u00edquido<\/td><td>850kg<\/td><\/tr><tr><td>&nbsp;Dimens\u00e3o<\/td><td>M\u00e1quina de cabide: 1,4*1*1,6m\u00a0; Estrutura de arame fornecida: 1,2*1,2*1m &nbsp;<\/td><\/tr><\/tbody><\/table><figcaption>m\u00e1quina de produto de cabide de metal<\/figcaption><\/figure>    <h2 class=\"wp-block-heading\" id=\"h-metal-hanger-product-machine-case\">Caixa de m\u00e1quina de produto com cabide de metal<\/h2>    <figure class=\"wp-block-gallery has-nested-images columns-default is-cropped wp-block-gallery-3 is-layout-flex wp-block-gallery-is-layout-flex\"> <figure class=\"wp-block-image size-large\"><img loading=\"lazy\" decoding=\"async\" width=\"720\" height=\"540\" data-id=\"346\" src=\"https:\/\/hangermachinery.com\/wp-content\/uploads\/2022\/07\/hanger-machine-details.webp\" alt=\"detalhes da m\u00e1quina de cabide\" class=\"wp-image-346\" title=\"\" srcset=\"https:\/\/hangermachinery.com\/wp-content\/uploads\/2022\/07\/hanger-machine-details.webp 720w, https:\/\/hangermachinery.com\/wp-content\/uploads\/2022\/07\/hanger-machine-details-300x225.webp 300w\" sizes=\"auto, (max-width: 720px) 100vw, 720px\" \/><figcaption>Detalhes da m\u00e1quina de cabide<\/figcaption><\/figure>    <figure class=\"wp-block-image size-large\"><img loading=\"lazy\" decoding=\"async\" width=\"720\" height=\"540\" data-id=\"347\" src=\"https:\/\/hangermachinery.com\/wp-content\/uploads\/2022\/07\/hanger-1.webp\" alt=\"cabide\" class=\"wp-image-347\" title=\"\" srcset=\"https:\/\/hangermachinery.com\/wp-content\/uploads\/2022\/07\/hanger-1.webp 720w, https:\/\/hangermachinery.com\/wp-content\/uploads\/2022\/07\/hanger-1-300x225.webp 300w\" sizes=\"auto, (max-width: 720px) 100vw, 720px\" \/><figcaption>Cabide<\/figcaption><\/figure> <\/figure>    <p class=\"translation-block\"><br>Recentemente export\u00e1mos para o M\u00e9xico, o cliente queria comprar a nossa <a href=\"https:\/\/hangermachinery.com\/pt\/product\/coat-hanger-making-machine\/\">m\u00e1quina de cabides<\/a>, mas preocupado que as suas mat\u00e9rias-primas n\u00e3o fossem adequadas, fizemos uma liga\u00e7\u00e3o e pedimos ao cliente da m\u00e1quina de fabrico de cabides de arame de soldadura no M\u00e9xico para enviar uma c\u00f3pia das suas mat\u00e9rias-primas, e depois test\u00e1mos a m\u00e1quina na f\u00e1brica, e film\u00e1mos um v\u00eddeo para o cliente, e descobrimos que o efeito era bom, pelo que assinaram um contrato de compra, e o cliente mexicano comprou duas m\u00e1quinas de cabides. Personalizamos a m\u00e1quina para o cliente de acordo com a forma do cabide que o cliente deseja, para que o cliente possa ter boas vendas ao vender o cabide.<\/p>","protected":false},"excerpt":{"rendered":"<p>A m\u00e1quina para fazer cabides de arame de soldagem \u00e9 o equipamento para fazer cabides. <\/p>","protected":false},"author":1,"featured_media":337,"parent":0,"template":"","tags":[29,25],"product-type":[11,17],"class_list":["post-120","product","type-product","status-publish","has-post-thumbnail","hentry","tag-hanger","tag-welding-wire-hanger-making-machine","product-type-product","product-type-welding-wire-hanger-making-machine"],"_links":{"self":[{"href":"https:\/\/hangermachinery.com\/pt\/wp-json\/wp\/v2\/product\/120","targetHints":{"allow":["GET"]}}],"collection":[{"href":"https:\/\/hangermachinery.com\/pt\/wp-json\/wp\/v2\/product"}],"about":[{"href":"https:\/\/hangermachinery.com\/pt\/wp-json\/wp\/v2\/types\/product"}],"author":[{"embeddable":true,"href":"https:\/\/hangermachinery.com\/pt\/wp-json\/wp\/v2\/users\/1"}],"wp:featuredmedia":[{"embeddable":true,"href":"https:\/\/hangermachinery.com\/pt\/wp-json\/wp\/v2\/media\/337"}],"wp:attachment":[{"href":"https:\/\/hangermachinery.com\/pt\/wp-json\/wp\/v2\/media?parent=120"}],"wp:term":[{"taxonomy":"post_tag","embeddable":true,"href":"https:\/\/hangermachinery.com\/pt\/wp-json\/wp\/v2\/tags?post=120"},{"taxonomy":"product-type","embeddable":true,"href":"https:\/\/hangermachinery.com\/pt\/wp-json\/wp\/v2\/product-type?post=120"}],"curies":[{"name":"wp","href":"https:\/\/api.w.org\/{rel}","templated":true}]}}