{"id":132,"date":"2022-07-17T17:07:55","date_gmt":"2022-07-17T17:07:55","guid":{"rendered":"https:\/\/hangermachinery.com\/?post_type=product&#038;p=132"},"modified":"2022-12-02T16:31:35","modified_gmt":"2022-12-02T08:31:35","slug":"butterfly-type-hanger-product-machine","status":"publish","type":"product","link":"https:\/\/hangermachinery.com\/pt\/product\/butterfly-type-hanger-product-machine\/","title":{"rendered":"M\u00e1quina de produto de cabide tipo borboleta | m\u00e1quina de cabide"},"content":{"rendered":"<p class=\"translation-block\">A m\u00e1quina de produto tipo gancho borboleta \u00e9 uma m\u00e1quina utilizada para produzir ganchos. A <a href=\"https:\/\/hangermachinery.com\/pt\/products\/plastic-coated-hanger-production-line\/\">m\u00e1quina de produto de gancho de arame<\/a> utiliza mat\u00e9rias-primas como arame de ferro e <a href=\"https:\/\/en.wikipedia.org\/wiki\/Galvanization\" data-type=\"URL\" data-id=\"https:\/\/en.wikipedia.org\/wiki\/Galvanization\" target=\"_blank\" rel=\"noopener\">arame galvanizado<\/a> para ser mecanizado em ganchos, e a forma do gancho pode ser personalizada. Esta \u00e9 a m\u00e1quina de gancho em forma de borboleta. O gancho borboleta \u00e9 bonito em apar\u00eancia e tem um efeito antiderrapante no gancho.<\/p>    <figure class=\"wp-block-image size-full\"><img loading=\"lazy\" decoding=\"async\" width=\"720\" height=\"540\" src=\"https:\/\/hangermachinery.com\/wp-content\/uploads\/2022\/07\/Butterfly-type-hanger-.webp\" alt=\"Cabide\u00a0tipo\u00a0borboleta\" class=\"wp-image-350\" title=\"\" srcset=\"https:\/\/hangermachinery.com\/wp-content\/uploads\/2022\/07\/Butterfly-type-hanger-.webp 720w, https:\/\/hangermachinery.com\/wp-content\/uploads\/2022\/07\/Butterfly-type-hanger--300x225.webp 300w\" sizes=\"auto, (max-width: 720px) 100vw, 720px\" \/><figcaption class=\"wp-element-caption\">Cabide Tipo Borboleta<\/figcaption><\/figure>    <h2 class=\"wp-block-heading\" id=\"h-why-is-it-called-a-butterfly-hanger-machine\">Por que \u00e9 chamada de m\u00e1quina de cabide tipo borboleta?<\/h2>    <figure class=\"wp-block-embed is-type-video is-provider-youtube wp-block-embed-youtube wp-embed-aspect-16-9 wp-has-aspect-ratio\"><div class=\"wp-block-embed__wrapper\"> <iframe loading=\"lazy\" title=\"Uma f\u00e1brica de cabides de arame est\u00e1 funcionando na Ar\u00e1bia Saudita | m\u00e1quina de fazer gancho para cabide de roupas\" width=\"500\" height=\"281\" src=\"https:\/\/www.youtube.com\/embed\/MfuP8dbRTU4?feature=oembed\" frameborder=\"0\" allow=\"accelerometer; autoplay; clipboard-write; encrypted-media; gyroscope; picture-in-picture; web-share\" referrerpolicy=\"strict-origin-when-cross-origin\" allowfullscreen><\/iframe> <\/div><\/figure>    <p><br>Por que \u00e9 chamada de m\u00e1quina de pendurar borboletas? Como o formato do cabide \u00e9 \u00fanico, o formato do cabide \u00e9 um pouco semelhante \u00e0s asas de uma borboleta, por isso \u00e9 chamado de m\u00e1quina de cabide de borboleta. O formato da m\u00e1quina de cabide tipo borboleta \u00e9 muito bonito e, devido ao seu formato \u00fanico, a m\u00e1quina de cabide tamb\u00e9m tem um efeito antiderrapante. Portanto, a m\u00e1quina de pendurar borboletas \u00e9 um formato que muitas pessoas gostam.<\/p>    <h2 class=\"wp-block-heading\">Par\u00e2metro da m\u00e1quina do produto cabide tipo borboleta<\/h2>    <figure class=\"wp-block-table\"><table><tbody><tr><td>Modelo<\/td><td>SL-600<\/td><\/tr><tr><td>Capacidade<\/td><td>50 unidades\/h<\/td><\/tr><tr><td>Arame galvanizado<\/td><td>1,8 mm ~ 2,2 mm<\/td><\/tr><tr><td>Fio revestido de P.V.C\u00a0<\/td><td>2,8 mm ~ 3,6 mm<\/td><\/tr><tr><td>Motor<\/td><td>2 CV<\/td><\/tr><tr><td>Suporte de alimenta\u00e7\u00e3o de arame<\/td><td>2 CV<\/td><\/tr><tr><td>Tamanho do cabide<\/td><td>13-14cm para crian\u00e7as<br>15-19cm para adultos<\/td><\/tr><tr><td>Peso l\u00edquido<\/td><td>750kg<\/td><\/tr><tr><td>Tamanho da m\u00e1quina<\/td><td>1800*800*1650mm(C*L*A)<\/td><\/tr><\/tbody><\/table><\/figure>    <h2 class=\"wp-block-heading\" id=\"h-why-can-the-butterfly-type-hanger-product-machine-make-a-variety-of-shapes\">Por que a m\u00e1quina de cabide tipo borboleta pode fazer uma variedade de formatos?<\/h2>    <figure class=\"wp-block-image size-full\"><img loading=\"lazy\" decoding=\"async\" width=\"720\" height=\"540\" src=\"https:\/\/hangermachinery.com\/wp-content\/uploads\/2022\/07\/Butterfly-type-hanger-product-machine-4.webp\" alt=\"M\u00e1quina de produto de cabide tipo borboleta\" class=\"wp-image-437\" title=\"\" srcset=\"https:\/\/hangermachinery.com\/wp-content\/uploads\/2022\/07\/Butterfly-type-hanger-product-machine-4.webp 720w, https:\/\/hangermachinery.com\/wp-content\/uploads\/2022\/07\/Butterfly-type-hanger-product-machine-4-300x225.webp 300w\" sizes=\"auto, (max-width: 720px) 100vw, 720px\" \/><figcaption class=\"wp-element-caption\">M\u00e1quina de produto de cabide tipo borboleta<\/figcaption><\/figure>    <p>A m\u00e1quina de cabide borboleta pode fazer muitos formatos diferentes porque a m\u00e1quina de cabide pode mudar o molde, e o formato do cabide produzido por diferentes moldes ser\u00e1 diferente. Al\u00e9m disso, o tamanho do cabide tamb\u00e9m pode ser personalizado. Se voc\u00ea deseja produzir cabides de v\u00e1rios formatos, pode adquirir v\u00e1rios moldes para uso, para que possam ser produzidos diferentes cabides, permitindo que os clientes tenham mais op\u00e7\u00f5es.<\/p>    <h2 class=\"wp-block-heading\" id=\"h-size-of-the-butterfly-type-hanger-making-machine-to-produce-hangers\">Tamanho da m\u00e1quina de produto de cabide tipo borboleta para produzir cabides<\/h2>    <p>Observamos que alguns cabides possuem tamanhos diferentes, principalmente para crian\u00e7as e adultos, geralmente s\u00e3o utilizados cabides de tamanho 13-15 para crian\u00e7as e cabides de tamanho 16-20 para adultos, que podem ser realizados na m\u00e1quina durante a produ\u00e7\u00e3o. Ajuste direto para controlar o tamanho dos cabides de produ\u00e7\u00e3o.<\/p>    <div class=\"wp-block-media-text alignwide is-stacked-on-mobile\"><figure class=\"wp-block-media-text__media\"><img loading=\"lazy\" decoding=\"async\" width=\"720\" height=\"540\" src=\"https:\/\/hangermachinery.com\/wp-content\/uploads\/2022\/07\/Butterfly-type-hanger-product-machine-2.webp\" alt=\"M\u00e1quina de produto com cabide tipo borboleta\" class=\"wp-image-352 size-full\" title=\"\" srcset=\"https:\/\/hangermachinery.com\/wp-content\/uploads\/2022\/07\/Butterfly-type-hanger-product-machine-2.webp 720w, https:\/\/hangermachinery.com\/wp-content\/uploads\/2022\/07\/Butterfly-type-hanger-product-machine-2-300x225.webp 300w\" sizes=\"auto, (max-width: 720px) 100vw, 720px\" \/><\/figure><div class=\"wp-block-media-text__content\"> <p class=\"has-medium-font-size\">F\u00e1cil de operar<\/p> <\/div><\/div>    <div class=\"wp-block-media-text alignwide has-media-on-the-right is-stacked-on-mobile\"><div class=\"wp-block-media-text__content\"> <p class=\"has-medium-font-size\">Alta precis\u00e3o e tamanho consistente de cabides produzidos<\/p> <\/div><figure class=\"wp-block-media-text__media\"><img loading=\"lazy\" decoding=\"async\" width=\"720\" height=\"540\" src=\"https:\/\/hangermachinery.com\/wp-content\/uploads\/2022\/07\/Butterfly-type-hanger-product-machine-3.webp\" alt=\"M\u00e1quina de produto com cabide tipo borboleta\" class=\"wp-image-353 size-full\" title=\"\" srcset=\"https:\/\/hangermachinery.com\/wp-content\/uploads\/2022\/07\/Butterfly-type-hanger-product-machine-3.webp 720w, https:\/\/hangermachinery.com\/wp-content\/uploads\/2022\/07\/Butterfly-type-hanger-product-machine-3-300x225.webp 300w\" sizes=\"auto, (max-width: 720px) 100vw, 720px\" \/><\/figure><\/div>    <div class=\"wp-block-media-text alignwide is-stacked-on-mobile\"><figure class=\"wp-block-media-text__media\"><img loading=\"lazy\" decoding=\"async\" width=\"720\" height=\"540\" src=\"https:\/\/hangermachinery.com\/wp-content\/uploads\/2022\/07\/hanger-product-machine-1.webp\" alt=\"M\u00e1quina de produto com cabide tipo borboleta\" class=\"wp-image-354 size-full\" title=\"\" srcset=\"https:\/\/hangermachinery.com\/wp-content\/uploads\/2022\/07\/hanger-product-machine-1.webp 720w, https:\/\/hangermachinery.com\/wp-content\/uploads\/2022\/07\/hanger-product-machine-1-300x225.webp 300w\" sizes=\"auto, (max-width: 720px) 100vw, 720px\" \/><\/figure><div class=\"wp-block-media-text__content\"> <p class=\"has-medium-font-size\">Produto forte e dur\u00e1vel com alto valor<\/p> <\/div><\/div>    <h2 class=\"wp-block-heading\" id=\"h-what-are-the-advantages-of-metal-hangers-compared-with-other-hangers\">Quais s\u00e3o as vantagens dos cabides de metal em compara\u00e7\u00e3o com outros cabides<\/h2>    <figure class=\"wp-block-image size-full\"><img loading=\"lazy\" decoding=\"async\" width=\"720\" height=\"540\" src=\"https:\/\/hangermachinery.com\/wp-content\/uploads\/2022\/07\/0.56-1.webp\" alt=\" cabides de metal \" class=\"wp-image-355\" title=\"\" srcset=\"https:\/\/hangermachinery.com\/wp-content\/uploads\/2022\/07\/0.56-1.webp 720w, https:\/\/hangermachinery.com\/wp-content\/uploads\/2022\/07\/0.56-1-300x225.webp 300w\" sizes=\"auto, (max-width: 720px) 100vw, 720px\" \/><figcaption class=\"wp-element-caption\"> Cabides met\u00e1licos <\/figcaption><\/figure>    <ul class=\"wp-block-list\"> <li>Barato e dur\u00e1vel<\/li>    <li>Relativamente f\u00e1cil de produzir, adequado para produ\u00e7\u00e3o em massa;<\/li>    <li>Feito principalmente de arame, leve e pr\u00e1tico, muito adequado para uso dom\u00e9stico;<\/li>    <li>Apar\u00eancia requintada, v\u00e1rias cores<\/li>    <li>Os produtos de a\u00e7o inoxid\u00e1vel t\u00eam longa vida \u00fatil;<\/li>    <li>As mat\u00e9rias-primas met\u00e1licas podem ser recicladas at\u00e9 certo ponto<\/li> <\/ul>                <div class=\"wp-block-shuliy-wp-blocks-latest-posts has-2-columns\">                             <div class=\"shuliy-wp-blocks-latest-posts-item\">                     <a href=\"https:\/\/hangermachinery.com\/pt\/product\/cloth-hanger-machine\/\" target=\"_blank\">                         <img class=\"shuliy-wp-blocks-latest-posts-item__featured-image\" src=\"https:\/\/hangermachinery.com\/wp-content\/uploads\/2023\/06\/cloths-hanger-machine-for-sale.webp\" alt=\"\" \/>                     <\/a>                      <h2 class=\"shuliy-wp-blocks-latest-posts-item__title\">                         <a href=\"https:\/\/hangermachinery.com\/pt\/product\/cloth-hanger-machine\/\" target=\"_blank\">                             M\u00e1quina de cabide de pano                        <\/a>                     <\/h2>                 <\/div>                             <div class=\"shuliy-wp-blocks-latest-posts-item\">                     <a href=\"https:\/\/hangermachinery.com\/pt\/product\/raw-galvanized-wire\/\" target=\"_blank\">                         <img class=\"shuliy-wp-blocks-latest-posts-item__featured-image\" src=\"https:\/\/hangermachinery.com\/wp-content\/uploads\/2023\/01\/galvanized-wire-for-making-clothes-hangers.jpg\" alt=\"\" \/>                     <\/a>                      <h2 class=\"shuliy-wp-blocks-latest-posts-item__title\">                         <a href=\"https:\/\/hangermachinery.com\/pt\/product\/raw-galvanized-wire\/\" target=\"_blank\">                             Arame galvanizado bruto para fazer cabides                        <\/a>                     <\/h2>                 <\/div>                             <div class=\"shuliy-wp-blocks-latest-posts-item\">                     <a href=\"https:\/\/hangermachinery.com\/pt\/product\/butterfly-type-hanger-product-machine\/\" target=\"_blank\">                         <img class=\"shuliy-wp-blocks-latest-posts-item__featured-image\" src=\"https:\/\/hangermachinery.com\/wp-content\/uploads\/2022\/07\/Butterfly-type-hanger-product-machine.webp\" alt=\"\" \/>                     <\/a>                      <h2 class=\"shuliy-wp-blocks-latest-posts-item__title\">                         <a href=\"https:\/\/hangermachinery.com\/pt\/product\/butterfly-type-hanger-product-machine\/\" target=\"_blank\">                             M\u00e1quina de produto de cabide tipo borboleta | m\u00e1quina de cabide                        <\/a>                     <\/h2>                 <\/div>                             <div class=\"shuliy-wp-blocks-latest-posts-item\">                     <a href=\"https:\/\/hangermachinery.com\/pt\/product\/welding-wire-hanger-making-machine\/\" target=\"_blank\">                         <img class=\"shuliy-wp-blocks-latest-posts-item__featured-image\" src=\"https:\/\/hangermachinery.com\/wp-content\/uploads\/2022\/07\/Welding-wire-hanger-making-machine.webp\" alt=\"\" \/>                     <\/a>                      <h2 class=\"shuliy-wp-blocks-latest-posts-item__title\">                         <a href=\"https:\/\/hangermachinery.com\/pt\/product\/welding-wire-hanger-making-machine\/\" target=\"_blank\">                             M\u00e1quina para fabricar cabides de arame de soldagem | m\u00e1quina de cabide de metal                        <\/a>                     <\/h2>                 <\/div>                             <div class=\"shuliy-wp-blocks-latest-posts-item\">                     <a href=\"https:\/\/hangermachinery.com\/pt\/product\/coat-hanger-making-machine\/\" target=\"_blank\">                         <img class=\"shuliy-wp-blocks-latest-posts-item__featured-image\" src=\"https:\/\/hangermachinery.com\/wp-content\/uploads\/2022\/07\/Coat-Hanger-Making-Machine.webp\" alt=\"\" \/>                     <\/a>                      <h2 class=\"shuliy-wp-blocks-latest-posts-item__title\">                         <a href=\"https:\/\/hangermachinery.com\/pt\/product\/coat-hanger-making-machine\/\" target=\"_blank\">                             M\u00e1quina de fazer cabides | M\u00e1quina de produ\u00e7\u00e3o de cabides                        <\/a>                     <\/h2>                 <\/div>                     <\/div>","protected":false},"excerpt":{"rendered":"<p>Uma m\u00e1quina de produtos para cabides tipo borboleta \u00e9 uma m\u00e1quina usada para produzir cabides. <\/p>","protected":false},"author":1,"featured_media":348,"parent":0,"template":"","tags":[29,30],"product-type":[11,18],"class_list":["post-132","product","type-product","status-publish","has-post-thumbnail","hentry","tag-hanger","tag-hanger-product-machine","product-type-product","product-type-butterfly-type-hanger-product-machine"],"_links":{"self":[{"href":"https:\/\/hangermachinery.com\/pt\/wp-json\/wp\/v2\/product\/132","targetHints":{"allow":["GET"]}}],"collection":[{"href":"https:\/\/hangermachinery.com\/pt\/wp-json\/wp\/v2\/product"}],"about":[{"href":"https:\/\/hangermachinery.com\/pt\/wp-json\/wp\/v2\/types\/product"}],"author":[{"embeddable":true,"href":"https:\/\/hangermachinery.com\/pt\/wp-json\/wp\/v2\/users\/1"}],"wp:featuredmedia":[{"embeddable":true,"href":"https:\/\/hangermachinery.com\/pt\/wp-json\/wp\/v2\/media\/348"}],"wp:attachment":[{"href":"https:\/\/hangermachinery.com\/pt\/wp-json\/wp\/v2\/media?parent=132"}],"wp:term":[{"taxonomy":"post_tag","embeddable":true,"href":"https:\/\/hangermachinery.com\/pt\/wp-json\/wp\/v2\/tags?post=132"},{"taxonomy":"product-type","embeddable":true,"href":"https:\/\/hangermachinery.com\/pt\/wp-json\/wp\/v2\/product-type?post=132"}],"curies":[{"name":"wp","href":"https:\/\/api.w.org\/{rel}","templated":true}]}}