{"id":559,"date":"2023-01-04T14:06:04","date_gmt":"2023-01-04T06:06:04","guid":{"rendered":"https:\/\/hangermachinery.com\/?post_type=product&#038;p=559"},"modified":"2023-01-04T14:06:05","modified_gmt":"2023-01-04T06:06:05","slug":"raw-galvanized-wire","status":"publish","type":"product","link":"https:\/\/hangermachinery.com\/pt\/product\/raw-galvanized-wire\/","title":{"rendered":"Arame galvanizado bruto para fazer cabides"},"content":{"rendered":"<p class=\"translation-block\">O fio galvanizado \u00e9 uma das mat\u00e9rias-primas para a fabrica\u00e7\u00e3o de <a href=\"https:\/\/hangermachinery.com\/pt\/product\/pvc-coated-wire-hanger-production-line\/\" data-type=\"URL\" data-id=\"https:\/\/hangermachinery.com\/product\/pvc-coated-wire-hanger-production-line\/\">cabides<\/a>. O fio de a\u00e7o galvanizado \u00e9 anticorrosivo, de boa qualidade e brilhante na superf\u00edcie, e muito adequado para o processamento de cabides. Al\u00e9m de vender cabides, a shuliy tamb\u00e9m exporta fio de a\u00e7o galvanizado, que \u00e9 a mat\u00e9ria-prima para a fabrica\u00e7\u00e3o de cabides.<\/p>   <div class=\"wp-block-image\"> <figure class=\"aligncenter size-full\"><img loading=\"lazy\" decoding=\"async\" width=\"720\" height=\"540\" src=\"https:\/\/hangermachinery.com\/wp-content\/uploads\/2023\/01\/galvanized-wire-1.jpg\" alt=\"arame galvanizado\" class=\"wp-image-573\" title=\"\" srcset=\"https:\/\/hangermachinery.com\/wp-content\/uploads\/2023\/01\/galvanized-wire-1.jpg 720w, https:\/\/hangermachinery.com\/wp-content\/uploads\/2023\/01\/galvanized-wire-1-300x225.jpg 300w\" sizes=\"auto, (max-width: 720px) 100vw, 720px\" \/><figcaption class=\"wp-element-caption\">arame galvanizado<\/figcaption><\/figure> <\/div>   <h2 class=\"wp-block-heading\">Introdu\u00e7\u00e3o de fio de a\u00e7o galvanizado para fabrica\u00e7\u00e3o de cabides<\/h2>    <p class=\"translation-block\">Para fazer cabides, o fio de a\u00e7o galvanizado \u00e9 indispens\u00e1vel. O di\u00e2metro comum deste fio galvanizado brilhante \u00e9 geralmente de 1,8-2,5 mm. A unidade de venda do fio galvanizado \u00e9 em toneladas, geralmente cinco toneladas. O fio galvanizado \u00e9 geralmente usado em amarra\u00e7\u00e3o de constru\u00e7\u00e3o, embalagem, telas de filtro, artesanato, <a href=\"https:\/\/www.urbandictionary.com\/define.php?term=hookup\" data-type=\"URL\" data-id=\"https:\/\/www.urbandictionary.com\/define.php?term=hookup\" target=\"_blank\" rel=\"noopener\">ganchos<\/a>, etc.<\/p>    <figure class=\"wp-block-gallery has-nested-images columns-default is-cropped wp-block-gallery-2 is-layout-flex wp-block-gallery-is-layout-flex\"> <figure class=\"wp-block-image size-large\"><img loading=\"lazy\" decoding=\"async\" width=\"720\" height=\"540\" data-id=\"568\" src=\"https:\/\/hangermachinery.com\/wp-content\/uploads\/2023\/01\/animal-cage.jpg\" alt=\"gaiola para animais\" class=\"wp-image-568\" title=\"\" srcset=\"https:\/\/hangermachinery.com\/wp-content\/uploads\/2023\/01\/animal-cage.jpg 720w, https:\/\/hangermachinery.com\/wp-content\/uploads\/2023\/01\/animal-cage-300x225.jpg 300w\" sizes=\"auto, (max-width: 720px) 100vw, 720px\" \/><figcaption class=\"wp-element-caption\">Gaiola de Animais<\/figcaption><\/figure>    <figure class=\"wp-block-image size-large\"><img loading=\"lazy\" decoding=\"async\" width=\"720\" height=\"540\" data-id=\"567\" src=\"https:\/\/hangermachinery.com\/wp-content\/uploads\/2023\/01\/for-construction.jpg\" alt=\"para constru\u00e7\u00e3o\" class=\"wp-image-567\" title=\"\" srcset=\"https:\/\/hangermachinery.com\/wp-content\/uploads\/2023\/01\/for-construction.jpg 720w, https:\/\/hangermachinery.com\/wp-content\/uploads\/2023\/01\/for-construction-300x225.jpg 300w\" sizes=\"auto, (max-width: 720px) 100vw, 720px\" \/><figcaption class=\"wp-element-caption\">Para constru\u00e7\u00e3o<\/figcaption><\/figure>    <figure class=\"wp-block-image size-large\"><img loading=\"lazy\" decoding=\"async\" width=\"720\" height=\"540\" data-id=\"566\" src=\"https:\/\/hangermachinery.com\/wp-content\/uploads\/2023\/01\/hook-up-1.jpg\" alt=\"ligar\" class=\"wp-image-566\" title=\"\" srcset=\"https:\/\/hangermachinery.com\/wp-content\/uploads\/2023\/01\/hook-up-1.jpg 720w, https:\/\/hangermachinery.com\/wp-content\/uploads\/2023\/01\/hook-up-1-300x225.jpg 300w\" sizes=\"auto, (max-width: 720px) 100vw, 720px\" \/><figcaption class=\"wp-element-caption\">Ligar<\/figcaption><\/figure>    <figure class=\"wp-block-image size-large\"><img loading=\"lazy\" decoding=\"async\" width=\"720\" height=\"540\" data-id=\"565\" src=\"https:\/\/hangermachinery.com\/wp-content\/uploads\/2023\/01\/hook-up.jpg\" alt=\"ligar\" class=\"wp-image-565\" title=\"\" srcset=\"https:\/\/hangermachinery.com\/wp-content\/uploads\/2023\/01\/hook-up.jpg 720w, https:\/\/hangermachinery.com\/wp-content\/uploads\/2023\/01\/hook-up-300x225.jpg 300w\" sizes=\"auto, (max-width: 720px) 100vw, 720px\" \/><figcaption class=\"wp-element-caption\">Ligar<\/figcaption><\/figure>    <figure class=\"wp-block-image size-large\"><img loading=\"lazy\" decoding=\"async\" width=\"720\" height=\"540\" data-id=\"564\" src=\"https:\/\/hangermachinery.com\/wp-content\/uploads\/2023\/01\/fence.jpg\" alt=\"cerca\" class=\"wp-image-564\" title=\"\" srcset=\"https:\/\/hangermachinery.com\/wp-content\/uploads\/2023\/01\/fence.jpg 720w, https:\/\/hangermachinery.com\/wp-content\/uploads\/2023\/01\/fence-300x225.jpg 300w\" sizes=\"auto, (max-width: 720px) 100vw, 720px\" \/><figcaption class=\"wp-element-caption\">Cerca<\/figcaption><\/figure>    <figure class=\"wp-block-image size-large\"><img loading=\"lazy\" decoding=\"async\" width=\"720\" height=\"540\" data-id=\"563\" src=\"https:\/\/hangermachinery.com\/wp-content\/uploads\/2023\/01\/hangre.jpg\" alt=\"pendurar\" class=\"wp-image-563\" title=\"\" srcset=\"https:\/\/hangermachinery.com\/wp-content\/uploads\/2023\/01\/hangre.jpg 720w, https:\/\/hangermachinery.com\/wp-content\/uploads\/2023\/01\/hangre-300x225.jpg 300w\" sizes=\"auto, (max-width: 720px) 100vw, 720px\" \/><figcaption class=\"wp-element-caption\">Hangr<\/figcaption><\/figure> <\/figure>    <h2 class=\"wp-block-heading\">Como escolher o di\u00e2metro do arame galvanizado?<\/h2>    <h3 class=\"wp-block-heading\">Considere suporte para cabide<\/h3>    <p>Uma delas \u00e9 considerar a for\u00e7a de suporte do cabide. Embora o peso das roupas secas no cabide seja relativamente leve, ele ainda tem um certo peso para roupas grossas, portanto, ainda \u00e9 necess\u00e1ria uma certa for\u00e7a de suporte.<\/p>   <div class=\"wp-block-image\"> <figure class=\"aligncenter size-full\"><img loading=\"lazy\" decoding=\"async\" width=\"720\" height=\"540\" src=\"https:\/\/hangermachinery.com\/wp-content\/uploads\/2023\/01\/galvanized-steel-wire-hangers.jpg\" alt=\"cabides de arame de a\u00e7o galvanizado\" class=\"wp-image-572\" title=\"\" srcset=\"https:\/\/hangermachinery.com\/wp-content\/uploads\/2023\/01\/galvanized-steel-wire-hangers.jpg 720w, https:\/\/hangermachinery.com\/wp-content\/uploads\/2023\/01\/galvanized-steel-wire-hangers-300x225.jpg 300w\" sizes=\"auto, (max-width: 720px) 100vw, 720px\" \/><figcaption class=\"wp-element-caption\">cabides de arame de a\u00e7o galvanizado<\/figcaption><\/figure> <\/div>   <h3 class=\"wp-block-heading\">Considere o custo<\/h3>    <p>Em segundo lugar, devemos considerar o custo do fio de a\u00e7o galvanizado. Este tipo de cabide descart\u00e1vel \u00e9 usado principalmente em lavanderias e hot\u00e9is, e doado diretamente aos clientes ap\u00f3s a lavagem das roupas. Portanto, o custo do cabide deve ser considerado, n\u00e3o devendo ser utilizado arame galvanizado muito grosso.<br>isso \u00e9 conhecido. O fio de a\u00e7o galvanizado \u00e9 vendido por tonelada, portanto, quanto mais espesso o di\u00e2metro do fio e menor o comprimento, menos ganchos ser\u00e3o produzidos, portanto, 1,8-2,5 mm \u00e9 o di\u00e2metro do fio de a\u00e7o galvanizado comumente usado.<\/p>    <h2 class=\"wp-block-heading\">Como s\u00e3o feitos os cabides<\/h2>    <p class=\"translation-block\">O <a href=\"https:\/\/hangermachinery.com\/pt\/product\/plastic-coated-hanger-production-line\/\">processo de produ\u00e7\u00e3o de cabides<\/a> \u00e9 relativamente simples. A principal mat\u00e9ria-prima para a produ\u00e7\u00e3o de cabides \u00e9 o fio galvanizado, que pode ser formado por processamento de m\u00e1quina. Neste momento, os cabides atendem \u00e0s necessidades de muitos clientes e consumidores, e esses tipos de cabides s\u00e3o muito populares porque s\u00e3o econ\u00f4micos.<\/p>    <figure class=\"wp-block-gallery has-nested-images columns-default is-cropped wp-block-gallery-3 is-layout-flex wp-block-gallery-is-layout-flex\"> <figure class=\"wp-block-image size-large\"><img loading=\"lazy\" decoding=\"async\" width=\"720\" height=\"540\" data-id=\"569\" src=\"https:\/\/hangermachinery.com\/wp-content\/uploads\/2023\/01\/galvanized-wire.jpg\" alt=\"arame galvanizado\" class=\"wp-image-569\" title=\"\" srcset=\"https:\/\/hangermachinery.com\/wp-content\/uploads\/2023\/01\/galvanized-wire.jpg 720w, https:\/\/hangermachinery.com\/wp-content\/uploads\/2023\/01\/galvanized-wire-300x225.jpg 300w\" sizes=\"auto, (max-width: 720px) 100vw, 720px\" \/><figcaption><\/figcaption><\/figure>    <figure class=\"wp-block-image size-large\"><img loading=\"lazy\" decoding=\"async\" width=\"720\" height=\"540\" data-id=\"570\" src=\"https:\/\/hangermachinery.com\/wp-content\/uploads\/2023\/01\/hangers.jpg\" alt=\"cabides\" class=\"wp-image-570\" title=\"\" srcset=\"https:\/\/hangermachinery.com\/wp-content\/uploads\/2023\/01\/hangers.jpg 720w, https:\/\/hangermachinery.com\/wp-content\/uploads\/2023\/01\/hangers-300x225.jpg 300w\" sizes=\"auto, (max-width: 720px) 100vw, 720px\" \/><figcaption class=\"wp-element-caption\">Cabides<\/figcaption><\/figure> <\/figure>    <p>Al\u00e9m da venda direta, tamb\u00e9m \u00e9 poss\u00edvel revestir os cabides e depois sec\u00e1-los. Nessa hora os cabides podem ser borrifados com diversas cores, assim ficam mais bonitos, e com a prote\u00e7\u00e3o do revestimento tamb\u00e9m ficam mais resistentes.<\/p>    <h2 class=\"wp-block-heading\">Vantagens do fio de a\u00e7o galvanizado <\/h2>    <p>O uso a longo prazo n\u00e3o \u00e9 f\u00e1cil de bordar<br>Superf\u00edcie brilhante, apar\u00eancia lisa e bonita<br>Camada uniforme de zinco e estrutura est\u00e1vel<br>O erro de di\u00e2metro do fio de a\u00e7o galvanizado \u00e9 pequeno, produ\u00e7\u00e3o unificada, controle rigoroso<\/p>    <h2 class=\"wp-block-heading\">Sobre hist\u00f3rias de sucesso de clientes de arame galvanizado<\/h2>   <div class=\"wp-block-image\"> <figure class=\"aligncenter size-full\"><img loading=\"lazy\" decoding=\"async\" width=\"720\" height=\"540\" src=\"https:\/\/hangermachinery.com\/wp-content\/uploads\/2023\/01\/galvanized-steel-wire-factory-1.jpg\" alt=\"f\u00e1brica de fio de a\u00e7o galvanizado\" class=\"wp-image-571\" title=\"\" srcset=\"https:\/\/hangermachinery.com\/wp-content\/uploads\/2023\/01\/galvanized-steel-wire-factory-1.jpg 720w, https:\/\/hangermachinery.com\/wp-content\/uploads\/2023\/01\/galvanized-steel-wire-factory-1-300x225.jpg 300w\" sizes=\"auto, (max-width: 720px) 100vw, 720px\" \/><figcaption class=\"wp-element-caption\">fio de a\u00e7o galvanizado <\/figcaption><\/figure> <\/div>   <p class=\"translation-block\">Exportamos <a href=\"https:\/\/hangermachinery.com\/pt\/product\/galvanized-wire-hanger-machine\/\" data-type=\"URL\" data-id=\"https:\/\/hangermachinery.com\/product\/galvanized-wire-hanger-machine\/\">cabides<\/a> e 8 toneladas de mat\u00e9rias-primas de fio de a\u00e7o galvanizado para os Emirados \u00c1rabes Unidos. Considerando fatores como pre\u00e7os locais de fio de a\u00e7o galvanizado e pre\u00e7os de fio galvanizado importado, o cliente encomendou diretamente mat\u00e9rias-primas de fio de a\u00e7o galvanizado ao comprar cabides. Desta forma, os clientes podem enviar a m\u00e1quina de cabides e o fio galvanizado juntos, o que economiza frete e reduz custos.<\/p>","protected":false},"excerpt":{"rendered":"<p>Galvanized wire is one of the raw materials for making clothes hangers. Galvanized steel wire is anti-corrosion, of good quality and bright on the surface, and very suitable for processing clothes hangers. In addition to selling clothes hangers, shuliy also exports galvanized steel wire, which is the raw material for making clothes hangers. Introduction of [&hellip;]<\/p>\n","protected":false},"author":1,"featured_media":560,"parent":0,"template":"","tags":[],"product-type":[11],"class_list":["post-559","product","type-product","status-publish","has-post-thumbnail","hentry","product-type-product"],"_links":{"self":[{"href":"https:\/\/hangermachinery.com\/pt\/wp-json\/wp\/v2\/product\/559","targetHints":{"allow":["GET"]}}],"collection":[{"href":"https:\/\/hangermachinery.com\/pt\/wp-json\/wp\/v2\/product"}],"about":[{"href":"https:\/\/hangermachinery.com\/pt\/wp-json\/wp\/v2\/types\/product"}],"author":[{"embeddable":true,"href":"https:\/\/hangermachinery.com\/pt\/wp-json\/wp\/v2\/users\/1"}],"wp:featuredmedia":[{"embeddable":true,"href":"https:\/\/hangermachinery.com\/pt\/wp-json\/wp\/v2\/media\/560"}],"wp:attachment":[{"href":"https:\/\/hangermachinery.com\/pt\/wp-json\/wp\/v2\/media?parent=559"}],"wp:term":[{"taxonomy":"post_tag","embeddable":true,"href":"https:\/\/hangermachinery.com\/pt\/wp-json\/wp\/v2\/tags?post=559"},{"taxonomy":"product-type","embeddable":true,"href":"https:\/\/hangermachinery.com\/pt\/wp-json\/wp\/v2\/product-type?post=559"}],"curies":[{"name":"wp","href":"https:\/\/api.w.org\/{rel}","templated":true}]}}