{"id":82,"date":"2022-07-17T15:17:04","date_gmt":"2022-07-17T15:17:04","guid":{"rendered":"https:\/\/hangermachinery.com\/?post_type=product&#038;p=82"},"modified":"2023-03-16T09:25:15","modified_gmt":"2023-03-16T01:25:15","slug":"plastic-coated-hanger-production-line","status":"publish","type":"product","link":"https:\/\/hangermachinery.com\/pt\/product\/plastic-coated-hanger-production-line\/","title":{"rendered":"Linha de produ\u00e7\u00e3o de cabides revestidos de pl\u00e1stico | m\u00e1quina de cabide de pano"},"content":{"rendered":"<p class=\"translation-block\">A linha de produ\u00e7\u00e3o de cabides revestidos a pl\u00e1stico \u00e9 o equipamento para produzir cabides de roupa. As mat\u00e9rias-primas s\u00e3o principalmente arames galvanizados. A linha de produ\u00e7\u00e3o de cabides pulverizados produz cabides atrav\u00e9s da <a href=\"https:\/\/hangermachinery.com\/pt\/product\/galvanized-wire-hanger-machine\/\">m\u00e1quina formadora de cabides<\/a>, m\u00e1quina de pulveriza\u00e7\u00e3o, m\u00e1quina de reciclagem Sufen e secador. A mat\u00e9ria-prima para a produ\u00e7\u00e3o de cabides \u00e9 principalmente arame galvanizado. A nossa linha de produ\u00e7\u00e3o de cabides revestidos a pl\u00e1stico tem sido vendida para a Ar\u00e1bia Saudita, Austr\u00e1lia, M\u00e9xico, Su\u00e9cia, I\u00e9men e outros pa\u00edses.<\/p>    <figure class=\"wp-block-gallery has-nested-images columns-default is-cropped wp-block-gallery-2 is-layout-flex wp-block-gallery-is-layout-flex\"> <figure class=\"wp-block-image size-large\"><img loading=\"lazy\" decoding=\"async\" width=\"720\" height=\"540\" data-id=\"471\" src=\"https:\/\/hangermachinery.com\/wp-content\/uploads\/2022\/07\/red-hanger.webp\" alt=\"cabide vermelho\" class=\"wp-image-471\" title=\"\" srcset=\"https:\/\/hangermachinery.com\/wp-content\/uploads\/2022\/07\/red-hanger.webp 720w, https:\/\/hangermachinery.com\/wp-content\/uploads\/2022\/07\/red-hanger-300x225.webp 300w\" sizes=\"auto, (max-width: 720px) 100vw, 720px\" \/><figcaption class=\"wp-element-caption\">Cabide Vermelho<\/figcaption><\/figure>    <figure class=\"wp-block-image size-large\"><img loading=\"lazy\" decoding=\"async\" width=\"720\" height=\"540\" data-id=\"473\" src=\"https:\/\/hangermachinery.com\/wp-content\/uploads\/2022\/07\/cyan-hanger.webp\" alt=\"cabide ciano\" class=\"wp-image-473\" title=\"\" srcset=\"https:\/\/hangermachinery.com\/wp-content\/uploads\/2022\/07\/cyan-hanger.webp 720w, https:\/\/hangermachinery.com\/wp-content\/uploads\/2022\/07\/cyan-hanger-300x225.webp 300w\" sizes=\"auto, (max-width: 720px) 100vw, 720px\" \/><figcaption class=\"wp-element-caption\">Cabide Ciano<\/figcaption><\/figure>    <figure class=\"wp-block-image size-large\"><img loading=\"lazy\" decoding=\"async\" width=\"720\" height=\"540\" data-id=\"472\" src=\"https:\/\/hangermachinery.com\/wp-content\/uploads\/2022\/07\/pink-hanger.webp\" alt=\"cabide rosa\" class=\"wp-image-472\" title=\"\" srcset=\"https:\/\/hangermachinery.com\/wp-content\/uploads\/2022\/07\/pink-hanger.webp 720w, https:\/\/hangermachinery.com\/wp-content\/uploads\/2022\/07\/pink-hanger-300x225.webp 300w\" sizes=\"auto, (max-width: 720px) 100vw, 720px\" \/><figcaption class=\"wp-element-caption\">Cabide Rosa<\/figcaption><\/figure>    <figure class=\"wp-block-image size-large\"><img loading=\"lazy\" decoding=\"async\" width=\"720\" height=\"540\" data-id=\"474\" src=\"https:\/\/hangermachinery.com\/wp-content\/uploads\/2022\/07\/blue-white-hanger.webp\" alt=\"cabide branco azul\" class=\"wp-image-474\" title=\"\" srcset=\"https:\/\/hangermachinery.com\/wp-content\/uploads\/2022\/07\/blue-white-hanger.webp 720w, https:\/\/hangermachinery.com\/wp-content\/uploads\/2022\/07\/blue-white-hanger-300x225.webp 300w\" sizes=\"auto, (max-width: 720px) 100vw, 720px\" \/><figcaption class=\"wp-element-caption\">Cabide Azul Branco<\/figcaption><\/figure>    <figure class=\"wp-block-image size-large\"><img loading=\"lazy\" decoding=\"async\" width=\"720\" height=\"540\" data-id=\"476\" src=\"https:\/\/hangermachinery.com\/wp-content\/uploads\/2022\/07\/yellow-hanger.webp\" alt=\"cabide amarelo\" class=\"wp-image-476\" title=\"\" srcset=\"https:\/\/hangermachinery.com\/wp-content\/uploads\/2022\/07\/yellow-hanger.webp 720w, https:\/\/hangermachinery.com\/wp-content\/uploads\/2022\/07\/yellow-hanger-300x225.webp 300w\" sizes=\"auto, (max-width: 720px) 100vw, 720px\" \/><figcaption class=\"wp-element-caption\">Cabide Amarelo<\/figcaption><\/figure>    <figure class=\"wp-block-image size-large\"><img loading=\"lazy\" decoding=\"async\" width=\"720\" height=\"540\" data-id=\"475\" src=\"https:\/\/hangermachinery.com\/wp-content\/uploads\/2022\/07\/blue-hanger.webp\" alt=\"cabide azul\" class=\"wp-image-475\" title=\"\" srcset=\"https:\/\/hangermachinery.com\/wp-content\/uploads\/2022\/07\/blue-hanger.webp 720w, https:\/\/hangermachinery.com\/wp-content\/uploads\/2022\/07\/blue-hanger-300x225.webp 300w\" sizes=\"auto, (max-width: 720px) 100vw, 720px\" \/><figcaption class=\"wp-element-caption\">Cabide Azul<\/figcaption><\/figure> <\/figure>    <h2 class=\"wp-block-heading\">V\u00eddeo da linha de produ\u00e7\u00e3o de cabides revestidos de pl\u00e1stico<\/h2>    <p>Este \u00e9 um v\u00eddeo de uma linha completa de produ\u00e7\u00e3o de cabides revestidos de pl\u00e1stico, incluindo forma\u00e7\u00e3o de cabides, pulveriza\u00e7\u00e3o de cabides, secagem de cabides e embalagem de cabides. desde arame galvanizado de mat\u00e9ria-prima at\u00e9 embalagens de m\u00e1quinas de cabide,<\/p>    <figure class=\"wp-block-embed is-type-video is-provider-youtube wp-block-embed-youtube wp-embed-aspect-16-9 wp-has-aspect-ratio\"><div class=\"wp-block-embed__wrapper\"> <iframe loading=\"lazy\" title=\"De que pl\u00e1stico s\u00e3o feitos os cabides? | Linha de produ\u00e7\u00e3o revestida pl\u00e1stica #wirerecycling do gancho\" width=\"500\" height=\"281\" src=\"https:\/\/www.youtube.com\/embed\/khzFz25QZKA?start=2&#038;feature=oembed\" frameborder=\"0\" allow=\"accelerometer; autoplay; clipboard-write; encrypted-media; gyroscope; picture-in-picture; web-share\" referrerpolicy=\"strict-origin-when-cross-origin\" allowfullscreen><\/iframe> <\/div><figcaption class=\"wp-element-caption\">linha de produ\u00e7\u00e3o de cabide revestido de pl\u00e1stico<\/figcaption><\/figure>    <h2 class=\"wp-block-heading\" id=\"h-the-raw-materials-of-the-plastic-coated-hanger-production-line\">As mat\u00e9rias-primas da linha de produ\u00e7\u00e3o de cabides revestidos de pl\u00e1stico<\/h2>    <figure class=\"wp-block-image size-full\"><img loading=\"lazy\" decoding=\"async\" width=\"720\" height=\"540\" src=\"https:\/\/hangermachinery.com\/wp-content\/uploads\/2022\/07\/Galvanized-wire-for-making-hangers.webp\" alt=\"Arame galvanizado para fazer cabides\" class=\"wp-image-303\" title=\"\" srcset=\"https:\/\/hangermachinery.com\/wp-content\/uploads\/2022\/07\/Galvanized-wire-for-making-hangers.webp 720w, https:\/\/hangermachinery.com\/wp-content\/uploads\/2022\/07\/Galvanized-wire-for-making-hangers-300x225.webp 300w\" sizes=\"auto, (max-width: 720px) 100vw, 720px\" \/><figcaption class=\"wp-element-caption\">Arame galvanizado para fazer cabides<\/figcaption><\/figure>    <p>A mat\u00e9ria-prima para fazer o cabide pode ser arame galvanizado, arame de ferro, arame de a\u00e7o, arame de a\u00e7o inoxid\u00e1vel, etc. A mat\u00e9ria-prima para fazer o cabide \u00e9 geralmente arame de ferro galvanizado de 1,8 mm a 2,0 mm, e o di\u00e2metro m\u00e1ximo do arame de ferro que pode ser processado \u00e9 de 2,5 mm. Ao alterar o molde da m\u00e1quina, o tamanho do cabide pode ser alterado, podendo produzir cabides para adultos e cabides infantis.<\/p>    <h2 class=\"wp-block-heading\" id=\"h-the-production-process-of-plastic-coated-hanger-production-line\">O processo de produ\u00e7\u00e3o da linha de produ\u00e7\u00e3o de cabides revestidos de pl\u00e1stico<\/h2>    <figure class=\"wp-block-gallery has-nested-images columns-4 is-cropped wp-block-gallery-3 is-layout-flex wp-block-gallery-is-layout-flex\"> <figure class=\"wp-block-image size-full\"><img loading=\"lazy\" decoding=\"async\" width=\"720\" height=\"540\" data-id=\"304\" src=\"https:\/\/hangermachinery.com\/wp-content\/uploads\/2022\/07\/Plastic-coated-hanger-production-line.webp\" alt=\"\" class=\"wp-image-304\" title=\"\" srcset=\"https:\/\/hangermachinery.com\/wp-content\/uploads\/2022\/07\/Plastic-coated-hanger-production-line.webp 720w, https:\/\/hangermachinery.com\/wp-content\/uploads\/2022\/07\/Plastic-coated-hanger-production-line-300x225.webp 300w\" sizes=\"auto, (max-width: 720px) 100vw, 720px\" \/><figcaption class=\"wp-element-caption\">Linha de produ\u00e7\u00e3o de cabide revestido de pl\u00e1stico<\/figcaption><\/figure>    <figure class=\"wp-block-image size-full\"><img loading=\"lazy\" decoding=\"async\" width=\"720\" height=\"540\" data-id=\"305\" src=\"https:\/\/hangermachinery.com\/wp-content\/uploads\/2022\/07\/Plastic-coated-hanger-production-line-2.jpg\" alt=\"Linha de produ\u00e7\u00e3o de cabides revestidos de pl\u00e1stico\" class=\"wp-image-305\" title=\"\" srcset=\"https:\/\/hangermachinery.com\/wp-content\/uploads\/2022\/07\/Plastic-coated-hanger-production-line-2.jpg 720w, https:\/\/hangermachinery.com\/wp-content\/uploads\/2022\/07\/Plastic-coated-hanger-production-line-2-300x225.jpg 300w\" sizes=\"auto, (max-width: 720px) 100vw, 720px\" \/><figcaption class=\"wp-element-caption\">Linha de produ\u00e7\u00e3o e cabide de pl\u00e1stico revestido<\/figcaption><\/figure>    <figure class=\"wp-block-image size-full\"><img loading=\"lazy\" decoding=\"async\" width=\"720\" height=\"540\" data-id=\"306\" src=\"https:\/\/hangermachinery.com\/wp-content\/uploads\/2022\/07\/Plastic-coated-hanger-production-line.jpg\" alt=\"\" class=\"wp-image-306\" title=\"\" srcset=\"https:\/\/hangermachinery.com\/wp-content\/uploads\/2022\/07\/Plastic-coated-hanger-production-line.jpg 720w, https:\/\/hangermachinery.com\/wp-content\/uploads\/2022\/07\/Plastic-coated-hanger-production-line-300x225.jpg 300w\" sizes=\"auto, (max-width: 720px) 100vw, 720px\" \/><figcaption class=\"wp-element-caption\">Linha de produ\u00e7\u00e3o e cabide de pl\u00e1stico revestido<\/figcaption><\/figure>    <figure class=\"wp-block-image size-full\"><img loading=\"lazy\" decoding=\"async\" width=\"720\" height=\"540\" data-id=\"307\" src=\"https:\/\/hangermachinery.com\/wp-content\/uploads\/2022\/07\/Plastic-coated-hanger-production-line-4.jpg\" alt=\"Linha de produ\u00e7\u00e3o de cabides revestidos de pl\u00e1stico\" class=\"wp-image-307\" title=\"\" srcset=\"https:\/\/hangermachinery.com\/wp-content\/uploads\/2022\/07\/Plastic-coated-hanger-production-line-4.jpg 720w, https:\/\/hangermachinery.com\/wp-content\/uploads\/2022\/07\/Plastic-coated-hanger-production-line-4-300x225.jpg 300w\" sizes=\"auto, (max-width: 720px) 100vw, 720px\" \/><figcaption class=\"wp-element-caption\">Linha de produ\u00e7\u00e3o e cabide de pl\u00e1stico revestido<\/figcaption><\/figure> <\/figure>    <p>A m\u00e1quina de cabide em spray de pl\u00e1stico \u00e9 primeiro formada, depois pulverizada com p\u00f3 de pl\u00e1stico na parte externa do cabide e depois enviada para a caixa de secagem para secagem. Na m\u00e1quina de cabide, a pulveriza\u00e7\u00e3o de revestimento pl\u00e1stico \u00e9 um equipamento de cabide de produ\u00e7\u00e3o profissional e, considerando o problema de polui\u00e7\u00e3o ambiental, \u00e9 especialmente equipado com equipamento de reciclagem de p\u00f3 pl\u00e1stico, a efici\u00eancia de trabalho da m\u00e1quina de secagem \u00e9 muito alta e haver\u00e1 carrinhos que precisar\u00e3o para secar Quando os cabides s\u00e3o empurrados, vale muito a pena adquirir mais alguns carrinhos para rota\u00e7\u00e3o para que voc\u00ea possa trabalhar ininterruptamente e melhorar a efici\u00eancia da produ\u00e7\u00e3o.<\/p>    <figure class=\"wp-block-image size-full\"><img loading=\"lazy\" decoding=\"async\" width=\"720\" height=\"540\" src=\"https:\/\/hangermachinery.com\/wp-content\/uploads\/2022\/07\/Plastic-coated-hanger-production-machine.webp\" alt=\"M\u00e1quina de produ\u00e7\u00e3o de cabides revestidos de pl\u00e1stico \" class=\"wp-image-308\" title=\"\" srcset=\"https:\/\/hangermachinery.com\/wp-content\/uploads\/2022\/07\/Plastic-coated-hanger-production-machine.webp 720w, https:\/\/hangermachinery.com\/wp-content\/uploads\/2022\/07\/Plastic-coated-hanger-production-machine-300x225.webp 300w\" sizes=\"auto, (max-width: 720px) 100vw, 720px\" \/><figcaption class=\"wp-element-caption\">Linha de produ\u00e7\u00e3o de cabide revestido de pl\u00e1stico<\/figcaption><\/figure>    <h2 class=\"wp-block-heading\" id=\"h-injection-molding-machine\">M\u00e1quina de moldagem por inje\u00e7\u00e3o<\/h2>    <figure class=\"wp-block-image size-full\"><img loading=\"lazy\" decoding=\"async\" width=\"720\" height=\"540\" src=\"https:\/\/hangermachinery.com\/wp-content\/uploads\/2022\/07\/hanger-plastic-coated-sprayer.jpg\" alt=\"pulverizador revestido de pl\u00e1stico suspenso\" class=\"wp-image-313\" title=\"\" srcset=\"https:\/\/hangermachinery.com\/wp-content\/uploads\/2022\/07\/hanger-plastic-coated-sprayer.jpg 720w, https:\/\/hangermachinery.com\/wp-content\/uploads\/2022\/07\/hanger-plastic-coated-sprayer-300x225.jpg 300w\" sizes=\"auto, (max-width: 720px) 100vw, 720px\" \/><figcaption class=\"wp-element-caption\">Pulverizador revestido de pl\u00e1stico com gancho<\/figcaption><\/figure>    <p class=\"translation-block\">A perda \u00e9 baixa, a taxa de utiliza\u00e7\u00e3o da tinta \u00e9 melhorada, as part\u00edculas de tinta s\u00e3o pequenas e a taxa de ades\u00e3o \u00e9 boa. Ap\u00f3s a <a href=\"https:\/\/en.wikipedia.org\/wiki\/Thermal_spraying\" data-type=\"URL\" data-id=\"https:\/\/en.wikipedia.org\/wiki\/Thermal_spraying\" target=\"_blank\" rel=\"noopener\">pulveriza\u00e7\u00e3o<\/a>, pode ser rapidamente formada no cabide, e a tinta n\u00e3o cair\u00e1. A pistola pulverizadora pulveriza uniformemente, e o cabide pode ser pulverizado em v\u00e1rias cores. Ap\u00f3s a pulveriza\u00e7\u00e3o, o cabide n\u00e3o s\u00f3 \u00e9 bonito, mas tamb\u00e9m tem um efeito protetor.<\/p>    <h2 class=\"wp-block-heading\" id=\"h-plastic-powder-recycling-equipment\">Equipamento de reciclagem de p\u00f3 pl\u00e1stico<\/h2>    <figure class=\"wp-block-image size-full\"><img loading=\"lazy\" decoding=\"async\" width=\"720\" height=\"540\" src=\"https:\/\/hangermachinery.com\/wp-content\/uploads\/2022\/07\/Plastic-coated-hanger-production-line.jpg\" alt=\"Equipamento de reciclagem de p\u00f3 pl\u00e1stico\" class=\"wp-image-306\" title=\"\" srcset=\"https:\/\/hangermachinery.com\/wp-content\/uploads\/2022\/07\/Plastic-coated-hanger-production-line.jpg 720w, https:\/\/hangermachinery.com\/wp-content\/uploads\/2022\/07\/Plastic-coated-hanger-production-line-300x225.jpg 300w\" sizes=\"auto, (max-width: 720px) 100vw, 720px\" \/><figcaption class=\"wp-element-caption\">Equipamento de reciclagem de p\u00f3 pl\u00e1stico<\/figcaption><\/figure>    <p>A m\u00e1quina de reciclagem de p\u00f3 pl\u00e1stico \u00e9 baseada no princ\u00edpio da aerodin\u00e2mica. A poeira espalhada \u00e9 sugada para dentro do elemento filtrante pelo tipo de exaust\u00e3o externa. O produto \u00e9 simples e pr\u00e1tico, melhora a sa\u00fade dos trabalhadores e tamb\u00e9m pode melhorar a efici\u00eancia do trabalho. O elemento filtrante importado de alta qualidade de alta resist\u00eancia \u00e9 usado para filtra\u00e7\u00e3o, e o p\u00f3 e o g\u00e1s s\u00e3o separados. Com o dispositivo exclusivo de retrolavagem e o p\u00f3 de limpeza com temporiza\u00e7\u00e3o autom\u00e1tica, o efeito de recupera\u00e7\u00e3o \u00e9 not\u00e1vel.<\/p>    <h2 class=\"wp-block-heading\" id=\"h-hanger-dryer-machine\">M\u00e1quina de secar cabide <\/h2>    <figure class=\"wp-block-image size-full\"><img loading=\"lazy\" decoding=\"async\" width=\"720\" height=\"540\" src=\"https:\/\/hangermachinery.com\/wp-content\/uploads\/2022\/07\/Plastic-coated-hanger-production-line-4.jpg\" alt=\"m\u00e1quina de secar cabide \" class=\"wp-image-307\" title=\"\" srcset=\"https:\/\/hangermachinery.com\/wp-content\/uploads\/2022\/07\/Plastic-coated-hanger-production-line-4.jpg 720w, https:\/\/hangermachinery.com\/wp-content\/uploads\/2022\/07\/Plastic-coated-hanger-production-line-4-300x225.jpg 300w\" sizes=\"auto, (max-width: 720px) 100vw, 720px\" \/><figcaption class=\"wp-element-caption\">M\u00e1quina de secar cabide <\/figcaption><\/figure>    <p>Os cabides que foram pulverizados precisam ser secos em altas temperaturas para serem modelados e podem ser vendidos ap\u00f3s a secagem.<\/p>    <h2 class=\"wp-block-heading\" id=\"h-how-to-do-a-good-job-in-the-production-of-hangers\">Como fazer um bom trabalho na produ\u00e7\u00e3o de cabides<\/h2>    <figure class=\"wp-block-image size-full\"><img loading=\"lazy\" decoding=\"async\" width=\"720\" height=\"540\" src=\"https:\/\/hangermachinery.com\/wp-content\/uploads\/2022\/07\/production-of-hangers.webp\" alt=\"produ\u00e7\u00e3o de cabides\" class=\"wp-image-310\" title=\"\" srcset=\"https:\/\/hangermachinery.com\/wp-content\/uploads\/2022\/07\/production-of-hangers.webp 720w, https:\/\/hangermachinery.com\/wp-content\/uploads\/2022\/07\/production-of-hangers-300x225.webp 300w\" sizes=\"auto, (max-width: 720px) 100vw, 720px\" \/><figcaption class=\"wp-element-caption\">Produ\u00e7\u00e3o de cabides<\/figcaption><\/figure>    <p>Atualmente, o mercado de escorredores entrou em um est\u00e1gio de acirrada competi\u00e7\u00e3o, e muitos fabricantes est\u00e3o constantemente lan\u00e7ando novos produtos para atender \u00e0s necessidades dos consumidores. Sendo um novo fabricante, como se destacar no mercado de cabides?<\/p>    <p> Em primeiro lugar, \u00e9 necess\u00e1rio estar atento ao efeito da marca, e \u00e9 necess\u00e1rio melhorar a notoriedade da marca no local para que os consumidores possam reconhecer o produto. Ent\u00e3o, \u00e9 necess\u00e1rio estar atento \u00e0 qualidade dos cabides, e exigir rigorosamente a qualidade de produ\u00e7\u00e3o dos cabides na hora de produzir os cabides. Al\u00e9m disso, uma certa escala precisa ser formada para produzir um n\u00famero suficiente de cabides. Ocupar uma participa\u00e7\u00e3o maior no mercado, para fazer um bom trabalho na produ\u00e7\u00e3o de cabides.<\/p>    <h2 class=\"wp-block-heading\" id=\"h-shuliy-s-plastic-coated-hanger-production-line\">Linha de produ\u00e7\u00e3o de cabides revestidos de pl\u00e1stico da Shuliy<\/h2>    <figure class=\"wp-block-image size-full\"><img loading=\"lazy\" decoding=\"async\" width=\"750\" height=\"750\" src=\"https:\/\/hangermachinery.com\/wp-content\/uploads\/2022\/07\/shuliy-hanger-machine-company-1.webp\" alt=\"empresa de m\u00e1quinas de cabide shuliy\" class=\"wp-image-312\" title=\"\" srcset=\"https:\/\/hangermachinery.com\/wp-content\/uploads\/2022\/07\/shuliy-hanger-machine-company-1.webp 750w, https:\/\/hangermachinery.com\/wp-content\/uploads\/2022\/07\/shuliy-hanger-machine-company-1-300x300.webp 300w, https:\/\/hangermachinery.com\/wp-content\/uploads\/2022\/07\/shuliy-hanger-machine-company-1-150x150.webp 150w\" sizes=\"auto, (max-width: 750px) 100vw, 750px\" \/><figcaption class=\"wp-element-caption\">Empresa de m\u00e1quinas de cabide Shuliy<\/figcaption><\/figure>    <p class=\"translation-block\">A Shuli Co., Ltd. \u00e9 um fabricante de m\u00e1quinas de cabides com 20 anos de experi\u00eancia em cabides. A empresa tem m\u00e1quinas de cabides de pl\u00e1stico pulverizado e <a href=\"https:\/\/hangermachinery.com\/pt\/product\/pvc-coated-wire-hanger-production-line\/\">linhas de produ\u00e7\u00e3o de cabides revestidos a PVC<\/a>. Al\u00e9m disso, de acordo com as diferentes mat\u00e9rias-primas e formas das m\u00e1quinas, tamb\u00e9m temos <a href=\"https:\/\/hangermachinery.com\/pt\/products\/galvanized-wire-hanger-machine\/\">m\u00e1quinas de cabides de arame galvanizado<\/a>, <a href=\"https:\/\/hangermachinery.com\/pt\/product\/welding-wire-hanger-making-machine\/\">m\u00e1quinas de fabrico de cabides de solda<\/a>, <a href=\"https:\/\/hangermachinery.com\/pt\/product\/butterfly-type-hanger-product-machine\/\">m\u00e1quinas de cabides tipo borboleta<\/a> e <a href=\"https:\/\/hangermachinery.com\/pt\/product\/coat-hanger-making-machine\/\">m\u00e1quinas de fabrico de cabides<\/a>.<\/p>","protected":false},"excerpt":{"rendered":"<p>A linha de produ\u00e7\u00e3o de cabides revestidos de pl\u00e1stico \u00e9 o equipamento para a produ\u00e7\u00e3o de cabides. As mat\u00e9rias-primas s\u00e3o principalmente fios galvanizados.<\/p>","protected":false},"author":1,"featured_media":299,"parent":0,"template":"","tags":[29,21],"product-type":[12,14],"class_list":["post-82","product","type-product","status-publish","has-post-thumbnail","hentry","tag-hanger","tag-plastic-coated-hanger-production-line","product-type-production-line","product-type-plastic-coated-hanger-production-line"],"_links":{"self":[{"href":"https:\/\/hangermachinery.com\/pt\/wp-json\/wp\/v2\/product\/82","targetHints":{"allow":["GET"]}}],"collection":[{"href":"https:\/\/hangermachinery.com\/pt\/wp-json\/wp\/v2\/product"}],"about":[{"href":"https:\/\/hangermachinery.com\/pt\/wp-json\/wp\/v2\/types\/product"}],"author":[{"embeddable":true,"href":"https:\/\/hangermachinery.com\/pt\/wp-json\/wp\/v2\/users\/1"}],"wp:featuredmedia":[{"embeddable":true,"href":"https:\/\/hangermachinery.com\/pt\/wp-json\/wp\/v2\/media\/299"}],"wp:attachment":[{"href":"https:\/\/hangermachinery.com\/pt\/wp-json\/wp\/v2\/media?parent=82"}],"wp:term":[{"taxonomy":"post_tag","embeddable":true,"href":"https:\/\/hangermachinery.com\/pt\/wp-json\/wp\/v2\/tags?post=82"},{"taxonomy":"product-type","embeddable":true,"href":"https:\/\/hangermachinery.com\/pt\/wp-json\/wp\/v2\/product-type?post=82"}],"curies":[{"name":"wp","href":"https:\/\/api.w.org\/{rel}","templated":true}]}}