{"id":97,"date":"2022-07-17T15:36:01","date_gmt":"2022-07-17T15:36:01","guid":{"rendered":"https:\/\/hangermachinery.com\/?post_type=product&#038;p=97"},"modified":"2022-09-29T16:27:39","modified_gmt":"2022-09-29T08:27:39","slug":"galvanized-wire-hanger-machine","status":"publish","type":"product","link":"https:\/\/hangermachinery.com\/pt\/product\/galvanized-wire-hanger-machine\/","title":{"rendered":"M\u00e1quina de cabide de arame galvanizado | m\u00e1quina formadora de gancho para cabide"},"content":{"rendered":"<p class=\"translation-block\">A m\u00e1quina de cabides de arame galvanizado \u00e9 uma m\u00e1quina que utiliza arame galvanizado para ser processado por uma <a href=\"https:\/\/hangermachinery.com\/pt\/product\/butterfly-type-hanger-product-machine\/\" data-type=\"URL\" data-id=\"https:\/\/hangermachinery.com\/product\/butterfly-type-hanger-product-machine\/\">m\u00e1quina formadora de cabides<\/a> para formar um cabide. O equipamento utiliza a m\u00e1quina formadora de cabides para processar os cabides. Os cabides processados pela m\u00e1quina formadora de cabides podem ser vendidos diretamente e t\u00eam a fun\u00e7\u00e3o de secar roupas. No entanto, se quiser que sejam mais bonitos, pode pulverizar o exterior do cabide, que s\u00e3o uma variedade de cintas coloridas. Cabides embalados. Esta m\u00e1quina formadora de cabides totalmente autom\u00e1tica \u00e9 popular entre os fabricantes de cabides.<\/p>    <figure class=\"wp-block-gallery has-nested-images columns-default is-cropped wp-block-gallery-2 is-layout-flex wp-block-gallery-is-layout-flex\"> <figure class=\"wp-block-image size-full\"><img loading=\"lazy\" decoding=\"async\" width=\"720\" height=\"540\" data-id=\"317\" src=\"https:\/\/hangermachinery.com\/wp-content\/uploads\/2022\/07\/galvanized-wire-hanger.webp\" alt=\" cabide de arame galvanizado\" class=\"wp-image-317\" title=\"\" srcset=\"https:\/\/hangermachinery.com\/wp-content\/uploads\/2022\/07\/galvanized-wire-hanger.webp 720w, https:\/\/hangermachinery.com\/wp-content\/uploads\/2022\/07\/galvanized-wire-hanger-300x225.webp 300w\" sizes=\"auto, (max-width: 720px) 100vw, 720px\" \/><figcaption> Detalhes do cabide de arame galvanizado <\/figcaption><\/figure>    <figure class=\"wp-block-image size-full\"><img loading=\"lazy\" decoding=\"async\" width=\"720\" height=\"540\" data-id=\"316\" src=\"https:\/\/hangermachinery.com\/wp-content\/uploads\/2022\/07\/galvanized-wire-hanger-details.webp\" alt=\" cabide de arame galvanizado\" class=\"wp-image-316\" title=\"\" srcset=\"https:\/\/hangermachinery.com\/wp-content\/uploads\/2022\/07\/galvanized-wire-hanger-details.webp 720w, https:\/\/hangermachinery.com\/wp-content\/uploads\/2022\/07\/galvanized-wire-hanger-details-300x225.webp 300w\" sizes=\"auto, (max-width: 720px) 100vw, 720px\" \/><figcaption> Cabide de arame galvanizado<\/figcaption><\/figure> <\/figure>    <h2 class=\"wp-block-heading\" id=\"h-what-material-is-galvanized-wire\">Qual material \u00e9 o arame galvanizado<\/h2>    <figure class=\"wp-block-image size-full\"><img loading=\"lazy\" decoding=\"async\" width=\"720\" height=\"540\" src=\"https:\/\/hangermachinery.com\/wp-content\/uploads\/2022\/07\/hanger-hook-forming-material.webp\" alt=\"material formador de gancho de cabide\" class=\"wp-image-318\" title=\"\" srcset=\"https:\/\/hangermachinery.com\/wp-content\/uploads\/2022\/07\/hanger-hook-forming-material.webp 720w, https:\/\/hangermachinery.com\/wp-content\/uploads\/2022\/07\/hanger-hook-forming-material-300x225.webp 300w\" sizes=\"auto, (max-width: 720px) 100vw, 720px\" \/><figcaption>Material formador de gancho para cabide<\/figcaption><\/figure>    <p class=\"translation-block\"><a href=\"https:\/\/en.wikipedia.org\/wiki\/Galvanization\" data-type=\"URL\" data-id=\"https:\/\/en.wikipedia.org\/wiki\/Galvanization\" target=\"_blank\" rel=\"noopener\">Arame galvanizado<\/a> tem boa tenacidade e elasticidade, e boa resist\u00eancia \u00e0 corros\u00e3o, pelo que \u00e9 muito adequado para fazer cabides. O arame galvanizado tamb\u00e9m \u00e9 frequentemente usado para fazer artesanato, redes de prote\u00e7\u00e3o e projetos de constru\u00e7\u00e3o. A cor do arame de ferro galvanizado \u00e9 mais escura, e o arame galvanizado pode ser mantido ao ar livre por d\u00e9cadas sem ser corro\u00eddo, de modo que os cabides processados com arame galvanizado s\u00e3o mais dur\u00e1veis. Al\u00e9m de usar arame galvanizado, a m\u00e1quina tamb\u00e9m pode usar arame de ferro para processamento.<\/p>    <h2 class=\"wp-block-heading\">Como funciona a m\u00e1quina de cabide\uff1f<\/h2>    <figure class=\"wp-block-embed is-type-video is-provider-youtube wp-block-embed-youtube wp-embed-aspect-16-9 wp-has-aspect-ratio\"><div class=\"wp-block-embed__wrapper\"> <iframe loading=\"lazy\" title=\"M\u00e1quina de fabrica\u00e7\u00e3o de cabides \u00e0 venda para Om\u00e3 | Pre\u00e7o da m\u00e1quina para fazer cabide de arame\" width=\"500\" height=\"281\" src=\"https:\/\/www.youtube.com\/embed\/aAtWkx2Eu4Y?start=1&#038;feature=oembed\" frameborder=\"0\" allow=\"accelerometer; autoplay; clipboard-write; encrypted-media; gyroscope; picture-in-picture; web-share\" referrerpolicy=\"strict-origin-when-cross-origin\" allowfullscreen><\/iframe> <\/div><figcaption>v\u00eddeo de funcionamento da m\u00e1quina de cabide<\/figcaption><\/figure>    <h2 class=\"wp-block-heading\" id=\"h-galvanized-wire-hanger-machine-products\">Produtos para m\u00e1quinas de cabide de arame galvanizado<\/h2>    <figure class=\"wp-block-gallery has-nested-images columns-2 is-cropped wp-block-gallery-3 is-layout-flex wp-block-gallery-is-layout-flex\"> <figure class=\"wp-block-image size-large\"><img loading=\"lazy\" decoding=\"async\" width=\"720\" height=\"540\" data-id=\"480\" src=\"https:\/\/hangermachinery.com\/wp-content\/uploads\/2022\/07\/hanger-machine-details-4.webp\" alt=\"detalhes da m\u00e1quina de cabide\" class=\"wp-image-480\" title=\"\" srcset=\"https:\/\/hangermachinery.com\/wp-content\/uploads\/2022\/07\/hanger-machine-details-4.webp 720w, https:\/\/hangermachinery.com\/wp-content\/uploads\/2022\/07\/hanger-machine-details-4-300x225.webp 300w\" sizes=\"auto, (max-width: 720px) 100vw, 720px\" \/><figcaption>Detalhes da m\u00e1quina de cabide<\/figcaption><\/figure>    <figure class=\"wp-block-image size-large\"><img loading=\"lazy\" decoding=\"async\" width=\"720\" height=\"540\" data-id=\"482\" src=\"https:\/\/hangermachinery.com\/wp-content\/uploads\/2022\/07\/hanger-machine-details-6.webp\" alt=\"detalhes da m\u00e1quina de cabide\" class=\"wp-image-482\" title=\"\" srcset=\"https:\/\/hangermachinery.com\/wp-content\/uploads\/2022\/07\/hanger-machine-details-6.webp 720w, https:\/\/hangermachinery.com\/wp-content\/uploads\/2022\/07\/hanger-machine-details-6-300x225.webp 300w\" sizes=\"auto, (max-width: 720px) 100vw, 720px\" \/><figcaption>Detalhes da m\u00e1quina de cabide<\/figcaption><\/figure>    <figure class=\"wp-block-image size-large\"><img loading=\"lazy\" decoding=\"async\" width=\"720\" height=\"540\" data-id=\"479\" src=\"https:\/\/hangermachinery.com\/wp-content\/uploads\/2022\/07\/hanger-machine-details-3.webp\" alt=\"detalhes da m\u00e1quina de cabide\" class=\"wp-image-479\" title=\"\" srcset=\"https:\/\/hangermachinery.com\/wp-content\/uploads\/2022\/07\/hanger-machine-details-3.webp 720w, https:\/\/hangermachinery.com\/wp-content\/uploads\/2022\/07\/hanger-machine-details-3-300x225.webp 300w\" sizes=\"auto, (max-width: 720px) 100vw, 720px\" \/><figcaption>Detalhes da m\u00e1quina de cabide<\/figcaption><\/figure>    <figure class=\"wp-block-image size-large\"><img loading=\"lazy\" decoding=\"async\" width=\"720\" height=\"540\" data-id=\"481\" src=\"https:\/\/hangermachinery.com\/wp-content\/uploads\/2022\/07\/hanger-machine-details-5.webp\" alt=\"detalhes da m\u00e1quina de cabide\" class=\"wp-image-481\" title=\"\" srcset=\"https:\/\/hangermachinery.com\/wp-content\/uploads\/2022\/07\/hanger-machine-details-5.webp 720w, https:\/\/hangermachinery.com\/wp-content\/uploads\/2022\/07\/hanger-machine-details-5-300x225.webp 300w\" sizes=\"auto, (max-width: 720px) 100vw, 720px\" \/><figcaption>Detalhes da m\u00e1quina de cabide<\/figcaption><\/figure> <\/figure>    <p>O cabide de arame galvanizado \u00e9 primeiro processado no formato do cabide e, no final, \u00e9 enrolado no gancho do cabide. Essa m\u00e1quina de cabide de arame galvanizado \u00e9 formada e nenhuma configura\u00e7\u00e3o adicional deve ser adicionada. Ao contr\u00e1rio da m\u00e1quina de suspens\u00e3o soldada, as extremidades formadoras precisam ser soldadas.<\/p>    <h2 class=\"wp-block-heading\" id=\"h-wire-hanger-machine-parameters\">Par\u00e2metros da m\u00e1quina de cabide de arame galvanizado<\/h2>    <figure class=\"wp-block-image size-full\"><img loading=\"lazy\" decoding=\"async\" width=\"720\" height=\"540\" src=\"https:\/\/hangermachinery.com\/wp-content\/uploads\/2022\/07\/Galvanized-wire-hanger-machine-1.webp\" alt=\"M\u00e1quina de\u00a0gancho\u00a0de\u00a0arame galvanizado\" class=\"wp-image-323\" title=\"\" srcset=\"https:\/\/hangermachinery.com\/wp-content\/uploads\/2022\/07\/Galvanized-wire-hanger-machine-1.webp 720w, https:\/\/hangermachinery.com\/wp-content\/uploads\/2022\/07\/Galvanized-wire-hanger-machine-1-300x225.webp 300w\" sizes=\"auto, (max-width: 720px) 100vw, 720px\" \/><figcaption>M\u00e1quina de cabide de arame galvanizado<\/figcaption><\/figure>    <p>Pot\u00eancia: 1,5 kW<\/p>    <p>sa\u00edda: 30 PCS\/min<\/p>    <p>di\u00e2metro: 1,8-3mm<\/p>    <p>Tamanho: 850*1500*1800mm<\/p>    <p>peso: 700KG<\/p>    <h2 class=\"wp-block-heading\" id=\"h-advantages-of-hanger-hook-forming-machine\">Vantagens da m\u00e1quina formadora de gancho de suspens\u00e3o <\/h2>    <figure class=\"wp-block-image size-full\"><img loading=\"lazy\" decoding=\"async\" width=\"720\" height=\"540\" src=\"https:\/\/hangermachinery.com\/wp-content\/uploads\/2022\/07\/wire-hanger-machine.webp\" alt=\"\u00a0m\u00e1quina de cabide de arame\" class=\"wp-image-324\" title=\"\" srcset=\"https:\/\/hangermachinery.com\/wp-content\/uploads\/2022\/07\/wire-hanger-machine.webp 720w, https:\/\/hangermachinery.com\/wp-content\/uploads\/2022\/07\/wire-hanger-machine-300x225.webp 300w\" sizes=\"auto, (max-width: 720px) 100vw, 720px\" \/><figcaption>M\u00e1quina de cabide de arame<\/figcaption><\/figure>    <p>Alta efici\u00eancia de produ\u00e7\u00e3o, pode produzir 30-40 cabides por minuto.<\/p>    <p>Sistema de controle de tela sens\u00edvel ao toque, produ\u00e7\u00e3o simples e r\u00e1pida e conveniente<\/p>    <p>Produ\u00e7\u00e3o autom\u00e1tica da m\u00e1quina, desde que a m\u00e1quina esteja ligada, o arame galvanizado \u00e9 automaticamente dobrado no formato de um cabide<\/p>    <h2 class=\"wp-block-heading\" id=\"h-why-choose-shuliy-s-hanger-machine\">Por que escolher a m\u00e1quina de cabide Shuliy<\/h2>    <figure class=\"wp-block-image size-full\"><img loading=\"lazy\" decoding=\"async\" width=\"720\" height=\"540\" src=\"https:\/\/hangermachinery.com\/wp-content\/uploads\/2022\/07\/hanger-1-1.webp\" alt=\"cabide \" class=\"wp-image-477\" title=\"\" srcset=\"https:\/\/hangermachinery.com\/wp-content\/uploads\/2022\/07\/hanger-1-1.webp 720w, https:\/\/hangermachinery.com\/wp-content\/uploads\/2022\/07\/hanger-1-1-300x225.webp 300w\" sizes=\"auto, (max-width: 720px) 100vw, 720px\" \/><figcaption>Cabide <\/figcaption><\/figure>    <ul class=\"wp-block-list\"><li>Anos de experi\u00eancia na produ\u00e7\u00e3o de m\u00e1quinas de suspens\u00e3o, com tecnologia de produ\u00e7\u00e3o avan\u00e7ada<\/li><\/ul>    <ul class=\"wp-block-list\"><li>Pode projetar um esquema de planejamento de produ\u00e7\u00e3o individual para os clientes<\/li><\/ul>    <ul class=\"wp-block-list\"><li>A personaliza\u00e7\u00e3o da m\u00e1quina e a produ\u00e7\u00e3o de fun\u00e7\u00f5es podem ser realizadas<\/li><\/ul>    <ul class=\"wp-block-list\"><li>Servi\u00e7o p\u00f3s-venda \u00edntimo, caso n\u00e3o consiga oper\u00e1-lo durante o uso, o vendedor pode orient\u00e1-lo atrav\u00e9s de um v\u00eddeo                    <\/li><\/ul>","protected":false},"excerpt":{"rendered":"<p>A m\u00e1quina de cabide de arame galvanizado \u00e9 uma m\u00e1quina que utiliza arame galvanizado para ser processado por uma m\u00e1quina formadora de cabide para formar um cabide. <\/p>","protected":false},"author":1,"featured_media":314,"parent":0,"template":"","tags":[29,31],"product-type":[11,15],"class_list":["post-97","product","type-product","status-publish","has-post-thumbnail","hentry","tag-hanger","tag-wire-hanger-machine","product-type-product","product-type-galvanized-wire-hanger-machine"],"_links":{"self":[{"href":"https:\/\/hangermachinery.com\/pt\/wp-json\/wp\/v2\/product\/97","targetHints":{"allow":["GET"]}}],"collection":[{"href":"https:\/\/hangermachinery.com\/pt\/wp-json\/wp\/v2\/product"}],"about":[{"href":"https:\/\/hangermachinery.com\/pt\/wp-json\/wp\/v2\/types\/product"}],"author":[{"embeddable":true,"href":"https:\/\/hangermachinery.com\/pt\/wp-json\/wp\/v2\/users\/1"}],"wp:featuredmedia":[{"embeddable":true,"href":"https:\/\/hangermachinery.com\/pt\/wp-json\/wp\/v2\/media\/314"}],"wp:attachment":[{"href":"https:\/\/hangermachinery.com\/pt\/wp-json\/wp\/v2\/media?parent=97"}],"wp:term":[{"taxonomy":"post_tag","embeddable":true,"href":"https:\/\/hangermachinery.com\/pt\/wp-json\/wp\/v2\/tags?post=97"},{"taxonomy":"product-type","embeddable":true,"href":"https:\/\/hangermachinery.com\/pt\/wp-json\/wp\/v2\/product-type?post=97"}],"curies":[{"name":"wp","href":"https:\/\/api.w.org\/{rel}","templated":true}]}}