{"id":109,"date":"2022-07-17T16:28:30","date_gmt":"2022-07-17T16:28:30","guid":{"rendered":"https:\/\/hangermachinery.com\/?post_type=product&#038;p=109"},"modified":"2023-08-16T14:08:28","modified_gmt":"2023-08-16T06:08:28","slug":"coat-hanger-making-machine","status":"publish","type":"product","link":"https:\/\/hangermachinery.com\/sw\/product\/coat-hanger-making-machine\/","title":{"rendered":"Kl\u00e4dh\u00e4ngar Maskin | H\u00e4ngare Tillverkningsmaskin"},"content":{"rendered":"<p class=\"translation-block\">Mashine ya kutengeneza mipini ya koti ni mashine inayotumia waya ya plastiki kutengeneza kipini. Mashine ina ufanisi mkubwa wa kazi, na kiwango cha juu cha akili, na haitaji ushiriki mkubwa wa binadamu. <a href=\"https:\/\/hangermachinery.com\/sw\/products\/plastic-coated-hanger-production-line\/\">mashine ya mipini iliyofunikwa waya<\/a><a href=\"https:\/\/hangermachinery.com\/sw\/product\/plastic-coated-hanger-production-line-clothes-hanger-machine\/\"> imetengeneza<\/a> faida kubwa kwa wazalishaji wengi.<\/p>    <figure class=\"wp-block-image size-full\"><img loading=\"lazy\" decoding=\"async\" width=\"720\" height=\"540\" src=\"https:\/\/hangermachinery.com\/wp-content\/uploads\/2022\/07\/Coat-hanger.webp\" alt=\"Coat\u00a0hanger\" class=\"wp-image-330\" title=\"\" srcset=\"https:\/\/hangermachinery.com\/wp-content\/uploads\/2022\/07\/Coat-hanger.webp 720w, https:\/\/hangermachinery.com\/wp-content\/uploads\/2022\/07\/Coat-hanger-300x225.webp 300w\" sizes=\"auto, (max-width: 720px) 100vw, 720px\" \/><figcaption class=\"wp-element-caption\">Coat&amp;Nbsp;Hanger<\/figcaption><\/figure>    <h2 class=\"wp-block-heading\" id=\"h-what-is-plastic-coat-wire\">Nini plastiki <span style=\"font-size: revert; color: revert; font-weight: revert;\">koti<\/span> waya?<\/h2>    <figure class=\"wp-block-image size-full\"><img loading=\"lazy\" decoding=\"async\" width=\"720\" height=\"540\" src=\"https:\/\/hangermachinery.com\/wp-content\/uploads\/2022\/07\/plastic-coat-wire.webp\" alt=\"plastic coat wire\" class=\"wp-image-331\" title=\"\" srcset=\"https:\/\/hangermachinery.com\/wp-content\/uploads\/2022\/07\/plastic-coat-wire.webp 720w, https:\/\/hangermachinery.com\/wp-content\/uploads\/2022\/07\/plastic-coat-wire-300x225.webp 300w\" sizes=\"auto, (max-width: 720px) 100vw, 720px\" \/><figcaption class=\"wp-element-caption\">Waya wa Kipini uliofunikwa Plastiki<\/figcaption><\/figure>    <p class=\"translation-block\"><a href=\"https:\/\/www.amazon.com\/coated-wire\/s?k=coated+wire\" data-type=\"URL\" data-id=\"https:\/\/www.amazon.com\/coated-wire\/s?k=coated+wire\" target=\"_blank\" rel=\"noopener\">Waya uliofunikwa<\/a> ni waya iliyogalvanized na waya ya chuma. Baada ya kupitishwa kwenye mashine ya kufunika, waya itaingia kidonda na safu ya rangi ya plastiki. Waya kama huo unaitwa waya uliofunikwa, na waya uliosindika hutengenezwa kuwa mpini. Ni maridadi, na unaweza kuchagua rangi mbalimbali kwa mashine ya kutengeneza mipini kuvutia wateja kununua. Aidha, mashine ya kutengeneza mipini baada ya kuoshwa plastiki ina upinzani bora dhidi ya kuteleza. Ikiwa utatumia waya ya chuma kuzalisha mipini, inaweza pia kutoa ulinzi wakati wa kuiweka nguo ikavu.<\/p>    <h2 class=\"wp-block-heading\" id=\"h-the-main-advantages-of-the-coat-hanger-making-machine\">The main advantages of the coat\u00a0hanger making\u00a0machine<\/h2>    <ol class=\"wp-block-list\"> <li>Urefu wa mstari wa usambazaji ni kawaida.<\/li>    <li>Kasi inaweza kubadilishwa kulingana na kipenyo cha waya, kasi yoyote.<\/li>    <li>Kwa uzalishaji mkubwa na kasi ya haraka, haraka zaidi inaweza kuzalisha kipini 45 kwa dakika.<\/li>    <li>Rahisi zaidi ni kubadilisha kibrashi (mtindo wa kipini), ambacho ni rahisi na rahisi. Ingiza urefu unaohitajika wa waya kwenye skrini na weka nafasi ya kisu.<\/li>    <li>Mashine inaweza kubadilika kuzalisha: chuma cha pua 201, chuma cha pua 410, waya wa electroplating, waya wa chuma wa kawaida, waya uliofunikwa mpira, na waya wa aluminium.<\/li>    <li>Mashine hii ya kutengeneza vifaa vya koti inatumia udhibiti wa nambari wa kiotomatiki, kulisha waya kwa usahihi, operesheni thabiti, na kelele ya chini, <a href=\"https:\/\/hangermachinery.com\/sw\/Info\/what-is-hanger-manufacturing-process\/\">Mashine moja inaweza kutengeneza aina mbalimbali za vifaa<\/a>. Mfanyakazi mmoja anaweza kudhibiti mashine 4-8, ambayo inaweza kuokoa kazi kwako kikamilifu. na kipenyo cha waya kinachofaa ni 1.7-3.5.<br><\/li> <\/ol>    <h2 class=\"wp-block-heading\" id=\"h-what-are-the-benefits-of-hanger-coating-plastic\">Faida za kufunika mipini kwa plastiki ni zipi?<\/h2>    <figure class=\"wp-block-image size-full\"><img loading=\"lazy\" decoding=\"async\" width=\"720\" height=\"540\" src=\"https:\/\/hangermachinery.com\/wp-content\/uploads\/2022\/07\/\u4ea7\u54c1.webp\" alt=\"hanger coating plastic\" class=\"wp-image-332\" title=\"\" srcset=\"https:\/\/hangermachinery.com\/wp-content\/uploads\/2022\/07\/\u4ea7\u54c1.webp 720w, https:\/\/hangermachinery.com\/wp-content\/uploads\/2022\/07\/\u4ea7\u54c1-300x225.webp 300w\" sizes=\"auto, (max-width: 720px) 100vw, 720px\" \/><figcaption class=\"wp-element-caption\">Kifuniko cha Kuweka Mipini Plastiki<\/figcaption><\/figure>    <p>Mchakato wa kupimia kina sifa za kutokuwa na sumu, kuhimili kuvaa, kuhimili mwanga, rangi ang\u2019avu, na hisia nzuri mikononi. Sasa, bidhaa zilizobadilishwa rangi kwa plastiki pia zinaonekana sana katika maisha ya kila siku, kama vile dumbbells zinazofunikwa plastiki, haswa dumbbells zilizochanganywa na nyuzi za msipha. Pia kuna viptei. Viptei vya zamani vilikuwa rahisi kupita rangi, lakini viptei baada ya kuchomwa vinaweza kutumika miaka kadhaa bila kufifia, na rangi bado ang\u2019avu kama mpya. Baada ya miaka ya uzoefu, hanger yenye kifuniko cha mpira imekuwa mchakato ulioiva sana na ni salama na unaowezekana. Kampuni ya Shuliy ina mstari kamili wa uzalishaji wa mpira, uzalishaji ulioboreshwa kikamilifu.<\/p>    <h2 class=\"wp-block-heading\" id=\"h-parameters-of-hanger-product-machine\">Parameters of coat\u00a0hanger making\u00a0machine<\/h2>    <figure class=\"wp-block-image size-full\"><img loading=\"lazy\" decoding=\"async\" width=\"720\" height=\"540\" src=\"https:\/\/hangermachinery.com\/wp-content\/uploads\/2022\/07\/wire-cloth-hanger-machine.webp\" alt=\"coat\u00a0hanger-making\u00a0machine\" class=\"wp-image-333\" title=\"\" srcset=\"https:\/\/hangermachinery.com\/wp-content\/uploads\/2022\/07\/wire-cloth-hanger-machine.webp 720w, https:\/\/hangermachinery.com\/wp-content\/uploads\/2022\/07\/wire-cloth-hanger-machine-300x225.webp 300w\" sizes=\"auto, (max-width: 720px) 100vw, 720px\" \/><figcaption class=\"wp-element-caption\">Mashine ya Waya na Mipini<\/figcaption><\/figure>    <figure class=\"wp-block-table\"><table><tbody><tr><td>Mfano &nbsp;<\/td><td>SL-40 &nbsp;<\/td><\/tr><tr><td>Uwezo &nbsp;<\/td><td>30\u201340 vipande\/dakika &nbsp;<\/td><\/tr><tr><td>kipenyo cha waya &nbsp;<\/td><td>Fanya upendeleo maalum &nbsp;<\/td><\/tr><tr><td>Voltage &nbsp;<\/td><td>220V\/380V &nbsp;<\/td><\/tr><tr><td>Ukubwa wa hanger &nbsp;<\/td><td>Fanya upendeleo maalum &nbsp;<\/td><\/tr><tr><td>Uzito wa neti &nbsp;<\/td><td>700KG &nbsp;<\/td><\/tr><tr><td>Ukubwa wa mashine &nbsp;<\/td><td>1800*800*1650mm &nbsp;<\/td><\/tr><\/tbody><\/table><figcaption class=\"wp-element-caption\">mashine ya kutengeneza mipini ya koti<\/figcaption><\/figure>    <h2 class=\"wp-block-heading\" id=\"h-hanger-product-machine-producing-the-size-of-the-hanger\">Mashine ya kuzalisha kipini inayoamua saizi ya kipini<\/h2>    <figure class=\"wp-block-image size-full\"><img loading=\"lazy\" decoding=\"async\" width=\"720\" height=\"540\" src=\"https:\/\/hangermachinery.com\/wp-content\/uploads\/2022\/07\/size-of-the-hanger.webp\" alt=\"size of the hanger\" class=\"wp-image-334\" title=\"\" srcset=\"https:\/\/hangermachinery.com\/wp-content\/uploads\/2022\/07\/size-of-the-hanger.webp 720w, https:\/\/hangermachinery.com\/wp-content\/uploads\/2022\/07\/size-of-the-hanger-300x225.webp 300w\" sizes=\"auto, (max-width: 720px) 100vw, 720px\" \/><figcaption class=\"wp-element-caption\">Saizi ya Kipini<\/figcaption><\/figure>    <p>Saizi ya kipini inaweza kutengenezwa kuwa inchi 16\u201319. Kipenyo cha waya kinachotumiwa kawaida ni 1.6\u20133.8 mm. Kwa kawaida, kipenyo cha waya kikubwa kina msaada bora wa kipini na kipini kinakuwa imara zaidi. Aidha, kibrashi cha mashine ya kutengeneza mipini ya koti kinaweza kuboreshwa maalum, tuma tu picha na saizi ya kipini kwetu, nasi tutapanga mbuni na wafanyakazi wa kiwanda kutengeneza kibrashi maalum.<\/p>    <h2 class=\"wp-block-heading\" id=\"h-use-of-coat-hanger-making-machine\">Use of coat\u00a0hanger maker<\/h2>    <figure class=\"wp-block-embed is-type-video is-provider-youtube wp-block-embed-youtube wp-embed-aspect-16-9 wp-has-aspect-ratio\"><div class=\"wp-block-embed__wrapper\"> <iframe loading=\"lazy\" title=\"Mashine ya kutengeneza viti vya nguo vya koti inauzwa vizuri nchini Saudi Arabia | unatengeneza viti vya nguo vya chuma vipi? | viti vya nguo\" width=\"500\" height=\"281\" src=\"https:\/\/www.youtube.com\/embed\/WjJTmsKK8mA?feature=oembed\" frameborder=\"0\" allow=\"accelerometer; autoplay; clipboard-write; encrypted-media; gyroscope; picture-in-picture; web-share\" referrerpolicy=\"strict-origin-when-cross-origin\" allowfullscreen><\/iframe> <\/div><figcaption class=\"wp-element-caption\">video ya kazi ya mashine ya kutengeneza mipini ya koti<\/figcaption><\/figure>    <p>Wakati mashine ya kutengeneza mipini iliyofunikwa mpira inapotumika na swichi ya moja kwa moja ya uzi ikiwa imewashwa, mashine ya moja kwa moja ya kutengeneza mipini itaweka mashine kuu kwenye swichi ya mikono, kisha bonyeza swichi ili kuingiza uzi kwenye kisu cha mchimbaji, inapoweka kwenye kibrashi. Angalia kama waya inaelekezwa kwa uangalifu. Katika mashine ya kutengeneza mipini ya chuma, waya lazima ielekezwe vizuri. Angalia urefu wa waya, geuza kitanzi cha mvuto kinachobonyeza gurudumu, mashine ya kutengeneza mipini, tightness ni urefu wa waya, bei ya mashine ya kutengeneza mipini ya koti, na looseness ni waya mfupi.<\/p>    <h2 class=\"wp-block-heading\" id=\"h-maintenance-of-coating-hanger-machine\">Maintenance of coat\u00a0hanger making\u00a0machine<\/h2>    <figure class=\"wp-block-image size-full\"><img loading=\"lazy\" decoding=\"async\" width=\"720\" height=\"540\" src=\"https:\/\/hangermachinery.com\/wp-content\/uploads\/2022\/07\/hanger-product-machine.webp\" alt=\"coat\u00a0hanger-making\u00a0machine\" class=\"wp-image-335\" title=\"\" srcset=\"https:\/\/hangermachinery.com\/wp-content\/uploads\/2022\/07\/hanger-product-machine.webp 720w, https:\/\/hangermachinery.com\/wp-content\/uploads\/2022\/07\/hanger-product-machine-300x225.webp 300w\" sizes=\"auto, (max-width: 720px) 100vw, 720px\" \/><figcaption class=\"wp-element-caption\">Coat&amp;Nbsp;Hanger-Making&amp;Nbsp;Machine<\/figcaption><\/figure>    <p class=\"translation-block\">The maintenance of the <a href=\"https:\/\/hangermachinery.com\/sw\/product\/pvc-coated-wire-hanger-production-line\/\">coating hanger forming machine<\/a> is very important. When the coat\u00a0hanger making\u00a0machine is no longer working, the power must be cut off, and the coat\u00a0hanger making\u00a0machine is not used under the condition of prohibiting long-term power. When the switch is on, the host is switched to manual, and then the switch is jogged to introduce the thread into the tailor\u2019s knife when it enters the mold. Observe whether the wire is straightened, the wire must be straightened.<\/p>    <h2 class=\"wp-block-heading\">Mashine ya uzalishaji wa mipini ya koti nyekundu<\/h2>    <figure class=\"wp-block-embed is-type-video is-provider-youtube wp-block-embed-youtube wp-embed-aspect-16-9 wp-has-aspect-ratio\"><div class=\"wp-block-embed__wrapper\"> <iframe loading=\"lazy\" title=\"Mashine ya uzalishaji wa mipini ya koti nyekundu | mashine ya moja kwa moja ya kutengeneza mipini\" width=\"500\" height=\"281\" src=\"https:\/\/www.youtube.com\/embed\/N-iDUziwNoQ?feature=oembed\" frameborder=\"0\" allow=\"accelerometer; autoplay; clipboard-write; encrypted-media; gyroscope; picture-in-picture; web-share\" referrerpolicy=\"strict-origin-when-cross-origin\" allowfullscreen><\/iframe> <\/div><figcaption class=\"wp-element-caption\">mashine ya uzalishaji wa mipini ya nguo<\/figcaption><\/figure>","protected":false},"excerpt":{"rendered":"<p>Mashine ya kutengeneza hanger za koti ni mashine inayotumia waya wa plastiki kutengeneza hanger. <\/p>","protected":false},"author":1,"featured_media":328,"parent":0,"template":"","tags":[24,29],"product-type":[11,16],"class_list":["post-109","product","type-product","status-publish","has-post-thumbnail","hentry","tag-coat-hanger-making-machine","tag-hanger","product-type-product","product-type-coat-hanger-making-machine"],"_links":{"self":[{"href":"https:\/\/hangermachinery.com\/sw\/wp-json\/wp\/v2\/product\/109","targetHints":{"allow":["GET"]}}],"collection":[{"href":"https:\/\/hangermachinery.com\/sw\/wp-json\/wp\/v2\/product"}],"about":[{"href":"https:\/\/hangermachinery.com\/sw\/wp-json\/wp\/v2\/types\/product"}],"author":[{"embeddable":true,"href":"https:\/\/hangermachinery.com\/sw\/wp-json\/wp\/v2\/users\/1"}],"wp:featuredmedia":[{"embeddable":true,"href":"https:\/\/hangermachinery.com\/sw\/wp-json\/wp\/v2\/media\/328"}],"wp:attachment":[{"href":"https:\/\/hangermachinery.com\/sw\/wp-json\/wp\/v2\/media?parent=109"}],"wp:term":[{"taxonomy":"post_tag","embeddable":true,"href":"https:\/\/hangermachinery.com\/sw\/wp-json\/wp\/v2\/tags?post=109"},{"taxonomy":"product-type","embeddable":true,"href":"https:\/\/hangermachinery.com\/sw\/wp-json\/wp\/v2\/product-type?post=109"}],"curies":[{"name":"wp","href":"https:\/\/api.w.org\/{rel}","templated":true}]}}