{"id":132,"date":"2022-07-17T17:07:55","date_gmt":"2022-07-17T17:07:55","guid":{"rendered":"https:\/\/hangermachinery.com\/?post_type=product&#038;p=132"},"modified":"2022-12-02T16:31:35","modified_gmt":"2022-12-02T08:31:35","slug":"butterfly-type-hanger-product-machine","status":"publish","type":"product","link":"https:\/\/hangermachinery.com\/sw\/product\/butterfly-type-hanger-product-machine\/","title":{"rendered":"Maskin f\u00f6r b\u00e5rdmaskin av fj\u00e4rilstyp | h\u00e5llarmaskin"},"content":{"rendered":"<p class=\"translation-block\">Butterfly-type hanger product machine is a machine used to produce hangers. The <a href=\"https:\/\/hangermachinery.com\/sw\/products\/plastic-coated-hanger-production-line\/\">wire hanger product machine <\/a>uses raw materials such as iron wire and <a href=\"https:\/\/en.wikipedia.org\/wiki\/Galvanization\" data-type=\"URL\" data-id=\"https:\/\/en.wikipedia.org\/wiki\/Galvanization\" target=\"_blank\" rel=\"noopener\">galvanized<\/a> wire to be machined into hangers, and the shape of the hanger can be customized. This is the butterfly shape hanger machine. The butterfly hanger is beautiful in appearance and has a non-slip effect on the hanger.<\/p>    <figure class=\"wp-block-image size-full\"><img loading=\"lazy\" decoding=\"async\" width=\"720\" height=\"540\" src=\"https:\/\/hangermachinery.com\/wp-content\/uploads\/2022\/07\/Butterfly-type-hanger-.webp\" alt=\"Kipepeo\u00a0aina\u00a0\u00a0kibamba\" class=\"wp-image-350\" title=\"\" srcset=\"https:\/\/hangermachinery.com\/wp-content\/uploads\/2022\/07\/Butterfly-type-hanger-.webp 720w, https:\/\/hangermachinery.com\/wp-content\/uploads\/2022\/07\/Butterfly-type-hanger--300x225.webp 300w\" sizes=\"auto, (max-width: 720px) 100vw, 720px\" \/><figcaption class=\"wp-element-caption\">Kipepeo&amp;Nbsp;Aina&amp;Nbsp;&amp;Nbsp;Kibamba cha nguo<\/figcaption><\/figure>    <h2 class=\"wp-block-heading\" id=\"h-why-is-it-called-a-butterfly-hanger-machine\">Kwanini inaitwa mashine ya bidhaa ya hanger aina ya butterfly?<\/h2>    <figure class=\"wp-block-embed is-type-video is-provider-youtube wp-block-embed-youtube wp-embed-aspect-16-9 wp-has-aspect-ratio\"><div class=\"wp-block-embed__wrapper\"> <iframe loading=\"lazy\" title=\"Kiwanda cha kutengeneza vifuniko vya waya kinaendesha Saudi Arabia  |  mashine ya kutengeneza hook za hanger za mavazi\" width=\"500\" height=\"281\" src=\"https:\/\/www.youtube.com\/embed\/MfuP8dbRTU4?feature=oembed\" frameborder=\"0\" allow=\"accelerometer; autoplay; clipboard-write; encrypted-media; gyroscope; picture-in-picture; web-share\" referrerpolicy=\"strict-origin-when-cross-origin\" allowfullscreen><\/iframe> <\/div><\/figure>    <p><br>Kwa nini inaitwa mashine ya hanger ya kipepeo? Kwa sababu umbo la hanger ni wa kipekee, umbo la hanger ni kama mabawa ya kipepeo, kwa hivyo inaitwa mashine ya hanger ya kipepeo. Umbo la mashine ya bidhaa za hanger za aina ya kipepeo ni nzuri sana, na kwa sababu ya umbo lake la kipekee, mashine ya hanger pia ina athari ya kuzuia kuteleza. Kwa hivyo mashine ya hanger ya kipepeo ni umbo ambalo watu wengi wanapenda.<\/p>    <h2 class=\"wp-block-heading\">vigezo vya mashine ya bidhaa ya hanger aina ya butterfly<\/h2>    <figure class=\"wp-block-table\"><table><tbody><tr><td>Mfano<\/td><td>SL-600<\/td><\/tr><tr><td>Uwezo<\/td><td>50 pc\/h<\/td><\/tr><tr><td>Waya iliyogandishwa<\/td><td>1.8mm~2.2mm<\/td><\/tr><tr><td>Waya iliyo na funzo la P.V.C<\/td><td>2.8mm~3.6mm<\/td><\/tr><tr><td>Motor<\/td><td>2HP<\/td><\/tr><tr><td>Msimamo wa ulaji wa waya<\/td><td>2HP<\/td><\/tr><tr><td>Ukubwa wa hanger<\/td><td>13-14cm kwa watoto<br>15-19cm kwa watu wazima<\/td><\/tr><tr><td>Uzito wa neti<\/td><td>750kg<\/td><\/tr><tr><td>Ukubwa wa mashine<\/td><td>1800*800*1650mm(L*W*H)<\/td><\/tr><\/tbody><\/table><\/figure>    <h2 class=\"wp-block-heading\" id=\"h-why-can-the-butterfly-type-hanger-product-machine-make-a-variety-of-shapes\">Kwa nini mashine ya hanger ya aina ya butterfly inaweza kutengeneza aina mbalimbali za maumbo?<\/h2>    <figure class=\"wp-block-image size-full\"><img loading=\"lazy\" decoding=\"async\" width=\"720\" height=\"540\" src=\"https:\/\/hangermachinery.com\/wp-content\/uploads\/2022\/07\/Butterfly-type-hanger-product-machine-4.webp\" alt=\"Fj\u00e4derl\u00e4tt fj\u00e4rilstyp h\u00e5llarmaskin\" class=\"wp-image-437\" title=\"\" srcset=\"https:\/\/hangermachinery.com\/wp-content\/uploads\/2022\/07\/Butterfly-type-hanger-product-machine-4.webp 720w, https:\/\/hangermachinery.com\/wp-content\/uploads\/2022\/07\/Butterfly-type-hanger-product-machine-4-300x225.webp 300w\" sizes=\"auto, (max-width: 720px) 100vw, 720px\" \/><figcaption class=\"wp-element-caption\">Mashine ya Bidhaa ya Hanger Aina ya Butterfly<\/figcaption><\/figure>    <p>Mashine ya hanger ya butterfly inaweza kutengeneza maumbo mengi tofauti kwa sababu mashine ya hanger inaweza kubadilisha sindano, na umbo la hanger linalotengenezwa na sindano tofauti litakuwa tofauti. Zaidi ya hayo, ukubwa wa hanger pia unaweza kubinafsishwa. Ikiwa unataka kuzalisha vifuniko vya mavazi vya maumbo mbalimbali, unaweza kununua sindano nyingi kwa matumizi, ili vifuniko tofauti vya mavazi viweze kutengenezwa, kuwapa wateja chaguo zaidi.<\/p>    <h2 class=\"wp-block-heading\" id=\"h-size-of-the-butterfly-type-hanger-making-machine-to-produce-hangers\">Ukubwa wa mashine ya bidhaa ya hanger ya aina ya butterfly kutengeneza vifuniko<\/h2>    <p>Tuliangalia kwamba baadhi ya vifuniko vina ukubwa tofauti, hasa kwa watoto na watu wazima, kwa ujumla vifuniko vya ukubwa 13-15 vinatumika kwa watoto, na ukubwa 16-20 hutumika kwa watu wazima, ambayo inaweza kufanyika kwenye mashine wakati wa uzalishaji. Marekebisho ya moja kwa moja ili kudhibiti ukubwa wa vifuniko vinavyozalishwa.<\/p>    <div class=\"wp-block-media-text alignwide is-stacked-on-mobile\"><figure class=\"wp-block-media-text__media\"><img loading=\"lazy\" decoding=\"async\" width=\"720\" height=\"540\" src=\"https:\/\/hangermachinery.com\/wp-content\/uploads\/2022\/07\/Butterfly-type-hanger-product-machine-2.webp\" alt=\"Mashine ya bidhaa ya hanger aina ya Butterfly\" class=\"wp-image-352 size-full\" title=\"\" srcset=\"https:\/\/hangermachinery.com\/wp-content\/uploads\/2022\/07\/Butterfly-type-hanger-product-machine-2.webp 720w, https:\/\/hangermachinery.com\/wp-content\/uploads\/2022\/07\/Butterfly-type-hanger-product-machine-2-300x225.webp 300w\" sizes=\"auto, (max-width: 720px) 100vw, 720px\" \/><\/figure><div class=\"wp-block-media-text__content\"> <p class=\"has-medium-font-size\">Rahisi kuendesha<\/p> <\/div><\/div>    <div class=\"wp-block-media-text alignwide has-media-on-the-right is-stacked-on-mobile\"><div class=\"wp-block-media-text__content\"> <p class=\"has-medium-font-size\">Usahihi wa juu, ukubwa thabiti wa vifuniko vinavyotengenezwa<\/p> <\/div><figure class=\"wp-block-media-text__media\"><img loading=\"lazy\" decoding=\"async\" width=\"720\" height=\"540\" src=\"https:\/\/hangermachinery.com\/wp-content\/uploads\/2022\/07\/Butterfly-type-hanger-product-machine-3.webp\" alt=\"Mashine ya bidhaa ya hanger aina ya Butterfly\" class=\"wp-image-353 size-full\" title=\"\" srcset=\"https:\/\/hangermachinery.com\/wp-content\/uploads\/2022\/07\/Butterfly-type-hanger-product-machine-3.webp 720w, https:\/\/hangermachinery.com\/wp-content\/uploads\/2022\/07\/Butterfly-type-hanger-product-machine-3-300x225.webp 300w\" sizes=\"auto, (max-width: 720px) 100vw, 720px\" \/><\/figure><\/div>    <div class=\"wp-block-media-text alignwide is-stacked-on-mobile\"><figure class=\"wp-block-media-text__media\"><img loading=\"lazy\" decoding=\"async\" width=\"720\" height=\"540\" src=\"https:\/\/hangermachinery.com\/wp-content\/uploads\/2022\/07\/hanger-product-machine-1.webp\" alt=\"Mashine ya bidhaa ya hanger aina ya Butterfly\" class=\"wp-image-354 size-full\" title=\"\" srcset=\"https:\/\/hangermachinery.com\/wp-content\/uploads\/2022\/07\/hanger-product-machine-1.webp 720w, https:\/\/hangermachinery.com\/wp-content\/uploads\/2022\/07\/hanger-product-machine-1-300x225.webp 300w\" sizes=\"auto, (max-width: 720px) 100vw, 720px\" \/><\/figure><div class=\"wp-block-media-text__content\"> <p class=\"has-medium-font-size\">Bidhaa imara na sugu yenye thamani kubwa<\/p> <\/div><\/div>    <h2 class=\"wp-block-heading\" id=\"h-what-are-the-advantages-of-metal-hangers-compared-with-other-hangers\">Je, faida za vifuniko vya chuma ikilinganishwa na vifuniko vingine ni zipi<\/h2>    <figure class=\"wp-block-image size-full\"><img loading=\"lazy\" decoding=\"async\" width=\"720\" height=\"540\" src=\"https:\/\/hangermachinery.com\/wp-content\/uploads\/2022\/07\/0.56-1.webp\" alt=\" vibamba vya chuma \" class=\"wp-image-355\" title=\"\" srcset=\"https:\/\/hangermachinery.com\/wp-content\/uploads\/2022\/07\/0.56-1.webp 720w, https:\/\/hangermachinery.com\/wp-content\/uploads\/2022\/07\/0.56-1-300x225.webp 300w\" sizes=\"auto, (max-width: 720px) 100vw, 720px\" \/><figcaption class=\"wp-element-caption\"> Vifuniko vya Chuma <\/figcaption><\/figure>    <ul class=\"wp-block-list\"> <li>Gharama nafuu na sugu<\/li>    <li>Rahisi kuzalisha, inafaa kwa uzalishaji wa wingi;<\/li>    <li>Kuhamishika kwa waya nyingi, nyepesi na za vitendo, zinafaa sana kwa matumizi ya nyumbani;<\/li>    <li>Muonekano mzuri, rangi mbalimbali<\/li>    <li>Bidhaa za chuma zisizoyeyuka zina maisha marefu ya huduma;<\/li>    <li>Malighafi za chuma zinaweza kutumika tena kwa kiasi fulani<\/li> <\/ul>                <div class=\"wp-block-shuliy-wp-blocks-latest-posts has-2-columns\">                             <div class=\"shuliy-wp-blocks-latest-posts-item\">                     <a href=\"https:\/\/hangermachinery.com\/sw\/product\/cloth-hanger-machine\/\" target=\"_blank\">                         <img class=\"shuliy-wp-blocks-latest-posts-item__featured-image\" src=\"https:\/\/hangermachinery.com\/wp-content\/uploads\/2023\/06\/cloths-hanger-machine-for-sale.webp\" alt=\"\" \/>                     <\/a>                      <h2 class=\"shuliy-wp-blocks-latest-posts-item__title\">                         <a href=\"https:\/\/hangermachinery.com\/sw\/product\/cloth-hanger-machine\/\" target=\"_blank\">                             Kl\u00e4dh\u00e4ngarmaskin                        <\/a>                     <\/h2>                 <\/div>                             <div class=\"shuliy-wp-blocks-latest-posts-item\">                     <a href=\"https:\/\/hangermachinery.com\/sw\/product\/raw-galvanized-wire\/\" target=\"_blank\">                         <img class=\"shuliy-wp-blocks-latest-posts-item__featured-image\" src=\"https:\/\/hangermachinery.com\/wp-content\/uploads\/2023\/01\/galvanized-wire-for-making-clothes-hangers.jpg\" alt=\"\" \/>                     <\/a>                      <h2 class=\"shuliy-wp-blocks-latest-posts-item__title\">                         <a href=\"https:\/\/hangermachinery.com\/sw\/product\/raw-galvanized-wire\/\" target=\"_blank\">                             Waya ya asili iliyogandishwa kwa kutengeneza vifuniko vya mavazi                        <\/a>                     <\/h2>                 <\/div>                             <div class=\"shuliy-wp-blocks-latest-posts-item\">                     <a href=\"https:\/\/hangermachinery.com\/sw\/product\/butterfly-type-hanger-product-machine\/\" target=\"_blank\">                         <img class=\"shuliy-wp-blocks-latest-posts-item__featured-image\" src=\"https:\/\/hangermachinery.com\/wp-content\/uploads\/2022\/07\/Butterfly-type-hanger-product-machine.webp\" alt=\"\" \/>                     <\/a>                      <h2 class=\"shuliy-wp-blocks-latest-posts-item__title\">                         <a href=\"https:\/\/hangermachinery.com\/sw\/product\/butterfly-type-hanger-product-machine\/\" target=\"_blank\">                             Maskin f\u00f6r b\u00e5rdmaskin av fj\u00e4rilstyp | h\u00e5llarmaskin                        <\/a>                     <\/h2>                 <\/div>                             <div class=\"shuliy-wp-blocks-latest-posts-item\">                     <a href=\"https:\/\/hangermachinery.com\/sw\/product\/welding-wire-hanger-making-machine\/\" target=\"_blank\">                         <img class=\"shuliy-wp-blocks-latest-posts-item__featured-image\" src=\"https:\/\/hangermachinery.com\/wp-content\/uploads\/2022\/07\/Welding-wire-hanger-making-machine.webp\" alt=\"\" \/>                     <\/a>                      <h2 class=\"shuliy-wp-blocks-latest-posts-item__title\">                         <a href=\"https:\/\/hangermachinery.com\/sw\/product\/welding-wire-hanger-making-machine\/\" target=\"_blank\">                             Mashine ya kulehemu waya kutengeneza viwiko | mashine ya viwiko vya chuma                        <\/a>                     <\/h2>                 <\/div>                             <div class=\"shuliy-wp-blocks-latest-posts-item\">                     <a href=\"https:\/\/hangermachinery.com\/sw\/product\/coat-hanger-making-machine\/\" target=\"_blank\">                         <img class=\"shuliy-wp-blocks-latest-posts-item__featured-image\" src=\"https:\/\/hangermachinery.com\/wp-content\/uploads\/2022\/07\/Coat-Hanger-Making-Machine.webp\" alt=\"\" \/>                     <\/a>                      <h2 class=\"shuliy-wp-blocks-latest-posts-item__title\">                         <a href=\"https:\/\/hangermachinery.com\/sw\/product\/coat-hanger-making-machine\/\" target=\"_blank\">                             Kl\u00e4dh\u00e4ngar Maskin | H\u00e4ngare Tillverkningsmaskin                        <\/a>                     <\/h2>                 <\/div>                     <\/div>","protected":false},"excerpt":{"rendered":"<p>Mashine ya bidhaa ya hanger aina ya kipepeo ni mashine inayotumika kutengeneza hanger. <\/p>","protected":false},"author":1,"featured_media":348,"parent":0,"template":"","tags":[29,30],"product-type":[11,18],"class_list":["post-132","product","type-product","status-publish","has-post-thumbnail","hentry","tag-hanger","tag-hanger-product-machine","product-type-product","product-type-butterfly-type-hanger-product-machine"],"_links":{"self":[{"href":"https:\/\/hangermachinery.com\/sw\/wp-json\/wp\/v2\/product\/132","targetHints":{"allow":["GET"]}}],"collection":[{"href":"https:\/\/hangermachinery.com\/sw\/wp-json\/wp\/v2\/product"}],"about":[{"href":"https:\/\/hangermachinery.com\/sw\/wp-json\/wp\/v2\/types\/product"}],"author":[{"embeddable":true,"href":"https:\/\/hangermachinery.com\/sw\/wp-json\/wp\/v2\/users\/1"}],"wp:featuredmedia":[{"embeddable":true,"href":"https:\/\/hangermachinery.com\/sw\/wp-json\/wp\/v2\/media\/348"}],"wp:attachment":[{"href":"https:\/\/hangermachinery.com\/sw\/wp-json\/wp\/v2\/media?parent=132"}],"wp:term":[{"taxonomy":"post_tag","embeddable":true,"href":"https:\/\/hangermachinery.com\/sw\/wp-json\/wp\/v2\/tags?post=132"},{"taxonomy":"product-type","embeddable":true,"href":"https:\/\/hangermachinery.com\/sw\/wp-json\/wp\/v2\/product-type?post=132"}],"curies":[{"name":"wp","href":"https:\/\/api.w.org\/{rel}","templated":true}]}}