{"id":559,"date":"2023-01-04T14:06:04","date_gmt":"2023-01-04T06:06:04","guid":{"rendered":"https:\/\/hangermachinery.com\/?post_type=product&#038;p=559"},"modified":"2023-01-04T14:06:05","modified_gmt":"2023-01-04T06:06:05","slug":"raw-galvanized-wire","status":"publish","type":"product","link":"https:\/\/hangermachinery.com\/sw\/product\/raw-galvanized-wire\/","title":{"rendered":"Waya ya asili iliyogandishwa kwa kutengeneza vifuniko vya mavazi"},"content":{"rendered":"<p class=\"translation-block\">Waya iliyogalvanized ni mojawapo ya malighafi za kutengeneza <a href=\"https:\/\/hangermachinery.com\/sw\/product\/pvc-coated-wire-hanger-production-line\/\" data-type=\"URL\" data-id=\"https:\/\/hangermachinery.com\/product\/pvc-coated-wire-hanger-production-line\/\">hanger za nguo<\/a>. Waya ya chuma iliyogalvanized haina kutu, ni ya ubora mzuri na uso wake unaangaza, na inafaa sana kwa usindikaji wa hanger za nguo. Mbali na kuuza hanger za nguo, shuliy pia hutoa waya ya chuma iliyogalvanized, ambayo ni malighafi ya kutengeneza hanger za nguo.<\/p>   <div class=\"wp-block-image\"> <figure class=\"aligncenter size-full\"><img loading=\"lazy\" decoding=\"async\" width=\"720\" height=\"540\" src=\"https:\/\/hangermachinery.com\/wp-content\/uploads\/2023\/01\/galvanized-wire-1.jpg\" alt=\"nyuzi za galvanised\" class=\"wp-image-573\" title=\"\" srcset=\"https:\/\/hangermachinery.com\/wp-content\/uploads\/2023\/01\/galvanized-wire-1.jpg 720w, https:\/\/hangermachinery.com\/wp-content\/uploads\/2023\/01\/galvanized-wire-1-300x225.jpg 300w\" sizes=\"auto, (max-width: 720px) 100vw, 720px\" \/><figcaption class=\"wp-element-caption\">nyuzi za galvanised<\/figcaption><\/figure> <\/div>   <h2 class=\"wp-block-heading\">Utangulizi wa waya ya chuma iliyopigwa kwa zinki kwa kutengeneza hanger<\/h2>    <p class=\"translation-block\">Ili kutengeneza hanger, waya ya chuma iliyogalvanized ni muhimu. Kipenyo cha kawaida cha waya hii iliyogalvanized yenye mwangaza kwa ujumla ni 1.8-2.5mm. Kitengo cha mauzo cha waya iliyogalvanized ni tani, kawaida tani tano. Waya iliyogalvanized kwa ujumla hutumika katika kufunga ujenzi, kufunga vifungashio, skrini za kuchuja, ufundi, <a href=\"https:\/\/www.urbandictionary.com\/define.php?term=hookup\" data-type=\"URL\" data-id=\"https:\/\/www.urbandictionary.com\/define.php?term=hookup\" target=\"_blank\" rel=\"noopener\">hookups<\/a>, n.k.<\/p>    <figure class=\"wp-block-gallery has-nested-images columns-default is-cropped wp-block-gallery-2 is-layout-flex wp-block-gallery-is-layout-flex\"> <figure class=\"wp-block-image size-large\"><img loading=\"lazy\" decoding=\"async\" width=\"720\" height=\"540\" data-id=\"568\" src=\"https:\/\/hangermachinery.com\/wp-content\/uploads\/2023\/01\/animal-cage.jpg\" alt=\"kizuizi cha wanyama\" class=\"wp-image-568\" title=\"\" srcset=\"https:\/\/hangermachinery.com\/wp-content\/uploads\/2023\/01\/animal-cage.jpg 720w, https:\/\/hangermachinery.com\/wp-content\/uploads\/2023\/01\/animal-cage-300x225.jpg 300w\" sizes=\"auto, (max-width: 720px) 100vw, 720px\" \/><figcaption class=\"wp-element-caption\">Kata ya Wanyama<\/figcaption><\/figure>    <figure class=\"wp-block-image size-large\"><img loading=\"lazy\" decoding=\"async\" width=\"720\" height=\"540\" data-id=\"567\" src=\"https:\/\/hangermachinery.com\/wp-content\/uploads\/2023\/01\/for-construction.jpg\" alt=\"kwa ujenzi\" class=\"wp-image-567\" title=\"\" srcset=\"https:\/\/hangermachinery.com\/wp-content\/uploads\/2023\/01\/for-construction.jpg 720w, https:\/\/hangermachinery.com\/wp-content\/uploads\/2023\/01\/for-construction-300x225.jpg 300w\" sizes=\"auto, (max-width: 720px) 100vw, 720px\" \/><figcaption class=\"wp-element-caption\">Kwa Ujenzi<\/figcaption><\/figure>    <figure class=\"wp-block-image size-large\"><img loading=\"lazy\" decoding=\"async\" width=\"720\" height=\"540\" data-id=\"566\" src=\"https:\/\/hangermachinery.com\/wp-content\/uploads\/2023\/01\/hook-up-1.jpg\" alt=\"kuunganisha\" class=\"wp-image-566\" title=\"\" srcset=\"https:\/\/hangermachinery.com\/wp-content\/uploads\/2023\/01\/hook-up-1.jpg 720w, https:\/\/hangermachinery.com\/wp-content\/uploads\/2023\/01\/hook-up-1-300x225.jpg 300w\" sizes=\"auto, (max-width: 720px) 100vw, 720px\" \/><figcaption class=\"wp-element-caption\">Hook Up<\/figcaption><\/figure>    <figure class=\"wp-block-image size-large\"><img loading=\"lazy\" decoding=\"async\" width=\"720\" height=\"540\" data-id=\"565\" src=\"https:\/\/hangermachinery.com\/wp-content\/uploads\/2023\/01\/hook-up.jpg\" alt=\"kuunganisha\" class=\"wp-image-565\" title=\"\" srcset=\"https:\/\/hangermachinery.com\/wp-content\/uploads\/2023\/01\/hook-up.jpg 720w, https:\/\/hangermachinery.com\/wp-content\/uploads\/2023\/01\/hook-up-300x225.jpg 300w\" sizes=\"auto, (max-width: 720px) 100vw, 720px\" \/><figcaption class=\"wp-element-caption\">Hook Up<\/figcaption><\/figure>    <figure class=\"wp-block-image size-large\"><img loading=\"lazy\" decoding=\"async\" width=\"720\" height=\"540\" data-id=\"564\" src=\"https:\/\/hangermachinery.com\/wp-content\/uploads\/2023\/01\/fence.jpg\" alt=\"uzio\" class=\"wp-image-564\" title=\"\" srcset=\"https:\/\/hangermachinery.com\/wp-content\/uploads\/2023\/01\/fence.jpg 720w, https:\/\/hangermachinery.com\/wp-content\/uploads\/2023\/01\/fence-300x225.jpg 300w\" sizes=\"auto, (max-width: 720px) 100vw, 720px\" \/><figcaption class=\"wp-element-caption\">Uzio<\/figcaption><\/figure>    <figure class=\"wp-block-image size-large\"><img loading=\"lazy\" decoding=\"async\" width=\"720\" height=\"540\" data-id=\"563\" src=\"https:\/\/hangermachinery.com\/wp-content\/uploads\/2023\/01\/hangre.jpg\" alt=\"hanger\" class=\"wp-image-563\" title=\"\" srcset=\"https:\/\/hangermachinery.com\/wp-content\/uploads\/2023\/01\/hangre.jpg 720w, https:\/\/hangermachinery.com\/wp-content\/uploads\/2023\/01\/hangre-300x225.jpg 300w\" sizes=\"auto, (max-width: 720px) 100vw, 720px\" \/><figcaption class=\"wp-element-caption\">Hangr<\/figcaption><\/figure> <\/figure>    <h2 class=\"wp-block-heading\">Jinsi ya kuchagua kipenyo cha waya iliyogalvanized?<\/h2>    <h3 class=\"wp-block-heading\">Fikiria msaada wa hanger<\/h3>    <p>Moja ni kuzingatia nguvu ya msaada ya hanger. Ingawa uzito wa nguo zilizokaushwa juu ya hanger ni mdogo, bado lina uzito fulani kwa nguo nzito, kwa hivyo nguvu fulani ya msaada bado inahitajika.<\/p>   <div class=\"wp-block-image\"> <figure class=\"aligncenter size-full\"><img loading=\"lazy\" decoding=\"async\" width=\"720\" height=\"540\" src=\"https:\/\/hangermachinery.com\/wp-content\/uploads\/2023\/01\/galvanized-steel-wire-hangers.jpg\" alt=\"galvaniserade st\u00e5ltr\u00e5d-h\u00e4ngare\" class=\"wp-image-572\" title=\"\" srcset=\"https:\/\/hangermachinery.com\/wp-content\/uploads\/2023\/01\/galvanized-steel-wire-hangers.jpg 720w, https:\/\/hangermachinery.com\/wp-content\/uploads\/2023\/01\/galvanized-steel-wire-hangers-300x225.jpg 300w\" sizes=\"auto, (max-width: 720px) 100vw, 720px\" \/><figcaption class=\"wp-element-caption\">galvaniserade st\u00e5ltr\u00e5d-h\u00e4ngare<\/figcaption><\/figure> <\/div>   <h3 class=\"wp-block-heading\">Fikiria gharama<\/h3>    <p>Pili, lazima tufikirie gharama ya waya wa chuma uliobadilishwa. Hii aina ya hanger inayoweza kutupwa hutumiwa hasa na safisha, na hoteli, na hupewa moja kwa moja kwa wateja baada ya kuosha nguo. Kwa hivyo, gharama ya hanger lazima izingatiwe, na waya wa chuma uliobadilishwa wa nene sana haupaswi kutumika.<br>inajulikana. Waya wa chuma uliobadilishwa huzwa kwa tani, kwa hivyo kipenyo cha waya kilicho nene na urefu mfupi, ni vigumu zaidi kuzalisha hanger chache, kwa hivyo kipenyo cha waya wa chuma uliobadilishwa cha 1.8-2.5mm ndicho kinachotumika sana.<\/p>    <h2 class=\"wp-block-heading\">Jinsi hanger zinavyotengenezwa<\/h2>    <p class=\"translation-block\">Mchakato wa utengenezaji wa hanger ni wa kawaida. Malighafi kuu kwa ajili ya utengenezaji wa hanger ni waya iliyogalvanized, ambayo inaweza kutengenezwa kwa mashine. Wakati huo, hanger za nguo zimekidhi mahitaji ya wateja na watumiaji wengi, na aina hizi za hanger zinafanya vizuri kwa sababu ni nafuu.<\/p>    <figure class=\"wp-block-gallery has-nested-images columns-default is-cropped wp-block-gallery-3 is-layout-flex wp-block-gallery-is-layout-flex\"> <figure class=\"wp-block-image size-large\"><img loading=\"lazy\" decoding=\"async\" width=\"720\" height=\"540\" data-id=\"569\" src=\"https:\/\/hangermachinery.com\/wp-content\/uploads\/2023\/01\/galvanized-wire.jpg\" alt=\"nyuzi za galvanised\" class=\"wp-image-569\" title=\"\" srcset=\"https:\/\/hangermachinery.com\/wp-content\/uploads\/2023\/01\/galvanized-wire.jpg 720w, https:\/\/hangermachinery.com\/wp-content\/uploads\/2023\/01\/galvanized-wire-300x225.jpg 300w\" sizes=\"auto, (max-width: 720px) 100vw, 720px\" \/><figcaption><\/figcaption><\/figure>    <figure class=\"wp-block-image size-large\"><img loading=\"lazy\" decoding=\"async\" width=\"720\" height=\"540\" data-id=\"570\" src=\"https:\/\/hangermachinery.com\/wp-content\/uploads\/2023\/01\/hangers.jpg\" alt=\"h\u00e4ngare\" class=\"wp-image-570\" title=\"\" srcset=\"https:\/\/hangermachinery.com\/wp-content\/uploads\/2023\/01\/hangers.jpg 720w, https:\/\/hangermachinery.com\/wp-content\/uploads\/2023\/01\/hangers-300x225.jpg 300w\" sizes=\"auto, (max-width: 720px) 100vw, 720px\" \/><figcaption class=\"wp-element-caption\">H\u00e4ngare<\/figcaption><\/figure> <\/figure>    <p>Mbali na mauzo ya moja kwa moja, pia inawezekana kupaka rangi hanger na kisha kuzikausha. Wakati huo, hanger zinaweza kupakwa rangi mbalimbali, hivyo zinakuwa nzuri zaidi, na kwa ulinzi wa rangi, pia zinakuwa imara zaidi.<\/p>    <h2 class=\"wp-block-heading\">Faida za waya ya chuma iliyogalvanized <\/h2>    <p>Matumizi ya muda mrefu si rahisi kuambatisha<br>Uso angavu, muonekano laini na mzuri<br>Safu ya zinki ya kawaida na muundo thabiti<br>Makosa ya kipenyo cha waya wa chuma uliobadilishwa ni madogo, uzalishaji wa pamoja, udhibiti mkali<\/p>    <h2 class=\"wp-block-heading\">Kuhusu mafanikio ya wateja wa waya iliyogalvanized<\/h2>   <div class=\"wp-block-image\"> <figure class=\"aligncenter size-full\"><img loading=\"lazy\" decoding=\"async\" width=\"720\" height=\"540\" src=\"https:\/\/hangermachinery.com\/wp-content\/uploads\/2023\/01\/galvanized-steel-wire-factory-1.jpg\" alt=\"kiwanda cha waya ya chuma iliyopigwa kwa zinki\" class=\"wp-image-571\" title=\"\" srcset=\"https:\/\/hangermachinery.com\/wp-content\/uploads\/2023\/01\/galvanized-steel-wire-factory-1.jpg 720w, https:\/\/hangermachinery.com\/wp-content\/uploads\/2023\/01\/galvanized-steel-wire-factory-1-300x225.jpg 300w\" sizes=\"auto, (max-width: 720px) 100vw, 720px\" \/><figcaption class=\"wp-element-caption\">waya ya chuma iliyogalvanized <\/figcaption><\/figure> <\/div>   <p class=\"translation-block\">Tulihamisha <a href=\"https:\/\/hangermachinery.com\/sw\/product\/galvanized-wire-hanger-machine\/\" data-type=\"URL\" data-id=\"https:\/\/hangermachinery.com\/product\/galvanized-wire-hanger-machine\/\">hanger za nguo<\/a> na tani 8 za malighafi za waya ya chuma iliyogalvanized kwenda Falme za Kiarabu. Kwa kuzingatia mambo kama vile bei za waya ya chuma iliyogalvanized ya ndani na bei za waya zilizoozwa kwa kuagiza, mteja aliagiza malighafi ya waya iliyogalvanized moja kwa moja wakati wa kununua hanger za nguo. Kwa njia hii, wateja wanaweza kusafirisha mashine ya hanger na waya iliyogalvanized pamoja, ambayo inaokoa gharama za mizigo na kupunguza gharama.<\/p>","protected":false},"excerpt":{"rendered":"<p>Galvanized wire is one of the raw materials for making clothes hangers. Galvanized steel wire is anti-corrosion, of good quality and bright on the surface, and very suitable for processing clothes hangers. In addition to selling clothes hangers, shuliy also exports galvanized steel wire, which is the raw material for making clothes hangers. Introduction of [&hellip;]<\/p>\n","protected":false},"author":1,"featured_media":560,"parent":0,"template":"","tags":[],"product-type":[11],"class_list":["post-559","product","type-product","status-publish","has-post-thumbnail","hentry","product-type-product"],"_links":{"self":[{"href":"https:\/\/hangermachinery.com\/sw\/wp-json\/wp\/v2\/product\/559","targetHints":{"allow":["GET"]}}],"collection":[{"href":"https:\/\/hangermachinery.com\/sw\/wp-json\/wp\/v2\/product"}],"about":[{"href":"https:\/\/hangermachinery.com\/sw\/wp-json\/wp\/v2\/types\/product"}],"author":[{"embeddable":true,"href":"https:\/\/hangermachinery.com\/sw\/wp-json\/wp\/v2\/users\/1"}],"wp:featuredmedia":[{"embeddable":true,"href":"https:\/\/hangermachinery.com\/sw\/wp-json\/wp\/v2\/media\/560"}],"wp:attachment":[{"href":"https:\/\/hangermachinery.com\/sw\/wp-json\/wp\/v2\/media?parent=559"}],"wp:term":[{"taxonomy":"post_tag","embeddable":true,"href":"https:\/\/hangermachinery.com\/sw\/wp-json\/wp\/v2\/tags?post=559"},{"taxonomy":"product-type","embeddable":true,"href":"https:\/\/hangermachinery.com\/sw\/wp-json\/wp\/v2\/product-type?post=559"}],"curies":[{"name":"wp","href":"https:\/\/api.w.org\/{rel}","templated":true}]}}