{"id":82,"date":"2022-07-17T15:17:04","date_gmt":"2022-07-17T15:17:04","guid":{"rendered":"https:\/\/hangermachinery.com\/?post_type=product&#038;p=82"},"modified":"2023-03-16T09:25:15","modified_gmt":"2023-03-16T01:25:15","slug":"plastic-coated-hanger-production-line","status":"publish","type":"product","link":"https:\/\/hangermachinery.com\/sw\/product\/plastic-coated-hanger-production-line\/","title":{"rendered":"Plastbelagd h\u00e5llare-produktionslinje | kl\u00e4dh\u00e4ngar maskin"},"content":{"rendered":"<p class=\"translation-block\">Mstari wa uzalishaji wa viganja vilivyopakwa plastiki ni vifaa vya kutengeneza viganja vya nguo. Malighafi kuu ni waya zilizopakwa zinki. Mstari wa uzalishaji wa hanger wa kupulizia huzalisha viganja kupitia <a href=\"https:\/\/hangermachinery.com\/sw\/product\/galvanized-wire-hanger-machine\/\">mashine ya kutengeneza umbo la hanger<\/a>, mashine ya kupulizia, mashine ya kuchakata tena Sufen, na mashine ya kukausha. Malighafi kwa uzalishaji wa viganja ni hasa waya iliyopakwa zinki. Mstari wetu wa uzalishaji wa viganja vilivyopakwa plastiki umeuzwa Saudi Arabia, Australia, Mexico, Sweden, Yemen, na nchi nyingine.<\/p>    <figure class=\"wp-block-gallery has-nested-images columns-default is-cropped wp-block-gallery-2 is-layout-flex wp-block-gallery-is-layout-flex\"> <figure class=\"wp-block-image size-large\"><img loading=\"lazy\" decoding=\"async\" width=\"720\" height=\"540\" data-id=\"471\" src=\"https:\/\/hangermachinery.com\/wp-content\/uploads\/2022\/07\/red-hanger.webp\" alt=\"r\u00f6d galge\" class=\"wp-image-471\" title=\"\" srcset=\"https:\/\/hangermachinery.com\/wp-content\/uploads\/2022\/07\/red-hanger.webp 720w, https:\/\/hangermachinery.com\/wp-content\/uploads\/2022\/07\/red-hanger-300x225.webp 300w\" sizes=\"auto, (max-width: 720px) 100vw, 720px\" \/><figcaption class=\"wp-element-caption\">Hanger Mwekundu<\/figcaption><\/figure>    <figure class=\"wp-block-image size-large\"><img loading=\"lazy\" decoding=\"async\" width=\"720\" height=\"540\" data-id=\"473\" src=\"https:\/\/hangermachinery.com\/wp-content\/uploads\/2022\/07\/cyan-hanger.webp\" alt=\"cyan galge\" class=\"wp-image-473\" title=\"\" srcset=\"https:\/\/hangermachinery.com\/wp-content\/uploads\/2022\/07\/cyan-hanger.webp 720w, https:\/\/hangermachinery.com\/wp-content\/uploads\/2022\/07\/cyan-hanger-300x225.webp 300w\" sizes=\"auto, (max-width: 720px) 100vw, 720px\" \/><figcaption class=\"wp-element-caption\">Hanger Cyan<\/figcaption><\/figure>    <figure class=\"wp-block-image size-large\"><img loading=\"lazy\" decoding=\"async\" width=\"720\" height=\"540\" data-id=\"472\" src=\"https:\/\/hangermachinery.com\/wp-content\/uploads\/2022\/07\/pink-hanger.webp\" alt=\"wapagaji wa rangi ya waridi\" class=\"wp-image-472\" title=\"\" srcset=\"https:\/\/hangermachinery.com\/wp-content\/uploads\/2022\/07\/pink-hanger.webp 720w, https:\/\/hangermachinery.com\/wp-content\/uploads\/2022\/07\/pink-hanger-300x225.webp 300w\" sizes=\"auto, (max-width: 720px) 100vw, 720px\" \/><figcaption class=\"wp-element-caption\">Hanger Pinki<\/figcaption><\/figure>    <figure class=\"wp-block-image size-large\"><img loading=\"lazy\" decoding=\"async\" width=\"720\" height=\"540\" data-id=\"474\" src=\"https:\/\/hangermachinery.com\/wp-content\/uploads\/2022\/07\/blue-white-hanger.webp\" alt=\"bl\u00e5vit galge\" class=\"wp-image-474\" title=\"\" srcset=\"https:\/\/hangermachinery.com\/wp-content\/uploads\/2022\/07\/blue-white-hanger.webp 720w, https:\/\/hangermachinery.com\/wp-content\/uploads\/2022\/07\/blue-white-hanger-300x225.webp 300w\" sizes=\"auto, (max-width: 720px) 100vw, 720px\" \/><figcaption class=\"wp-element-caption\">Hanger Nyeupe ya Blu<\/figcaption><\/figure>    <figure class=\"wp-block-image size-large\"><img loading=\"lazy\" decoding=\"async\" width=\"720\" height=\"540\" data-id=\"476\" src=\"https:\/\/hangermachinery.com\/wp-content\/uploads\/2022\/07\/yellow-hanger.webp\" alt=\"kipeo cha njano\" class=\"wp-image-476\" title=\"\" srcset=\"https:\/\/hangermachinery.com\/wp-content\/uploads\/2022\/07\/yellow-hanger.webp 720w, https:\/\/hangermachinery.com\/wp-content\/uploads\/2022\/07\/yellow-hanger-300x225.webp 300w\" sizes=\"auto, (max-width: 720px) 100vw, 720px\" \/><figcaption class=\"wp-element-caption\">Hanger Njano<\/figcaption><\/figure>    <figure class=\"wp-block-image size-large\"><img loading=\"lazy\" decoding=\"async\" width=\"720\" height=\"540\" data-id=\"475\" src=\"https:\/\/hangermachinery.com\/wp-content\/uploads\/2022\/07\/blue-hanger.webp\" alt=\"bl\u00e5 galge\" class=\"wp-image-475\" title=\"\" srcset=\"https:\/\/hangermachinery.com\/wp-content\/uploads\/2022\/07\/blue-hanger.webp 720w, https:\/\/hangermachinery.com\/wp-content\/uploads\/2022\/07\/blue-hanger-300x225.webp 300w\" sizes=\"auto, (max-width: 720px) 100vw, 720px\" \/><figcaption class=\"wp-element-caption\">Hanger ya Bluu<\/figcaption><\/figure> <\/figure>    <h2 class=\"wp-block-heading\">Video ya mstari wa uzalishaji wa viganja vilivyopakwa plastiki<\/h2>    <p>Hii ni video ya mstari kamili wa uzalishaji wa viganja vilivyopakwa plastiki, Ikijumuisha kutengeneza hanger, kupulizia hanger, kukausha hanger, na kufunga hanger. kutoka malighafi waya iliyopakwa zinki hadi vifurushi vya mashine ya hanger,<\/p>    <figure class=\"wp-block-embed is-type-video is-provider-youtube wp-block-embed-youtube wp-embed-aspect-16-9 wp-has-aspect-ratio\"><div class=\"wp-block-embed__wrapper\"> <iframe loading=\"lazy\" title=\"Viganja vya nguo vimetengenezwa kwa plastiki gani? | Mstari wa uzalishaji wa viganja vilivyopakwa plastiki #wirerecycling\" width=\"500\" height=\"281\" src=\"https:\/\/www.youtube.com\/embed\/khzFz25QZKA?start=2&#038;feature=oembed\" frameborder=\"0\" allow=\"accelerometer; autoplay; clipboard-write; encrypted-media; gyroscope; picture-in-picture; web-share\" referrerpolicy=\"strict-origin-when-cross-origin\" allowfullscreen><\/iframe> <\/div><figcaption class=\"wp-element-caption\">mstari wa uzalishaji wa viganja vilivyopakwa plastiki<\/figcaption><\/figure>    <h2 class=\"wp-block-heading\" id=\"h-the-raw-materials-of-the-plastic-coated-hanger-production-line\">R\u00e5varorna till plastbelagd galgeproduktionslinje<\/h2>    <figure class=\"wp-block-image size-full\"><img loading=\"lazy\" decoding=\"async\" width=\"720\" height=\"540\" src=\"https:\/\/hangermachinery.com\/wp-content\/uploads\/2022\/07\/Galvanized-wire-for-making-hangers.webp\" alt=\"F\u00f6rgylld tr\u00e5d f\u00f6r tillverkning av galgar\" class=\"wp-image-303\" title=\"\" srcset=\"https:\/\/hangermachinery.com\/wp-content\/uploads\/2022\/07\/Galvanized-wire-for-making-hangers.webp 720w, https:\/\/hangermachinery.com\/wp-content\/uploads\/2022\/07\/Galvanized-wire-for-making-hangers-300x225.webp 300w\" sizes=\"auto, (max-width: 720px) 100vw, 720px\" \/><figcaption class=\"wp-element-caption\">Waya iliyopakwa zinki kwa kutengeneza vichwa vya nguo<\/figcaption><\/figure>    <p>R\u00e5materialet f\u00f6r att tillverka galgen kan vara galvaniserat tr\u00e5d, j\u00e4rntr\u00e5d, st\u00e5tr\u00e5d, rostfritt st\u00e5ltr\u00e5d, osv. R\u00e5materialet f\u00f6r att tillverka galgen \u00e4r vanligtvis 1,8 mm till 2,0 mm galvaniserad j\u00e4rntr\u00e5d, och den maximala diametern p\u00e5 j\u00e4rntr\u00e5den som kan bearbetas \u00e4r 2,5 mm. Genom att byta maskinens form kan galgens storlek \u00e4ndras, och den kan tillverka vuxengalgar och barngalger.<\/p>    <h2 class=\"wp-block-heading\" id=\"h-the-production-process-of-plastic-coated-hanger-production-line\">Mchakato wa uzalishaji wa mstari wa uzalishaji wa viganja vilivyopakwa plastiki<\/h2>    <figure class=\"wp-block-gallery has-nested-images columns-4 is-cropped wp-block-gallery-3 is-layout-flex wp-block-gallery-is-layout-flex\"> <figure class=\"wp-block-image size-full\"><img loading=\"lazy\" decoding=\"async\" width=\"720\" height=\"540\" data-id=\"304\" src=\"https:\/\/hangermachinery.com\/wp-content\/uploads\/2022\/07\/Plastic-coated-hanger-production-line.webp\" alt=\"\" class=\"wp-image-304\" title=\"\" srcset=\"https:\/\/hangermachinery.com\/wp-content\/uploads\/2022\/07\/Plastic-coated-hanger-production-line.webp 720w, https:\/\/hangermachinery.com\/wp-content\/uploads\/2022\/07\/Plastic-coated-hanger-production-line-300x225.webp 300w\" sizes=\"auto, (max-width: 720px) 100vw, 720px\" \/><figcaption class=\"wp-element-caption\">Mstari wa uzalishaji wa viganja vilivyopakwa plastiki<\/figcaption><\/figure>    <figure class=\"wp-block-image size-full\"><img loading=\"lazy\" decoding=\"async\" width=\"720\" height=\"540\" data-id=\"305\" src=\"https:\/\/hangermachinery.com\/wp-content\/uploads\/2022\/07\/Plastic-coated-hanger-production-line-2.jpg\" alt=\"Mstari wa uzalishaji wa mshikaji uliotiwa plastiki\" class=\"wp-image-305\" title=\"\" srcset=\"https:\/\/hangermachinery.com\/wp-content\/uploads\/2022\/07\/Plastic-coated-hanger-production-line-2.jpg 720w, https:\/\/hangermachinery.com\/wp-content\/uploads\/2022\/07\/Plastic-coated-hanger-production-line-2-300x225.jpg 300w\" sizes=\"auto, (max-width: 720px) 100vw, 720px\" \/><figcaption class=\"wp-element-caption\">Plastbelagd&amp; Nbsp; Galge&amp; Nbsp; Produktions&amp; Nbsp; Linje<\/figcaption><\/figure>    <figure class=\"wp-block-image size-full\"><img loading=\"lazy\" decoding=\"async\" width=\"720\" height=\"540\" data-id=\"306\" src=\"https:\/\/hangermachinery.com\/wp-content\/uploads\/2022\/07\/Plastic-coated-hanger-production-line.jpg\" alt=\"\" class=\"wp-image-306\" title=\"\" srcset=\"https:\/\/hangermachinery.com\/wp-content\/uploads\/2022\/07\/Plastic-coated-hanger-production-line.jpg 720w, https:\/\/hangermachinery.com\/wp-content\/uploads\/2022\/07\/Plastic-coated-hanger-production-line-300x225.jpg 300w\" sizes=\"auto, (max-width: 720px) 100vw, 720px\" \/><figcaption class=\"wp-element-caption\">Plastbelagd&amp; Nbsp; Galge&amp; Nbsp; Produktions&amp; Nbsp; Linje<\/figcaption><\/figure>    <figure class=\"wp-block-image size-full\"><img loading=\"lazy\" decoding=\"async\" width=\"720\" height=\"540\" data-id=\"307\" src=\"https:\/\/hangermachinery.com\/wp-content\/uploads\/2022\/07\/Plastic-coated-hanger-production-line-4.jpg\" alt=\"Mstari wa uzalishaji wa mshikaji uliotiwa plastiki\" class=\"wp-image-307\" title=\"\" srcset=\"https:\/\/hangermachinery.com\/wp-content\/uploads\/2022\/07\/Plastic-coated-hanger-production-line-4.jpg 720w, https:\/\/hangermachinery.com\/wp-content\/uploads\/2022\/07\/Plastic-coated-hanger-production-line-4-300x225.jpg 300w\" sizes=\"auto, (max-width: 720px) 100vw, 720px\" \/><figcaption class=\"wp-element-caption\">Plastbelagd&amp; Nbsp; Galge&amp; Nbsp; Produktions&amp; Nbsp; Linje<\/figcaption><\/figure> <\/figure>    <p>Mashine ya kupulizia rangi za hanger ya plastiki kwanza hutengenezwa, kisha hupuliziwa unga wa plastiki upande wa nje wa hanger, kisha hutumwa kwenye kisanduku cha kukausha kwa ajili ya kukaushwa. Katika mashine ya hanger kupaka rangi ni vifaa vya kitaalamu vya uzalishaji wa hanger, na kwa kuzingatia tatizo la uchafuzi wa mazingira, imewekwa kwa ajili ya kifaa cha kuchakata tena unga wa plastiki, ufanisi wa kazi wa mashine ya kukausha ni wa juu sana, na kutakuwa na magari yanayohitaji kukaushwa Wakati viganja vikauka vinapushwa ndani, inafaa kununua magari kadhaa zaidi kwa mzunguko ili uweze kufanya kazi bila kusitisha na kuboresha ufanisi wa uzalishaji.<\/p>    <figure class=\"wp-block-image size-full\"><img loading=\"lazy\" decoding=\"async\" width=\"720\" height=\"540\" src=\"https:\/\/hangermachinery.com\/wp-content\/uploads\/2022\/07\/Plastic-coated-hanger-production-machine.webp\" alt=\"Plastbelagd&amp; nbsp; galgeproduktion maskin \" class=\"wp-image-308\" title=\"\" srcset=\"https:\/\/hangermachinery.com\/wp-content\/uploads\/2022\/07\/Plastic-coated-hanger-production-machine.webp 720w, https:\/\/hangermachinery.com\/wp-content\/uploads\/2022\/07\/Plastic-coated-hanger-production-machine-300x225.webp 300w\" sizes=\"auto, (max-width: 720px) 100vw, 720px\" \/><figcaption class=\"wp-element-caption\">Mstari wa uzalishaji wa viganja vilivyopakwa plastiki<\/figcaption><\/figure>    <h2 class=\"wp-block-heading\" id=\"h-injection-molding-machine\">Mashine ya kutengeneza kwa sindano<\/h2>    <figure class=\"wp-block-image size-full\"><img loading=\"lazy\" decoding=\"async\" width=\"720\" height=\"540\" src=\"https:\/\/hangermachinery.com\/wp-content\/uploads\/2022\/07\/hanger-plastic-coated-sprayer.jpg\" alt=\"galgelyftare plastbelagd sprayer\" class=\"wp-image-313\" title=\"\" srcset=\"https:\/\/hangermachinery.com\/wp-content\/uploads\/2022\/07\/hanger-plastic-coated-sprayer.jpg 720w, https:\/\/hangermachinery.com\/wp-content\/uploads\/2022\/07\/hanger-plastic-coated-sprayer-300x225.jpg 300w\" sizes=\"auto, (max-width: 720px) 100vw, 720px\" \/><figcaption class=\"wp-element-caption\">Sprayer ya Hanger ya Plastiki Iliyo Funikwa<\/figcaption><\/figure>    <p class=\"translation-block\">Hasara ni ndogo, kiwango cha matumizi ya rangi kinaboreshwa, chembe za rangi ni ndogo na kiwango cha kushikamana ni kizuri. Baada ya <a href=\"https:\/\/en.wikipedia.org\/wiki\/Thermal_spraying\" data-type=\"URL\" data-id=\"https:\/\/en.wikipedia.org\/wiki\/Thermal_spraying\" target=\"_blank\" rel=\"noopener\">kupulizia<\/a>, inaweza kuundwa haraka kwenye hanger, na rangi haitaoanguka. Pisto ya kupulizia hupulizia kwa usawa, na hanger inaweza kupakwa rangi tofauti. Baada ya kupulizwa, hanger si tu inaleta uzuri bali pia ina athari ya ulinzi.<\/p>    <h2 class=\"wp-block-heading\" id=\"h-plastic-powder-recycling-equipment\">Vifaa vya kuchakata tena unga wa plastiki<\/h2>    <figure class=\"wp-block-image size-full\"><img loading=\"lazy\" decoding=\"async\" width=\"720\" height=\"540\" src=\"https:\/\/hangermachinery.com\/wp-content\/uploads\/2022\/07\/Plastic-coated-hanger-production-line.jpg\" alt=\"Vifaa vya kuchakata tena unga wa plastiki\" class=\"wp-image-306\" title=\"\" srcset=\"https:\/\/hangermachinery.com\/wp-content\/uploads\/2022\/07\/Plastic-coated-hanger-production-line.jpg 720w, https:\/\/hangermachinery.com\/wp-content\/uploads\/2022\/07\/Plastic-coated-hanger-production-line-300x225.jpg 300w\" sizes=\"auto, (max-width: 720px) 100vw, 720px\" \/><figcaption class=\"wp-element-caption\">Vifaa vya Kuchakata Unga wa Plastiki<\/figcaption><\/figure>    <p>Mashine ya kuchakata tena unga wa plastiki inategemea kanuni ya aerodinamiki. Vumbi lililosambaa linavutwa ndani ya kipengele cha kichujio kwa njia ya kutolea nje. Bidhaa ni rahisi na ya vitendo, inaboresha afya ya wafanyakazi, na pia inaweza kuboresha ufanisi wa kazi. Kipengele cha kichujio cha ubora wa juu kilichoingizwa kinatumiwa kwa uchujaji, na unga na gesi vinatenganishwa. Kwa kifaa cha kipekee cha kusafisha nyuma, na kusafisha unga kwa wakati wa kiotomatiki, athari ya urejeshaji ni ya kusisimua.<\/p>    <h2 class=\"wp-block-heading\" id=\"h-hanger-dryer-machine\">Mashine ya kukausha hanger <\/h2>    <figure class=\"wp-block-image size-full\"><img loading=\"lazy\" decoding=\"async\" width=\"720\" height=\"540\" src=\"https:\/\/hangermachinery.com\/wp-content\/uploads\/2022\/07\/Plastic-coated-hanger-production-line-4.jpg\" alt=\"galg\u00f6rare maskin \" class=\"wp-image-307\" title=\"\" srcset=\"https:\/\/hangermachinery.com\/wp-content\/uploads\/2022\/07\/Plastic-coated-hanger-production-line-4.jpg 720w, https:\/\/hangermachinery.com\/wp-content\/uploads\/2022\/07\/Plastic-coated-hanger-production-line-4-300x225.jpg 300w\" sizes=\"auto, (max-width: 720px) 100vw, 720px\" \/><figcaption class=\"wp-element-caption\">Mashine ya kukausha hanger <\/figcaption><\/figure>    <p>Viganja vilivyopakwa rangi vinahitaji kukausha kwa joto la juu ili kuunda umbo, na viganja vinaweza kuuzwa baada ya kukauka.<\/p>    <h2 class=\"wp-block-heading\" id=\"h-how-to-do-a-good-job-in-the-production-of-hangers\">Jinsi ya kufanya kazi vizuri katika uzalishaji wa viganja<\/h2>    <figure class=\"wp-block-image size-full\"><img loading=\"lazy\" decoding=\"async\" width=\"720\" height=\"540\" src=\"https:\/\/hangermachinery.com\/wp-content\/uploads\/2022\/07\/production-of-hangers.webp\" alt=\"tillverkning av galgar\" class=\"wp-image-310\" title=\"\" srcset=\"https:\/\/hangermachinery.com\/wp-content\/uploads\/2022\/07\/production-of-hangers.webp 720w, https:\/\/hangermachinery.com\/wp-content\/uploads\/2022\/07\/production-of-hangers-300x225.webp 300w\" sizes=\"auto, (max-width: 720px) 100vw, 720px\" \/><figcaption class=\"wp-element-caption\">Uzalishaji wa Viganja<\/figcaption><\/figure>    <p>Hivi sasa, soko la racks za kukausha limeingia kwenye hatua ya ushindani mkali, na wazalishaji wengi wanaendelea kuzindua bidhaa mpya kukidhi mahitaji ya watumiaji. Kama mtengenezaji mpya, jinsi ya kujitofautisha katika soko la viganja?<\/p>    <p> Kwanza kabisa, ni muhimu kuzingatia athari ya chapa, na ni lazima kuongeza uelewa wa chapa katika eneo la mkoa ili watumiaji waweze kutambua bidhaa. Kisha, ni muhimu kuzingatia ubora wa viganja, na kuhitaji kwa ukali ubora wa uzalishaji wa viganja wakati wa kuzitengeneza. Zaidi ya hayo, inabidi kusanywa kiwango fulani ili kuzalisha idadi ya kutosha ya viganja. Kuchukua sehemu kubwa zaidi ya soko, ili kufanya kazi vizuri katika uzalishaji wa viganja.<\/p>    <h2 class=\"wp-block-heading\" id=\"h-shuliy-s-plastic-coated-hanger-production-line\">Shuliy\u2019s plastbelagda galgeproduktion linje<\/h2>    <figure class=\"wp-block-image size-full\"><img loading=\"lazy\" decoding=\"async\" width=\"750\" height=\"750\" src=\"https:\/\/hangermachinery.com\/wp-content\/uploads\/2022\/07\/shuliy-hanger-machine-company-1.webp\" alt=\"shuliy galge maskin f\u00f6retag\" class=\"wp-image-312\" title=\"\" srcset=\"https:\/\/hangermachinery.com\/wp-content\/uploads\/2022\/07\/shuliy-hanger-machine-company-1.webp 750w, https:\/\/hangermachinery.com\/wp-content\/uploads\/2022\/07\/shuliy-hanger-machine-company-1-300x300.webp 300w, https:\/\/hangermachinery.com\/wp-content\/uploads\/2022\/07\/shuliy-hanger-machine-company-1-150x150.webp 150w\" sizes=\"auto, (max-width: 750px) 100vw, 750px\" \/><figcaption class=\"wp-element-caption\">Kampuni ya Mashine za Hanger ya Shuliy<\/figcaption><\/figure>    <p class=\"translation-block\">Shuli Co., Ltd. ni mtengenezaji wa mashine za hanger mwenye uzoefu wa miaka 20 katika viganja. Kampuni ina mashine za kuteka plastiki za hanger na <a href=\"https:\/\/hangermachinery.com\/sw\/product\/pvc-coated-wire-hanger-production-line\/\">mistari ya uzalishaji ya hanger iliyofunikwa PVC<\/a>. Zaidi ya hayo, kulingana na malighafi na miundo mbalimbali ya mashine, tunayo pia <a href=\"https:\/\/hangermachinery.com\/sw\/products\/galvanized-wire-hanger-machine\/\">mashine za hanger za waya zilizopakwa zinki<\/a>, <a href=\"https:\/\/hangermachinery.com\/sw\/product\/welding-wire-hanger-making-machine\/\">mashine za hanger za kulehemu<\/a>, <a href=\"https:\/\/hangermachinery.com\/sw\/product\/butterfly-type-hanger-product-machine\/\">mashine za hanger aina ya butterfly<\/a>, na<a href=\"https:\/\/hangermachinery.com\/sw\/product\/coat-hanger-making-machine\/\"> mashine za hanger za koti<\/a>.<\/p>","protected":false},"excerpt":{"rendered":"<p>Mstari wa uzalishaji wa hanger zilizo na plastiki ni vifaa vya kutengeneza hanger za nguo. Malighafi kwa kawaida ni waya za galvanised.<\/p>","protected":false},"author":1,"featured_media":299,"parent":0,"template":"","tags":[29,21],"product-type":[12,14],"class_list":["post-82","product","type-product","status-publish","has-post-thumbnail","hentry","tag-hanger","tag-plastic-coated-hanger-production-line","product-type-production-line","product-type-plastic-coated-hanger-production-line"],"_links":{"self":[{"href":"https:\/\/hangermachinery.com\/sw\/wp-json\/wp\/v2\/product\/82","targetHints":{"allow":["GET"]}}],"collection":[{"href":"https:\/\/hangermachinery.com\/sw\/wp-json\/wp\/v2\/product"}],"about":[{"href":"https:\/\/hangermachinery.com\/sw\/wp-json\/wp\/v2\/types\/product"}],"author":[{"embeddable":true,"href":"https:\/\/hangermachinery.com\/sw\/wp-json\/wp\/v2\/users\/1"}],"wp:featuredmedia":[{"embeddable":true,"href":"https:\/\/hangermachinery.com\/sw\/wp-json\/wp\/v2\/media\/299"}],"wp:attachment":[{"href":"https:\/\/hangermachinery.com\/sw\/wp-json\/wp\/v2\/media?parent=82"}],"wp:term":[{"taxonomy":"post_tag","embeddable":true,"href":"https:\/\/hangermachinery.com\/sw\/wp-json\/wp\/v2\/tags?post=82"},{"taxonomy":"product-type","embeddable":true,"href":"https:\/\/hangermachinery.com\/sw\/wp-json\/wp\/v2\/product-type?post=82"}],"curies":[{"name":"wp","href":"https:\/\/api.w.org\/{rel}","templated":true}]}}