{"id":97,"date":"2022-07-17T15:36:01","date_gmt":"2022-07-17T15:36:01","guid":{"rendered":"https:\/\/hangermachinery.com\/?post_type=product&#038;p=97"},"modified":"2022-09-29T16:27:39","modified_gmt":"2022-09-29T08:27:39","slug":"galvanized-wire-hanger-machine","status":"publish","type":"product","link":"https:\/\/hangermachinery.com\/sw\/product\/galvanized-wire-hanger-machine\/","title":{"rendered":"Galfeniserad tr\u00e5d h\u00e5llarmaskin | h\u00e5llarmformningsmaskin"},"content":{"rendered":"<p class=\"translation-block\">Mashine ya hanger ya waya ya galvanization ni mashine inayotumia waya ya galvanization kuchakatwa na <a href=\"https:\/\/hangermachinery.com\/sw\/product\/butterfly-type-hanger-product-machine\/\" data-type=\"URL\" data-id=\"https:\/\/hangermachinery.com\/product\/butterfly-type-hanger-product-machine\/\">mashine ya kutengeneza hanger<\/a> ili kuunda hanger. Vifaa hutumia mashine ya kutengeneza hanger kuchakata hanger. Hanger zilizochakatwa na mashine ya kutengeneza hanger zinaweza kuuzwa moja kwa moja na zina kazi ya kukausha nguo. Hata hivyo, ikiwa unataka iwe nzuri zaidi, unaweza kupaka rangi nje ya hanger, ambayo ni mbalimbali za mikanda yenye rangi. Hanger zilizopakiwa. Mashine hii ya kutengeneza hanger kiotomatiki inajulikana na watengenezaji wa hanger.<\/p>    <figure class=\"wp-block-gallery has-nested-images columns-default is-cropped wp-block-gallery-2 is-layout-flex wp-block-gallery-is-layout-flex\"> <figure class=\"wp-block-image size-full\"><img loading=\"lazy\" decoding=\"async\" width=\"720\" height=\"540\" data-id=\"317\" src=\"https:\/\/hangermachinery.com\/wp-content\/uploads\/2022\/07\/galvanized-wire-hanger.webp\" alt=\" hanger ya waya iliyopakwa zinki\" class=\"wp-image-317\" title=\"\" srcset=\"https:\/\/hangermachinery.com\/wp-content\/uploads\/2022\/07\/galvanized-wire-hanger.webp 720w, https:\/\/hangermachinery.com\/wp-content\/uploads\/2022\/07\/galvanized-wire-hanger-300x225.webp 300w\" sizes=\"auto, (max-width: 720px) 100vw, 720px\" \/><figcaption> Maelezo ya Hanger ya Waya ya Galvanization <\/figcaption><\/figure>    <figure class=\"wp-block-image size-full\"><img loading=\"lazy\" decoding=\"async\" width=\"720\" height=\"540\" data-id=\"316\" src=\"https:\/\/hangermachinery.com\/wp-content\/uploads\/2022\/07\/galvanized-wire-hanger-details.webp\" alt=\" hanger ya waya iliyopakwa zinki\" class=\"wp-image-316\" title=\"\" srcset=\"https:\/\/hangermachinery.com\/wp-content\/uploads\/2022\/07\/galvanized-wire-hanger-details.webp 720w, https:\/\/hangermachinery.com\/wp-content\/uploads\/2022\/07\/galvanized-wire-hanger-details-300x225.webp 300w\" sizes=\"auto, (max-width: 720px) 100vw, 720px\" \/><figcaption> Hanger ya Waya ya Galvanization<\/figcaption><\/figure> <\/figure>    <h2 class=\"wp-block-heading\" id=\"h-what-material-is-galvanized-wire\">Ni nyenzo gani ni waya ya galvanization<\/h2>    <figure class=\"wp-block-image size-full\"><img loading=\"lazy\" decoding=\"async\" width=\"720\" height=\"540\" src=\"https:\/\/hangermachinery.com\/wp-content\/uploads\/2022\/07\/hanger-hook-forming-material.webp\" alt=\"nyenzo za kutengeneza mtego wa hanger\" class=\"wp-image-318\" title=\"\" srcset=\"https:\/\/hangermachinery.com\/wp-content\/uploads\/2022\/07\/hanger-hook-forming-material.webp 720w, https:\/\/hangermachinery.com\/wp-content\/uploads\/2022\/07\/hanger-hook-forming-material-300x225.webp 300w\" sizes=\"auto, (max-width: 720px) 100vw, 720px\" \/><figcaption>Nyenzo za Kutengeneza Kucha za Hanger<\/figcaption><\/figure>    <p class=\"translation-block\"><a href=\"https:\/\/en.wikipedia.org\/wiki\/Galvanization\" data-type=\"URL\" data-id=\"https:\/\/en.wikipedia.org\/wiki\/Galvanization\" target=\"_blank\" rel=\"noopener\">Waya wa galvanization<\/a> una uimara na unyumbufu mzuri, na uimara wa kutu mzuri, kwa hivyo inafaa sana kwa kutengeneza hanger za nguo. Waya wa galvanization pia hutumika kutengeneza kazi za mikono, nyavu za ulinzi, na miradi ya ujenzi. Rangi ya waya ya chuma ya galvanization ni ya giza zaidi, na waya ya galvanization inaweza kubaki nje kwa miongo kadhaa bila kutu, kwa hivyo hanger zilizochakatwa kwa waya ya galvanization ni za kudumu zaidi. Mbali na kutumia waya ya galvanization, mashine inaweza pia kutumia waya ya chuma kwa uchakataji.<\/p>    <h2 class=\"wp-block-heading\">Mashine ya hanger inafanyaje kazi?<\/h2>    <figure class=\"wp-block-embed is-type-video is-provider-youtube wp-block-embed-youtube wp-embed-aspect-16-9 wp-has-aspect-ratio\"><div class=\"wp-block-embed__wrapper\"> <iframe loading=\"lazy\" title=\"Mashine ya kutengeneza hanger kwa mauzo kwenda Oman | bei ya mashine ya kutengeneza hanger ya waya\" width=\"500\" height=\"281\" src=\"https:\/\/www.youtube.com\/embed\/aAtWkx2Eu4Y?start=1&#038;feature=oembed\" frameborder=\"0\" allow=\"accelerometer; autoplay; clipboard-write; encrypted-media; gyroscope; picture-in-picture; web-share\" referrerpolicy=\"strict-origin-when-cross-origin\" allowfullscreen><\/iframe> <\/div><figcaption>video ya jinsi mashine ya hanger inavyofanya kazi<\/figcaption><\/figure>    <h2 class=\"wp-block-heading\" id=\"h-galvanized-wire-hanger-machine-products\">Bidhaa za mashine ya hanger ya waya ya galvanization<\/h2>    <figure class=\"wp-block-gallery has-nested-images columns-2 is-cropped wp-block-gallery-3 is-layout-flex wp-block-gallery-is-layout-flex\"> <figure class=\"wp-block-image size-large\"><img loading=\"lazy\" decoding=\"async\" width=\"720\" height=\"540\" data-id=\"480\" src=\"https:\/\/hangermachinery.com\/wp-content\/uploads\/2022\/07\/hanger-machine-details-4.webp\" alt=\"maelezo ya mashine ya hanger\" class=\"wp-image-480\" title=\"\" srcset=\"https:\/\/hangermachinery.com\/wp-content\/uploads\/2022\/07\/hanger-machine-details-4.webp 720w, https:\/\/hangermachinery.com\/wp-content\/uploads\/2022\/07\/hanger-machine-details-4-300x225.webp 300w\" sizes=\"auto, (max-width: 720px) 100vw, 720px\" \/><figcaption>Maelezo ya Mashine ya Hanger<\/figcaption><\/figure>    <figure class=\"wp-block-image size-large\"><img loading=\"lazy\" decoding=\"async\" width=\"720\" height=\"540\" data-id=\"482\" src=\"https:\/\/hangermachinery.com\/wp-content\/uploads\/2022\/07\/hanger-machine-details-6.webp\" alt=\"maelezo ya mashine ya hanger\" class=\"wp-image-482\" title=\"\" srcset=\"https:\/\/hangermachinery.com\/wp-content\/uploads\/2022\/07\/hanger-machine-details-6.webp 720w, https:\/\/hangermachinery.com\/wp-content\/uploads\/2022\/07\/hanger-machine-details-6-300x225.webp 300w\" sizes=\"auto, (max-width: 720px) 100vw, 720px\" \/><figcaption>Maelezo ya Mashine ya Hanger<\/figcaption><\/figure>    <figure class=\"wp-block-image size-large\"><img loading=\"lazy\" decoding=\"async\" width=\"720\" height=\"540\" data-id=\"479\" src=\"https:\/\/hangermachinery.com\/wp-content\/uploads\/2022\/07\/hanger-machine-details-3.webp\" alt=\"maelezo ya mashine ya hanger\" class=\"wp-image-479\" title=\"\" srcset=\"https:\/\/hangermachinery.com\/wp-content\/uploads\/2022\/07\/hanger-machine-details-3.webp 720w, https:\/\/hangermachinery.com\/wp-content\/uploads\/2022\/07\/hanger-machine-details-3-300x225.webp 300w\" sizes=\"auto, (max-width: 720px) 100vw, 720px\" \/><figcaption>Maelezo ya Mashine ya Hanger<\/figcaption><\/figure>    <figure class=\"wp-block-image size-large\"><img loading=\"lazy\" decoding=\"async\" width=\"720\" height=\"540\" data-id=\"481\" src=\"https:\/\/hangermachinery.com\/wp-content\/uploads\/2022\/07\/hanger-machine-details-5.webp\" alt=\"maelezo ya mashine ya hanger\" class=\"wp-image-481\" title=\"\" srcset=\"https:\/\/hangermachinery.com\/wp-content\/uploads\/2022\/07\/hanger-machine-details-5.webp 720w, https:\/\/hangermachinery.com\/wp-content\/uploads\/2022\/07\/hanger-machine-details-5-300x225.webp 300w\" sizes=\"auto, (max-width: 720px) 100vw, 720px\" \/><figcaption>Maelezo ya Mashine ya Hanger<\/figcaption><\/figure> <\/figure>    <p>Hanger ya waya ya galvanization huundwa kwanza kwenye umbo la hanger, na mwisho, huviringishwa kuzunguka kucha ya hanger. Mashine ya hanger ya waya ya galvanization huundwa kwa njia hii, na haihitaji mipangilio ya ziada. Tofauti na mashine ya hanger iliyounganishwa, mwisho wa kutengeneza unahitaji kuunganishwa pamoja.<\/p>    <h2 class=\"wp-block-heading\" id=\"h-wire-hanger-machine-parameters\">Vigezo vya mashine ya hanger ya waya ya galvanization<\/h2>    <figure class=\"wp-block-image size-full\"><img loading=\"lazy\" decoding=\"async\" width=\"720\" height=\"540\" src=\"https:\/\/hangermachinery.com\/wp-content\/uploads\/2022\/07\/Galvanized-wire-hanger-machine-1.webp\" alt=\"mashine ya hanger ya waya ya galvanization\" class=\"wp-image-323\" title=\"\" srcset=\"https:\/\/hangermachinery.com\/wp-content\/uploads\/2022\/07\/Galvanized-wire-hanger-machine-1.webp 720w, https:\/\/hangermachinery.com\/wp-content\/uploads\/2022\/07\/Galvanized-wire-hanger-machine-1-300x225.webp 300w\" sizes=\"auto, (max-width: 720px) 100vw, 720px\" \/><figcaption>Galvanized&amp;Nbsp;Wire&amp;Nbsp;Hanger&amp;Nbsp;Machine<\/figcaption><\/figure>    <p>Nguvu: 1.5kw<\/p>    <p>matokeo: 30PCS\/dakika<\/p>    <p>kipenyo: 1.8-3mm<\/p>    <p>ukubwa: 850*1500*1800mm<\/p>    <p>uzito: 700KG<\/p>    <h2 class=\"wp-block-heading\" id=\"h-advantages-of-hanger-hook-forming-machine\">Faida za mashine ya kutengeneza kucha ya hanger <\/h2>    <figure class=\"wp-block-image size-full\"><img loading=\"lazy\" decoding=\"async\" width=\"720\" height=\"540\" src=\"https:\/\/hangermachinery.com\/wp-content\/uploads\/2022\/07\/wire-hanger-machine.webp\" alt=\"\u00a0mashine ya hanger ya waya\" class=\"wp-image-324\" title=\"\" srcset=\"https:\/\/hangermachinery.com\/wp-content\/uploads\/2022\/07\/wire-hanger-machine.webp 720w, https:\/\/hangermachinery.com\/wp-content\/uploads\/2022\/07\/wire-hanger-machine-300x225.webp 300w\" sizes=\"auto, (max-width: 720px) 100vw, 720px\" \/><figcaption>&amp;Nbsp;Mashine&amp;Nbsp;ya&amp;Nbsp;mshikaji&amp;Nbsp;wa&amp;Nbsp;waya<\/figcaption><\/figure>    <p>Ufanisi wa juu wa uzalishaji, inaweza kutengeneza wachezaji wa nguo 30-40 kwa dakika.<\/p>    <p>Mfumo wa kudhibiti skrini ya kugusa, uzalishaji rahisi na wa haraka, na rahisi<\/p>    <p>Uzalishaji wa mashine wa moja kwa moja, mradi tu mashine imewashwa, waya ya galvanization inakunwa kiotomatiki kuwa umbo la hanger<\/p>    <h2 class=\"wp-block-heading\" id=\"h-why-choose-shuliy-s-hanger-machine\">Kwa nini uchague mashine ya hanger ya Shuliy<\/h2>    <figure class=\"wp-block-image size-full\"><img loading=\"lazy\" decoding=\"async\" width=\"720\" height=\"540\" src=\"https:\/\/hangermachinery.com\/wp-content\/uploads\/2022\/07\/hanger-1-1.webp\" alt=\"kiwiko \" class=\"wp-image-477\" title=\"\" srcset=\"https:\/\/hangermachinery.com\/wp-content\/uploads\/2022\/07\/hanger-1-1.webp 720w, https:\/\/hangermachinery.com\/wp-content\/uploads\/2022\/07\/hanger-1-1-300x225.webp 300w\" sizes=\"auto, (max-width: 720px) 100vw, 720px\" \/><figcaption>Ganchos <\/figcaption><\/figure>    <ul class=\"wp-block-list\"><li>Miaka ya uzoefu katika utengenezaji wa mashine za hanger, ukiwa na teknolojia ya juu ya uzalishaji<\/li><\/ul>    <ul class=\"wp-block-list\"><li>Inaweza kubuni mpango wa uzalishaji wa mmoja kwa mmoja kwa wateja<\/li><\/ul>    <ul class=\"wp-block-list\"><li>Urekebishaji wa mashine na utengenezaji wa kazi unaweza kutekelezwa<\/li><\/ul>    <ul class=\"wp-block-list\"><li>Huduma ya karibu baada ya mauzo; ikiwa hutaweza kuiendesha wakati wa matumizi, muuzaji atakuongoza kupitia video                    <\/li><\/ul>","protected":false},"excerpt":{"rendered":"<p>Mashine ya hanger ya waya ya galvanization ni mashine inayotumia waya ya galvanization kuchakatwa na mashine ya kutengeneza hanger ili kuunda hanger. <\/p>","protected":false},"author":1,"featured_media":314,"parent":0,"template":"","tags":[29,31],"product-type":[11,15],"class_list":["post-97","product","type-product","status-publish","has-post-thumbnail","hentry","tag-hanger","tag-wire-hanger-machine","product-type-product","product-type-galvanized-wire-hanger-machine"],"_links":{"self":[{"href":"https:\/\/hangermachinery.com\/sw\/wp-json\/wp\/v2\/product\/97","targetHints":{"allow":["GET"]}}],"collection":[{"href":"https:\/\/hangermachinery.com\/sw\/wp-json\/wp\/v2\/product"}],"about":[{"href":"https:\/\/hangermachinery.com\/sw\/wp-json\/wp\/v2\/types\/product"}],"author":[{"embeddable":true,"href":"https:\/\/hangermachinery.com\/sw\/wp-json\/wp\/v2\/users\/1"}],"wp:featuredmedia":[{"embeddable":true,"href":"https:\/\/hangermachinery.com\/sw\/wp-json\/wp\/v2\/media\/314"}],"wp:attachment":[{"href":"https:\/\/hangermachinery.com\/sw\/wp-json\/wp\/v2\/media?parent=97"}],"wp:term":[{"taxonomy":"post_tag","embeddable":true,"href":"https:\/\/hangermachinery.com\/sw\/wp-json\/wp\/v2\/tags?post=97"},{"taxonomy":"product-type","embeddable":true,"href":"https:\/\/hangermachinery.com\/sw\/wp-json\/wp\/v2\/product-type?post=97"}],"curies":[{"name":"wp","href":"https:\/\/api.w.org\/{rel}","templated":true}]}}