{"id":3,"date":"2022-07-15T10:49:45","date_gmt":"2022-07-15T10:49:45","guid":{"rendered":"http:\/\/hangermachinery.com\/?page_id=3"},"modified":"2025-09-12T16:16:52","modified_gmt":"2025-09-12T08:16:52","slug":"about-us","status":"publish","type":"page","link":"https:\/\/hangermachinery.com\/tr\/about-us\/","title":{"rendered":"Hakk\u0131m\u0131zda"},"content":{"rendered":"<h2 class=\"wp-block-heading\" id=\"h-shuliy-company-introduction\">Shuliy \u015firketi tan\u0131t\u0131m\u0131<\/h2>    <div class=\"wp-block-columns has-black-color has-white-background-color has-text-color has-background is-layout-flex wp-container-core-columns-is-layout-9d6595d7 wp-block-columns-is-layout-flex\"> <div class=\"wp-block-column is-layout-flow wp-block-column-is-layout-flow\"> <p>Shuliy Machinery\u2019e ho\u015f geldiniz. Yar\u0131 otomatikten tam otomatik hatlara kadar zeki, istikrarl\u0131 ve y\u00fcksek verimli ask\u0131 \u00fcretim \u00e7\u00f6z\u00fcmleri sunan lider bir k\u00fcresel makine imalat\u00e7\u0131s\u0131 ve tedarik\u00e7isiyiz.<\/p>    <p>Zhengzhou Shuliy Machinery Equipment Co., Ltd.\u2019nin (2011\u2019de kuruldu) son derece uzmanla\u015fm\u0131\u015f bir b\u00f6l\u00fcm\u00fc olarak, yaln\u0131zca ask\u0131 \u00fcretim sekt\u00f6r\u00fcne odaklanan derin end\u00fcstri bilgisiyle bir araya gelen on y\u0131l\u0131 a\u015fk\u0131n makine imalat\u0131 m\u00fckemmelli\u011fini sunuyoruz. Misyonumuz, giri\u015fimcilerin ve \u00fcreticilerin k\u00fcresel \u00f6l\u00e7ekte ask\u0131 \u00fcretim i\u015flerini \u00fcst\u00fcn otomasyon teknolojisiyle sorunsuz \u015fekilde ba\u015flatmalar\u0131na veya y\u00fckseltmelerine olanak sa\u011flamakt\u0131r.<\/p>    <p>Tel ask\u0131, plastik ask\u0131 \u00fcretmeyi planl\u0131yor veya PVC kaplama ya da plastik sprey gibi ileri bitirme i\u015flemlerine ihtiya\u00e7 duyuyor olun, ana makine tedarikinden komple \u00fcretim hatt\u0131 planlamas\u0131na kadar anahtar teslim \u00e7\u00f6z\u00fcmler sunuyoruz. Ekipmanlar\u0131m\u0131z, 50\u2019den fazla \u00fclke ve b\u00f6lgede i\u015fletmeler taraf\u0131ndan g\u00fcvenilmekte olup, ola\u011fan\u00fcst\u00fc performans ve g\u00fcvenilirlik sayesinde say\u0131s\u0131z m\u00fc\u015fterinin y\u00fcksek verimli \u00fcretim yaparak ticari ba\u015far\u0131 elde etmesine yard\u0131mc\u0131 olmaktad\u0131r.<\/p>    <p class=\"translation-block\">Ana \u00fcr\u00fcnlerimiz; <a href=\"https:\/\/hangermachinery.com\/tr\/product\/galvanized-wire-hanger-machine\/\">ask\u0131 \u015fekillendirme makinesi<\/a>, <a href=\"https:\/\/hangermachinery.com\/tr\/products\/plastic-coated-hanger-production-line\/\">ask\u0131 sprey makinesi<\/a>, <a href=\"https:\/\/hangermachinery.com\/tr\/products\/plastic-coated-hanger-production-line\/\">plastik kaplama makinesi<\/a> ve ask\u0131 kurutma makinesidir.<\/p>   <div class=\"wp-block-image\"> <figure class=\"aligncenter size-full\"><img loading=\"lazy\" decoding=\"async\" width=\"720\" height=\"377\" src=\"https:\/\/hangermachinery.com\/wp-content\/uploads\/2022\/07\/lQDPDhs_TXrzscrNAsTNBUiwGKeGkYV7oCUCOGNlzsBJAA_1352_708.jpg_720x720q90g.jpg\" alt=\"shuliy \u015firketi\" class=\"wp-image-165\" title=\"\" srcset=\"https:\/\/hangermachinery.com\/wp-content\/uploads\/2022\/07\/lQDPDhs_TXrzscrNAsTNBUiwGKeGkYV7oCUCOGNlzsBJAA_1352_708.jpg_720x720q90g.jpg 720w, https:\/\/hangermachinery.com\/wp-content\/uploads\/2022\/07\/lQDPDhs_TXrzscrNAsTNBUiwGKeGkYV7oCUCOGNlzsBJAA_1352_708.jpg_720x720q90g-300x157.jpg 300w\" sizes=\"auto, (max-width: 720px) 100vw, 720px\" \/><figcaption class=\"wp-element-caption\">Shuliy \u015firketi<\/figcaption><\/figure> <\/div>   <h2 class=\"wp-block-heading\">Elbise ask\u0131s\u0131 i\u00e7in hangi se\u00e7enekleriniz var?<\/h2>    <p>Ask\u0131 \u015fekilleri b\u00f6lgeden b\u00f6lgeye de\u011fi\u015fiklik g\u00f6sterebilir; bu nedenle Shuliy\u2019in ask\u0131 makineleri m\u00fc\u015fteri ihtiya\u00e7lar\u0131na g\u00f6re \u00fc\u00e7 farkl\u0131 \u015fekilde sunulur: galvanizli ask\u0131lar, kelebek \u015feklinde ask\u0131lar ve kaynakl\u0131 ask\u0131lar. A\u015fa\u011f\u0131daki resimde m\u00fc\u015fterilerin se\u00e7ebilece\u011fi ask\u0131 makinesi \u015fekli g\u00f6sterilmektedir. En be\u011fendi\u011finizi do\u011frudan bize bildirebilirsiniz.<\/p>   <div class=\"wp-block-image\"> <figure class=\"aligncenter size-full\"><img loading=\"lazy\" decoding=\"async\" width=\"720\" height=\"540\" src=\"https:\/\/hangermachinery.com\/wp-content\/uploads\/2022\/07\/red-hanger.webp\" alt=\"shuliy ask\u0131 yapma makinesi ile yap\u0131lm\u0131\u015f plastik ask\u0131\" class=\"wp-image-471\" title=\"\" srcset=\"https:\/\/hangermachinery.com\/wp-content\/uploads\/2022\/07\/red-hanger.webp 720w, https:\/\/hangermachinery.com\/wp-content\/uploads\/2022\/07\/red-hanger-300x225.webp 300w\" sizes=\"auto, (max-width: 720px) 100vw, 720px\" \/><figcaption class=\"wp-element-caption\">Shuliy ask\u0131 yapma makinesi ile \u00fcretilen plastik ask\u0131<\/figcaption><\/figure> <\/div><\/div> <\/div>    <h2 class=\"wp-block-heading\">Ask\u0131 makineleri hangi \u00fclkelerde pop\u00fcler?<\/h2>    <p>Elbise ask\u0131lar\u0131 her b\u00f6lgede ve her ailede kullan\u0131lan ev e\u015fyalar\u0131d\u0131r; bu nedenle Avustralya, Suudi Arabistan, Umman, Birle\u015fik Arap Emirlikleri, Fas, Meksika, \u0130sve\u00e7, \u0130spanya, Yemen, Kambo\u00e7ya, Kazakistan, Pakistan ve di\u011fer bir\u00e7ok \u00fclkede pop\u00fclerdir.<\/p>    <figure class=\"wp-block-gallery has-nested-images columns-default is-cropped wp-block-gallery-2 is-layout-flex wp-block-gallery-is-layout-flex\"> <figure class=\"wp-block-image size-large\"><img loading=\"lazy\" decoding=\"async\" width=\"561\" height=\"213\" data-id=\"164\" src=\"http:\/\/hangermachinery.com\/wp-content\/uploads\/2022\/07\/ABOUTUS_2.jpg\" alt=\"shuliy company certificate\" class=\"wp-image-164\" title=\"\" srcset=\"https:\/\/hangermachinery.com\/wp-content\/uploads\/2022\/07\/ABOUTUS_2.jpg 561w, https:\/\/hangermachinery.com\/wp-content\/uploads\/2022\/07\/ABOUTUS_2-300x114.jpg 300w\" sizes=\"auto, (max-width: 561px) 100vw, 561px\" \/><figcaption class=\"wp-element-caption\">Shuliy \u015eirketi Sertifikas\u0131<\/figcaption><\/figure>    <figure class=\"wp-block-image size-large\"><img loading=\"lazy\" decoding=\"async\" width=\"559\" height=\"219\" data-id=\"163\" src=\"http:\/\/hangermachinery.com\/wp-content\/uploads\/2022\/07\/ABOUTUS_1.jpg\" alt=\"shuliy company certificate\" class=\"wp-image-163\" title=\"\" srcset=\"https:\/\/hangermachinery.com\/wp-content\/uploads\/2022\/07\/ABOUTUS_1.jpg 559w, https:\/\/hangermachinery.com\/wp-content\/uploads\/2022\/07\/ABOUTUS_1-300x118.jpg 300w\" sizes=\"auto, (max-width: 559px) 100vw, 559px\" \/><figcaption class=\"wp-element-caption\">Shuliy \u015eirketi Sertifikas\u0131<\/figcaption><\/figure> <\/figure>    <h2 class=\"wp-block-heading\">Neden bizi se\u00e7melisiniz?<\/h2>    <p class=\"translation-block\"><strong>E\u015fsiz odaklanma:<\/strong> sadece bir i\u015f yap\u0131yoruz ama en iyisi: ask\u0131 makineleri. Ekibimiz, ask\u0131 \u00fcretiminin her y\u00f6n\u00fcn\u00fc derinlemesine anlayarak en i\u00e7g\u00f6r\u00fcl\u00fc ve etkili tavsiyeleri sunmam\u0131za olanak tan\u0131yor.<\/p>    <p class=\"translation-block\"><strong>Tam \u00fcr\u00fcn hatt\u0131:<\/strong> \u00e7e\u015fitli malzemeler ve i\u015flemleri kapsayan kapsaml\u0131 ekipman portf\u00f6y\u00fcm\u00fcz ile eksiksiz bir tek durak deneyimi sunuyoruz ve kesintisiz bir \u00fcretim ak\u0131\u015f\u0131 sa\u011fl\u0131yoruz.<\/p>    <p class=\"translation-block\"><strong>Performans odakl\u0131 m\u00fchendislik:<\/strong> makinelerimiz maksimum verimlilik ve uzun \u00f6m\u00fcr i\u00e7in tasarlanm\u0131\u015ft\u0131r. Y\u00fcksek kaliteli bile\u015fenler ve hassas m\u00fchendislik kullanarak yat\u0131r\u0131m\u0131n\u0131zdan en y\u00fcksek getiriyi alman\u0131z\u0131 sa\u011fl\u0131yoruz.<\/p>    <p class=\"translation-block\"><strong>K\u00fcresel hizmet ve destek:<\/strong> Shuliy Grubu\u2019nun g\u00fc\u00e7l\u00fc k\u00fcresel destek sistemi ile ba\u015flang\u0131\u00e7 dan\u0131\u015fmanl\u0131\u011f\u0131ndan fabrika yerle\u015fim tasar\u0131m\u0131na, kurulumdan e\u011fitime ve uzun vadeli yedek par\u00e7a teminine kadar u\u00e7tan uca hizmet sunuyoruz.<\/p>    <figure class=\"wp-block-gallery has-nested-images columns-default is-cropped wp-block-gallery-3 is-layout-flex wp-block-gallery-is-layout-flex\"> <figure class=\"wp-block-image size-large\"><img loading=\"lazy\" decoding=\"async\" width=\"720\" height=\"540\" data-id=\"757\" src=\"https:\/\/hangermachinery.com\/wp-content\/uploads\/2025\/09\/Kenyan-customers-visit.webp\" alt=\"Kenyan customers visit\" class=\"wp-image-757\" title=\"\" srcset=\"https:\/\/hangermachinery.com\/wp-content\/uploads\/2025\/09\/Kenyan-customers-visit.webp 720w, https:\/\/hangermachinery.com\/wp-content\/uploads\/2025\/09\/Kenyan-customers-visit-300x225.webp 300w, https:\/\/hangermachinery.com\/wp-content\/uploads\/2025\/09\/Kenyan-customers-visit-16x12.webp 16w\" sizes=\"auto, (max-width: 720px) 100vw, 720px\" \/><figcaption class=\"wp-element-caption\">Kenyal\u0131 M\u00fc\u015fteriler Ziyareti<\/figcaption><\/figure>    <figure class=\"wp-block-image size-large\"><img loading=\"lazy\" decoding=\"async\" width=\"720\" height=\"540\" data-id=\"761\" src=\"https:\/\/hangermachinery.com\/wp-content\/uploads\/2025\/09\/Spanish-customers-visit.webp\" alt=\"\u0130spanyol m\u00fc\u015fterileri ziyaret eder\" class=\"wp-image-761\" title=\"\" srcset=\"https:\/\/hangermachinery.com\/wp-content\/uploads\/2025\/09\/Spanish-customers-visit.webp 720w, https:\/\/hangermachinery.com\/wp-content\/uploads\/2025\/09\/Spanish-customers-visit-300x225.webp 300w, https:\/\/hangermachinery.com\/wp-content\/uploads\/2025\/09\/Spanish-customers-visit-16x12.webp 16w\" sizes=\"auto, (max-width: 720px) 100vw, 720px\" \/><figcaption class=\"wp-element-caption\">\u0130spanyol M\u00fc\u015fteriler Ziyareti<\/figcaption><\/figure>    <figure class=\"wp-block-image size-large\"><img loading=\"lazy\" decoding=\"async\" width=\"720\" height=\"540\" data-id=\"762\" src=\"https:\/\/hangermachinery.com\/wp-content\/uploads\/2025\/09\/Turkish-customers-visit.webp\" alt=\"T\u00fcrk m\u00fc\u015fterileri ziyaret eder\" class=\"wp-image-762\" title=\"\" srcset=\"https:\/\/hangermachinery.com\/wp-content\/uploads\/2025\/09\/Turkish-customers-visit.webp 720w, https:\/\/hangermachinery.com\/wp-content\/uploads\/2025\/09\/Turkish-customers-visit-300x225.webp 300w, https:\/\/hangermachinery.com\/wp-content\/uploads\/2025\/09\/Turkish-customers-visit-16x12.webp 16w\" sizes=\"auto, (max-width: 720px) 100vw, 720px\" \/><figcaption class=\"wp-element-caption\">T\u00fcrk M\u00fc\u015fteriler Ziyareti<\/figcaption><\/figure> <\/figure>    <p>\u00dcretim hedefleriniz hareket plan\u0131m\u0131z i\u00e7in yol haritam\u0131zd\u0131r.<\/p>    <p>Projenizin ayr\u0131nt\u0131lar\u0131n\u0131 g\u00f6r\u00fc\u015fmek ve i\u015f vizyonunuzu y\u00fcksek performansl\u0131 bir ger\u00e7e\u011fe d\u00f6n\u00fc\u015ft\u00fcrmenize yard\u0131mc\u0131 olmak i\u00e7in sab\u0131rs\u0131zlan\u0131yoruz. \u00dccretsiz dan\u0131\u015fmanl\u0131k ve teklif almak i\u00e7in uzman ekibimizle bug\u00fcn ileti\u015fime ge\u00e7in.<\/p>    <figure class=\"wp-block-gallery has-nested-images columns-default is-cropped wp-block-gallery-4 is-layout-flex wp-block-gallery-is-layout-flex\"> <figure class=\"wp-block-image size-large\"><img loading=\"lazy\" decoding=\"async\" width=\"720\" height=\"540\" data-id=\"763\" src=\"https:\/\/hangermachinery.com\/wp-content\/uploads\/2025\/09\/Yemeni-customers-visit.webp\" alt=\"Yemeni customers visit\" class=\"wp-image-763\" title=\"\" srcset=\"https:\/\/hangermachinery.com\/wp-content\/uploads\/2025\/09\/Yemeni-customers-visit.webp 720w, https:\/\/hangermachinery.com\/wp-content\/uploads\/2025\/09\/Yemeni-customers-visit-300x225.webp 300w, https:\/\/hangermachinery.com\/wp-content\/uploads\/2025\/09\/Yemeni-customers-visit-16x12.webp 16w\" sizes=\"auto, (max-width: 720px) 100vw, 720px\" \/><figcaption class=\"wp-element-caption\">Yemenli M\u00fc\u015fteriler Ziyareti<\/figcaption><\/figure>    <figure class=\"wp-block-image size-large\"><img loading=\"lazy\" decoding=\"async\" width=\"720\" height=\"540\" data-id=\"758\" src=\"https:\/\/hangermachinery.com\/wp-content\/uploads\/2025\/09\/Nigerian-customers-visit.webp\" alt=\"Nigerian customers visit\" class=\"wp-image-758\" title=\"\" srcset=\"https:\/\/hangermachinery.com\/wp-content\/uploads\/2025\/09\/Nigerian-customers-visit.webp 720w, https:\/\/hangermachinery.com\/wp-content\/uploads\/2025\/09\/Nigerian-customers-visit-300x225.webp 300w, https:\/\/hangermachinery.com\/wp-content\/uploads\/2025\/09\/Nigerian-customers-visit-16x12.webp 16w\" sizes=\"auto, (max-width: 720px) 100vw, 720px\" \/><figcaption class=\"wp-element-caption\">Nijeryal\u0131 M\u00fc\u015fteriler Ziyareti<\/figcaption><\/figure> <\/figure>","protected":false},"excerpt":{"rendered":"<p>Shuliy company introduction Welcome to Shuliy Machinery, a leading global manufacturer and supplier of hanger-making machinery. We are dedicated to providing clients worldwide with intelligent, stable, and high-efficiency hanger production solutions, from semi-automatic to fully automated lines. As a highly specialized division of Zhengzhou Shuliy Machinery Equipment Co., Ltd. (est. 2011), we combine over a [&hellip;]<\/p>\n","protected":false},"author":1,"featured_media":0,"parent":0,"menu_order":0,"comment_status":"closed","ping_status":"open","template":"","meta":{"footnotes":""},"class_list":["post-3","page","type-page","status-publish","hentry"],"_links":{"self":[{"href":"https:\/\/hangermachinery.com\/tr\/wp-json\/wp\/v2\/pages\/3","targetHints":{"allow":["GET"]}}],"collection":[{"href":"https:\/\/hangermachinery.com\/tr\/wp-json\/wp\/v2\/pages"}],"about":[{"href":"https:\/\/hangermachinery.com\/tr\/wp-json\/wp\/v2\/types\/page"}],"author":[{"embeddable":true,"href":"https:\/\/hangermachinery.com\/tr\/wp-json\/wp\/v2\/users\/1"}],"replies":[{"embeddable":true,"href":"https:\/\/hangermachinery.com\/tr\/wp-json\/wp\/v2\/comments?post=3"}],"version-history":[{"count":0,"href":"https:\/\/hangermachinery.com\/tr\/wp-json\/wp\/v2\/pages\/3\/revisions"}],"wp:attachment":[{"href":"https:\/\/hangermachinery.com\/tr\/wp-json\/wp\/v2\/media?parent=3"}],"curies":[{"name":"wp","href":"https:\/\/api.w.org\/{rel}","templated":true}]}}