{"id":109,"date":"2022-07-17T16:28:30","date_gmt":"2022-07-17T16:28:30","guid":{"rendered":"https:\/\/hangermachinery.com\/?post_type=product&#038;p=109"},"modified":"2023-08-16T14:08:28","modified_gmt":"2023-08-16T06:08:28","slug":"coat-hanger-making-machine","status":"publish","type":"product","link":"https:\/\/hangermachinery.com\/tr\/product\/coat-hanger-making-machine\/","title":{"rendered":"Ceket ask\u0131s\u0131 yap\u0131m makinesi | ask\u0131 \u00fcretim makinesi"},"content":{"rendered":"<p class=\"translation-block\">Plastik telli ask\u0131 yapma makinesi, plastik tel kullanarak ask\u0131 \u00fcreten bir makinedir. Makine y\u00fcksek \u00e7al\u0131\u015fma verimlili\u011fi, y\u00fcksek zek\u00e2 ve fazla insan m\u00fcdahalesi gerektirmemesi ile karakterizedir. <a href=\"https:\/\/hangermachinery.com\/tr\/products\/plastic-coated-hanger-production-line\/\">Kaplamal\u0131 tel ask\u0131 makin<\/a><a href=\"https:\/\/hangermachinery.com\/tr\/product\/plastic-coated-hanger-production-line-clothes-hanger-machine\/\">esi<\/a> bir\u00e7ok \u00fcreticiye b\u00fcy\u00fck k\u00e2rlar sa\u011flam\u0131\u015ft\u0131r.<\/p>    <figure class=\"wp-block-image size-full\"><img loading=\"lazy\" decoding=\"async\" width=\"720\" height=\"540\" src=\"https:\/\/hangermachinery.com\/wp-content\/uploads\/2022\/07\/Coat-hanger.webp\" alt=\"Ceket ask\u0131s\u0131\" class=\"wp-image-330\" title=\"\" srcset=\"https:\/\/hangermachinery.com\/wp-content\/uploads\/2022\/07\/Coat-hanger.webp 720w, https:\/\/hangermachinery.com\/wp-content\/uploads\/2022\/07\/Coat-hanger-300x225.webp 300w\" sizes=\"auto, (max-width: 720px) 100vw, 720px\" \/><figcaption class=\"wp-element-caption\">Ceket&nbsp;Ask\u0131s\u0131<\/figcaption><\/figure>    <h2 class=\"wp-block-heading\" id=\"h-what-is-plastic-coat-wire\">Plastik nedir <span style=\"font-size: revert; color: revert; font-weight: revert;\">mont<\/span> tel?<\/h2>    <figure class=\"wp-block-image size-full\"><img loading=\"lazy\" decoding=\"async\" width=\"720\" height=\"540\" src=\"https:\/\/hangermachinery.com\/wp-content\/uploads\/2022\/07\/plastic-coat-wire.webp\" alt=\"plastik ceket teli\" class=\"wp-image-331\" title=\"\" srcset=\"https:\/\/hangermachinery.com\/wp-content\/uploads\/2022\/07\/plastic-coat-wire.webp 720w, https:\/\/hangermachinery.com\/wp-content\/uploads\/2022\/07\/plastic-coat-wire-300x225.webp 300w\" sizes=\"auto, (max-width: 720px) 100vw, 720px\" \/><figcaption class=\"wp-element-caption\">Plastik Kaplama Tel<\/figcaption><\/figure>    <p class=\"translation-block\"><a href=\"https:\/\/www.amazon.com\/coated-wire\/s?k=coated+wire\" data-type=\"URL\" data-id=\"https:\/\/www.amazon.com\/coated-wire\/s?k=coated+wire\" target=\"_blank\" rel=\"noopener\">Kapl\u0131 tel<\/a> i\u015flenmi\u015f galvanizli tel ve demir teldir. Kaplama makinesinden ge\u00e7tikten sonra tel, bir plastik kaplama tabakas\u0131 ile kaplan\u0131r. B\u00f6yle bir tele kapl\u0131 tel denir ve i\u015flenmi\u015f tel ask\u0131 haline getirilir. \u0130nceltidir ve m\u00fc\u015fterileri sat\u0131n almaya \u00e7ekmek i\u00e7in ask\u0131 makinesinde \u00e7e\u015fitli renkler se\u00e7ebilirsiniz. Ayr\u0131ca, dald\u0131rma sonras\u0131 ask\u0131 yapma makinesi daha fazla kaymazd\u0131r. E\u011fer ask\u0131lar \u00fcretmek i\u00e7in demir tel kullan\u0131rsan\u0131z, \u00e7ama\u015f\u0131r kurutmada koruma da sa\u011flar.<\/p>    <h2 class=\"wp-block-heading\" id=\"h-the-main-advantages-of-the-coat-hanger-making-machine\">ceket ask\u0131s\u0131 yapma makinesinin ba\u015fl\u0131ca avantajlar\u0131<\/h2>    <ol class=\"wp-block-list\"> <li>Besleme hatt\u0131n\u0131n uzunlu\u011fu standartt\u0131r.<\/li>    <li>H\u0131z, tel \u00e7ap\u0131na g\u00f6re ayarlanabilir, herhangi bir h\u0131z.<\/li>    <li>Y\u00fcksek \u00fcretim ve h\u0131zl\u0131 h\u0131z ile dakikada en h\u0131zl\u0131 45 adet \u00fcretilebilir.<\/li>    <li>En uygunu kal\u0131b\u0131n (ask\u0131 modeli) de\u011fi\u015ftirilmesidir, bu hem kolay hem de basittir. Ekrandan gerekli tel uzunlu\u011funu girin ve kesicinin konumunu ayarlay\u0131n.<\/li>    <li>Makine \u015funlar\u0131n \u00fcretimine uyarlanabilir: 201 paslanmaz \u00e7elik, 410 paslanmaz demir, galvanizli tel, s\u0131radan demir tel, kau\u00e7uk kapl\u0131 tel ve al\u00fcminyum tel.<\/li>    <li>Bu mont ask\u0131 yap\u0131m makinesi otomatik say\u0131sal kontrol, hassas tel besleme, stabil \u00e7al\u0131\u015fma ve d\u00fc\u015f\u00fck g\u00fcr\u00fclt\u00fc kullan\u0131r, <a href=\"https:\/\/hangermachinery.com\/tr\/Info\/what-is-hanger-manufacturing-process\/\">Bir makine \u00e7e\u015fitli ask\u0131lar \u00fcretebilir<\/a>. Bir i\u015f\u00e7i 4-8 makineyi y\u00f6netebilir, bu da size i\u015f g\u00fcc\u00fcn\u00fc tamamen tasarruf sa\u011flar. ve uygun tel \u00e7ap\u0131 1.7-3.5'tir.<br><\/li> <\/ol>    <h2 class=\"wp-block-heading\" id=\"h-what-are-the-benefits-of-hanger-coating-plastic\">Ask\u0131 kaplama plasti\u011fin faydalar\u0131 nelerdir?<\/h2>    <figure class=\"wp-block-image size-full\"><img loading=\"lazy\" decoding=\"async\" width=\"720\" height=\"540\" src=\"https:\/\/hangermachinery.com\/wp-content\/uploads\/2022\/07\/\u4ea7\u54c1.webp\" alt=\"ask\u0131 kaplama plastik\" class=\"wp-image-332\" title=\"\" srcset=\"https:\/\/hangermachinery.com\/wp-content\/uploads\/2022\/07\/\u4ea7\u54c1.webp 720w, https:\/\/hangermachinery.com\/wp-content\/uploads\/2022\/07\/\u4ea7\u54c1-300x225.webp 300w\" sizes=\"auto, (max-width: 720px) 100vw, 720px\" \/><figcaption class=\"wp-element-caption\">Ask\u0131 Kaplama Plastik<\/figcaption><\/figure>    <p>Dald\u0131rma i\u015flemi zehirsizlik, a\u015f\u0131nma direnci, \u0131\u015f\u0131k direnci, parlak renk ve iyi el hissi \u00f6zelliklerine sahiptir. G\u00fcnl\u00fck hayatta art\u0131k plastik kapl\u0131 ve plastik kaplamal\u0131 \u00fcr\u00fcnleri de \u00e7ok g\u00f6rebiliriz, \u00f6rne\u011fin plastik kapl\u0131 damb\u0131llar, \u00f6zellikle de y\u00fczeyi kenevir kapl\u0131 damb\u0131llar. Ayr\u0131ca korkuluklar da vard\u0131r. \u00d6nceki korkuluklar\u0131n boyas\u0131 kolayca d\u00f6k\u00fcl\u00fcrd\u00fc, ancak dald\u0131rmadan sonra korkuluklar y\u0131llarca solmadan kullan\u0131labilir ve renkler h\u00e2l\u00e2 yeni gibi parlakt\u0131r. Y\u0131llar\u0131n tecr\u00fcbesiyle kau\u00e7uk kapl\u0131 ask\u0131 \u00e7ok olgun bir s\u00fcre\u00e7 haline gelmi\u015f olup \u00e7ok g\u00fcvenli ve g\u00fcvenilirdir. Shuliy \u015firketi tam otomatik, kau\u00e7uk \u00fcretim hatt\u0131na sahiptir.<\/p>    <h2 class=\"wp-block-heading\" id=\"h-parameters-of-hanger-product-machine\">ceket ask\u0131s\u0131 yapma makinesinin parametreleri<\/h2>    <figure class=\"wp-block-image size-full\"><img loading=\"lazy\" decoding=\"async\" width=\"720\" height=\"540\" src=\"https:\/\/hangermachinery.com\/wp-content\/uploads\/2022\/07\/wire-cloth-hanger-machine.webp\" alt=\"coat\u00a0hanger-making\u00a0machine\" class=\"wp-image-333\" title=\"\" srcset=\"https:\/\/hangermachinery.com\/wp-content\/uploads\/2022\/07\/wire-cloth-hanger-machine.webp 720w, https:\/\/hangermachinery.com\/wp-content\/uploads\/2022\/07\/wire-cloth-hanger-machine-300x225.webp 300w\" sizes=\"auto, (max-width: 720px) 100vw, 720px\" \/><figcaption class=\"wp-element-caption\">Tel-Elbise-Ask\u0131-Makinesi<\/figcaption><\/figure>    <figure class=\"wp-block-table\"><table><tbody><tr><td>Model &nbsp;<\/td><td>SL-40 &nbsp;<\/td><\/tr><tr><td>Kapasite &nbsp;<\/td><td>30-40adet\/dakika &nbsp;<\/td><\/tr><tr><td>Tel \u00e7ap\u0131 &nbsp;<\/td><td>\u00d6zelle\u015ftir &nbsp;<\/td><\/tr><tr><td>Voltaj &nbsp;<\/td><td>220V\/380V &nbsp;<\/td><\/tr><tr><td>Ask\u0131 boyutu &nbsp;<\/td><td>\u00d6zelle\u015ftir &nbsp;<\/td><\/tr><tr><td>Net a\u011f\u0131rl\u0131k &nbsp;<\/td><td>700KG &nbsp;<\/td><\/tr><tr><td>Makine boyutu &nbsp;<\/td><td>1800*800*1650mm &nbsp;<\/td><\/tr><\/tbody><\/table><figcaption class=\"wp-element-caption\">ask\u0131 yapma makinesi<\/figcaption><\/figure>    <h2 class=\"wp-block-heading\" id=\"h-hanger-product-machine-producing-the-size-of-the-hanger\">Ask\u0131n\u0131n boyutunu \u00fcreten ask\u0131 \u00fcr\u00fcn makinesi<\/h2>    <figure class=\"wp-block-image size-full\"><img loading=\"lazy\" decoding=\"async\" width=\"720\" height=\"540\" src=\"https:\/\/hangermachinery.com\/wp-content\/uploads\/2022\/07\/size-of-the-hanger.webp\" alt=\"ask\u0131n\u0131n boyutu\" class=\"wp-image-334\" title=\"\" srcset=\"https:\/\/hangermachinery.com\/wp-content\/uploads\/2022\/07\/size-of-the-hanger.webp 720w, https:\/\/hangermachinery.com\/wp-content\/uploads\/2022\/07\/size-of-the-hanger-300x225.webp 300w\" sizes=\"auto, (max-width: 720px) 100vw, 720px\" \/><figcaption class=\"wp-element-caption\">Ask\u0131 Boyutu<\/figcaption><\/figure>    <p>Ask\u0131 boyutu 16-19 in\u00e7 yap\u0131labilir. Kullan\u0131lan hammaddelerin tel \u00e7ap\u0131 genellikle 1,6-3,8 mm'dir. Genel olarak, kullan\u0131lan tel \u00e7ap\u0131 ne kadar b\u00fcy\u00fckse, ask\u0131n\u0131n deste\u011fi o kadar iyi ve dayan\u0131kl\u0131l\u0131\u011f\u0131 o kadar y\u00fcksek olur. Ayr\u0131ca, ask\u0131 yapma makinesinin kal\u0131b\u0131 \u00f6zelle\u015ftirilebilir, bize sadece ask\u0131n\u0131n resmini ve boyutunu g\u00f6nderin, tasar\u0131mc\u0131 ve fabrika \u00e7al\u0131\u015fanlar\u0131m\u0131z belirli kal\u0131b\u0131 yaps\u0131n.<\/p>    <h2 class=\"wp-block-heading\" id=\"h-use-of-coat-hanger-making-machine\">ceket ask\u0131s\u0131 makinesi kullan\u0131m\u0131<\/h2>    <figure class=\"wp-block-embed is-type-video is-provider-youtube wp-block-embed-youtube wp-embed-aspect-16-9 wp-has-aspect-ratio\"><div class=\"wp-block-embed__wrapper\"> <iframe loading=\"lazy\" title=\"Mont ask\u0131l\u0131\u011f\u0131 \u00fcretim makinesi Suudi Arabistan\u2019da iyi sat\u0131yor | \u00e7elik ask\u0131l\u0131k nas\u0131l yap\u0131l\u0131r? | ask\u0131l\u0131klar\" width=\"500\" height=\"281\" src=\"https:\/\/www.youtube.com\/embed\/WjJTmsKK8mA?feature=oembed\" frameborder=\"0\" allow=\"accelerometer; autoplay; clipboard-write; encrypted-media; gyroscope; picture-in-picture; web-share\" referrerpolicy=\"strict-origin-when-cross-origin\" allowfullscreen><\/iframe> <\/div><figcaption class=\"wp-element-caption\">ask\u0131 yapma makinesi \u00e7al\u0131\u015fma videosu<\/figcaption><\/figure>    <p>Kau\u00e7uk kapl\u0131 ask\u0131 \u015fekillendirme makinesi kullan\u0131mda oldu\u011funda, ipli\u011fin otomatik anahtar\u0131 a\u00e7\u0131ld\u0131\u011f\u0131nda, otomatik ask\u0131 \u015fekillendirme makinesi ana makineyi manuel anahtara ge\u00e7irir ve ard\u0131ndan ipli\u011fi kal\u0131ba girdi\u011finde terzi b\u0131\u00e7a\u011f\u0131na y\u00f6nlendirmek i\u00e7in anahtara dokunur. Telin d\u00fcz olup olmad\u0131\u011f\u0131n\u0131 g\u00f6zlemleyin, metal ask\u0131 \u015fekillendirme makinesinde telin d\u00fczeltilmi\u015f olmas\u0131 gerekir. Telin uzunlu\u011funu g\u00f6zlemleyin, \u00e7eki\u015f kolu bask\u0131 tekerle\u011fini \u00e7evirin, ask\u0131 \u015fekillendirme makinesinde s\u0131kma telin uzunlu\u011funu art\u0131r\u0131r, gev\u015fek ise k\u0131sa tel olur.<\/p>    <h2 class=\"wp-block-heading\" id=\"h-maintenance-of-coating-hanger-machine\">ceket ask\u0131s\u0131 yapma makinesinin bak\u0131m\u0131<\/h2>    <figure class=\"wp-block-image size-full\"><img loading=\"lazy\" decoding=\"async\" width=\"720\" height=\"540\" src=\"https:\/\/hangermachinery.com\/wp-content\/uploads\/2022\/07\/hanger-product-machine.webp\" alt=\"coat\u00a0hanger-making\u00a0machine\" class=\"wp-image-335\" title=\"\" srcset=\"https:\/\/hangermachinery.com\/wp-content\/uploads\/2022\/07\/hanger-product-machine.webp 720w, https:\/\/hangermachinery.com\/wp-content\/uploads\/2022\/07\/hanger-product-machine-300x225.webp 300w\" sizes=\"auto, (max-width: 720px) 100vw, 720px\" \/><figcaption class=\"wp-element-caption\">Ceket&nbsp;Ask\u0131s\u0131-Yapma&nbsp;Makinesi<\/figcaption><\/figure>    <p class=\"translation-block\"><a href=\"https:\/\/hangermachinery.com\/tr\/product\/pvc-coated-wire-hanger-production-line\/\">kaplama ask\u0131 \u015fekillendirme makinesinin<\/a> bak\u0131m\u0131 \u00e7ok \u00f6nemlidir. Ceket ask\u0131s\u0131 yapma makinesi art\u0131k \u00e7al\u0131\u015fmad\u0131\u011f\u0131nda, elektrik kesilmeli ve ceket ask\u0131s\u0131 makinesi uzun s\u00fcreli enerji kullan\u0131m\u0131n\u0131n yasak oldu\u011fu ko\u015fullarda kullan\u0131lmamal\u0131d\u0131r. Anahtar a\u00e7\u0131kken, makine manuel moda al\u0131n\u0131r ve sonra anahtar, kal\u0131ba girdi\u011finde teli terzi b\u0131\u00e7a\u011f\u0131na sokmak i\u00e7in tornalama (jog) konumuna getirilir. Telin d\u00fczeltilip d\u00fczeltilmedi\u011fi g\u00f6zlemlenir, tel d\u00fczeltilmelidir.<\/p>    <h2 class=\"wp-block-heading\">K\u0131rm\u0131z\u0131 kaplama elbise ask\u0131s\u0131 \u00fcretim makinesi<\/h2>    <figure class=\"wp-block-embed is-type-video is-provider-youtube wp-block-embed-youtube wp-embed-aspect-16-9 wp-has-aspect-ratio\"><div class=\"wp-block-embed__wrapper\"> <iframe loading=\"lazy\" title=\"K\u0131rm\u0131z\u0131 kaplama elbise ask\u0131s\u0131 \u00fcretim makinesi | otomatik ask\u0131 yapma makinesi\" width=\"500\" height=\"281\" src=\"https:\/\/www.youtube.com\/embed\/N-iDUziwNoQ?feature=oembed\" frameborder=\"0\" allow=\"accelerometer; autoplay; clipboard-write; encrypted-media; gyroscope; picture-in-picture; web-share\" referrerpolicy=\"strict-origin-when-cross-origin\" allowfullscreen><\/iframe> <\/div><figcaption class=\"wp-element-caption\">Elbise ask\u0131s\u0131 \u00fcretim makinesi<\/figcaption><\/figure>","protected":false},"excerpt":{"rendered":"<p>Palto ask\u0131s\u0131 yapma makinesi, ask\u0131 yapmak i\u00e7in plastik tel kullanan bir makinedir. <\/p>","protected":false},"author":1,"featured_media":328,"parent":0,"template":"","tags":[24,29],"product-type":[11,16],"class_list":["post-109","product","type-product","status-publish","has-post-thumbnail","hentry","tag-coat-hanger-making-machine","tag-hanger","product-type-product","product-type-coat-hanger-making-machine"],"_links":{"self":[{"href":"https:\/\/hangermachinery.com\/tr\/wp-json\/wp\/v2\/product\/109","targetHints":{"allow":["GET"]}}],"collection":[{"href":"https:\/\/hangermachinery.com\/tr\/wp-json\/wp\/v2\/product"}],"about":[{"href":"https:\/\/hangermachinery.com\/tr\/wp-json\/wp\/v2\/types\/product"}],"author":[{"embeddable":true,"href":"https:\/\/hangermachinery.com\/tr\/wp-json\/wp\/v2\/users\/1"}],"wp:featuredmedia":[{"embeddable":true,"href":"https:\/\/hangermachinery.com\/tr\/wp-json\/wp\/v2\/media\/328"}],"wp:attachment":[{"href":"https:\/\/hangermachinery.com\/tr\/wp-json\/wp\/v2\/media?parent=109"}],"wp:term":[{"taxonomy":"post_tag","embeddable":true,"href":"https:\/\/hangermachinery.com\/tr\/wp-json\/wp\/v2\/tags?post=109"},{"taxonomy":"product-type","embeddable":true,"href":"https:\/\/hangermachinery.com\/tr\/wp-json\/wp\/v2\/product-type?post=109"}],"curies":[{"name":"wp","href":"https:\/\/api.w.org\/{rel}","templated":true}]}}