{"id":120,"date":"2022-07-17T16:53:58","date_gmt":"2022-07-17T16:53:58","guid":{"rendered":"https:\/\/hangermachinery.com\/?post_type=product&#038;p=120"},"modified":"2022-09-28T17:58:25","modified_gmt":"2022-09-28T09:58:25","slug":"welding-wire-hanger-making-machine","status":"publish","type":"product","link":"https:\/\/hangermachinery.com\/tr\/product\/welding-wire-hanger-making-machine\/","title":{"rendered":"Kaynakl\u0131 tel ask\u0131 yapma makinesi | metal ask\u0131 makinesi"},"content":{"rendered":"<p class=\"translation-block\">Kaynak tel ask\u0131 yap\u0131m makinesi, ask\u0131 yapmak i\u00e7in ekipmand\u0131r. Bir kaynak ask\u0131 makinesi, <a href=\"https:\/\/hangermachinery.com\/tr\/products\/plastic-coated-hanger-production-line\/\">otomatik ask\u0131 makinesi<\/a> olarak kaynak ve <a href=\"https:\/\/hangermachinery.com\/tr\/product\/galvanized-wire-hanger-machine\/\">ask\u0131 \u015fekillendirmeyi<\/a> entegre eden ak\u0131ll\u0131 bir makinedir. 13-20 in\u00e7lik bir ask\u0131 makinesi yap\u0131labilir ve kaynak tel ask\u0131 yap\u0131m makinesinin \u015fekli ve boyutu \u00f6zelle\u015ftirilebilir. Kaynak tel ask\u0131 yap\u0131m makinesi Suudi Arabistan, Pakistan, Meksika, Avustralya ve di\u011fer yerlere sat\u0131lm\u0131\u015ft\u0131r ve \u00e7ok pop\u00fclerdir.<\/p>    <figure class=\"wp-block-image size-full\"><img loading=\"lazy\" decoding=\"async\" width=\"680\" height=\"680\" src=\"https:\/\/hangermachinery.com\/wp-content\/uploads\/2022\/07\/Welding-wire-hanger-making.webp\" alt=\"Kaynak\u00a0teli\u00a0ask\u0131\u00a0yap\u0131m\u0131\" class=\"wp-image-338\" title=\"\" srcset=\"https:\/\/hangermachinery.com\/wp-content\/uploads\/2022\/07\/Welding-wire-hanger-making.webp 680w, https:\/\/hangermachinery.com\/wp-content\/uploads\/2022\/07\/Welding-wire-hanger-making-300x300.webp 300w, https:\/\/hangermachinery.com\/wp-content\/uploads\/2022\/07\/Welding-wire-hanger-making-150x150.webp 150w\" sizes=\"auto, (max-width: 680px) 100vw, 680px\" \/><figcaption>Kaynak&amp;Nbsp;Teli&amp;Nbsp;Ask\u0131-Yap\u0131m\u0131<\/figcaption><\/figure>    <h2 class=\"wp-block-heading\" id=\"h-what-are-the-functions-of-hangers\">Ask\u0131lar\u0131n i\u015flevleri nelerdir?<\/h2>    <div class=\"wp-block-columns is-layout-flex wp-container-core-columns-is-layout-9d6595d7 wp-block-columns-is-layout-flex\"> <div class=\"wp-block-column is-layout-flow wp-block-column-is-layout-flow\" style=\"flex-basis:100%\"><div class=\"wp-block-image\"> <figure class=\"aligncenter size-full\"><img loading=\"lazy\" decoding=\"async\" width=\"720\" height=\"540\" src=\"https:\/\/hangermachinery.com\/wp-content\/uploads\/2022\/07\/galvanized-hangers-1.webp\" alt=\"galvanizli ask\u0131lar\" class=\"wp-image-487\" title=\"\" srcset=\"https:\/\/hangermachinery.com\/wp-content\/uploads\/2022\/07\/galvanized-hangers-1.webp 720w, https:\/\/hangermachinery.com\/wp-content\/uploads\/2022\/07\/galvanized-hangers-1-300x225.webp 300w\" sizes=\"auto, (max-width: 720px) 100vw, 720px\" \/><figcaption>galvanizli ask\u0131lar<\/figcaption><\/figure> <\/div><\/div> <\/div>    <p>Ask\u0131, kurutma i\u015flemi s\u0131ras\u0131nda k\u0131yafetlerin k\u0131r\u0131\u015fmas\u0131n\u0131 \u00f6nlemek i\u00e7in balkonda k\u0131yafetleri kurutmak amac\u0131yla kullan\u0131labilir; ask\u0131 ayr\u0131ca gard\u0131ropta yer tasarrufu sa\u011flamak ve k\u0131yafetleri aramay\u0131 kolayla\u015ft\u0131rmak i\u00e7in kullan\u0131labilir, bu y\u00fczden ask\u0131 her ailede bulunur ve \u00c7ok \u00f6nemlidir. Kuru temizlemecilerde m\u00fc\u015fterilerin k\u0131yafetleri genellikle do\u011frudan ask\u0131lara as\u0131larak kurutulur, bu da k\u0131yafetlerin birbirine s\u00fcrt\u00fcnmesini \u00f6nleyebilir. Giyim sekt\u00f6r\u00fcnde k\u0131yafetleri sergilemek i\u00e7in ask\u0131lar kullan\u0131l\u0131r, bu nedenle ask\u0131lar hem evlerde hem de i\u015fletmelerde kullan\u0131labilir.<\/p>   <div class=\"wp-block-image\"> <figure class=\"aligncenter size-full\"><img loading=\"lazy\" decoding=\"async\" width=\"720\" height=\"540\" src=\"https:\/\/hangermachinery.com\/wp-content\/uploads\/2022\/07\/Raw-material-for-welding-hanger-machine.webp\" alt=\"Kaynak ask\u0131 makinesi i\u00e7in hammadde\" class=\"wp-image-341\" title=\"\" srcset=\"https:\/\/hangermachinery.com\/wp-content\/uploads\/2022\/07\/Raw-material-for-welding-hanger-machine.webp 720w, https:\/\/hangermachinery.com\/wp-content\/uploads\/2022\/07\/Raw-material-for-welding-hanger-machine-300x225.webp 300w\" sizes=\"auto, (max-width: 720px) 100vw, 720px\" \/><figcaption>Kaynak ask\u0131 makinesi i\u00e7in hammadde<\/figcaption><\/figure> <\/div>   <h2 class=\"wp-block-heading\" id=\"h-raw-material-for-welding-wire-hanger-making-machine\">Kaynak\u00a0teli\u00a0ask\u0131\u00a0yapma\u00a0makinesi i\u00e7in hammadde<\/h2>   <div class=\"wp-block-image\"> <figure class=\"aligncenter size-full\"><img loading=\"lazy\" decoding=\"async\" width=\"720\" height=\"540\" src=\"https:\/\/hangermachinery.com\/wp-content\/uploads\/2022\/07\/Raw-material-for-welding-wire-hanger.webp\" alt=\"Kaynak\u00a0teli\u00a0ask\u0131 i\u00e7in hammadde\" class=\"wp-image-488\" title=\"\" srcset=\"https:\/\/hangermachinery.com\/wp-content\/uploads\/2022\/07\/Raw-material-for-welding-wire-hanger.webp 720w, https:\/\/hangermachinery.com\/wp-content\/uploads\/2022\/07\/Raw-material-for-welding-wire-hanger-300x225.webp 300w\" sizes=\"auto, (max-width: 720px) 100vw, 720px\" \/><figcaption>Kaynak tel ask\u0131 i\u00e7in hammadde<\/figcaption><\/figure> <\/div>   <p class=\"translation-block\">Kaynak ask\u0131 makinesi taraf\u0131ndan kullan\u0131labilecek hammaddeler aras\u0131nda <a href=\"https:\/\/www.amazon.com\/galvanized-steel-wire\/s?k=galvanized+steel+wire\" data-type=\"URL\" data-id=\"https:\/\/www.amazon.com\/galvanized-steel-wire\/s?k=galvanized+steel+wire\" target=\"_blank\" rel=\"noopener\">galvanizli tel<\/a>, demir tel, al\u00fcminyum ve karbon siyah\u0131 teli vb. bulunmaktad\u0131r ve paslanmaz \u00e7elik tel de kullan\u0131labilir. Kaynak makinesinin aray\u00fcz\u00fc \u00e7ok d\u00fczg\u00fcn olup ekstra tel yoktur, bu da hammaddelerden tasarruf sa\u011flar. Sprey yap\u0131ld\u0131ktan sonra, kaynak makinesinin aray\u00fcz\u00fc tamamen kaplanabilir. Bu t\u00fcr bir ask\u0131 daha g\u00fczeldir, bu nedenle bir\u00e7ok t\u00fcketicinin birinci tercihidir. Bu nedenle, fabrikam\u0131zda bu makinenin sat\u0131\u015flar\u0131 \u00e7ok y\u00fcksektir.<\/p>    <h2 class=\"wp-block-heading\">Kaynak\u00a0teli\u00a0ask\u0131\u00a0yapma\u00a0makinesi nas\u0131l kullan\u0131l\u0131r?<\/h2>    <figure class=\"wp-block-embed is-type-video is-provider-youtube wp-block-embed-youtube wp-embed-aspect-16-9 wp-has-aspect-ratio\"><div class=\"wp-block-embed__wrapper\"> <iframe loading=\"lazy\" title=\"K\u0131yafet ask\u0131lar\u0131 nas\u0131l yap\u0131l\u0131r biliyor musunuz | kaynak tel ask\u0131 yap\u0131m makinesi | metal ask\u0131 makinesi\" width=\"500\" height=\"281\" src=\"https:\/\/www.youtube.com\/embed\/A5D1dnZ3Gu4?feature=oembed\" frameborder=\"0\" allow=\"accelerometer; autoplay; clipboard-write; encrypted-media; gyroscope; picture-in-picture; web-share\" referrerpolicy=\"strict-origin-when-cross-origin\" allowfullscreen><\/iframe> <\/div><\/figure>    <p>kaynak tel ask\u0131 yap\u0131m makinesi<\/p>    <h2 class=\"wp-block-heading\" id=\"h-the-principle-of-welding-wire-hanger-making-machine\">Kaynak\u00a0teli\u00a0ask\u0131\u00a0yapma\u00a0makinesinin prensibi<\/h2>   <div class=\"wp-block-image\"> <figure class=\"aligncenter size-full\"><img loading=\"lazy\" decoding=\"async\" width=\"720\" height=\"540\" src=\"https:\/\/hangermachinery.com\/wp-content\/uploads\/2022\/07\/hanger-machine.webp\" alt=\"ask\u0131 makinesi\" class=\"wp-image-342\" title=\"\" srcset=\"https:\/\/hangermachinery.com\/wp-content\/uploads\/2022\/07\/hanger-machine.webp 720w, https:\/\/hangermachinery.com\/wp-content\/uploads\/2022\/07\/hanger-machine-300x225.webp 300w\" sizes=\"auto, (max-width: 720px) 100vw, 720px\" \/><figcaption>ask\u0131 makinesi<\/figcaption><\/figure> <\/div>   <p><br>Kaynak teli ask\u0131 yapma makinesi, elektrik kaynak teknolojisini kullanarak kaynak teli ask\u0131 yapma makinesinin aray\u00fcz\u00fcn\u00fc ba\u011flar. Nokta kaynakla ba\u011flanan ask\u0131lar, di\u011fer ask\u0131lardan daha g\u00fc\u00e7l\u00fcd\u00fcr ve makinenin d\u0131\u015f\u0131na daha sonra p\u00fcsk\u00fcrt\u00fclebilir.<\/p>    <h2 class=\"wp-block-heading\" id=\"h-metal-hanger-product-machine-features\">Metal ask\u0131 \u00fcr\u00fcn makinesi \u00f6zellikleri<\/h2>    <p>Plastik ask\u0131 kaynak makinesinin kaynak \u00f6zellikleri: Plastik ask\u0131 kaynak makinesi, kare s\u00fctun, lineer k\u0131lavuz yatak, hassas ince ayar cihaz\u0131 ve g\u00fc\u00e7l\u00fc mekanik performansa sahiptir; Kaynak tel ask\u0131 yap\u0131m makinesi, Alman orijinal piezoelektrik seramik d\u00f6n\u00fc\u015ft\u00fcr\u00fcc\u00fcs\u00fcn\u00fc benimser ve \u00e7\u0131k\u0131\u015f\u0131 g\u00fc\u00e7l\u00fc ve stabildir; Elektrikli kald\u0131rma g\u00f6vdesi, kullan\u0131m\u0131 kolay ve y\u00fcksek g\u00fc\u00e7tedir. <\/p>    <p>Plastik ask\u0131 kaynak makinesi, kaynak ba\u015fl\u0131\u011f\u0131n\u0131n yatay ayarlanabilir yap\u0131s\u0131n\u0131 benimser, bu da kal\u0131p ayar\u0131n\u0131 kolayla\u015ft\u0131r\u0131r, kullan\u0131m\u0131 stabil ve y\u00fcksek kaynak verimlili\u011fine sahiptir; Plastik ask\u0131 kaynak makinesi, kaynak ba\u015fl\u0131\u011f\u0131n\u0131n merkez s\u0131n\u0131rlama yap\u0131s\u0131n\u0131 \u00f6zel olarak benimser, b\u00f6ylece kaynak ba\u015fl\u0131\u011f\u0131n\u0131n s\u0131n\u0131r\u0131 kaymaz; plastik ask\u0131 kaynak makinesi, yer \u00e7ekimi d\u00f6k\u00fcm\u00fc ile olu\u015fturulur ve y\u00fcksek kaynak hassasiyeti ve g\u00fczel bir g\u00f6r\u00fcn\u00fcme sahip b\u00fcy\u00fck bir tabana ve kare bir s\u00fctuna sahiptir.<\/p>   <div class=\"wp-block-image\"> <figure class=\"aligncenter size-full\"><img loading=\"lazy\" decoding=\"async\" width=\"720\" height=\"540\" src=\"https:\/\/hangermachinery.com\/wp-content\/uploads\/2022\/07\/welding-hanger-machine-1.webp\" alt=\" kaynakl\u0131 ask\u0131 makinesi\" class=\"wp-image-343\" title=\"\" srcset=\"https:\/\/hangermachinery.com\/wp-content\/uploads\/2022\/07\/welding-hanger-machine-1.webp 720w, https:\/\/hangermachinery.com\/wp-content\/uploads\/2022\/07\/welding-hanger-machine-1-300x225.webp 300w\" sizes=\"auto, (max-width: 720px) 100vw, 720px\" \/><figcaption> kaynakl\u0131 ask\u0131 makinesi  <\/figcaption><\/figure> <\/div>   <h2 class=\"wp-block-heading\" id=\"h-welding-wire-hanger-making-machine-parameters\">Kaynak\u00a0teli\u00a0ask\u0131\u00a0yapma\u00a0makinesi parametreler<\/h2>    <figure class=\"wp-block-gallery has-nested-images columns-default is-cropped wp-block-gallery-2 is-layout-flex wp-block-gallery-is-layout-flex\"> <figure class=\"wp-block-image size-large\"><img loading=\"lazy\" decoding=\"async\" width=\"600\" height=\"400\" data-id=\"344\" src=\"https:\/\/hangermachinery.com\/wp-content\/uploads\/2022\/07\/welding-hanger-making.webp\" alt=\"kaynakl\u0131 ask\u0131 yap\u0131m\u0131\" class=\"wp-image-344\" title=\"\" srcset=\"https:\/\/hangermachinery.com\/wp-content\/uploads\/2022\/07\/welding-hanger-making.webp 600w, https:\/\/hangermachinery.com\/wp-content\/uploads\/2022\/07\/welding-hanger-making-300x200.webp 300w\" sizes=\"auto, (max-width: 600px) 100vw, 600px\" \/><figcaption>Kaynak Ask\u0131 Yap\u0131m\u0131<\/figcaption><\/figure>    <figure class=\"wp-block-image size-large\"><img loading=\"lazy\" decoding=\"async\" width=\"403\" height=\"314\" data-id=\"345\" src=\"https:\/\/hangermachinery.com\/wp-content\/uploads\/2022\/07\/welding-hanger-making-2.webp\" alt=\"kaynakl\u0131 ask\u0131 yap\u0131m\u0131 \" class=\"wp-image-345\" title=\"\" srcset=\"https:\/\/hangermachinery.com\/wp-content\/uploads\/2022\/07\/welding-hanger-making-2.webp 403w, https:\/\/hangermachinery.com\/wp-content\/uploads\/2022\/07\/welding-hanger-making-2-300x234.webp 300w\" sizes=\"auto, (max-width: 403px) 100vw, 403px\" \/><figcaption>Kaynak Ask\u0131 Yap\u0131m\u0131 <\/figcaption><\/figure> <\/figure>    <figure class=\"wp-block-table\"><table><tbody><tr><td>Kapasite<\/td><td>50adet\/dk<\/td><\/tr><tr><td>Galvanizli Tel<\/td><td>1.6mm ~ 4.6mm<\/td><\/tr><tr><td>Motor g\u00fcc\u00fc<\/td><td>2.2kw<\/td><\/tr><tr><td>Ask\u0131 Boyutu<\/td><td>14\u2033\u00a0-19\u2033&nbsp;<\/td><\/tr><tr><td>Net A\u011f\u0131rl\u0131k<\/td><td>850KG<\/td><\/tr><tr><td>&nbsp;Boyut<\/td><td>Ask\u0131 makinesi: 1.4*1*1.6m ;   Tedarik tel \u00e7er\u00e7evesi: 1.2*1.2*1m &nbsp;<\/td><\/tr><\/tbody><\/table><figcaption>metal ask\u0131 \u00fcr\u00fcn makinesi<\/figcaption><\/figure>    <h2 class=\"wp-block-heading\" id=\"h-metal-hanger-product-machine-case\">Metal ask\u0131 \u00fcr\u00fcn makine kasas\u0131<\/h2>    <figure class=\"wp-block-gallery has-nested-images columns-default is-cropped wp-block-gallery-3 is-layout-flex wp-block-gallery-is-layout-flex\"> <figure class=\"wp-block-image size-large\"><img loading=\"lazy\" decoding=\"async\" width=\"720\" height=\"540\" data-id=\"346\" src=\"https:\/\/hangermachinery.com\/wp-content\/uploads\/2022\/07\/hanger-machine-details.webp\" alt=\"ask\u0131 makinesi ayr\u0131nt\u0131lar\u0131\" class=\"wp-image-346\" title=\"\" srcset=\"https:\/\/hangermachinery.com\/wp-content\/uploads\/2022\/07\/hanger-machine-details.webp 720w, https:\/\/hangermachinery.com\/wp-content\/uploads\/2022\/07\/hanger-machine-details-300x225.webp 300w\" sizes=\"auto, (max-width: 720px) 100vw, 720px\" \/><figcaption>Ask\u0131 Makinesi Detaylar\u0131<\/figcaption><\/figure>    <figure class=\"wp-block-image size-large\"><img loading=\"lazy\" decoding=\"async\" width=\"720\" height=\"540\" data-id=\"347\" src=\"https:\/\/hangermachinery.com\/wp-content\/uploads\/2022\/07\/hanger-1.webp\" alt=\"ask\u0131\" class=\"wp-image-347\" title=\"\" srcset=\"https:\/\/hangermachinery.com\/wp-content\/uploads\/2022\/07\/hanger-1.webp 720w, https:\/\/hangermachinery.com\/wp-content\/uploads\/2022\/07\/hanger-1-300x225.webp 300w\" sizes=\"auto, (max-width: 720px) 100vw, 720px\" \/><figcaption>Ask\u0131<\/figcaption><\/figure> <\/figure>    <p class=\"translation-block\"><br>Son zamanlarda Meksika'ya ihracat yapt\u0131k, m\u00fc\u015fteri bizim <a href=\"https:\/\/hangermachinery.com\/tr\/product\/coat-hanger-making-machine\/\">ask\u0131 makinesi<\/a> almak istedi, ancak hammadde uygun de\u011fil diye endi\u015feliyordu, ba\u011flant\u0131 kurduk ve Meksika'daki kaynak tel ask\u0131 yap\u0131m makinesi m\u00fc\u015fterisinden hammaddesinin bir kopyas\u0131n\u0131 postalamalar\u0131n\u0131 istedik, ard\u0131ndan makinay\u0131 fabrikada test ettik ve m\u00fc\u015fteriye bir video \u00e7ektik ve etkiyi iyi bulduk, b\u00f6ylece bir sat\u0131n alma s\u00f6zle\u015fmesi imzalad\u0131lar ve Meksikal\u0131 m\u00fc\u015fteri iki ask\u0131 makinesi sat\u0131n ald\u0131. M\u00fc\u015fterinin istedi\u011fi ask\u0131n\u0131n \u015fekline g\u00f6re makineyi \u00f6zelle\u015ftiriyoruz, b\u00f6ylece m\u00fc\u015fteri ask\u0131y\u0131 satarken iyi sat\u0131\u015f yapabiliyor.<\/p>","protected":false},"excerpt":{"rendered":"<p>Kaynakl\u0131 tel ask\u0131 yapma makinesi, ask\u0131 \u00fcretmek i\u00e7in kullan\u0131lan ekipmand\u0131r. <\/p>","protected":false},"author":1,"featured_media":337,"parent":0,"template":"","tags":[29,25],"product-type":[11,17],"class_list":["post-120","product","type-product","status-publish","has-post-thumbnail","hentry","tag-hanger","tag-welding-wire-hanger-making-machine","product-type-product","product-type-welding-wire-hanger-making-machine"],"_links":{"self":[{"href":"https:\/\/hangermachinery.com\/tr\/wp-json\/wp\/v2\/product\/120","targetHints":{"allow":["GET"]}}],"collection":[{"href":"https:\/\/hangermachinery.com\/tr\/wp-json\/wp\/v2\/product"}],"about":[{"href":"https:\/\/hangermachinery.com\/tr\/wp-json\/wp\/v2\/types\/product"}],"author":[{"embeddable":true,"href":"https:\/\/hangermachinery.com\/tr\/wp-json\/wp\/v2\/users\/1"}],"wp:featuredmedia":[{"embeddable":true,"href":"https:\/\/hangermachinery.com\/tr\/wp-json\/wp\/v2\/media\/337"}],"wp:attachment":[{"href":"https:\/\/hangermachinery.com\/tr\/wp-json\/wp\/v2\/media?parent=120"}],"wp:term":[{"taxonomy":"post_tag","embeddable":true,"href":"https:\/\/hangermachinery.com\/tr\/wp-json\/wp\/v2\/tags?post=120"},{"taxonomy":"product-type","embeddable":true,"href":"https:\/\/hangermachinery.com\/tr\/wp-json\/wp\/v2\/product-type?post=120"}],"curies":[{"name":"wp","href":"https:\/\/api.w.org\/{rel}","templated":true}]}}