{"id":132,"date":"2022-07-17T17:07:55","date_gmt":"2022-07-17T17:07:55","guid":{"rendered":"https:\/\/hangermachinery.com\/?post_type=product&#038;p=132"},"modified":"2022-12-02T16:31:35","modified_gmt":"2022-12-02T08:31:35","slug":"butterfly-type-hanger-product-machine","status":"publish","type":"product","link":"https:\/\/hangermachinery.com\/tr\/product\/butterfly-type-hanger-product-machine\/","title":{"rendered":"Kelebek tipi ask\u0131 \u00fcr\u00fcn makinesi | ask\u0131 makinesi"},"content":{"rendered":"<p class=\"translation-block\">Kelebek tipi ask\u0131 \u00fcr\u00fcn makinesi, ask\u0131 \u00fcretmek i\u00e7in kullan\u0131lan bir makinedir. <a href=\"https:\/\/hangermachinery.com\/tr\/products\/plastic-coated-hanger-production-line\/\">Tel ask\u0131 \u00fcr\u00fcn makinesi<\/a>, demir tel ve <a href=\"https:\/\/en.wikipedia.org\/wiki\/Galvanization\" data-type=\"URL\" data-id=\"https:\/\/en.wikipedia.org\/wiki\/Galvanization\" target=\"_blank\" rel=\"noopener\">galvanizli<\/a> tel gibi hammaddeleri i\u015fleyerek ask\u0131 haline getirir ve ask\u0131n\u0131n \u015fekli \u00f6zelle\u015ftirilebilir. Bu kelebek \u015fekilli ask\u0131 makinesidir. Kelebek ask\u0131 g\u00f6r\u00fcn\u00fcm olarak g\u00fczel olup, ask\u0131da kaymazl\u0131k etkisine sahiptir.<\/p>    <figure class=\"wp-block-image size-full\"><img loading=\"lazy\" decoding=\"async\" width=\"720\" height=\"540\" src=\"https:\/\/hangermachinery.com\/wp-content\/uploads\/2022\/07\/Butterfly-type-hanger-.webp\" alt=\"Kelebek tipi  ask\u0131\" class=\"wp-image-350\" title=\"\" srcset=\"https:\/\/hangermachinery.com\/wp-content\/uploads\/2022\/07\/Butterfly-type-hanger-.webp 720w, https:\/\/hangermachinery.com\/wp-content\/uploads\/2022\/07\/Butterfly-type-hanger--300x225.webp 300w\" sizes=\"auto, (max-width: 720px) 100vw, 720px\" \/><figcaption class=\"wp-element-caption\">Kelebek&amp;Nbsp;Tipi&amp;Nbsp;&amp;Nbsp;Ask\u0131<\/figcaption><\/figure>    <h2 class=\"wp-block-heading\" id=\"h-why-is-it-called-a-butterfly-hanger-machine\">Neden kelebek tipi ask\u0131 \u00fcr\u00fcn makinesi denir?<\/h2>    <figure class=\"wp-block-embed is-type-video is-provider-youtube wp-block-embed-youtube wp-embed-aspect-16-9 wp-has-aspect-ratio\"><div class=\"wp-block-embed__wrapper\"> <iframe loading=\"lazy\" title=\"Suudi Arabistan&#039;da bir tel ask\u0131 yapma fabrikas\u0131 \u00e7al\u0131\u015f\u0131yor | k\u0131yafet ask\u0131s\u0131 kancas\u0131 yapma makinesi\" width=\"500\" height=\"281\" src=\"https:\/\/www.youtube.com\/embed\/MfuP8dbRTU4?feature=oembed\" frameborder=\"0\" allow=\"accelerometer; autoplay; clipboard-write; encrypted-media; gyroscope; picture-in-picture; web-share\" referrerpolicy=\"strict-origin-when-cross-origin\" allowfullscreen><\/iframe> <\/div><\/figure>    <p><br>Neden kelebek ask\u0131 makinesi denir? \u00c7\u00fcnk\u00fc ask\u0131n\u0131n \u015fekli benzersizdir, ask\u0131n\u0131n \u015fekli biraz kelebek kanatlar\u0131na benzer, bu y\u00fczden kelebek ask\u0131 makinesi denir. Kelebek tipi ask\u0131 \u00fcr\u00fcn makinesinin \u015fekli \u00e7ok g\u00fczeldir ve benzersiz \u015fekli nedeniyle ask\u0131 makinesi ayn\u0131 zamanda kaymaz bir etki de sa\u011flar. Bu y\u00fczden kelebek ask\u0131 makinesi, bir\u00e7ok ki\u015finin be\u011fendi\u011fi bir \u015fekildir.<\/p>    <h2 class=\"wp-block-heading\">Kelebek tipi ask\u0131 \u00fcr\u00fcn makinesi parametreleri<\/h2>    <figure class=\"wp-block-table\"><table><tbody><tr><td>Model<\/td><td>SL-600<\/td><\/tr><tr><td>Kapasite<\/td><td>50 adet\/saat<\/td><\/tr><tr><td>Galvanizli tel<\/td><td>1,8mm~2,2mm<\/td><\/tr><tr><td>PVC kapl\u0131 tel<\/td><td>2,8mm~3,6mm<\/td><\/tr><tr><td>Motor<\/td><td>2BG<\/td><\/tr><tr><td>Tel besleme stand\u0131<\/td><td>2BG<\/td><\/tr><tr><td>Ask\u0131 boyutu<\/td><td>\u00c7ocuklar i\u00e7in 13-14cm<br>Yeti\u015fkinler i\u00e7in 15-19cm<\/td><\/tr><tr><td>Net a\u011f\u0131rl\u0131k<\/td><td>750kg<\/td><\/tr><tr><td>Makine boyutu<\/td><td>1800*800*1650mm(U*G*Y)<\/td><\/tr><\/tbody><\/table><\/figure>    <h2 class=\"wp-block-heading\" id=\"h-why-can-the-butterfly-type-hanger-product-machine-make-a-variety-of-shapes\">Kelebek tipi ask\u0131 \u00fcr\u00fcn makinesi neden \u00e7e\u015fitli \u015fekiller yapabilir?<\/h2>    <figure class=\"wp-block-image size-full\"><img loading=\"lazy\" decoding=\"async\" width=\"720\" height=\"540\" src=\"https:\/\/hangermachinery.com\/wp-content\/uploads\/2022\/07\/Butterfly-type-hanger-product-machine-4.webp\" alt=\"Kelebek tipi ask\u0131 \u00fcr\u00fcn makinesi\" class=\"wp-image-437\" title=\"\" srcset=\"https:\/\/hangermachinery.com\/wp-content\/uploads\/2022\/07\/Butterfly-type-hanger-product-machine-4.webp 720w, https:\/\/hangermachinery.com\/wp-content\/uploads\/2022\/07\/Butterfly-type-hanger-product-machine-4-300x225.webp 300w\" sizes=\"auto, (max-width: 720px) 100vw, 720px\" \/><figcaption class=\"wp-element-caption\">Kelebek Tipi Ask\u0131 \u00dcr\u00fcn Makinesi<\/figcaption><\/figure>    <p>Kelebek ask\u0131 makinesi, kal\u0131b\u0131 de\u011fi\u015ftirebildi\u011fi i\u00e7in bir\u00e7ok farkl\u0131 \u015fekil yapabilir ve farkl\u0131 kal\u0131plar\u0131n \u00fcretti\u011fi ask\u0131 \u015fekilleri farkl\u0131 olacakt\u0131r. Ayr\u0131ca ask\u0131 boyutu da \u00f6zelle\u015ftirilebilir. \u00c7e\u015fitli \u015fekillerde k\u0131yafet ask\u0131lar\u0131 \u00fcretmek istiyorsan\u0131z, kullan\u0131m i\u00e7in birden fazla kal\u0131p sat\u0131n alabilirsiniz, b\u00f6ylece farkl\u0131 k\u0131yafet ask\u0131lar\u0131 \u00fcretilip m\u00fc\u015fterilere daha fazla se\u00e7enek sunulabilir.<\/p>    <h2 class=\"wp-block-heading\" id=\"h-size-of-the-butterfly-type-hanger-making-machine-to-produce-hangers\">Ask\u0131 \u00fcretmek i\u00e7in kelebek tipi ask\u0131 \u00fcr\u00fcn makinesinin boyutu<\/h2>    <p>Baz\u0131 ask\u0131lar\u0131n farkl\u0131 boyutlarda oldu\u011funu g\u00f6zlemledik, \u00f6zellikle \u00e7ocuklar ve yeti\u015fkinler i\u00e7in, genellikle \u00e7ocuklar i\u00e7in 13-15 numara, yeti\u015fkinler i\u00e7in 16-20 numara ask\u0131lar kullan\u0131l\u0131r. Bu, \u00fcretim s\u0131ras\u0131nda makinede do\u011frudan ayarlanarak \u00fcretilecek ask\u0131lar\u0131n boyutunu kontrol edebilir.<\/p>    <div class=\"wp-block-media-text alignwide is-stacked-on-mobile\"><figure class=\"wp-block-media-text__media\"><img loading=\"lazy\" decoding=\"async\" width=\"720\" height=\"540\" src=\"https:\/\/hangermachinery.com\/wp-content\/uploads\/2022\/07\/Butterfly-type-hanger-product-machine-2.webp\" alt=\"Kelebek tipi ask\u0131 \u00fcr\u00fcn makinesi\" class=\"wp-image-352 size-full\" title=\"\" srcset=\"https:\/\/hangermachinery.com\/wp-content\/uploads\/2022\/07\/Butterfly-type-hanger-product-machine-2.webp 720w, https:\/\/hangermachinery.com\/wp-content\/uploads\/2022\/07\/Butterfly-type-hanger-product-machine-2-300x225.webp 300w\" sizes=\"auto, (max-width: 720px) 100vw, 720px\" \/><\/figure><div class=\"wp-block-media-text__content\"> <p class=\"has-medium-font-size\">Kullan\u0131m\u0131 kolay<\/p> <\/div><\/div>    <div class=\"wp-block-media-text alignwide has-media-on-the-right is-stacked-on-mobile\"><div class=\"wp-block-media-text__content\"> <p class=\"has-medium-font-size\">Y\u00fcksek hassasiyet, \u00fcretilen ask\u0131lar\u0131n boyutlar\u0131 tutarl\u0131d\u0131r<\/p> <\/div><figure class=\"wp-block-media-text__media\"><img loading=\"lazy\" decoding=\"async\" width=\"720\" height=\"540\" src=\"https:\/\/hangermachinery.com\/wp-content\/uploads\/2022\/07\/Butterfly-type-hanger-product-machine-3.webp\" alt=\"Kelebek tipi ask\u0131 \u00fcr\u00fcn makinesi\" class=\"wp-image-353 size-full\" title=\"\" srcset=\"https:\/\/hangermachinery.com\/wp-content\/uploads\/2022\/07\/Butterfly-type-hanger-product-machine-3.webp 720w, https:\/\/hangermachinery.com\/wp-content\/uploads\/2022\/07\/Butterfly-type-hanger-product-machine-3-300x225.webp 300w\" sizes=\"auto, (max-width: 720px) 100vw, 720px\" \/><\/figure><\/div>    <div class=\"wp-block-media-text alignwide is-stacked-on-mobile\"><figure class=\"wp-block-media-text__media\"><img loading=\"lazy\" decoding=\"async\" width=\"720\" height=\"540\" src=\"https:\/\/hangermachinery.com\/wp-content\/uploads\/2022\/07\/hanger-product-machine-1.webp\" alt=\"Kelebek tipi ask\u0131 \u00fcr\u00fcn makinesi\" class=\"wp-image-354 size-full\" title=\"\" srcset=\"https:\/\/hangermachinery.com\/wp-content\/uploads\/2022\/07\/hanger-product-machine-1.webp 720w, https:\/\/hangermachinery.com\/wp-content\/uploads\/2022\/07\/hanger-product-machine-1-300x225.webp 300w\" sizes=\"auto, (max-width: 720px) 100vw, 720px\" \/><\/figure><div class=\"wp-block-media-text__content\"> <p class=\"has-medium-font-size\">Y\u00fcksek de\u011fere sahip g\u00fc\u00e7l\u00fc ve dayan\u0131kl\u0131 \u00fcr\u00fcn<\/p> <\/div><\/div>    <h2 class=\"wp-block-heading\" id=\"h-what-are-the-advantages-of-metal-hangers-compared-with-other-hangers\">Metal ask\u0131lar\u0131n di\u011fer ask\u0131lara g\u00f6re avantajlar\u0131 nelerdir<\/h2>    <figure class=\"wp-block-image size-full\"><img loading=\"lazy\" decoding=\"async\" width=\"720\" height=\"540\" src=\"https:\/\/hangermachinery.com\/wp-content\/uploads\/2022\/07\/0.56-1.webp\" alt=\" metal ask\u0131lar \" class=\"wp-image-355\" title=\"\" srcset=\"https:\/\/hangermachinery.com\/wp-content\/uploads\/2022\/07\/0.56-1.webp 720w, https:\/\/hangermachinery.com\/wp-content\/uploads\/2022\/07\/0.56-1-300x225.webp 300w\" sizes=\"auto, (max-width: 720px) 100vw, 720px\" \/><figcaption class=\"wp-element-caption\"> Metal Ask\u0131lar <\/figcaption><\/figure>    <ul class=\"wp-block-list\"> <li>Ucuz ve dayan\u0131kl\u0131<\/li>    <li>\u00dcretimi nispeten kolay, seri \u00fcretime uygun;<\/li>    <li>\u00c7o\u011funlukla telden yap\u0131l\u0131r, hafif ve kullan\u0131\u015fl\u0131d\u0131r, ev kullan\u0131m\u0131 i\u00e7in \u00e7ok uygundur;<\/li>    <li>Zarif g\u00f6r\u00fcn\u00fc\u015f, \u00e7e\u015fitli renkler<\/li>    <li>Paslanmaz \u00e7elik \u00fcr\u00fcnler uzun \u00f6m\u00fcrl\u00fcd\u00fcr;<\/li>    <li>Metal hammaddeler bir dereceye kadar geri d\u00f6n\u00fc\u015ft\u00fcr\u00fclebilir<\/li> <\/ul>                <div class=\"wp-block-shuliy-wp-blocks-latest-posts has-2-columns\">                             <div class=\"shuliy-wp-blocks-latest-posts-item\">                     <a href=\"https:\/\/hangermachinery.com\/tr\/product\/cloth-hanger-machine\/\" target=\"_blank\">                         <img class=\"shuliy-wp-blocks-latest-posts-item__featured-image\" src=\"https:\/\/hangermachinery.com\/wp-content\/uploads\/2023\/06\/cloths-hanger-machine-for-sale.webp\" alt=\"\" \/>                     <\/a>                      <h2 class=\"shuliy-wp-blocks-latest-posts-item__title\">                         <a href=\"https:\/\/hangermachinery.com\/tr\/product\/cloth-hanger-machine\/\" target=\"_blank\">                             K\u0131yafet Ask\u0131s\u0131 Makinesi                        <\/a>                     <\/h2>                 <\/div>                             <div class=\"shuliy-wp-blocks-latest-posts-item\">                     <a href=\"https:\/\/hangermachinery.com\/tr\/product\/raw-galvanized-wire\/\" target=\"_blank\">                         <img class=\"shuliy-wp-blocks-latest-posts-item__featured-image\" src=\"https:\/\/hangermachinery.com\/wp-content\/uploads\/2023\/01\/galvanized-wire-for-making-clothes-hangers.jpg\" alt=\"\" \/>                     <\/a>                      <h2 class=\"shuliy-wp-blocks-latest-posts-item__title\">                         <a href=\"https:\/\/hangermachinery.com\/tr\/product\/raw-galvanized-wire\/\" target=\"_blank\">                             K\u0131yafet ask\u0131s\u0131 yapmak i\u00e7in ham galvanizli tel                        <\/a>                     <\/h2>                 <\/div>                             <div class=\"shuliy-wp-blocks-latest-posts-item\">                     <a href=\"https:\/\/hangermachinery.com\/tr\/product\/butterfly-type-hanger-product-machine\/\" target=\"_blank\">                         <img class=\"shuliy-wp-blocks-latest-posts-item__featured-image\" src=\"https:\/\/hangermachinery.com\/wp-content\/uploads\/2022\/07\/Butterfly-type-hanger-product-machine.webp\" alt=\"\" \/>                     <\/a>                      <h2 class=\"shuliy-wp-blocks-latest-posts-item__title\">                         <a href=\"https:\/\/hangermachinery.com\/tr\/product\/butterfly-type-hanger-product-machine\/\" target=\"_blank\">                             Kelebek tipi ask\u0131 \u00fcr\u00fcn makinesi | ask\u0131 makinesi                        <\/a>                     <\/h2>                 <\/div>                             <div class=\"shuliy-wp-blocks-latest-posts-item\">                     <a href=\"https:\/\/hangermachinery.com\/tr\/product\/welding-wire-hanger-making-machine\/\" target=\"_blank\">                         <img class=\"shuliy-wp-blocks-latest-posts-item__featured-image\" src=\"https:\/\/hangermachinery.com\/wp-content\/uploads\/2022\/07\/Welding-wire-hanger-making-machine.webp\" alt=\"\" \/>                     <\/a>                      <h2 class=\"shuliy-wp-blocks-latest-posts-item__title\">                         <a href=\"https:\/\/hangermachinery.com\/tr\/product\/welding-wire-hanger-making-machine\/\" target=\"_blank\">                             Kaynakl\u0131 tel ask\u0131 yapma makinesi | metal ask\u0131 makinesi                        <\/a>                     <\/h2>                 <\/div>                             <div class=\"shuliy-wp-blocks-latest-posts-item\">                     <a href=\"https:\/\/hangermachinery.com\/tr\/product\/coat-hanger-making-machine\/\" target=\"_blank\">                         <img class=\"shuliy-wp-blocks-latest-posts-item__featured-image\" src=\"https:\/\/hangermachinery.com\/wp-content\/uploads\/2022\/07\/Coat-Hanger-Making-Machine.webp\" alt=\"\" \/>                     <\/a>                      <h2 class=\"shuliy-wp-blocks-latest-posts-item__title\">                         <a href=\"https:\/\/hangermachinery.com\/tr\/product\/coat-hanger-making-machine\/\" target=\"_blank\">                             Ceket ask\u0131s\u0131 yap\u0131m makinesi | ask\u0131 \u00fcretim makinesi                        <\/a>                     <\/h2>                 <\/div>                     <\/div>","protected":false},"excerpt":{"rendered":"<p>Kelebek tip ask\u0131 \u00fcretim makinesi, ask\u0131 \u00fcretmek i\u00e7in kullan\u0131lan bir makinedir. <\/p>","protected":false},"author":1,"featured_media":348,"parent":0,"template":"","tags":[29,30],"product-type":[11,18],"class_list":["post-132","product","type-product","status-publish","has-post-thumbnail","hentry","tag-hanger","tag-hanger-product-machine","product-type-product","product-type-butterfly-type-hanger-product-machine"],"_links":{"self":[{"href":"https:\/\/hangermachinery.com\/tr\/wp-json\/wp\/v2\/product\/132","targetHints":{"allow":["GET"]}}],"collection":[{"href":"https:\/\/hangermachinery.com\/tr\/wp-json\/wp\/v2\/product"}],"about":[{"href":"https:\/\/hangermachinery.com\/tr\/wp-json\/wp\/v2\/types\/product"}],"author":[{"embeddable":true,"href":"https:\/\/hangermachinery.com\/tr\/wp-json\/wp\/v2\/users\/1"}],"wp:featuredmedia":[{"embeddable":true,"href":"https:\/\/hangermachinery.com\/tr\/wp-json\/wp\/v2\/media\/348"}],"wp:attachment":[{"href":"https:\/\/hangermachinery.com\/tr\/wp-json\/wp\/v2\/media?parent=132"}],"wp:term":[{"taxonomy":"post_tag","embeddable":true,"href":"https:\/\/hangermachinery.com\/tr\/wp-json\/wp\/v2\/tags?post=132"},{"taxonomy":"product-type","embeddable":true,"href":"https:\/\/hangermachinery.com\/tr\/wp-json\/wp\/v2\/product-type?post=132"}],"curies":[{"name":"wp","href":"https:\/\/api.w.org\/{rel}","templated":true}]}}