{"id":559,"date":"2023-01-04T14:06:04","date_gmt":"2023-01-04T06:06:04","guid":{"rendered":"https:\/\/hangermachinery.com\/?post_type=product&#038;p=559"},"modified":"2023-01-04T14:06:05","modified_gmt":"2023-01-04T06:06:05","slug":"raw-galvanized-wire","status":"publish","type":"product","link":"https:\/\/hangermachinery.com\/tr\/product\/raw-galvanized-wire\/","title":{"rendered":"K\u0131yafet ask\u0131s\u0131 yapmak i\u00e7in ham galvanizli tel"},"content":{"rendered":"<p class=\"translation-block\">Galvanizli tel, <a href=\"https:\/\/hangermachinery.com\/tr\/product\/pvc-coated-wire-hanger-production-line\/\" data-type=\"URL\" data-id=\"https:\/\/hangermachinery.com\/product\/pvc-coated-wire-hanger-production-line\/\">k\u0131yafet ask\u0131lar\u0131<\/a> yap\u0131m\u0131nda kullan\u0131lan hammaddelerden biridir. Galvanizli \u00e7elik tel korozyona dayan\u0131kl\u0131d\u0131r, kaliteli ve y\u00fczeyi parlakt\u0131r, k\u0131yafet ask\u0131lar\u0131n\u0131n i\u015flenmesi i\u00e7in \u00e7ok uygundur. K\u0131yafet ask\u0131lar\u0131 satman\u0131n yan\u0131 s\u0131ra, shuliy ayr\u0131ca k\u0131yafet ask\u0131s\u0131 hammaddesi olan galvanizli \u00e7elik teli de ihra\u00e7 etmektedir.<\/p>   <div class=\"wp-block-image\"> <figure class=\"aligncenter size-full\"><img loading=\"lazy\" decoding=\"async\" width=\"720\" height=\"540\" src=\"https:\/\/hangermachinery.com\/wp-content\/uploads\/2023\/01\/galvanized-wire-1.jpg\" alt=\"galvanizli tel\" class=\"wp-image-573\" title=\"\" srcset=\"https:\/\/hangermachinery.com\/wp-content\/uploads\/2023\/01\/galvanized-wire-1.jpg 720w, https:\/\/hangermachinery.com\/wp-content\/uploads\/2023\/01\/galvanized-wire-1-300x225.jpg 300w\" sizes=\"auto, (max-width: 720px) 100vw, 720px\" \/><figcaption class=\"wp-element-caption\">galvanizli tel<\/figcaption><\/figure> <\/div>   <h2 class=\"wp-block-heading\">Ask\u0131 yapmak i\u00e7in galvanizli \u00e7elik tel tan\u0131t\u0131m\u0131<\/h2>    <p class=\"translation-block\">Ask\u0131 yapmak i\u00e7in galvanizli \u00e7elik tel vazge\u00e7ilmezdir. Bu parlak galvanizli telin yayg\u0131n tel \u00e7ap\u0131 genellikle 1.8-2.5mm'dir. Galvanizli telin sat\u0131\u015f birimi tondur, genellikle be\u015f tondur. Galvanizli tel genellikle in\u015faat ba\u011flama, ambalajlama, filtre elekleri, el sanatlar\u0131, <a href=\"https:\/\/www.urbandictionary.com\/define.php?term=hookup\" data-type=\"URL\" data-id=\"https:\/\/www.urbandictionary.com\/define.php?term=hookup\" target=\"_blank\" rel=\"noopener\">kancalar<\/a> vb. i\u015flerde kullan\u0131l\u0131r.<\/p>    <figure class=\"wp-block-gallery has-nested-images columns-default is-cropped wp-block-gallery-2 is-layout-flex wp-block-gallery-is-layout-flex\"> <figure class=\"wp-block-image size-large\"><img loading=\"lazy\" decoding=\"async\" width=\"720\" height=\"540\" data-id=\"568\" src=\"https:\/\/hangermachinery.com\/wp-content\/uploads\/2023\/01\/animal-cage.jpg\" alt=\"hayvan kafesi\" class=\"wp-image-568\" title=\"\" srcset=\"https:\/\/hangermachinery.com\/wp-content\/uploads\/2023\/01\/animal-cage.jpg 720w, https:\/\/hangermachinery.com\/wp-content\/uploads\/2023\/01\/animal-cage-300x225.jpg 300w\" sizes=\"auto, (max-width: 720px) 100vw, 720px\" \/><figcaption class=\"wp-element-caption\">Hayvan Kafesi<\/figcaption><\/figure>    <figure class=\"wp-block-image size-large\"><img loading=\"lazy\" decoding=\"async\" width=\"720\" height=\"540\" data-id=\"567\" src=\"https:\/\/hangermachinery.com\/wp-content\/uploads\/2023\/01\/for-construction.jpg\" alt=\"in\u015faat i\u00e7in\" class=\"wp-image-567\" title=\"\" srcset=\"https:\/\/hangermachinery.com\/wp-content\/uploads\/2023\/01\/for-construction.jpg 720w, https:\/\/hangermachinery.com\/wp-content\/uploads\/2023\/01\/for-construction-300x225.jpg 300w\" sizes=\"auto, (max-width: 720px) 100vw, 720px\" \/><figcaption class=\"wp-element-caption\">\u0130n\u015faat i\u00e7in<\/figcaption><\/figure>    <figure class=\"wp-block-image size-large\"><img loading=\"lazy\" decoding=\"async\" width=\"720\" height=\"540\" data-id=\"566\" src=\"https:\/\/hangermachinery.com\/wp-content\/uploads\/2023\/01\/hook-up-1.jpg\" alt=\"kanca\" class=\"wp-image-566\" title=\"\" srcset=\"https:\/\/hangermachinery.com\/wp-content\/uploads\/2023\/01\/hook-up-1.jpg 720w, https:\/\/hangermachinery.com\/wp-content\/uploads\/2023\/01\/hook-up-1-300x225.jpg 300w\" sizes=\"auto, (max-width: 720px) 100vw, 720px\" \/><figcaption class=\"wp-element-caption\">Kanca Ba\u011flant\u0131s\u0131<\/figcaption><\/figure>    <figure class=\"wp-block-image size-large\"><img loading=\"lazy\" decoding=\"async\" width=\"720\" height=\"540\" data-id=\"565\" src=\"https:\/\/hangermachinery.com\/wp-content\/uploads\/2023\/01\/hook-up.jpg\" alt=\"kanca\" class=\"wp-image-565\" title=\"\" srcset=\"https:\/\/hangermachinery.com\/wp-content\/uploads\/2023\/01\/hook-up.jpg 720w, https:\/\/hangermachinery.com\/wp-content\/uploads\/2023\/01\/hook-up-300x225.jpg 300w\" sizes=\"auto, (max-width: 720px) 100vw, 720px\" \/><figcaption class=\"wp-element-caption\">Kanca Ba\u011flant\u0131s\u0131<\/figcaption><\/figure>    <figure class=\"wp-block-image size-large\"><img loading=\"lazy\" decoding=\"async\" width=\"720\" height=\"540\" data-id=\"564\" src=\"https:\/\/hangermachinery.com\/wp-content\/uploads\/2023\/01\/fence.jpg\" alt=\"\u00e7it\" class=\"wp-image-564\" title=\"\" srcset=\"https:\/\/hangermachinery.com\/wp-content\/uploads\/2023\/01\/fence.jpg 720w, https:\/\/hangermachinery.com\/wp-content\/uploads\/2023\/01\/fence-300x225.jpg 300w\" sizes=\"auto, (max-width: 720px) 100vw, 720px\" \/><figcaption class=\"wp-element-caption\">\u00c7it<\/figcaption><\/figure>    <figure class=\"wp-block-image size-large\"><img loading=\"lazy\" decoding=\"async\" width=\"720\" height=\"540\" data-id=\"563\" src=\"https:\/\/hangermachinery.com\/wp-content\/uploads\/2023\/01\/hangre.jpg\" alt=\"ask\u0131\" class=\"wp-image-563\" title=\"\" srcset=\"https:\/\/hangermachinery.com\/wp-content\/uploads\/2023\/01\/hangre.jpg 720w, https:\/\/hangermachinery.com\/wp-content\/uploads\/2023\/01\/hangre-300x225.jpg 300w\" sizes=\"auto, (max-width: 720px) 100vw, 720px\" \/><figcaption class=\"wp-element-caption\">Hangr<\/figcaption><\/figure> <\/figure>    <h2 class=\"wp-block-heading\">Galvanizli tel \u00e7ap\u0131 nas\u0131l se\u00e7ilir?<\/h2>    <h3 class=\"wp-block-heading\">Ask\u0131 deste\u011fini d\u00fc\u015f\u00fcn\u00fcn<\/h3>    <p>Birincisi, ask\u0131n\u0131n ta\u015f\u0131ma g\u00fcc\u00fcn\u00fc d\u00fc\u015f\u00fcnmektir. Ask\u0131ya as\u0131l\u0131 kuruyan k\u0131yafetlerin a\u011f\u0131rl\u0131\u011f\u0131 nispeten hafif olsa da, kal\u0131n k\u0131yafetler i\u00e7in yine de belli bir a\u011f\u0131rl\u0131\u011f\u0131 vard\u0131r, bu nedenle belli bir ta\u015f\u0131ma g\u00fcc\u00fc gereklidir.<\/p>   <div class=\"wp-block-image\"> <figure class=\"aligncenter size-full\"><img loading=\"lazy\" decoding=\"async\" width=\"720\" height=\"540\" src=\"https:\/\/hangermachinery.com\/wp-content\/uploads\/2023\/01\/galvanized-steel-wire-hangers.jpg\" alt=\"galvanizli \u00e7elik tel ask\u0131lar\" class=\"wp-image-572\" title=\"\" srcset=\"https:\/\/hangermachinery.com\/wp-content\/uploads\/2023\/01\/galvanized-steel-wire-hangers.jpg 720w, https:\/\/hangermachinery.com\/wp-content\/uploads\/2023\/01\/galvanized-steel-wire-hangers-300x225.jpg 300w\" sizes=\"auto, (max-width: 720px) 100vw, 720px\" \/><figcaption class=\"wp-element-caption\">galvanizli \u00e7elik tel ask\u0131lar<\/figcaption><\/figure> <\/div>   <h3 class=\"wp-block-heading\">Maliyeti d\u00fc\u015f\u00fcn\u00fcn<\/h3>    <p>\u0130kinci olarak, galvanizli \u00e7elik telin maliyetini g\u00f6z \u00f6n\u00fcnde bulundurmal\u0131y\u0131z. Bu t\u00fcr tek kullan\u0131ml\u0131k ask\u0131, esasen kuru temizleme, otellerde kullan\u0131l\u0131r ve k\u0131yafetler y\u0131kand\u0131ktan sonra do\u011frudan m\u00fc\u015fteriye ba\u011f\u0131\u015flan\u0131r. Bu nedenle, ask\u0131n\u0131n maliyeti dikkate al\u0131nmal\u0131 ve \u00e7ok kal\u0131n galvanizli tel kullan\u0131lmamal\u0131d\u0131r.<br>Bilinen \u015fey. Galvanizli \u00e7elik tel tonla sat\u0131l\u0131r, bu nedenle tel \u00e7ap\u0131 ne kadar kal\u0131nsa ve uzunluk ne kadar k\u0131sa olursa, o kadar az ask\u0131 \u00fcretilir, bu nedenle 1.8-2.5mm yayg\u0131n olarak kullan\u0131lan galvanizli \u00e7elik tel \u00e7ap\u0131d\u0131r.<\/p>    <h2 class=\"wp-block-heading\">Ask\u0131lar nas\u0131l yap\u0131l\u0131r<\/h2>    <p class=\"translation-block\"><a href=\"https:\/\/hangermachinery.com\/tr\/product\/plastic-coated-hanger-production-line\/\">Ask\u0131 \u00fcretim s\u00fcreci<\/a> nispeten basittir. Ask\u0131 \u00fcretiminin ana ham maddesi galvanizli teldir ve makine i\u015flemeyle \u015fekillendirilebilir. Bu durumda, k\u0131yafet ask\u0131lar\u0131 bir\u00e7ok m\u00fc\u015fteri ve t\u00fcketicinin ihtiya\u00e7lar\u0131n\u0131 kar\u015f\u0131lam\u0131\u015f olur ve bu t\u00fcr k\u0131yafet ask\u0131lar\u0131 ekonomiklikleri nedeniyle \u00e7ok pop\u00fclerdir.<\/p>    <figure class=\"wp-block-gallery has-nested-images columns-default is-cropped wp-block-gallery-3 is-layout-flex wp-block-gallery-is-layout-flex\"> <figure class=\"wp-block-image size-large\"><img loading=\"lazy\" decoding=\"async\" width=\"720\" height=\"540\" data-id=\"569\" src=\"https:\/\/hangermachinery.com\/wp-content\/uploads\/2023\/01\/galvanized-wire.jpg\" alt=\"galvanizli tel\" class=\"wp-image-569\" title=\"\" srcset=\"https:\/\/hangermachinery.com\/wp-content\/uploads\/2023\/01\/galvanized-wire.jpg 720w, https:\/\/hangermachinery.com\/wp-content\/uploads\/2023\/01\/galvanized-wire-300x225.jpg 300w\" sizes=\"auto, (max-width: 720px) 100vw, 720px\" \/><figcaption><\/figcaption><\/figure>    <figure class=\"wp-block-image size-large\"><img loading=\"lazy\" decoding=\"async\" width=\"720\" height=\"540\" data-id=\"570\" src=\"https:\/\/hangermachinery.com\/wp-content\/uploads\/2023\/01\/hangers.jpg\" alt=\"ask\u0131lar\" class=\"wp-image-570\" title=\"\" srcset=\"https:\/\/hangermachinery.com\/wp-content\/uploads\/2023\/01\/hangers.jpg 720w, https:\/\/hangermachinery.com\/wp-content\/uploads\/2023\/01\/hangers-300x225.jpg 300w\" sizes=\"auto, (max-width: 720px) 100vw, 720px\" \/><figcaption class=\"wp-element-caption\">Ask\u0131lar<\/figcaption><\/figure> <\/figure>    <p>Do\u011frudan sat\u0131\u015f\u0131n yan\u0131 s\u0131ra, ask\u0131lar kaplan\u0131p sonra kurutulabilir. Bu durumda ask\u0131lar \u00e7e\u015fitli renklerle spreylenebilir, b\u00f6ylece daha g\u00fczel g\u00f6r\u00fcn\u00fcr ve kaplaman\u0131n korumas\u0131 ile daha dayan\u0131kl\u0131 hale gelirler.<\/p>    <h2 class=\"wp-block-heading\">Galvanizli \u00e7elik telin avantajlar\u0131 <\/h2>    <p>Uzun s\u00fcre kullanmak kolayca i\u015flenmez<br>Parlak y\u00fczey, p\u00fcr\u00fczs\u00fcz ve g\u00fczel g\u00f6r\u00fcn\u00fcm<br>Standart \u00e7inko tabakas\u0131 ve stabil yap\u0131<br>Galvanizli \u00e7elik tel \u00e7ap\u0131 hatas\u0131 k\u00fc\u00e7\u00fckt\u00fcr, \u00fcretim birle\u015ftirilmi\u015f ve s\u0131k\u0131 kontrol alt\u0131ndad\u0131r<\/p>    <h2 class=\"wp-block-heading\">Galvanizli tel m\u00fc\u015fteri ba\u015far\u0131 hikayeleri hakk\u0131nda<\/h2>   <div class=\"wp-block-image\"> <figure class=\"aligncenter size-full\"><img loading=\"lazy\" decoding=\"async\" width=\"720\" height=\"540\" src=\"https:\/\/hangermachinery.com\/wp-content\/uploads\/2023\/01\/galvanized-steel-wire-factory-1.jpg\" alt=\"galvanizli \u00e7elik tel fabrikas\u0131\" class=\"wp-image-571\" title=\"\" srcset=\"https:\/\/hangermachinery.com\/wp-content\/uploads\/2023\/01\/galvanized-steel-wire-factory-1.jpg 720w, https:\/\/hangermachinery.com\/wp-content\/uploads\/2023\/01\/galvanized-steel-wire-factory-1-300x225.jpg 300w\" sizes=\"auto, (max-width: 720px) 100vw, 720px\" \/><figcaption class=\"wp-element-caption\">galvanizli \u00e7elik tel <\/figcaption><\/figure> <\/div>   <p class=\"translation-block\"><a href=\"https:\/\/hangermachinery.com\/tr\/product\/galvanized-wire-hanger-machine\/\" data-type=\"URL\" data-id=\"https:\/\/hangermachinery.com\/product\/galvanized-wire-hanger-machine\/\">k\u0131yafet ask\u0131lar\u0131<\/a> ve 8 ton galvanizli \u00e7elik tel hammaddesini Birle\u015fik Arap Emirlikleri'ne ihra\u00e7 ettik. Yerel galvanizli \u00e7elik tel fiyatlar\u0131 ve ithal galvanizli tel fiyatlar\u0131 gibi fakt\u00f6rler g\u00f6z \u00f6n\u00fcne al\u0131nd\u0131\u011f\u0131nda, m\u00fc\u015fteri k\u0131yafet ask\u0131s\u0131 sat\u0131n al\u0131rken galvanizli \u00e7elik tel hammaddesini do\u011frudan sipari\u015f etti. B\u00f6ylece m\u00fc\u015fteriler ask\u0131 makinesini ve galvanizli teli birlikte sevk edebilir, bu da navlunu tasarruf ettirir ve maliyetleri azalt\u0131r.<\/p>","protected":false},"excerpt":{"rendered":"<p>Galvanized wire is one of the raw materials for making clothes hangers. Galvanized steel wire is anti-corrosion, of good quality and bright on the surface, and very suitable for processing clothes hangers. In addition to selling clothes hangers, shuliy also exports galvanized steel wire, which is the raw material for making clothes hangers. Introduction of [&hellip;]<\/p>\n","protected":false},"author":1,"featured_media":560,"parent":0,"template":"","tags":[],"product-type":[11],"class_list":["post-559","product","type-product","status-publish","has-post-thumbnail","hentry","product-type-product"],"_links":{"self":[{"href":"https:\/\/hangermachinery.com\/tr\/wp-json\/wp\/v2\/product\/559","targetHints":{"allow":["GET"]}}],"collection":[{"href":"https:\/\/hangermachinery.com\/tr\/wp-json\/wp\/v2\/product"}],"about":[{"href":"https:\/\/hangermachinery.com\/tr\/wp-json\/wp\/v2\/types\/product"}],"author":[{"embeddable":true,"href":"https:\/\/hangermachinery.com\/tr\/wp-json\/wp\/v2\/users\/1"}],"wp:featuredmedia":[{"embeddable":true,"href":"https:\/\/hangermachinery.com\/tr\/wp-json\/wp\/v2\/media\/560"}],"wp:attachment":[{"href":"https:\/\/hangermachinery.com\/tr\/wp-json\/wp\/v2\/media?parent=559"}],"wp:term":[{"taxonomy":"post_tag","embeddable":true,"href":"https:\/\/hangermachinery.com\/tr\/wp-json\/wp\/v2\/tags?post=559"},{"taxonomy":"product-type","embeddable":true,"href":"https:\/\/hangermachinery.com\/tr\/wp-json\/wp\/v2\/product-type?post=559"}],"curies":[{"name":"wp","href":"https:\/\/api.w.org\/{rel}","templated":true}]}}