{"id":640,"date":"2023-06-29T15:28:45","date_gmt":"2023-06-29T07:28:45","guid":{"rendered":"https:\/\/hangermachinery.com\/?post_type=product&#038;p=640"},"modified":"2026-01-13T14:27:01","modified_gmt":"2026-01-13T06:27:01","slug":"cloth-hanger-machine","status":"publish","type":"product","link":"https:\/\/hangermachinery.com\/tr\/product\/cloth-hanger-machine\/","title":{"rendered":"K\u0131yafet Ask\u0131s\u0131 Makinesi"},"content":{"rendered":"<p>Elbise ask\u0131s\u0131 makinesi, elbise ask\u0131lar\u0131 \u00fcretim s\u00fcrecini otomatikle\u015ftirmek i\u00e7in tasarlanm\u0131\u015f \u00f6zel bir ekipmand\u0131r. B\u00fcy\u00fck miktarlarda ask\u0131 \u00fcreten \u00fcretim tesislerinde ve sekt\u00f6rlerde kullan\u0131l\u0131r.<\/p>    <p class=\"translation-block\">Elbise ask\u0131s\u0131 makineleri genellikle birden \u00e7ok i\u015flev ve yetene\u011fe sahiptir. Kesme, \u015fekillendirme, b\u00fckme ve farkl\u0131 malzemeleri monte etme gibi \u00e7e\u015fitli g\u00f6revleri yerine getirebilirler ve \u00fcreticinin \u00f6zel gereksinim ve tercihleri do\u011frultusunda plastik ve <a href=\"https:\/\/en.wikipedia.org\/wiki\/Metal\" target=\"_blank\" rel=\"noopener\">metal<\/a> dahil olmak \u00fczere \u00e7e\u015fitli malzeme t\u00fcrlerini i\u015flemek \u00fczere tasarlanm\u0131\u015flard\u0131r.<\/p>    <p class=\"translation-block\">Makineler, do\u011fru ve tutarl\u0131 \u00fcretimi sa\u011flamak i\u00e7in hassas mekanizmalar ve kontrol sistemleriyle donat\u0131lm\u0131\u015ft\u0131r. M\u00fc\u015fteri taleplerini kar\u015f\u0131lamak i\u00e7in farkl\u0131 boyut, \u015fekil ve tasar\u0131mlarda ask\u0131lar \u00fcretebilirler. <a href=\"https:\/\/hangermachinery.com\/tr\/products\/galvanized-wire-hanger-machine\/\">elise ask\u0131s\u0131 yapma makineleri<\/a>nin sa\u011flad\u0131\u011f\u0131 otomasyon \u00fcretim verimlili\u011fini \u00f6nemli \u00f6l\u00e7\u00fcde art\u0131r\u0131r, i\u015f\u00e7ilik maliyetlerini d\u00fc\u015f\u00fcr\u00fcr ve genel verimlili\u011fi iyile\u015ftirir.<\/p>   <div class=\"wp-block-image\"> <figure class=\"aligncenter size-full\"><img loading=\"lazy\" decoding=\"async\" width=\"1560\" height=\"877\" src=\"https:\/\/hangermachinery.com\/wp-content\/uploads\/2023\/03\/hanger-forming-machine.webp\" alt=\"elise ask\u0131s\u0131 makinesi\" class=\"wp-image-614\" title=\"\" srcset=\"https:\/\/hangermachinery.com\/wp-content\/uploads\/2023\/03\/hanger-forming-machine.webp 1560w, https:\/\/hangermachinery.com\/wp-content\/uploads\/2023\/03\/hanger-forming-machine-300x169.webp 300w, https:\/\/hangermachinery.com\/wp-content\/uploads\/2023\/03\/hanger-forming-machine-1024x576.webp 1024w, https:\/\/hangermachinery.com\/wp-content\/uploads\/2023\/03\/hanger-forming-machine-768x432.webp 768w, https:\/\/hangermachinery.com\/wp-content\/uploads\/2023\/03\/hanger-forming-machine-1536x864.webp 1536w\" sizes=\"auto, (max-width: 1560px) 100vw, 1560px\" \/><figcaption class=\"wp-element-caption\">elise ask\u0131s\u0131 makinesi<\/figcaption><\/figure> <\/div>   <h2 class=\"wp-block-heading\">Neden Ask\u0131 Sekt\u00f6r\u00fcnde Yer Almal\u0131s\u0131n\u0131z?<\/h2>    <p>G\u00fcn\u00fcm\u00fcz\u00fcn h\u0131zl\u0131 tempolu d\u00fcnyas\u0131nda, giysi end\u00fcstrisi geli\u015firken elbise ask\u0131lar\u0131na olan talep artmaya devam ediyor. Bu artan talebi verimli bir \u015fekilde kar\u015f\u0131lamak i\u00e7in \u00fcreticiler, elbise ask\u0131s\u0131 makineleri gibi geli\u015fmi\u015f teknolojilere y\u00f6nelmi\u015ftir. Bu otomatik sistemler \u00fcretim s\u00fcrecini devrim niteli\u011finde de\u011fi\u015ftirerek daha h\u0131zl\u0131 ve daha maliyet etkin \u00fcretime olanak sa\u011flam\u0131\u015ft\u0131r. Bu makalede, elbise ask\u0131s\u0131 makinelerinin faydalar\u0131n\u0131 ve \u00f6zelliklerini inceleyecek ve vurgulayaca\u011f\u0131z.<\/p>    <h2 class=\"wp-block-heading\">Elbise Ask\u0131lar\u0131n\u0131n \u00d6nemi<\/h2>    <p>Elbise ask\u0131lar\u0131 g\u00fcnl\u00fck ya\u015fam\u0131m\u0131z\u0131n vazge\u00e7ilmez bir par\u00e7as\u0131d\u0131r. Giysilerimizi d\u00fczenlememize ve durumlar\u0131n\u0131 korumam\u0131za yard\u0131mc\u0131 olur, k\u0131r\u0131\u015f\u0131kl\u0131klar\u0131 \u00f6nler ve kolay eri\u015fim sa\u011flar. Moda ve perakende sekt\u00f6rlerinin k\u00fcresel b\u00fcy\u00fcmesiyle birlikte, verimli elbise ask\u0131s\u0131 \u00fcretimi ihtiyac\u0131 kritik hale gelmi\u015ftir.<\/p>   <div class=\"wp-block-image\"> <figure class=\"aligncenter size-full\"><img loading=\"lazy\" decoding=\"async\" width=\"720\" height=\"540\" src=\"https:\/\/hangermachinery.com\/wp-content\/uploads\/2023\/01\/hangers.jpg\" alt=\"ask\u0131lar\" class=\"wp-image-570\" title=\"\" srcset=\"https:\/\/hangermachinery.com\/wp-content\/uploads\/2023\/01\/hangers.jpg 720w, https:\/\/hangermachinery.com\/wp-content\/uploads\/2023\/01\/hangers-300x225.jpg 300w\" sizes=\"auto, (max-width: 720px) 100vw, 720px\" \/><figcaption class=\"wp-element-caption\">ask\u0131lar<\/figcaption><\/figure> <\/div>   <h2 class=\"wp-block-heading\">Elbise Ask\u0131s\u0131 Makinesi: En \u0130yi Verimlilik<\/h2>    <p>Bir elbise ask\u0131s\u0131 makinesi \u00fcretim s\u00fcrecini otomatikle\u015ftirir, verimlili\u011fi \u00f6nemli \u00f6l\u00e7\u00fcde art\u0131r\u0131r ve i\u015f\u00e7ilik maliyetlerini d\u00fc\u015f\u00fcr\u00fcr. Bu makineler, plastik, ah\u015fap veya metal gibi \u00e7e\u015fitli malzemeleri i\u015fleyerek b\u00fcy\u00fck miktarlarda y\u00fcksek kaliteli ask\u0131lar \u00fcretmek i\u00e7in tasarlanm\u0131\u015ft\u0131r.<\/p>    <h2 class=\"wp-block-heading\">Elbise Ask\u0131s\u0131 Makinelerinin Temel \u00d6zellikleri<\/h2>    <ul class=\"wp-block-list\"> <li>Hassasiyet ve \u00c7ok Y\u00f6nl\u00fcl\u00fck: Elbise ask\u0131s\u0131 makineleri, \u00fcreticilerin m\u00fc\u015fteri gereksinimlerine g\u00f6re farkl\u0131 boyut, \u015fekil ve tasar\u0131mlarda ask\u0131lar \u00fcretmesine olanak tan\u0131yan hassas kesme, b\u00fckme ve \u015fekillendirme mekanizmalar\u0131yla donat\u0131lm\u0131\u015ft\u0131r.<\/li>    <li>H\u0131z ve Verimlilik: Bu makineler y\u00fcksek h\u0131zlarda \u00e7al\u0131\u015farak kaliteyi d\u00fc\u015f\u00fcrmeden h\u0131zl\u0131 \u00fcretim sa\u011flar. K\u0131sa s\u00fcrede \u00f6nemli say\u0131da ask\u0131 \u00fcretebilirler ve en zorlu \u00fcretim programlar\u0131n\u0131 bile kar\u015f\u0131layabilirler.<\/li>    <li>Kullan\u0131m Kolayl\u0131\u011f\u0131: Elbise ask\u0131s\u0131 makineleri sezgisel aray\u00fczler ve kontroller ile kullan\u0131c\u0131 dostu olacak \u015fekilde tasarlanm\u0131\u015ft\u0131r. Bu, operat\u00f6rlerin makineye h\u0131zla uyum sa\u011flamas\u0131n\u0131 ve \u00fcretim s\u00fcrecini verimli bir \u015fekilde y\u00f6netmesini sa\u011flar.<\/li> <\/ul>   <div class=\"wp-block-image\"> <figure class=\"aligncenter size-full\"><img loading=\"lazy\" decoding=\"async\" width=\"720\" height=\"540\" src=\"https:\/\/hangermachinery.com\/wp-content\/uploads\/2022\/07\/hanger-machine-details-5.webp\" alt=\"ask\u0131 makinesi ayr\u0131nt\u0131lar\u0131\" class=\"wp-image-481\" title=\"\" srcset=\"https:\/\/hangermachinery.com\/wp-content\/uploads\/2022\/07\/hanger-machine-details-5.webp 720w, https:\/\/hangermachinery.com\/wp-content\/uploads\/2022\/07\/hanger-machine-details-5-300x225.webp 300w\" sizes=\"auto, (max-width: 720px) 100vw, 720px\" \/><figcaption class=\"wp-element-caption\">ask\u0131 makinesi ayr\u0131nt\u0131lar\u0131<\/figcaption><\/figure> <\/div>   <h2 class=\"wp-block-heading\">Neden Shuliy Ask\u0131 Makinele\u00adri\u00adni Tercih Etmelisiniz?<\/h2>    <p class=\"translation-block\">Elbise ask\u0131s\u0131 makineleri s\u00f6z konusu oldu\u011funda, <a href=\"https:\/\/hangermachinery.com\/tr\/\">Shuliy Hanger Machinery<\/a> sekt\u00f6rde \u00f6ne \u00e7\u0131kan bir \u015firkettir. Y\u0131llar\u0131n deneyimi ve uzmanl\u0131\u011f\u0131yla, d\u00fcnya \u00e7ap\u0131ndaki \u00fcreticilerin \u00e7e\u015fitli ihtiya\u00e7lar\u0131na hitap eden \u00fcst d\u00fczey ask\u0131 makineleri sunarlar.<\/p>    <p>Makinelerimiz en son teknoloji ve yenilik\u00e7i \u00f6zellikleri i\u00e7ermektedir; y\u00fcksek hassasiyet, dayan\u0131kl\u0131l\u0131k ve g\u00fcvenilirlik sa\u011flar. Shuliy Hanger Machinery ayr\u0131ca kurulum, e\u011fitim ve bak\u0131m hizmetleri sunarak optimal performans ve m\u00fc\u015fteri memnuniyetini garanti eder.<\/p>    <p>E\u011fer elbise ask\u0131s\u0131 makinelerine ihtiyac\u0131n\u0131z varsa, Shuliy Hanger Machinery ile ileti\u015fime ge\u00e7mekten \u00e7ekinmeyin. Adanm\u0131\u015f ekipleri, \u00f6zel gereksinimleriniz i\u00e7in en uygun makineyi se\u00e7menize yard\u0131mc\u0131 olacak ve \u00fcretim hatt\u0131n\u0131za sorunsuz entegrasyon sa\u011flayacakt\u0131r.<\/p>    <figure class=\"wp-block-embed aligncenter is-type-video is-provider-youtube wp-block-embed-youtube wp-embed-aspect-16-9 wp-has-aspect-ratio\"><div class=\"wp-block-embed__wrapper\"> <iframe loading=\"lazy\" title=\"Etkileyici Geri Bildirim: Suudi Arabistan M\u00fc\u015fterisinden Verimli Elbise Ask\u0131s\u0131 Yapma Makinesi \u00c7al\u0131\u015f\u0131rken\" width=\"500\" height=\"281\" src=\"https:\/\/www.youtube.com\/embed\/VOnJuAtLvZY?feature=oembed\" frameborder=\"0\" allow=\"accelerometer; autoplay; clipboard-write; encrypted-media; gyroscope; picture-in-picture; web-share\" referrerpolicy=\"strict-origin-when-cross-origin\" allowfullscreen><\/iframe> <\/div><\/figure>    <h2 class=\"wp-block-heading\">Elbise Ask\u0131s\u0131 Makinelerinin Gelece\u011fi<\/h2>    <p>Elbise ask\u0131lar\u0131na olan talep artmaya devam ettik\u00e7e, otomatik elbise ask\u0131s\u0131 makinelerinin gelece\u011fi umut vericidir. Otomasyon, yapay zeka ve robotik alanlar\u0131ndaki ilerlemeler bu makinelerin verimlili\u011fini ve yeteneklerini daha da art\u0131racak, \u00fcreticilerin artan pazar taleplerini etkin \u015fekilde kar\u015f\u0131lamas\u0131n\u0131 sa\u011flayacakt\u0131r.<\/p>    <p>Elbise ask\u0131s\u0131 makineleri \u00fcretim s\u00fcrecini devrim niteli\u011finde de\u011fi\u015ftirdi; \u00fcreticilere daha h\u0131zl\u0131, daha verimli ve maliyet etkin bir \u00e7\u00f6z\u00fcm sundu. G\u00fcvenilir ve profesyonel bir \u015firket olan Shuliy Hanger Machinery, y\u00fcksek kaliteli ask\u0131 makineleri \u00fcretme konusundaki uzmanl\u0131\u011f\u0131yla sekt\u00f6re liderlik etmektedir. Elbise ask\u0131s\u0131 makineleri ar\u0131yorsan\u0131z, Shuliy Hanger Machinery g\u00fcvenilir orta\u011f\u0131n\u0131zd\u0131r.<\/p>","protected":false},"excerpt":{"rendered":"<p>A cloth hanger machine is a specialized piece of equipment designed to automate the production process of cloth hangers. It is used in manufacturing facilities and industries involved in producing large quantities of hangers. Cloth hanger machines typically have multiple functions and capabilities. They can perform various tasks such as cutting, shaping, bending, and assembling [&hellip;]<\/p>\n","protected":false},"author":1,"featured_media":642,"parent":0,"template":"","tags":[45],"product-type":[16],"class_list":["post-640","product","type-product","status-publish","has-post-thumbnail","hentry","tag-hanger-making-machine","product-type-coat-hanger-making-machine"],"_links":{"self":[{"href":"https:\/\/hangermachinery.com\/tr\/wp-json\/wp\/v2\/product\/640","targetHints":{"allow":["GET"]}}],"collection":[{"href":"https:\/\/hangermachinery.com\/tr\/wp-json\/wp\/v2\/product"}],"about":[{"href":"https:\/\/hangermachinery.com\/tr\/wp-json\/wp\/v2\/types\/product"}],"author":[{"embeddable":true,"href":"https:\/\/hangermachinery.com\/tr\/wp-json\/wp\/v2\/users\/1"}],"wp:featuredmedia":[{"embeddable":true,"href":"https:\/\/hangermachinery.com\/tr\/wp-json\/wp\/v2\/media\/642"}],"wp:attachment":[{"href":"https:\/\/hangermachinery.com\/tr\/wp-json\/wp\/v2\/media?parent=640"}],"wp:term":[{"taxonomy":"post_tag","embeddable":true,"href":"https:\/\/hangermachinery.com\/tr\/wp-json\/wp\/v2\/tags?post=640"},{"taxonomy":"product-type","embeddable":true,"href":"https:\/\/hangermachinery.com\/tr\/wp-json\/wp\/v2\/product-type?post=640"}],"curies":[{"name":"wp","href":"https:\/\/api.w.org\/{rel}","templated":true}]}}