{"id":82,"date":"2022-07-17T15:17:04","date_gmt":"2022-07-17T15:17:04","guid":{"rendered":"https:\/\/hangermachinery.com\/?post_type=product&#038;p=82"},"modified":"2023-03-16T09:25:15","modified_gmt":"2023-03-16T01:25:15","slug":"plastic-coated-hanger-production-line","status":"publish","type":"product","link":"https:\/\/hangermachinery.com\/tr\/product\/plastic-coated-hanger-production-line\/","title":{"rendered":"Plastik kaplamal\u0131 ask\u0131 \u00fcretim hatt\u0131 | k\u0131yafet ask\u0131s\u0131 makinesi"},"content":{"rendered":"<p class=\"translation-block\">Plastik kaplamal\u0131 ask\u0131 \u00fcretim hatt\u0131, elbise ask\u0131s\u0131 \u00fcretmek i\u00e7in kullan\u0131lan ekipmand\u0131r. Hammaddeler \u00e7o\u011funlukla galvanizli tellerdir. Sprey ask\u0131 \u00fcretim hatt\u0131, <a href=\"https:\/\/hangermachinery.com\/tr\/product\/galvanized-wire-hanger-machine\/\">ask\u0131 \u015fekillendirme makinesi<\/a>, sprey makinesi, Sufen geri d\u00f6n\u00fc\u015f\u00fcm makinesi ve kurutucu ile ask\u0131 \u00fcretir. Ask\u0131 \u00fcretiminde hammadde olarak a\u011f\u0131rl\u0131kl\u0131 galvanizli tel kullan\u0131l\u0131r. Plastik kaplamal\u0131 ask\u0131 \u00fcretim hatt\u0131m\u0131z Suudi Arabistan, Avustralya, Meksika, \u0130sve\u00e7, Yemen ve di\u011fer \u00fclkelere sat\u0131lm\u0131\u015ft\u0131r.<\/p>    <figure class=\"wp-block-gallery has-nested-images columns-default is-cropped wp-block-gallery-2 is-layout-flex wp-block-gallery-is-layout-flex\"> <figure class=\"wp-block-image size-large\"><img loading=\"lazy\" decoding=\"async\" width=\"720\" height=\"540\" data-id=\"471\" src=\"https:\/\/hangermachinery.com\/wp-content\/uploads\/2022\/07\/red-hanger.webp\" alt=\"k\u0131rm\u0131z\u0131 ask\u0131\" class=\"wp-image-471\" title=\"\" srcset=\"https:\/\/hangermachinery.com\/wp-content\/uploads\/2022\/07\/red-hanger.webp 720w, https:\/\/hangermachinery.com\/wp-content\/uploads\/2022\/07\/red-hanger-300x225.webp 300w\" sizes=\"auto, (max-width: 720px) 100vw, 720px\" \/><figcaption class=\"wp-element-caption\">K\u0131rm\u0131z\u0131 Ask\u0131<\/figcaption><\/figure>    <figure class=\"wp-block-image size-large\"><img loading=\"lazy\" decoding=\"async\" width=\"720\" height=\"540\" data-id=\"473\" src=\"https:\/\/hangermachinery.com\/wp-content\/uploads\/2022\/07\/cyan-hanger.webp\" alt=\"camg\u00f6be\u011fi ask\u0131\" class=\"wp-image-473\" title=\"\" srcset=\"https:\/\/hangermachinery.com\/wp-content\/uploads\/2022\/07\/cyan-hanger.webp 720w, https:\/\/hangermachinery.com\/wp-content\/uploads\/2022\/07\/cyan-hanger-300x225.webp 300w\" sizes=\"auto, (max-width: 720px) 100vw, 720px\" \/><figcaption class=\"wp-element-caption\">Camg\u00f6be\u011fi Ask\u0131<\/figcaption><\/figure>    <figure class=\"wp-block-image size-large\"><img loading=\"lazy\" decoding=\"async\" width=\"720\" height=\"540\" data-id=\"472\" src=\"https:\/\/hangermachinery.com\/wp-content\/uploads\/2022\/07\/pink-hanger.webp\" alt=\"pembe ask\u0131\" class=\"wp-image-472\" title=\"\" srcset=\"https:\/\/hangermachinery.com\/wp-content\/uploads\/2022\/07\/pink-hanger.webp 720w, https:\/\/hangermachinery.com\/wp-content\/uploads\/2022\/07\/pink-hanger-300x225.webp 300w\" sizes=\"auto, (max-width: 720px) 100vw, 720px\" \/><figcaption class=\"wp-element-caption\">Pembe Ask\u0131<\/figcaption><\/figure>    <figure class=\"wp-block-image size-large\"><img loading=\"lazy\" decoding=\"async\" width=\"720\" height=\"540\" data-id=\"474\" src=\"https:\/\/hangermachinery.com\/wp-content\/uploads\/2022\/07\/blue-white-hanger.webp\" alt=\"mavi beyaz ask\u0131\" class=\"wp-image-474\" title=\"\" srcset=\"https:\/\/hangermachinery.com\/wp-content\/uploads\/2022\/07\/blue-white-hanger.webp 720w, https:\/\/hangermachinery.com\/wp-content\/uploads\/2022\/07\/blue-white-hanger-300x225.webp 300w\" sizes=\"auto, (max-width: 720px) 100vw, 720px\" \/><figcaption class=\"wp-element-caption\">Mavi Beyaz Ask\u0131<\/figcaption><\/figure>    <figure class=\"wp-block-image size-large\"><img loading=\"lazy\" decoding=\"async\" width=\"720\" height=\"540\" data-id=\"476\" src=\"https:\/\/hangermachinery.com\/wp-content\/uploads\/2022\/07\/yellow-hanger.webp\" alt=\"sar\u0131 ask\u0131\" class=\"wp-image-476\" title=\"\" srcset=\"https:\/\/hangermachinery.com\/wp-content\/uploads\/2022\/07\/yellow-hanger.webp 720w, https:\/\/hangermachinery.com\/wp-content\/uploads\/2022\/07\/yellow-hanger-300x225.webp 300w\" sizes=\"auto, (max-width: 720px) 100vw, 720px\" \/><figcaption class=\"wp-element-caption\">Sar\u0131 Ask\u0131<\/figcaption><\/figure>    <figure class=\"wp-block-image size-large\"><img loading=\"lazy\" decoding=\"async\" width=\"720\" height=\"540\" data-id=\"475\" src=\"https:\/\/hangermachinery.com\/wp-content\/uploads\/2022\/07\/blue-hanger.webp\" alt=\"mavi ask\u0131\" class=\"wp-image-475\" title=\"\" srcset=\"https:\/\/hangermachinery.com\/wp-content\/uploads\/2022\/07\/blue-hanger.webp 720w, https:\/\/hangermachinery.com\/wp-content\/uploads\/2022\/07\/blue-hanger-300x225.webp 300w\" sizes=\"auto, (max-width: 720px) 100vw, 720px\" \/><figcaption class=\"wp-element-caption\">Mavi Ask\u0131<\/figcaption><\/figure> <\/figure>    <h2 class=\"wp-block-heading\">Plastik kaplamal\u0131 ask\u0131 \u00fcretim hatt\u0131 videosu<\/h2>    <p>Bu, ask\u0131 \u015fekillendirme, ask\u0131 boyama, ask\u0131 kurutma ve ask\u0131 paketleme dahil olmak \u00fczere plastik kaplamal\u0131 tam bir ask\u0131 \u00fcretim hatt\u0131n\u0131n videosudur. Hammadde galvanizli telden ask\u0131 makinesi paketlemeye kadar,<\/p>    <figure class=\"wp-block-embed is-type-video is-provider-youtube wp-block-embed-youtube wp-embed-aspect-16-9 wp-has-aspect-ratio\"><div class=\"wp-block-embed__wrapper\"> <iframe loading=\"lazy\" title=\"Elbise ask\u0131lar\u0131 hangi plastikten yap\u0131l\u0131r? | Plastik Kaplamal\u0131 Ask\u0131 \u00dcretim Hatt\u0131 #wirerecycling\" width=\"500\" height=\"281\" src=\"https:\/\/www.youtube.com\/embed\/khzFz25QZKA?start=2&#038;feature=oembed\" frameborder=\"0\" allow=\"accelerometer; autoplay; clipboard-write; encrypted-media; gyroscope; picture-in-picture; web-share\" referrerpolicy=\"strict-origin-when-cross-origin\" allowfullscreen><\/iframe> <\/div><figcaption class=\"wp-element-caption\">plastik kaplamal\u0131 ask\u0131 \u00fcretim hatt\u0131<\/figcaption><\/figure>    <h2 class=\"wp-block-heading\" id=\"h-the-raw-materials-of-the-plastic-coated-hanger-production-line\">Plastikle kapl\u0131 ask\u0131 \u00fcretim hatt\u0131n\u0131n hammaddeleri<\/h2>    <figure class=\"wp-block-image size-full\"><img loading=\"lazy\" decoding=\"async\" width=\"720\" height=\"540\" src=\"https:\/\/hangermachinery.com\/wp-content\/uploads\/2022\/07\/Galvanized-wire-for-making-hangers.webp\" alt=\"Ask\u0131 yap\u0131m\u0131nda kullan\u0131lan galvanizli tel\" class=\"wp-image-303\" title=\"\" srcset=\"https:\/\/hangermachinery.com\/wp-content\/uploads\/2022\/07\/Galvanized-wire-for-making-hangers.webp 720w, https:\/\/hangermachinery.com\/wp-content\/uploads\/2022\/07\/Galvanized-wire-for-making-hangers-300x225.webp 300w\" sizes=\"auto, (max-width: 720px) 100vw, 720px\" \/><figcaption class=\"wp-element-caption\">Ask\u0131 Yap\u0131m\u0131 \u0130\u00e7in Galvanizli Tel<\/figcaption><\/figure>    <p>Ask\u0131 yap\u0131m\u0131nda kullan\u0131lan hammadde galvanizli tel, demir teli, \u00e7elik tel, paslanmaz \u00e7elik tel vb. olabilir. Ask\u0131 yap\u0131m\u0131nda genellikle 1,8mm ila 2,0mm galvanizli demir tel kullan\u0131l\u0131r ve i\u015flenebilecek maksimum tel \u00e7ap\u0131 2,5mm\u2019dir. Makinenin kal\u0131b\u0131n\u0131 de\u011fi\u015ftirerek ask\u0131n\u0131n boyutu de\u011fi\u015ftirilebilir ve yeti\u015fkin ask\u0131lar\u0131 ile \u00e7ocuk ask\u0131lar\u0131 \u00fcretilebilir.<\/p>    <h2 class=\"wp-block-heading\" id=\"h-the-production-process-of-plastic-coated-hanger-production-line\">Plastik kaplamal\u0131 ask\u0131 \u00fcretim hatt\u0131n\u0131n \u00fcretim s\u00fcreci<\/h2>    <figure class=\"wp-block-gallery has-nested-images columns-4 is-cropped wp-block-gallery-3 is-layout-flex wp-block-gallery-is-layout-flex\"> <figure class=\"wp-block-image size-full\"><img loading=\"lazy\" decoding=\"async\" width=\"720\" height=\"540\" data-id=\"304\" src=\"https:\/\/hangermachinery.com\/wp-content\/uploads\/2022\/07\/Plastic-coated-hanger-production-line.webp\" alt=\"\" class=\"wp-image-304\" title=\"\" srcset=\"https:\/\/hangermachinery.com\/wp-content\/uploads\/2022\/07\/Plastic-coated-hanger-production-line.webp 720w, https:\/\/hangermachinery.com\/wp-content\/uploads\/2022\/07\/Plastic-coated-hanger-production-line-300x225.webp 300w\" sizes=\"auto, (max-width: 720px) 100vw, 720px\" \/><figcaption class=\"wp-element-caption\">Plastik Kaplamal\u0131 Ask\u0131 \u00dcretim Hatt\u0131<\/figcaption><\/figure>    <figure class=\"wp-block-image size-full\"><img loading=\"lazy\" decoding=\"async\" width=\"720\" height=\"540\" data-id=\"305\" src=\"https:\/\/hangermachinery.com\/wp-content\/uploads\/2022\/07\/Plastic-coated-hanger-production-line-2.jpg\" alt=\"Plastik kapl\u0131 ask\u0131l\u0131k \u00fcretim hatt\u0131\" class=\"wp-image-305\" title=\"\" srcset=\"https:\/\/hangermachinery.com\/wp-content\/uploads\/2022\/07\/Plastic-coated-hanger-production-line-2.jpg 720w, https:\/\/hangermachinery.com\/wp-content\/uploads\/2022\/07\/Plastic-coated-hanger-production-line-2-300x225.jpg 300w\" sizes=\"auto, (max-width: 720px) 100vw, 720px\" \/><figcaption class=\"wp-element-caption\">Plastik&amp;Nbsp;Kapl\u0131&amp;Nbsp;&amp;Nbsp;Ask\u0131&amp;Nbsp;\u00dcretim&amp;Nbsp;Hatt\u0131<\/figcaption><\/figure>    <figure class=\"wp-block-image size-full\"><img loading=\"lazy\" decoding=\"async\" width=\"720\" height=\"540\" data-id=\"306\" src=\"https:\/\/hangermachinery.com\/wp-content\/uploads\/2022\/07\/Plastic-coated-hanger-production-line.jpg\" alt=\"\" class=\"wp-image-306\" title=\"\" srcset=\"https:\/\/hangermachinery.com\/wp-content\/uploads\/2022\/07\/Plastic-coated-hanger-production-line.jpg 720w, https:\/\/hangermachinery.com\/wp-content\/uploads\/2022\/07\/Plastic-coated-hanger-production-line-300x225.jpg 300w\" sizes=\"auto, (max-width: 720px) 100vw, 720px\" \/><figcaption class=\"wp-element-caption\">Plastik&amp;Nbsp;Kapl\u0131&amp;Nbsp;&amp;Nbsp;Ask\u0131&amp;Nbsp;\u00dcretim&amp;Nbsp;Hatt\u0131<\/figcaption><\/figure>    <figure class=\"wp-block-image size-full\"><img loading=\"lazy\" decoding=\"async\" width=\"720\" height=\"540\" data-id=\"307\" src=\"https:\/\/hangermachinery.com\/wp-content\/uploads\/2022\/07\/Plastic-coated-hanger-production-line-4.jpg\" alt=\"Plastik kapl\u0131 ask\u0131l\u0131k \u00fcretim hatt\u0131\" class=\"wp-image-307\" title=\"\" srcset=\"https:\/\/hangermachinery.com\/wp-content\/uploads\/2022\/07\/Plastic-coated-hanger-production-line-4.jpg 720w, https:\/\/hangermachinery.com\/wp-content\/uploads\/2022\/07\/Plastic-coated-hanger-production-line-4-300x225.jpg 300w\" sizes=\"auto, (max-width: 720px) 100vw, 720px\" \/><figcaption class=\"wp-element-caption\">Plastik&amp;Nbsp;Kapl\u0131&amp;Nbsp;&amp;Nbsp;Ask\u0131&amp;Nbsp;\u00dcretim&amp;Nbsp;Hatt\u0131<\/figcaption><\/figure> <\/figure>    <p>Plastik sprey ask\u0131 makinesi \u00f6nce \u015fekil verilir, ard\u0131ndan ask\u0131n\u0131n d\u0131\u015f\u0131na plastik tozu p\u00fcsk\u00fcrt\u00fcl\u00fcr ve ard\u0131ndan kurutma kutusuna g\u00f6nderilerek kurutulur. Ask\u0131 makinesinde plastik kaplama p\u00fcsk\u00fcrtme, profesyonel ask\u0131 \u00fcretim ekipman\u0131d\u0131r ve \u00e7evre kirlili\u011fi sorununu g\u00f6z \u00f6n\u00fcnde bulundurarak \u00f6zel olarak plastik tozu geri d\u00f6n\u00fc\u015f\u00fcm ekipman\u0131 ile donat\u0131lm\u0131\u015ft\u0131r. Kurutma makinesinin \u00e7al\u0131\u015fma verimlili\u011fi olduk\u00e7a y\u00fcksektir ve kurutulmas\u0131 gereken ask\u0131lar itildi\u011finde kullanmak i\u00e7in arabalar bulunur. D\u00f6ng\u00fc i\u00e7in birka\u00e7 araba daha almak \u00e7ok de\u011ferlidir, b\u00f6ylece kesintisiz \u00e7al\u0131\u015fabilir ve \u00fcretim verimlili\u011fini art\u0131rabilirsiniz.<\/p>    <figure class=\"wp-block-image size-full\"><img loading=\"lazy\" decoding=\"async\" width=\"720\" height=\"540\" src=\"https:\/\/hangermachinery.com\/wp-content\/uploads\/2022\/07\/Plastic-coated-hanger-production-machine.webp\" alt=\"Plastikle kapl\u0131  ask\u0131 \u00fcretim makinesi \" class=\"wp-image-308\" title=\"\" srcset=\"https:\/\/hangermachinery.com\/wp-content\/uploads\/2022\/07\/Plastic-coated-hanger-production-machine.webp 720w, https:\/\/hangermachinery.com\/wp-content\/uploads\/2022\/07\/Plastic-coated-hanger-production-machine-300x225.webp 300w\" sizes=\"auto, (max-width: 720px) 100vw, 720px\" \/><figcaption class=\"wp-element-caption\">Plastik Kaplamal\u0131 Ask\u0131 \u00dcretim Hatt\u0131<\/figcaption><\/figure>    <h2 class=\"wp-block-heading\" id=\"h-injection-molding-machine\">Enjeksiyon kal\u0131plama makinesi<\/h2>    <figure class=\"wp-block-image size-full\"><img loading=\"lazy\" decoding=\"async\" width=\"720\" height=\"540\" src=\"https:\/\/hangermachinery.com\/wp-content\/uploads\/2022\/07\/hanger-plastic-coated-sprayer.jpg\" alt=\"ask\u0131 plastik kaplama p\u00fcsk\u00fcrt\u00fcc\u00fcs\u00fc\" class=\"wp-image-313\" title=\"\" srcset=\"https:\/\/hangermachinery.com\/wp-content\/uploads\/2022\/07\/hanger-plastic-coated-sprayer.jpg 720w, https:\/\/hangermachinery.com\/wp-content\/uploads\/2022\/07\/hanger-plastic-coated-sprayer-300x225.jpg 300w\" sizes=\"auto, (max-width: 720px) 100vw, 720px\" \/><figcaption class=\"wp-element-caption\">Ask\u0131 Plastik Kaplama Sprey Cihaz\u0131<\/figcaption><\/figure>    <p class=\"translation-block\">Kay\u0131p d\u00fc\u015f\u00fckt\u00fcr, boyan\u0131n kullan\u0131m oran\u0131 artar, boya partik\u00fclleri k\u00fc\u00e7\u00fckt\u00fcr ve yap\u0131\u015fma oran\u0131 iyidir. <a href=\"https:\/\/en.wikipedia.org\/wiki\/Thermal_spraying\" data-type=\"URL\" data-id=\"https:\/\/en.wikipedia.org\/wiki\/Thermal_spraying\" target=\"_blank\" rel=\"noopener\">P\u00fcsk\u00fcrtme<\/a> yap\u0131ld\u0131ktan sonra h\u0131zla ask\u0131da \u015fekil alabilir ve boya d\u00f6k\u00fclmez. Sprey tabancas\u0131 e\u015fit p\u00fcsk\u00fcrt\u00fcr ve ask\u0131 \u00e7e\u015fitli renklere boyanabilir. P\u00fcsk\u00fcrtmeden sonra ask\u0131 sadece estetik olmakla kalmaz, ayn\u0131 zamanda koruyucu bir etkiye sahip olur.<\/p>    <h2 class=\"wp-block-heading\" id=\"h-plastic-powder-recycling-equipment\">Plastik tozu geri d\u00f6n\u00fc\u015f\u00fcm ekipman\u0131<\/h2>    <figure class=\"wp-block-image size-full\"><img loading=\"lazy\" decoding=\"async\" width=\"720\" height=\"540\" src=\"https:\/\/hangermachinery.com\/wp-content\/uploads\/2022\/07\/Plastic-coated-hanger-production-line.jpg\" alt=\"Plastik tozu geri d\u00f6n\u00fc\u015f\u00fcm ekipman\u0131\" class=\"wp-image-306\" title=\"\" srcset=\"https:\/\/hangermachinery.com\/wp-content\/uploads\/2022\/07\/Plastic-coated-hanger-production-line.jpg 720w, https:\/\/hangermachinery.com\/wp-content\/uploads\/2022\/07\/Plastic-coated-hanger-production-line-300x225.jpg 300w\" sizes=\"auto, (max-width: 720px) 100vw, 720px\" \/><figcaption class=\"wp-element-caption\">Plastik Tozu Geri D\u00f6n\u00fc\u015f\u00fcm Ekipman\u0131<\/figcaption><\/figure>    <p>Plastik tozu geri d\u00f6n\u00fc\u015f\u00fcm makinesi, aerodinamik prensibe dayan\u0131r. Da\u011f\u0131lm\u0131\u015f toz, harici egzoz tipi ile filtre eleman\u0131na \u00e7ekilir. \u00dcr\u00fcn basit ve kullan\u0131\u015fl\u0131d\u0131r, i\u015f\u00e7ilerin sa\u011fl\u0131\u011f\u0131n\u0131 iyile\u015ftirir ve \u00e7al\u0131\u015fma verimlili\u011fini art\u0131rabilir. Y\u00fcksek kaliteli ithal y\u00fcksek mukavemetli filtre eleman\u0131 ile filtrasyon yap\u0131l\u0131r, toz ve gaz ayr\u0131l\u0131r. E\u015fsiz geri y\u0131kama cihaz\u0131 ve otomatik zamanl\u0131 toz temizleme ile geri kazan\u0131m etkisi dikkate de\u011ferdir.<\/p>    <h2 class=\"wp-block-heading\" id=\"h-hanger-dryer-machine\">Ask\u0131 kurutma makinesi <\/h2>    <figure class=\"wp-block-image size-full\"><img loading=\"lazy\" decoding=\"async\" width=\"720\" height=\"540\" src=\"https:\/\/hangermachinery.com\/wp-content\/uploads\/2022\/07\/Plastic-coated-hanger-production-line-4.jpg\" alt=\"ask\u0131 kurutma makinesi \" class=\"wp-image-307\" title=\"\" srcset=\"https:\/\/hangermachinery.com\/wp-content\/uploads\/2022\/07\/Plastic-coated-hanger-production-line-4.jpg 720w, https:\/\/hangermachinery.com\/wp-content\/uploads\/2022\/07\/Plastic-coated-hanger-production-line-4-300x225.jpg 300w\" sizes=\"auto, (max-width: 720px) 100vw, 720px\" \/><figcaption class=\"wp-element-caption\">Ask\u0131 Kurutma Makinesi <\/figcaption><\/figure>    <p>Spreylenmi\u015f ask\u0131lar\u0131n \u015fekil almas\u0131 i\u00e7in y\u00fcksek s\u0131cakl\u0131klarda kurutulmas\u0131 gerekir ve kurutma i\u015fleminden sonra ask\u0131lar sat\u0131labilir.<\/p>    <h2 class=\"wp-block-heading\" id=\"h-how-to-do-a-good-job-in-the-production-of-hangers\">Ask\u0131 \u00fcretiminde nas\u0131l ba\u015far\u0131l\u0131 olunur<\/h2>    <figure class=\"wp-block-image size-full\"><img loading=\"lazy\" decoding=\"async\" width=\"720\" height=\"540\" src=\"https:\/\/hangermachinery.com\/wp-content\/uploads\/2022\/07\/production-of-hangers.webp\" alt=\"ask\u0131 \u00fcretimi\" class=\"wp-image-310\" title=\"\" srcset=\"https:\/\/hangermachinery.com\/wp-content\/uploads\/2022\/07\/production-of-hangers.webp 720w, https:\/\/hangermachinery.com\/wp-content\/uploads\/2022\/07\/production-of-hangers-300x225.webp 300w\" sizes=\"auto, (max-width: 720px) 100vw, 720px\" \/><figcaption class=\"wp-element-caption\">Ask\u0131 \u00dcretimi<\/figcaption><\/figure>    <p>\u015eu anda, \u00e7ama\u015f\u0131r kurutma ask\u0131l\u0131klar\u0131 pazar\u0131 \u015fiddetli rekabet a\u015famas\u0131na girmi\u015ftir ve bir\u00e7ok \u00fcretici, t\u00fcketicilerin ihtiya\u00e7lar\u0131n\u0131 kar\u015f\u0131lamak i\u00e7in s\u00fcrekli olarak yeni \u00fcr\u00fcnler piyasaya s\u00fcrmektedir. Yeni bir \u00fcretici olarak, ask\u0131 pazar\u0131nda nas\u0131l \u00f6ne \u00e7\u0131k\u0131l\u0131r?<\/p>    <p> \u00d6ncelikle, marka etkisine dikkat etmek ve t\u00fcketicilerin \u00fcr\u00fcn\u00fc tan\u0131yabilmesi i\u00e7in yerel b\u00f6lgede marka bilinirli\u011fini art\u0131rmak gerekir. Daha sonra ask\u0131lar\u0131n kalitesine dikkat edilmeli ve \u00fcretim s\u0131ras\u0131nda ask\u0131 \u00fcretim kalitesi titizlikle sa\u011flanmal\u0131d\u0131r. Ayr\u0131ca yeterli say\u0131da ask\u0131 \u00fcretmek i\u00e7in belirli bir \u00f6l\u00e7e\u011fe ula\u015f\u0131lmas\u0131 gerekir. Pazarda daha b\u00fcy\u00fck bir pay elde ederek ba\u015far\u0131l\u0131 bir ask\u0131 \u00fcretimi ger\u00e7ekle\u015ftirmek m\u00fcmk\u00fcn olur.<\/p>    <h2 class=\"wp-block-heading\" id=\"h-shuliy-s-plastic-coated-hanger-production-line\">Shuliy'nin plastik kapl\u0131 ask\u0131 \u00fcretim hatt\u0131<\/h2>    <figure class=\"wp-block-image size-full\"><img loading=\"lazy\" decoding=\"async\" width=\"750\" height=\"750\" src=\"https:\/\/hangermachinery.com\/wp-content\/uploads\/2022\/07\/shuliy-hanger-machine-company-1.webp\" alt=\"shuliy ask\u0131 makinesi \u015firketi\" class=\"wp-image-312\" title=\"\" srcset=\"https:\/\/hangermachinery.com\/wp-content\/uploads\/2022\/07\/shuliy-hanger-machine-company-1.webp 750w, https:\/\/hangermachinery.com\/wp-content\/uploads\/2022\/07\/shuliy-hanger-machine-company-1-300x300.webp 300w, https:\/\/hangermachinery.com\/wp-content\/uploads\/2022\/07\/shuliy-hanger-machine-company-1-150x150.webp 150w\" sizes=\"auto, (max-width: 750px) 100vw, 750px\" \/><figcaption class=\"wp-element-caption\">Shuliy Ask\u0131 Makinesi \u015eirketi<\/figcaption><\/figure>    <p class=\"translation-block\">Shuli Co., Ltd., 20 y\u0131ll\u0131k ask\u0131 \u00fcretim tecr\u00fcbesine sahip bir ask\u0131 makinesi \u00fcreticisidir. \u015eirket, plastik sprey ask\u0131 makineleri ve <a href=\"https:\/\/hangermachinery.com\/tr\/product\/pvc-coated-wire-hanger-production-line\/\">PVC kaplamal\u0131 ask\u0131 \u00fcretim hatlar\u0131na<\/a> sahiptir. Ayr\u0131ca, makinelerin farkl\u0131 hammaddeleri ve \u015fekillerine g\u00f6re <a href=\"https:\/\/hangermachinery.com\/tr\/products\/galvanized-wire-hanger-machine\/\">galvanizli tel ask\u0131 makineleri<\/a>, <a href=\"https:\/\/hangermachinery.com\/tr\/product\/welding-wire-hanger-making-machine\/\">kaynakl\u0131 ask\u0131 makineleri<\/a>, <a href=\"https:\/\/hangermachinery.com\/tr\/product\/butterfly-type-hanger-product-machine\/\">kelebek ask\u0131 makineleri<\/a> ve <a href=\"https:\/\/hangermachinery.com\/tr\/product\/coat-hanger-making-machine\/\">elbise ask\u0131s\u0131 makineleri<\/a> de mevcuttur.<\/p>","protected":false},"excerpt":{"rendered":"<p>Plastik kapl\u0131 ask\u0131 \u00fcretim hatt\u0131, elbise ask\u0131lar\u0131 \u00fcretmek i\u00e7in kullan\u0131lan ekipmand\u0131r. Hammaddeler a\u011f\u0131rl\u0131kl\u0131 olarak galvanizli tellerdir.<\/p>","protected":false},"author":1,"featured_media":299,"parent":0,"template":"","tags":[29,21],"product-type":[12,14],"class_list":["post-82","product","type-product","status-publish","has-post-thumbnail","hentry","tag-hanger","tag-plastic-coated-hanger-production-line","product-type-production-line","product-type-plastic-coated-hanger-production-line"],"_links":{"self":[{"href":"https:\/\/hangermachinery.com\/tr\/wp-json\/wp\/v2\/product\/82","targetHints":{"allow":["GET"]}}],"collection":[{"href":"https:\/\/hangermachinery.com\/tr\/wp-json\/wp\/v2\/product"}],"about":[{"href":"https:\/\/hangermachinery.com\/tr\/wp-json\/wp\/v2\/types\/product"}],"author":[{"embeddable":true,"href":"https:\/\/hangermachinery.com\/tr\/wp-json\/wp\/v2\/users\/1"}],"wp:featuredmedia":[{"embeddable":true,"href":"https:\/\/hangermachinery.com\/tr\/wp-json\/wp\/v2\/media\/299"}],"wp:attachment":[{"href":"https:\/\/hangermachinery.com\/tr\/wp-json\/wp\/v2\/media?parent=82"}],"wp:term":[{"taxonomy":"post_tag","embeddable":true,"href":"https:\/\/hangermachinery.com\/tr\/wp-json\/wp\/v2\/tags?post=82"},{"taxonomy":"product-type","embeddable":true,"href":"https:\/\/hangermachinery.com\/tr\/wp-json\/wp\/v2\/product-type?post=82"}],"curies":[{"name":"wp","href":"https:\/\/api.w.org\/{rel}","templated":true}]}}