{"id":97,"date":"2022-07-17T15:36:01","date_gmt":"2022-07-17T15:36:01","guid":{"rendered":"https:\/\/hangermachinery.com\/?post_type=product&#038;p=97"},"modified":"2022-09-29T16:27:39","modified_gmt":"2022-09-29T08:27:39","slug":"galvanized-wire-hanger-machine","status":"publish","type":"product","link":"https:\/\/hangermachinery.com\/tr\/product\/galvanized-wire-hanger-machine\/","title":{"rendered":"Galvanizli tel ask\u0131 makinesi | ask\u0131 kancas\u0131 \u015fekillendirme makinesi"},"content":{"rendered":"<p class=\"translation-block\">Galvanizli tel ask\u0131 makinesi, galvanizli telin <a href=\"https:\/\/hangermachinery.com\/tr\/product\/butterfly-type-hanger-product-machine\/\" data-type=\"URL\" data-id=\"https:\/\/hangermachinery.com\/product\/butterfly-type-hanger-product-machine\/\">ask\u0131 \u015fekillendirme makinesi<\/a> ile i\u015flenerek ask\u0131 haline getirildi\u011fi bir makinedir. Ekipman, ask\u0131lar\u0131 i\u015flemek i\u00e7in ask\u0131 \u015fekillendirme makinesi kullan\u0131r. Ask\u0131 \u015fekillendirme makinesi ile i\u015flenen ask\u0131lar do\u011frudan sat\u0131labilir ve giysi kurutma i\u015flevine sahiptir. Ancak daha g\u00fczel olmas\u0131 istenirse ask\u0131n\u0131n d\u0131\u015f\u0131 \u00e7e\u015fitli renkli bantlarla p\u00fcsk\u00fcrt\u00fclebilir. Paketlenmi\u015f ask\u0131lar. Bu tam otomatik ask\u0131 \u015fekillendirme makinesi, ask\u0131 \u00fcreticileri aras\u0131nda pop\u00fclerdir.<\/p>    <figure class=\"wp-block-gallery has-nested-images columns-default is-cropped wp-block-gallery-2 is-layout-flex wp-block-gallery-is-layout-flex\"> <figure class=\"wp-block-image size-full\"><img loading=\"lazy\" decoding=\"async\" width=\"720\" height=\"540\" data-id=\"317\" src=\"https:\/\/hangermachinery.com\/wp-content\/uploads\/2022\/07\/galvanized-wire-hanger.webp\" alt=\" galvanize tel ask\u0131\" class=\"wp-image-317\" title=\"\" srcset=\"https:\/\/hangermachinery.com\/wp-content\/uploads\/2022\/07\/galvanized-wire-hanger.webp 720w, https:\/\/hangermachinery.com\/wp-content\/uploads\/2022\/07\/galvanized-wire-hanger-300x225.webp 300w\" sizes=\"auto, (max-width: 720px) 100vw, 720px\" \/><figcaption> Galvanizli Tel Ask\u0131 Detaylar\u0131 <\/figcaption><\/figure>    <figure class=\"wp-block-image size-full\"><img loading=\"lazy\" decoding=\"async\" width=\"720\" height=\"540\" data-id=\"316\" src=\"https:\/\/hangermachinery.com\/wp-content\/uploads\/2022\/07\/galvanized-wire-hanger-details.webp\" alt=\" galvanize tel ask\u0131\" class=\"wp-image-316\" title=\"\" srcset=\"https:\/\/hangermachinery.com\/wp-content\/uploads\/2022\/07\/galvanized-wire-hanger-details.webp 720w, https:\/\/hangermachinery.com\/wp-content\/uploads\/2022\/07\/galvanized-wire-hanger-details-300x225.webp 300w\" sizes=\"auto, (max-width: 720px) 100vw, 720px\" \/><figcaption> Galvanizli Tel Ask\u0131<\/figcaption><\/figure> <\/figure>    <h2 class=\"wp-block-heading\" id=\"h-what-material-is-galvanized-wire\">Galvanizli tel nedir<\/h2>    <figure class=\"wp-block-image size-full\"><img loading=\"lazy\" decoding=\"async\" width=\"720\" height=\"540\" src=\"https:\/\/hangermachinery.com\/wp-content\/uploads\/2022\/07\/hanger-hook-forming-material.webp\" alt=\"arka kanca \u015fekillendirme malzemesi\" class=\"wp-image-318\" title=\"\" srcset=\"https:\/\/hangermachinery.com\/wp-content\/uploads\/2022\/07\/hanger-hook-forming-material.webp 720w, https:\/\/hangermachinery.com\/wp-content\/uploads\/2022\/07\/hanger-hook-forming-material-300x225.webp 300w\" sizes=\"auto, (max-width: 720px) 100vw, 720px\" \/><figcaption>Ask\u0131 Kanca \u015eekillendirme Malzemesi<\/figcaption><\/figure>    <p class=\"translation-block\"><a href=\"https:\/\/en.wikipedia.org\/wiki\/Galvanization\" data-type=\"URL\" data-id=\"https:\/\/en.wikipedia.org\/wiki\/Galvanization\" target=\"_blank\" rel=\"noopener\">Galvanizli<\/a> tel iyi s\u00fcneklik ve elastikiyete sahiptir, ayr\u0131ca iyi korozyon direncine sahiptir, bu y\u00fczden giysi ask\u0131lar\u0131 yapmak i\u00e7in \u00e7ok uygundur. Galvanizli tel ayr\u0131ca el sanatlar\u0131, koruyucu a\u011flar ve in\u015faat projeleri yapmak i\u00e7in s\u0131k\u00e7a kullan\u0131l\u0131r. Galvanizli demir telin rengi koyudur ve galvanizli tel d\u0131\u015far\u0131da onlarca y\u0131l paslanmadan kalabilir, bu y\u00fczden galvanizli tel ile i\u015flenen ask\u0131lar daha dayan\u0131kl\u0131d\u0131r. Galvanizli tel kullan\u0131m\u0131n\u0131n yan\u0131 s\u0131ra, makine demir tel ile de i\u015flem yapabilir.<\/p>    <h2 class=\"wp-block-heading\">Ask\u0131 makinesi nas\u0131l \u00e7al\u0131\u015f\u0131r\uff1f<\/h2>    <figure class=\"wp-block-embed is-type-video is-provider-youtube wp-block-embed-youtube wp-embed-aspect-16-9 wp-has-aspect-ratio\"><div class=\"wp-block-embed__wrapper\"> <iframe loading=\"lazy\" title=\"Umman i\u00e7in sat\u0131l\u0131k ask\u0131 \u00fcretim makinesi | tel giysi ask\u0131s\u0131 yapma makinesi fiyat\u0131\" width=\"500\" height=\"281\" src=\"https:\/\/www.youtube.com\/embed\/aAtWkx2Eu4Y?start=1&#038;feature=oembed\" frameborder=\"0\" allow=\"accelerometer; autoplay; clipboard-write; encrypted-media; gyroscope; picture-in-picture; web-share\" referrerpolicy=\"strict-origin-when-cross-origin\" allowfullscreen><\/iframe> <\/div><figcaption>Ask\u0131 makinesi \u00e7al\u0131\u015fma videosu<\/figcaption><\/figure>    <h2 class=\"wp-block-heading\" id=\"h-galvanized-wire-hanger-machine-products\">Galvanizli tel ask\u0131 makinesi \u00fcr\u00fcnleri<\/h2>    <figure class=\"wp-block-gallery has-nested-images columns-2 is-cropped wp-block-gallery-3 is-layout-flex wp-block-gallery-is-layout-flex\"> <figure class=\"wp-block-image size-large\"><img loading=\"lazy\" decoding=\"async\" width=\"720\" height=\"540\" data-id=\"480\" src=\"https:\/\/hangermachinery.com\/wp-content\/uploads\/2022\/07\/hanger-machine-details-4.webp\" alt=\"ask\u0131 makinesi ayr\u0131nt\u0131lar\u0131\" class=\"wp-image-480\" title=\"\" srcset=\"https:\/\/hangermachinery.com\/wp-content\/uploads\/2022\/07\/hanger-machine-details-4.webp 720w, https:\/\/hangermachinery.com\/wp-content\/uploads\/2022\/07\/hanger-machine-details-4-300x225.webp 300w\" sizes=\"auto, (max-width: 720px) 100vw, 720px\" \/><figcaption>Ask\u0131 Makinesi Detaylar\u0131<\/figcaption><\/figure>    <figure class=\"wp-block-image size-large\"><img loading=\"lazy\" decoding=\"async\" width=\"720\" height=\"540\" data-id=\"482\" src=\"https:\/\/hangermachinery.com\/wp-content\/uploads\/2022\/07\/hanger-machine-details-6.webp\" alt=\"ask\u0131 makinesi ayr\u0131nt\u0131lar\u0131\" class=\"wp-image-482\" title=\"\" srcset=\"https:\/\/hangermachinery.com\/wp-content\/uploads\/2022\/07\/hanger-machine-details-6.webp 720w, https:\/\/hangermachinery.com\/wp-content\/uploads\/2022\/07\/hanger-machine-details-6-300x225.webp 300w\" sizes=\"auto, (max-width: 720px) 100vw, 720px\" \/><figcaption>Ask\u0131 Makinesi Detaylar\u0131<\/figcaption><\/figure>    <figure class=\"wp-block-image size-large\"><img loading=\"lazy\" decoding=\"async\" width=\"720\" height=\"540\" data-id=\"479\" src=\"https:\/\/hangermachinery.com\/wp-content\/uploads\/2022\/07\/hanger-machine-details-3.webp\" alt=\"ask\u0131 makinesi ayr\u0131nt\u0131lar\u0131\" class=\"wp-image-479\" title=\"\" srcset=\"https:\/\/hangermachinery.com\/wp-content\/uploads\/2022\/07\/hanger-machine-details-3.webp 720w, https:\/\/hangermachinery.com\/wp-content\/uploads\/2022\/07\/hanger-machine-details-3-300x225.webp 300w\" sizes=\"auto, (max-width: 720px) 100vw, 720px\" \/><figcaption>Ask\u0131 Makinesi Detaylar\u0131<\/figcaption><\/figure>    <figure class=\"wp-block-image size-large\"><img loading=\"lazy\" decoding=\"async\" width=\"720\" height=\"540\" data-id=\"481\" src=\"https:\/\/hangermachinery.com\/wp-content\/uploads\/2022\/07\/hanger-machine-details-5.webp\" alt=\"ask\u0131 makinesi ayr\u0131nt\u0131lar\u0131\" class=\"wp-image-481\" title=\"\" srcset=\"https:\/\/hangermachinery.com\/wp-content\/uploads\/2022\/07\/hanger-machine-details-5.webp 720w, https:\/\/hangermachinery.com\/wp-content\/uploads\/2022\/07\/hanger-machine-details-5-300x225.webp 300w\" sizes=\"auto, (max-width: 720px) 100vw, 720px\" \/><figcaption>Ask\u0131 Makinesi Detaylar\u0131<\/figcaption><\/figure> <\/figure>    <p>Galvanizli tel ask\u0131 \u00f6nce ask\u0131 \u015fekline i\u015flenir ve sonunda ask\u0131 kancas\u0131n\u0131n etraf\u0131na sar\u0131l\u0131r. Bu tip galvanizli tel ask\u0131 makinesi b\u00f6yle \u015fekillenir ve ek ayar yap\u0131lmaz. Kaynakl\u0131 ask\u0131 makinesinden farkl\u0131 olarak, \u015fekillendirme u\u00e7lar\u0131n\u0131n kaynak yap\u0131lmas\u0131 gerekir.<\/p>    <h2 class=\"wp-block-heading\" id=\"h-wire-hanger-machine-parameters\">Galvanizli tel ask\u0131 makinesi parametreleri<\/h2>    <figure class=\"wp-block-image size-full\"><img loading=\"lazy\" decoding=\"async\" width=\"720\" height=\"540\" src=\"https:\/\/hangermachinery.com\/wp-content\/uploads\/2022\/07\/Galvanized-wire-hanger-machine-1.webp\" alt=\"Galvanizli tel ask\u0131 makinesi\" class=\"wp-image-323\" title=\"\" srcset=\"https:\/\/hangermachinery.com\/wp-content\/uploads\/2022\/07\/Galvanized-wire-hanger-machine-1.webp 720w, https:\/\/hangermachinery.com\/wp-content\/uploads\/2022\/07\/Galvanized-wire-hanger-machine-1-300x225.webp 300w\" sizes=\"auto, (max-width: 720px) 100vw, 720px\" \/><figcaption>Galvanize&amp;Nbsp;Tel&amp;Nbsp;Ask\u0131&amp;Nbsp;Makinesi<\/figcaption><\/figure>    <p>G\u00fc\u00e7: 1.5kw<\/p>    <p>\u00e7\u0131k\u0131\u015f: 30 ADET\/dak<\/p>    <p>\u00e7ap: 1.8-3mm<\/p>    <p>boyut: 850*1500*1800mm<\/p>    <p>a\u011f\u0131rl\u0131k: 700KG<\/p>    <h2 class=\"wp-block-heading\" id=\"h-advantages-of-hanger-hook-forming-machine\">Ask\u0131 kanca \u015fekillendirme makinesinin avantajlar\u0131 <\/h2>    <figure class=\"wp-block-image size-full\"><img loading=\"lazy\" decoding=\"async\" width=\"720\" height=\"540\" src=\"https:\/\/hangermachinery.com\/wp-content\/uploads\/2022\/07\/wire-hanger-machine.webp\" alt=\"\u00a0tel ask\u0131s\u0131 makinesi\" class=\"wp-image-324\" title=\"\" srcset=\"https:\/\/hangermachinery.com\/wp-content\/uploads\/2022\/07\/wire-hanger-machine.webp 720w, https:\/\/hangermachinery.com\/wp-content\/uploads\/2022\/07\/wire-hanger-machine-300x225.webp 300w\" sizes=\"auto, (max-width: 720px) 100vw, 720px\" \/><figcaption>&amp;Nbsp;Tel&amp;Nbsp;Ask\u0131&amp;Nbsp;Makinesi<\/figcaption><\/figure>    <p>Y\u00fcksek \u00fcretim verimlili\u011fi, dakikada 30-40 ask\u0131 \u00fcretebilir.<\/p>    <p>Dokunmatik ekran kontrol sistemi, basit ve h\u0131zl\u0131 \u00fcretim, kullan\u0131\u015fl\u0131<\/p>    <p>Makine otomatik \u00fcretim yapar, makine a\u00e7\u0131ld\u0131\u011f\u0131 s\u00fcrece galvanizli tel otomatik olarak ask\u0131 \u015fekline b\u00fck\u00fcl\u00fcr<\/p>    <h2 class=\"wp-block-heading\" id=\"h-why-choose-shuliy-s-hanger-machine\">Shuliy\u2019nin ask\u0131 makinesini neden se\u00e7melisiniz<\/h2>    <figure class=\"wp-block-image size-full\"><img loading=\"lazy\" decoding=\"async\" width=\"720\" height=\"540\" src=\"https:\/\/hangermachinery.com\/wp-content\/uploads\/2022\/07\/hanger-1-1.webp\" alt=\"ask\u0131 \" class=\"wp-image-477\" title=\"\" srcset=\"https:\/\/hangermachinery.com\/wp-content\/uploads\/2022\/07\/hanger-1-1.webp 720w, https:\/\/hangermachinery.com\/wp-content\/uploads\/2022\/07\/hanger-1-1-300x225.webp 300w\" sizes=\"auto, (max-width: 720px) 100vw, 720px\" \/><figcaption>Ask\u0131 <\/figcaption><\/figure>    <ul class=\"wp-block-list\"><li>Ask\u0131 makinesi \u00fcretiminde y\u0131llar\u0131n tecr\u00fcbesi, geli\u015fmi\u015f \u00fcretim teknolojisi<\/li><\/ul>    <ul class=\"wp-block-list\"><li>M\u00fc\u015fteriler i\u00e7in bire bir \u00fcretim planlama \u015femas\u0131 tasarlanabilir<\/li><\/ul>    <ul class=\"wp-block-list\"><li>Makine \u00f6zelle\u015ftirme ve fonksiyon \u00fcretimi ger\u00e7ekle\u015ftirilebilir<\/li><\/ul>    <ul class=\"wp-block-list\"><li>Kullan\u0131m s\u0131ras\u0131nda i\u015fletemiyorsan\u0131z, sat\u0131\u015f g\u00f6revlisi sizi bir video ile y\u00f6nlendirebilir, intim sat\u0131\u015f sonras\u0131 hizmet                    <\/li><\/ul>","protected":false},"excerpt":{"rendered":"<p>Galvanizli tel ask\u0131 makinesi, galvanizli telin ask\u0131 \u015fekillendirme makinesi ile i\u015flenerek ask\u0131 haline getirildi\u011fi bir makinedir. <\/p>","protected":false},"author":1,"featured_media":314,"parent":0,"template":"","tags":[29,31],"product-type":[11,15],"class_list":["post-97","product","type-product","status-publish","has-post-thumbnail","hentry","tag-hanger","tag-wire-hanger-machine","product-type-product","product-type-galvanized-wire-hanger-machine"],"_links":{"self":[{"href":"https:\/\/hangermachinery.com\/tr\/wp-json\/wp\/v2\/product\/97","targetHints":{"allow":["GET"]}}],"collection":[{"href":"https:\/\/hangermachinery.com\/tr\/wp-json\/wp\/v2\/product"}],"about":[{"href":"https:\/\/hangermachinery.com\/tr\/wp-json\/wp\/v2\/types\/product"}],"author":[{"embeddable":true,"href":"https:\/\/hangermachinery.com\/tr\/wp-json\/wp\/v2\/users\/1"}],"wp:featuredmedia":[{"embeddable":true,"href":"https:\/\/hangermachinery.com\/tr\/wp-json\/wp\/v2\/media\/314"}],"wp:attachment":[{"href":"https:\/\/hangermachinery.com\/tr\/wp-json\/wp\/v2\/media?parent=97"}],"wp:term":[{"taxonomy":"post_tag","embeddable":true,"href":"https:\/\/hangermachinery.com\/tr\/wp-json\/wp\/v2\/tags?post=97"},{"taxonomy":"product-type","embeddable":true,"href":"https:\/\/hangermachinery.com\/tr\/wp-json\/wp\/v2\/product-type?post=97"}],"curies":[{"name":"wp","href":"https:\/\/api.w.org\/{rel}","templated":true}]}}