{"id":3,"date":"2022-07-15T10:49:45","date_gmt":"2022-07-15T10:49:45","guid":{"rendered":"http:\/\/hangermachinery.com\/?page_id=3"},"modified":"2025-09-12T16:16:52","modified_gmt":"2025-09-12T08:16:52","slug":"about-us","status":"publish","type":"page","link":"https:\/\/hangermachinery.com\/vi\/about-us\/","title":{"rendered":"V\u1ec1 ch\u00fang t\u00f4i"},"content":{"rendered":"<h2 class=\"wp-block-heading\" id=\"h-shuliy-company-introduction\">Gi\u1edbi thi\u1ec7u c\u00f4ng ty Shuliy<\/h2>    <div class=\"wp-block-columns has-black-color has-white-background-color has-text-color has-background is-layout-flex wp-container-core-columns-is-layout-9d6595d7 wp-block-columns-is-layout-flex\"> <div class=\"wp-block-column is-layout-flow wp-block-column-is-layout-flow\"> <p>Ch\u00e0o m\u1eebng \u0111\u1ebfn v\u1edbi Shuliy Machinery, nh\u00e0 s\u1ea3n xu\u1ea5t v\u00e0 cung c\u1ea5p m\u00e1y m\u00f3c l\u00e0m m\u00f3c treo h\u00e0ng \u0111\u1ea7u to\u00e0n c\u1ea7u. Ch\u00fang t\u00f4i cam k\u1ebft cung c\u1ea5p cho kh\u00e1ch h\u00e0ng tr\u00ean kh\u1eafp th\u1ebf gi\u1edbi c\u00e1c gi\u1ea3i ph\u00e1p s\u1ea3n xu\u1ea5t m\u00f3c treo th\u00f4ng minh, \u1ed5n \u0111\u1ecbnh v\u00e0 hi\u1ec7u su\u1ea5t cao, t\u1eeb d\u00e2y chuy\u1ec1n b\u00e1n t\u1ef1 \u0111\u1ed9ng \u0111\u1ebfn d\u00e2y chuy\u1ec1n ho\u00e0n to\u00e0n t\u1ef1 \u0111\u1ed9ng.<\/p>    <p>L\u00e0 m\u1ed9t b\u1ed9 ph\u1eadn chuy\u00ean m\u00f4n cao c\u1ee7a C\u00f4ng ty TNHH Thi\u1ebft b\u1ecb M\u00e1y m\u00f3c Tr\u1ecbnh Ch\u00e2u Shuliy (th\u00e0nh l\u1eadp 2011), ch\u00fang t\u00f4i k\u1ebft h\u1ee3p h\u01a1n m\u1ed9t th\u1eadp k\u1ef7 xu\u1ea5t s\u1eafc trong s\u1ea3n xu\u1ea5t m\u00e1y m\u00f3c v\u1edbi ki\u1ebfn th\u1ee9c s\u00e2u r\u1ed9ng trong ng\u00e0nh, t\u1eadp trung \u0111\u1ed9c quy\u1ec1n v\u00e0o l\u0129nh v\u1ef1c s\u1ea3n xu\u1ea5t m\u00f3c treo. S\u1ee9 m\u1ec7nh c\u1ee7a ch\u00fang t\u00f4i l\u00e0 gi\u00fap c\u00e1c doanh nh\u00e2n v\u00e0 nh\u00e0 s\u1ea3n xu\u1ea5t tr\u00ean to\u00e0n c\u1ea7u d\u1ec5 d\u00e0ng kh\u1edfi \u0111\u1ed9ng ho\u1eb7c n\u00e2ng c\u1ea5p doanh nghi\u1ec7p s\u1ea3n xu\u1ea5t m\u00f3c treo v\u1edbi c\u00f4ng ngh\u1ec7 t\u1ef1 \u0111\u1ed9ng h\u00f3a ti\u00ean ti\u1ebfn.<\/p>    <p>Cho d\u00f9 b\u1ea1n c\u00f3 k\u1ebf ho\u1ea1ch s\u1ea3n xu\u1ea5t m\u00f3c treo kim lo\u1ea1i, m\u00f3c treo nh\u1ef1a, hay c\u1ea7n c\u00e1c quy tr\u00ecnh ho\u00e0n thi\u1ec7n ti\u00ean ti\u1ebfn nh\u01b0 ph\u1ee7 PVC hay s\u01a1n nh\u1ef1a, ch\u00fang t\u00f4i cung c\u1ea5p gi\u1ea3i ph\u00e1p tr\u1ecdn g\u00f3i\u2014t\u1eeb m\u00e1y m\u00f3c \u0111\u01a1n l\u1ebb c\u1ed1t l\u00f5i \u0111\u1ebfn l\u1eadp k\u1ebf ho\u1ea1ch to\u00e0n b\u1ed9 d\u00e2y chuy\u1ec1n s\u1ea3n xu\u1ea5t. Thi\u1ebft b\u1ecb c\u1ee7a ch\u00fang t\u00f4i \u0111\u01b0\u1ee3c tin t\u01b0\u1edfng b\u1edfi c\u00e1c doanh nghi\u1ec7p \u1edf h\u01a1n 50 qu\u1ed1c gia v\u00e0 v\u00f9ng l\u00e3nh th\u1ed5, gi\u00fap v\u00f4 s\u1ed1 kh\u00e1ch h\u00e0ng \u0111\u1ea1t s\u1ea3n l\u01b0\u1ee3ng cao v\u00e0 th\u00e0nh c\u00f4ng th\u01b0\u01a1ng m\u1ea1i nh\u1edd hi\u1ec7u su\u1ea5t v\u00e0 \u0111\u1ed9 tin c\u1eady v\u01b0\u1ee3t tr\u1ed9i.<\/p>    <p class=\"translation-block\">C\u00e1c s\u1ea3n ph\u1ea9m ch\u00ednh l\u00e0 <a href=\"https:\/\/hangermachinery.com\/vi\/product\/galvanized-wire-hanger-machine\/\">m\u00e1y t\u1ea1o h\u00ecnh m\u00f3c treo<\/a>, <a href=\"https:\/\/hangermachinery.com\/vi\/products\/plastic-coated-hanger-production-line\/\">m\u00e1y phun m\u00f3c treo<\/a>, <a href=\"https:\/\/hangermachinery.com\/vi\/products\/plastic-coated-hanger-production-line\/\">m\u00e1y ph\u1ee7 nh\u1ef1a<\/a> v\u00e0 m\u00e1y s\u1ea5y m\u00f3c treo.<\/p>   <div class=\"wp-block-image\"> <figure class=\"aligncenter size-full\"><img loading=\"lazy\" decoding=\"async\" width=\"720\" height=\"377\" src=\"https:\/\/hangermachinery.com\/wp-content\/uploads\/2022\/07\/lQDPDhs_TXrzscrNAsTNBUiwGKeGkYV7oCUCOGNlzsBJAA_1352_708.jpg_720x720q90g.jpg\" alt=\"c\u00f4ng ty shuliy\" class=\"wp-image-165\" title=\"\" srcset=\"https:\/\/hangermachinery.com\/wp-content\/uploads\/2022\/07\/lQDPDhs_TXrzscrNAsTNBUiwGKeGkYV7oCUCOGNlzsBJAA_1352_708.jpg_720x720q90g.jpg 720w, https:\/\/hangermachinery.com\/wp-content\/uploads\/2022\/07\/lQDPDhs_TXrzscrNAsTNBUiwGKeGkYV7oCUCOGNlzsBJAA_1352_708.jpg_720x720q90g-300x157.jpg 300w\" sizes=\"auto, (max-width: 720px) 100vw, 720px\" \/><figcaption class=\"wp-element-caption\">C\u00f4ng ty Shuliy<\/figcaption><\/figure> <\/div>   <h2 class=\"wp-block-heading\">C\u00e1c l\u1ef1a ch\u1ecdn cho m\u00f3c treo qu\u1ea7n \u00e1o c\u1ee7a b\u1ea1n l\u00e0 g\u00ec?<\/h2>    <p>H\u00ecnh d\u1ea1ng ph\u1ed5 bi\u1ebfn c\u1ee7a m\u00f3c treo c\u00f3 th\u1ec3 kh\u00e1c nhau t\u00f9y theo t\u1eebng n\u01a1i, v\u00ec v\u1eady m\u00e1y l\u00e0m m\u00f3c treo c\u1ee7a Shuley \u0111\u00e1p \u1ee9ng nhu c\u1ea7u kh\u00e1ch h\u00e0ng v\u00e0 c\u00f3 ba h\u00ecnh d\u1ea1ng kh\u00e1c nhau: m\u00f3c treo m\u1ea1 k\u1ebdm, m\u00f3c treo h\u00ecnh b\u01b0\u1edbm v\u00e0 m\u00f3c treo h\u00e0n. H\u00ecnh b\u00ean d\u01b0\u1edbi l\u00e0 h\u00ecnh d\u1ea1ng c\u1ee7a m\u00e1y l\u00e0m m\u00f3c treo \u0111\u1ec3 kh\u00e1ch h\u00e0ng l\u1ef1a ch\u1ecdn. B\u1ea1n c\u00f3 th\u1ec3 n\u00f3i tr\u1ef1c ti\u1ebfp cho ch\u00fang t\u00f4i bi\u1ebft lo\u1ea1i n\u00e0o b\u1ea1n y\u00eau th\u00edch.<\/p>   <div class=\"wp-block-image\"> <figure class=\"aligncenter size-full\"><img loading=\"lazy\" decoding=\"async\" width=\"720\" height=\"540\" src=\"https:\/\/hangermachinery.com\/wp-content\/uploads\/2022\/07\/red-hanger.webp\" alt=\"m\u00f3c treo nh\u1ef1a \u0111\u01b0\u1ee3c l\u00e0m b\u1eb1ng m\u00e1y s\u1ea3n xu\u1ea5t m\u00f3c treo shuliy\" class=\"wp-image-471\" title=\"\" srcset=\"https:\/\/hangermachinery.com\/wp-content\/uploads\/2022\/07\/red-hanger.webp 720w, https:\/\/hangermachinery.com\/wp-content\/uploads\/2022\/07\/red-hanger-300x225.webp 300w\" sizes=\"auto, (max-width: 720px) 100vw, 720px\" \/><figcaption class=\"wp-element-caption\">m\u00f3c treo nh\u1ef1a \u0111\u01b0\u1ee3c s\u1ea3n xu\u1ea5t b\u1edfi m\u00e1y l\u00e0m m\u00f3c treo Shuliy<\/figcaption><\/figure> <\/div><\/div> <\/div>    <h2 class=\"wp-block-heading\">M\u00e1y l\u00e0m m\u00f3c treo ph\u1ed5 bi\u1ebfn \u1edf nh\u1eefng qu\u1ed1c gia n\u00e0o?<\/h2>    <p>M\u00f3c treo qu\u1ea7n \u00e1o l\u00e0 v\u1eadt d\u1ee5ng gia \u0111\u00ecnh \u0111\u01b0\u1ee3c s\u1eed d\u1ee5ng \u1edf m\u1ecdi khu v\u1ef1c v\u00e0 m\u1ecdi gia \u0111\u00ecnh tr\u00ean kh\u1eafp c\u00e1c qu\u1ed1c gia, v\u00ec v\u1eady ch\u00fang r\u1ea5t ph\u1ed5 bi\u1ebfn \u1edf nhi\u1ec1u n\u01b0\u1edbc nh\u01b0 \u00dac, \u1ea2 R\u1eadp X\u00ea \u00dat, Oman, C\u00e1c Ti\u1ec3u v\u01b0\u01a1ng qu\u1ed1c \u1ea2 R\u1eadp Th\u1ed1ng nh\u1ea5t, Ma-r\u1ed1c, Mexico, Th\u1ee5y \u0110i\u1ec3n, T\u00e2y Ban Nha, Yemen, Campuchia, Kazakhstan, Pakistan, v\u00e0 c\u00e1c qu\u1ed1c gia kh\u00e1c.<\/p>    <figure class=\"wp-block-gallery has-nested-images columns-default is-cropped wp-block-gallery-2 is-layout-flex wp-block-gallery-is-layout-flex\"> <figure class=\"wp-block-image size-large\"><img loading=\"lazy\" decoding=\"async\" width=\"561\" height=\"213\" data-id=\"164\" src=\"http:\/\/hangermachinery.com\/wp-content\/uploads\/2022\/07\/ABOUTUS_2.jpg\" alt=\"shuliy company certificate\" class=\"wp-image-164\" title=\"\" srcset=\"https:\/\/hangermachinery.com\/wp-content\/uploads\/2022\/07\/ABOUTUS_2.jpg 561w, https:\/\/hangermachinery.com\/wp-content\/uploads\/2022\/07\/ABOUTUS_2-300x114.jpg 300w\" sizes=\"auto, (max-width: 561px) 100vw, 561px\" \/><figcaption class=\"wp-element-caption\">Ch\u1ee9ng ch\u1ec9 C\u00f4ng ty Shuliy<\/figcaption><\/figure>    <figure class=\"wp-block-image size-large\"><img loading=\"lazy\" decoding=\"async\" width=\"559\" height=\"219\" data-id=\"163\" src=\"http:\/\/hangermachinery.com\/wp-content\/uploads\/2022\/07\/ABOUTUS_1.jpg\" alt=\"shuliy company certificate\" class=\"wp-image-163\" title=\"\" srcset=\"https:\/\/hangermachinery.com\/wp-content\/uploads\/2022\/07\/ABOUTUS_1.jpg 559w, https:\/\/hangermachinery.com\/wp-content\/uploads\/2022\/07\/ABOUTUS_1-300x118.jpg 300w\" sizes=\"auto, (max-width: 559px) 100vw, 559px\" \/><figcaption class=\"wp-element-caption\">Ch\u1ee9ng ch\u1ec9 C\u00f4ng ty Shuliy<\/figcaption><\/figure> <\/figure>    <h2 class=\"wp-block-heading\">T\u1ea1i sao ch\u1ecdn ch\u00fang t\u00f4i?<\/h2>    <p class=\"translation-block\"><strong>T\u1eadp trung v\u00f4 song:<\/strong> ch\u00fang t\u00f4i ch\u1ec9 l\u00e0m m\u1ed9t vi\u1ec7c, nh\u01b0ng l\u00e0m t\u1ed1t nh\u1ea5t: m\u00e1y m\u00f3c s\u1ea3n xu\u1ea5t m\u00f3c treo. \u0110\u1ed9i ng\u0169 c\u1ee7a ch\u00fang t\u00f4i c\u00f3 hi\u1ec3u bi\u1ebft s\u00e2u s\u1eafc v\u1ec1 m\u1ecdi kh\u00eda c\u1ea1nh c\u1ee7a s\u1ea3n xu\u1ea5t m\u00f3c treo, gi\u00fap ch\u00fang t\u00f4i \u0111\u01b0a ra l\u1eddi khuy\u00ean hi\u1ec7u qu\u1ea3 v\u00e0 s\u00e2u s\u1eafc nh\u1ea5t.<\/p>    <p class=\"translation-block\"><strong>D\u00f2ng s\u1ea3n ph\u1ea9m ho\u00e0n ch\u1ec9nh:<\/strong> ch\u00fang t\u00f4i cung c\u1ea5p danh m\u1ee5c thi\u1ebft b\u1ecb to\u00e0n di\u1ec7n bao g\u1ed3m nhi\u1ec1u v\u1eadt li\u1ec7u v\u00e0 quy tr\u00ecnh kh\u00e1c nhau, t\u1ea1o ra tr\u1ea3i nghi\u1ec7m th\u1ef1c s\u1ef1 m\u1ed9t \u0111i\u1ec3m \u0111\u1ebfn, \u0111\u1ea3m b\u1ea3o quy tr\u00ecnh s\u1ea3n xu\u1ea5t li\u1ec1n m\u1ea1ch.<\/p>    <p class=\"translation-block\"><strong>K\u1ef9 thu\u1eadt h\u01b0\u1edbng \u0111\u1ebfn hi\u1ec7u su\u1ea5t:<\/strong> m\u00e1y c\u1ee7a ch\u00fang t\u00f4i \u0111\u01b0\u1ee3c thi\u1ebft k\u1ebf \u0111\u1ec3 \u0111\u1ea1t hi\u1ec7u qu\u1ea3 t\u1ed1i \u0111a v\u00e0 \u0111\u1ed9 b\u1ec1n l\u00e2u d\u00e0i. B\u1eb1ng c\u00e1ch s\u1eed d\u1ee5ng c\u00e1c th\u00e0nh ph\u1ea7n ch\u1ea5t l\u01b0\u1ee3ng cao v\u00e0 k\u1ef9 thu\u1eadt ch\u00ednh x\u00e1c, ch\u00fang t\u00f4i \u0111\u1ea3m b\u1ea3o b\u1ea1n nh\u1eadn \u0111\u01b0\u1ee3c l\u1ee3i t\u1ee9c \u0111\u1ea7u t\u01b0 cao nh\u1ea5t.<\/p>    <p class=\"translation-block\"><strong>D\u1ecbch v\u1ee5 v\u00e0 h\u1ed7 tr\u1ee3 to\u00e0n c\u1ea7u:<\/strong> \u0111\u01b0\u1ee3c h\u1ed7 tr\u1ee3 b\u1edfi h\u1ec7 th\u1ed1ng h\u1ed7 tr\u1ee3 to\u00e0n c\u1ea7u m\u1ea1nh m\u1ebd c\u1ee7a T\u1eadp \u0111o\u00e0n Shuliy, ch\u00fang t\u00f4i cung c\u1ea5p d\u1ecbch v\u1ee5 tr\u1ecdn g\u00f3i, t\u1eeb t\u01b0 v\u1ea5n ban \u0111\u1ea7u v\u00e0 thi\u1ebft k\u1ebf b\u1ed1 c\u1ee5c nh\u00e0 m\u00e1y \u0111\u1ebfn l\u1eafp \u0111\u1eb7t, \u0111\u00e0o t\u1ea1o v\u00e0 cung c\u1ea5p ph\u1ee5 t\u00f9ng l\u00e2u d\u00e0i.<\/p>    <figure class=\"wp-block-gallery has-nested-images columns-default is-cropped wp-block-gallery-3 is-layout-flex wp-block-gallery-is-layout-flex\"> <figure class=\"wp-block-image size-large\"><img loading=\"lazy\" decoding=\"async\" width=\"720\" height=\"540\" data-id=\"757\" src=\"https:\/\/hangermachinery.com\/wp-content\/uploads\/2025\/09\/Kenyan-customers-visit.webp\" alt=\"Kenyan customers visit\" class=\"wp-image-757\" title=\"\" srcset=\"https:\/\/hangermachinery.com\/wp-content\/uploads\/2025\/09\/Kenyan-customers-visit.webp 720w, https:\/\/hangermachinery.com\/wp-content\/uploads\/2025\/09\/Kenyan-customers-visit-300x225.webp 300w, https:\/\/hangermachinery.com\/wp-content\/uploads\/2025\/09\/Kenyan-customers-visit-16x12.webp 16w\" sizes=\"auto, (max-width: 720px) 100vw, 720px\" \/><figcaption class=\"wp-element-caption\">Kh\u00e1ch h\u00e0ng Kenya Th\u0103m Quan<\/figcaption><\/figure>    <figure class=\"wp-block-image size-large\"><img loading=\"lazy\" decoding=\"async\" width=\"720\" height=\"540\" data-id=\"761\" src=\"https:\/\/hangermachinery.com\/wp-content\/uploads\/2025\/09\/Spanish-customers-visit.webp\" alt=\"Kh\u00e1ch h\u00e0ng T\u00e2y Ban Nha \u0111\u1ebfn th\u0103m\" class=\"wp-image-761\" title=\"\" srcset=\"https:\/\/hangermachinery.com\/wp-content\/uploads\/2025\/09\/Spanish-customers-visit.webp 720w, https:\/\/hangermachinery.com\/wp-content\/uploads\/2025\/09\/Spanish-customers-visit-300x225.webp 300w, https:\/\/hangermachinery.com\/wp-content\/uploads\/2025\/09\/Spanish-customers-visit-16x12.webp 16w\" sizes=\"auto, (max-width: 720px) 100vw, 720px\" \/><figcaption class=\"wp-element-caption\">Kh\u00e1ch h\u00e0ng T\u00e2y Ban Nha Th\u0103m Quan<\/figcaption><\/figure>    <figure class=\"wp-block-image size-large\"><img loading=\"lazy\" decoding=\"async\" width=\"720\" height=\"540\" data-id=\"762\" src=\"https:\/\/hangermachinery.com\/wp-content\/uploads\/2025\/09\/Turkish-customers-visit.webp\" alt=\"Kh\u00e1ch h\u00e0ng Th\u1ed5 Nh\u0129 K\u1ef3 \u0111\u1ebfn th\u0103m\" class=\"wp-image-762\" title=\"\" srcset=\"https:\/\/hangermachinery.com\/wp-content\/uploads\/2025\/09\/Turkish-customers-visit.webp 720w, https:\/\/hangermachinery.com\/wp-content\/uploads\/2025\/09\/Turkish-customers-visit-300x225.webp 300w, https:\/\/hangermachinery.com\/wp-content\/uploads\/2025\/09\/Turkish-customers-visit-16x12.webp 16w\" sizes=\"auto, (max-width: 720px) 100vw, 720px\" \/><figcaption class=\"wp-element-caption\">Kh\u00e1ch h\u00e0ng Th\u1ed5 Nh\u0129 K\u1ef3 Th\u0103m Quan<\/figcaption><\/figure> <\/figure>    <p>M\u1ee5c ti\u00eau s\u1ea3n xu\u1ea5t c\u1ee7a b\u1ea1n l\u00e0 b\u1ea3n k\u1ebf ho\u1ea1ch h\u00e0nh \u0111\u1ed9ng c\u1ee7a ch\u00fang t\u00f4i.<\/p>    <p>Ch\u00fang t\u00f4i r\u1ea5t mong \u0111\u01b0\u1ee3c th\u1ea3o lu\u1eadn chi ti\u1ebft v\u1ec1 d\u1ef1 \u00e1n c\u1ee7a b\u1ea1n v\u00e0 gi\u00fap bi\u1ebfn t\u1ea7m nh\u00ecn kinh doanh c\u1ee7a b\u1ea1n th\u00e0nh hi\u1ec7n th\u1ef1c hi\u1ec7u su\u1ea5t cao. Li\u00ean h\u1ec7 v\u1edbi \u0111\u1ed9i ng\u0169 chuy\u00ean gia c\u1ee7a ch\u00fang t\u00f4i ngay h\u00f4m nay \u0111\u1ec3 nh\u1eadn t\u01b0 v\u1ea5n v\u00e0 b\u00e1o gi\u00e1 mi\u1ec5n ph\u00ed.<\/p>    <figure class=\"wp-block-gallery has-nested-images columns-default is-cropped wp-block-gallery-4 is-layout-flex wp-block-gallery-is-layout-flex\"> <figure class=\"wp-block-image size-large\"><img loading=\"lazy\" decoding=\"async\" width=\"720\" height=\"540\" data-id=\"763\" src=\"https:\/\/hangermachinery.com\/wp-content\/uploads\/2025\/09\/Yemeni-customers-visit.webp\" alt=\"Yemeni customers visit\" class=\"wp-image-763\" title=\"\" srcset=\"https:\/\/hangermachinery.com\/wp-content\/uploads\/2025\/09\/Yemeni-customers-visit.webp 720w, https:\/\/hangermachinery.com\/wp-content\/uploads\/2025\/09\/Yemeni-customers-visit-300x225.webp 300w, https:\/\/hangermachinery.com\/wp-content\/uploads\/2025\/09\/Yemeni-customers-visit-16x12.webp 16w\" sizes=\"auto, (max-width: 720px) 100vw, 720px\" \/><figcaption class=\"wp-element-caption\">Kh\u00e1ch h\u00e0ng Yemen Th\u0103m Quan<\/figcaption><\/figure>    <figure class=\"wp-block-image size-large\"><img loading=\"lazy\" decoding=\"async\" width=\"720\" height=\"540\" data-id=\"758\" src=\"https:\/\/hangermachinery.com\/wp-content\/uploads\/2025\/09\/Nigerian-customers-visit.webp\" alt=\"Nigerian customers visit\" class=\"wp-image-758\" title=\"\" srcset=\"https:\/\/hangermachinery.com\/wp-content\/uploads\/2025\/09\/Nigerian-customers-visit.webp 720w, https:\/\/hangermachinery.com\/wp-content\/uploads\/2025\/09\/Nigerian-customers-visit-300x225.webp 300w, https:\/\/hangermachinery.com\/wp-content\/uploads\/2025\/09\/Nigerian-customers-visit-16x12.webp 16w\" sizes=\"auto, (max-width: 720px) 100vw, 720px\" \/><figcaption class=\"wp-element-caption\">Kh\u00e1ch h\u00e0ng Nigeria Th\u0103m Quan<\/figcaption><\/figure> <\/figure>","protected":false},"excerpt":{"rendered":"<p>Shuliy company introduction Welcome to Shuliy Machinery, a leading global manufacturer and supplier of hanger-making machinery. We are dedicated to providing clients worldwide with intelligent, stable, and high-efficiency hanger production solutions, from semi-automatic to fully automated lines. As a highly specialized division of Zhengzhou Shuliy Machinery Equipment Co., Ltd. (est. 2011), we combine over a [&hellip;]<\/p>\n","protected":false},"author":1,"featured_media":0,"parent":0,"menu_order":0,"comment_status":"closed","ping_status":"open","template":"","meta":{"footnotes":""},"class_list":["post-3","page","type-page","status-publish","hentry"],"_links":{"self":[{"href":"https:\/\/hangermachinery.com\/vi\/wp-json\/wp\/v2\/pages\/3","targetHints":{"allow":["GET"]}}],"collection":[{"href":"https:\/\/hangermachinery.com\/vi\/wp-json\/wp\/v2\/pages"}],"about":[{"href":"https:\/\/hangermachinery.com\/vi\/wp-json\/wp\/v2\/types\/page"}],"author":[{"embeddable":true,"href":"https:\/\/hangermachinery.com\/vi\/wp-json\/wp\/v2\/users\/1"}],"replies":[{"embeddable":true,"href":"https:\/\/hangermachinery.com\/vi\/wp-json\/wp\/v2\/comments?post=3"}],"version-history":[{"count":0,"href":"https:\/\/hangermachinery.com\/vi\/wp-json\/wp\/v2\/pages\/3\/revisions"}],"wp:attachment":[{"href":"https:\/\/hangermachinery.com\/vi\/wp-json\/wp\/v2\/media?parent=3"}],"curies":[{"name":"wp","href":"https:\/\/api.w.org\/{rel}","templated":true}]}}