{"id":109,"date":"2022-07-17T16:28:30","date_gmt":"2022-07-17T16:28:30","guid":{"rendered":"https:\/\/hangermachinery.com\/?post_type=product&#038;p=109"},"modified":"2023-08-16T14:08:28","modified_gmt":"2023-08-16T06:08:28","slug":"coat-hanger-making-machine","status":"publish","type":"product","link":"https:\/\/hangermachinery.com\/vi\/product\/coat-hanger-making-machine\/","title":{"rendered":"M\u00e1y L\u00e0m M\u00f3c \u00c1o Kho\u00e1c | M\u00e1y S\u1ea3n Xu\u1ea5t M\u00f3c Treo"},"content":{"rendered":"<p class=\"translation-block\">M\u00e1y l\u00e0m m\u00f3c treo \u00e1o l\u00e0 m\u00e1y s\u1eed d\u1ee5ng d\u00e2y nh\u1ef1a \u0111\u1ec3 l\u00e0m m\u00f3c. M\u00e1y c\u00f3 \u0111\u1eb7c \u0111i\u1ec3m hi\u1ec7u su\u1ea5t l\u00e0m vi\u1ec7c cao, \u0111\u1ed9 th\u00f4ng minh cao, v\u00e0 kh\u00f4ng c\u1ea7n s\u1ef1 tham gia qu\u00e1 nhi\u1ec1u c\u1ee7a con ng\u01b0\u1eddi. <a href=\"https:\/\/hangermachinery.com\/vi\/products\/plastic-coated-hanger-production-line\/\">M\u00e1y m\u00f3c treo \u00e1o d\u00e2y ph\u1ee7<\/a><a href=\"https:\/\/hangermachinery.com\/vi\/product\/plastic-coated-hanger-production-line-clothes-hanger-machine\/\">e<\/a> \u0111\u00e3 \u0111em l\u1ea1i l\u1ee3i nhu\u1eadn l\u1edbn cho nhi\u1ec1u nh\u00e0 s\u1ea3n xu\u1ea5t.<\/p>    <figure class=\"wp-block-image size-full\"><img loading=\"lazy\" decoding=\"async\" width=\"720\" height=\"540\" src=\"https:\/\/hangermachinery.com\/wp-content\/uploads\/2022\/07\/Coat-hanger.webp\" alt=\"M\u00f3c \u00e1o kho\u00e1c\" class=\"wp-image-330\" title=\"\" srcset=\"https:\/\/hangermachinery.com\/wp-content\/uploads\/2022\/07\/Coat-hanger.webp 720w, https:\/\/hangermachinery.com\/wp-content\/uploads\/2022\/07\/Coat-hanger-300x225.webp 300w\" sizes=\"auto, (max-width: 720px) 100vw, 720px\" \/><figcaption class=\"wp-element-caption\">M\u00f3c treo qu\u1ea7n \u00e1o &amp;Nbsp;<\/figcaption><\/figure>    <h2 class=\"wp-block-heading\" id=\"h-what-is-plastic-coat-wire\">Nh\u1ef1a l\u00e0 g\u00ec <span style=\"font-size: revert; color: revert; font-weight: revert;\">\u00e1o kho\u00e1c<\/span> d\u00e2y?<\/h2>    <figure class=\"wp-block-image size-full\"><img loading=\"lazy\" decoding=\"async\" width=\"720\" height=\"540\" src=\"https:\/\/hangermachinery.com\/wp-content\/uploads\/2022\/07\/plastic-coat-wire.webp\" alt=\"D\u00e2y th\u00e9p \u00e1o kho\u00e1c nh\u1ef1a\" class=\"wp-image-331\" title=\"\" srcset=\"https:\/\/hangermachinery.com\/wp-content\/uploads\/2022\/07\/plastic-coat-wire.webp 720w, https:\/\/hangermachinery.com\/wp-content\/uploads\/2022\/07\/plastic-coat-wire-300x225.webp 300w\" sizes=\"auto, (max-width: 720px) 100vw, 720px\" \/><figcaption class=\"wp-element-caption\">D\u00e2y ph\u1ee7 nh\u1ef1a<\/figcaption><\/figure>    <p class=\"translation-block\"><a href=\"https:\/\/www.amazon.com\/coated-wire\/s?k=coated+wire\" data-type=\"URL\" data-id=\"https:\/\/www.amazon.com\/coated-wire\/s?k=coated+wire\" target=\"_blank\" rel=\"noopener\">D\u00e2y ph\u1ee7<\/a> l\u00e0 d\u00e2y m\u1ea1 k\u1ebdm v\u00e0 d\u00e2y s\u1eaft \u0111\u00e3 qua x\u1eed l\u00fd. Sau khi \u0111i qua m\u00e1y ph\u1ee7, d\u00e2y s\u1ebd \u0111\u01b0\u1ee3c b\u1ecdc m\u1ed9t l\u1edbp v\u1ecf nh\u1ef1a. Lo\u1ea1i d\u00e2y nh\u01b0 v\u1eady \u0111\u01b0\u1ee3c g\u1ecdi l\u00e0 d\u00e2y ph\u1ee7, v\u00e0 d\u00e2y \u0111\u00e3 x\u1eed l\u00fd \u0111\u01b0\u1ee3c l\u00e0m th\u00e0nh m\u00f3c treo. N\u00f3 tinh x\u1ea3o, v\u00e0 b\u1ea1n c\u00f3 th\u1ec3 ch\u1ecdn nhi\u1ec1u m\u00e0u s\u1eafc kh\u00e1c nhau cho m\u00e1y l\u00e0m m\u00f3c treo \u0111\u1ec3 thu h\u00fat kh\u00e1ch mua. Ngo\u00e0i ra, m\u00f3c \u00e1o sau khi nh\u00fang c\u00f2n ch\u1ed1ng tr\u01b0\u1ee3t t\u1ed1t h\u01a1n. N\u1ebfu b\u1ea1n d\u00f9ng d\u00e2y s\u1eaft \u0111\u1ec3 s\u1ea3n xu\u1ea5t m\u00f3c, n\u00f3 c\u0169ng c\u00f3 th\u1ec3 \u0111\u00f3ng vai tr\u00f2 b\u1ea3o v\u1ec7 khi ph\u01a1i qu\u1ea7n \u00e1o.<\/p>    <h2 class=\"wp-block-heading\" id=\"h-the-main-advantages-of-the-coat-hanger-making-machine\">\u01afu \u0111i\u1ec3m ch\u00ednh c\u1ee7a m\u00e1y l\u00e0m m\u00f3c \u00e1o kho\u00e1c<\/h2>    <ol class=\"wp-block-list\"> <li>Chi\u1ec1u d\u00e0i \u0111\u01b0\u1eddng c\u1ea5p d\u00e2y l\u00e0 ti\u00eau chu\u1ea9n.<\/li>    <li>T\u1ed1c \u0111\u1ed9 c\u00f3 th\u1ec3 \u0111i\u1ec1u ch\u1ec9nh theo \u0111\u01b0\u1eddng k\u00ednh d\u00e2y, b\u1ea5t k\u1ef3 t\u1ed1c \u0111\u1ed9 n\u00e0o.<\/li>    <li>V\u1edbi s\u1ea3n l\u01b0\u1ee3ng cao v\u00e0 t\u1ed1c \u0111\u1ed9 nhanh, nhanh nh\u1ea5t c\u00f3 th\u1ec3 s\u1ea3n xu\u1ea5t 45 chi\u1ebfc m\u1ed7i ph\u00fat.<\/li>    <li>Ti\u1ec7n nh\u1ea5t l\u00e0 thay khu\u00f4n (ki\u1ec3u d\u00e1ng m\u00f3c), thu\u1eadn ti\u1ec7n v\u00e0 \u0111\u01a1n gi\u1ea3n. Nh\u1eadp chi\u1ec1u d\u00e0i d\u00e2y c\u1ea7n thi\u1ebft tr\u00ean m\u00e0n h\u00ecnh v\u00e0 di chuy\u1ec3n v\u1ecb tr\u00ed c\u1ee7a dao c\u1eaft.<\/li>    <li>M\u00e1y c\u00f3 th\u1ec3 th\u00edch \u1ee9ng \u0111\u1ec3 s\u1ea3n xu\u1ea5t: th\u00e9p kh\u00f4ng g\u1ec9 201, th\u00e9p kh\u00f4ng g\u1ec9 410, d\u00e2y m\u1ea1 \u0111i\u1ec7n, d\u00e2y s\u1eaft th\u01b0\u1eddng, d\u00e2y ph\u1ee7 cao su v\u00e0 d\u00e2y nh\u00f4m.<\/li>    <li>M\u00e1y l\u00e0m m\u00f3c treo \u00e1o n\u00e0y \u00e1p d\u1ee5ng \u0111i\u1ec1u khi\u1ec3n s\u1ed1 t\u1ef1 \u0111\u1ed9ng, c\u1ea5p d\u00e2y ch\u00ednh x\u00e1c, v\u1eadn h\u00e0nh \u1ed5n \u0111\u1ecbnh v\u00e0 ti\u1ebfng \u1ed3n th\u1ea5p, <a href=\"https:\/\/hangermachinery.com\/vi\/Info\/what-is-hanger-manufacturing-process\/\">M\u1ed9t m\u00e1y c\u00f3 th\u1ec3 s\u1ea3n xu\u1ea5t nhi\u1ec1u lo\u1ea1i m\u00f3c treo<\/a>. M\u1ed9t c\u00f4ng nh\u00e2n c\u00f3 th\u1ec3 qu\u1ea3n l\u00fd 4-8 m\u00e1y, gi\u00fap ti\u1ebft ki\u1ec7m nh\u00e2n c\u00f4ng t\u1ed1i \u0111a cho b\u1ea1n. v\u00e0 \u0111\u01b0\u1eddng k\u00ednh d\u00e2y ph\u00f9 h\u1ee3p l\u00e0 1.7-3.5.<br><\/li> <\/ol>    <h2 class=\"wp-block-heading\" id=\"h-what-are-the-benefits-of-hanger-coating-plastic\">L\u1ee3i \u00edch c\u1ee7a vi\u1ec7c ph\u1ee7 nh\u1ef1a l\u00ean m\u00f3c treo l\u00e0 g\u00ec?<\/h2>    <figure class=\"wp-block-image size-full\"><img loading=\"lazy\" decoding=\"async\" width=\"720\" height=\"540\" src=\"https:\/\/hangermachinery.com\/wp-content\/uploads\/2022\/07\/\u4ea7\u54c1.webp\" alt=\"l\u1edbp ph\u1ee7 nh\u1ef1a cho m\u00f3c treo\" class=\"wp-image-332\" title=\"\" srcset=\"https:\/\/hangermachinery.com\/wp-content\/uploads\/2022\/07\/\u4ea7\u54c1.webp 720w, https:\/\/hangermachinery.com\/wp-content\/uploads\/2022\/07\/\u4ea7\u54c1-300x225.webp 300w\" sizes=\"auto, (max-width: 720px) 100vw, 720px\" \/><figcaption class=\"wp-element-caption\">Ph\u1ee7 nh\u1ef1a l\u00ean m\u00f3c treo<\/figcaption><\/figure>    <p>Quy tr\u00ecnh nh\u00fang c\u00f3 c\u00e1c \u0111\u1eb7c t\u00ednh kh\u00f4ng \u0111\u1ed9c h\u1ea1i, ch\u1ed1ng m\u00f2n, ch\u1ed1ng s\u00e1ng, m\u00e0u s\u1eafc t\u01b0\u01a1i s\u00e1ng v\u00e0 c\u1ea3m gi\u00e1c c\u1ea7m t\u1ed1t. Hi\u1ec7n nay, s\u1ea3n ph\u1ea9m nh\u00fang nh\u1ef1a v\u00e0 ph\u1ee7 nh\u1ef1a c\u0169ng xu\u1ea5t hi\u1ec7n r\u1ea5t nhi\u1ec1u trong cu\u1ed9c s\u1ed1ng h\u00e0ng ng\u00e0y, ch\u1eb3ng h\u1ea1n t\u1ea1 nh\u00fang nh\u1ef1a, \u0111\u1eb7c bi\u1ec7t l\u00e0 t\u1ea1 c\u00f3 b\u1ec1 m\u1eb7t th\u1ea5m b\u00f4ng gai. C\u00f2n c\u00f3 c\u1ea3 lan can. Tr\u01b0\u1edbc \u0111\u00e2y lan can d\u1ec5 b\u1ecb bong s\u01a1n, nh\u01b0ng lan can sau khi nh\u00fang c\u00f3 th\u1ec3 s\u1eed d\u1ee5ng nhi\u1ec1u n\u0103m m\u00e0 kh\u00f4ng phai m\u00e0u, v\u00e0 m\u00e0u s\u1eafc v\u1eabn t\u01b0\u01a1i nh\u01b0 m\u1edbi. Sau nhi\u1ec1u n\u0103m kinh nghi\u1ec7m, m\u00f3c \u00e1o ph\u1ee7 cao su \u0111\u00e3 tr\u1edf th\u00e0nh m\u1ed9t quy tr\u00ecnh r\u1ea5t tr\u01b0\u1edfng th\u00e0nh v\u00e0 r\u1ea5t an to\u00e0n, \u0111\u00e1ng tin c\u1eady. C\u00f4ng ty Shuliy c\u00f3 d\u00e2y chuy\u1ec1n s\u1ea3n xu\u1ea5t cao su ho\u00e0n ch\u1ec9nh, s\u1ea3n xu\u1ea5t t\u1ef1 \u0111\u1ed9ng ho\u00e0n to\u00e0n.<\/p>    <h2 class=\"wp-block-heading\" id=\"h-parameters-of-hanger-product-machine\">Th\u00f4ng s\u1ed1 k\u1ef9 thu\u1eadt c\u1ee7a m\u00e1y l\u00e0m m\u00f3c \u00e1o<\/h2>    <figure class=\"wp-block-image size-full\"><img loading=\"lazy\" decoding=\"async\" width=\"720\" height=\"540\" src=\"https:\/\/hangermachinery.com\/wp-content\/uploads\/2022\/07\/wire-cloth-hanger-machine.webp\" alt=\"coat\u00a0hanger-making\u00a0machine\" class=\"wp-image-333\" title=\"\" srcset=\"https:\/\/hangermachinery.com\/wp-content\/uploads\/2022\/07\/wire-cloth-hanger-machine.webp 720w, https:\/\/hangermachinery.com\/wp-content\/uploads\/2022\/07\/wire-cloth-hanger-machine-300x225.webp 300w\" sizes=\"auto, (max-width: 720px) 100vw, 720px\" \/><figcaption class=\"wp-element-caption\">M\u00e1y m\u00f3c treo qu\u1ea7n \u00e1o d\u00e2y v\u1ea3i<\/figcaption><\/figure>    <figure class=\"wp-block-table\"><table><tbody><tr><td>M\u1eabu m\u00e3 &nbsp;<\/td><td>SL-40 &nbsp;<\/td><\/tr><tr><td>N\u0103ng su\u1ea5t &nbsp;<\/td><td>30-40 chi\u1ebfc\/ph\u00fat &nbsp;<\/td><\/tr><tr><td>\u0110\u01b0\u1eddng k\u00ednh d\u00e2y &nbsp;<\/td><td>T\u00f9y ch\u1ec9nh &nbsp;<\/td><\/tr><tr><td>\u0110i\u1ec7n \u00e1p &nbsp;<\/td><td>220V\/380V &nbsp;<\/td><\/tr><tr><td>K\u00edch th\u01b0\u1edbc m\u00f3c \u00e1o &nbsp;<\/td><td>T\u00f9y ch\u1ec9nh &nbsp;<\/td><\/tr><tr><td>Tr\u1ecdng l\u01b0\u1ee3ng t\u1ecbnh &nbsp;<\/td><td>700KG &nbsp;<\/td><\/tr><tr><td>K\u00edch th\u01b0\u1edbc m\u00e1y &nbsp;<\/td><td>1800*800*1650mm &nbsp;<\/td><\/tr><\/tbody><\/table><figcaption class=\"wp-element-caption\">m\u00e1y l\u00e0m m\u00f3c treo \u00e1o<\/figcaption><\/figure>    <h2 class=\"wp-block-heading\" id=\"h-hanger-product-machine-producing-the-size-of-the-hanger\">M\u00e1y s\u1ea3n xu\u1ea5t m\u00f3c treo k\u00edch th\u01b0\u1edbc c\u1ee7a m\u00f3c treo<\/h2>    <figure class=\"wp-block-image size-full\"><img loading=\"lazy\" decoding=\"async\" width=\"720\" height=\"540\" src=\"https:\/\/hangermachinery.com\/wp-content\/uploads\/2022\/07\/size-of-the-hanger.webp\" alt=\"k\u00edch th\u01b0\u1edbc c\u1ee7a m\u00f3c\" class=\"wp-image-334\" title=\"\" srcset=\"https:\/\/hangermachinery.com\/wp-content\/uploads\/2022\/07\/size-of-the-hanger.webp 720w, https:\/\/hangermachinery.com\/wp-content\/uploads\/2022\/07\/size-of-the-hanger-300x225.webp 300w\" sizes=\"auto, (max-width: 720px) 100vw, 720px\" \/><figcaption class=\"wp-element-caption\">K\u00edch th\u01b0\u1edbc c\u1ee7a m\u00f3c treo<\/figcaption><\/figure>    <p>K\u00edch th\u01b0\u1edbc m\u00f3c treo c\u00f3 th\u1ec3 l\u00e0m th\u00e0nh 16-19 inch. \u0110\u01b0\u1eddng k\u00ednh d\u00e2y nguy\u00ean li\u1ec7u s\u1eed d\u1ee5ng th\u01b0\u1eddng l\u00e0 1.6-3.8mm. Th\u00f4ng th\u01b0\u1eddng, \u0111\u01b0\u1eddng k\u00ednh d\u00e2y c\u00e0ng l\u1edbn th\u00ec \u0111\u1ed9 ch\u1ecbu l\u1ef1c c\u1ee7a m\u00f3c c\u00e0ng t\u1ed1t v\u00e0 m\u00f3c c\u00e0ng b\u1ec1n. Ngo\u00e0i ra, khu\u00f4n c\u1ee7a m\u00e1y l\u00e0m m\u00f3c treo \u00e1o c\u00f3 th\u1ec3 t\u00f9y ch\u1ec9nh, ch\u1ec9 c\u1ea7n g\u1eedi cho ch\u00fang t\u00f4i h\u00ecnh \u1ea3nh v\u00e0 k\u00edch th\u01b0\u1edbc c\u1ee7a m\u00f3c, v\u00e0 ch\u00fang t\u00f4i s\u1ebd s\u1eafp x\u1ebfp cho thi\u1ebft k\u1ebf v\u00e0 nh\u00e2n vi\u00ean nh\u00e0 m\u00e1y ch\u1ebf t\u1ea1o khu\u00f4n c\u1ee5 th\u1ec3.<\/p>    <h2 class=\"wp-block-heading\" id=\"h-use-of-coat-hanger-making-machine\">S\u1eed d\u1ee5ng m\u00e1y l\u00e0m m\u00f3c \u00e1o kho\u00e1c<\/h2>    <figure class=\"wp-block-embed is-type-video is-provider-youtube wp-block-embed-youtube wp-embed-aspect-16-9 wp-has-aspect-ratio\"><div class=\"wp-block-embed__wrapper\"> <iframe loading=\"lazy\" title=\"M\u00e1y l\u00e0m m\u00f3c treo \u00e1o \u0111ang b\u00e1n ch\u1ea1y \u1edf \u1ea2 R\u1eadp X\u00ea-\u00fat | l\u00e0m m\u00f3c treo th\u00e9p nh\u01b0 th\u1ebf n\u00e0o? | m\u00f3c treo\" width=\"500\" height=\"281\" src=\"https:\/\/www.youtube.com\/embed\/WjJTmsKK8mA?feature=oembed\" frameborder=\"0\" allow=\"accelerometer; autoplay; clipboard-write; encrypted-media; gyroscope; picture-in-picture; web-share\" referrerpolicy=\"strict-origin-when-cross-origin\" allowfullscreen><\/iframe> <\/div><figcaption class=\"wp-element-caption\">video ho\u1ea1t \u0111\u1ed9ng m\u00e1y l\u00e0m m\u00f3c treo \u00e1o<\/figcaption><\/figure>    <p>Khi m\u00e1y t\u1ea1o h\u00ecnh m\u00f3c \u00e1o ph\u1ee7 cao su \u0111ang s\u1eed d\u1ee5ng v\u00e0 c\u00f4ng t\u1eafc t\u1ef1 \u0111\u1ed9ng c\u1ee7a ch\u1ec9 \u0111\u01b0\u1ee3c b\u1eadt, m\u00e1y t\u1ea1o h\u00ecnh m\u00f3c \u00e1o t\u1ef1 \u0111\u1ed9ng s\u1ebd chuy\u1ec3n m\u00e1y ch\u1ee7 sang ch\u1ebf \u0111\u1ed9 th\u1ee7 c\u00f4ng, sau \u0111\u00f3 g\u00f5 c\u00f4ng t\u1eafc \u0111\u1ec3 \u0111\u01b0a s\u1ee3i v\u00e0o dao c\u1eaft khi n\u00f3 v\u00e0o khu\u00f4n. Quan s\u00e1t xem d\u00e2y c\u00f3 \u0111\u01b0\u1ee3c ch\u1ec9nh th\u1eb3ng kh\u00f4ng, trong m\u00e1y t\u1ea1o h\u00ecnh m\u00f3c kim lo\u1ea1i, d\u00e2y ph\u1ea3i \u0111\u01b0\u1ee3c ch\u1ec9nh th\u1eb3ng. Quan s\u00e1t chi\u1ec1u d\u00e0i c\u1ee7a d\u00e2y, v\u1eb7n tay k\u00e9o b\u00e1nh \u00e9p, m\u00e1y t\u1ea1o h\u00ecnh m\u00f3c \u00e1o, si\u1ebft ch\u1eb7t l\u00e0 chi\u1ec1u d\u00e0i c\u1ee7a d\u00e2y, gi\u00e1 m\u00e1y l\u00e0m m\u00f3c treo \u00e1o, v\u00e0 l\u1ecfng l\u00e0 d\u00e2y ng\u1eafn.<\/p>    <h2 class=\"wp-block-heading\" id=\"h-maintenance-of-coating-hanger-machine\">B\u1ea3o tr\u00ec m\u00e1y l\u00e0m m\u00f3c \u00e1o kho\u00e1c<\/h2>    <figure class=\"wp-block-image size-full\"><img loading=\"lazy\" decoding=\"async\" width=\"720\" height=\"540\" src=\"https:\/\/hangermachinery.com\/wp-content\/uploads\/2022\/07\/hanger-product-machine.webp\" alt=\"coat\u00a0hanger-making\u00a0machine\" class=\"wp-image-335\" title=\"\" srcset=\"https:\/\/hangermachinery.com\/wp-content\/uploads\/2022\/07\/hanger-product-machine.webp 720w, https:\/\/hangermachinery.com\/wp-content\/uploads\/2022\/07\/hanger-product-machine-300x225.webp 300w\" sizes=\"auto, (max-width: 720px) 100vw, 720px\" \/><figcaption class=\"wp-element-caption\">M\u00e1y l\u00e0m m\u00f3c &amp;Nbsp; \u00e1o kho\u00e1c<\/figcaption><\/figure>    <p class=\"translation-block\">Vi\u1ec7c b\u1ea3o tr\u00ec <a href=\"https:\/\/hangermachinery.com\/vi\/product\/pvc-coated-wire-hanger-production-line\/\">m\u00e1y t\u1ea1o h\u00ecnh m\u00f3c \u00e1o ph\u1ee7 l\u1edbp PVC<\/a> r\u1ea5t quan tr\u1ecdng. Khi m\u00e1y l\u00e0m m\u00f3c \u00e1o kho\u00e1c ng\u1eebng ho\u1ea1t \u0111\u1ed9ng, ph\u1ea3i c\u1eaft ngu\u1ed3n \u0111i\u1ec7n, v\u00e0 m\u00e1y kh\u00f4ng \u0111\u01b0\u1ee3c s\u1eed d\u1ee5ng khi ch\u01b0a t\u1eaft ngu\u1ed3n \u0111\u1ec3 tr\u00e1nh h\u01b0 h\u1ecfng l\u00e2u d\u00e0i. Khi c\u00f4ng t\u1eafc \u0111ang b\u1eadt, thi\u1ebft b\u1ecb ch\u1ee7 \u0111\u01b0\u1ee3c chuy\u1ec3n sang ch\u1ebf \u0111\u1ed9 th\u1ee7 c\u00f4ng, sau \u0111\u00f3 c\u00f4ng t\u1eafc \u0111\u01b0\u1ee3c nh\u1ea5n \u0111\u1ec3 \u0111\u01b0a s\u1ee3i d\u00e2y v\u00e0o dao c\u1ee7a th\u1ee3 may khi n\u00f3 v\u00e0o khu\u00f4n. Quan s\u00e1t xem d\u00e2y c\u00f3 th\u1eb3ng kh\u00f4ng, d\u00e2y ph\u1ea3i \u0111\u01b0\u1ee3c l\u00e0m th\u1eb3ng.<\/p>    <h2 class=\"wp-block-heading\">M\u00e1y s\u1ea3n xu\u1ea5t m\u00f3c treo \u00e1o m\u00e0u \u0111\u1ecf<\/h2>    <figure class=\"wp-block-embed is-type-video is-provider-youtube wp-block-embed-youtube wp-embed-aspect-16-9 wp-has-aspect-ratio\"><div class=\"wp-block-embed__wrapper\"> <iframe loading=\"lazy\" title=\"M\u00e1y s\u1ea3n xu\u1ea5t m\u00f3c treo \u00e1o m\u00e0u \u0111\u1ecf | m\u00e1y l\u00e0m m\u00f3c treo t\u1ef1 \u0111\u1ed9ng\" width=\"500\" height=\"281\" src=\"https:\/\/www.youtube.com\/embed\/N-iDUziwNoQ?feature=oembed\" frameborder=\"0\" allow=\"accelerometer; autoplay; clipboard-write; encrypted-media; gyroscope; picture-in-picture; web-share\" referrerpolicy=\"strict-origin-when-cross-origin\" allowfullscreen><\/iframe> <\/div><figcaption class=\"wp-element-caption\">m\u00e1y s\u1ea3n xu\u1ea5t m\u00f3c treo qu\u1ea7n \u00e1o<\/figcaption><\/figure>","protected":false},"excerpt":{"rendered":"<p>M\u00e1y l\u00e0m m\u00f3c \u00e1o b\u1eb1ng d\u00e2y nh\u1ef1a l\u00e0 m\u00e1y s\u1eed d\u1ee5ng d\u00e2y nh\u1ef1a \u0111\u1ec3 l\u00e0m m\u00f3c \u00e1o. <\/p>","protected":false},"author":1,"featured_media":328,"parent":0,"template":"","tags":[24,29],"product-type":[11,16],"class_list":["post-109","product","type-product","status-publish","has-post-thumbnail","hentry","tag-coat-hanger-making-machine","tag-hanger","product-type-product","product-type-coat-hanger-making-machine"],"_links":{"self":[{"href":"https:\/\/hangermachinery.com\/vi\/wp-json\/wp\/v2\/product\/109","targetHints":{"allow":["GET"]}}],"collection":[{"href":"https:\/\/hangermachinery.com\/vi\/wp-json\/wp\/v2\/product"}],"about":[{"href":"https:\/\/hangermachinery.com\/vi\/wp-json\/wp\/v2\/types\/product"}],"author":[{"embeddable":true,"href":"https:\/\/hangermachinery.com\/vi\/wp-json\/wp\/v2\/users\/1"}],"wp:featuredmedia":[{"embeddable":true,"href":"https:\/\/hangermachinery.com\/vi\/wp-json\/wp\/v2\/media\/328"}],"wp:attachment":[{"href":"https:\/\/hangermachinery.com\/vi\/wp-json\/wp\/v2\/media?parent=109"}],"wp:term":[{"taxonomy":"post_tag","embeddable":true,"href":"https:\/\/hangermachinery.com\/vi\/wp-json\/wp\/v2\/tags?post=109"},{"taxonomy":"product-type","embeddable":true,"href":"https:\/\/hangermachinery.com\/vi\/wp-json\/wp\/v2\/product-type?post=109"}],"curies":[{"name":"wp","href":"https:\/\/api.w.org\/{rel}","templated":true}]}}