{"id":120,"date":"2022-07-17T16:53:58","date_gmt":"2022-07-17T16:53:58","guid":{"rendered":"https:\/\/hangermachinery.com\/?post_type=product&#038;p=120"},"modified":"2022-09-28T17:58:25","modified_gmt":"2022-09-28T09:58:25","slug":"welding-wire-hanger-making-machine","status":"publish","type":"product","link":"https:\/\/hangermachinery.com\/vi\/product\/welding-wire-hanger-making-machine\/","title":{"rendered":"M\u00e1y s\u1ea3n xu\u1ea5t m\u00f3c \u00e1o d\u00e2y h\u00e0n | m\u00e1y m\u00f3c m\u00f3c \u00e1o kim lo\u1ea1i"},"content":{"rendered":"<p class=\"translation-block\">M\u00e1y l\u00e0m m\u00f3c treo d\u00e2y h\u00e0n l\u00e0 thi\u1ebft b\u1ecb \u0111\u1ec3 s\u1ea3n xu\u1ea5t m\u00f3c treo. M\u00e1y l\u00e0m m\u00f3c treo h\u00e0n l\u00e0 m\u1ed9t <a href=\"https:\/\/hangermachinery.com\/vi\/products\/plastic-coated-hanger-production-line\/\">m\u00e1y treo t\u1ef1 \u0111\u1ed9ng th\u00f4ng minh<\/a> t\u00edch h\u1ee3p <a href=\"https:\/\/hangermachinery.com\/vi\/product\/galvanized-wire-hanger-machine\/\">t\u1ea1o h\u00ecnh m\u00f3c treo<\/a> v\u00e0 h\u00e0n. C\u00f3 th\u1ec3 s\u1ea3n xu\u1ea5t m\u00e1y m\u00f3c treo 13-20 inch, h\u00ecnh d\u1ea1ng v\u00e0 k\u00edch th\u01b0\u1edbc m\u00e1y l\u00e0m m\u00f3c treo d\u00e2y h\u00e0n c\u00f3 th\u1ec3 \u0111\u01b0\u1ee3c t\u00f9y ch\u1ec9nh. M\u00e1y l\u00e0m m\u00f3c treo d\u00e2y h\u00e0n \u0111\u00e3 \u0111\u01b0\u1ee3c b\u00e1n sang \u1ea2 R\u1eadp X\u00ea \u00dat, Pakistan, Mexico, \u00dac v\u00e0 c\u00e1c n\u01a1i kh\u00e1c v\u00e0 r\u1ea5t \u0111\u01b0\u1ee3c \u01b0a chu\u1ed9ng.<\/p>    <figure class=\"wp-block-image size-full\"><img loading=\"lazy\" decoding=\"async\" width=\"680\" height=\"680\" src=\"https:\/\/hangermachinery.com\/wp-content\/uploads\/2022\/07\/Welding-wire-hanger-making.webp\" alt=\"M\u00e1y l\u00e0m m\u00f3c d\u00e2y h\u00e0n\" class=\"wp-image-338\" title=\"\" srcset=\"https:\/\/hangermachinery.com\/wp-content\/uploads\/2022\/07\/Welding-wire-hanger-making.webp 680w, https:\/\/hangermachinery.com\/wp-content\/uploads\/2022\/07\/Welding-wire-hanger-making-300x300.webp 300w, https:\/\/hangermachinery.com\/wp-content\/uploads\/2022\/07\/Welding-wire-hanger-making-150x150.webp 150w\" sizes=\"auto, (max-width: 680px) 100vw, 680px\" \/><figcaption>M\u00e1y l\u00e0m m\u00f3c d\u00e2y h\u00e0n &amp; Nbsp;<\/figcaption><\/figure>    <h2 class=\"wp-block-heading\" id=\"h-what-are-the-functions-of-hangers\">Ch\u1ee9c n\u0103ng c\u1ee7a m\u00f3c treo l\u00e0 g\u00ec?<\/h2>    <div class=\"wp-block-columns is-layout-flex wp-container-core-columns-is-layout-9d6595d7 wp-block-columns-is-layout-flex\"> <div class=\"wp-block-column is-layout-flow wp-block-column-is-layout-flow\" style=\"flex-basis:100%\"><div class=\"wp-block-image\"> <figure class=\"aligncenter size-full\"><img loading=\"lazy\" decoding=\"async\" width=\"720\" height=\"540\" src=\"https:\/\/hangermachinery.com\/wp-content\/uploads\/2022\/07\/galvanized-hangers-1.webp\" alt=\"m\u00f3c treo m\u1ea1 k\u1ebdm\" class=\"wp-image-487\" title=\"\" srcset=\"https:\/\/hangermachinery.com\/wp-content\/uploads\/2022\/07\/galvanized-hangers-1.webp 720w, https:\/\/hangermachinery.com\/wp-content\/uploads\/2022\/07\/galvanized-hangers-1-300x225.webp 300w\" sizes=\"auto, (max-width: 720px) 100vw, 720px\" \/><figcaption>m\u00f3c treo m\u1ea1 k\u1ebdm<\/figcaption><\/figure> <\/div><\/div> <\/div>    <p>M\u00f3c c\u00f3 th\u1ec3 d\u00f9ng \u0111\u1ec3 ph\u01a1i qu\u1ea7n \u00e1o tr\u00ean ban c\u00f4ng \u0111\u1ec3 b\u1ea3o v\u1ec7 qu\u1ea7n \u00e1o kh\u1ecfi nh\u0103n trong qu\u00e1 tr\u00ecnh ph\u01a1i; m\u00f3c c\u0169ng c\u00f3 th\u1ec3 \u0111\u01b0\u1ee3c d\u00f9ng trong t\u1ee7 qu\u1ea7n \u00e1o \u0111\u1ec3 ti\u1ebft ki\u1ec7m kh\u00f4ng gian v\u00e0 t\u1ea1o \u0111i\u1ec1u ki\u1ec7n t\u00ecm ki\u1ebfm qu\u1ea7n \u00e1o, v\u00ec v\u1eady m\u00f3c s\u1ebd c\u00f3 \u1edf m\u1ed7i gia \u0111\u00ecnh, v\u00e0 r\u1ea5t quan tr\u1ecdng. T\u1ea1i ti\u1ec7m gi\u1eb7t \u1ee7i, qu\u1ea7n \u00e1o c\u1ee7a kh\u00e1ch h\u00e0ng th\u01b0\u1eddng treo tr\u1ef1c ti\u1ebfp l\u00ean m\u00f3c \u0111\u1ec3 ph\u01a1i, \u0111i\u1ec1u n\u00e0y c\u00f3 th\u1ec3 ng\u0103n qu\u1ea7n \u00e1o c\u1ecd x\u00e1t v\u1edbi nhau. Trong ng\u00e0nh c\u00f4ng nghi\u1ec7p may, m\u00f3c \u0111\u01b0\u1ee3c d\u00f9ng \u0111\u1ec3 tr\u01b0ng b\u00e0y qu\u1ea7n \u00e1o, v\u00ec v\u1eady m\u00f3c c\u00f3 th\u1ec3 d\u00f9ng \u1edf nh\u00e0 v\u00e0 doanh nghi\u1ec7p.<\/p>   <div class=\"wp-block-image\"> <figure class=\"aligncenter size-full\"><img loading=\"lazy\" decoding=\"async\" width=\"720\" height=\"540\" src=\"https:\/\/hangermachinery.com\/wp-content\/uploads\/2022\/07\/Raw-material-for-welding-hanger-machine.webp\" alt=\"Nguy\u00ean li\u1ec7u cho m\u00e1y l\u00e0m m\u00f3c treo h\u00e0n\" class=\"wp-image-341\" title=\"\" srcset=\"https:\/\/hangermachinery.com\/wp-content\/uploads\/2022\/07\/Raw-material-for-welding-hanger-machine.webp 720w, https:\/\/hangermachinery.com\/wp-content\/uploads\/2022\/07\/Raw-material-for-welding-hanger-machine-300x225.webp 300w\" sizes=\"auto, (max-width: 720px) 100vw, 720px\" \/><figcaption>Nguy\u00ean li\u1ec7u cho m\u00e1y l\u00e0m m\u00f3c treo h\u00e0n<\/figcaption><\/figure> <\/div>   <h2 class=\"wp-block-heading\" id=\"h-raw-material-for-welding-wire-hanger-making-machine\">Nguy\u00ean li\u1ec7u cho m\u00e1y l\u00e0m m\u00f3c d\u00e2y h\u00e0n<\/h2>   <div class=\"wp-block-image\"> <figure class=\"aligncenter size-full\"><img loading=\"lazy\" decoding=\"async\" width=\"720\" height=\"540\" src=\"https:\/\/hangermachinery.com\/wp-content\/uploads\/2022\/07\/Raw-material-for-welding-wire-hanger.webp\" alt=\"Nguy\u00ean li\u1ec7u cho m\u00f3c d\u00e2y h\u00e0n\" class=\"wp-image-488\" title=\"\" srcset=\"https:\/\/hangermachinery.com\/wp-content\/uploads\/2022\/07\/Raw-material-for-welding-wire-hanger.webp 720w, https:\/\/hangermachinery.com\/wp-content\/uploads\/2022\/07\/Raw-material-for-welding-wire-hanger-300x225.webp 300w\" sizes=\"auto, (max-width: 720px) 100vw, 720px\" \/><figcaption>Nguy\u00ean li\u1ec7u cho m\u00e1y l\u00e0m m\u00f3c treo d\u00e2y h\u00e0n<\/figcaption><\/figure> <\/div>   <p class=\"translation-block\">Nguy\u00ean li\u1ec7u c\u00f3 th\u1ec3 s\u1eed d\u1ee5ng b\u1edfi m\u00e1y l\u00e0m m\u00f3c treo h\u00e0n bao g\u1ed3m <a href=\"https:\/\/www.amazon.com\/galvanized-steel-wire\/s?k=galvanized+steel+wire\" data-type=\"URL\" data-id=\"https:\/\/www.amazon.com\/galvanized-steel-wire\/s?k=galvanized+steel+wire\" target=\"_blank\" rel=\"noopener\">d\u00e2y k\u1ebdm m\u1ea1<\/a>, d\u00e2y s\u1eaft, nh\u00f4m v\u00e0 d\u00e2y carbon \u0111en, v.v., ngo\u00e0i ra c\u0169ng c\u00f3 th\u1ec3 s\u1eed d\u1ee5ng d\u00e2y th\u00e9p kh\u00f4ng g\u1ec9. M\u1ed1i n\u1ed1i c\u1ee7a m\u00e1y h\u00e0n r\u1ea5t m\u1ecbn, kh\u00f4ng c\u00f3 d\u00e2y th\u1eeba, gi\u00fap ti\u1ebft ki\u1ec7m nguy\u00ean li\u1ec7u. Sau khi s\u01a1n ph\u1ee7, m\u1ed1i n\u1ed1i c\u1ee7a m\u00e1y h\u00e0n c\u00f3 th\u1ec3 \u0111\u01b0\u1ee3c che ph\u1ee7 ho\u00e0n to\u00e0n. Lo\u1ea1i m\u00f3c treo n\u00e0y \u0111\u1eb9p h\u01a1n, n\u00ean l\u00e0 l\u1ef1a ch\u1ecdn h\u00e0ng \u0111\u1ea7u c\u1ee7a nhi\u1ec1u ng\u01b0\u1eddi ti\u00eau d\u00f9ng. Do \u0111\u00f3 doanh s\u1ed1 m\u00e1y n\u00e0y t\u1ea1i nh\u00e0 m\u00e1y ch\u00fang t\u00f4i r\u1ea5t cao.<\/p>    <h2 class=\"wp-block-heading\">L\u00e0m th\u1ebf n\u00e0o \u0111\u1ec3 s\u1eed d\u1ee5ng m\u00e1y h\u00e0n s\u1ea3n xu\u1ea5t m\u00f3c \u00e1o b\u1eb1ng d\u00e2y?<\/h2>    <figure class=\"wp-block-embed is-type-video is-provider-youtube wp-block-embed-youtube wp-embed-aspect-16-9 wp-has-aspect-ratio\"><div class=\"wp-block-embed__wrapper\"> <iframe loading=\"lazy\" title=\"B\u1ea1n c\u00f3 bi\u1ebft c\u00e1ch l\u00e0m m\u00f3c treo qu\u1ea7n \u00e1o | m\u00e1y l\u00e0m m\u00f3c treo d\u00e2y h\u00e0n | m\u00e1y m\u00f3c treo kim lo\u1ea1i\" width=\"500\" height=\"281\" src=\"https:\/\/www.youtube.com\/embed\/A5D1dnZ3Gu4?feature=oembed\" frameborder=\"0\" allow=\"accelerometer; autoplay; clipboard-write; encrypted-media; gyroscope; picture-in-picture; web-share\" referrerpolicy=\"strict-origin-when-cross-origin\" allowfullscreen><\/iframe> <\/div><\/figure>    <p>m\u00e1y l\u00e0m m\u00f3c treo d\u00e2y h\u00e0n<\/p>    <h2 class=\"wp-block-heading\" id=\"h-the-principle-of-welding-wire-hanger-making-machine\">Nguy\u00ean t\u1eafc c\u1ee7a m\u00e1y l\u00e0m m\u00f3c d\u00e2y h\u00e0n<\/h2>   <div class=\"wp-block-image\"> <figure class=\"aligncenter size-full\"><img loading=\"lazy\" decoding=\"async\" width=\"720\" height=\"540\" src=\"https:\/\/hangermachinery.com\/wp-content\/uploads\/2022\/07\/hanger-machine.webp\" alt=\"m\u00e1y m\u00f3c treo\" class=\"wp-image-342\" title=\"\" srcset=\"https:\/\/hangermachinery.com\/wp-content\/uploads\/2022\/07\/hanger-machine.webp 720w, https:\/\/hangermachinery.com\/wp-content\/uploads\/2022\/07\/hanger-machine-300x225.webp 300w\" sizes=\"auto, (max-width: 720px) 100vw, 720px\" \/><figcaption>m\u00e1y m\u00f3c treo<\/figcaption><\/figure> <\/div>   <p><br>M\u00e1y l\u00e0m m\u00f3c d\u00e2y h\u00e0n s\u1eed d\u1ee5ng c\u00f4ng ngh\u1ec7 h\u00e0n \u0111i\u1ec7n \u0111\u1ec3 k\u1ebft n\u1ed1i giao di\u1ec7n c\u1ee7a m\u00e1y l\u00e0m m\u00f3c d\u00e2y h\u00e0n. C\u00e1c m\u00f3c \u0111\u01b0\u1ee3c k\u1ebft n\u1ed1i b\u1eb1ng h\u00e0n \u0111i\u1ec3m m\u1ea1nh h\u01a1n c\u00e1c m\u00f3c kh\u00e1c v\u00e0 c\u00f3 th\u1ec3 \u0111\u01b0\u1ee3c phun s\u01a1n b\u00ean ngo\u00e0i c\u1ee7a m\u00e1y \u1edf giai \u0111o\u1ea1n sau.<\/p>    <h2 class=\"wp-block-heading\" id=\"h-metal-hanger-product-machine-features\">T\u00ednh n\u0103ng m\u00e1y s\u1ea3n xu\u1ea5t m\u00f3c treo kim lo\u1ea1i<\/h2>    <p>\u0110\u1eb7c \u0111i\u1ec3m h\u00e0n c\u1ee7a m\u00e1y h\u00e0n m\u00f3c treo nh\u1ef1a: M\u00e1y h\u00e0n m\u00f3c treo nh\u1ef1a c\u00f3 d\u1ea1ng c\u1ed9t vu\u00f4ng, \u1ed5 tr\u01b0\u1ee3t d\u1eabn h\u01b0\u1edbng tuy\u1ebfn t\u00ednh, thi\u1ebft b\u1ecb tinh ch\u1ec9nh ch\u00ednh x\u00e1c v\u00e0 hi\u1ec7u su\u1ea5t c\u01a1 h\u1ecdc m\u1ea1nh m\u1ebd; M\u00e1y l\u00e0m m\u00f3c treo d\u00e2y h\u00e0n s\u1eed d\u1ee5ng b\u1ed9 chuy\u1ec3n \u0111\u1ed5i g\u1ed1m \u00e1p \u0111i\u1ec7n nguy\u00ean b\u1ea3n t\u1eeb \u0110\u1ee9c, \u0111\u1ea7u ra m\u1ea1nh m\u1ebd v\u00e0 \u1ed5n \u0111\u1ecbnh; Th\u00e2n n\u00e2ng \u0111i\u1ec7n, d\u1ec5 v\u1eadn h\u00e0nh v\u00e0 \u0111\u1ed9 b\u1ec1n cao. <\/p>    <p>M\u00e1y h\u00e0n m\u00f3c treo nh\u1ef1a s\u1eed d\u1ee5ng c\u1ea5u tr\u00fac \u0111i\u1ec1u ch\u1ec9nh ngang c\u1ee7a \u0111\u1ea7u h\u00e0n, thu\u1eadn ti\u1ec7n cho vi\u1ec7c \u0111i\u1ec1u ch\u1ec9nh khu\u00f4n, \u1ed5n \u0111\u1ecbnh khi s\u1eed d\u1ee5ng v\u00e0 hi\u1ec7u qu\u1ea3 h\u00e0n cao; M\u00e1y h\u00e0n m\u00f3c treo nh\u1ef1a \u0111\u1ed9c quy\u1ec1n d\u00f9ng c\u1ea5u tr\u00fac gi\u1edbi h\u1ea1n trung t\u00e2m c\u1ee7a \u0111\u1ea7u h\u00e0n \u0111\u1ec3 \u0111\u1ea3m b\u1ea3o gi\u1edbi h\u1ea1n c\u1ee7a \u0111\u1ea7u h\u00e0n kh\u00f4ng b\u1ecb l\u1ec7ch; m\u00e1y h\u00e0n m\u00f3c treo nh\u1ef1a \u0111\u01b0\u1ee3c \u0111\u00fac b\u1eb1ng tr\u1ecdng l\u1ef1c v\u00e0 c\u00f3 \u0111\u1ebf l\u1edbn c\u00f9ng c\u1ed9t vu\u00f4ng v\u1edbi \u0111\u1ed9 ch\u00ednh x\u00e1c h\u00e0n cao v\u00e0 ngo\u1ea1i h\u00ecnh \u0111\u1eb9p.<\/p>   <div class=\"wp-block-image\"> <figure class=\"aligncenter size-full\"><img loading=\"lazy\" decoding=\"async\" width=\"720\" height=\"540\" src=\"https:\/\/hangermachinery.com\/wp-content\/uploads\/2022\/07\/welding-hanger-machine-1.webp\" alt=\" m\u00e1y m\u00f3c treo h\u00e0n\" class=\"wp-image-343\" title=\"\" srcset=\"https:\/\/hangermachinery.com\/wp-content\/uploads\/2022\/07\/welding-hanger-machine-1.webp 720w, https:\/\/hangermachinery.com\/wp-content\/uploads\/2022\/07\/welding-hanger-machine-1-300x225.webp 300w\" sizes=\"auto, (max-width: 720px) 100vw, 720px\" \/><figcaption> m\u00e1y m\u00f3c treo h\u00e0n  <\/figcaption><\/figure> <\/div>   <h2 class=\"wp-block-heading\" id=\"h-welding-wire-hanger-making-machine-parameters\">Th\u00f4ng s\u1ed1 m\u00e1y l\u00e0m m\u00f3c m\u00e1y h\u00e0n d\u00e2y h\u00e0n<\/h2>    <figure class=\"wp-block-gallery has-nested-images columns-default is-cropped wp-block-gallery-2 is-layout-flex wp-block-gallery-is-layout-flex\"> <figure class=\"wp-block-image size-large\"><img loading=\"lazy\" decoding=\"async\" width=\"600\" height=\"400\" data-id=\"344\" src=\"https:\/\/hangermachinery.com\/wp-content\/uploads\/2022\/07\/welding-hanger-making.webp\" alt=\"l\u00e0m m\u00f3c h\u00e0n\" class=\"wp-image-344\" title=\"\" srcset=\"https:\/\/hangermachinery.com\/wp-content\/uploads\/2022\/07\/welding-hanger-making.webp 600w, https:\/\/hangermachinery.com\/wp-content\/uploads\/2022\/07\/welding-hanger-making-300x200.webp 300w\" sizes=\"auto, (max-width: 600px) 100vw, 600px\" \/><figcaption>M\u00e1y l\u00e0m m\u00f3c treo h\u00e0n<\/figcaption><\/figure>    <figure class=\"wp-block-image size-large\"><img loading=\"lazy\" decoding=\"async\" width=\"403\" height=\"314\" data-id=\"345\" src=\"https:\/\/hangermachinery.com\/wp-content\/uploads\/2022\/07\/welding-hanger-making-2.webp\" alt=\"l\u00e0m m\u00f3c h\u00e0n \" class=\"wp-image-345\" title=\"\" srcset=\"https:\/\/hangermachinery.com\/wp-content\/uploads\/2022\/07\/welding-hanger-making-2.webp 403w, https:\/\/hangermachinery.com\/wp-content\/uploads\/2022\/07\/welding-hanger-making-2-300x234.webp 300w\" sizes=\"auto, (max-width: 403px) 100vw, 403px\" \/><figcaption>M\u00e1y l\u00e0m m\u00f3c treo h\u00e0n <\/figcaption><\/figure> <\/figure>    <figure class=\"wp-block-table\"><table><tbody><tr><td>N\u0103ng su\u1ea5t<\/td><td>50 chi\u1ebfc\/ph\u00fat<\/td><\/tr><tr><td>D\u00e2y k\u1ebdm m\u1ea1<\/td><td>1.6mm ~ 4.6mm<\/td><\/tr><tr><td>C\u00f4ng su\u1ea5t \u0111\u1ed9ng c\u01a1<\/td><td>2.2kw<\/td><\/tr><tr><td>K\u00edch th\u01b0\u1edbc m\u00f3c treo<\/td><td>14\u2033 -19\u2033&nbsp;<\/td><\/tr><tr><td>Tr\u1ecdng l\u01b0\u1ee3ng t\u1ecbnh<\/td><td>850KG<\/td><\/tr><tr><td>&nbsp;K\u00edch th\u01b0\u1edbc<\/td><td>M\u00e1y m\u00f3c treo: 1.4*1*1.6m ; Khung d\u00e2y cung c\u1ea5p: 1.2*1.2*1m &nbsp;<\/td><\/tr><\/tbody><\/table><figcaption>m\u00e1y s\u1ea3n xu\u1ea5t m\u00f3c treo kim lo\u1ea1i<\/figcaption><\/figure>    <h2 class=\"wp-block-heading\" id=\"h-metal-hanger-product-machine-case\">Tr\u01b0\u1eddng h\u1ee3p m\u00e1y s\u1ea3n xu\u1ea5t m\u00f3c treo kim lo\u1ea1i<\/h2>    <figure class=\"wp-block-gallery has-nested-images columns-default is-cropped wp-block-gallery-3 is-layout-flex wp-block-gallery-is-layout-flex\"> <figure class=\"wp-block-image size-large\"><img loading=\"lazy\" decoding=\"async\" width=\"720\" height=\"540\" data-id=\"346\" src=\"https:\/\/hangermachinery.com\/wp-content\/uploads\/2022\/07\/hanger-machine-details.webp\" alt=\"Chi ti\u1ebft m\u00e1y l\u00e0m m\u00f3c \u00e1o\" class=\"wp-image-346\" title=\"\" srcset=\"https:\/\/hangermachinery.com\/wp-content\/uploads\/2022\/07\/hanger-machine-details.webp 720w, https:\/\/hangermachinery.com\/wp-content\/uploads\/2022\/07\/hanger-machine-details-300x225.webp 300w\" sizes=\"auto, (max-width: 720px) 100vw, 720px\" \/><figcaption>Chi ti\u1ebft m\u00e1y s\u1ea3n xu\u1ea5t m\u00f3c \u00e1o<\/figcaption><\/figure>    <figure class=\"wp-block-image size-large\"><img loading=\"lazy\" decoding=\"async\" width=\"720\" height=\"540\" data-id=\"347\" src=\"https:\/\/hangermachinery.com\/wp-content\/uploads\/2022\/07\/hanger-1.webp\" alt=\"m\u00f3c \u00e1o\" class=\"wp-image-347\" title=\"\" srcset=\"https:\/\/hangermachinery.com\/wp-content\/uploads\/2022\/07\/hanger-1.webp 720w, https:\/\/hangermachinery.com\/wp-content\/uploads\/2022\/07\/hanger-1-300x225.webp 300w\" sizes=\"auto, (max-width: 720px) 100vw, 720px\" \/><figcaption>M\u00f3c treo<\/figcaption><\/figure> <\/figure>    <p class=\"translation-block\"><br>G\u1ea7n \u0111\u00e2y ch\u00fang t\u00f4i \u0111\u00e3 xu\u1ea5t kh\u1ea9u sang Mexico, kh\u00e1ch h\u00e0ng mu\u1ed1n mua <a href=\"https:\/\/hangermachinery.com\/vi\/product\/coat-hanger-making-machine\/\">m\u00e1y m\u00f3c treo<\/a> c\u1ee7a ch\u00fang t\u00f4i, nh\u01b0ng lo r\u1eb1ng nguy\u00ean li\u1ec7u c\u1ee7a h\u1ecd kh\u00f4ng ph\u00f9 h\u1ee3p, ch\u00fang t\u00f4i \u0111\u00e3 k\u1ebft n\u1ed1i v\u00e0 y\u00eau c\u1ea7u kh\u00e1ch h\u00e0ng c\u1ee7a m\u00e1y l\u00e0m m\u00f3c treo d\u00e2y h\u00e0n \u1edf Mexico g\u1eedi m\u1eabu nguy\u00ean li\u1ec7u c\u1ee7a h\u1ecd, sau \u0111\u00f3 ch\u00fang t\u00f4i \u0111\u00e3 th\u1eed nghi\u1ec7m m\u00e1y t\u1ea1i nh\u00e0 m\u00e1y v\u00e0 quay video g\u1eedi kh\u00e1ch h\u00e0ng, nh\u1eadn th\u1ea5y k\u1ebft qu\u1ea3 t\u1ed1t, n\u00ean h\u1ecd \u0111\u00e3 k\u00fd h\u1ee3p \u0111\u1ed3ng mua, v\u00e0 kh\u00e1ch h\u00e0ng Mexico \u0111\u00e3 mua hai m\u00e1y m\u00f3c treo. Ch\u00fang t\u00f4i t\u00f9y ch\u1ec9nh m\u00e1y cho kh\u00e1ch d\u1ef1a theo h\u00ecnh d\u00e1ng m\u00f3c treo m\u00e0 h\u1ecd mu\u1ed1n, \u0111\u1ec3 kh\u00e1ch c\u00f3 th\u1ec3 b\u00e1n h\u00e0ng t\u1ed1t h\u01a1n khi b\u00e1n m\u00f3c treo.<\/p>","protected":false},"excerpt":{"rendered":"<p>M\u00e1y l\u00e0m m\u00f3c \u00e1o b\u1eb1ng d\u00e2y h\u00e0n l\u00e0 thi\u1ebft b\u1ecb \u0111\u1ec3 l\u00e0m m\u00f3c \u00e1o. <\/p>","protected":false},"author":1,"featured_media":337,"parent":0,"template":"","tags":[29,25],"product-type":[11,17],"class_list":["post-120","product","type-product","status-publish","has-post-thumbnail","hentry","tag-hanger","tag-welding-wire-hanger-making-machine","product-type-product","product-type-welding-wire-hanger-making-machine"],"_links":{"self":[{"href":"https:\/\/hangermachinery.com\/vi\/wp-json\/wp\/v2\/product\/120","targetHints":{"allow":["GET"]}}],"collection":[{"href":"https:\/\/hangermachinery.com\/vi\/wp-json\/wp\/v2\/product"}],"about":[{"href":"https:\/\/hangermachinery.com\/vi\/wp-json\/wp\/v2\/types\/product"}],"author":[{"embeddable":true,"href":"https:\/\/hangermachinery.com\/vi\/wp-json\/wp\/v2\/users\/1"}],"wp:featuredmedia":[{"embeddable":true,"href":"https:\/\/hangermachinery.com\/vi\/wp-json\/wp\/v2\/media\/337"}],"wp:attachment":[{"href":"https:\/\/hangermachinery.com\/vi\/wp-json\/wp\/v2\/media?parent=120"}],"wp:term":[{"taxonomy":"post_tag","embeddable":true,"href":"https:\/\/hangermachinery.com\/vi\/wp-json\/wp\/v2\/tags?post=120"},{"taxonomy":"product-type","embeddable":true,"href":"https:\/\/hangermachinery.com\/vi\/wp-json\/wp\/v2\/product-type?post=120"}],"curies":[{"name":"wp","href":"https:\/\/api.w.org\/{rel}","templated":true}]}}