{"id":132,"date":"2022-07-17T17:07:55","date_gmt":"2022-07-17T17:07:55","guid":{"rendered":"https:\/\/hangermachinery.com\/?post_type=product&#038;p=132"},"modified":"2022-12-02T16:31:35","modified_gmt":"2022-12-02T08:31:35","slug":"butterfly-type-hanger-product-machine","status":"publish","type":"product","link":"https:\/\/hangermachinery.com\/vi\/product\/butterfly-type-hanger-product-machine\/","title":{"rendered":"M\u00e1y s\u1ea3n ph\u1ea9m m\u00f3c ki\u1ec3u b\u01b0\u1edbm | m\u00e1y l\u00e0m m\u00f3c treo"},"content":{"rendered":"<p class=\"translation-block\">M\u00e1y s\u1ea3n xu\u1ea5t m\u00f3c \u00e1o ki\u1ec3u c\u00e1nh b\u01b0\u1edbm l\u00e0 thi\u1ebft b\u1ecb d\u00f9ng \u0111\u1ec3 s\u1ea3n xu\u1ea5t m\u00f3c \u00e1o. <a href=\"https:\/\/hangermachinery.com\/vi\/products\/plastic-coated-hanger-production-line\/\">M\u00e1y s\u1ea3n xu\u1ea5t m\u00f3c \u00e1o d\u00e2y<\/a> s\u1eed d\u1ee5ng nguy\u00ean li\u1ec7u nh\u01b0 d\u00e2y s\u1eaft v\u00e0 <a href=\"https:\/\/en.wikipedia.org\/wiki\/Galvanization\" data-type=\"URL\" data-id=\"https:\/\/en.wikipedia.org\/wiki\/Galvanization\" target=\"_blank\" rel=\"noopener\">d\u00e2y m\u1ea1 k\u1ebdm<\/a> \u0111\u1ec3 l\u00e0m th\u00e0nh m\u00f3c \u00e1o, ngo\u00e0i ra h\u00ecnh d\u1ea1ng m\u00f3c \u00e1o c\u0169ng c\u00f3 th\u1ec3 t\u00f9y ch\u1ec9nh. \u0110\u00e2y l\u00e0 m\u00e1y l\u00e0m m\u00f3c \u00e1o ki\u1ec3u c\u00e1nh b\u01b0\u1edbm. M\u00f3c \u00e1o ki\u1ec3u b\u01b0\u1edbm c\u00f3 h\u00ecnh d\u00e1ng \u0111\u1eb9p v\u00e0 c\u00f3 t\u00e1c d\u1ee5ng ch\u1ed1ng tr\u01b0\u1ee3t.<\/p>    <figure class=\"wp-block-image size-full\"><img loading=\"lazy\" decoding=\"async\" width=\"720\" height=\"540\" src=\"https:\/\/hangermachinery.com\/wp-content\/uploads\/2022\/07\/Butterfly-type-hanger-.webp\" alt=\"M\u00f3c treo ki\u1ec3u b\u01b0\u1edbm\" class=\"wp-image-350\" title=\"\" srcset=\"https:\/\/hangermachinery.com\/wp-content\/uploads\/2022\/07\/Butterfly-type-hanger-.webp 720w, https:\/\/hangermachinery.com\/wp-content\/uploads\/2022\/07\/Butterfly-type-hanger--300x225.webp 300w\" sizes=\"auto, (max-width: 720px) 100vw, 720px\" \/><figcaption class=\"wp-element-caption\">M\u00f3c treo&amp;Nbsp;Ki\u1ec3u&amp;Nbsp;&amp;Nbsp;B\u01b0\u1edbm<\/figcaption><\/figure>    <h2 class=\"wp-block-heading\" id=\"h-why-is-it-called-a-butterfly-hanger-machine\">T\u1ea1i sao l\u1ea1i g\u1ecdi l\u00e0 m\u00e1y s\u1ea3n xu\u1ea5t m\u00f3c \u00e1o ki\u1ec3u c\u00e1nh b\u01b0\u1edbm?<\/h2>    <figure class=\"wp-block-embed is-type-video is-provider-youtube wp-block-embed-youtube wp-embed-aspect-16-9 wp-has-aspect-ratio\"><div class=\"wp-block-embed__wrapper\"> <iframe loading=\"lazy\" title=\"M\u1ed9t nh\u00e0 m\u00e1y l\u00e0m m\u00f3c \u00e1o d\u00e2y \u0111ang v\u1eadn h\u00e0nh t\u1ea1i \u1ea2 R\u1eadp Saudi | m\u00e1y l\u00e0m m\u00f3c \u00e1o qu\u1ea7n\" width=\"500\" height=\"281\" src=\"https:\/\/www.youtube.com\/embed\/MfuP8dbRTU4?feature=oembed\" frameborder=\"0\" allow=\"accelerometer; autoplay; clipboard-write; encrypted-media; gyroscope; picture-in-picture; web-share\" referrerpolicy=\"strict-origin-when-cross-origin\" allowfullscreen><\/iframe> <\/div><\/figure>    <p><br>T\u1ea1i sao n\u00f3 g\u1ecdi l\u00e0 m\u00e1y m\u00f3c m\u00f3c treo h\u00ecnh b\u01b0\u1edbm? B\u1edfi v\u00ec h\u00ecnh d\u1ea1ng c\u1ee7a m\u00f3c treo l\u00e0 \u0111\u1ed9c \u0111\u00e1o, h\u00ecnh d\u1ea1ng c\u1ee7a m\u00f3c treo kh\u00e1 gi\u1ed1ng v\u1edbi c\u00e1nh c\u1ee7a con b\u01b0\u1edbm, v\u00ec v\u1eady n\u00f3 \u0111\u01b0\u1ee3c g\u1ecdi l\u00e0 m\u00e1y m\u00f3c m\u00f3c treo h\u00ecnh b\u01b0\u1edbm. H\u00ecnh d\u1ea1ng c\u1ee7a m\u00e1y m\u00f3c s\u1ea3n ph\u1ea9m m\u00f3c treo ki\u1ec3u b\u01b0\u1edbm r\u1ea5t \u0111\u1eb9p, v\u00e0 v\u00ec h\u00ecnh d\u1ea1ng \u0111\u1ed9c \u0111\u00e1o c\u1ee7a n\u00f3, m\u00e1y m\u00f3c m\u00f3c treo c\u00f2n c\u00f3 t\u00e1c d\u1ee5ng ch\u1ed1ng tr\u01b0\u1ee3t. V\u00ec v\u1eady, m\u00e1y m\u00f3c m\u00f3c treo h\u00ecnh b\u01b0\u1edbm l\u00e0 m\u1ed9t h\u00ecnh d\u1ea1ng m\u00e0 nhi\u1ec1u ng\u01b0\u1eddi th\u00edch.<\/p>    <h2 class=\"wp-block-heading\">Th\u00f4ng s\u1ed1 k\u1ef9 thu\u1eadt m\u00e1y s\u1ea3n xu\u1ea5t m\u00f3c \u00e1o ki\u1ec3u c\u00e1nh b\u01b0\u1edbm<\/h2>    <figure class=\"wp-block-table\"><table><tbody><tr><td>M\u1eabu m\u00e3<\/td><td>SL-600<\/td><\/tr><tr><td>N\u0103ng su\u1ea5t<\/td><td>50 chi\u1ebfc\/gi\u1edd<\/td><\/tr><tr><td>D\u00e2y m\u1ea1 k\u1ebdm<\/td><td>1,8mm ~ 2,2mm<\/td><\/tr><tr><td>D\u00e2y b\u1ecdc P.V.C<\/td><td>2,8mm ~ 3,6mm<\/td><\/tr><tr><td>\u0110\u1ed9ng c\u01a1<\/td><td>2HP<\/td><\/tr><tr><td>Gi\u00e1 \u0111\u1ee1 l\u00ean d\u00e2y<\/td><td>2HP<\/td><\/tr><tr><td>K\u00edch th\u01b0\u1edbc m\u00f3c \u00e1o<\/td><td>13-14cm cho tr\u1ebb em<br>15-19cm cho ng\u01b0\u1eddi l\u1edbn<\/td><\/tr><tr><td>Tr\u1ecdng l\u01b0\u1ee3ng t\u1ecbnh<\/td><td>750kg<\/td><\/tr><tr><td>K\u00edch th\u01b0\u1edbc m\u00e1y<\/td><td>1800*800*1650mm(D*R*C)<\/td><\/tr><\/tbody><\/table><\/figure>    <h2 class=\"wp-block-heading\" id=\"h-why-can-the-butterfly-type-hanger-product-machine-make-a-variety-of-shapes\">T\u1ea1i sao m\u00e1y s\u1ea3n xu\u1ea5t m\u00f3c \u00e1o ki\u1ec3u c\u00e1nh b\u01b0\u1edbm c\u00f3 th\u1ec3 t\u1ea1o ra nhi\u1ec1u h\u00ecnh d\u1ea1ng kh\u00e1c nhau?<\/h2>    <figure class=\"wp-block-image size-full\"><img loading=\"lazy\" decoding=\"async\" width=\"720\" height=\"540\" src=\"https:\/\/hangermachinery.com\/wp-content\/uploads\/2022\/07\/Butterfly-type-hanger-product-machine-4.webp\" alt=\"M\u00e1y s\u1ea3n ph\u1ea9m m\u00f3c ki\u1ec3u b\u01b0\u1edbm\" class=\"wp-image-437\" title=\"\" srcset=\"https:\/\/hangermachinery.com\/wp-content\/uploads\/2022\/07\/Butterfly-type-hanger-product-machine-4.webp 720w, https:\/\/hangermachinery.com\/wp-content\/uploads\/2022\/07\/Butterfly-type-hanger-product-machine-4-300x225.webp 300w\" sizes=\"auto, (max-width: 720px) 100vw, 720px\" \/><figcaption class=\"wp-element-caption\">M\u00e1y s\u1ea3n xu\u1ea5t m\u00f3c \u00e1o ki\u1ec3u c\u00e1nh b\u01b0\u1edbm<\/figcaption><\/figure>    <p>M\u00e1y l\u00e0m m\u00f3c \u00e1o ki\u1ec3u c\u00e1nh b\u01b0\u1edbm c\u00f3 th\u1ec3 s\u1ea3n xu\u1ea5t nhi\u1ec1u h\u00ecnh d\u1ea1ng kh\u00e1c nhau v\u00ec m\u00e1y c\u00f3 th\u1ec3 thay \u0111\u1ed5i khu\u00f4n v\u00e0 h\u00ecnh d\u1ea1ng c\u1ee7a m\u00f3c \u00e1o \u0111\u01b0\u1ee3c t\u1ea1o ra b\u1edfi c\u00e1c khu\u00f4n kh\u00e1c nhau s\u1ebd kh\u00e1c nhau. Ngo\u00e0i ra, k\u00edch th\u01b0\u1edbc c\u1ee7a m\u00f3c c\u0169ng c\u00f3 th\u1ec3 t\u00f9y ch\u1ec9nh. N\u1ebfu b\u1ea1n mu\u1ed1n s\u1ea3n xu\u1ea5t m\u00f3c \u00e1o v\u1edbi nhi\u1ec1u h\u00ecnh d\u00e1ng kh\u00e1c nhau, b\u1ea1n c\u00f3 th\u1ec3 mua nhi\u1ec1u b\u1ed9 khu\u00f4n \u0111\u1ec3 s\u1eed d\u1ee5ng, nh\u01b0 v\u1eady s\u1ebd cho ra nhi\u1ec1u lo\u1ea1i m\u00f3c \u00e1o kh\u00e1c nhau, gi\u00fap kh\u00e1ch h\u00e0ng c\u00f3 nhi\u1ec1u l\u1ef1a ch\u1ecdn h\u01a1n.<\/p>    <h2 class=\"wp-block-heading\" id=\"h-size-of-the-butterfly-type-hanger-making-machine-to-produce-hangers\">K\u00edch th\u01b0\u1edbc c\u1ee7a m\u00e1y s\u1ea3n xu\u1ea5t m\u00f3c \u00e1o ki\u1ec3u c\u00e1nh b\u01b0\u1edbm \u0111\u1ec3 s\u1ea3n xu\u1ea5t m\u00f3c \u00e1o<\/h2>    <p>Ch\u00fang t\u00f4i nh\u1eadn th\u1ea5y m\u1ed9t s\u1ed1 m\u00f3c \u00e1o c\u00f3 k\u00edch th\u01b0\u1edbc kh\u00e1c nhau, \u0111\u1eb7c bi\u1ec7t cho tr\u1ebb em v\u00e0 ng\u01b0\u1eddi l\u1edbn; th\u00f4ng th\u01b0\u1eddng m\u00f3c \u00e1o size 13-15 d\u00f9ng cho tr\u1ebb em, size 16-20 d\u00f9ng cho ng\u01b0\u1eddi l\u1edbn, v\u00e0 c\u00f3 th\u1ec3 \u0111i\u1ec1u ch\u1ec9nh tr\u1ef1c ti\u1ebfp tr\u00ean m\u00e1y trong qu\u00e1 tr\u00ecnh s\u1ea3n xu\u1ea5t \u0111\u1ec3 ki\u1ec3m so\u00e1t k\u00edch th\u01b0\u1edbc m\u00f3c \u00e1o xu\u1ea5t x\u01b0\u1edfng.<\/p>    <div class=\"wp-block-media-text alignwide is-stacked-on-mobile\"><figure class=\"wp-block-media-text__media\"><img loading=\"lazy\" decoding=\"async\" width=\"720\" height=\"540\" src=\"https:\/\/hangermachinery.com\/wp-content\/uploads\/2022\/07\/Butterfly-type-hanger-product-machine-2.webp\" alt=\"M\u00e1y\u00a0s\u1ea3n\u00a0xu\u1ea5t\u00a0m\u00f3c\u00a0\u00e1o\u00a0ki\u1ec3u\u00a0c\u00e1nh\u00a0b\u01b0\u1edbm\" class=\"wp-image-352 size-full\" title=\"\" srcset=\"https:\/\/hangermachinery.com\/wp-content\/uploads\/2022\/07\/Butterfly-type-hanger-product-machine-2.webp 720w, https:\/\/hangermachinery.com\/wp-content\/uploads\/2022\/07\/Butterfly-type-hanger-product-machine-2-300x225.webp 300w\" sizes=\"auto, (max-width: 720px) 100vw, 720px\" \/><\/figure><div class=\"wp-block-media-text__content\"> <p class=\"has-medium-font-size\">D\u1ec5 v\u1eadn h\u00e0nh<\/p> <\/div><\/div>    <div class=\"wp-block-media-text alignwide has-media-on-the-right is-stacked-on-mobile\"><div class=\"wp-block-media-text__content\"> <p class=\"has-medium-font-size\">\u0110\u1ed9 ch\u00ednh x\u00e1c cao, k\u00edch th\u01b0\u1edbc m\u00f3c s\u1ea3n xu\u1ea5t \u0111\u1ed3ng \u0111\u1ec1u<\/p> <\/div><figure class=\"wp-block-media-text__media\"><img loading=\"lazy\" decoding=\"async\" width=\"720\" height=\"540\" src=\"https:\/\/hangermachinery.com\/wp-content\/uploads\/2022\/07\/Butterfly-type-hanger-product-machine-3.webp\" alt=\"M\u00e1y\u00a0s\u1ea3n\u00a0xu\u1ea5t\u00a0m\u00f3c\u00a0\u00e1o\u00a0ki\u1ec3u\u00a0c\u00e1nh\u00a0b\u01b0\u1edbm\" class=\"wp-image-353 size-full\" title=\"\" srcset=\"https:\/\/hangermachinery.com\/wp-content\/uploads\/2022\/07\/Butterfly-type-hanger-product-machine-3.webp 720w, https:\/\/hangermachinery.com\/wp-content\/uploads\/2022\/07\/Butterfly-type-hanger-product-machine-3-300x225.webp 300w\" sizes=\"auto, (max-width: 720px) 100vw, 720px\" \/><\/figure><\/div>    <div class=\"wp-block-media-text alignwide is-stacked-on-mobile\"><figure class=\"wp-block-media-text__media\"><img loading=\"lazy\" decoding=\"async\" width=\"720\" height=\"540\" src=\"https:\/\/hangermachinery.com\/wp-content\/uploads\/2022\/07\/hanger-product-machine-1.webp\" alt=\"M\u00e1y\u00a0s\u1ea3n\u00a0xu\u1ea5t\u00a0m\u00f3c\u00a0\u00e1o\u00a0ki\u1ec3u\u00a0c\u00e1nh\u00a0b\u01b0\u1edbm\" class=\"wp-image-354 size-full\" title=\"\" srcset=\"https:\/\/hangermachinery.com\/wp-content\/uploads\/2022\/07\/hanger-product-machine-1.webp 720w, https:\/\/hangermachinery.com\/wp-content\/uploads\/2022\/07\/hanger-product-machine-1-300x225.webp 300w\" sizes=\"auto, (max-width: 720px) 100vw, 720px\" \/><\/figure><div class=\"wp-block-media-text__content\"> <p class=\"has-medium-font-size\">S\u1ea3n ph\u1ea9m ch\u1eafc ch\u1eafn, b\u1ec1n v\u00e0 c\u00f3 gi\u00e1 tr\u1ecb cao<\/p> <\/div><\/div>    <h2 class=\"wp-block-heading\" id=\"h-what-are-the-advantages-of-metal-hangers-compared-with-other-hangers\">\u01afu \u0111i\u1ec3m c\u1ee7a m\u00f3c \u00e1o kim lo\u1ea1i so v\u1edbi c\u00e1c lo\u1ea1i m\u00f3c \u00e1o kh\u00e1c l\u00e0 g\u00ec<\/h2>    <figure class=\"wp-block-image size-full\"><img loading=\"lazy\" decoding=\"async\" width=\"720\" height=\"540\" src=\"https:\/\/hangermachinery.com\/wp-content\/uploads\/2022\/07\/0.56-1.webp\" alt=\" m\u00f3c treo kim lo\u1ea1i \" class=\"wp-image-355\" title=\"\" srcset=\"https:\/\/hangermachinery.com\/wp-content\/uploads\/2022\/07\/0.56-1.webp 720w, https:\/\/hangermachinery.com\/wp-content\/uploads\/2022\/07\/0.56-1-300x225.webp 300w\" sizes=\"auto, (max-width: 720px) 100vw, 720px\" \/><figcaption class=\"wp-element-caption\"> M\u00f3c \u00c1o Kim Lo\u1ea1i <\/figcaption><\/figure>    <ul class=\"wp-block-list\"> <li>R\u1ebb v\u00e0 b\u1ec1n<\/li>    <li>D\u1ec5 s\u1ea3n xu\u1ea5t, th\u00edch h\u1ee3p s\u1ea3n xu\u1ea5t s\u1ed1 l\u01b0\u1ee3ng l\u1edbn;<\/li>    <li>Ch\u1ee7 y\u1ebfu l\u00e0m t\u1eeb d\u00e2y, nh\u1eb9, ti\u1ec7n d\u1ee5ng, r\u1ea5t ph\u00f9 h\u1ee3p d\u00f9ng trong gia \u0111\u00ecnh;<\/li>    <li>Ngo\u1ea1i h\u00ecnh \u0111\u1eb9p, nhi\u1ec1u m\u00e0u s\u1eafc<\/li>    <li>S\u1ea3n ph\u1ea9m inox c\u00f3 tu\u1ed5i th\u1ecd cao;<\/li>    <li>Nguy\u00ean li\u1ec7u kim lo\u1ea1i c\u00f3 th\u1ec3 t\u00e1i ch\u1ebf \u1edf m\u1ed9t m\u1ee9c \u0111\u1ed9 n\u00e0o \u0111\u00f3<\/li> <\/ul>                <div class=\"wp-block-shuliy-wp-blocks-latest-posts has-2-columns\">                             <div class=\"shuliy-wp-blocks-latest-posts-item\">                     <a href=\"https:\/\/hangermachinery.com\/vi\/product\/cloth-hanger-machine\/\" target=\"_blank\">                         <img class=\"shuliy-wp-blocks-latest-posts-item__featured-image\" src=\"https:\/\/hangermachinery.com\/wp-content\/uploads\/2023\/06\/cloths-hanger-machine-for-sale.webp\" alt=\"\" \/>                     <\/a>                      <h2 class=\"shuliy-wp-blocks-latest-posts-item__title\">                         <a href=\"https:\/\/hangermachinery.com\/vi\/product\/cloth-hanger-machine\/\" target=\"_blank\">                             M\u00e1y L\u00e0m M\u00f3c Treo Qu\u1ea7n \u00c1o                        <\/a>                     <\/h2>                 <\/div>                             <div class=\"shuliy-wp-blocks-latest-posts-item\">                     <a href=\"https:\/\/hangermachinery.com\/vi\/product\/raw-galvanized-wire\/\" target=\"_blank\">                         <img class=\"shuliy-wp-blocks-latest-posts-item__featured-image\" src=\"https:\/\/hangermachinery.com\/wp-content\/uploads\/2023\/01\/galvanized-wire-for-making-clothes-hangers.jpg\" alt=\"\" \/>                     <\/a>                      <h2 class=\"shuliy-wp-blocks-latest-posts-item__title\">                         <a href=\"https:\/\/hangermachinery.com\/vi\/product\/raw-galvanized-wire\/\" target=\"_blank\">                             D\u00e2y m\u1ea1 k\u1ebdm d\u00f9ng l\u00e0m m\u00f3c \u00e1o                        <\/a>                     <\/h2>                 <\/div>                             <div class=\"shuliy-wp-blocks-latest-posts-item\">                     <a href=\"https:\/\/hangermachinery.com\/vi\/product\/butterfly-type-hanger-product-machine\/\" target=\"_blank\">                         <img class=\"shuliy-wp-blocks-latest-posts-item__featured-image\" src=\"https:\/\/hangermachinery.com\/wp-content\/uploads\/2022\/07\/Butterfly-type-hanger-product-machine.webp\" alt=\"\" \/>                     <\/a>                      <h2 class=\"shuliy-wp-blocks-latest-posts-item__title\">                         <a href=\"https:\/\/hangermachinery.com\/vi\/product\/butterfly-type-hanger-product-machine\/\" target=\"_blank\">                             M\u00e1y s\u1ea3n ph\u1ea9m m\u00f3c ki\u1ec3u b\u01b0\u1edbm | m\u00e1y l\u00e0m m\u00f3c treo                        <\/a>                     <\/h2>                 <\/div>                             <div class=\"shuliy-wp-blocks-latest-posts-item\">                     <a href=\"https:\/\/hangermachinery.com\/vi\/product\/welding-wire-hanger-making-machine\/\" target=\"_blank\">                         <img class=\"shuliy-wp-blocks-latest-posts-item__featured-image\" src=\"https:\/\/hangermachinery.com\/wp-content\/uploads\/2022\/07\/Welding-wire-hanger-making-machine.webp\" alt=\"\" \/>                     <\/a>                      <h2 class=\"shuliy-wp-blocks-latest-posts-item__title\">                         <a href=\"https:\/\/hangermachinery.com\/vi\/product\/welding-wire-hanger-making-machine\/\" target=\"_blank\">                             M\u00e1y s\u1ea3n xu\u1ea5t m\u00f3c \u00e1o d\u00e2y h\u00e0n | m\u00e1y m\u00f3c m\u00f3c \u00e1o kim lo\u1ea1i                        <\/a>                     <\/h2>                 <\/div>                             <div class=\"shuliy-wp-blocks-latest-posts-item\">                     <a href=\"https:\/\/hangermachinery.com\/vi\/product\/coat-hanger-making-machine\/\" target=\"_blank\">                         <img class=\"shuliy-wp-blocks-latest-posts-item__featured-image\" src=\"https:\/\/hangermachinery.com\/wp-content\/uploads\/2022\/07\/Coat-Hanger-Making-Machine.webp\" alt=\"\" \/>                     <\/a>                      <h2 class=\"shuliy-wp-blocks-latest-posts-item__title\">                         <a href=\"https:\/\/hangermachinery.com\/vi\/product\/coat-hanger-making-machine\/\" target=\"_blank\">                             M\u00e1y L\u00e0m M\u00f3c \u00c1o Kho\u00e1c | M\u00e1y S\u1ea3n Xu\u1ea5t M\u00f3c Treo                        <\/a>                     <\/h2>                 <\/div>                     <\/div>","protected":false},"excerpt":{"rendered":"<p>M\u00e1y s\u1ea3n xu\u1ea5t m\u00f3c \u00e1o lo\u1ea1i b\u01b0\u1edbm l\u00e0 m\u00e1y d\u00f9ng \u0111\u1ec3 s\u1ea3n xu\u1ea5t m\u00f3c \u00e1o. <\/p>","protected":false},"author":1,"featured_media":348,"parent":0,"template":"","tags":[29,30],"product-type":[11,18],"class_list":["post-132","product","type-product","status-publish","has-post-thumbnail","hentry","tag-hanger","tag-hanger-product-machine","product-type-product","product-type-butterfly-type-hanger-product-machine"],"_links":{"self":[{"href":"https:\/\/hangermachinery.com\/vi\/wp-json\/wp\/v2\/product\/132","targetHints":{"allow":["GET"]}}],"collection":[{"href":"https:\/\/hangermachinery.com\/vi\/wp-json\/wp\/v2\/product"}],"about":[{"href":"https:\/\/hangermachinery.com\/vi\/wp-json\/wp\/v2\/types\/product"}],"author":[{"embeddable":true,"href":"https:\/\/hangermachinery.com\/vi\/wp-json\/wp\/v2\/users\/1"}],"wp:featuredmedia":[{"embeddable":true,"href":"https:\/\/hangermachinery.com\/vi\/wp-json\/wp\/v2\/media\/348"}],"wp:attachment":[{"href":"https:\/\/hangermachinery.com\/vi\/wp-json\/wp\/v2\/media?parent=132"}],"wp:term":[{"taxonomy":"post_tag","embeddable":true,"href":"https:\/\/hangermachinery.com\/vi\/wp-json\/wp\/v2\/tags?post=132"},{"taxonomy":"product-type","embeddable":true,"href":"https:\/\/hangermachinery.com\/vi\/wp-json\/wp\/v2\/product-type?post=132"}],"curies":[{"name":"wp","href":"https:\/\/api.w.org\/{rel}","templated":true}]}}