{"id":559,"date":"2023-01-04T14:06:04","date_gmt":"2023-01-04T06:06:04","guid":{"rendered":"https:\/\/hangermachinery.com\/?post_type=product&#038;p=559"},"modified":"2023-01-04T14:06:05","modified_gmt":"2023-01-04T06:06:05","slug":"raw-galvanized-wire","status":"publish","type":"product","link":"https:\/\/hangermachinery.com\/vi\/product\/raw-galvanized-wire\/","title":{"rendered":"D\u00e2y m\u1ea1 k\u1ebdm d\u00f9ng l\u00e0m m\u00f3c \u00e1o"},"content":{"rendered":"<p class=\"translation-block\">D\u00e2y m\u1ea1 k\u1ebdm l\u00e0 m\u1ed9t trong nh\u1eefng nguy\u00ean li\u1ec7u \u0111\u1ec3 l\u00e0m <a href=\"https:\/\/hangermachinery.com\/vi\/product\/pvc-coated-wire-hanger-production-line\/\" data-type=\"URL\" data-id=\"https:\/\/hangermachinery.com\/product\/pvc-coated-wire-hanger-production-line\/\">m\u00f3c treo qu\u1ea7n \u00e1o<\/a>. D\u00e2y th\u00e9p m\u1ea1 k\u1ebdm ch\u1ed1ng \u0103n m\u00f2n, ch\u1ea5t l\u01b0\u1ee3ng t\u1ed1t v\u00e0 b\u1ec1 m\u1eb7t s\u00e1ng b\u00f3ng, r\u1ea5t ph\u00f9 h\u1ee3p \u0111\u1ec3 gia c\u00f4ng m\u00f3c treo qu\u1ea7n \u00e1o. Ngo\u00e0i vi\u1ec7c b\u00e1n m\u00f3c treo qu\u1ea7n \u00e1o, shuliy c\u0169ng xu\u1ea5t kh\u1ea9u d\u00e2y th\u00e9p m\u1ea1 k\u1ebdm, l\u00e0 nguy\u00ean li\u1ec7u \u0111\u1ec3 l\u00e0m m\u00f3c treo qu\u1ea7n \u00e1o.<\/p>   <div class=\"wp-block-image\"> <figure class=\"aligncenter size-full\"><img loading=\"lazy\" decoding=\"async\" width=\"720\" height=\"540\" src=\"https:\/\/hangermachinery.com\/wp-content\/uploads\/2023\/01\/galvanized-wire-1.jpg\" alt=\"d\u00e2y m\u1ea1 k\u1ebdm\" class=\"wp-image-573\" title=\"\" srcset=\"https:\/\/hangermachinery.com\/wp-content\/uploads\/2023\/01\/galvanized-wire-1.jpg 720w, https:\/\/hangermachinery.com\/wp-content\/uploads\/2023\/01\/galvanized-wire-1-300x225.jpg 300w\" sizes=\"auto, (max-width: 720px) 100vw, 720px\" \/><figcaption class=\"wp-element-caption\">d\u00e2y m\u1ea1 k\u1ebdm<\/figcaption><\/figure> <\/div>   <h2 class=\"wp-block-heading\">Gi\u1edbi thi\u1ec7u v\u1ec1 d\u00e2y th\u00e9p m\u1ea1 k\u1ebdm \u0111\u1ec3 l\u00e0m m\u00f3c \u00e1o<\/h2>    <p class=\"translation-block\">\u0110\u1ec3 l\u00e0m m\u00f3c treo, d\u00e2y th\u00e9p m\u1ea1 k\u1ebdm th\u00e9p m\u1ea1 k\u1ebdm l\u00e0 kh\u00f4ng th\u1ec3 thi\u1ebfu. \u0110\u01b0\u1eddng k\u00ednh d\u00e2y th\u00f4ng d\u1ee5ng c\u1ee7a d\u00e2y th\u00e9p n\u00e0y th\u01b0\u1eddng l\u00e0 1.8-2.5mm. \u0110\u01a1n v\u1ecb b\u00e1n d\u00e2y th\u00e9p m\u1ea1 k\u1ebdm l\u00e0 t\u1ea5n, th\u01b0\u1eddng l\u00e0 n\u0103m t\u1ea5n. D\u00e2y m\u1ea1 k\u1ebdm th\u00e9p th\u01b0\u1eddng \u0111\u01b0\u1ee3c s\u1eed d\u1ee5ng trong bu\u1ed9c k\u1ebft c\u1ea5u, \u0111\u00f3ng g\u00f3i, l\u01b0\u1edbi l\u1ecdc, h\u00e0ng th\u1ee7 c\u00f4ng, <a href=\"https:\/\/www.urbandictionary.com\/define.php?term=hookup\" data-type=\"URL\" data-id=\"https:\/\/www.urbandictionary.com\/define.php?term=hookup\" target=\"_blank\" rel=\"noopener\">li\u00ean k\u1ebft<\/a>, v.v.<\/p>    <figure class=\"wp-block-gallery has-nested-images columns-default is-cropped wp-block-gallery-2 is-layout-flex wp-block-gallery-is-layout-flex\"> <figure class=\"wp-block-image size-large\"><img loading=\"lazy\" decoding=\"async\" width=\"720\" height=\"540\" data-id=\"568\" src=\"https:\/\/hangermachinery.com\/wp-content\/uploads\/2023\/01\/animal-cage.jpg\" alt=\"chu\u1ed3ng nu\u00f4i \u0111\u1ed9ng v\u1eadt\" class=\"wp-image-568\" title=\"\" srcset=\"https:\/\/hangermachinery.com\/wp-content\/uploads\/2023\/01\/animal-cage.jpg 720w, https:\/\/hangermachinery.com\/wp-content\/uploads\/2023\/01\/animal-cage-300x225.jpg 300w\" sizes=\"auto, (max-width: 720px) 100vw, 720px\" \/><figcaption class=\"wp-element-caption\">Chu\u1ed3ng \u0111\u1ed9ng v\u1eadt<\/figcaption><\/figure>    <figure class=\"wp-block-image size-large\"><img loading=\"lazy\" decoding=\"async\" width=\"720\" height=\"540\" data-id=\"567\" src=\"https:\/\/hangermachinery.com\/wp-content\/uploads\/2023\/01\/for-construction.jpg\" alt=\"cho x\u00e2y d\u1ef1ng\" class=\"wp-image-567\" title=\"\" srcset=\"https:\/\/hangermachinery.com\/wp-content\/uploads\/2023\/01\/for-construction.jpg 720w, https:\/\/hangermachinery.com\/wp-content\/uploads\/2023\/01\/for-construction-300x225.jpg 300w\" sizes=\"auto, (max-width: 720px) 100vw, 720px\" \/><figcaption class=\"wp-element-caption\">\u0110\u1ed1i v\u1edbi x\u00e2y d\u1ef1ng<\/figcaption><\/figure>    <figure class=\"wp-block-image size-large\"><img loading=\"lazy\" decoding=\"async\" width=\"720\" height=\"540\" data-id=\"566\" src=\"https:\/\/hangermachinery.com\/wp-content\/uploads\/2023\/01\/hook-up-1.jpg\" alt=\"m\u00f3c l\u00ean\" class=\"wp-image-566\" title=\"\" srcset=\"https:\/\/hangermachinery.com\/wp-content\/uploads\/2023\/01\/hook-up-1.jpg 720w, https:\/\/hangermachinery.com\/wp-content\/uploads\/2023\/01\/hook-up-1-300x225.jpg 300w\" sizes=\"auto, (max-width: 720px) 100vw, 720px\" \/><figcaption class=\"wp-element-caption\">K\u1ebft n\u1ed1i<\/figcaption><\/figure>    <figure class=\"wp-block-image size-large\"><img loading=\"lazy\" decoding=\"async\" width=\"720\" height=\"540\" data-id=\"565\" src=\"https:\/\/hangermachinery.com\/wp-content\/uploads\/2023\/01\/hook-up.jpg\" alt=\"m\u00f3c l\u00ean\" class=\"wp-image-565\" title=\"\" srcset=\"https:\/\/hangermachinery.com\/wp-content\/uploads\/2023\/01\/hook-up.jpg 720w, https:\/\/hangermachinery.com\/wp-content\/uploads\/2023\/01\/hook-up-300x225.jpg 300w\" sizes=\"auto, (max-width: 720px) 100vw, 720px\" \/><figcaption class=\"wp-element-caption\">K\u1ebft n\u1ed1i<\/figcaption><\/figure>    <figure class=\"wp-block-image size-large\"><img loading=\"lazy\" decoding=\"async\" width=\"720\" height=\"540\" data-id=\"564\" src=\"https:\/\/hangermachinery.com\/wp-content\/uploads\/2023\/01\/fence.jpg\" alt=\"h\u00e0ng r\u00e0o\" class=\"wp-image-564\" title=\"\" srcset=\"https:\/\/hangermachinery.com\/wp-content\/uploads\/2023\/01\/fence.jpg 720w, https:\/\/hangermachinery.com\/wp-content\/uploads\/2023\/01\/fence-300x225.jpg 300w\" sizes=\"auto, (max-width: 720px) 100vw, 720px\" \/><figcaption class=\"wp-element-caption\">H\u00e0ng r\u00e0o<\/figcaption><\/figure>    <figure class=\"wp-block-image size-large\"><img loading=\"lazy\" decoding=\"async\" width=\"720\" height=\"540\" data-id=\"563\" src=\"https:\/\/hangermachinery.com\/wp-content\/uploads\/2023\/01\/hangre.jpg\" alt=\"m\u00f3c\" class=\"wp-image-563\" title=\"\" srcset=\"https:\/\/hangermachinery.com\/wp-content\/uploads\/2023\/01\/hangre.jpg 720w, https:\/\/hangermachinery.com\/wp-content\/uploads\/2023\/01\/hangre-300x225.jpg 300w\" sizes=\"auto, (max-width: 720px) 100vw, 720px\" \/><figcaption class=\"wp-element-caption\">Hangr<\/figcaption><\/figure> <\/figure>    <h2 class=\"wp-block-heading\">L\u00e0m th\u1ebf n\u00e0o \u0111\u1ec3 ch\u1ecdn \u0111\u01b0\u1eddng k\u00ednh c\u1ee7a d\u00e2y th\u00e9p m\u1ea1 k\u1ebdm?<\/h2>    <h3 class=\"wp-block-heading\">Xem x\u00e9t h\u1ed7 tr\u1ee3 cho m\u00f3c treo<\/h3>    <p>M\u1ed9t l\u00e0 xem x\u00e9t l\u1ef1c \u0111\u1ee1 c\u1ee7a m\u00f3c treo. M\u1eb7c d\u00f9 tr\u1ecdng l\u01b0\u1ee3ng c\u1ee7a qu\u1ea7n \u00e1o \u0111\u01b0\u1ee3c l\u00e0m kh\u00f4 tr\u00ean m\u00f3c treo kh\u00e1 nh\u1eb9, nh\u01b0ng v\u1eabn c\u00f3 tr\u1ecdng l\u01b0\u1ee3ng nh\u1ea5t \u0111\u1ecbnh v\u1edbi qu\u1ea7n \u00e1o d\u00e0y, v\u00ec v\u1eady v\u1eabn c\u1ea7n m\u1ed9t l\u1ef1c \u0111\u1ee1 nh\u1ea5t \u0111\u1ecbnh.<\/p>   <div class=\"wp-block-image\"> <figure class=\"aligncenter size-full\"><img loading=\"lazy\" decoding=\"async\" width=\"720\" height=\"540\" src=\"https:\/\/hangermachinery.com\/wp-content\/uploads\/2023\/01\/galvanized-steel-wire-hangers.jpg\" alt=\"m\u00f3c treo d\u00e2y th\u00e9p m\u1ea1 k\u1ebdm\" class=\"wp-image-572\" title=\"\" srcset=\"https:\/\/hangermachinery.com\/wp-content\/uploads\/2023\/01\/galvanized-steel-wire-hangers.jpg 720w, https:\/\/hangermachinery.com\/wp-content\/uploads\/2023\/01\/galvanized-steel-wire-hangers-300x225.jpg 300w\" sizes=\"auto, (max-width: 720px) 100vw, 720px\" \/><figcaption class=\"wp-element-caption\">m\u00f3c treo d\u00e2y th\u00e9p m\u1ea1 k\u1ebdm<\/figcaption><\/figure> <\/div>   <h3 class=\"wp-block-heading\">Xem x\u00e9t chi ph\u00ed<\/h3>    <p>Th\u1ee9 hai, ch\u00fang ta ph\u1ea3i xem x\u00e9t chi ph\u00ed c\u1ee7a d\u00e2y th\u00e9p m\u1ea1 k\u1ebdm. Lo\u1ea1i m\u00f3c treo d\u00f9ng m\u1ed9t l\u1ea7n n\u00e0y ch\u1ee7 y\u1ebfu \u0111\u01b0\u1ee3c s\u1eed d\u1ee5ng trong c\u00e1c ti\u1ec7m gi\u1eb7t \u1ee7i, kh\u00e1ch s\u1ea1n, v\u00e0 \u0111\u01b0\u1ee3c t\u1eb7ng tr\u1ef1c ti\u1ebfp cho kh\u00e1ch h\u00e0ng sau khi gi\u1eb7t qu\u1ea7n \u00e1o. Do \u0111\u00f3, chi ph\u00ed c\u1ee7a m\u00f3c treo ph\u1ea3i \u0111\u01b0\u1ee3c xem x\u00e9t, v\u00e0 kh\u00f4ng n\u00ean s\u1eed d\u1ee5ng d\u00e2y th\u00e9p m\u1ea1 k\u1ebdm qu\u00e1 d\u00e0y.<br>\u0111\u01b0\u1ee3c bi\u1ebft. D\u00e2y th\u00e9p m\u1ea1 k\u1ebdm \u0111\u01b0\u1ee3c b\u00e1n theo t\u1ea5n, v\u00ec v\u1eady \u0111\u01b0\u1eddng k\u00ednh d\u00e2y d\u00e0y h\u01a1n v\u00e0 chi\u1ec1u d\u00e0i ng\u1eafn h\u01a1n, s\u1ed1 l\u01b0\u1ee3ng m\u00f3c treo s\u1ebd \u00edt h\u01a1n, v\u00ec v\u1eady \u0111\u01b0\u1eddng k\u00ednh d\u00e2y th\u00e9p m\u1ea1 k\u1ebdm ph\u1ed5 bi\u1ebfn l\u00e0 1.8-2.5mm.<\/p>    <h2 class=\"wp-block-heading\">C\u00e1ch m\u00f3c treo \u0111\u01b0\u1ee3c l\u00e0m<\/h2>    <p class=\"translation-block\">Qu\u00e1 tr\u00ecnh s\u1ea3n xu\u1ea5t m\u00f3c treo qu\u1ea7n \u00e1o nh\u1eb1m <a href=\"https:\/\/hangermachinery.com\/vi\/product\/plastic-coated-hanger-production-line\/\">s\u1ea3n xu\u1ea5t m\u00f3c treo<\/a> t\u01b0\u01a1ng \u0111\u1ed1i \u0111\u01a1n gi\u1ea3n. Nguy\u00ean li\u1ec7u ch\u00ednh \u0111\u1ec3 s\u1ea3n xu\u1ea5t m\u00f3c treo l\u00e0 d\u00e2y th\u00e9p m\u1ea1 k\u1ebdm, c\u00f3 th\u1ec3 \u0111\u01b0\u1ee3c h\u00ecnh th\u00e0nh b\u1eb1ng gia c\u00f4ng b\u1eb1ng m\u00e1y. L\u00fac n\u00e0y, c\u00e1c m\u00f3c treo qu\u1ea7n \u00e1o \u0111\u00e3 \u0111\u00e1p \u1ee9ng nhu c\u1ea7u c\u1ee7a nhi\u1ec1u kh\u00e1ch h\u00e0ng v\u00e0 ng\u01b0\u1eddi ti\u00eau d\u00f9ng, v\u00e0 lo\u1ea1i m\u00f3c treo n\u00e0y r\u1ea5t ph\u1ed5 bi\u1ebfn v\u00ec t\u00ednh kinh t\u1ebf.<\/p>    <figure class=\"wp-block-gallery has-nested-images columns-default is-cropped wp-block-gallery-3 is-layout-flex wp-block-gallery-is-layout-flex\"> <figure class=\"wp-block-image size-large\"><img loading=\"lazy\" decoding=\"async\" width=\"720\" height=\"540\" data-id=\"569\" src=\"https:\/\/hangermachinery.com\/wp-content\/uploads\/2023\/01\/galvanized-wire.jpg\" alt=\"d\u00e2y m\u1ea1 k\u1ebdm\" class=\"wp-image-569\" title=\"\" srcset=\"https:\/\/hangermachinery.com\/wp-content\/uploads\/2023\/01\/galvanized-wire.jpg 720w, https:\/\/hangermachinery.com\/wp-content\/uploads\/2023\/01\/galvanized-wire-300x225.jpg 300w\" sizes=\"auto, (max-width: 720px) 100vw, 720px\" \/><figcaption><\/figcaption><\/figure>    <figure class=\"wp-block-image size-large\"><img loading=\"lazy\" decoding=\"async\" width=\"720\" height=\"540\" data-id=\"570\" src=\"https:\/\/hangermachinery.com\/wp-content\/uploads\/2023\/01\/hangers.jpg\" alt=\"m\u00f3c treo\" class=\"wp-image-570\" title=\"\" srcset=\"https:\/\/hangermachinery.com\/wp-content\/uploads\/2023\/01\/hangers.jpg 720w, https:\/\/hangermachinery.com\/wp-content\/uploads\/2023\/01\/hangers-300x225.jpg 300w\" sizes=\"auto, (max-width: 720px) 100vw, 720px\" \/><figcaption class=\"wp-element-caption\">M\u00f3c treo<\/figcaption><\/figure> <\/figure>    <p>Ngo\u00e0i b\u00e1n h\u00e0ng tr\u1ef1c ti\u1ebfp, c\u0169ng c\u00f3 th\u1ec3 ph\u1ee7 l\u1edbp l\u00ean m\u00f3c treo r\u1ed3i ph\u01a1i kh\u00f4. L\u00fac n\u00e0y m\u00f3c treo c\u00f3 th\u1ec3 \u0111\u01b0\u1ee3c phun c\u00e1c m\u00e0u kh\u00e1c nhau, n\u00ean ch\u00fang tr\u00f4ng \u0111\u1eb9p h\u01a1n, v\u00e0 v\u1edbi l\u1edbp ph\u1ee7 b\u1ea3o v\u1ec7, ch\u00fang c\u0169ng b\u1ec1n h\u01a1n.<\/p>    <h2 class=\"wp-block-heading\">\u01afu \u0111i\u1ec3m c\u1ee7a d\u00e2y th\u00e9p m\u1ea1 k\u1ebdm <\/h2>    <p>S\u1eed d\u1ee5ng l\u00e2u d\u00e0i kh\u00f4ng d\u1ec5 b\u1ecb th\u00eau<br>B\u1ec1 m\u1eb7t s\u00e1ng b\u00f3ng, v\u1ebb ngo\u00e0i m\u1ecbn m\u00e0ng v\u00e0 \u0111\u1eb9p m\u1eaft<br>L\u1edbp k\u1ebdm \u0111\u1ed3ng \u0111\u1ec1u v\u00e0 c\u1ea5u tr\u00fac \u1ed5n \u0111\u1ecbnh<br>Sai s\u1ed1 \u0111\u01b0\u1eddng k\u00ednh d\u00e2y th\u00e9p m\u1ea1 k\u1ebdm nh\u1ecf, s\u1ea3n xu\u1ea5t \u0111\u1ed3ng nh\u1ea5t, ki\u1ec3m so\u00e1t nghi\u00eam ng\u1eb7t<\/p>    <h2 class=\"wp-block-heading\">V\u1ec1 c\u00e2u chuy\u1ec7n th\u00e0nh c\u00f4ng c\u1ee7a kh\u00e1ch h\u00e0ng v\u1edbi d\u00e2y th\u00e9p m\u1ea1 k\u1ebdm<\/h2>   <div class=\"wp-block-image\"> <figure class=\"aligncenter size-full\"><img loading=\"lazy\" decoding=\"async\" width=\"720\" height=\"540\" src=\"https:\/\/hangermachinery.com\/wp-content\/uploads\/2023\/01\/galvanized-steel-wire-factory-1.jpg\" alt=\"nh\u00e0 m\u00e1y d\u00e2y th\u00e9p m\u1ea1 k\u1ebdm\" class=\"wp-image-571\" title=\"\" srcset=\"https:\/\/hangermachinery.com\/wp-content\/uploads\/2023\/01\/galvanized-steel-wire-factory-1.jpg 720w, https:\/\/hangermachinery.com\/wp-content\/uploads\/2023\/01\/galvanized-steel-wire-factory-1-300x225.jpg 300w\" sizes=\"auto, (max-width: 720px) 100vw, 720px\" \/><figcaption class=\"wp-element-caption\">d\u00e2y th\u00e9p m\u1ea1 k\u1ebdm <\/figcaption><\/figure> <\/div>   <p class=\"translation-block\">Ch\u00fang t\u00f4i \u0111\u00e3 xu\u1ea5t kh\u1ea9u <a href=\"https:\/\/hangermachinery.com\/vi\/product\/galvanized-wire-hanger-machine\/\" data-type=\"URL\" data-id=\"https:\/\/hangermachinery.com\/product\/galvanized-wire-hanger-machine\/\">m\u00f3c treo qu\u1ea7n \u00e1o<\/a> v\u00e0 8 t\u1ea5n nguy\u00ean li\u1ec7u d\u00e2y th\u00e9p m\u1ea1 k\u1ebdm \u0111\u1ebfn C\u00e1c Ti\u1ec3u v\u01b0\u01a1ng qu\u1ed1c \u1ea2 R\u1eadp Th\u1ed1ng nh\u1ea5t. C\u00e2n nh\u1eafc c\u00e1c y\u1ebfu t\u1ed1 nh\u01b0 gi\u00e1 d\u00e2y th\u00e9p m\u1ea1 k\u1ebdm \u0111\u1ecba ph\u01b0\u01a1ng v\u00e0 gi\u00e1 d\u00e2y th\u00e9p m\u1ea1 k\u1ebdm nh\u1eadp kh\u1ea9u, kh\u00e1ch h\u00e0ng \u0111\u00e3 \u0111\u1eb7t mua nguy\u00ean li\u1ec7u d\u00e2y th\u00e9p m\u1ea1 k\u1ebdm tr\u1ef1c ti\u1ebfp khi mua m\u00f3c treo qu\u1ea7n \u00e1o. Theo c\u00e1ch n\u00e0y, kh\u00e1ch h\u00e0ng c\u00f3 th\u1ec3 v\u1eadn chuy\u1ec3n c\u1ea3 m\u00e1y treo v\u00e0 d\u00e2y th\u00e9p m\u1ea1 k\u1ebdm c\u00f9ng nhau, ti\u1ebft ki\u1ec7m chi ph\u00ed v\u1eadn chuy\u1ec3n v\u00e0 gi\u1ea3m chi ph\u00ed.<\/p>","protected":false},"excerpt":{"rendered":"<p>Galvanized wire is one of the raw materials for making clothes hangers. Galvanized steel wire is anti-corrosion, of good quality and bright on the surface, and very suitable for processing clothes hangers. In addition to selling clothes hangers, shuliy also exports galvanized steel wire, which is the raw material for making clothes hangers. Introduction of [&hellip;]<\/p>\n","protected":false},"author":1,"featured_media":560,"parent":0,"template":"","tags":[],"product-type":[11],"class_list":["post-559","product","type-product","status-publish","has-post-thumbnail","hentry","product-type-product"],"_links":{"self":[{"href":"https:\/\/hangermachinery.com\/vi\/wp-json\/wp\/v2\/product\/559","targetHints":{"allow":["GET"]}}],"collection":[{"href":"https:\/\/hangermachinery.com\/vi\/wp-json\/wp\/v2\/product"}],"about":[{"href":"https:\/\/hangermachinery.com\/vi\/wp-json\/wp\/v2\/types\/product"}],"author":[{"embeddable":true,"href":"https:\/\/hangermachinery.com\/vi\/wp-json\/wp\/v2\/users\/1"}],"wp:featuredmedia":[{"embeddable":true,"href":"https:\/\/hangermachinery.com\/vi\/wp-json\/wp\/v2\/media\/560"}],"wp:attachment":[{"href":"https:\/\/hangermachinery.com\/vi\/wp-json\/wp\/v2\/media?parent=559"}],"wp:term":[{"taxonomy":"post_tag","embeddable":true,"href":"https:\/\/hangermachinery.com\/vi\/wp-json\/wp\/v2\/tags?post=559"},{"taxonomy":"product-type","embeddable":true,"href":"https:\/\/hangermachinery.com\/vi\/wp-json\/wp\/v2\/product-type?post=559"}],"curies":[{"name":"wp","href":"https:\/\/api.w.org\/{rel}","templated":true}]}}