{"id":640,"date":"2023-06-29T15:28:45","date_gmt":"2023-06-29T07:28:45","guid":{"rendered":"https:\/\/hangermachinery.com\/?post_type=product&#038;p=640"},"modified":"2026-01-13T14:27:01","modified_gmt":"2026-01-13T06:27:01","slug":"cloth-hanger-machine","status":"publish","type":"product","link":"https:\/\/hangermachinery.com\/vi\/product\/cloth-hanger-machine\/","title":{"rendered":"M\u00e1y L\u00e0m M\u00f3c Treo Qu\u1ea7n \u00c1o"},"content":{"rendered":"<p>M\u00e1y s\u1ea3n xu\u1ea5t m\u00f3c treo qu\u1ea7n \u00e1o l\u00e0 m\u1ed9t thi\u1ebft b\u1ecb chuy\u00ean d\u1ee5ng \u0111\u01b0\u1ee3c thi\u1ebft k\u1ebf \u0111\u1ec3 t\u1ef1 \u0111\u1ed9ng h\u00f3a quy tr\u00ecnh s\u1ea3n xu\u1ea5t m\u00f3c treo qu\u1ea7n \u00e1o. N\u00f3 \u0111\u01b0\u1ee3c s\u1eed d\u1ee5ng trong c\u00e1c c\u01a1 s\u1edf s\u1ea3n xu\u1ea5t v\u00e0 ng\u00e0nh c\u00f4ng nghi\u1ec7p li\u00ean quan \u0111\u1ebfn vi\u1ec7c s\u1ea3n xu\u1ea5t s\u1ed1 l\u01b0\u1ee3ng l\u1edbn m\u00f3c treo.<\/p>    <p class=\"translation-block\">M\u00e1y s\u1ea3n xu\u1ea5t m\u00f3c treo qu\u1ea7n \u00e1o th\u01b0\u1eddng c\u00f3 nhi\u1ec1u ch\u1ee9c n\u0103ng v\u00e0 kh\u1ea3 n\u0103ng. Ch\u00fang c\u00f3 th\u1ec3 th\u1ef1c hi\u1ec7n c\u00e1c c\u00f4ng vi\u1ec7c kh\u00e1c nhau nh\u01b0 c\u1eaft, t\u1ea1o h\u00ecnh, u\u1ed1n v\u00e0 l\u1eafp r\u00e1p c\u00e1c v\u1eadt li\u1ec7u kh\u00e1c nhau \u0111\u1ec3 t\u1ea1o ra m\u00f3c treo ho\u00e0n ch\u1ec9nh. Nh\u1eefng m\u00e1y n\u00e0y \u0111\u01b0\u1ee3c thi\u1ebft k\u1ebf \u0111\u1ec3 x\u1eed l\u00fd nhi\u1ec1u lo\u1ea1i v\u1eadt li\u1ec7u, bao g\u1ed3m nh\u1ef1a v\u00e0 <a href=\"https:\/\/en.wikipedia.org\/wiki\/Metal\" target=\"_blank\" rel=\"noopener\">kim lo\u1ea1i<\/a>, t\u00f9y theo y\u00eau c\u1ea7u v\u00e0 s\u1edf th\u00edch c\u1ee5 th\u1ec3 c\u1ee7a nh\u00e0 s\u1ea3n xu\u1ea5t.<\/p>    <p class=\"translation-block\">C\u00e1c m\u00e1y \u0111\u01b0\u1ee3c trang b\u1ecb c\u01a1 ch\u1ebf ch\u00ednh x\u00e1c v\u00e0 h\u1ec7 th\u1ed1ng \u0111i\u1ec1u khi\u1ec3n \u0111\u1ec3 \u0111\u1ea3m b\u1ea3o s\u1ea3n xu\u1ea5t ch\u00ednh x\u00e1c v\u00e0 nh\u1ea5t qu\u00e1n. Ch\u00fang c\u00f3 th\u1ec3 s\u1ea3n xu\u1ea5t m\u00f3c \u00e1o v\u1edbi c\u00e1c k\u00edch th\u01b0\u1edbc, h\u00ecnh d\u1ea1ng v\u00e0 thi\u1ebft k\u1ebf kh\u00e1c nhau \u0111\u1ec3 \u0111\u00e1p \u1ee9ng nhu c\u1ea7u c\u1ee7a kh\u00e1ch h\u00e0ng. Vi\u1ec7c t\u1ef1 \u0111\u1ed9ng h\u00f3a m\u00e0 <a href=\"https:\/\/hangermachinery.com\/vi\/products\/galvanized-wire-hanger-machine\/\">m\u00e1y l\u00e0m m\u00f3c treo qu\u1ea7n \u00e1o<\/a> cung c\u1ea5p l\u00e0m t\u0103ng \u0111\u00e1ng k\u1ec3 hi\u1ec7u qu\u1ea3 s\u1ea3n xu\u1ea5t, gi\u1ea3m chi ph\u00ed nh\u00e2n c\u00f4ng v\u00e0 c\u1ea3i thi\u1ec7n n\u0103ng su\u1ea5t t\u1ed5ng th\u1ec3.<\/p>   <div class=\"wp-block-image\"> <figure class=\"aligncenter size-full\"><img loading=\"lazy\" decoding=\"async\" width=\"1560\" height=\"877\" src=\"https:\/\/hangermachinery.com\/wp-content\/uploads\/2023\/03\/hanger-forming-machine.webp\" alt=\"m\u00e1y l\u00e0m m\u00f3c treo qu\u1ea7n \u00e1o\" class=\"wp-image-614\" title=\"\" srcset=\"https:\/\/hangermachinery.com\/wp-content\/uploads\/2023\/03\/hanger-forming-machine.webp 1560w, https:\/\/hangermachinery.com\/wp-content\/uploads\/2023\/03\/hanger-forming-machine-300x169.webp 300w, https:\/\/hangermachinery.com\/wp-content\/uploads\/2023\/03\/hanger-forming-machine-1024x576.webp 1024w, https:\/\/hangermachinery.com\/wp-content\/uploads\/2023\/03\/hanger-forming-machine-768x432.webp 768w, https:\/\/hangermachinery.com\/wp-content\/uploads\/2023\/03\/hanger-forming-machine-1536x864.webp 1536w\" sizes=\"auto, (max-width: 1560px) 100vw, 1560px\" \/><figcaption class=\"wp-element-caption\">m\u00e1y l\u00e0m m\u00f3c treo qu\u1ea7n \u00e1o<\/figcaption><\/figure> <\/div>   <h2 class=\"wp-block-heading\">T\u1ea1i Sao Tham Gia Ng\u00e0nh Ngh\u1ec1 S\u1ea3n Xu\u1ea5t M\u00f3c Treo?<\/h2>    <p>Trong th\u1ebf gi\u1edbi ng\u00e0y nay v\u1edbi nh\u1ecbp \u0111\u1ed9 nhanh, nhu c\u1ea7u v\u1ec1 m\u00f3c treo qu\u1ea7n \u00e1o ti\u1ebfp t\u1ee5c t\u0103ng khi ng\u00e0nh c\u00f4ng nghi\u1ec7p may m\u1eb7c ph\u00e1t tri\u1ec3n. \u0110\u1ec3 \u0111\u00e1p \u1ee9ng nhu c\u1ea7u ng\u00e0y c\u00e0ng t\u0103ng n\u00e0y m\u1ed9t c\u00e1ch hi\u1ec7u qu\u1ea3, c\u00e1c nh\u00e0 s\u1ea3n xu\u1ea5t \u0111\u00e3 chuy\u1ec3n sang c\u00e1c c\u00f4ng ngh\u1ec7 ti\u00ean ti\u1ebfn nh\u01b0 m\u00e1y m\u00f3c m\u00f3c treo qu\u1ea7n \u00e1o. C\u00e1c h\u1ec7 th\u1ed1ng t\u1ef1 \u0111\u1ed9ng n\u00e0y \u0111\u00e3 c\u00e1ch m\u1ea1ng h\u00f3a qu\u00e1 tr\u00ecnh s\u1ea3n xu\u1ea5t, cho ph\u00e9p s\u1ea3n xu\u1ea5t nhanh h\u01a1n v\u00e0 ti\u1ebft ki\u1ec7m chi ph\u00ed h\u01a1n. Trong b\u00e0i vi\u1ebft n\u00e0y, ch\u00fang ta s\u1ebd kh\u00e1m ph\u00e1 c\u00e1c l\u1ee3i \u00edch v\u00e0 \u0111\u1eb7c \u0111i\u1ec3m c\u1ee7a m\u00e1y m\u00f3c m\u00f3c treo qu\u1ea7n \u00e1o v\u00e0 nh\u1ea5n m\u1ea1nh ch\u00fang.<\/p>    <h2 class=\"wp-block-heading\">T\u1ea7m Quan Tr\u1ecdng c\u1ee7a M\u00f3c Treo Qu\u1ea7n \u00c1o<\/h2>    <p>M\u00f3c treo qu\u1ea7n \u00e1o l\u00e0 m\u1ed9t th\u00e0nh ph\u1ea7n thi\u1ebft y\u1ebfu trong cu\u1ed9c s\u1ed1ng h\u00e0ng ng\u00e0y c\u1ee7a ch\u00fang ta. Ch\u00fang gi\u00fap ch\u00fang ta s\u1eafp x\u1ebfp v\u00e0 b\u1ea3o qu\u1ea3n trang ph\u1ee5c, ng\u0103n n\u1ebfp nh\u0103n v\u00e0 \u0111\u1ea3m b\u1ea3o d\u1ec5 d\u00e0ng l\u1ea5y \u0111\u1ed3. V\u1edbi s\u1ef1 gia t\u0103ng to\u00e0n c\u1ea7u c\u1ee7a ng\u00e0nh th\u1eddi trang v\u00e0 b\u00e1n l\u1ebb, nhu c\u1ea7u s\u1ea3n xu\u1ea5t m\u00f3c treo qu\u1ea7n \u00e1o hi\u1ec7u qu\u1ea3 \u0111\u00e3 tr\u1edf n\u00ean c\u1ea5p thi\u1ebft.<\/p>   <div class=\"wp-block-image\"> <figure class=\"aligncenter size-full\"><img loading=\"lazy\" decoding=\"async\" width=\"720\" height=\"540\" src=\"https:\/\/hangermachinery.com\/wp-content\/uploads\/2023\/01\/hangers.jpg\" alt=\"m\u00f3c treo\" class=\"wp-image-570\" title=\"\" srcset=\"https:\/\/hangermachinery.com\/wp-content\/uploads\/2023\/01\/hangers.jpg 720w, https:\/\/hangermachinery.com\/wp-content\/uploads\/2023\/01\/hangers-300x225.jpg 300w\" sizes=\"auto, (max-width: 720px) 100vw, 720px\" \/><figcaption class=\"wp-element-caption\">m\u00f3c treo<\/figcaption><\/figure> <\/div>   <h2 class=\"wp-block-heading\">M\u00e1y L\u00e0m M\u00f3c Treo Qu\u1ea7n \u00c1o: Hi\u1ec7u Su\u1ea5t T\u1ed1i \u01afu<\/h2>    <p>M\u00e1y s\u1ea3n xu\u1ea5t m\u00f3c treo qu\u1ea7n \u00e1o t\u1ef1 \u0111\u1ed9ng h\u00f3a quy tr\u00ecnh s\u1ea3n xu\u1ea5t, t\u0103ng \u0111\u00e1ng k\u1ec3 n\u0103ng su\u1ea5t v\u00e0 gi\u1ea3m chi ph\u00ed nh\u00e2n c\u00f4ng. Nh\u1eefng m\u00e1y n\u00e0y \u0111\u01b0\u1ee3c thi\u1ebft k\u1ebf \u0111\u1ec3 x\u1eed l\u00fd nhi\u1ec1u lo\u1ea1i v\u1eadt li\u1ec7u, nh\u01b0 nh\u1ef1a, g\u1ed7 ho\u1eb7c kim lo\u1ea1i, \u0111\u1ec3 s\u1ea3n xu\u1ea5t m\u00f3c treo ch\u1ea5t l\u01b0\u1ee3ng cao v\u1edbi s\u1ed1 l\u01b0\u1ee3ng l\u1edbn.<\/p>    <h2 class=\"wp-block-heading\">C\u00e1c T\u00ednh N\u0103ng Ch\u00ednh c\u1ee7a M\u00e1y S\u1ea3n Xu\u1ea5t M\u00f3c Treo Qu\u1ea7n \u00c1o<\/h2>    <ul class=\"wp-block-list\"> <li>\u0110\u1ed9 Ch\u00ednh X\u00e1c v\u00e0 \u0110a N\u0103ng: M\u00e1y m\u00f3c s\u1ea3n xu\u1ea5t m\u00f3c treo qu\u1ea7n \u00e1o \u0111\u01b0\u1ee3c trang b\u1ecb c\u00e1c c\u01a1 ch\u1ebf c\u1eaft, u\u1ed1n v\u00e0 t\u1ea1o h\u00ecnh ch\u00ednh x\u00e1c, cho ph\u00e9p nh\u00e0 s\u1ea3n xu\u1ea5t t\u1ea1o ra m\u00f3c \u00e1o v\u1edbi nhi\u1ec1u k\u00edch th\u01b0\u1edbc, h\u00ecnh d\u1ea1ng v\u00e0 thi\u1ebft k\u1ebf theo y\u00eau c\u1ea7u c\u1ee7a kh\u00e1ch h\u00e0ng.<\/li>    <li>T\u1ed1c \u0110\u1ed9 v\u00e0 Hi\u1ec7u Qu\u1ea3: Nh\u1eefng m\u00e1y n\u00e0y ho\u1ea1t \u0111\u1ed9ng \u1edf t\u1ed1c \u0111\u1ed9 cao, \u0111\u1ea3m b\u1ea3o s\u1ea3n xu\u1ea5t nhanh ch\u00f3ng m\u00e0 kh\u00f4ng l\u00e0m gi\u1ea3m ch\u1ea5t l\u01b0\u1ee3ng. Ch\u00fang c\u00f3 th\u1ec3 s\u1ea3n xu\u1ea5t m\u1ed9t s\u1ed1 l\u01b0\u1ee3ng l\u1edbn m\u00f3c treo trong th\u1eddi gian ng\u1eafn, \u0111\u00e1p \u1ee9ng ngay c\u1ea3 nh\u1eefng l\u1ecbch tr\u00ecnh s\u1ea3n xu\u1ea5t kh\u1eaft khe nh\u1ea5t.<\/li>    <li>D\u1ec5 S\u1eed D\u1ee5ng: M\u00e1y m\u00f3c s\u1ea3n xu\u1ea5t m\u00f3c treo qu\u1ea7n \u00e1o \u0111\u01b0\u1ee3c thi\u1ebft k\u1ebf th\u00e2n thi\u1ec7n v\u1edbi ng\u01b0\u1eddi d\u00f9ng, v\u1edbi giao di\u1ec7n v\u00e0 \u0111i\u1ec1u khi\u1ec3n tr\u1ef1c quan. \u0110i\u1ec1u n\u00e0y \u0111\u1ea3m b\u1ea3o r\u1eb1ng ng\u01b0\u1eddi v\u1eadn h\u00e0nh c\u00f3 th\u1ec3 nhanh ch\u00f3ng th\u00edch nghi v\u1edbi m\u00e1y v\u00e0 qu\u1ea3n l\u00fd quy tr\u00ecnh s\u1ea3n xu\u1ea5t m\u1ed9t c\u00e1ch hi\u1ec7u qu\u1ea3.<\/li> <\/ul>   <div class=\"wp-block-image\"> <figure class=\"aligncenter size-full\"><img loading=\"lazy\" decoding=\"async\" width=\"720\" height=\"540\" src=\"https:\/\/hangermachinery.com\/wp-content\/uploads\/2022\/07\/hanger-machine-details-5.webp\" alt=\"Chi ti\u1ebft m\u00e1y l\u00e0m m\u00f3c \u00e1o\" class=\"wp-image-481\" title=\"\" srcset=\"https:\/\/hangermachinery.com\/wp-content\/uploads\/2022\/07\/hanger-machine-details-5.webp 720w, https:\/\/hangermachinery.com\/wp-content\/uploads\/2022\/07\/hanger-machine-details-5-300x225.webp 300w\" sizes=\"auto, (max-width: 720px) 100vw, 720px\" \/><figcaption class=\"wp-element-caption\">Chi ti\u1ebft m\u00e1y l\u00e0m m\u00f3c \u00e1o<\/figcaption><\/figure> <\/div>   <h2 class=\"wp-block-heading\">T\u1ea1i Sao Ch\u1ecdn Shuliy Hanger Machinery?<\/h2>    <p class=\"translation-block\">Khi n\u00f3i \u0111\u1ebfn m\u00e1y s\u1ea3n xu\u1ea5t m\u00f3c treo qu\u1ea7n \u00e1o, <a href=\"https:\/\/hangermachinery.com\/vi\/\">Shuliy Hanger Machinery<\/a> n\u1ed5i b\u1eadt l\u00e0 c\u00f4ng ty h\u00e0ng \u0111\u1ea7u trong ng\u00e0nh. V\u1edbi nhi\u1ec1u n\u0103m kinh nghi\u1ec7m v\u00e0 chuy\u00ean m\u00f4n, h\u1ecd cung c\u1ea5p c\u00e1c m\u00e1y m\u00f3c h\u00e0ng \u0111\u1ea7u \u0111\u00e1p \u1ee9ng nhu c\u1ea7u \u0111a d\u1ea1ng c\u1ee7a c\u00e1c nh\u00e0 s\u1ea3n xu\u1ea5t tr\u00ean to\u00e0n th\u1ebf gi\u1edbi.<\/p>    <p>C\u00e1c m\u00e1y c\u1ee7a ch\u00fang t\u00f4i \u1ee9ng d\u1ee5ng c\u00f4ng ngh\u1ec7 m\u1edbi nh\u1ea5t v\u00e0 c\u00e1c t\u00ednh n\u0103ng s\u00e1ng t\u1ea1o, \u0111\u1ea3m b\u1ea3o \u0111\u1ed9 ch\u00ednh x\u00e1c cao, \u0111\u1ed9 b\u1ec1n v\u00e0 \u0111\u1ed9 tin c\u1eady. Shuliy Hanger Machinery c\u0169ng cung c\u1ea5p h\u1ed7 tr\u1ee3 kh\u00e1ch h\u00e0ng xu\u1ea5t s\u1eafc, bao g\u1ed3m d\u1ecbch v\u1ee5 l\u1eafp \u0111\u1eb7t, \u0111\u00e0o t\u1ea1o v\u00e0 b\u1ea3o tr\u00ec \u0111\u1ec3 \u0111\u1ea3m b\u1ea3o hi\u1ec7u su\u1ea5t t\u1ed1i \u01b0u v\u00e0 s\u1ef1 h\u00e0i l\u00f2ng c\u1ee7a kh\u00e1ch h\u00e0ng.<\/p>    <p>N\u1ebfu b\u1ea1n c\u1ea7n m\u00e1y s\u1ea3n xu\u1ea5t m\u00f3c treo qu\u1ea7n \u00e1o, \u0111\u1eebng ng\u1ea7n ng\u1ea1i li\u00ean h\u1ec7 v\u1edbi Shuliy Hanger Machinery. \u0110\u1ed9i ng\u0169 t\u1eadn t\u00e2m c\u1ee7a h\u1ecd s\u1ebd h\u1ed7 tr\u1ee3 b\u1ea1n trong vi\u1ec7c l\u1ef1a ch\u1ecdn m\u00e1y ph\u00f9 h\u1ee3p nh\u1ea5t v\u1edbi y\u00eau c\u1ea7u c\u1ee5 th\u1ec3 c\u1ee7a b\u1ea1n, \u0111\u1ea3m b\u1ea3o t\u00edch h\u1ee3p li\u1ec1n m\u1ea1ch v\u00e0o d\u00e2y chuy\u1ec1n s\u1ea3n xu\u1ea5t.<\/p>    <figure class=\"wp-block-embed aligncenter is-type-video is-provider-youtube wp-block-embed-youtube wp-embed-aspect-16-9 wp-has-aspect-ratio\"><div class=\"wp-block-embed__wrapper\"> <iframe loading=\"lazy\" title=\"M\u00e1y S\u1ea3n Xu\u1ea5t M\u00f3c Treo Qu\u1ea7n \u00c1o Hi\u1ec7u Qu\u1ea3 Ho\u1ea1t \u0110\u1ed9ng: Ph\u1ea3n H\u1ed3i \u1ea4n T\u01b0\u1ee3ng t\u1eeb Kh\u00e1ch H\u00e0ng \u1ea2 R\u1eadp X\u00ea \u00dat\" width=\"500\" height=\"281\" src=\"https:\/\/www.youtube.com\/embed\/VOnJuAtLvZY?feature=oembed\" frameborder=\"0\" allow=\"accelerometer; autoplay; clipboard-write; encrypted-media; gyroscope; picture-in-picture; web-share\" referrerpolicy=\"strict-origin-when-cross-origin\" allowfullscreen><\/iframe> <\/div><\/figure>    <h2 class=\"wp-block-heading\">T\u01b0\u01a1ng Lai c\u1ee7a M\u00e1y L\u00e0m M\u00f3c Treo Qu\u1ea7n \u00c1o<\/h2>    <p>V\u1edbi nhu c\u1ea7u v\u1ec1 m\u00f3c treo qu\u1ea7n \u00e1o ng\u00e0y c\u00e0ng t\u0103ng, t\u01b0\u01a1ng lai c\u1ee7a m\u00e1y m\u00f3c s\u1ea3n xu\u1ea5t m\u00f3c treo t\u1ef1 \u0111\u1ed9ng tr\u00f4ng r\u1ea5t tri\u1ec3n v\u1ecdng. Nh\u1eefng ti\u1ebfn b\u1ed9 trong t\u1ef1 \u0111\u1ed9ng h\u00f3a, tr\u00ed tu\u1ec7 nh\u00e2n t\u1ea1o v\u00e0 robot s\u1ebd ti\u1ebfp t\u1ee5c n\u00e2ng cao hi\u1ec7u qu\u1ea3 v\u00e0 kh\u1ea3 n\u0103ng c\u1ee7a c\u00e1c m\u00e1y n\u00e0y, gi\u00fap c\u00e1c nh\u00e0 s\u1ea3n xu\u1ea5t \u0111\u00e1p \u1ee9ng hi\u1ec7u qu\u1ea3 nhu c\u1ea7u th\u1ecb tr\u01b0\u1eddng ng\u00e0y c\u00e0ng t\u0103ng.<\/p>    <p>M\u00e1y s\u1ea3n xu\u1ea5t m\u00f3c treo qu\u1ea7n \u00e1o \u0111\u00e3 c\u00e1ch m\u1ea1ng h\u00f3a quy tr\u00ecnh s\u1ea3n xu\u1ea5t, mang \u0111\u1ebfn cho c\u00e1c nh\u00e0 s\u1ea3n xu\u1ea5t gi\u1ea3i ph\u00e1p nhanh h\u01a1n, hi\u1ec7u qu\u1ea3 h\u01a1n v\u00e0 ti\u1ebft ki\u1ec7m chi ph\u00ed. Shuliy Hanger Machinery, m\u1ed9t c\u00f4ng ty uy t\u00edn v\u00e0 chuy\u00ean nghi\u1ec7p, d\u1eabn \u0111\u1ea7u ng\u00e0nh v\u1edbi chuy\u00ean m\u00f4n trong vi\u1ec7c s\u1ea3n xu\u1ea5t c\u00e1c m\u00e1y m\u00f3c m\u00f3c treo ch\u1ea5t l\u01b0\u1ee3ng cao. N\u1ebfu b\u1ea1n \u0111ang c\u00f3 nhu c\u1ea7u v\u1ec1 m\u00e1y s\u1ea3n xu\u1ea5t m\u00f3c treo qu\u1ea7n \u00e1o, Shuliy Hanger Machinery l\u00e0 \u0111\u1ed1i t\u00e1c \u0111\u00e1ng tin c\u1eady c\u1ee7a b\u1ea1n.<\/p>","protected":false},"excerpt":{"rendered":"<p>A cloth hanger machine is a specialized piece of equipment designed to automate the production process of cloth hangers. It is used in manufacturing facilities and industries involved in producing large quantities of hangers. Cloth hanger machines typically have multiple functions and capabilities. They can perform various tasks such as cutting, shaping, bending, and assembling [&hellip;]<\/p>\n","protected":false},"author":1,"featured_media":642,"parent":0,"template":"","tags":[45],"product-type":[16],"class_list":["post-640","product","type-product","status-publish","has-post-thumbnail","hentry","tag-hanger-making-machine","product-type-coat-hanger-making-machine"],"_links":{"self":[{"href":"https:\/\/hangermachinery.com\/vi\/wp-json\/wp\/v2\/product\/640","targetHints":{"allow":["GET"]}}],"collection":[{"href":"https:\/\/hangermachinery.com\/vi\/wp-json\/wp\/v2\/product"}],"about":[{"href":"https:\/\/hangermachinery.com\/vi\/wp-json\/wp\/v2\/types\/product"}],"author":[{"embeddable":true,"href":"https:\/\/hangermachinery.com\/vi\/wp-json\/wp\/v2\/users\/1"}],"wp:featuredmedia":[{"embeddable":true,"href":"https:\/\/hangermachinery.com\/vi\/wp-json\/wp\/v2\/media\/642"}],"wp:attachment":[{"href":"https:\/\/hangermachinery.com\/vi\/wp-json\/wp\/v2\/media?parent=640"}],"wp:term":[{"taxonomy":"post_tag","embeddable":true,"href":"https:\/\/hangermachinery.com\/vi\/wp-json\/wp\/v2\/tags?post=640"},{"taxonomy":"product-type","embeddable":true,"href":"https:\/\/hangermachinery.com\/vi\/wp-json\/wp\/v2\/product-type?post=640"}],"curies":[{"name":"wp","href":"https:\/\/api.w.org\/{rel}","templated":true}]}}