{"id":82,"date":"2022-07-17T15:17:04","date_gmt":"2022-07-17T15:17:04","guid":{"rendered":"https:\/\/hangermachinery.com\/?post_type=product&#038;p=82"},"modified":"2023-03-16T09:25:15","modified_gmt":"2023-03-16T01:25:15","slug":"plastic-coated-hanger-production-line","status":"publish","type":"product","link":"https:\/\/hangermachinery.com\/vi\/product\/plastic-coated-hanger-production-line\/","title":{"rendered":"D\u00e2y chuy\u1ec1n s\u1ea3n xu\u1ea5t m\u00f3c treo ph\u1ee7 nh\u1ef1a | m\u00e1y l\u00e0m m\u00f3c treo"},"content":{"rendered":"<p class=\"translation-block\">D\u00e2y chuy\u1ec1n s\u1ea3n xu\u1ea5t m\u00f3c \u00e1o ph\u1ee7 nh\u1ef1a l\u00e0 thi\u1ebft b\u1ecb \u0111\u1ec3 s\u1ea3n xu\u1ea5t m\u00f3c \u00e1o. Nguy\u00ean li\u1ec7u ch\u00ednh l\u00e0 d\u00e2y th\u00e9p m\u1ea1 k\u1ebdm. D\u00e2y chuy\u1ec1n s\u1ea3n xu\u1ea5t m\u00f3c \u00e1o phun t\u1ea1o m\u00f3c th\u00f4ng qua <a href=\"https:\/\/hangermachinery.com\/vi\/product\/galvanized-wire-hanger-machine\/\">m\u00e1y t\u1ea1o h\u00ecnh m\u00f3c<\/a>, m\u00e1y phun, m\u00e1y t\u00e1i ch\u1ebf Sufen v\u00e0 m\u00e1y s\u1ea5y. Nguy\u00ean li\u1ec7u \u0111\u1ec3 s\u1ea3n xu\u1ea5t m\u00f3c \u00e1o ch\u1ee7 y\u1ebfu l\u00e0 d\u00e2y th\u00e9p m\u1ea1 k\u1ebdm. D\u00e2y chuy\u1ec1n s\u1ea3n xu\u1ea5t m\u00f3c \u00e1o ph\u1ee7 nh\u1ef1a c\u1ee7a ch\u00fang t\u00f4i \u0111\u00e3 \u0111\u01b0\u1ee3c b\u00e1n sang \u1ea2 R\u1eadp X\u00ea \u00dat, \u00dac, Mexico, Th\u1ee5y \u0110i\u1ec3n, Yemen v\u00e0 c\u00e1c qu\u1ed1c gia kh\u00e1c.<\/p>    <figure class=\"wp-block-gallery has-nested-images columns-default is-cropped wp-block-gallery-2 is-layout-flex wp-block-gallery-is-layout-flex\"> <figure class=\"wp-block-image size-large\"><img loading=\"lazy\" decoding=\"async\" width=\"720\" height=\"540\" data-id=\"471\" src=\"https:\/\/hangermachinery.com\/wp-content\/uploads\/2022\/07\/red-hanger.webp\" alt=\"m\u00f3c treo m\u00e0u \u0111\u1ecf\" class=\"wp-image-471\" title=\"\" srcset=\"https:\/\/hangermachinery.com\/wp-content\/uploads\/2022\/07\/red-hanger.webp 720w, https:\/\/hangermachinery.com\/wp-content\/uploads\/2022\/07\/red-hanger-300x225.webp 300w\" sizes=\"auto, (max-width: 720px) 100vw, 720px\" \/><figcaption class=\"wp-element-caption\">M\u00f3c \u00e1o m\u00e0u \u0111\u1ecf<\/figcaption><\/figure>    <figure class=\"wp-block-image size-large\"><img loading=\"lazy\" decoding=\"async\" width=\"720\" height=\"540\" data-id=\"473\" src=\"https:\/\/hangermachinery.com\/wp-content\/uploads\/2022\/07\/cyan-hanger.webp\" alt=\"m\u00f3c treo m\u00e0u cyan\" class=\"wp-image-473\" title=\"\" srcset=\"https:\/\/hangermachinery.com\/wp-content\/uploads\/2022\/07\/cyan-hanger.webp 720w, https:\/\/hangermachinery.com\/wp-content\/uploads\/2022\/07\/cyan-hanger-300x225.webp 300w\" sizes=\"auto, (max-width: 720px) 100vw, 720px\" \/><figcaption class=\"wp-element-caption\">M\u00f3c \u00e1o m\u00e0u ng\u1ecdc lam<\/figcaption><\/figure>    <figure class=\"wp-block-image size-large\"><img loading=\"lazy\" decoding=\"async\" width=\"720\" height=\"540\" data-id=\"472\" src=\"https:\/\/hangermachinery.com\/wp-content\/uploads\/2022\/07\/pink-hanger.webp\" alt=\"m\u00f3c \u00e1o m\u00e0u h\u1ed3ng\" class=\"wp-image-472\" title=\"\" srcset=\"https:\/\/hangermachinery.com\/wp-content\/uploads\/2022\/07\/pink-hanger.webp 720w, https:\/\/hangermachinery.com\/wp-content\/uploads\/2022\/07\/pink-hanger-300x225.webp 300w\" sizes=\"auto, (max-width: 720px) 100vw, 720px\" \/><figcaption class=\"wp-element-caption\">M\u00f3c \u00e1o m\u00e0u h\u1ed3ng<\/figcaption><\/figure>    <figure class=\"wp-block-image size-large\"><img loading=\"lazy\" decoding=\"async\" width=\"720\" height=\"540\" data-id=\"474\" src=\"https:\/\/hangermachinery.com\/wp-content\/uploads\/2022\/07\/blue-white-hanger.webp\" alt=\"m\u00f3c treo m\u00e0u xanh lam\" class=\"wp-image-474\" title=\"\" srcset=\"https:\/\/hangermachinery.com\/wp-content\/uploads\/2022\/07\/blue-white-hanger.webp 720w, https:\/\/hangermachinery.com\/wp-content\/uploads\/2022\/07\/blue-white-hanger-300x225.webp 300w\" sizes=\"auto, (max-width: 720px) 100vw, 720px\" \/><figcaption class=\"wp-element-caption\">M\u00f3c \u00e1o xanh tr\u1eafng<\/figcaption><\/figure>    <figure class=\"wp-block-image size-large\"><img loading=\"lazy\" decoding=\"async\" width=\"720\" height=\"540\" data-id=\"476\" src=\"https:\/\/hangermachinery.com\/wp-content\/uploads\/2022\/07\/yellow-hanger.webp\" alt=\"m\u00f3c treo m\u00e0u v\u00e0ng\" class=\"wp-image-476\" title=\"\" srcset=\"https:\/\/hangermachinery.com\/wp-content\/uploads\/2022\/07\/yellow-hanger.webp 720w, https:\/\/hangermachinery.com\/wp-content\/uploads\/2022\/07\/yellow-hanger-300x225.webp 300w\" sizes=\"auto, (max-width: 720px) 100vw, 720px\" \/><figcaption class=\"wp-element-caption\">M\u00f3c \u00e1o m\u00e0u v\u00e0ng<\/figcaption><\/figure>    <figure class=\"wp-block-image size-large\"><img loading=\"lazy\" decoding=\"async\" width=\"720\" height=\"540\" data-id=\"475\" src=\"https:\/\/hangermachinery.com\/wp-content\/uploads\/2022\/07\/blue-hanger.webp\" alt=\"m\u00f3c treo m\u00e0u xanh\" class=\"wp-image-475\" title=\"\" srcset=\"https:\/\/hangermachinery.com\/wp-content\/uploads\/2022\/07\/blue-hanger.webp 720w, https:\/\/hangermachinery.com\/wp-content\/uploads\/2022\/07\/blue-hanger-300x225.webp 300w\" sizes=\"auto, (max-width: 720px) 100vw, 720px\" \/><figcaption class=\"wp-element-caption\">M\u00f3c \u00e1o m\u00e0u xanh d\u01b0\u01a1ng<\/figcaption><\/figure> <\/figure>    <h2 class=\"wp-block-heading\">Video c\u1ee7a d\u00e2y chuy\u1ec1n s\u1ea3n xu\u1ea5t m\u00f3c \u00e1o ph\u1ee7 nh\u1ef1a<\/h2>    <p>\u0110\u00e2y l\u00e0 m\u1ed9t video c\u1ee7a d\u00e2y chuy\u1ec1n s\u1ea3n xu\u1ea5t m\u00f3c \u00e1o ph\u1ee7 nh\u1ef1a ho\u00e0n ch\u1ec9nh, bao g\u1ed3m t\u1ea1o h\u00ecnh m\u00f3c, phun m\u00f3c, s\u1ea5y m\u00f3c v\u00e0 \u0111\u00f3ng g\u00f3i m\u00f3c. t\u1eeb nguy\u00ean li\u1ec7u th\u00f4 d\u00e2y m\u1ea1 k\u1ebdm \u0111\u1ebfn \u0111\u00f3ng g\u00f3i m\u00e1y m\u00f3c l\u00e0m m\u00f3c \u00e1o,<\/p>    <figure class=\"wp-block-embed is-type-video is-provider-youtube wp-block-embed-youtube wp-embed-aspect-16-9 wp-has-aspect-ratio\"><div class=\"wp-block-embed__wrapper\"> <iframe loading=\"lazy\" title=\"M\u00f3c \u00e1o ph\u1ee7 nh\u1ef1a \u0111\u01b0\u1ee3c l\u00e0m t\u1eeb nh\u1ef1a g\u00ec? | D\u00e2y chuy\u1ec1n s\u1ea3n xu\u1ea5t m\u00f3c \u00e1o ph\u1ee7 nh\u1ef1a #wirerecycling\" width=\"500\" height=\"281\" src=\"https:\/\/www.youtube.com\/embed\/khzFz25QZKA?start=2&#038;feature=oembed\" frameborder=\"0\" allow=\"accelerometer; autoplay; clipboard-write; encrypted-media; gyroscope; picture-in-picture; web-share\" referrerpolicy=\"strict-origin-when-cross-origin\" allowfullscreen><\/iframe> <\/div><figcaption class=\"wp-element-caption\">d\u00e2y chuy\u1ec1n s\u1ea3n xu\u1ea5t m\u00f3c \u00e1o ph\u1ee7 nh\u1ef1a<\/figcaption><\/figure>    <h2 class=\"wp-block-heading\" id=\"h-the-raw-materials-of-the-plastic-coated-hanger-production-line\">Nguy\u00ean li\u1ec7u c\u1ee7a d\u00f2ng s\u1ea3n xu\u1ea5t m\u00f3c treo ph\u1ee7 nh\u1ef1a<\/h2>    <figure class=\"wp-block-image size-full\"><img loading=\"lazy\" decoding=\"async\" width=\"720\" height=\"540\" src=\"https:\/\/hangermachinery.com\/wp-content\/uploads\/2022\/07\/Galvanized-wire-for-making-hangers.webp\" alt=\"D\u00e2y k\u1ebdm tr\u00e1ng \u0111\u1ec3 l\u00e0m m\u00f3c\" class=\"wp-image-303\" title=\"\" srcset=\"https:\/\/hangermachinery.com\/wp-content\/uploads\/2022\/07\/Galvanized-wire-for-making-hangers.webp 720w, https:\/\/hangermachinery.com\/wp-content\/uploads\/2022\/07\/Galvanized-wire-for-making-hangers-300x225.webp 300w\" sizes=\"auto, (max-width: 720px) 100vw, 720px\" \/><figcaption class=\"wp-element-caption\">D\u00e2y th\u00e9p m\u1ea1 k\u1ebdm \u0111\u1ec3 l\u00e0m m\u00f3c \u00e1o<\/figcaption><\/figure>    <p>Nguy\u00ean li\u1ec7u \u0111\u1ec3 l\u00e0m m\u00f3c c\u00f3 th\u1ec3 l\u00e0 d\u00e2y k\u1ebdm tr\u00e1ng kim lo\u1ea1i, d\u00e2y s\u1eaft, d\u00e2y th\u00e9p, d\u00e2y th\u00e9p kh\u00f4ng g\u1ec9, v.v. Nguy\u00ean li\u1ec7u l\u00e0m m\u00f3c th\u01b0\u1eddng l\u00e0 d\u00e2y s\u1eaft tr\u00e1ng k\u1ebdm 1.8mm \u0111\u1ebfn 2.0mm, \u0111\u01b0\u1eddng k\u00ednh t\u1ed1i \u0111a c\u1ee7a d\u00e2y s\u1eaft c\u00f3 th\u1ec3 gia c\u00f4ng l\u00e0 2.5mm. B\u1eb1ng c\u00e1ch thay khu\u00f4n c\u1ee7a m\u00e1y, k\u00edch th\u01b0\u1edbc m\u00f3c c\u00f3 th\u1ec3 \u0111\u01b0\u1ee3c thay \u0111\u1ed5i, v\u00e0 c\u00f3 th\u1ec3 s\u1ea3n xu\u1ea5t m\u00f3c ng\u01b0\u1eddi l\u1edbn v\u00e0 m\u00f3c tr\u1ebb em.<\/p>    <h2 class=\"wp-block-heading\" id=\"h-the-production-process-of-plastic-coated-hanger-production-line\">Quy tr\u00ecnh s\u1ea3n xu\u1ea5t c\u1ee7a d\u00e2y chuy\u1ec1n m\u00f3c \u00e1o ph\u1ee7 nh\u1ef1a<\/h2>    <figure class=\"wp-block-gallery has-nested-images columns-4 is-cropped wp-block-gallery-3 is-layout-flex wp-block-gallery-is-layout-flex\"> <figure class=\"wp-block-image size-full\"><img loading=\"lazy\" decoding=\"async\" width=\"720\" height=\"540\" data-id=\"304\" src=\"https:\/\/hangermachinery.com\/wp-content\/uploads\/2022\/07\/Plastic-coated-hanger-production-line.webp\" alt=\"\" class=\"wp-image-304\" title=\"\" srcset=\"https:\/\/hangermachinery.com\/wp-content\/uploads\/2022\/07\/Plastic-coated-hanger-production-line.webp 720w, https:\/\/hangermachinery.com\/wp-content\/uploads\/2022\/07\/Plastic-coated-hanger-production-line-300x225.webp 300w\" sizes=\"auto, (max-width: 720px) 100vw, 720px\" \/><figcaption class=\"wp-element-caption\">D\u00e3y chuy\u1ec1n s\u1ea3n xu\u1ea5t m\u00f3c \u00e1o ph\u1ee7 nh\u1ef1a<\/figcaption><\/figure>    <figure class=\"wp-block-image size-full\"><img loading=\"lazy\" decoding=\"async\" width=\"720\" height=\"540\" data-id=\"305\" src=\"https:\/\/hangermachinery.com\/wp-content\/uploads\/2022\/07\/Plastic-coated-hanger-production-line-2.jpg\" alt=\"D\u00e2y chuy\u1ec1n s\u1ea3n xu\u1ea5t m\u00f3c \u00e1o b\u1ecdc nh\u1ef1a\" class=\"wp-image-305\" title=\"\" srcset=\"https:\/\/hangermachinery.com\/wp-content\/uploads\/2022\/07\/Plastic-coated-hanger-production-line-2.jpg 720w, https:\/\/hangermachinery.com\/wp-content\/uploads\/2022\/07\/Plastic-coated-hanger-production-line-2-300x225.jpg 300w\" sizes=\"auto, (max-width: 720px) 100vw, 720px\" \/><figcaption class=\"wp-element-caption\">D\u00f2ng s\u1ea3n xu\u1ea5t m\u00f3c treo ph\u1ee7 nh\u1ef1a Nbsp Nbsp Nbsp<\/figcaption><\/figure>    <figure class=\"wp-block-image size-full\"><img loading=\"lazy\" decoding=\"async\" width=\"720\" height=\"540\" data-id=\"306\" src=\"https:\/\/hangermachinery.com\/wp-content\/uploads\/2022\/07\/Plastic-coated-hanger-production-line.jpg\" alt=\"\" class=\"wp-image-306\" title=\"\" srcset=\"https:\/\/hangermachinery.com\/wp-content\/uploads\/2022\/07\/Plastic-coated-hanger-production-line.jpg 720w, https:\/\/hangermachinery.com\/wp-content\/uploads\/2022\/07\/Plastic-coated-hanger-production-line-300x225.jpg 300w\" sizes=\"auto, (max-width: 720px) 100vw, 720px\" \/><figcaption class=\"wp-element-caption\">D\u00f2ng s\u1ea3n xu\u1ea5t m\u00f3c treo ph\u1ee7 nh\u1ef1a Nbsp Nbsp Nbsp<\/figcaption><\/figure>    <figure class=\"wp-block-image size-full\"><img loading=\"lazy\" decoding=\"async\" width=\"720\" height=\"540\" data-id=\"307\" src=\"https:\/\/hangermachinery.com\/wp-content\/uploads\/2022\/07\/Plastic-coated-hanger-production-line-4.jpg\" alt=\"D\u00e2y chuy\u1ec1n s\u1ea3n xu\u1ea5t m\u00f3c \u00e1o b\u1ecdc nh\u1ef1a\" class=\"wp-image-307\" title=\"\" srcset=\"https:\/\/hangermachinery.com\/wp-content\/uploads\/2022\/07\/Plastic-coated-hanger-production-line-4.jpg 720w, https:\/\/hangermachinery.com\/wp-content\/uploads\/2022\/07\/Plastic-coated-hanger-production-line-4-300x225.jpg 300w\" sizes=\"auto, (max-width: 720px) 100vw, 720px\" \/><figcaption class=\"wp-element-caption\">D\u00f2ng s\u1ea3n xu\u1ea5t m\u00f3c treo ph\u1ee7 nh\u1ef1a Nbsp Nbsp Nbsp<\/figcaption><\/figure> <\/figure>    <p>M\u00e1y phun ph\u1ee7 m\u00f3c \u00e1o b\u1eb1ng nh\u1ef1a tr\u01b0\u1edbc ti\u00ean t\u1ea1o h\u00ecnh, sau \u0111\u00f3 phun b\u1ed9t nh\u1ef1a l\u00ean b\u1ec1 ngo\u00e0i m\u00f3c \u00e1o, r\u1ed3i \u0111\u01b0a v\u00e0o bu\u1ed3ng s\u1ea5y \u0111\u1ec3 s\u1ea5y. Trong m\u00e1y l\u00e0m m\u00f3c \u00e1o, vi\u1ec7c phun ph\u1ee7 nh\u1ef1a l\u00e0 m\u1ed9t thi\u1ebft b\u1ecb chuy\u00ean nghi\u1ec7p \u0111\u1ec3 s\u1ea3n xu\u1ea5t m\u00f3c \u00e1o, v\u00e0 \u0111\u1ec3 xem x\u00e9t v\u1ea5n \u0111\u1ec1 \u00f4 nhi\u1ec5m m\u00f4i tr\u01b0\u1eddng, n\u00f3 \u0111\u01b0\u1ee3c trang b\u1ecb ri\u00eang thi\u1ebft b\u1ecb t\u00e1i ch\u1ebf b\u1ed9t nh\u1ef1a, hi\u1ec7u su\u1ea5t l\u00e0m vi\u1ec7c c\u1ee7a m\u00e1y s\u1ea5y r\u1ea5t cao, v\u00e0 s\u1ebd c\u00f3 c\u00e1c xe \u0111\u1ea9y c\u1ea7n \u0111\u01b0\u1ee3c s\u1ea5y Khi \u0111\u1ea9y m\u00f3c \u00e1o \u0111\u00e3 s\u1ea5y v\u00e0o, th\u1eadt \u0111\u00e1ng \u0111\u1ec3 mua th\u00eam v\u00e0i xe \u0111\u1ea9y \u0111\u1ec3 lu\u00e2n phi\u00ean nh\u1eb1m c\u00f3 th\u1ec3 l\u00e0m vi\u1ec7c li\u00ean t\u1ee5c v\u00e0 c\u1ea3i thi\u1ec7n hi\u1ec7u qu\u1ea3 s\u1ea3n xu\u1ea5t.<\/p>    <figure class=\"wp-block-image size-full\"><img loading=\"lazy\" decoding=\"async\" width=\"720\" height=\"540\" src=\"https:\/\/hangermachinery.com\/wp-content\/uploads\/2022\/07\/Plastic-coated-hanger-production-machine.webp\" alt=\"M\u00e1y m\u00f3c s\u1ea3n xu\u1ea5t m\u00f3c ph\u1ee7 nh\u1ef1a \" class=\"wp-image-308\" title=\"\" srcset=\"https:\/\/hangermachinery.com\/wp-content\/uploads\/2022\/07\/Plastic-coated-hanger-production-machine.webp 720w, https:\/\/hangermachinery.com\/wp-content\/uploads\/2022\/07\/Plastic-coated-hanger-production-machine-300x225.webp 300w\" sizes=\"auto, (max-width: 720px) 100vw, 720px\" \/><figcaption class=\"wp-element-caption\">D\u00e3y chuy\u1ec1n s\u1ea3n xu\u1ea5t m\u00f3c \u00e1o ph\u1ee7 nh\u1ef1a<\/figcaption><\/figure>    <h2 class=\"wp-block-heading\" id=\"h-injection-molding-machine\">M\u00e1y \u00e9p phun<\/h2>    <figure class=\"wp-block-image size-full\"><img loading=\"lazy\" decoding=\"async\" width=\"720\" height=\"540\" src=\"https:\/\/hangermachinery.com\/wp-content\/uploads\/2022\/07\/hanger-plastic-coated-sprayer.jpg\" alt=\"k\u1ec7 treo b\u1eb1ng plastic \u0111\u01b0\u1ee3c ph\u1ee7\" class=\"wp-image-313\" title=\"\" srcset=\"https:\/\/hangermachinery.com\/wp-content\/uploads\/2022\/07\/hanger-plastic-coated-sprayer.jpg 720w, https:\/\/hangermachinery.com\/wp-content\/uploads\/2022\/07\/hanger-plastic-coated-sprayer-300x225.jpg 300w\" sizes=\"auto, (max-width: 720px) 100vw, 720px\" \/><figcaption class=\"wp-element-caption\">M\u00e1y phun ph\u1ee7 nh\u1ef1a cho m\u00f3c \u00e1o<\/figcaption><\/figure>    <p class=\"translation-block\">M\u1ee9c hao h\u1ee5t th\u1ea5p, t\u1ef7 l\u1ec7 s\u1eed d\u1ee5ng s\u01a1n \u0111\u01b0\u1ee3c c\u1ea3i thi\u1ec7n, h\u1ea1t s\u01a1n m\u1ecbn v\u00e0 \u0111\u1ed9 b\u00e1m t\u1ed1t. Sau <a href=\"https:\/\/en.wikipedia.org\/wiki\/Thermal_spraying\" data-type=\"URL\" data-id=\"https:\/\/en.wikipedia.org\/wiki\/Thermal_spraying\" target=\"_blank\" rel=\"noopener\">phun ph\u1ee7<\/a>, s\u01a1n c\u00f3 th\u1ec3 nhanh ch\u00f3ng t\u1ea1o m\u00e0ng tr\u00ean m\u00f3c \u00e1o v\u00e0 kh\u00f4ng b\u1ecb bong tr\u00f3c. S\u00fang phun ph\u00e2n b\u1ed5 \u0111\u1ec1u, v\u00e0 m\u00f3c \u00e1o c\u00f3 th\u1ec3 \u0111\u01b0\u1ee3c phun th\u00e0nh nhi\u1ec1u m\u00e0u s\u1eafc kh\u00e1c nhau. Sau khi phun, m\u00f3c \u00e1o kh\u00f4ng ch\u1ec9 \u0111\u1eb9p m\u00e0 c\u00f2n c\u00f3 t\u00e1c d\u1ee5ng b\u1ea3o v\u1ec7.<\/p>    <h2 class=\"wp-block-heading\" id=\"h-plastic-powder-recycling-equipment\">Thi\u1ebft b\u1ecb t\u00e1i ch\u1ebf b\u1ed9t nh\u1ef1a<\/h2>    <figure class=\"wp-block-image size-full\"><img loading=\"lazy\" decoding=\"async\" width=\"720\" height=\"540\" src=\"https:\/\/hangermachinery.com\/wp-content\/uploads\/2022\/07\/Plastic-coated-hanger-production-line.jpg\" alt=\"Thi\u1ebft b\u1ecb t\u00e1i ch\u1ebf b\u1ed9t nh\u1ef1a\" class=\"wp-image-306\" title=\"\" srcset=\"https:\/\/hangermachinery.com\/wp-content\/uploads\/2022\/07\/Plastic-coated-hanger-production-line.jpg 720w, https:\/\/hangermachinery.com\/wp-content\/uploads\/2022\/07\/Plastic-coated-hanger-production-line-300x225.jpg 300w\" sizes=\"auto, (max-width: 720px) 100vw, 720px\" \/><figcaption class=\"wp-element-caption\">Thi\u1ebft b\u1ecb t\u00e1i ch\u1ebf b\u1ed9t nh\u1ef1a<\/figcaption><\/figure>    <p>M\u00e1y t\u00e1i ch\u1ebf b\u1ed9t nh\u1ef1a ho\u1ea1t \u0111\u1ed9ng theo nguy\u00ean l\u00fd kh\u00ed \u0111\u1ed9ng h\u1ecdc. B\u1ee5i ph\u00e2n t\u00e1n \u0111\u01b0\u1ee3c h\u00fat v\u00e0o ph\u1ea7n t\u1eed l\u1ecdc b\u1eb1ng ki\u1ec3u h\u00fat th\u1ea3i b\u00ean ngo\u00e0i. S\u1ea3n ph\u1ea9m \u0111\u01a1n gi\u1ea3n v\u00e0 th\u1ef1c d\u1ee5ng, c\u1ea3i thi\u1ec7n s\u1ee9c kh\u1ecfe c\u1ee7a c\u00f4ng nh\u00e2n, \u0111\u1ed3ng th\u1eddi c\u0169ng c\u00f3 th\u1ec3 n\u00e2ng cao hi\u1ec7u qu\u1ea3 l\u00e0m vi\u1ec7c. Ph\u1ea7n t\u1eed l\u1ecdc nh\u1eadp kh\u1ea9u ch\u1ea5t l\u01b0\u1ee3ng cao ch\u1ecbu l\u1ef1c l\u1edbn \u0111\u01b0\u1ee3c s\u1eed d\u1ee5ng \u0111\u1ec3 l\u1ecdc, ph\u00e2n t\u00e1ch b\u1ed9t v\u00e0 kh\u00ed. V\u1edbi thi\u1ebft b\u1ecb r\u1eeda ng\u01b0\u1ee3c \u0111\u1ed9c \u0111\u00e1o, v\u00e0 l\u00e0m s\u1ea1ch b\u1ed9t t\u1ef1 \u0111\u1ed9ng theo th\u1eddi gian, hi\u1ec7u qu\u1ea3 thu h\u1ed3i \u0111\u00e1ng k\u1ec3.<\/p>    <h2 class=\"wp-block-heading\" id=\"h-hanger-dryer-machine\">M\u00e1y s\u1ea5y m\u00f3c \u00e1o <\/h2>    <figure class=\"wp-block-image size-full\"><img loading=\"lazy\" decoding=\"async\" width=\"720\" height=\"540\" src=\"https:\/\/hangermachinery.com\/wp-content\/uploads\/2022\/07\/Plastic-coated-hanger-production-line-4.jpg\" alt=\"m\u00e1y s\u1ea5y m\u00f3c treo \" class=\"wp-image-307\" title=\"\" srcset=\"https:\/\/hangermachinery.com\/wp-content\/uploads\/2022\/07\/Plastic-coated-hanger-production-line-4.jpg 720w, https:\/\/hangermachinery.com\/wp-content\/uploads\/2022\/07\/Plastic-coated-hanger-production-line-4-300x225.jpg 300w\" sizes=\"auto, (max-width: 720px) 100vw, 720px\" \/><figcaption class=\"wp-element-caption\">M\u00e1y s\u1ea5y m\u00f3c \u00e1o <\/figcaption><\/figure>    <p>Nh\u1eefng m\u00f3c \u00e1o \u0111\u00e3 \u0111\u01b0\u1ee3c phun c\u1ea7n \u0111\u01b0\u1ee3c s\u1ea5y \u1edf nhi\u1ec7t \u0111\u1ed9 cao \u0111\u1ec3 \u0111\u1ecbnh h\u00ecnh, v\u00e0 m\u00f3c \u00e1o c\u00f3 th\u1ec3 \u0111\u01b0\u1ee3c b\u00e1n sau khi s\u1ea5y kh\u00f4.<\/p>    <h2 class=\"wp-block-heading\" id=\"h-how-to-do-a-good-job-in-the-production-of-hangers\">C\u00e1ch l\u00e0m t\u1ed1t trong s\u1ea3n xu\u1ea5t m\u00f3c \u00e1o<\/h2>    <figure class=\"wp-block-image size-full\"><img loading=\"lazy\" decoding=\"async\" width=\"720\" height=\"540\" src=\"https:\/\/hangermachinery.com\/wp-content\/uploads\/2022\/07\/production-of-hangers.webp\" alt=\"s\u1ea3n xu\u1ea5t m\u00f3c treo\" class=\"wp-image-310\" title=\"\" srcset=\"https:\/\/hangermachinery.com\/wp-content\/uploads\/2022\/07\/production-of-hangers.webp 720w, https:\/\/hangermachinery.com\/wp-content\/uploads\/2022\/07\/production-of-hangers-300x225.webp 300w\" sizes=\"auto, (max-width: 720px) 100vw, 720px\" \/><figcaption class=\"wp-element-caption\">S\u1ea3n xu\u1ea5t m\u00f3c \u00e1o<\/figcaption><\/figure>    <p>Hi\u1ec7n t\u1ea1i, th\u1ecb tr\u01b0\u1eddng gi\u00e1 ph\u01a1i \u0111\u00e3 b\u01b0\u1edbc v\u00e0o giai \u0111o\u1ea1n c\u1ea1nh tranh kh\u1ed1c li\u1ec7t, v\u00e0 nhi\u1ec1u nh\u00e0 s\u1ea3n xu\u1ea5t li\u00ean t\u1ee5c tung ra s\u1ea3n ph\u1ea9m m\u1edbi \u0111\u1ec3 \u0111\u00e1p \u1ee9ng nhu c\u1ea7u c\u1ee7a ng\u01b0\u1eddi ti\u00eau d\u00f9ng. L\u00e0 m\u1ed9t nh\u00e0 s\u1ea3n xu\u1ea5t m\u1edbi, l\u00e0m th\u1ebf n\u00e0o \u0111\u1ec3 n\u1ed5i b\u1eadt tr\u00ean th\u1ecb tr\u01b0\u1eddng m\u00f3c \u00e1o?<\/p>    <p> Tr\u01b0\u1edbc h\u1ebft, c\u1ea7n ch\u00fa \u00fd \u0111\u1ebfn hi\u1ec7u \u1ee9ng th\u01b0\u01a1ng hi\u1ec7u, v\u00e0 c\u1ea7n n\u00e2ng cao nh\u1eadn th\u1ee9c v\u1ec1 th\u01b0\u01a1ng hi\u1ec7u \u1edf \u0111\u1ecba ph\u01b0\u01a1ng \u0111\u1ec3 ng\u01b0\u1eddi ti\u00eau d\u00f9ng c\u00f3 th\u1ec3 nh\u1eadn ra s\u1ea3n ph\u1ea9m. Sau \u0111\u00f3, c\u1ea7n ch\u00fa \u00fd \u0111\u1ebfn ch\u1ea5t l\u01b0\u1ee3ng m\u00f3c \u00e1o, v\u00e0 nghi\u00eam ng\u1eb7t y\u00eau c\u1ea7u ch\u1ea5t l\u01b0\u1ee3ng s\u1ea3n xu\u1ea5t m\u00f3c \u00e1o khi s\u1ea3n xu\u1ea5t. Ngo\u00e0i ra, c\u1ea7n h\u00ecnh th\u00e0nh quy m\u00f4 nh\u1ea5t \u0111\u1ecbnh \u0111\u1ec3 s\u1ea3n xu\u1ea5t s\u1ed1 l\u01b0\u1ee3ng m\u00f3c \u00e1o \u0111\u1ee7 l\u1edbn. Chi\u1ebfm th\u1ecb ph\u1ea7n l\u1edbn h\u01a1n tr\u00ean th\u1ecb tr\u01b0\u1eddng, \u0111\u1ec3 l\u00e0m t\u1ed1t c\u00f4ng vi\u1ec7c s\u1ea3n xu\u1ea5t m\u00f3c \u00e1o.<\/p>    <h2 class=\"wp-block-heading\" id=\"h-shuliy-s-plastic-coated-hanger-production-line\">D\u00f2ng s\u1ea3n xu\u1ea5t m\u00f3c treo ph\u1ee7 nh\u1ef1a c\u1ee7a Shuliy<\/h2>    <figure class=\"wp-block-image size-full\"><img loading=\"lazy\" decoding=\"async\" width=\"750\" height=\"750\" src=\"https:\/\/hangermachinery.com\/wp-content\/uploads\/2022\/07\/shuliy-hanger-machine-company-1.webp\" alt=\"m\u00e1y m\u00f3c treo c\u1ee7a Shuliy  c\u00f4ng ty\" class=\"wp-image-312\" title=\"\" srcset=\"https:\/\/hangermachinery.com\/wp-content\/uploads\/2022\/07\/shuliy-hanger-machine-company-1.webp 750w, https:\/\/hangermachinery.com\/wp-content\/uploads\/2022\/07\/shuliy-hanger-machine-company-1-300x300.webp 300w, https:\/\/hangermachinery.com\/wp-content\/uploads\/2022\/07\/shuliy-hanger-machine-company-1-150x150.webp 150w\" sizes=\"auto, (max-width: 750px) 100vw, 750px\" \/><figcaption class=\"wp-element-caption\">C\u00f4ng ty M\u00e1y m\u00f3c M\u00f3c \u00e1o Shuliy<\/figcaption><\/figure>    <p class=\"translation-block\">C\u00f4ng ty TNHH Shuli l\u00e0 nh\u00e0 s\u1ea3n xu\u1ea5t m\u00e1y m\u00f3c l\u00e0m m\u00f3c \u00e1o v\u1edbi 20 n\u0103m kinh nghi\u1ec7m trong ng\u00e0nh m\u00f3c \u00e1o. C\u00f4ng ty c\u00f3 m\u00e1y phun nh\u1ef1a cho m\u00f3c \u00e1o v\u00e0 <a href=\"https:\/\/hangermachinery.com\/vi\/product\/pvc-coated-wire-hanger-production-line\/\">d\u00e2y chuy\u1ec1n s\u1ea3n xu\u1ea5t m\u00f3c \u00e1o b\u1ecdc PVC<\/a>. Ngo\u00e0i ra, theo nguy\u00ean li\u1ec7u th\u00f4 v\u00e0 ki\u1ec3u d\u00e1ng kh\u00e1c nhau c\u1ee7a m\u00e1y, ch\u00fang t\u00f4i c\u00f2n c\u00f3 <a href=\"https:\/\/hangermachinery.com\/vi\/products\/galvanized-wire-hanger-machine\/\">m\u00e1y l\u00e0m m\u00f3c \u00e1o b\u1eb1ng d\u00e2y k\u1ebdm<\/a>, <a href=\"https:\/\/hangermachinery.com\/vi\/product\/welding-wire-hanger-making-machine\/\">m\u00e1y l\u00e0m m\u00f3c \u00e1o h\u00e0n<\/a>, <a href=\"https:\/\/hangermachinery.com\/vi\/product\/butterfly-type-hanger-product-machine\/\">m\u00e1y m\u00f3c \u00e1o d\u1ea1ng b\u01b0\u1edbm<\/a>, v\u00e0<a href=\"https:\/\/hangermachinery.com\/vi\/product\/coat-hanger-making-machine\/\"> m\u00e1y l\u00e0m m\u00f3c \u00e1o treo<\/a>.<\/p>","protected":false},"excerpt":{"rendered":"<p>D\u00e2y chuy\u1ec1n s\u1ea3n xu\u1ea5t m\u00f3c \u00e1o b\u1ecdc nh\u1ef1a l\u00e0 thi\u1ebft b\u1ecb \u0111\u1ec3 s\u1ea3n xu\u1ea5t m\u00f3c \u00e1o. Nguy\u00ean li\u1ec7u ch\u00ednh l\u00e0 d\u00e2y m\u1ea1 k\u1ebdm.<\/p>","protected":false},"author":1,"featured_media":299,"parent":0,"template":"","tags":[29,21],"product-type":[12,14],"class_list":["post-82","product","type-product","status-publish","has-post-thumbnail","hentry","tag-hanger","tag-plastic-coated-hanger-production-line","product-type-production-line","product-type-plastic-coated-hanger-production-line"],"_links":{"self":[{"href":"https:\/\/hangermachinery.com\/vi\/wp-json\/wp\/v2\/product\/82","targetHints":{"allow":["GET"]}}],"collection":[{"href":"https:\/\/hangermachinery.com\/vi\/wp-json\/wp\/v2\/product"}],"about":[{"href":"https:\/\/hangermachinery.com\/vi\/wp-json\/wp\/v2\/types\/product"}],"author":[{"embeddable":true,"href":"https:\/\/hangermachinery.com\/vi\/wp-json\/wp\/v2\/users\/1"}],"wp:featuredmedia":[{"embeddable":true,"href":"https:\/\/hangermachinery.com\/vi\/wp-json\/wp\/v2\/media\/299"}],"wp:attachment":[{"href":"https:\/\/hangermachinery.com\/vi\/wp-json\/wp\/v2\/media?parent=82"}],"wp:term":[{"taxonomy":"post_tag","embeddable":true,"href":"https:\/\/hangermachinery.com\/vi\/wp-json\/wp\/v2\/tags?post=82"},{"taxonomy":"product-type","embeddable":true,"href":"https:\/\/hangermachinery.com\/vi\/wp-json\/wp\/v2\/product-type?post=82"}],"curies":[{"name":"wp","href":"https:\/\/api.w.org\/{rel}","templated":true}]}}