{"id":97,"date":"2022-07-17T15:36:01","date_gmt":"2022-07-17T15:36:01","guid":{"rendered":"https:\/\/hangermachinery.com\/?post_type=product&#038;p=97"},"modified":"2022-09-29T16:27:39","modified_gmt":"2022-09-29T08:27:39","slug":"galvanized-wire-hanger-machine","status":"publish","type":"product","link":"https:\/\/hangermachinery.com\/vi\/product\/galvanized-wire-hanger-machine\/","title":{"rendered":"M\u00e1y l\u00e0m m\u00f3c treo d\u00e2y m\u1ea1 k\u1ebdm | m\u00e1y \u0111\u1ed9t m\u00f3c treo"},"content":{"rendered":"<p class=\"translation-block\">M\u00e1y l\u00e0m m\u00f3c treo d\u00e2y m\u1ea1 k\u1ebdm l\u00e0 thi\u1ebft b\u1ecb s\u1eed d\u1ee5ng d\u00e2y m\u1ea1 k\u1ebdm \u0111\u01b0\u1ee3c x\u1eed l\u00fd b\u1edfi <a href=\"https:\/\/hangermachinery.com\/vi\/product\/butterfly-type-hanger-product-machine\/\" data-type=\"URL\" data-id=\"https:\/\/hangermachinery.com\/product\/butterfly-type-hanger-product-machine\/\">m\u00e1y t\u1ea1o h\u00ecnh m\u00f3c treo<\/a> \u0111\u1ec3 t\u1ea1o th\u00e0nh m\u00f3c treo. Thi\u1ebft b\u1ecb d\u00f9ng m\u00e1y t\u1ea1o h\u00ecnh m\u00f3c treo \u0111\u1ec3 gia c\u00f4ng m\u00f3c. Nh\u1eefng m\u00f3c treo \u0111\u01b0\u1ee3c x\u1eed l\u00fd b\u1edfi m\u00e1y t\u1ea1o h\u00ecnh c\u00f3 th\u1ec3 b\u00e1n tr\u1ef1c ti\u1ebfp v\u00e0 c\u00f3 ch\u1ee9c n\u0103ng ph\u01a1i qu\u1ea7n \u00e1o. Tuy nhi\u00ean, n\u1ebfu mu\u1ed1n \u0111\u1eb9p h\u01a1n, b\u1ea1n c\u00f3 th\u1ec3 phun s\u01a1n b\u00ean ngo\u00e0i m\u00f3c, v\u1edbi nhi\u1ec1u lo\u1ea1i l\u1edbp ph\u1ee7 m\u00e0u s\u1eafc. M\u00f3c treo \u0111\u01b0\u1ee3c \u0111\u00f3ng g\u00f3i. M\u00e1y t\u1ea1o h\u00ecnh m\u00f3c ho\u00e0n to\u00e0n t\u1ef1 \u0111\u1ed9ng n\u00e0y \u0111\u01b0\u1ee3c c\u00e1c nh\u00e0 s\u1ea3n xu\u1ea5t m\u00f3c treo \u01b0a chu\u1ed9ng.<\/p>    <figure class=\"wp-block-gallery has-nested-images columns-default is-cropped wp-block-gallery-2 is-layout-flex wp-block-gallery-is-layout-flex\"> <figure class=\"wp-block-image size-full\"><img loading=\"lazy\" decoding=\"async\" width=\"720\" height=\"540\" data-id=\"317\" src=\"https:\/\/hangermachinery.com\/wp-content\/uploads\/2022\/07\/galvanized-wire-hanger.webp\" alt=\" m\u00f3c treo d\u00e2y th\u00e9p m\u1ea1 k\u1ebdm\" class=\"wp-image-317\" title=\"\" srcset=\"https:\/\/hangermachinery.com\/wp-content\/uploads\/2022\/07\/galvanized-wire-hanger.webp 720w, https:\/\/hangermachinery.com\/wp-content\/uploads\/2022\/07\/galvanized-wire-hanger-300x225.webp 300w\" sizes=\"auto, (max-width: 720px) 100vw, 720px\" \/><figcaption> Chi ti\u1ebft m\u00f3c treo d\u00e2y m\u1ea1 k\u1ebdm <\/figcaption><\/figure>    <figure class=\"wp-block-image size-full\"><img loading=\"lazy\" decoding=\"async\" width=\"720\" height=\"540\" data-id=\"316\" src=\"https:\/\/hangermachinery.com\/wp-content\/uploads\/2022\/07\/galvanized-wire-hanger-details.webp\" alt=\" m\u00f3c treo d\u00e2y th\u00e9p m\u1ea1 k\u1ebdm\" class=\"wp-image-316\" title=\"\" srcset=\"https:\/\/hangermachinery.com\/wp-content\/uploads\/2022\/07\/galvanized-wire-hanger-details.webp 720w, https:\/\/hangermachinery.com\/wp-content\/uploads\/2022\/07\/galvanized-wire-hanger-details-300x225.webp 300w\" sizes=\"auto, (max-width: 720px) 100vw, 720px\" \/><figcaption> M\u00f3c treo d\u00e2y m\u1ea1 k\u1ebdm<\/figcaption><\/figure> <\/figure>    <h2 class=\"wp-block-heading\" id=\"h-what-material-is-galvanized-wire\">D\u00e2y m\u1ea1 k\u1ebdm l\u00e0 v\u1eadt li\u1ec7u g\u00ec<\/h2>    <figure class=\"wp-block-image size-full\"><img loading=\"lazy\" decoding=\"async\" width=\"720\" height=\"540\" src=\"https:\/\/hangermachinery.com\/wp-content\/uploads\/2022\/07\/hanger-hook-forming-material.webp\" alt=\"v\u1eadt li\u1ec7u t\u1ea1o m\u00f3c treo\" class=\"wp-image-318\" title=\"\" srcset=\"https:\/\/hangermachinery.com\/wp-content\/uploads\/2022\/07\/hanger-hook-forming-material.webp 720w, https:\/\/hangermachinery.com\/wp-content\/uploads\/2022\/07\/hanger-hook-forming-material-300x225.webp 300w\" sizes=\"auto, (max-width: 720px) 100vw, 720px\" \/><figcaption>V\u1eadt li\u1ec7u t\u1ea1o m\u00f3c treo<\/figcaption><\/figure>    <p class=\"translation-block\"><a href=\"https:\/\/en.wikipedia.org\/wiki\/Galvanization\" data-type=\"URL\" data-id=\"https:\/\/en.wikipedia.org\/wiki\/Galvanization\" target=\"_blank\" rel=\"noopener\">D\u00e2y m\u1ea1 k\u1ebdm<\/a> c\u00f3 \u0111\u1ed9 d\u1ebbo v\u00e0 \u0111\u00e0n h\u1ed3i t\u1ed1t, kh\u1ea3 n\u0103ng ch\u1ed1ng \u0103n m\u00f2n t\u1ed1t, n\u00ean r\u1ea5t th\u00edch h\u1ee3p \u0111\u1ec3 l\u00e0m m\u00f3c treo qu\u1ea7n \u00e1o. D\u00e2y m\u1ea1 k\u1ebdm c\u0169ng th\u01b0\u1eddng d\u00f9ng \u0111\u1ec3 l\u00e0m \u0111\u1ed3 th\u1ee7 c\u00f4ng, l\u01b0\u1edbi b\u1ea3o v\u1ec7 v\u00e0 c\u00f4ng tr\u00ecnh x\u00e2y d\u1ef1ng. M\u00e0u c\u1ee7a d\u00e2y s\u1eaft m\u1ea1 k\u1ebdm \u0111\u1eadm h\u01a1n, v\u00e0 d\u00e2y m\u1ea1 k\u1ebdm c\u00f3 th\u1ec3 \u0111\u1ec3 ngo\u00e0i tr\u1eddi nhi\u1ec1u th\u1eadp k\u1ef7 m\u00e0 kh\u00f4ng b\u1ecb \u0103n m\u00f2n, v\u00ec v\u1eady m\u00f3c treo l\u00e0m t\u1eeb d\u00e2y m\u1ea1 k\u1ebdm b\u1ec1n h\u01a1n. Ngo\u00e0i vi\u1ec7c s\u1eed d\u1ee5ng d\u00e2y m\u1ea1 k\u1ebdm, m\u00e1y c\u0169ng c\u00f3 th\u1ec3 d\u00f9ng d\u00e2y s\u1eaft \u0111\u1ec3 gia c\u00f4ng.<\/p>    <h2 class=\"wp-block-heading\">M\u00e1y l\u00e0m m\u00f3c treo ho\u1ea1t \u0111\u1ed9ng nh\u01b0 th\u1ebf n\u00e0o\uff1f<\/h2>    <figure class=\"wp-block-embed is-type-video is-provider-youtube wp-block-embed-youtube wp-embed-aspect-16-9 wp-has-aspect-ratio\"><div class=\"wp-block-embed__wrapper\"> <iframe loading=\"lazy\" title=\"M\u00e1y s\u1ea3n xu\u1ea5t m\u00f3c treo b\u00e1n cho Oman | gi\u00e1 m\u00e1y l\u00e0m m\u00f3c treo v\u1ea3i t\u1eeb d\u00e2y\" width=\"500\" height=\"281\" src=\"https:\/\/www.youtube.com\/embed\/aAtWkx2Eu4Y?start=1&#038;feature=oembed\" frameborder=\"0\" allow=\"accelerometer; autoplay; clipboard-write; encrypted-media; gyroscope; picture-in-picture; web-share\" referrerpolicy=\"strict-origin-when-cross-origin\" allowfullscreen><\/iframe> <\/div><figcaption>video ho\u1ea1t \u0111\u1ed9ng m\u00e1y m\u00f3c treo<\/figcaption><\/figure>    <h2 class=\"wp-block-heading\" id=\"h-galvanized-wire-hanger-machine-products\">S\u1ea3n ph\u1ea9m m\u00e1y l\u00e0m m\u00f3c treo d\u00e2y m\u1ea1 k\u1ebdm<\/h2>    <figure class=\"wp-block-gallery has-nested-images columns-2 is-cropped wp-block-gallery-3 is-layout-flex wp-block-gallery-is-layout-flex\"> <figure class=\"wp-block-image size-large\"><img loading=\"lazy\" decoding=\"async\" width=\"720\" height=\"540\" data-id=\"480\" src=\"https:\/\/hangermachinery.com\/wp-content\/uploads\/2022\/07\/hanger-machine-details-4.webp\" alt=\"Chi ti\u1ebft m\u00e1y l\u00e0m m\u00f3c \u00e1o\" class=\"wp-image-480\" title=\"\" srcset=\"https:\/\/hangermachinery.com\/wp-content\/uploads\/2022\/07\/hanger-machine-details-4.webp 720w, https:\/\/hangermachinery.com\/wp-content\/uploads\/2022\/07\/hanger-machine-details-4-300x225.webp 300w\" sizes=\"auto, (max-width: 720px) 100vw, 720px\" \/><figcaption>Chi ti\u1ebft m\u00e1y s\u1ea3n xu\u1ea5t m\u00f3c \u00e1o<\/figcaption><\/figure>    <figure class=\"wp-block-image size-large\"><img loading=\"lazy\" decoding=\"async\" width=\"720\" height=\"540\" data-id=\"482\" src=\"https:\/\/hangermachinery.com\/wp-content\/uploads\/2022\/07\/hanger-machine-details-6.webp\" alt=\"Chi ti\u1ebft m\u00e1y l\u00e0m m\u00f3c \u00e1o\" class=\"wp-image-482\" title=\"\" srcset=\"https:\/\/hangermachinery.com\/wp-content\/uploads\/2022\/07\/hanger-machine-details-6.webp 720w, https:\/\/hangermachinery.com\/wp-content\/uploads\/2022\/07\/hanger-machine-details-6-300x225.webp 300w\" sizes=\"auto, (max-width: 720px) 100vw, 720px\" \/><figcaption>Chi ti\u1ebft m\u00e1y s\u1ea3n xu\u1ea5t m\u00f3c \u00e1o<\/figcaption><\/figure>    <figure class=\"wp-block-image size-large\"><img loading=\"lazy\" decoding=\"async\" width=\"720\" height=\"540\" data-id=\"479\" src=\"https:\/\/hangermachinery.com\/wp-content\/uploads\/2022\/07\/hanger-machine-details-3.webp\" alt=\"Chi ti\u1ebft m\u00e1y l\u00e0m m\u00f3c \u00e1o\" class=\"wp-image-479\" title=\"\" srcset=\"https:\/\/hangermachinery.com\/wp-content\/uploads\/2022\/07\/hanger-machine-details-3.webp 720w, https:\/\/hangermachinery.com\/wp-content\/uploads\/2022\/07\/hanger-machine-details-3-300x225.webp 300w\" sizes=\"auto, (max-width: 720px) 100vw, 720px\" \/><figcaption>Chi ti\u1ebft m\u00e1y s\u1ea3n xu\u1ea5t m\u00f3c \u00e1o<\/figcaption><\/figure>    <figure class=\"wp-block-image size-large\"><img loading=\"lazy\" decoding=\"async\" width=\"720\" height=\"540\" data-id=\"481\" src=\"https:\/\/hangermachinery.com\/wp-content\/uploads\/2022\/07\/hanger-machine-details-5.webp\" alt=\"Chi ti\u1ebft m\u00e1y l\u00e0m m\u00f3c \u00e1o\" class=\"wp-image-481\" title=\"\" srcset=\"https:\/\/hangermachinery.com\/wp-content\/uploads\/2022\/07\/hanger-machine-details-5.webp 720w, https:\/\/hangermachinery.com\/wp-content\/uploads\/2022\/07\/hanger-machine-details-5-300x225.webp 300w\" sizes=\"auto, (max-width: 720px) 100vw, 720px\" \/><figcaption>Chi ti\u1ebft m\u00e1y s\u1ea3n xu\u1ea5t m\u00f3c \u00e1o<\/figcaption><\/figure> <\/figure>    <p>D\u00e2y m\u1ea1 k\u1ebdm \u0111\u01b0\u1ee3c gia c\u00f4ng th\u00e0nh h\u00ecnh m\u00f3c treo tr\u01b0\u1edbc, v\u00e0 \u1edf cu\u1ed1i, n\u00f3 \u0111\u01b0\u1ee3c qu\u1ea5n quanh m\u00f3c treo. M\u00e1y l\u00e0m m\u00f3c treo d\u00e2y m\u1ea1 k\u1ebdm nh\u01b0 v\u1eady \u0111\u01b0\u1ee3c t\u1ea1o th\u00e0nh, v\u00e0 kh\u00f4ng c\u1ea7n th\u00eam thi\u1ebft l\u1eadp. Kh\u00e1c v\u1edbi m\u00e1y l\u00e0m m\u00f3c treo h\u00e0n, hai \u0111\u1ea7u t\u1ea1o h\u00ecnh c\u1ea7n \u0111\u01b0\u1ee3c h\u00e0n l\u1ea1i v\u1edbi nhau.<\/p>    <h2 class=\"wp-block-heading\" id=\"h-wire-hanger-machine-parameters\">Th\u00f4ng s\u1ed1 m\u00e1y l\u00e0m m\u00f3c treo d\u00e2y m\u1ea1 k\u1ebdm<\/h2>    <figure class=\"wp-block-image size-full\"><img loading=\"lazy\" decoding=\"async\" width=\"720\" height=\"540\" src=\"https:\/\/hangermachinery.com\/wp-content\/uploads\/2022\/07\/Galvanized-wire-hanger-machine-1.webp\" alt=\"M\u00e1y l\u00e0m m\u00f3c treo d\u00e2y m\u1ea1 k\u1ebdm\" class=\"wp-image-323\" title=\"\" srcset=\"https:\/\/hangermachinery.com\/wp-content\/uploads\/2022\/07\/Galvanized-wire-hanger-machine-1.webp 720w, https:\/\/hangermachinery.com\/wp-content\/uploads\/2022\/07\/Galvanized-wire-hanger-machine-1-300x225.webp 300w\" sizes=\"auto, (max-width: 720px) 100vw, 720px\" \/><figcaption>M\u00e1y&amp;Nbsp;l\u00e0m&amp;Nbsp;m\u00f3c&amp;Nbsp;treo&amp;Nbsp;d\u00e2y&amp;Nbsp;th\u00e9p&amp;Nbsp;m\u1ea1&amp;Nbsp;k\u1ebdm<\/figcaption><\/figure>    <p>C\u00f4ng su\u1ea5t: 1.5kw<\/p>    <p>c\u00f4ng su\u1ea5t: 30C\u00c1I\/ph\u00fat<\/p>    <p>\u0111\u01b0\u1eddng k\u00ednh: 1.8-3mm<\/p>    <p>k\u00edch th\u01b0\u1edbc: 850*1500*1800mm<\/p>    <p>tr\u1ecdng l\u01b0\u1ee3ng: 700KG<\/p>    <h2 class=\"wp-block-heading\" id=\"h-advantages-of-hanger-hook-forming-machine\">\u01afu \u0111i\u1ec3m c\u1ee7a m\u00e1y t\u1ea1o m\u00f3c treo m\u00f3c <\/h2>    <figure class=\"wp-block-image size-full\"><img loading=\"lazy\" decoding=\"async\" width=\"720\" height=\"540\" src=\"https:\/\/hangermachinery.com\/wp-content\/uploads\/2022\/07\/wire-hanger-machine.webp\" alt=\"\u00a0m\u00e1y l\u00e0m m\u00f3c treo d\u00e2y th\u00e9p\" class=\"wp-image-324\" title=\"\" srcset=\"https:\/\/hangermachinery.com\/wp-content\/uploads\/2022\/07\/wire-hanger-machine.webp 720w, https:\/\/hangermachinery.com\/wp-content\/uploads\/2022\/07\/wire-hanger-machine-300x225.webp 300w\" sizes=\"auto, (max-width: 720px) 100vw, 720px\" \/><figcaption>&amp;Nbsp;M\u00e1y&amp;Nbsp;l\u00e0m&amp;Nbsp;m\u00f3c&amp;Nbsp;treo&amp;Nbsp;d\u00e2y&amp;Nbsp;th\u00e9p<\/figcaption><\/figure>    <p>N\u0103ng su\u1ea5t cao, c\u00f3 th\u1ec3 s\u1ea3n xu\u1ea5t 30-40 m\u00f3c treo m\u1ed7i ph\u00fat.<\/p>    <p>H\u1ec7 th\u1ed1ng \u0111i\u1ec1u khi\u1ec3n m\u00e0n h\u00ecnh c\u1ea3m \u1ee9ng, s\u1ea3n xu\u1ea5t \u0111\u01a1n gi\u1ea3n v\u00e0 nhanh ch\u00f3ng, thu\u1eadn ti\u1ec7n<\/p>    <p>M\u00e1y s\u1ea3n xu\u1ea5t t\u1ef1 \u0111\u1ed9ng, ch\u1ec9 c\u1ea7n b\u1eadt m\u00e1y, d\u00e2y m\u1ea1 k\u1ebdm s\u1ebd t\u1ef1 \u0111\u1ed9ng u\u1ed1n th\u00e0nh h\u00ecnh m\u00f3c treo<\/p>    <h2 class=\"wp-block-heading\" id=\"h-why-choose-shuliy-s-hanger-machine\">T\u1ea1i sao ch\u1ecdn m\u00e1y l\u00e0m m\u00f3c treo c\u1ee7a Shuliy<\/h2>    <figure class=\"wp-block-image size-full\"><img loading=\"lazy\" decoding=\"async\" width=\"720\" height=\"540\" src=\"https:\/\/hangermachinery.com\/wp-content\/uploads\/2022\/07\/hanger-1-1.webp\" alt=\"m\u00f3c \u00e1o \" class=\"wp-image-477\" title=\"\" srcset=\"https:\/\/hangermachinery.com\/wp-content\/uploads\/2022\/07\/hanger-1-1.webp 720w, https:\/\/hangermachinery.com\/wp-content\/uploads\/2022\/07\/hanger-1-1-300x225.webp 300w\" sizes=\"auto, (max-width: 720px) 100vw, 720px\" \/><figcaption>M\u00f3c treo <\/figcaption><\/figure>    <ul class=\"wp-block-list\"><li>Nhi\u1ec1u n\u0103m kinh nghi\u1ec7m s\u1ea3n xu\u1ea5t m\u00e1y m\u00f3c l\u00e0m m\u00f3c treo, v\u1edbi c\u00f4ng ngh\u1ec7 s\u1ea3n xu\u1ea5t ti\u00ean ti\u1ebfn<\/li><\/ul>    <ul class=\"wp-block-list\"><li>C\u00f3 th\u1ec3 thi\u1ebft k\u1ebf ph\u01b0\u01a1ng \u00e1n s\u1ea3n xu\u1ea5t m\u1ed9t-m\u1ed9t cho kh\u00e1ch h\u00e0ng<\/li><\/ul>    <ul class=\"wp-block-list\"><li>C\u00f3 th\u1ec3 t\u00f9y ch\u1ec9nh m\u00e1y v\u00e0 hi\u1ec7n th\u1ef1c h\u00f3a c\u00e1c ch\u1ee9c n\u0103ng s\u1ea3n xu\u1ea5t<\/li><\/ul>    <ul class=\"wp-block-list\"><li>D\u1ecbch v\u1ee5 h\u1eadu m\u00e3i t\u1eadn t\u00ecnh, n\u1ebfu b\u1ea1n kh\u00f4ng v\u1eadn h\u00e0nh \u0111\u01b0\u1ee3c trong qu\u00e1 tr\u00ecnh s\u1eed d\u1ee5ng, nh\u00e2n vi\u00ean b\u00e1n h\u00e0ng c\u00f3 th\u1ec3 h\u01b0\u1edbng d\u1eabn b\u1ea1n qua video                    <\/li><\/ul>","protected":false},"excerpt":{"rendered":"<p>M\u00e1y l\u00e0m m\u00f3c treo d\u00e2y m\u1ea1 k\u1ebdm l\u00e0 thi\u1ebft b\u1ecb s\u1eed d\u1ee5ng d\u00e2y m\u1ea1 k\u1ebdm \u0111\u01b0\u1ee3c x\u1eed l\u00fd b\u1edfi m\u00e1y t\u1ea1o h\u00ecnh m\u00f3c treo \u0111\u1ec3 t\u1ea1o th\u00e0nh m\u00f3c treo. <\/p>","protected":false},"author":1,"featured_media":314,"parent":0,"template":"","tags":[29,31],"product-type":[11,15],"class_list":["post-97","product","type-product","status-publish","has-post-thumbnail","hentry","tag-hanger","tag-wire-hanger-machine","product-type-product","product-type-galvanized-wire-hanger-machine"],"_links":{"self":[{"href":"https:\/\/hangermachinery.com\/vi\/wp-json\/wp\/v2\/product\/97","targetHints":{"allow":["GET"]}}],"collection":[{"href":"https:\/\/hangermachinery.com\/vi\/wp-json\/wp\/v2\/product"}],"about":[{"href":"https:\/\/hangermachinery.com\/vi\/wp-json\/wp\/v2\/types\/product"}],"author":[{"embeddable":true,"href":"https:\/\/hangermachinery.com\/vi\/wp-json\/wp\/v2\/users\/1"}],"wp:featuredmedia":[{"embeddable":true,"href":"https:\/\/hangermachinery.com\/vi\/wp-json\/wp\/v2\/media\/314"}],"wp:attachment":[{"href":"https:\/\/hangermachinery.com\/vi\/wp-json\/wp\/v2\/media?parent=97"}],"wp:term":[{"taxonomy":"post_tag","embeddable":true,"href":"https:\/\/hangermachinery.com\/vi\/wp-json\/wp\/v2\/tags?post=97"},{"taxonomy":"product-type","embeddable":true,"href":"https:\/\/hangermachinery.com\/vi\/wp-json\/wp\/v2\/product-type?post=97"}],"curies":[{"name":"wp","href":"https:\/\/api.w.org\/{rel}","templated":true}]}}